{"id":1003781,"date":"2022-08-16T10:41:14","date_gmt":"2022-08-16T10:41:14","guid":{"rendered":"https:\/\/www.laorotava.es\/turismo\/?page_id=1003781"},"modified":"2022-08-17T11:17:44","modified_gmt":"2022-08-17T11:17:44","slug":"36-casa-torre-hermosa","status":"publish","type":"page","link":"https:\/\/www.laorotava.es\/turismo\/36-casa-torre-hermosa\/","title":{"rendered":"36. Casa Torre Hermosa"},"content":{"rendered":"\t\t<div data-elementor-type=\"wp-page\" data-elementor-id=\"1003781\" class=\"elementor elementor-1003781\">\n\t\t\t\t\t\t<section class=\"elementor-section elementor-top-section elementor-element elementor-element-c873e82 elementor-section-stretched elementor-section-boxed elementor-section-height-default elementor-section-height-default wpr-particle-no wpr-jarallax-no wpr-parallax-no wpr-sticky-section-no\" data-id=\"c873e82\" data-element_type=\"section\" data-e-type=\"section\" data-settings=\"{&quot;stretch_section&quot;:&quot;section-stretched&quot;}\">\n\t\t\t\t\t\t<div class=\"elementor-container elementor-column-gap-default\">\n\t\t\t\t\t<div class=\"elementor-column elementor-col-100 elementor-top-column elementor-element elementor-element-911c253\" data-id=\"911c253\" data-element_type=\"column\" data-e-type=\"column\">\n\t\t\t<div class=\"elementor-widget-wrap elementor-element-populated\">\n\t\t\t\t\t\t<div class=\"elementor-element elementor-element-33f36004 elementor-widget elementor-widget-heading\" data-id=\"33f36004\" data-element_type=\"widget\" data-e-type=\"widget\" data-widget_type=\"heading.default\">\n\t\t\t\t<div class=\"elementor-widget-container\">\n\t\t\t\t\t<h2 class=\"elementor-heading-title elementor-size-small\">36. Casa Torre Hermosa\n<\/h2>\t\t\t\t<\/div>\n\t\t\t\t<\/div>\n\t\t\t\t<div class=\"elementor-element elementor-element-5afb53e8 elementor-widget-divider--view-line elementor-widget elementor-widget-divider\" data-id=\"5afb53e8\" data-element_type=\"widget\" data-e-type=\"widget\" data-widget_type=\"divider.default\">\n\t\t\t\t<div class=\"elementor-widget-container\">\n\t\t\t\t\t\t\t<div class=\"elementor-divider\">\n\t\t\t<span class=\"elementor-divider-separator\">\n\t\t\t\t\t\t<\/span>\n\t\t<\/div>\n\t\t\t\t\t\t<\/div>\n\t\t\t\t<\/div>\n\t\t\t\t<div class=\"elementor-element elementor-element-49b34d4a elementor-widget elementor-widget-text-editor\" data-id=\"49b34d4a\" data-element_type=\"widget\" data-e-type=\"widget\" data-widget_type=\"text-editor.default\">\n\t\t\t\t<div class=\"elementor-widget-container\">\n\t\t\t\t\t\t\t\t\t<p><img decoding=\"async\" class=\"alignleft\" src=\"https:\/\/www.laorotava.es\/sites\/default\/files\/styles\/detalle_lugar\/public\/captura_de_pantalla_2017-07-20_a_las_11.05.06.png?itok=sA0jKaZW\" \/><span style=\"color: #444444;\">Inmueble de estilo tradicional y porte se\u00f1orial, hasta 1902 formaba conjunto con la edificaci\u00f3n colindante, la casa Mesa, conformando una de las edificaciones m\u00e1s antiguas de la localidad. Restaurada profundamente durante la d\u00e9cada de 1990, en la actualidad acoge la sede de la Empresa Insular de Artesan\u00eda, donde se exhiben y venden productos exclusivos de artesanos de Tenerife en sus diferentes disciplinas: joyas \u00fanicas artesanales de pleno siglo XXI con motivos tradicionales canarios, cer\u00e1mica, cester\u00eda, calados aut\u00e9nticos canarios, instrumentos musicales artesanales,&#8230;\u00a0<\/span><\/p>\t\t\t\t\t\t\t\t<\/div>\n\t\t\t\t<\/div>\n\t\t\t\t<div class=\"elementor-element elementor-element-27db5e8 gallery-spacing-custom elementor-widget elementor-widget-image-gallery\" data-id=\"27db5e8\" data-element_type=\"widget\" data-e-type=\"widget\" data-widget_type=\"image-gallery.default\">\n\t\t\t\t<div class=\"elementor-widget-container\">\n\t\t\t\t\t\t\t<div class=\"elementor-image-gallery\">\n\t\t\t<div id='gallery-1' class='gallery galleryid-1003781 gallery-columns-7 gallery-size-thumbnail'><figure class='gallery-item'>\n\t\t\t<div class='gallery-icon landscape'>\n\t\t\t\t<a data-elementor-open-lightbox=\"yes\" data-elementor-lightbox-slideshow=\"27db5e8\" data-elementor-lightbox-title=\"003.-min\" data-e-action-hash=\"#elementor-action%3Aaction%3Dlightbox%26settings%3DeyJpZCI6MTAwMzc4NSwidXJsIjoiaHR0cHM6XC9cL3d3dy5sYW9yb3RhdmEuZXNcL3R1cmlzbW9cL3dwLWNvbnRlbnRcL3VwbG9hZHNcLzIwMjJcLzA4XC8wMDMuLW1pbi0xLmpwZyIsInNsaWRlc2hvdyI6IjI3ZGI1ZTgifQ%3D%3D\" href='https:\/\/www.laorotava.es\/turismo\/wp-content\/uploads\/2022\/08\/003.-min-1.jpg'><img decoding=\"async\" width=\"150\" height=\"150\" src=\"https:\/\/www.laorotava.es\/turismo\/wp-content\/uploads\/2022\/08\/003.-min-1-150x150.jpg\" class=\"attachment-thumbnail size-thumbnail\" alt=\"\" srcset=\"https:\/\/www.laorotava.es\/turismo\/wp-content\/uploads\/2022\/08\/003.-min-1-150x150.jpg 150w, https:\/\/www.laorotava.es\/turismo\/wp-content\/uploads\/2022\/08\/003.-min-1-600x600.jpg 600w\" sizes=\"(max-width: 150px) 100vw, 150px\" \/><\/a>\n\t\t\t<\/div><\/figure><figure class='gallery-item'>\n\t\t\t<div class='gallery-icon landscape'>\n\t\t\t\t<a data-elementor-open-lightbox=\"yes\" data-elementor-lightbox-slideshow=\"27db5e8\" data-elementor-lightbox-title=\"Casa Torre Hermosa. (2)-min\" data-e-action-hash=\"#elementor-action%3Aaction%3Dlightbox%26settings%3DeyJpZCI6MTAwMzc4NywidXJsIjoiaHR0cHM6XC9cL3d3dy5sYW9yb3RhdmEuZXNcL3R1cmlzbW9cL3dwLWNvbnRlbnRcL3VwbG9hZHNcLzIwMjJcLzA4XC9DYXNhLVRvcnJlLUhlcm1vc2EuLTItbWluLXNjYWxlZC5qcGciLCJzbGlkZXNob3ciOiIyN2RiNWU4In0%3D\" href='https:\/\/www.laorotava.es\/turismo\/wp-content\/uploads\/2022\/08\/Casa-Torre-Hermosa.-2-min-scaled.jpg'><img decoding=\"async\" width=\"150\" height=\"150\" src=\"https:\/\/www.laorotava.es\/turismo\/wp-content\/uploads\/2022\/08\/Casa-Torre-Hermosa.-2-min-150x150.jpg\" class=\"attachment-thumbnail size-thumbnail\" alt=\"\" srcset=\"https:\/\/www.laorotava.es\/turismo\/wp-content\/uploads\/2022\/08\/Casa-Torre-Hermosa.-2-min-150x150.jpg 150w, https:\/\/www.laorotava.es\/turismo\/wp-content\/uploads\/2022\/08\/Casa-Torre-Hermosa.-2-min-600x600.jpg 600w\" sizes=\"(max-width: 150px) 100vw, 150px\" \/><\/a>\n\t\t\t<\/div><\/figure><figure class='gallery-item'>\n\t\t\t<div class='gallery-icon landscape'>\n\t\t\t\t<a data-elementor-open-lightbox=\"yes\" data-elementor-lightbox-slideshow=\"27db5e8\" data-elementor-lightbox-title=\"Casa Torre Hermosa.-min\" data-e-action-hash=\"#elementor-action%3Aaction%3Dlightbox%26settings%3DeyJpZCI6MTAwMzc4OSwidXJsIjoiaHR0cHM6XC9cL3d3dy5sYW9yb3RhdmEuZXNcL3R1cmlzbW9cL3dwLWNvbnRlbnRcL3VwbG9hZHNcLzIwMjJcLzA4XC9DYXNhLVRvcnJlLUhlcm1vc2EuLW1pbi5qcGciLCJzbGlkZXNob3ciOiIyN2RiNWU4In0%3D\" href='https:\/\/www.laorotava.es\/turismo\/wp-content\/uploads\/2022\/08\/Casa-Torre-Hermosa.-min.jpg'><img decoding=\"async\" width=\"150\" height=\"150\" src=\"https:\/\/www.laorotava.es\/turismo\/wp-content\/uploads\/2022\/08\/Casa-Torre-Hermosa.-min-150x150.jpg\" class=\"attachment-thumbnail size-thumbnail\" alt=\"\" srcset=\"https:\/\/www.laorotava.es\/turismo\/wp-content\/uploads\/2022\/08\/Casa-Torre-Hermosa.-min-150x150.jpg 150w, https:\/\/www.laorotava.es\/turismo\/wp-content\/uploads\/2022\/08\/Casa-Torre-Hermosa.-min-600x600.jpg 600w\" sizes=\"(max-width: 150px) 100vw, 150px\" \/><\/a>\n\t\t\t<\/div><\/figure><figure class='gallery-item'>\n\t\t\t<div class='gallery-icon landscape'>\n\t\t\t\t<a data-elementor-open-lightbox=\"yes\" data-elementor-lightbox-slideshow=\"27db5e8\" data-elementor-lightbox-title=\"001.-min\" data-e-action-hash=\"#elementor-action%3Aaction%3Dlightbox%26settings%3DeyJpZCI6MTAwMzc5MSwidXJsIjoiaHR0cHM6XC9cL3d3dy5sYW9yb3RhdmEuZXNcL3R1cmlzbW9cL3dwLWNvbnRlbnRcL3VwbG9hZHNcLzIwMjJcLzA4XC8wMDEuLW1pbi5qcGciLCJzbGlkZXNob3ciOiIyN2RiNWU4In0%3D\" href='https:\/\/www.laorotava.es\/turismo\/wp-content\/uploads\/2022\/08\/001.-min.jpg'><img loading=\"lazy\" decoding=\"async\" width=\"150\" height=\"150\" src=\"https:\/\/www.laorotava.es\/turismo\/wp-content\/uploads\/2022\/08\/001.-min-150x150.jpg\" class=\"attachment-thumbnail size-thumbnail\" alt=\"\" srcset=\"https:\/\/www.laorotava.es\/turismo\/wp-content\/uploads\/2022\/08\/001.-min-150x150.jpg 150w, https:\/\/www.laorotava.es\/turismo\/wp-content\/uploads\/2022\/08\/001.-min-600x600.jpg 600w\" sizes=\"(max-width: 150px) 100vw, 150px\" \/><\/a>\n\t\t\t<\/div><\/figure><figure class='gallery-item'>\n\t\t\t<div class='gallery-icon portrait'>\n\t\t\t\t<a data-elementor-open-lightbox=\"yes\" data-elementor-lightbox-slideshow=\"27db5e8\" data-elementor-lightbox-title=\"002.-min\" data-e-action-hash=\"#elementor-action%3Aaction%3Dlightbox%26settings%3DeyJpZCI6MTAwMzc5MywidXJsIjoiaHR0cHM6XC9cL3d3dy5sYW9yb3RhdmEuZXNcL3R1cmlzbW9cL3dwLWNvbnRlbnRcL3VwbG9hZHNcLzIwMjJcLzA4XC8wMDIuLW1pbi0xLmpwZyIsInNsaWRlc2hvdyI6IjI3ZGI1ZTgifQ%3D%3D\" href='https:\/\/www.laorotava.es\/turismo\/wp-content\/uploads\/2022\/08\/002.-min-1.jpg'><img loading=\"lazy\" decoding=\"async\" width=\"150\" height=\"150\" src=\"https:\/\/www.laorotava.es\/turismo\/wp-content\/uploads\/2022\/08\/002.-min-1-150x150.jpg\" class=\"attachment-thumbnail size-thumbnail\" alt=\"\" srcset=\"https:\/\/www.laorotava.es\/turismo\/wp-content\/uploads\/2022\/08\/002.-min-1-150x150.jpg 150w, https:\/\/www.laorotava.es\/turismo\/wp-content\/uploads\/2022\/08\/002.-min-1-600x600.jpg 600w\" sizes=\"(max-width: 150px) 100vw, 150px\" \/><\/a>\n\t\t\t<\/div><\/figure>\n\t\t<\/div>\n\t\t<\/div>\n\t\t\t\t\t\t<\/div>\n\t\t\t\t<\/div>\n\t\t\t\t<div class=\"elementor-element elementor-element-c8b78c0 elementor-widget elementor-widget-google_maps\" data-id=\"c8b78c0\" data-element_type=\"widget\" data-e-type=\"widget\" data-widget_type=\"google_maps.default\">\n\t\t\t\t<div class=\"elementor-widget-container\">\n\t\t\t\t\t\t\t<div class=\"elementor-custom-embed\">\n\t\t\t<iframe loading=\"lazy\"\n\t\t\t\t\tsrc=\"https:\/\/maps.google.com\/maps?q=casa%20torre%20hermosa&#038;t=m&#038;z=16&#038;output=embed&#038;iwloc=near\"\n\t\t\t\t\ttitle=\"casa torre hermosa\"\n\t\t\t\t\taria-label=\"casa torre hermosa\"\n\t\t\t><\/iframe>\n\t\t<\/div>\n\t\t\t\t\t\t<\/div>\n\t\t\t\t<\/div>\n\t\t\t\t\t<\/div>\n\t\t<\/div>\n\t\t\t\t\t<\/div>\n\t\t<\/section>\n\t\t\t\t<\/div>\n\t\t","protected":false},"excerpt":{"rendered":"<p>36. Casa Torre Hermosa Inmueble de estilo tradicional y porte se\u00f1orial, hasta 1902 formaba conjunto con la edificaci\u00f3n colindante, la casa Mesa, conformando una de las edificaciones m\u00e1s antiguas de la localidad. Restaurada profundamente durante la d\u00e9cada de 1990, en la actualidad acoge la sede de la Empresa Insular de Artesan\u00eda, donde se exhiben y venden productos exclusivos de artesanos de Tenerife en sus diferentes disciplinas: joyas \u00fanicas artesanales de pleno siglo XXI con motivos tradicionales canarios, cer\u00e1mica, cester\u00eda, calados aut\u00e9nticos canarios, instrumentos musicales artesanales,&#8230;\u00a0<\/p>\n","protected":false},"author":3,"featured_media":0,"parent":0,"menu_order":0,"comment_status":"closed","ping_status":"closed","template":"","meta":{"_acf_changed":false,"ocean_post_layout":"","ocean_both_sidebars_style":"","ocean_both_sidebars_content_width":0,"ocean_both_sidebars_sidebars_width":0,"ocean_sidebar":"0","ocean_second_sidebar":"0","ocean_disable_margins":"enable","ocean_add_body_class":"","ocean_shortcode_before_top_bar":"","ocean_shortcode_after_top_bar":"","ocean_shortcode_before_header":"","ocean_shortcode_after_header":"","ocean_has_shortcode":"","ocean_shortcode_after_title":"","ocean_shortcode_before_footer_widgets":"","ocean_shortcode_after_footer_widgets":"","ocean_shortcode_before_footer_bottom":"","ocean_shortcode_after_footer_bottom":"","ocean_display_top_bar":"default","ocean_display_header":"default","ocean_header_style":"","ocean_center_header_left_menu":"0","ocean_custom_header_template":"0","ocean_custom_logo":0,"ocean_custom_retina_logo":0,"ocean_custom_logo_max_width":0,"ocean_custom_logo_tablet_max_width":0,"ocean_custom_logo_mobile_max_width":0,"ocean_custom_logo_max_height":0,"ocean_custom_logo_tablet_max_height":0,"ocean_custom_logo_mobile_max_height":0,"ocean_header_custom_menu":"0","ocean_menu_typo_font_family":"0","ocean_menu_typo_font_subset":"","ocean_menu_typo_font_size":0,"ocean_menu_typo_font_size_tablet":0,"ocean_menu_typo_font_size_mobile":0,"ocean_menu_typo_font_size_unit":"px","ocean_menu_typo_font_weight":"","ocean_menu_typo_font_weight_tablet":"","ocean_menu_typo_font_weight_mobile":"","ocean_menu_typo_transform":"","ocean_menu_typo_transform_tablet":"","ocean_menu_typo_transform_mobile":"","ocean_menu_typo_line_height":0,"ocean_menu_typo_line_height_tablet":0,"ocean_menu_typo_line_height_mobile":0,"ocean_menu_typo_line_height_unit":"","ocean_menu_typo_spacing":0,"ocean_menu_typo_spacing_tablet":0,"ocean_menu_typo_spacing_mobile":0,"ocean_menu_typo_spacing_unit":"","ocean_menu_link_color":"","ocean_menu_link_color_hover":"","ocean_menu_link_color_active":"","ocean_menu_link_background":"","ocean_menu_link_hover_background":"","ocean_menu_link_active_background":"","ocean_menu_social_links_bg":"","ocean_menu_social_hover_links_bg":"","ocean_menu_social_links_color":"","ocean_menu_social_hover_links_color":"","ocean_disable_title":"default","ocean_disable_heading":"on","ocean_post_title":"","ocean_post_subheading":"","ocean_post_title_style":"","ocean_post_title_background_color":"","ocean_post_title_background":0,"ocean_post_title_bg_image_position":"","ocean_post_title_bg_image_attachment":"","ocean_post_title_bg_image_repeat":"","ocean_post_title_bg_image_size":"","ocean_post_title_height":0,"ocean_post_title_bg_overlay":0.5,"ocean_post_title_bg_overlay_color":"","ocean_disable_breadcrumbs":"default","ocean_breadcrumbs_color":"","ocean_breadcrumbs_separator_color":"","ocean_breadcrumbs_links_color":"","ocean_breadcrumbs_links_hover_color":"","ocean_display_footer_widgets":"default","ocean_display_footer_bottom":"default","ocean_custom_footer_template":"0","footnotes":""},"class_list":["post-1003781","page","type-page","status-publish","hentry","entry"],"acf":[],"yoast_head":"<!-- This site is optimized with the Yoast SEO plugin v27.2 - https:\/\/yoast.com\/product\/yoast-seo-wordpress\/ -->\n<title>36. Casa Torre Hermosa - Web de Turismo del Ayuntamiento de La Orotava<\/title>\n<meta name=\"robots\" content=\"index, follow, max-snippet:-1, max-image-preview:large, max-video-preview:-1\" \/>\n<link rel=\"canonical\" href=\"https:\/\/www.laorotava.es\/turismo\/36-casa-torre-hermosa\/\" \/>\n<meta property=\"og:locale\" content=\"es_ES\" \/>\n<meta property=\"og:type\" content=\"article\" \/>\n<meta property=\"og:title\" content=\"36. Casa Torre Hermosa - Web de Turismo del Ayuntamiento de La Orotava\" \/>\n<meta property=\"og:description\" content=\"36. Casa Torre Hermosa Inmueble de estilo tradicional y porte se\u00f1orial, hasta 1902 formaba conjunto con la edificaci\u00f3n colindante, la casa Mesa, conformando una de las edificaciones m\u00e1s antiguas de la localidad. Restaurada profundamente durante la d\u00e9cada de 1990, en la actualidad acoge la sede de la Empresa Insular de Artesan\u00eda, donde se exhiben y venden productos exclusivos de artesanos de Tenerife en sus diferentes disciplinas: joyas \u00fanicas artesanales de pleno siglo XXI con motivos tradicionales canarios, cer\u00e1mica, cester\u00eda, calados aut\u00e9nticos canarios, instrumentos musicales artesanales,&#8230;\u00a0\" \/>\n<meta property=\"og:url\" content=\"https:\/\/www.laorotava.es\/turismo\/36-casa-torre-hermosa\/\" \/>\n<meta property=\"og:site_name\" content=\"Web de Turismo del Ayuntamiento de La Orotava\" \/>\n<meta property=\"article:publisher\" content=\"https:\/\/www.facebook.com\/TurismoLaOrotava\/\" \/>\n<meta property=\"article:modified_time\" content=\"2022-08-17T11:17:44+00:00\" \/>\n<meta property=\"og:image\" content=\"https:\/\/www.laorotava.es\/sites\/default\/files\/styles\/detalle_lugar\/public\/captura_de_pantalla_2017-07-20_a_las_11.05.06.png?itok=sA0jKaZW\" \/>\n<meta name=\"twitter:card\" content=\"summary_large_image\" \/>\n<meta name=\"twitter:site\" content=\"@LaOrotava\" \/>\n<script type=\"application\/ld+json\" class=\"yoast-schema-graph\">{\"@context\":\"https:\/\/schema.org\",\"@graph\":[{\"@type\":\"WebPage\",\"@id\":\"https:\/\/www.laorotava.es\/turismo\/36-casa-torre-hermosa\/\",\"url\":\"https:\/\/www.laorotava.es\/turismo\/36-casa-torre-hermosa\/\",\"name\":\"36. Casa Torre Hermosa - Web de Turismo del Ayuntamiento de La Orotava\",\"isPartOf\":{\"@id\":\"https:\/\/www.laorotava.es\/turismo\/#website\"},\"primaryImageOfPage\":{\"@id\":\"https:\/\/www.laorotava.es\/turismo\/36-casa-torre-hermosa\/#primaryimage\"},\"image\":{\"@id\":\"https:\/\/www.laorotava.es\/turismo\/36-casa-torre-hermosa\/#primaryimage\"},\"thumbnailUrl\":\"https:\/\/www.laorotava.es\/sites\/default\/files\/styles\/detalle_lugar\/public\/captura_de_pantalla_2017-07-20_a_las_11.05.06.png?itok=sA0jKaZW\",\"datePublished\":\"2022-08-16T10:41:14+00:00\",\"dateModified\":\"2022-08-17T11:17:44+00:00\",\"breadcrumb\":{\"@id\":\"https:\/\/www.laorotava.es\/turismo\/36-casa-torre-hermosa\/#breadcrumb\"},\"inLanguage\":\"es\",\"potentialAction\":[{\"@type\":\"ReadAction\",\"target\":[\"https:\/\/www.laorotava.es\/turismo\/36-casa-torre-hermosa\/\"]}]},{\"@type\":\"ImageObject\",\"inLanguage\":\"es\",\"@id\":\"https:\/\/www.laorotava.es\/turismo\/36-casa-torre-hermosa\/#primaryimage\",\"url\":\"https:\/\/www.laorotava.es\/sites\/default\/files\/styles\/detalle_lugar\/public\/captura_de_pantalla_2017-07-20_a_las_11.05.06.png?itok=sA0jKaZW\",\"contentUrl\":\"https:\/\/www.laorotava.es\/sites\/default\/files\/styles\/detalle_lugar\/public\/captura_de_pantalla_2017-07-20_a_las_11.05.06.png?itok=sA0jKaZW\"},{\"@type\":\"BreadcrumbList\",\"@id\":\"https:\/\/www.laorotava.es\/turismo\/36-casa-torre-hermosa\/#breadcrumb\",\"itemListElement\":[{\"@type\":\"ListItem\",\"position\":1,\"name\":\"Portada\",\"item\":\"https:\/\/www.laorotava.es\/turismo\/\"},{\"@type\":\"ListItem\",\"position\":2,\"name\":\"36. Casa Torre Hermosa\"}]},{\"@type\":\"WebSite\",\"@id\":\"https:\/\/www.laorotava.es\/turismo\/#website\",\"url\":\"https:\/\/www.laorotava.es\/turismo\/\",\"name\":\"Web de Turismo del Ayuntamiento de La Orotava\",\"description\":\"\",\"publisher\":{\"@id\":\"https:\/\/www.laorotava.es\/turismo\/#organization\"},\"potentialAction\":[{\"@type\":\"SearchAction\",\"target\":{\"@type\":\"EntryPoint\",\"urlTemplate\":\"https:\/\/www.laorotava.es\/turismo\/?s={search_term_string}\"},\"query-input\":{\"@type\":\"PropertyValueSpecification\",\"valueRequired\":true,\"valueName\":\"search_term_string\"}}],\"inLanguage\":\"es\"},{\"@type\":\"Organization\",\"@id\":\"https:\/\/www.laorotava.es\/turismo\/#organization\",\"name\":\"Ayuntamiento de La Orotava\",\"url\":\"https:\/\/www.laorotava.es\/turismo\/\",\"logo\":{\"@type\":\"ImageObject\",\"inLanguage\":\"es\",\"@id\":\"https:\/\/www.laorotava.es\/turismo\/#\/schema\/logo\/image\/\",\"url\":\"https:\/\/www.laorotava.es\/turismo\/wp-content\/uploads\/2022\/08\/logo.png\",\"contentUrl\":\"https:\/\/www.laorotava.es\/turismo\/wp-content\/uploads\/2022\/08\/logo.png\",\"width\":1195,\"height\":180,\"caption\":\"Ayuntamiento de La Orotava\"},\"image\":{\"@id\":\"https:\/\/www.laorotava.es\/turismo\/#\/schema\/logo\/image\/\"},\"sameAs\":[\"https:\/\/www.facebook.com\/TurismoLaOrotava\/\",\"https:\/\/x.com\/LaOrotava\"]}]}<\/script>\n<!-- \/ Yoast SEO plugin. -->","yoast_head_json":{"title":"36. Casa Torre Hermosa - Web de Turismo del Ayuntamiento de La Orotava","robots":{"index":"index","follow":"follow","max-snippet":"max-snippet:-1","max-image-preview":"max-image-preview:large","max-video-preview":"max-video-preview:-1"},"canonical":"https:\/\/www.laorotava.es\/turismo\/36-casa-torre-hermosa\/","og_locale":"es_ES","og_type":"article","og_title":"36. Casa Torre Hermosa - Web de Turismo del Ayuntamiento de La Orotava","og_description":"36. Casa Torre Hermosa Inmueble de estilo tradicional y porte se\u00f1orial, hasta 1902 formaba conjunto con la edificaci\u00f3n colindante, la casa Mesa, conformando una de las edificaciones m\u00e1s antiguas de la localidad. Restaurada profundamente durante la d\u00e9cada de 1990, en la actualidad acoge la sede de la Empresa Insular de Artesan\u00eda, donde se exhiben y venden productos exclusivos de artesanos de Tenerife en sus diferentes disciplinas: joyas \u00fanicas artesanales de pleno siglo XXI con motivos tradicionales canarios, cer\u00e1mica, cester\u00eda, calados aut\u00e9nticos canarios, instrumentos musicales artesanales,&#8230;\u00a0","og_url":"https:\/\/www.laorotava.es\/turismo\/36-casa-torre-hermosa\/","og_site_name":"Web de Turismo del Ayuntamiento de La Orotava","article_publisher":"https:\/\/www.facebook.com\/TurismoLaOrotava\/","article_modified_time":"2022-08-17T11:17:44+00:00","og_image":[{"url":"https:\/\/www.laorotava.es\/sites\/default\/files\/styles\/detalle_lugar\/public\/captura_de_pantalla_2017-07-20_a_las_11.05.06.png?itok=sA0jKaZW","type":"","width":"","height":""}],"twitter_card":"summary_large_image","twitter_site":"@LaOrotava","schema":{"@context":"https:\/\/schema.org","@graph":[{"@type":"WebPage","@id":"https:\/\/www.laorotava.es\/turismo\/36-casa-torre-hermosa\/","url":"https:\/\/www.laorotava.es\/turismo\/36-casa-torre-hermosa\/","name":"36. Casa Torre Hermosa - Web de Turismo del Ayuntamiento de La Orotava","isPartOf":{"@id":"https:\/\/www.laorotava.es\/turismo\/#website"},"primaryImageOfPage":{"@id":"https:\/\/www.laorotava.es\/turismo\/36-casa-torre-hermosa\/#primaryimage"},"image":{"@id":"https:\/\/www.laorotava.es\/turismo\/36-casa-torre-hermosa\/#primaryimage"},"thumbnailUrl":"https:\/\/www.laorotava.es\/sites\/default\/files\/styles\/detalle_lugar\/public\/captura_de_pantalla_2017-07-20_a_las_11.05.06.png?itok=sA0jKaZW","datePublished":"2022-08-16T10:41:14+00:00","dateModified":"2022-08-17T11:17:44+00:00","breadcrumb":{"@id":"https:\/\/www.laorotava.es\/turismo\/36-casa-torre-hermosa\/#breadcrumb"},"inLanguage":"es","potentialAction":[{"@type":"ReadAction","target":["https:\/\/www.laorotava.es\/turismo\/36-casa-torre-hermosa\/"]}]},{"@type":"ImageObject","inLanguage":"es","@id":"https:\/\/www.laorotava.es\/turismo\/36-casa-torre-hermosa\/#primaryimage","url":"https:\/\/www.laorotava.es\/sites\/default\/files\/styles\/detalle_lugar\/public\/captura_de_pantalla_2017-07-20_a_las_11.05.06.png?itok=sA0jKaZW","contentUrl":"https:\/\/www.laorotava.es\/sites\/default\/files\/styles\/detalle_lugar\/public\/captura_de_pantalla_2017-07-20_a_las_11.05.06.png?itok=sA0jKaZW"},{"@type":"BreadcrumbList","@id":"https:\/\/www.laorotava.es\/turismo\/36-casa-torre-hermosa\/#breadcrumb","itemListElement":[{"@type":"ListItem","position":1,"name":"Portada","item":"https:\/\/www.laorotava.es\/turismo\/"},{"@type":"ListItem","position":2,"name":"36. Casa Torre Hermosa"}]},{"@type":"WebSite","@id":"https:\/\/www.laorotava.es\/turismo\/#website","url":"https:\/\/www.laorotava.es\/turismo\/","name":"Web de Turismo del Ayuntamiento de La Orotava","description":"","publisher":{"@id":"https:\/\/www.laorotava.es\/turismo\/#organization"},"potentialAction":[{"@type":"SearchAction","target":{"@type":"EntryPoint","urlTemplate":"https:\/\/www.laorotava.es\/turismo\/?s={search_term_string}"},"query-input":{"@type":"PropertyValueSpecification","valueRequired":true,"valueName":"search_term_string"}}],"inLanguage":"es"},{"@type":"Organization","@id":"https:\/\/www.laorotava.es\/turismo\/#organization","name":"Ayuntamiento de La Orotava","url":"https:\/\/www.laorotava.es\/turismo\/","logo":{"@type":"ImageObject","inLanguage":"es","@id":"https:\/\/www.laorotava.es\/turismo\/#\/schema\/logo\/image\/","url":"https:\/\/www.laorotava.es\/turismo\/wp-content\/uploads\/2022\/08\/logo.png","contentUrl":"https:\/\/www.laorotava.es\/turismo\/wp-content\/uploads\/2022\/08\/logo.png","width":1195,"height":180,"caption":"Ayuntamiento de La Orotava"},"image":{"@id":"https:\/\/www.laorotava.es\/turismo\/#\/schema\/logo\/image\/"},"sameAs":["https:\/\/www.facebook.com\/TurismoLaOrotava\/","https:\/\/x.com\/LaOrotava"]}]}},"_links":{"self":[{"href":"https:\/\/www.laorotava.es\/turismo\/wp-json\/wp\/v2\/pages\/1003781","targetHints":{"allow":["GET"]}}],"collection":[{"href":"https:\/\/www.laorotava.es\/turismo\/wp-json\/wp\/v2\/pages"}],"about":[{"href":"https:\/\/www.laorotava.es\/turismo\/wp-json\/wp\/v2\/types\/page"}],"author":[{"embeddable":true,"href":"https:\/\/www.laorotava.es\/turismo\/wp-json\/wp\/v2\/users\/3"}],"replies":[{"embeddable":true,"href":"https:\/\/www.laorotava.es\/turismo\/wp-json\/wp\/v2\/comments?post=1003781"}],"version-history":[{"count":0,"href":"https:\/\/www.laorotava.es\/turismo\/wp-json\/wp\/v2\/pages\/1003781\/revisions"}],"wp:attachment":[{"href":"https:\/\/www.laorotava.es\/turismo\/wp-json\/wp\/v2\/media?parent=1003781"}],"curies":[{"name":"wp","href":"https:\/\/api.w.org\/{rel}","templated":true}]}}