{"id":1003975,"date":"2022-08-16T11:38:48","date_gmt":"2022-08-16T11:38:48","guid":{"rendered":"https:\/\/www.laorotava.es\/turismo\/?page_id=1003975"},"modified":"2023-05-23T10:05:56","modified_gmt":"2023-05-23T10:05:56","slug":"iglesia-san-agustin","status":"publish","type":"page","link":"https:\/\/www.laorotava.es\/turismo\/iglesia-san-agustin\/","title":{"rendered":"Iglesia San Agust\u00edn"},"content":{"rendered":"\t\t<div data-elementor-type=\"wp-page\" data-elementor-id=\"1003975\" class=\"elementor elementor-1003975\">\n\t\t\t\t\t\t<section class=\"elementor-section elementor-top-section elementor-element elementor-element-1b058b6d elementor-section-stretched elementor-section-boxed elementor-section-height-default elementor-section-height-default wpr-particle-no wpr-jarallax-no wpr-parallax-no wpr-sticky-section-no\" data-id=\"1b058b6d\" data-element_type=\"section\" data-e-type=\"section\" data-settings=\"{&quot;stretch_section&quot;:&quot;section-stretched&quot;}\">\n\t\t\t\t\t\t<div class=\"elementor-container elementor-column-gap-default\">\n\t\t\t\t\t<div class=\"elementor-column elementor-col-100 elementor-top-column elementor-element elementor-element-54014cb4\" data-id=\"54014cb4\" data-element_type=\"column\" data-e-type=\"column\">\n\t\t\t<div class=\"elementor-widget-wrap elementor-element-populated\">\n\t\t\t\t\t\t<div class=\"elementor-element elementor-element-15b5ee1f elementor-widget elementor-widget-heading\" data-id=\"15b5ee1f\" data-element_type=\"widget\" data-e-type=\"widget\" data-widget_type=\"heading.default\">\n\t\t\t\t<div class=\"elementor-widget-container\">\n\t\t\t\t\t<h2 class=\"elementor-heading-title elementor-size-small\">Iglesia San Agust\u00edn<\/h2>\t\t\t\t<\/div>\n\t\t\t\t<\/div>\n\t\t\t\t<div class=\"elementor-element elementor-element-245e2cb5 elementor-widget-divider--view-line elementor-widget elementor-widget-divider\" data-id=\"245e2cb5\" data-element_type=\"widget\" data-e-type=\"widget\" data-widget_type=\"divider.default\">\n\t\t\t\t<div class=\"elementor-widget-container\">\n\t\t\t\t\t\t\t<div class=\"elementor-divider\">\n\t\t\t<span class=\"elementor-divider-separator\">\n\t\t\t\t\t\t<\/span>\n\t\t<\/div>\n\t\t\t\t\t\t<\/div>\n\t\t\t\t<\/div>\n\t\t\t\t<div class=\"elementor-element elementor-element-26ef6266 elementor-widget elementor-widget-text-editor\" data-id=\"26ef6266\" data-element_type=\"widget\" data-e-type=\"widget\" data-widget_type=\"text-editor.default\">\n\t\t\t\t<div class=\"elementor-widget-container\">\n\t\t\t\t\t\t\t\t\t<img fetchpriority=\"high\" decoding=\"async\" class=\"alignleft\" width=\"423\" height=\"260\" src=\"https:\/\/www.laorotava.es\/turismo\/wp-content\/uploads\/2016\/12\/san_agustin.png\" \/>\n\n<span style=\"color: #444444;\">En 1671 se iniciaron las obras y fueron dirigidas por Francisco Ben\u00edtez Pereira de Lugo y al fallecer aqu\u00e9l, se encargaron los hermanos Grimaldi Rizzo, siendo finalizadas las obras en torno a 1694. Destaca la Capilla Mayor presidida por la imagen de Nuestra Se\u00f1ora de Gracia de Manuel Pereira, de origen portugu\u00e9s (Siglo XVII). Adem\u00e1s contiene esculturas muy importantes como son: Santa M\u00f3nica de Fern\u00e1ndez Est\u00e9vez. El Se\u00f1or de la Humildad y Paciencia; el Se\u00f1or del Perd\u00f3n y La Virgen del Carmen. El Convento fue expropiado a los monjes agustinos por la hacienda militar en el siglo XIX para usarlo como cuartel de infanter\u00eda. En 1976 lo adquiri\u00f3 el Ayuntamiento que lo ha reconvertido en la Casa de la Cultura de San Agust\u00edn, albergando entre otros usos la escuela de Dibujo y Pintura municipal, la escuela de M\u00fasica y la escuela de Folclore.<\/span>\n\n<span style=\"color: #444444;\">&#8211; Descripci\u00f3n:<\/span>\n\n<span style=\"color: #444444;\">En el exterior, en el lado norte hay cuatro arcos de medio punto, tres de ellos ciegos y s\u00f3lo uno que conserva la puerta original que estaba al mismo nivel de la planta de la Iglesia. \u00c9sta consta de tres naves, la central ligeramente m\u00e1s elevada, a pesar de su apariencia c\u00fabica en el exterior siendo cubierta con artesonados mud\u00e9jares. Los capiteles de las columnas est\u00e1n adornadas con motivos de hoja de palma. De la fachada del templo, destaca su portada central de dos cuerpos, realizada en piedra, siguiendo un esquema clasicista y aprovechando los recursos barrocos, como es el caso del quiebro del front\u00f3n que act\u00faa como remate de la misma. La portada del convento, que se revela como el elemento de inter\u00e9s patrimonial en la edificaci\u00f3n, tiene tres alturas y se ejecut\u00f3 en piedra molinera. Su composici\u00f3n arranca con el arco de medio punto que se\u00f1ala el acceso al recinto cultural y culmina con la t\u00edpica espada\u00f1a campanario de estilo barroco, semejante a la que se encontraba en el desaparecido convento de San Nicol\u00e1s. En el nivel intermedio, se sit\u00faan una serie de relieves de temas marianos realizados en m\u00e1rmol blanco e incrustados a ambos lados de una t\u00edpica ventana de trazado tradicional sobre la que se encuentra el emblema de la orden agustina.<\/span>\t\t\t\t\t\t\t\t<\/div>\n\t\t\t\t<\/div>\n\t\t\t\t<div class=\"elementor-element elementor-element-233917e elementor-widget elementor-widget-google_maps\" data-id=\"233917e\" data-element_type=\"widget\" data-e-type=\"widget\" data-widget_type=\"google_maps.default\">\n\t\t\t\t<div class=\"elementor-widget-container\">\n\t\t\t\t\t\t\t<div class=\"elementor-custom-embed\">\n\t\t\t<iframe loading=\"lazy\"\n\t\t\t\t\tsrc=\"https:\/\/maps.google.com\/maps?q=iglesia%20san%20agustin%20la%20orotava&#038;t=m&#038;z=16&#038;output=embed&#038;iwloc=near\"\n\t\t\t\t\ttitle=\"iglesia san agustin la orotava\"\n\t\t\t\t\taria-label=\"iglesia san agustin la orotava\"\n\t\t\t><\/iframe>\n\t\t<\/div>\n\t\t\t\t\t\t<\/div>\n\t\t\t\t<\/div>\n\t\t\t\t\t<\/div>\n\t\t<\/div>\n\t\t\t\t\t<\/div>\n\t\t<\/section>\n\t\t\t\t<\/div>\n\t\t","protected":false},"excerpt":{"rendered":"<p>Iglesia San Agust\u00edn En 1671 se iniciaron las obras y fueron dirigidas por Francisco Ben\u00edtez Pereira de Lugo y al fallecer aqu\u00e9l, se encargaron los hermanos Grimaldi Rizzo, siendo finalizadas las obras en torno a 1694. Destaca la Capilla Mayor presidida por la imagen de Nuestra Se\u00f1ora de Gracia de Manuel Pereira, de origen portugu\u00e9s (Siglo XVII). Adem\u00e1s contiene esculturas muy importantes como son: Santa M\u00f3nica de Fern\u00e1ndez Est\u00e9vez. El Se\u00f1or de la Humildad y Paciencia; el Se\u00f1or del Perd\u00f3n y La Virgen del Carmen. El Convento fue expropiado a los monjes agustinos por la hacienda militar en el siglo XIX para usarlo como cuartel de infanter\u00eda. En 1976 lo adquiri\u00f3 el Ayuntamiento que lo ha reconvertido en la Casa de la Cultura de San Agust\u00edn, albergando entre otros usos la escuela de Dibujo y Pintura municipal, la escuela de M\u00fasica y la escuela de Folclore. &#8211; Descripci\u00f3n: En el exterior, en el lado norte hay cuatro arcos de medio punto, tres de ellos ciegos y s\u00f3lo uno que conserva la puerta original que estaba al mismo nivel de la planta de la Iglesia. \u00c9sta consta de tres naves, la central ligeramente m\u00e1s elevada, a pesar de su apariencia c\u00fabica en el exterior siendo cubierta con artesonados mud\u00e9jares. Los capiteles de las columnas est\u00e1n adornadas con motivos de hoja de palma. De la fachada del templo, destaca su portada central de dos cuerpos, realizada en piedra, siguiendo un esquema clasicista y aprovechando los recursos barrocos, como es el caso del quiebro del front\u00f3n que act\u00faa como remate de la misma. La portada del convento, que se revela como el elemento de inter\u00e9s patrimonial en la edificaci\u00f3n, tiene tres alturas y se ejecut\u00f3 en piedra molinera. Su composici\u00f3n arranca con el arco de medio punto que se\u00f1ala el acceso al recinto cultural y culmina con la t\u00edpica espada\u00f1a campanario de estilo barroco, semejante a la que se encontraba en el desaparecido convento de San Nicol\u00e1s. En el nivel intermedio, se sit\u00faan una serie de relieves de temas marianos realizados en m\u00e1rmol blanco e incrustados a ambos lados de una t\u00edpica ventana de trazado tradicional sobre la que se encuentra el emblema de la orden agustina.<\/p>\n","protected":false},"author":3,"featured_media":0,"parent":0,"menu_order":0,"comment_status":"closed","ping_status":"closed","template":"","meta":{"_acf_changed":false,"ocean_post_layout":"","ocean_both_sidebars_style":"","ocean_both_sidebars_content_width":0,"ocean_both_sidebars_sidebars_width":0,"ocean_sidebar":"0","ocean_second_sidebar":"0","ocean_disable_margins":"enable","ocean_add_body_class":"","ocean_shortcode_before_top_bar":"","ocean_shortcode_after_top_bar":"","ocean_shortcode_before_header":"","ocean_shortcode_after_header":"","ocean_has_shortcode":"","ocean_shortcode_after_title":"","ocean_shortcode_before_footer_widgets":"","ocean_shortcode_after_footer_widgets":"","ocean_shortcode_before_footer_bottom":"","ocean_shortcode_after_footer_bottom":"","ocean_display_top_bar":"default","ocean_display_header":"default","ocean_header_style":"","ocean_center_header_left_menu":"0","ocean_custom_header_template":"0","ocean_custom_logo":0,"ocean_custom_retina_logo":0,"ocean_custom_logo_max_width":0,"ocean_custom_logo_tablet_max_width":0,"ocean_custom_logo_mobile_max_width":0,"ocean_custom_logo_max_height":0,"ocean_custom_logo_tablet_max_height":0,"ocean_custom_logo_mobile_max_height":0,"ocean_header_custom_menu":"0","ocean_menu_typo_font_family":"0","ocean_menu_typo_font_subset":"","ocean_menu_typo_font_size":0,"ocean_menu_typo_font_size_tablet":0,"ocean_menu_typo_font_size_mobile":0,"ocean_menu_typo_font_size_unit":"px","ocean_menu_typo_font_weight":"","ocean_menu_typo_font_weight_tablet":"","ocean_menu_typo_font_weight_mobile":"","ocean_menu_typo_transform":"","ocean_menu_typo_transform_tablet":"","ocean_menu_typo_transform_mobile":"","ocean_menu_typo_line_height":0,"ocean_menu_typo_line_height_tablet":0,"ocean_menu_typo_line_height_mobile":0,"ocean_menu_typo_line_height_unit":"","ocean_menu_typo_spacing":0,"ocean_menu_typo_spacing_tablet":0,"ocean_menu_typo_spacing_mobile":0,"ocean_menu_typo_spacing_unit":"","ocean_menu_link_color":"","ocean_menu_link_color_hover":"","ocean_menu_link_color_active":"","ocean_menu_link_background":"","ocean_menu_link_hover_background":"","ocean_menu_link_active_background":"","ocean_menu_social_links_bg":"","ocean_menu_social_hover_links_bg":"","ocean_menu_social_links_color":"","ocean_menu_social_hover_links_color":"","ocean_disable_title":"default","ocean_disable_heading":"on","ocean_post_title":"","ocean_post_subheading":"","ocean_post_title_style":"","ocean_post_title_background_color":"","ocean_post_title_background":0,"ocean_post_title_bg_image_position":"","ocean_post_title_bg_image_attachment":"","ocean_post_title_bg_image_repeat":"","ocean_post_title_bg_image_size":"","ocean_post_title_height":0,"ocean_post_title_bg_overlay":0.5,"ocean_post_title_bg_overlay_color":"","ocean_disable_breadcrumbs":"default","ocean_breadcrumbs_color":"","ocean_breadcrumbs_separator_color":"","ocean_breadcrumbs_links_color":"","ocean_breadcrumbs_links_hover_color":"","ocean_display_footer_widgets":"default","ocean_display_footer_bottom":"default","ocean_custom_footer_template":"0","footnotes":""},"class_list":["post-1003975","page","type-page","status-publish","hentry","entry"],"acf":[],"yoast_head":"<!-- This site is optimized with the Yoast SEO plugin v27.2 - https:\/\/yoast.com\/product\/yoast-seo-wordpress\/ -->\n<title>Iglesia San Agust\u00edn - Web de Turismo del Ayuntamiento de La Orotava<\/title>\n<meta name=\"robots\" content=\"index, follow, max-snippet:-1, max-image-preview:large, max-video-preview:-1\" \/>\n<link rel=\"canonical\" href=\"https:\/\/www.laorotava.es\/turismo\/iglesia-san-agustin\/\" \/>\n<meta property=\"og:locale\" content=\"es_ES\" \/>\n<meta property=\"og:type\" content=\"article\" \/>\n<meta property=\"og:title\" content=\"Iglesia San Agust\u00edn - Web de Turismo del Ayuntamiento de La Orotava\" \/>\n<meta property=\"og:description\" content=\"Iglesia San Agust\u00edn En 1671 se iniciaron las obras y fueron dirigidas por Francisco Ben\u00edtez Pereira de Lugo y al fallecer aqu\u00e9l, se encargaron los hermanos Grimaldi Rizzo, siendo finalizadas las obras en torno a 1694. Destaca la Capilla Mayor presidida por la imagen de Nuestra Se\u00f1ora de Gracia de Manuel Pereira, de origen portugu\u00e9s (Siglo XVII). Adem\u00e1s contiene esculturas muy importantes como son: Santa M\u00f3nica de Fern\u00e1ndez Est\u00e9vez. El Se\u00f1or de la Humildad y Paciencia; el Se\u00f1or del Perd\u00f3n y La Virgen del Carmen. El Convento fue expropiado a los monjes agustinos por la hacienda militar en el siglo XIX para usarlo como cuartel de infanter\u00eda. En 1976 lo adquiri\u00f3 el Ayuntamiento que lo ha reconvertido en la Casa de la Cultura de San Agust\u00edn, albergando entre otros usos la escuela de Dibujo y Pintura municipal, la escuela de M\u00fasica y la escuela de Folclore. &#8211; Descripci\u00f3n: En el exterior, en el lado norte hay cuatro arcos de medio punto, tres de ellos ciegos y s\u00f3lo uno que conserva la puerta original que estaba al mismo nivel de la planta de la Iglesia. \u00c9sta consta de tres naves, la central ligeramente m\u00e1s elevada, a pesar de su apariencia c\u00fabica en el exterior siendo cubierta con artesonados mud\u00e9jares. Los capiteles de las columnas est\u00e1n adornadas con motivos de hoja de palma. De la fachada del templo, destaca su portada central de dos cuerpos, realizada en piedra, siguiendo un esquema clasicista y aprovechando los recursos barrocos, como es el caso del quiebro del front\u00f3n que act\u00faa como remate de la misma. La portada del convento, que se revela como el elemento de inter\u00e9s patrimonial en la edificaci\u00f3n, tiene tres alturas y se ejecut\u00f3 en piedra molinera. Su composici\u00f3n arranca con el arco de medio punto que se\u00f1ala el acceso al recinto cultural y culmina con la t\u00edpica espada\u00f1a campanario de estilo barroco, semejante a la que se encontraba en el desaparecido convento de San Nicol\u00e1s. En el nivel intermedio, se sit\u00faan una serie de relieves de temas marianos realizados en m\u00e1rmol blanco e incrustados a ambos lados de una t\u00edpica ventana de trazado tradicional sobre la que se encuentra el emblema de la orden agustina.\" \/>\n<meta property=\"og:url\" content=\"https:\/\/www.laorotava.es\/turismo\/iglesia-san-agustin\/\" \/>\n<meta property=\"og:site_name\" content=\"Web de Turismo del Ayuntamiento de La Orotava\" \/>\n<meta property=\"article:publisher\" content=\"https:\/\/www.facebook.com\/TurismoLaOrotava\/\" \/>\n<meta property=\"article:modified_time\" content=\"2023-05-23T10:05:56+00:00\" \/>\n<meta property=\"og:image\" content=\"https:\/\/www-pre.laorotava.es\/turismo\/wp-content\/uploads\/2016\/12\/san_agustin.png\" \/>\n<meta name=\"twitter:card\" content=\"summary_large_image\" \/>\n<meta name=\"twitter:site\" content=\"@LaOrotava\" \/>\n<meta name=\"twitter:label1\" content=\"Tiempo de lectura\" \/>\n\t<meta name=\"twitter:data1\" content=\"2 minutos\" \/>\n<script type=\"application\/ld+json\" class=\"yoast-schema-graph\">{\"@context\":\"https:\/\/schema.org\",\"@graph\":[{\"@type\":\"WebPage\",\"@id\":\"https:\/\/www.laorotava.es\/turismo\/iglesia-san-agustin\/\",\"url\":\"https:\/\/www.laorotava.es\/turismo\/iglesia-san-agustin\/\",\"name\":\"Iglesia San Agust\u00edn - Web de Turismo del Ayuntamiento de La Orotava\",\"isPartOf\":{\"@id\":\"https:\/\/www.laorotava.es\/turismo\/#website\"},\"primaryImageOfPage\":{\"@id\":\"https:\/\/www.laorotava.es\/turismo\/iglesia-san-agustin\/#primaryimage\"},\"image\":{\"@id\":\"https:\/\/www.laorotava.es\/turismo\/iglesia-san-agustin\/#primaryimage\"},\"thumbnailUrl\":\"https:\/\/www.laorotava.es\/turismo\/wp-content\/uploads\/2016\/12\/san_agustin.png\",\"datePublished\":\"2022-08-16T11:38:48+00:00\",\"dateModified\":\"2023-05-23T10:05:56+00:00\",\"breadcrumb\":{\"@id\":\"https:\/\/www.laorotava.es\/turismo\/iglesia-san-agustin\/#breadcrumb\"},\"inLanguage\":\"es\",\"potentialAction\":[{\"@type\":\"ReadAction\",\"target\":[\"https:\/\/www.laorotava.es\/turismo\/iglesia-san-agustin\/\"]}]},{\"@type\":\"ImageObject\",\"inLanguage\":\"es\",\"@id\":\"https:\/\/www.laorotava.es\/turismo\/iglesia-san-agustin\/#primaryimage\",\"url\":\"https:\/\/www.laorotava.es\/turismo\/wp-content\/uploads\/2016\/12\/san_agustin.png\",\"contentUrl\":\"https:\/\/www.laorotava.es\/turismo\/wp-content\/uploads\/2016\/12\/san_agustin.png\",\"width\":688,\"height\":543,\"caption\":\"san_agustin\"},{\"@type\":\"BreadcrumbList\",\"@id\":\"https:\/\/www.laorotava.es\/turismo\/iglesia-san-agustin\/#breadcrumb\",\"itemListElement\":[{\"@type\":\"ListItem\",\"position\":1,\"name\":\"Portada\",\"item\":\"https:\/\/www.laorotava.es\/turismo\/\"},{\"@type\":\"ListItem\",\"position\":2,\"name\":\"Iglesia San Agust\u00edn\"}]},{\"@type\":\"WebSite\",\"@id\":\"https:\/\/www.laorotava.es\/turismo\/#website\",\"url\":\"https:\/\/www.laorotava.es\/turismo\/\",\"name\":\"Web de Turismo del Ayuntamiento de La Orotava\",\"description\":\"\",\"publisher\":{\"@id\":\"https:\/\/www.laorotava.es\/turismo\/#organization\"},\"potentialAction\":[{\"@type\":\"SearchAction\",\"target\":{\"@type\":\"EntryPoint\",\"urlTemplate\":\"https:\/\/www.laorotava.es\/turismo\/?s={search_term_string}\"},\"query-input\":{\"@type\":\"PropertyValueSpecification\",\"valueRequired\":true,\"valueName\":\"search_term_string\"}}],\"inLanguage\":\"es\"},{\"@type\":\"Organization\",\"@id\":\"https:\/\/www.laorotava.es\/turismo\/#organization\",\"name\":\"Ayuntamiento de La Orotava\",\"url\":\"https:\/\/www.laorotava.es\/turismo\/\",\"logo\":{\"@type\":\"ImageObject\",\"inLanguage\":\"es\",\"@id\":\"https:\/\/www.laorotava.es\/turismo\/#\/schema\/logo\/image\/\",\"url\":\"https:\/\/www.laorotava.es\/turismo\/wp-content\/uploads\/2022\/08\/logo.png\",\"contentUrl\":\"https:\/\/www.laorotava.es\/turismo\/wp-content\/uploads\/2022\/08\/logo.png\",\"width\":1195,\"height\":180,\"caption\":\"Ayuntamiento de La Orotava\"},\"image\":{\"@id\":\"https:\/\/www.laorotava.es\/turismo\/#\/schema\/logo\/image\/\"},\"sameAs\":[\"https:\/\/www.facebook.com\/TurismoLaOrotava\/\",\"https:\/\/x.com\/LaOrotava\"]}]}<\/script>\n<!-- \/ Yoast SEO plugin. -->","yoast_head_json":{"title":"Iglesia San Agust\u00edn - Web de Turismo del Ayuntamiento de La Orotava","robots":{"index":"index","follow":"follow","max-snippet":"max-snippet:-1","max-image-preview":"max-image-preview:large","max-video-preview":"max-video-preview:-1"},"canonical":"https:\/\/www.laorotava.es\/turismo\/iglesia-san-agustin\/","og_locale":"es_ES","og_type":"article","og_title":"Iglesia San Agust\u00edn - Web de Turismo del Ayuntamiento de La Orotava","og_description":"Iglesia San Agust\u00edn En 1671 se iniciaron las obras y fueron dirigidas por Francisco Ben\u00edtez Pereira de Lugo y al fallecer aqu\u00e9l, se encargaron los hermanos Grimaldi Rizzo, siendo finalizadas las obras en torno a 1694. Destaca la Capilla Mayor presidida por la imagen de Nuestra Se\u00f1ora de Gracia de Manuel Pereira, de origen portugu\u00e9s (Siglo XVII). Adem\u00e1s contiene esculturas muy importantes como son: Santa M\u00f3nica de Fern\u00e1ndez Est\u00e9vez. El Se\u00f1or de la Humildad y Paciencia; el Se\u00f1or del Perd\u00f3n y La Virgen del Carmen. El Convento fue expropiado a los monjes agustinos por la hacienda militar en el siglo XIX para usarlo como cuartel de infanter\u00eda. En 1976 lo adquiri\u00f3 el Ayuntamiento que lo ha reconvertido en la Casa de la Cultura de San Agust\u00edn, albergando entre otros usos la escuela de Dibujo y Pintura municipal, la escuela de M\u00fasica y la escuela de Folclore. &#8211; Descripci\u00f3n: En el exterior, en el lado norte hay cuatro arcos de medio punto, tres de ellos ciegos y s\u00f3lo uno que conserva la puerta original que estaba al mismo nivel de la planta de la Iglesia. \u00c9sta consta de tres naves, la central ligeramente m\u00e1s elevada, a pesar de su apariencia c\u00fabica en el exterior siendo cubierta con artesonados mud\u00e9jares. Los capiteles de las columnas est\u00e1n adornadas con motivos de hoja de palma. De la fachada del templo, destaca su portada central de dos cuerpos, realizada en piedra, siguiendo un esquema clasicista y aprovechando los recursos barrocos, como es el caso del quiebro del front\u00f3n que act\u00faa como remate de la misma. La portada del convento, que se revela como el elemento de inter\u00e9s patrimonial en la edificaci\u00f3n, tiene tres alturas y se ejecut\u00f3 en piedra molinera. Su composici\u00f3n arranca con el arco de medio punto que se\u00f1ala el acceso al recinto cultural y culmina con la t\u00edpica espada\u00f1a campanario de estilo barroco, semejante a la que se encontraba en el desaparecido convento de San Nicol\u00e1s. En el nivel intermedio, se sit\u00faan una serie de relieves de temas marianos realizados en m\u00e1rmol blanco e incrustados a ambos lados de una t\u00edpica ventana de trazado tradicional sobre la que se encuentra el emblema de la orden agustina.","og_url":"https:\/\/www.laorotava.es\/turismo\/iglesia-san-agustin\/","og_site_name":"Web de Turismo del Ayuntamiento de La Orotava","article_publisher":"https:\/\/www.facebook.com\/TurismoLaOrotava\/","article_modified_time":"2023-05-23T10:05:56+00:00","og_image":[{"url":"https:\/\/www-pre.laorotava.es\/turismo\/wp-content\/uploads\/2016\/12\/san_agustin.png","type":"","width":"","height":""}],"twitter_card":"summary_large_image","twitter_site":"@LaOrotava","twitter_misc":{"Tiempo de lectura":"2 minutos"},"schema":{"@context":"https:\/\/schema.org","@graph":[{"@type":"WebPage","@id":"https:\/\/www.laorotava.es\/turismo\/iglesia-san-agustin\/","url":"https:\/\/www.laorotava.es\/turismo\/iglesia-san-agustin\/","name":"Iglesia San Agust\u00edn - Web de Turismo del Ayuntamiento de La Orotava","isPartOf":{"@id":"https:\/\/www.laorotava.es\/turismo\/#website"},"primaryImageOfPage":{"@id":"https:\/\/www.laorotava.es\/turismo\/iglesia-san-agustin\/#primaryimage"},"image":{"@id":"https:\/\/www.laorotava.es\/turismo\/iglesia-san-agustin\/#primaryimage"},"thumbnailUrl":"https:\/\/www.laorotava.es\/turismo\/wp-content\/uploads\/2016\/12\/san_agustin.png","datePublished":"2022-08-16T11:38:48+00:00","dateModified":"2023-05-23T10:05:56+00:00","breadcrumb":{"@id":"https:\/\/www.laorotava.es\/turismo\/iglesia-san-agustin\/#breadcrumb"},"inLanguage":"es","potentialAction":[{"@type":"ReadAction","target":["https:\/\/www.laorotava.es\/turismo\/iglesia-san-agustin\/"]}]},{"@type":"ImageObject","inLanguage":"es","@id":"https:\/\/www.laorotava.es\/turismo\/iglesia-san-agustin\/#primaryimage","url":"https:\/\/www.laorotava.es\/turismo\/wp-content\/uploads\/2016\/12\/san_agustin.png","contentUrl":"https:\/\/www.laorotava.es\/turismo\/wp-content\/uploads\/2016\/12\/san_agustin.png","width":688,"height":543,"caption":"san_agustin"},{"@type":"BreadcrumbList","@id":"https:\/\/www.laorotava.es\/turismo\/iglesia-san-agustin\/#breadcrumb","itemListElement":[{"@type":"ListItem","position":1,"name":"Portada","item":"https:\/\/www.laorotava.es\/turismo\/"},{"@type":"ListItem","position":2,"name":"Iglesia San Agust\u00edn"}]},{"@type":"WebSite","@id":"https:\/\/www.laorotava.es\/turismo\/#website","url":"https:\/\/www.laorotava.es\/turismo\/","name":"Web de Turismo del Ayuntamiento de La Orotava","description":"","publisher":{"@id":"https:\/\/www.laorotava.es\/turismo\/#organization"},"potentialAction":[{"@type":"SearchAction","target":{"@type":"EntryPoint","urlTemplate":"https:\/\/www.laorotava.es\/turismo\/?s={search_term_string}"},"query-input":{"@type":"PropertyValueSpecification","valueRequired":true,"valueName":"search_term_string"}}],"inLanguage":"es"},{"@type":"Organization","@id":"https:\/\/www.laorotava.es\/turismo\/#organization","name":"Ayuntamiento de La Orotava","url":"https:\/\/www.laorotava.es\/turismo\/","logo":{"@type":"ImageObject","inLanguage":"es","@id":"https:\/\/www.laorotava.es\/turismo\/#\/schema\/logo\/image\/","url":"https:\/\/www.laorotava.es\/turismo\/wp-content\/uploads\/2022\/08\/logo.png","contentUrl":"https:\/\/www.laorotava.es\/turismo\/wp-content\/uploads\/2022\/08\/logo.png","width":1195,"height":180,"caption":"Ayuntamiento de La Orotava"},"image":{"@id":"https:\/\/www.laorotava.es\/turismo\/#\/schema\/logo\/image\/"},"sameAs":["https:\/\/www.facebook.com\/TurismoLaOrotava\/","https:\/\/x.com\/LaOrotava"]}]}},"_links":{"self":[{"href":"https:\/\/www.laorotava.es\/turismo\/wp-json\/wp\/v2\/pages\/1003975","targetHints":{"allow":["GET"]}}],"collection":[{"href":"https:\/\/www.laorotava.es\/turismo\/wp-json\/wp\/v2\/pages"}],"about":[{"href":"https:\/\/www.laorotava.es\/turismo\/wp-json\/wp\/v2\/types\/page"}],"author":[{"embeddable":true,"href":"https:\/\/www.laorotava.es\/turismo\/wp-json\/wp\/v2\/users\/3"}],"replies":[{"embeddable":true,"href":"https:\/\/www.laorotava.es\/turismo\/wp-json\/wp\/v2\/comments?post=1003975"}],"version-history":[{"count":3,"href":"https:\/\/www.laorotava.es\/turismo\/wp-json\/wp\/v2\/pages\/1003975\/revisions"}],"predecessor-version":[{"id":1016852,"href":"https:\/\/www.laorotava.es\/turismo\/wp-json\/wp\/v2\/pages\/1003975\/revisions\/1016852"}],"wp:attachment":[{"href":"https:\/\/www.laorotava.es\/turismo\/wp-json\/wp\/v2\/media?parent=1003975"}],"curies":[{"name":"wp","href":"https:\/\/api.w.org\/{rel}","templated":true}]}}