{"id":1004857,"date":"2022-08-17T14:08:56","date_gmt":"2022-08-17T14:08:56","guid":{"rendered":"https:\/\/www.laorotava.es\/turismo\/?page_id=1004857"},"modified":"2023-05-23T13:39:19","modified_gmt":"2023-05-23T13:39:19","slug":"la-caldera","status":"publish","type":"page","link":"https:\/\/www.laorotava.es\/turismo\/la-caldera\/","title":{"rendered":"La Caldera"},"content":{"rendered":"\t\t<div data-elementor-type=\"wp-page\" data-elementor-id=\"1004857\" class=\"elementor elementor-1004857\">\n\t\t\t\t\t\t<section class=\"elementor-section elementor-top-section elementor-element elementor-element-36590807 elementor-section-stretched elementor-section-boxed elementor-section-height-default elementor-section-height-default wpr-particle-no wpr-jarallax-no wpr-parallax-no wpr-sticky-section-no\" data-id=\"36590807\" data-element_type=\"section\" data-e-type=\"section\" data-settings=\"{&quot;stretch_section&quot;:&quot;section-stretched&quot;}\">\n\t\t\t\t\t\t<div class=\"elementor-container elementor-column-gap-default\">\n\t\t\t\t\t<div class=\"elementor-column elementor-col-100 elementor-top-column elementor-element elementor-element-5290c86e\" data-id=\"5290c86e\" data-element_type=\"column\" data-e-type=\"column\">\n\t\t\t<div class=\"elementor-widget-wrap elementor-element-populated\">\n\t\t\t\t\t\t<div class=\"elementor-element elementor-element-5175f68d elementor-widget elementor-widget-heading\" data-id=\"5175f68d\" data-element_type=\"widget\" data-e-type=\"widget\" data-widget_type=\"heading.default\">\n\t\t\t\t<div class=\"elementor-widget-container\">\n\t\t\t\t\t<h2 class=\"elementor-heading-title elementor-size-small\">LA CALDERA<\/h2>\t\t\t\t<\/div>\n\t\t\t\t<\/div>\n\t\t\t\t<div class=\"elementor-element elementor-element-21ed6f74 elementor-widget-divider--view-line elementor-widget elementor-widget-divider\" data-id=\"21ed6f74\" data-element_type=\"widget\" data-e-type=\"widget\" data-widget_type=\"divider.default\">\n\t\t\t\t<div class=\"elementor-widget-container\">\n\t\t\t\t\t\t\t<div class=\"elementor-divider\">\n\t\t\t<span class=\"elementor-divider-separator\">\n\t\t\t\t\t\t<\/span>\n\t\t<\/div>\n\t\t\t\t\t\t<\/div>\n\t\t\t\t<\/div>\n\t\t\t\t<div class=\"elementor-element elementor-element-61ba8b89 elementor-widget elementor-widget-text-editor\" data-id=\"61ba8b89\" data-element_type=\"widget\" data-e-type=\"widget\" data-widget_type=\"text-editor.default\">\n\t\t\t\t<div class=\"elementor-widget-container\">\n\t\t\t\t\t\t\t\t\t<img decoding=\"async\" class=\"alignleft\" src=\"https:\/\/www.laorotava.es\/turismo\/wp-content\/uploads\/2017\/08\/001._area_recreativa_la_caldera.jpg\" width=\"423\"\/>\n\nEl \u00c1<span style=\"color: #444444;\">rea recreativa de La Caldera se encuentra en los altos de La Orotava, una vez pasado el barrio de Aguamansa. Es una de las zonas recreativas m\u00e1s completas del norte de la isla de Tenerife, con lo cual durante todo el a\u00f1o tiene una gran afluencia de visitantes. La Caldera cuenta con varios servicios, entre ellos, aparcamientos, un bar-restaurante, un gran parque infantil, aseos p\u00fablicos(sin duchas), asadores, mesas y una zona de acampada. Esta \u00c1rea recreativa es punto de salida de numerosos senderos que hay en sus alrededores. Altitud: 1.000 metros.<\/span>\n\n<span style=\"color: #444444;\">Direcci\u00f3n: Carretera de la Orotava a las Ca\u00f1adas (TF-21). Desv\u00edo a mano izquierda en km 16.2.<\/span>\n\n<span style=\"color: #444444;\">Precio: gratis<\/span>\n\n<span style=\"color: #444444;\">Capacidad: 50 personas.<\/span>\n\n<span style=\"color: #444444;\">L\u00edneas de guagua \/ bus: 348 \u2013 345.<\/span>\t\t\t\t\t\t\t\t<\/div>\n\t\t\t\t<\/div>\n\t\t\t\t<div class=\"elementor-element elementor-element-ee332c7 gallery-spacing-custom elementor-widget elementor-widget-image-gallery\" data-id=\"ee332c7\" data-element_type=\"widget\" data-e-type=\"widget\" data-widget_type=\"image-gallery.default\">\n\t\t\t\t<div class=\"elementor-widget-container\">\n\t\t\t\t\t\t\t<div class=\"elementor-image-gallery\">\n\t\t\t<div id='gallery-1' class='gallery galleryid-1004857 gallery-columns-7 gallery-size-thumbnail'><figure class='gallery-item'>\n\t\t\t<div class='gallery-icon portrait'>\n\t\t\t\t<a data-elementor-open-lightbox=\"yes\" data-elementor-lightbox-slideshow=\"ee332c7\" data-elementor-lightbox-title=\"003.-min\" data-e-action-hash=\"#elementor-action%3Aaction%3Dlightbox%26settings%3DeyJpZCI6MTAwNDg2MSwidXJsIjoiaHR0cHM6XC9cL3d3dy5sYW9yb3RhdmEuZXNcL3R1cmlzbW9cL3dwLWNvbnRlbnRcL3VwbG9hZHNcLzIwMjJcLzA4XC8wMDMuLW1pbi0zLmpwZyIsInNsaWRlc2hvdyI6ImVlMzMyYzcifQ%3D%3D\" href='https:\/\/www.laorotava.es\/turismo\/wp-content\/uploads\/2022\/08\/003.-min-3.jpg'><img decoding=\"async\" width=\"150\" height=\"150\" src=\"https:\/\/www.laorotava.es\/turismo\/wp-content\/uploads\/2022\/08\/003.-min-3-150x150.jpg\" class=\"attachment-thumbnail size-thumbnail\" alt=\"\" srcset=\"https:\/\/www.laorotava.es\/turismo\/wp-content\/uploads\/2022\/08\/003.-min-3-150x150.jpg 150w, https:\/\/www.laorotava.es\/turismo\/wp-content\/uploads\/2022\/08\/003.-min-3-600x600.jpg 600w\" sizes=\"(max-width: 150px) 100vw, 150px\" \/><\/a>\n\t\t\t<\/div><\/figure><figure class='gallery-item'>\n\t\t\t<div class='gallery-icon landscape'>\n\t\t\t\t<a data-elementor-open-lightbox=\"yes\" data-elementor-lightbox-slideshow=\"ee332c7\" data-elementor-lightbox-title=\"004.-min\" data-e-action-hash=\"#elementor-action%3Aaction%3Dlightbox%26settings%3DeyJpZCI6MTAwNDg2MywidXJsIjoiaHR0cHM6XC9cL3d3dy5sYW9yb3RhdmEuZXNcL3R1cmlzbW9cL3dwLWNvbnRlbnRcL3VwbG9hZHNcLzIwMjJcLzA4XC8wMDQuLW1pbi0xLmpwZyIsInNsaWRlc2hvdyI6ImVlMzMyYzcifQ%3D%3D\" href='https:\/\/www.laorotava.es\/turismo\/wp-content\/uploads\/2022\/08\/004.-min-1.jpg'><img decoding=\"async\" width=\"150\" height=\"150\" src=\"https:\/\/www.laorotava.es\/turismo\/wp-content\/uploads\/2022\/08\/004.-min-1-150x150.jpg\" class=\"attachment-thumbnail size-thumbnail\" alt=\"\" srcset=\"https:\/\/www.laorotava.es\/turismo\/wp-content\/uploads\/2022\/08\/004.-min-1-150x150.jpg 150w, https:\/\/www.laorotava.es\/turismo\/wp-content\/uploads\/2022\/08\/004.-min-1-600x600.jpg 600w\" sizes=\"(max-width: 150px) 100vw, 150px\" \/><\/a>\n\t\t\t<\/div><\/figure><figure class='gallery-item'>\n\t\t\t<div class='gallery-icon landscape'>\n\t\t\t\t<a data-elementor-open-lightbox=\"yes\" data-elementor-lightbox-slideshow=\"ee332c7\" data-elementor-lightbox-title=\"005-min\" data-e-action-hash=\"#elementor-action%3Aaction%3Dlightbox%26settings%3DeyJpZCI6MTAwNDg2NSwidXJsIjoiaHR0cHM6XC9cL3d3dy5sYW9yb3RhdmEuZXNcL3R1cmlzbW9cL3dwLWNvbnRlbnRcL3VwbG9hZHNcLzIwMjJcLzA4XC8wMDUtbWluLTEuanBnIiwic2xpZGVzaG93IjoiZWUzMzJjNyJ9\" href='https:\/\/www.laorotava.es\/turismo\/wp-content\/uploads\/2022\/08\/005-min-1.jpg'><img decoding=\"async\" width=\"150\" height=\"150\" src=\"https:\/\/www.laorotava.es\/turismo\/wp-content\/uploads\/2022\/08\/005-min-1-150x150.jpg\" class=\"attachment-thumbnail size-thumbnail\" alt=\"\" srcset=\"https:\/\/www.laorotava.es\/turismo\/wp-content\/uploads\/2022\/08\/005-min-1-150x150.jpg 150w, https:\/\/www.laorotava.es\/turismo\/wp-content\/uploads\/2022\/08\/005-min-1-600x600.jpg 600w\" sizes=\"(max-width: 150px) 100vw, 150px\" \/><\/a>\n\t\t\t<\/div><\/figure><figure class='gallery-item'>\n\t\t\t<div class='gallery-icon landscape'>\n\t\t\t\t<a data-elementor-open-lightbox=\"yes\" data-elementor-lightbox-slideshow=\"ee332c7\" data-elementor-lightbox-title=\"006.-min\" data-e-action-hash=\"#elementor-action%3Aaction%3Dlightbox%26settings%3DeyJpZCI6MTAwNDg2NywidXJsIjoiaHR0cHM6XC9cL3d3dy5sYW9yb3RhdmEuZXNcL3R1cmlzbW9cL3dwLWNvbnRlbnRcL3VwbG9hZHNcLzIwMjJcLzA4XC8wMDYuLW1pbi0xLmpwZyIsInNsaWRlc2hvdyI6ImVlMzMyYzcifQ%3D%3D\" href='https:\/\/www.laorotava.es\/turismo\/wp-content\/uploads\/2022\/08\/006.-min-1.jpg'><img loading=\"lazy\" decoding=\"async\" width=\"150\" height=\"150\" src=\"https:\/\/www.laorotava.es\/turismo\/wp-content\/uploads\/2022\/08\/006.-min-1-150x150.jpg\" class=\"attachment-thumbnail size-thumbnail\" alt=\"\" srcset=\"https:\/\/www.laorotava.es\/turismo\/wp-content\/uploads\/2022\/08\/006.-min-1-150x150.jpg 150w, https:\/\/www.laorotava.es\/turismo\/wp-content\/uploads\/2022\/08\/006.-min-1-600x600.jpg 600w\" sizes=\"(max-width: 150px) 100vw, 150px\" \/><\/a>\n\t\t\t<\/div><\/figure><figure class='gallery-item'>\n\t\t\t<div class='gallery-icon portrait'>\n\t\t\t\t<a data-elementor-open-lightbox=\"yes\" data-elementor-lightbox-slideshow=\"ee332c7\" data-elementor-lightbox-title=\"007.-min\" data-e-action-hash=\"#elementor-action%3Aaction%3Dlightbox%26settings%3DeyJpZCI6MTAwNDg2OSwidXJsIjoiaHR0cHM6XC9cL3d3dy5sYW9yb3RhdmEuZXNcL3R1cmlzbW9cL3dwLWNvbnRlbnRcL3VwbG9hZHNcLzIwMjJcLzA4XC8wMDcuLW1pbi0xLmpwZyIsInNsaWRlc2hvdyI6ImVlMzMyYzcifQ%3D%3D\" href='https:\/\/www.laorotava.es\/turismo\/wp-content\/uploads\/2022\/08\/007.-min-1.jpg'><img loading=\"lazy\" decoding=\"async\" width=\"150\" height=\"150\" src=\"https:\/\/www.laorotava.es\/turismo\/wp-content\/uploads\/2022\/08\/007.-min-1-150x150.jpg\" class=\"attachment-thumbnail size-thumbnail\" alt=\"\" srcset=\"https:\/\/www.laorotava.es\/turismo\/wp-content\/uploads\/2022\/08\/007.-min-1-150x150.jpg 150w, https:\/\/www.laorotava.es\/turismo\/wp-content\/uploads\/2022\/08\/007.-min-1-600x600.jpg 600w\" sizes=\"(max-width: 150px) 100vw, 150px\" \/><\/a>\n\t\t\t<\/div><\/figure><figure class='gallery-item'>\n\t\t\t<div class='gallery-icon landscape'>\n\t\t\t\t<a data-elementor-open-lightbox=\"yes\" data-elementor-lightbox-slideshow=\"ee332c7\" data-elementor-lightbox-title=\"002.-min\" data-e-action-hash=\"#elementor-action%3Aaction%3Dlightbox%26settings%3DeyJpZCI6MTAwNDg3MSwidXJsIjoiaHR0cHM6XC9cL3d3dy5sYW9yb3RhdmEuZXNcL3R1cmlzbW9cL3dwLWNvbnRlbnRcL3VwbG9hZHNcLzIwMjJcLzA4XC8wMDIuLW1pbi0zLmpwZyIsInNsaWRlc2hvdyI6ImVlMzMyYzcifQ%3D%3D\" href='https:\/\/www.laorotava.es\/turismo\/wp-content\/uploads\/2022\/08\/002.-min-3.jpg'><img loading=\"lazy\" decoding=\"async\" width=\"150\" height=\"150\" src=\"https:\/\/www.laorotava.es\/turismo\/wp-content\/uploads\/2022\/08\/002.-min-3-150x150.jpg\" class=\"attachment-thumbnail size-thumbnail\" alt=\"\" srcset=\"https:\/\/www.laorotava.es\/turismo\/wp-content\/uploads\/2022\/08\/002.-min-3-150x150.jpg 150w, https:\/\/www.laorotava.es\/turismo\/wp-content\/uploads\/2022\/08\/002.-min-3-600x600.jpg 600w\" sizes=\"(max-width: 150px) 100vw, 150px\" \/><\/a>\n\t\t\t<\/div><\/figure>\n\t\t<\/div>\n\t\t<\/div>\n\t\t\t\t\t\t<\/div>\n\t\t\t\t<\/div>\n\t\t\t\t<div class=\"elementor-element elementor-element-90afdb9 elementor-widget elementor-widget-google_maps\" data-id=\"90afdb9\" data-element_type=\"widget\" data-e-type=\"widget\" data-widget_type=\"google_maps.default\">\n\t\t\t\t<div class=\"elementor-widget-container\">\n\t\t\t\t\t\t\t<div class=\"elementor-custom-embed\">\n\t\t\t<iframe loading=\"lazy\"\n\t\t\t\t\tsrc=\"https:\/\/maps.google.com\/maps?q=la%20caldera%20zona%20r&#038;t=m&#038;z=16&#038;output=embed&#038;iwloc=near\"\n\t\t\t\t\ttitle=\"la caldera zona r\"\n\t\t\t\t\taria-label=\"la caldera zona r\"\n\t\t\t><\/iframe>\n\t\t<\/div>\n\t\t\t\t\t\t<\/div>\n\t\t\t\t<\/div>\n\t\t\t\t\t<\/div>\n\t\t<\/div>\n\t\t\t\t\t<\/div>\n\t\t<\/section>\n\t\t\t\t<\/div>\n\t\t","protected":false},"excerpt":{"rendered":"<p>LA CALDERA El \u00c1rea recreativa de La Caldera se encuentra en los altos de La Orotava, una vez pasado el barrio de Aguamansa. Es una de las zonas recreativas m\u00e1s completas del norte de la isla de Tenerife, con lo cual durante todo el a\u00f1o tiene una gran afluencia de visitantes. La Caldera cuenta con varios servicios, entre ellos, aparcamientos, un bar-restaurante, un gran parque infantil, aseos p\u00fablicos(sin duchas), asadores, mesas y una zona de acampada. Esta \u00c1rea recreativa es punto de salida de numerosos senderos que hay en sus alrededores. Altitud: 1.000 metros. Direcci\u00f3n: Carretera de la Orotava a las Ca\u00f1adas (TF-21). Desv\u00edo a mano izquierda en km 16.2. Precio: gratis Capacidad: 50 personas. L\u00edneas de guagua \/ bus: 348 \u2013 345.<\/p>\n","protected":false},"author":3,"featured_media":0,"parent":0,"menu_order":0,"comment_status":"closed","ping_status":"closed","template":"","meta":{"_acf_changed":false,"ocean_post_layout":"","ocean_both_sidebars_style":"","ocean_both_sidebars_content_width":0,"ocean_both_sidebars_sidebars_width":0,"ocean_sidebar":"0","ocean_second_sidebar":"0","ocean_disable_margins":"enable","ocean_add_body_class":"","ocean_shortcode_before_top_bar":"","ocean_shortcode_after_top_bar":"","ocean_shortcode_before_header":"","ocean_shortcode_after_header":"","ocean_has_shortcode":"","ocean_shortcode_after_title":"","ocean_shortcode_before_footer_widgets":"","ocean_shortcode_after_footer_widgets":"","ocean_shortcode_before_footer_bottom":"","ocean_shortcode_after_footer_bottom":"","ocean_display_top_bar":"default","ocean_display_header":"default","ocean_header_style":"","ocean_center_header_left_menu":"0","ocean_custom_header_template":"0","ocean_custom_logo":0,"ocean_custom_retina_logo":0,"ocean_custom_logo_max_width":0,"ocean_custom_logo_tablet_max_width":0,"ocean_custom_logo_mobile_max_width":0,"ocean_custom_logo_max_height":0,"ocean_custom_logo_tablet_max_height":0,"ocean_custom_logo_mobile_max_height":0,"ocean_header_custom_menu":"0","ocean_menu_typo_font_family":"0","ocean_menu_typo_font_subset":"","ocean_menu_typo_font_size":0,"ocean_menu_typo_font_size_tablet":0,"ocean_menu_typo_font_size_mobile":0,"ocean_menu_typo_font_size_unit":"px","ocean_menu_typo_font_weight":"","ocean_menu_typo_font_weight_tablet":"","ocean_menu_typo_font_weight_mobile":"","ocean_menu_typo_transform":"","ocean_menu_typo_transform_tablet":"","ocean_menu_typo_transform_mobile":"","ocean_menu_typo_line_height":0,"ocean_menu_typo_line_height_tablet":0,"ocean_menu_typo_line_height_mobile":0,"ocean_menu_typo_line_height_unit":"","ocean_menu_typo_spacing":0,"ocean_menu_typo_spacing_tablet":0,"ocean_menu_typo_spacing_mobile":0,"ocean_menu_typo_spacing_unit":"","ocean_menu_link_color":"","ocean_menu_link_color_hover":"","ocean_menu_link_color_active":"","ocean_menu_link_background":"","ocean_menu_link_hover_background":"","ocean_menu_link_active_background":"","ocean_menu_social_links_bg":"","ocean_menu_social_hover_links_bg":"","ocean_menu_social_links_color":"","ocean_menu_social_hover_links_color":"","ocean_disable_title":"default","ocean_disable_heading":"on","ocean_post_title":"","ocean_post_subheading":"","ocean_post_title_style":"","ocean_post_title_background_color":"","ocean_post_title_background":0,"ocean_post_title_bg_image_position":"","ocean_post_title_bg_image_attachment":"","ocean_post_title_bg_image_repeat":"","ocean_post_title_bg_image_size":"","ocean_post_title_height":0,"ocean_post_title_bg_overlay":0.5,"ocean_post_title_bg_overlay_color":"","ocean_disable_breadcrumbs":"default","ocean_breadcrumbs_color":"","ocean_breadcrumbs_separator_color":"","ocean_breadcrumbs_links_color":"","ocean_breadcrumbs_links_hover_color":"","ocean_display_footer_widgets":"default","ocean_display_footer_bottom":"default","ocean_custom_footer_template":"0","footnotes":""},"class_list":["post-1004857","page","type-page","status-publish","hentry","entry"],"acf":[],"yoast_head":"<!-- This site is optimized with the Yoast SEO plugin v27.2 - https:\/\/yoast.com\/product\/yoast-seo-wordpress\/ -->\n<title>La Caldera - Web de Turismo del Ayuntamiento de La Orotava<\/title>\n<meta name=\"robots\" content=\"index, follow, max-snippet:-1, max-image-preview:large, max-video-preview:-1\" \/>\n<link rel=\"canonical\" href=\"https:\/\/www.laorotava.es\/turismo\/la-caldera\/\" \/>\n<meta property=\"og:locale\" content=\"es_ES\" \/>\n<meta property=\"og:type\" content=\"article\" \/>\n<meta property=\"og:title\" content=\"La Caldera - Web de Turismo del Ayuntamiento de La Orotava\" \/>\n<meta property=\"og:description\" content=\"LA CALDERA El \u00c1rea recreativa de La Caldera se encuentra en los altos de La Orotava, una vez pasado el barrio de Aguamansa. Es una de las zonas recreativas m\u00e1s completas del norte de la isla de Tenerife, con lo cual durante todo el a\u00f1o tiene una gran afluencia de visitantes. La Caldera cuenta con varios servicios, entre ellos, aparcamientos, un bar-restaurante, un gran parque infantil, aseos p\u00fablicos(sin duchas), asadores, mesas y una zona de acampada. Esta \u00c1rea recreativa es punto de salida de numerosos senderos que hay en sus alrededores. Altitud: 1.000 metros. Direcci\u00f3n: Carretera de la Orotava a las Ca\u00f1adas (TF-21). Desv\u00edo a mano izquierda en km 16.2. Precio: gratis Capacidad: 50 personas. L\u00edneas de guagua \/ bus: 348 \u2013 345.\" \/>\n<meta property=\"og:url\" content=\"https:\/\/www.laorotava.es\/turismo\/la-caldera\/\" \/>\n<meta property=\"og:site_name\" content=\"Web de Turismo del Ayuntamiento de La Orotava\" \/>\n<meta property=\"article:publisher\" content=\"https:\/\/www.facebook.com\/TurismoLaOrotava\/\" \/>\n<meta property=\"article:modified_time\" content=\"2023-05-23T13:39:19+00:00\" \/>\n<meta property=\"og:image\" content=\"https:\/\/www-pre.laorotava.es\/turismo\/wp-content\/uploads\/2017\/08\/001._area_recreativa_la_caldera.jpg\" \/>\n<meta name=\"twitter:card\" content=\"summary_large_image\" \/>\n<meta name=\"twitter:site\" content=\"@LaOrotava\" \/>\n<meta name=\"twitter:label1\" content=\"Tiempo de lectura\" \/>\n\t<meta name=\"twitter:data1\" content=\"1 minuto\" \/>\n<script type=\"application\/ld+json\" class=\"yoast-schema-graph\">{\"@context\":\"https:\/\/schema.org\",\"@graph\":[{\"@type\":\"WebPage\",\"@id\":\"https:\/\/www.laorotava.es\/turismo\/la-caldera\/\",\"url\":\"https:\/\/www.laorotava.es\/turismo\/la-caldera\/\",\"name\":\"La Caldera - Web de Turismo del Ayuntamiento de La Orotava\",\"isPartOf\":{\"@id\":\"https:\/\/www.laorotava.es\/turismo\/#website\"},\"primaryImageOfPage\":{\"@id\":\"https:\/\/www.laorotava.es\/turismo\/la-caldera\/#primaryimage\"},\"image\":{\"@id\":\"https:\/\/www.laorotava.es\/turismo\/la-caldera\/#primaryimage\"},\"thumbnailUrl\":\"https:\/\/www.laorotava.es\/turismo\/wp-content\/uploads\/2017\/08\/001._area_recreativa_la_caldera.jpg\",\"datePublished\":\"2022-08-17T14:08:56+00:00\",\"dateModified\":\"2023-05-23T13:39:19+00:00\",\"breadcrumb\":{\"@id\":\"https:\/\/www.laorotava.es\/turismo\/la-caldera\/#breadcrumb\"},\"inLanguage\":\"es\",\"potentialAction\":[{\"@type\":\"ReadAction\",\"target\":[\"https:\/\/www.laorotava.es\/turismo\/la-caldera\/\"]}]},{\"@type\":\"ImageObject\",\"inLanguage\":\"es\",\"@id\":\"https:\/\/www.laorotava.es\/turismo\/la-caldera\/#primaryimage\",\"url\":\"https:\/\/www.laorotava.es\/turismo\/wp-content\/uploads\/2017\/08\/001._area_recreativa_la_caldera.jpg\",\"contentUrl\":\"https:\/\/www.laorotava.es\/turismo\/wp-content\/uploads\/2017\/08\/001._area_recreativa_la_caldera.jpg\",\"width\":1527,\"height\":1018,\"caption\":\"001\"},{\"@type\":\"BreadcrumbList\",\"@id\":\"https:\/\/www.laorotava.es\/turismo\/la-caldera\/#breadcrumb\",\"itemListElement\":[{\"@type\":\"ListItem\",\"position\":1,\"name\":\"Portada\",\"item\":\"https:\/\/www.laorotava.es\/turismo\/\"},{\"@type\":\"ListItem\",\"position\":2,\"name\":\"La Caldera\"}]},{\"@type\":\"WebSite\",\"@id\":\"https:\/\/www.laorotava.es\/turismo\/#website\",\"url\":\"https:\/\/www.laorotava.es\/turismo\/\",\"name\":\"Web de Turismo del Ayuntamiento de La Orotava\",\"description\":\"\",\"publisher\":{\"@id\":\"https:\/\/www.laorotava.es\/turismo\/#organization\"},\"potentialAction\":[{\"@type\":\"SearchAction\",\"target\":{\"@type\":\"EntryPoint\",\"urlTemplate\":\"https:\/\/www.laorotava.es\/turismo\/?s={search_term_string}\"},\"query-input\":{\"@type\":\"PropertyValueSpecification\",\"valueRequired\":true,\"valueName\":\"search_term_string\"}}],\"inLanguage\":\"es\"},{\"@type\":\"Organization\",\"@id\":\"https:\/\/www.laorotava.es\/turismo\/#organization\",\"name\":\"Ayuntamiento de La Orotava\",\"url\":\"https:\/\/www.laorotava.es\/turismo\/\",\"logo\":{\"@type\":\"ImageObject\",\"inLanguage\":\"es\",\"@id\":\"https:\/\/www.laorotava.es\/turismo\/#\/schema\/logo\/image\/\",\"url\":\"https:\/\/www.laorotava.es\/turismo\/wp-content\/uploads\/2022\/08\/logo.png\",\"contentUrl\":\"https:\/\/www.laorotava.es\/turismo\/wp-content\/uploads\/2022\/08\/logo.png\",\"width\":1195,\"height\":180,\"caption\":\"Ayuntamiento de La Orotava\"},\"image\":{\"@id\":\"https:\/\/www.laorotava.es\/turismo\/#\/schema\/logo\/image\/\"},\"sameAs\":[\"https:\/\/www.facebook.com\/TurismoLaOrotava\/\",\"https:\/\/x.com\/LaOrotava\"]}]}<\/script>\n<!-- \/ Yoast SEO plugin. -->","yoast_head_json":{"title":"La Caldera - Web de Turismo del Ayuntamiento de La Orotava","robots":{"index":"index","follow":"follow","max-snippet":"max-snippet:-1","max-image-preview":"max-image-preview:large","max-video-preview":"max-video-preview:-1"},"canonical":"https:\/\/www.laorotava.es\/turismo\/la-caldera\/","og_locale":"es_ES","og_type":"article","og_title":"La Caldera - Web de Turismo del Ayuntamiento de La Orotava","og_description":"LA CALDERA El \u00c1rea recreativa de La Caldera se encuentra en los altos de La Orotava, una vez pasado el barrio de Aguamansa. Es una de las zonas recreativas m\u00e1s completas del norte de la isla de Tenerife, con lo cual durante todo el a\u00f1o tiene una gran afluencia de visitantes. La Caldera cuenta con varios servicios, entre ellos, aparcamientos, un bar-restaurante, un gran parque infantil, aseos p\u00fablicos(sin duchas), asadores, mesas y una zona de acampada. Esta \u00c1rea recreativa es punto de salida de numerosos senderos que hay en sus alrededores. Altitud: 1.000 metros. Direcci\u00f3n: Carretera de la Orotava a las Ca\u00f1adas (TF-21). Desv\u00edo a mano izquierda en km 16.2. Precio: gratis Capacidad: 50 personas. L\u00edneas de guagua \/ bus: 348 \u2013 345.","og_url":"https:\/\/www.laorotava.es\/turismo\/la-caldera\/","og_site_name":"Web de Turismo del Ayuntamiento de La Orotava","article_publisher":"https:\/\/www.facebook.com\/TurismoLaOrotava\/","article_modified_time":"2023-05-23T13:39:19+00:00","og_image":[{"url":"https:\/\/www-pre.laorotava.es\/turismo\/wp-content\/uploads\/2017\/08\/001._area_recreativa_la_caldera.jpg","type":"","width":"","height":""}],"twitter_card":"summary_large_image","twitter_site":"@LaOrotava","twitter_misc":{"Tiempo de lectura":"1 minuto"},"schema":{"@context":"https:\/\/schema.org","@graph":[{"@type":"WebPage","@id":"https:\/\/www.laorotava.es\/turismo\/la-caldera\/","url":"https:\/\/www.laorotava.es\/turismo\/la-caldera\/","name":"La Caldera - Web de Turismo del Ayuntamiento de La Orotava","isPartOf":{"@id":"https:\/\/www.laorotava.es\/turismo\/#website"},"primaryImageOfPage":{"@id":"https:\/\/www.laorotava.es\/turismo\/la-caldera\/#primaryimage"},"image":{"@id":"https:\/\/www.laorotava.es\/turismo\/la-caldera\/#primaryimage"},"thumbnailUrl":"https:\/\/www.laorotava.es\/turismo\/wp-content\/uploads\/2017\/08\/001._area_recreativa_la_caldera.jpg","datePublished":"2022-08-17T14:08:56+00:00","dateModified":"2023-05-23T13:39:19+00:00","breadcrumb":{"@id":"https:\/\/www.laorotava.es\/turismo\/la-caldera\/#breadcrumb"},"inLanguage":"es","potentialAction":[{"@type":"ReadAction","target":["https:\/\/www.laorotava.es\/turismo\/la-caldera\/"]}]},{"@type":"ImageObject","inLanguage":"es","@id":"https:\/\/www.laorotava.es\/turismo\/la-caldera\/#primaryimage","url":"https:\/\/www.laorotava.es\/turismo\/wp-content\/uploads\/2017\/08\/001._area_recreativa_la_caldera.jpg","contentUrl":"https:\/\/www.laorotava.es\/turismo\/wp-content\/uploads\/2017\/08\/001._area_recreativa_la_caldera.jpg","width":1527,"height":1018,"caption":"001"},{"@type":"BreadcrumbList","@id":"https:\/\/www.laorotava.es\/turismo\/la-caldera\/#breadcrumb","itemListElement":[{"@type":"ListItem","position":1,"name":"Portada","item":"https:\/\/www.laorotava.es\/turismo\/"},{"@type":"ListItem","position":2,"name":"La Caldera"}]},{"@type":"WebSite","@id":"https:\/\/www.laorotava.es\/turismo\/#website","url":"https:\/\/www.laorotava.es\/turismo\/","name":"Web de Turismo del Ayuntamiento de La Orotava","description":"","publisher":{"@id":"https:\/\/www.laorotava.es\/turismo\/#organization"},"potentialAction":[{"@type":"SearchAction","target":{"@type":"EntryPoint","urlTemplate":"https:\/\/www.laorotava.es\/turismo\/?s={search_term_string}"},"query-input":{"@type":"PropertyValueSpecification","valueRequired":true,"valueName":"search_term_string"}}],"inLanguage":"es"},{"@type":"Organization","@id":"https:\/\/www.laorotava.es\/turismo\/#organization","name":"Ayuntamiento de La Orotava","url":"https:\/\/www.laorotava.es\/turismo\/","logo":{"@type":"ImageObject","inLanguage":"es","@id":"https:\/\/www.laorotava.es\/turismo\/#\/schema\/logo\/image\/","url":"https:\/\/www.laorotava.es\/turismo\/wp-content\/uploads\/2022\/08\/logo.png","contentUrl":"https:\/\/www.laorotava.es\/turismo\/wp-content\/uploads\/2022\/08\/logo.png","width":1195,"height":180,"caption":"Ayuntamiento de La Orotava"},"image":{"@id":"https:\/\/www.laorotava.es\/turismo\/#\/schema\/logo\/image\/"},"sameAs":["https:\/\/www.facebook.com\/TurismoLaOrotava\/","https:\/\/x.com\/LaOrotava"]}]}},"_links":{"self":[{"href":"https:\/\/www.laorotava.es\/turismo\/wp-json\/wp\/v2\/pages\/1004857","targetHints":{"allow":["GET"]}}],"collection":[{"href":"https:\/\/www.laorotava.es\/turismo\/wp-json\/wp\/v2\/pages"}],"about":[{"href":"https:\/\/www.laorotava.es\/turismo\/wp-json\/wp\/v2\/types\/page"}],"author":[{"embeddable":true,"href":"https:\/\/www.laorotava.es\/turismo\/wp-json\/wp\/v2\/users\/3"}],"replies":[{"embeddable":true,"href":"https:\/\/www.laorotava.es\/turismo\/wp-json\/wp\/v2\/comments?post=1004857"}],"version-history":[{"count":3,"href":"https:\/\/www.laorotava.es\/turismo\/wp-json\/wp\/v2\/pages\/1004857\/revisions"}],"predecessor-version":[{"id":1016866,"href":"https:\/\/www.laorotava.es\/turismo\/wp-json\/wp\/v2\/pages\/1004857\/revisions\/1016866"}],"wp:attachment":[{"href":"https:\/\/www.laorotava.es\/turismo\/wp-json\/wp\/v2\/media?parent=1004857"}],"curies":[{"name":"wp","href":"https:\/\/api.w.org\/{rel}","templated":true}]}}