{"id":1005223,"date":"2022-08-18T09:37:44","date_gmt":"2022-08-18T09:37:44","guid":{"rendered":"https:\/\/www.laorotava.es\/turismo\/?page_id=1005223"},"modified":"2023-05-23T14:12:27","modified_gmt":"2023-05-23T14:12:27","slug":"pinolere-trail","status":"publish","type":"page","link":"https:\/\/www.laorotava.es\/turismo\/pinolere-trail\/","title":{"rendered":"PINOLERE TRAIL"},"content":{"rendered":"\t\t<div data-elementor-type=\"wp-page\" data-elementor-id=\"1005223\" class=\"elementor elementor-1005223\">\n\t\t\t\t\t\t<section class=\"elementor-section elementor-top-section elementor-element elementor-element-33abbf4d elementor-section-stretched elementor-section-boxed elementor-section-height-default elementor-section-height-default wpr-particle-no wpr-jarallax-no wpr-parallax-no wpr-sticky-section-no\" data-id=\"33abbf4d\" data-element_type=\"section\" data-e-type=\"section\" data-settings=\"{&quot;stretch_section&quot;:&quot;section-stretched&quot;}\">\n\t\t\t\t\t\t<div class=\"elementor-container elementor-column-gap-default\">\n\t\t\t\t\t<div class=\"elementor-column elementor-col-100 elementor-top-column elementor-element elementor-element-49ff95ba\" data-id=\"49ff95ba\" data-element_type=\"column\" data-e-type=\"column\">\n\t\t\t<div class=\"elementor-widget-wrap elementor-element-populated\">\n\t\t\t\t\t\t<div class=\"elementor-element elementor-element-1edabcd3 elementor-widget elementor-widget-heading\" data-id=\"1edabcd3\" data-element_type=\"widget\" data-e-type=\"widget\" data-widget_type=\"heading.default\">\n\t\t\t\t<div class=\"elementor-widget-container\">\n\t\t\t\t\t<h2 class=\"elementor-heading-title elementor-size-small\">PINOLERE TRAIL<\/h2>\t\t\t\t<\/div>\n\t\t\t\t<\/div>\n\t\t\t\t<div class=\"elementor-element elementor-element-658965a4 elementor-widget-divider--view-line elementor-widget elementor-widget-divider\" data-id=\"658965a4\" data-element_type=\"widget\" data-e-type=\"widget\" data-widget_type=\"divider.default\">\n\t\t\t\t<div class=\"elementor-widget-container\">\n\t\t\t\t\t\t\t<div class=\"elementor-divider\">\n\t\t\t<span class=\"elementor-divider-separator\">\n\t\t\t\t\t\t<\/span>\n\t\t<\/div>\n\t\t\t\t\t\t<\/div>\n\t\t\t\t<\/div>\n\t\t\t\t<div class=\"elementor-element elementor-element-334ccafc elementor-widget elementor-widget-text-editor\" data-id=\"334ccafc\" data-element_type=\"widget\" data-e-type=\"widget\" data-widget_type=\"text-editor.default\">\n\t\t\t\t<div class=\"elementor-widget-container\">\n\t\t\t\t\t\t\t\t\t<img decoding=\"async\" src=\"https:\/\/www.laorotava.es\/turismo\/wp-content\/uploads\/2017\/08\/004_0.jpg\" width=\"423\"\/>\n\n<img decoding=\"async\" src=\"https:\/\/www.laorotava.es\/turismo\/wp-content\/uploads\/2017\/07\/pinolere_trail_3.jpg\" \/>\n\n<span style=\"color: #444444;\">La carrera de monta\u00f1a Pinolere Trail nace en el a\u00f1o 2014 en el municipio de La Orotava, con el objetivo de ofrecer a los amantes del trailrunning un recorrido atractivo, variado y equilibrado entre caser\u00edos, monteverde y pinar. Organizada por el club Atletismo Orotava (Clator) y el Excmo. Ayuntamiento de La Villa de La Orotava, La Pinolere Trail, una carrera de monta\u00f1a que recorre senderos y pistas de los montes de la Orotava, ofrece al corredor\/a un atractivo recorrido de car\u00e1cter t\u00e9cnico y con desnivel. Cuenta con dos distancias: 27 y 11 kms. y este pasado a\u00f1o fue Campeonato de Canarias de Trail (27 kms.) y Campeonato de Canarias de Monta\u00f1a (11 kms.) por la Federaci\u00f3n Canaria de Atletismo. La Pinolere Trail nace con la intenci\u00f3n de fomentar la actividad deportiva en la naturaleza, generar movimiento socioecon\u00f3mico en zonas rurales y para difundir los valores naturales, paisaj\u00edsticos y culturales de la zona.<\/span>\n\n<img decoding=\"async\" src=\"https:\/\/www.laorotava.es\/turismo\/wp-content\/uploads\/2017\/07\/pinolere_trail_1.jpg\" \/>\n\n<img decoding=\"async\" src=\"https:\/\/www.laorotava.es\/turismo\/wp-content\/uploads\/2017\/07\/pinolere_trail_2.jpg\" \/>\t\t\t\t\t\t\t\t<\/div>\n\t\t\t\t<\/div>\n\t\t\t\t<div class=\"elementor-element elementor-element-59c524b7 elementor-widget elementor-widget-google_maps\" data-id=\"59c524b7\" data-element_type=\"widget\" data-e-type=\"widget\" data-widget_type=\"google_maps.default\">\n\t\t\t\t<div class=\"elementor-widget-container\">\n\t\t\t\t\t\t\t<div class=\"elementor-custom-embed\">\n\t\t\t<iframe loading=\"lazy\"\n\t\t\t\t\tsrc=\"https:\/\/maps.google.com\/maps?q=Pinolere%20trail&#038;t=m&#038;z=16&#038;output=embed&#038;iwloc=near\"\n\t\t\t\t\ttitle=\"Pinolere trail\"\n\t\t\t\t\taria-label=\"Pinolere trail\"\n\t\t\t><\/iframe>\n\t\t<\/div>\n\t\t\t\t\t\t<\/div>\n\t\t\t\t<\/div>\n\t\t\t\t\t<\/div>\n\t\t<\/div>\n\t\t\t\t\t<\/div>\n\t\t<\/section>\n\t\t\t\t<\/div>\n\t\t","protected":false},"excerpt":{"rendered":"<p>PINOLERE TRAIL La carrera de monta\u00f1a Pinolere Trail nace en el a\u00f1o 2014 en el municipio de La Orotava, con el objetivo de ofrecer a los amantes del trailrunning un recorrido atractivo, variado y equilibrado entre caser\u00edos, monteverde y pinar. Organizada por el club Atletismo Orotava (Clator) y el Excmo. Ayuntamiento de La Villa de La Orotava, La Pinolere Trail, una carrera de monta\u00f1a que recorre senderos y pistas de los montes de la Orotava, ofrece al corredor\/a un atractivo recorrido de car\u00e1cter t\u00e9cnico y con desnivel. Cuenta con dos distancias: 27 y 11 kms. y este pasado a\u00f1o fue Campeonato de Canarias de Trail (27 kms.) y Campeonato de Canarias de Monta\u00f1a (11 kms.) por la Federaci\u00f3n Canaria de Atletismo. La Pinolere Trail nace con la intenci\u00f3n de fomentar la actividad deportiva en la naturaleza, generar movimiento socioecon\u00f3mico en zonas rurales y para difundir los valores naturales, paisaj\u00edsticos y culturales de la zona.<\/p>\n","protected":false},"author":3,"featured_media":0,"parent":0,"menu_order":0,"comment_status":"closed","ping_status":"closed","template":"","meta":{"_acf_changed":false,"ocean_post_layout":"","ocean_both_sidebars_style":"","ocean_both_sidebars_content_width":0,"ocean_both_sidebars_sidebars_width":0,"ocean_sidebar":"0","ocean_second_sidebar":"0","ocean_disable_margins":"enable","ocean_add_body_class":"","ocean_shortcode_before_top_bar":"","ocean_shortcode_after_top_bar":"","ocean_shortcode_before_header":"","ocean_shortcode_after_header":"","ocean_has_shortcode":"","ocean_shortcode_after_title":"","ocean_shortcode_before_footer_widgets":"","ocean_shortcode_after_footer_widgets":"","ocean_shortcode_before_footer_bottom":"","ocean_shortcode_after_footer_bottom":"","ocean_display_top_bar":"default","ocean_display_header":"default","ocean_header_style":"","ocean_center_header_left_menu":"0","ocean_custom_header_template":"0","ocean_custom_logo":0,"ocean_custom_retina_logo":0,"ocean_custom_logo_max_width":0,"ocean_custom_logo_tablet_max_width":0,"ocean_custom_logo_mobile_max_width":0,"ocean_custom_logo_max_height":0,"ocean_custom_logo_tablet_max_height":0,"ocean_custom_logo_mobile_max_height":0,"ocean_header_custom_menu":"0","ocean_menu_typo_font_family":"0","ocean_menu_typo_font_subset":"","ocean_menu_typo_font_size":0,"ocean_menu_typo_font_size_tablet":0,"ocean_menu_typo_font_size_mobile":0,"ocean_menu_typo_font_size_unit":"px","ocean_menu_typo_font_weight":"","ocean_menu_typo_font_weight_tablet":"","ocean_menu_typo_font_weight_mobile":"","ocean_menu_typo_transform":"","ocean_menu_typo_transform_tablet":"","ocean_menu_typo_transform_mobile":"","ocean_menu_typo_line_height":0,"ocean_menu_typo_line_height_tablet":0,"ocean_menu_typo_line_height_mobile":0,"ocean_menu_typo_line_height_unit":"","ocean_menu_typo_spacing":0,"ocean_menu_typo_spacing_tablet":0,"ocean_menu_typo_spacing_mobile":0,"ocean_menu_typo_spacing_unit":"","ocean_menu_link_color":"","ocean_menu_link_color_hover":"","ocean_menu_link_color_active":"","ocean_menu_link_background":"","ocean_menu_link_hover_background":"","ocean_menu_link_active_background":"","ocean_menu_social_links_bg":"","ocean_menu_social_hover_links_bg":"","ocean_menu_social_links_color":"","ocean_menu_social_hover_links_color":"","ocean_disable_title":"default","ocean_disable_heading":"on","ocean_post_title":"","ocean_post_subheading":"","ocean_post_title_style":"","ocean_post_title_background_color":"","ocean_post_title_background":0,"ocean_post_title_bg_image_position":"","ocean_post_title_bg_image_attachment":"","ocean_post_title_bg_image_repeat":"","ocean_post_title_bg_image_size":"","ocean_post_title_height":0,"ocean_post_title_bg_overlay":0.5,"ocean_post_title_bg_overlay_color":"","ocean_disable_breadcrumbs":"default","ocean_breadcrumbs_color":"","ocean_breadcrumbs_separator_color":"","ocean_breadcrumbs_links_color":"","ocean_breadcrumbs_links_hover_color":"","ocean_display_footer_widgets":"default","ocean_display_footer_bottom":"default","ocean_custom_footer_template":"0","footnotes":""},"class_list":["post-1005223","page","type-page","status-publish","hentry","entry"],"acf":[],"yoast_head":"<!-- This site is optimized with the Yoast SEO plugin v27.2 - https:\/\/yoast.com\/product\/yoast-seo-wordpress\/ -->\n<title>PINOLERE TRAIL - Web de Turismo del Ayuntamiento de La Orotava<\/title>\n<meta name=\"robots\" content=\"index, follow, max-snippet:-1, max-image-preview:large, max-video-preview:-1\" \/>\n<link rel=\"canonical\" href=\"https:\/\/www.laorotava.es\/turismo\/pinolere-trail\/\" \/>\n<meta property=\"og:locale\" content=\"es_ES\" \/>\n<meta property=\"og:type\" content=\"article\" \/>\n<meta property=\"og:title\" content=\"PINOLERE TRAIL - Web de Turismo del Ayuntamiento de La Orotava\" \/>\n<meta property=\"og:description\" content=\"PINOLERE TRAIL La carrera de monta\u00f1a Pinolere Trail nace en el a\u00f1o 2014 en el municipio de La Orotava, con el objetivo de ofrecer a los amantes del trailrunning un recorrido atractivo, variado y equilibrado entre caser\u00edos, monteverde y pinar. Organizada por el club Atletismo Orotava (Clator) y el Excmo. Ayuntamiento de La Villa de La Orotava, La Pinolere Trail, una carrera de monta\u00f1a que recorre senderos y pistas de los montes de la Orotava, ofrece al corredor\/a un atractivo recorrido de car\u00e1cter t\u00e9cnico y con desnivel. Cuenta con dos distancias: 27 y 11 kms. y este pasado a\u00f1o fue Campeonato de Canarias de Trail (27 kms.) y Campeonato de Canarias de Monta\u00f1a (11 kms.) por la Federaci\u00f3n Canaria de Atletismo. La Pinolere Trail nace con la intenci\u00f3n de fomentar la actividad deportiva en la naturaleza, generar movimiento socioecon\u00f3mico en zonas rurales y para difundir los valores naturales, paisaj\u00edsticos y culturales de la zona.\" \/>\n<meta property=\"og:url\" content=\"https:\/\/www.laorotava.es\/turismo\/pinolere-trail\/\" \/>\n<meta property=\"og:site_name\" content=\"Web de Turismo del Ayuntamiento de La Orotava\" \/>\n<meta property=\"article:publisher\" content=\"https:\/\/www.facebook.com\/TurismoLaOrotava\/\" \/>\n<meta property=\"article:modified_time\" content=\"2023-05-23T14:12:27+00:00\" \/>\n<meta property=\"og:image\" content=\"https:\/\/www-pre.laorotava.es\/turismo\/wp-content\/uploads\/2017\/08\/004_0.jpg\" \/>\n<meta name=\"twitter:card\" content=\"summary_large_image\" \/>\n<meta name=\"twitter:site\" content=\"@LaOrotava\" \/>\n<meta name=\"twitter:label1\" content=\"Tiempo de lectura\" \/>\n\t<meta name=\"twitter:data1\" content=\"1 minuto\" \/>\n<script type=\"application\/ld+json\" class=\"yoast-schema-graph\">{\"@context\":\"https:\/\/schema.org\",\"@graph\":[{\"@type\":\"WebPage\",\"@id\":\"https:\/\/www.laorotava.es\/turismo\/pinolere-trail\/\",\"url\":\"https:\/\/www.laorotava.es\/turismo\/pinolere-trail\/\",\"name\":\"PINOLERE TRAIL - Web de Turismo del Ayuntamiento de La Orotava\",\"isPartOf\":{\"@id\":\"https:\/\/www.laorotava.es\/turismo\/#website\"},\"primaryImageOfPage\":{\"@id\":\"https:\/\/www.laorotava.es\/turismo\/pinolere-trail\/#primaryimage\"},\"image\":{\"@id\":\"https:\/\/www.laorotava.es\/turismo\/pinolere-trail\/#primaryimage\"},\"thumbnailUrl\":\"https:\/\/www.laorotava.es\/turismo\/wp-content\/uploads\/2017\/08\/004_0.jpg\",\"datePublished\":\"2022-08-18T09:37:44+00:00\",\"dateModified\":\"2023-05-23T14:12:27+00:00\",\"breadcrumb\":{\"@id\":\"https:\/\/www.laorotava.es\/turismo\/pinolere-trail\/#breadcrumb\"},\"inLanguage\":\"es\",\"potentialAction\":[{\"@type\":\"ReadAction\",\"target\":[\"https:\/\/www.laorotava.es\/turismo\/pinolere-trail\/\"]}]},{\"@type\":\"ImageObject\",\"inLanguage\":\"es\",\"@id\":\"https:\/\/www.laorotava.es\/turismo\/pinolere-trail\/#primaryimage\",\"url\":\"https:\/\/www.laorotava.es\/turismo\/wp-content\/uploads\/2017\/08\/004_0.jpg\",\"contentUrl\":\"https:\/\/www.laorotava.es\/turismo\/wp-content\/uploads\/2017\/08\/004_0.jpg\",\"width\":800,\"height\":581,\"caption\":\"004\"},{\"@type\":\"BreadcrumbList\",\"@id\":\"https:\/\/www.laorotava.es\/turismo\/pinolere-trail\/#breadcrumb\",\"itemListElement\":[{\"@type\":\"ListItem\",\"position\":1,\"name\":\"Portada\",\"item\":\"https:\/\/www.laorotava.es\/turismo\/\"},{\"@type\":\"ListItem\",\"position\":2,\"name\":\"PINOLERE TRAIL\"}]},{\"@type\":\"WebSite\",\"@id\":\"https:\/\/www.laorotava.es\/turismo\/#website\",\"url\":\"https:\/\/www.laorotava.es\/turismo\/\",\"name\":\"Web de Turismo del Ayuntamiento de La Orotava\",\"description\":\"\",\"publisher\":{\"@id\":\"https:\/\/www.laorotava.es\/turismo\/#organization\"},\"potentialAction\":[{\"@type\":\"SearchAction\",\"target\":{\"@type\":\"EntryPoint\",\"urlTemplate\":\"https:\/\/www.laorotava.es\/turismo\/?s={search_term_string}\"},\"query-input\":{\"@type\":\"PropertyValueSpecification\",\"valueRequired\":true,\"valueName\":\"search_term_string\"}}],\"inLanguage\":\"es\"},{\"@type\":\"Organization\",\"@id\":\"https:\/\/www.laorotava.es\/turismo\/#organization\",\"name\":\"Ayuntamiento de La Orotava\",\"url\":\"https:\/\/www.laorotava.es\/turismo\/\",\"logo\":{\"@type\":\"ImageObject\",\"inLanguage\":\"es\",\"@id\":\"https:\/\/www.laorotava.es\/turismo\/#\/schema\/logo\/image\/\",\"url\":\"https:\/\/www.laorotava.es\/turismo\/wp-content\/uploads\/2022\/08\/logo.png\",\"contentUrl\":\"https:\/\/www.laorotava.es\/turismo\/wp-content\/uploads\/2022\/08\/logo.png\",\"width\":1195,\"height\":180,\"caption\":\"Ayuntamiento de La Orotava\"},\"image\":{\"@id\":\"https:\/\/www.laorotava.es\/turismo\/#\/schema\/logo\/image\/\"},\"sameAs\":[\"https:\/\/www.facebook.com\/TurismoLaOrotava\/\",\"https:\/\/x.com\/LaOrotava\"]}]}<\/script>\n<!-- \/ Yoast SEO plugin. -->","yoast_head_json":{"title":"PINOLERE TRAIL - Web de Turismo del Ayuntamiento de La Orotava","robots":{"index":"index","follow":"follow","max-snippet":"max-snippet:-1","max-image-preview":"max-image-preview:large","max-video-preview":"max-video-preview:-1"},"canonical":"https:\/\/www.laorotava.es\/turismo\/pinolere-trail\/","og_locale":"es_ES","og_type":"article","og_title":"PINOLERE TRAIL - Web de Turismo del Ayuntamiento de La Orotava","og_description":"PINOLERE TRAIL La carrera de monta\u00f1a Pinolere Trail nace en el a\u00f1o 2014 en el municipio de La Orotava, con el objetivo de ofrecer a los amantes del trailrunning un recorrido atractivo, variado y equilibrado entre caser\u00edos, monteverde y pinar. Organizada por el club Atletismo Orotava (Clator) y el Excmo. Ayuntamiento de La Villa de La Orotava, La Pinolere Trail, una carrera de monta\u00f1a que recorre senderos y pistas de los montes de la Orotava, ofrece al corredor\/a un atractivo recorrido de car\u00e1cter t\u00e9cnico y con desnivel. Cuenta con dos distancias: 27 y 11 kms. y este pasado a\u00f1o fue Campeonato de Canarias de Trail (27 kms.) y Campeonato de Canarias de Monta\u00f1a (11 kms.) por la Federaci\u00f3n Canaria de Atletismo. La Pinolere Trail nace con la intenci\u00f3n de fomentar la actividad deportiva en la naturaleza, generar movimiento socioecon\u00f3mico en zonas rurales y para difundir los valores naturales, paisaj\u00edsticos y culturales de la zona.","og_url":"https:\/\/www.laorotava.es\/turismo\/pinolere-trail\/","og_site_name":"Web de Turismo del Ayuntamiento de La Orotava","article_publisher":"https:\/\/www.facebook.com\/TurismoLaOrotava\/","article_modified_time":"2023-05-23T14:12:27+00:00","og_image":[{"url":"https:\/\/www-pre.laorotava.es\/turismo\/wp-content\/uploads\/2017\/08\/004_0.jpg","type":"","width":"","height":""}],"twitter_card":"summary_large_image","twitter_site":"@LaOrotava","twitter_misc":{"Tiempo de lectura":"1 minuto"},"schema":{"@context":"https:\/\/schema.org","@graph":[{"@type":"WebPage","@id":"https:\/\/www.laorotava.es\/turismo\/pinolere-trail\/","url":"https:\/\/www.laorotava.es\/turismo\/pinolere-trail\/","name":"PINOLERE TRAIL - Web de Turismo del Ayuntamiento de La Orotava","isPartOf":{"@id":"https:\/\/www.laorotava.es\/turismo\/#website"},"primaryImageOfPage":{"@id":"https:\/\/www.laorotava.es\/turismo\/pinolere-trail\/#primaryimage"},"image":{"@id":"https:\/\/www.laorotava.es\/turismo\/pinolere-trail\/#primaryimage"},"thumbnailUrl":"https:\/\/www.laorotava.es\/turismo\/wp-content\/uploads\/2017\/08\/004_0.jpg","datePublished":"2022-08-18T09:37:44+00:00","dateModified":"2023-05-23T14:12:27+00:00","breadcrumb":{"@id":"https:\/\/www.laorotava.es\/turismo\/pinolere-trail\/#breadcrumb"},"inLanguage":"es","potentialAction":[{"@type":"ReadAction","target":["https:\/\/www.laorotava.es\/turismo\/pinolere-trail\/"]}]},{"@type":"ImageObject","inLanguage":"es","@id":"https:\/\/www.laorotava.es\/turismo\/pinolere-trail\/#primaryimage","url":"https:\/\/www.laorotava.es\/turismo\/wp-content\/uploads\/2017\/08\/004_0.jpg","contentUrl":"https:\/\/www.laorotava.es\/turismo\/wp-content\/uploads\/2017\/08\/004_0.jpg","width":800,"height":581,"caption":"004"},{"@type":"BreadcrumbList","@id":"https:\/\/www.laorotava.es\/turismo\/pinolere-trail\/#breadcrumb","itemListElement":[{"@type":"ListItem","position":1,"name":"Portada","item":"https:\/\/www.laorotava.es\/turismo\/"},{"@type":"ListItem","position":2,"name":"PINOLERE TRAIL"}]},{"@type":"WebSite","@id":"https:\/\/www.laorotava.es\/turismo\/#website","url":"https:\/\/www.laorotava.es\/turismo\/","name":"Web de Turismo del Ayuntamiento de La Orotava","description":"","publisher":{"@id":"https:\/\/www.laorotava.es\/turismo\/#organization"},"potentialAction":[{"@type":"SearchAction","target":{"@type":"EntryPoint","urlTemplate":"https:\/\/www.laorotava.es\/turismo\/?s={search_term_string}"},"query-input":{"@type":"PropertyValueSpecification","valueRequired":true,"valueName":"search_term_string"}}],"inLanguage":"es"},{"@type":"Organization","@id":"https:\/\/www.laorotava.es\/turismo\/#organization","name":"Ayuntamiento de La Orotava","url":"https:\/\/www.laorotava.es\/turismo\/","logo":{"@type":"ImageObject","inLanguage":"es","@id":"https:\/\/www.laorotava.es\/turismo\/#\/schema\/logo\/image\/","url":"https:\/\/www.laorotava.es\/turismo\/wp-content\/uploads\/2022\/08\/logo.png","contentUrl":"https:\/\/www.laorotava.es\/turismo\/wp-content\/uploads\/2022\/08\/logo.png","width":1195,"height":180,"caption":"Ayuntamiento de La Orotava"},"image":{"@id":"https:\/\/www.laorotava.es\/turismo\/#\/schema\/logo\/image\/"},"sameAs":["https:\/\/www.facebook.com\/TurismoLaOrotava\/","https:\/\/x.com\/LaOrotava"]}]}},"_links":{"self":[{"href":"https:\/\/www.laorotava.es\/turismo\/wp-json\/wp\/v2\/pages\/1005223","targetHints":{"allow":["GET"]}}],"collection":[{"href":"https:\/\/www.laorotava.es\/turismo\/wp-json\/wp\/v2\/pages"}],"about":[{"href":"https:\/\/www.laorotava.es\/turismo\/wp-json\/wp\/v2\/types\/page"}],"author":[{"embeddable":true,"href":"https:\/\/www.laorotava.es\/turismo\/wp-json\/wp\/v2\/users\/3"}],"replies":[{"embeddable":true,"href":"https:\/\/www.laorotava.es\/turismo\/wp-json\/wp\/v2\/comments?post=1005223"}],"version-history":[{"count":3,"href":"https:\/\/www.laorotava.es\/turismo\/wp-json\/wp\/v2\/pages\/1005223\/revisions"}],"predecessor-version":[{"id":1016892,"href":"https:\/\/www.laorotava.es\/turismo\/wp-json\/wp\/v2\/pages\/1005223\/revisions\/1016892"}],"wp:attachment":[{"href":"https:\/\/www.laorotava.es\/turismo\/wp-json\/wp\/v2\/media?parent=1005223"}],"curies":[{"name":"wp","href":"https:\/\/api.w.org\/{rel}","templated":true}]}}