{"id":1005251,"date":"2022-08-18T09:43:23","date_gmt":"2022-08-18T09:43:23","guid":{"rendered":"https:\/\/www.laorotava.es\/turismo\/?page_id=1005251"},"modified":"2023-05-23T14:15:45","modified_gmt":"2023-05-23T14:15:45","slug":"torneo-internacional-u16-de-baloncesto-de-la-villa-de-la-orotava","status":"publish","type":"page","link":"https:\/\/www.laorotava.es\/turismo\/torneo-internacional-u16-de-baloncesto-de-la-villa-de-la-orotava\/","title":{"rendered":"TORNEO INTERNACIONAL U16 DE BALONCESTO DE LA VILLA DE LA OROTAVA"},"content":{"rendered":"\t\t<div data-elementor-type=\"wp-page\" data-elementor-id=\"1005251\" class=\"elementor elementor-1005251\">\n\t\t\t\t\t\t<section class=\"elementor-section elementor-top-section elementor-element elementor-element-3f91aab7 elementor-section-stretched elementor-section-boxed elementor-section-height-default elementor-section-height-default wpr-particle-no wpr-jarallax-no wpr-parallax-no wpr-sticky-section-no\" data-id=\"3f91aab7\" data-element_type=\"section\" data-e-type=\"section\" data-settings=\"{&quot;stretch_section&quot;:&quot;section-stretched&quot;}\">\n\t\t\t\t\t\t<div class=\"elementor-container elementor-column-gap-default\">\n\t\t\t\t\t<div class=\"elementor-column elementor-col-100 elementor-top-column elementor-element elementor-element-59bc2811\" data-id=\"59bc2811\" data-element_type=\"column\" data-e-type=\"column\">\n\t\t\t<div class=\"elementor-widget-wrap elementor-element-populated\">\n\t\t\t\t\t\t<div class=\"elementor-element elementor-element-1d029ad7 elementor-widget elementor-widget-heading\" data-id=\"1d029ad7\" data-element_type=\"widget\" data-e-type=\"widget\" data-widget_type=\"heading.default\">\n\t\t\t\t<div class=\"elementor-widget-container\">\n\t\t\t\t\t<h2 class=\"elementor-heading-title elementor-size-small\">TORNEO INTERNACIONAL U16 DE BALONCESTO DE LA VILLA DE LA OROTAVA<\/h2>\t\t\t\t<\/div>\n\t\t\t\t<\/div>\n\t\t\t\t<div class=\"elementor-element elementor-element-d733202 elementor-widget-divider--view-line elementor-widget elementor-widget-divider\" data-id=\"d733202\" data-element_type=\"widget\" data-e-type=\"widget\" data-widget_type=\"divider.default\">\n\t\t\t\t<div class=\"elementor-widget-container\">\n\t\t\t\t\t\t\t<div class=\"elementor-divider\">\n\t\t\t<span class=\"elementor-divider-separator\">\n\t\t\t\t\t\t<\/span>\n\t\t<\/div>\n\t\t\t\t\t\t<\/div>\n\t\t\t\t<\/div>\n\t\t\t\t<div class=\"elementor-element elementor-element-5919c93 elementor-widget elementor-widget-text-editor\" data-id=\"5919c93\" data-element_type=\"widget\" data-e-type=\"widget\" data-widget_type=\"text-editor.default\">\n\t\t\t\t<div class=\"elementor-widget-container\">\n\t\t\t\t\t\t\t\t\t<img decoding=\"async\" class=\"alignleft\" src=\"https:\/\/www.laorotava.es\/turismo\/wp-content\/uploads\/2017\/08\/captura_de_pantalla_2017-08-15_a_las_16.12.12.png\" width=\"423\"\/>\n\n<span style=\"color: #444444;\">El Club Baloncesto San Isidro organiza uno de los mejores torneos U16 de baloncesto de Europa, el Torneo Internacional Villa de La Orotava. Con 20 ediciones a sus espaldas, el inicio de temporada viene marcado siempre por la ilusi\u00f3n de un torneo que ya es un referente internacional del baloncesto y hace que le demos la bienvenida a una nueva temporada viendo jugar a muchos de los mejores jugadores cadetes de Europa. El mejor baloncesto europeo de formaci\u00f3n se da cita en las canchas del Colegio Salesianos San Isidro de La Orotava, una oportunidad \u00fanica para vivir una experiencia baloncest\u00edstica de alto nivel, que nunca deja indiferente a nadie.<\/span>\n\n<span style=\"color: #444444;\">\u00a0<\/span>\n\n<span style=\"color: #444444;\">\u00a0<\/span>\n\n<img decoding=\"async\" src=\"https:\/\/www.laorotava.es\/turismo\/wp-content\/uploads\/2017\/07\/captura_de_pantalla_2017-08-15_a_las_16.11.39.png\" \/><img decoding=\"async\" src=\"https:\/\/www.laorotava.es\/turismo\/wp-content\/uploads\/2017\/07\/captura_de_pantalla_2017-08-15_a_las_16.11.45.png\" \/><img decoding=\"async\" src=\"https:\/\/www.laorotava.es\/turismo\/wp-content\/uploads\/2017\/07\/captura_de_pantalla_2017-08-15_a_las_16.12.02.png\" \/>\t\t\t\t\t\t\t\t<\/div>\n\t\t\t\t<\/div>\n\t\t\t\t<div class=\"elementor-element elementor-element-2781251 elementor-widget elementor-widget-google_maps\" data-id=\"2781251\" data-element_type=\"widget\" data-e-type=\"widget\" data-widget_type=\"google_maps.default\">\n\t\t\t\t<div class=\"elementor-widget-container\">\n\t\t\t\t\t\t\t<div class=\"elementor-custom-embed\">\n\t\t\t<iframe loading=\"lazy\"\n\t\t\t\t\tsrc=\"https:\/\/maps.google.com\/maps?q=Pinolere%20trail&#038;t=m&#038;z=16&#038;output=embed&#038;iwloc=near\"\n\t\t\t\t\ttitle=\"Pinolere trail\"\n\t\t\t\t\taria-label=\"Pinolere trail\"\n\t\t\t><\/iframe>\n\t\t<\/div>\n\t\t\t\t\t\t<\/div>\n\t\t\t\t<\/div>\n\t\t\t\t\t<\/div>\n\t\t<\/div>\n\t\t\t\t\t<\/div>\n\t\t<\/section>\n\t\t\t\t<\/div>\n\t\t","protected":false},"excerpt":{"rendered":"<p>TORNEO INTERNACIONAL U16 DE BALONCESTO DE LA VILLA DE LA OROTAVA El Club Baloncesto San Isidro organiza uno de los mejores torneos U16 de baloncesto de Europa, el Torneo Internacional Villa de La Orotava. Con 20 ediciones a sus espaldas, el inicio de temporada viene marcado siempre por la ilusi\u00f3n de un torneo que ya es un referente internacional del baloncesto y hace que le demos la bienvenida a una nueva temporada viendo jugar a muchos de los mejores jugadores cadetes de Europa. El mejor baloncesto europeo de formaci\u00f3n se da cita en las canchas del Colegio Salesianos San Isidro de La Orotava, una oportunidad \u00fanica para vivir una experiencia baloncest\u00edstica de alto nivel, que nunca deja indiferente a nadie. \u00a0 \u00a0<\/p>\n","protected":false},"author":3,"featured_media":0,"parent":0,"menu_order":0,"comment_status":"closed","ping_status":"closed","template":"","meta":{"_acf_changed":false,"ocean_post_layout":"","ocean_both_sidebars_style":"","ocean_both_sidebars_content_width":0,"ocean_both_sidebars_sidebars_width":0,"ocean_sidebar":"0","ocean_second_sidebar":"0","ocean_disable_margins":"enable","ocean_add_body_class":"","ocean_shortcode_before_top_bar":"","ocean_shortcode_after_top_bar":"","ocean_shortcode_before_header":"","ocean_shortcode_after_header":"","ocean_has_shortcode":"","ocean_shortcode_after_title":"","ocean_shortcode_before_footer_widgets":"","ocean_shortcode_after_footer_widgets":"","ocean_shortcode_before_footer_bottom":"","ocean_shortcode_after_footer_bottom":"","ocean_display_top_bar":"default","ocean_display_header":"default","ocean_header_style":"","ocean_center_header_left_menu":"0","ocean_custom_header_template":"0","ocean_custom_logo":0,"ocean_custom_retina_logo":0,"ocean_custom_logo_max_width":0,"ocean_custom_logo_tablet_max_width":0,"ocean_custom_logo_mobile_max_width":0,"ocean_custom_logo_max_height":0,"ocean_custom_logo_tablet_max_height":0,"ocean_custom_logo_mobile_max_height":0,"ocean_header_custom_menu":"0","ocean_menu_typo_font_family":"0","ocean_menu_typo_font_subset":"","ocean_menu_typo_font_size":0,"ocean_menu_typo_font_size_tablet":0,"ocean_menu_typo_font_size_mobile":0,"ocean_menu_typo_font_size_unit":"px","ocean_menu_typo_font_weight":"","ocean_menu_typo_font_weight_tablet":"","ocean_menu_typo_font_weight_mobile":"","ocean_menu_typo_transform":"","ocean_menu_typo_transform_tablet":"","ocean_menu_typo_transform_mobile":"","ocean_menu_typo_line_height":0,"ocean_menu_typo_line_height_tablet":0,"ocean_menu_typo_line_height_mobile":0,"ocean_menu_typo_line_height_unit":"","ocean_menu_typo_spacing":0,"ocean_menu_typo_spacing_tablet":0,"ocean_menu_typo_spacing_mobile":0,"ocean_menu_typo_spacing_unit":"","ocean_menu_link_color":"","ocean_menu_link_color_hover":"","ocean_menu_link_color_active":"","ocean_menu_link_background":"","ocean_menu_link_hover_background":"","ocean_menu_link_active_background":"","ocean_menu_social_links_bg":"","ocean_menu_social_hover_links_bg":"","ocean_menu_social_links_color":"","ocean_menu_social_hover_links_color":"","ocean_disable_title":"default","ocean_disable_heading":"on","ocean_post_title":"","ocean_post_subheading":"","ocean_post_title_style":"","ocean_post_title_background_color":"","ocean_post_title_background":0,"ocean_post_title_bg_image_position":"","ocean_post_title_bg_image_attachment":"","ocean_post_title_bg_image_repeat":"","ocean_post_title_bg_image_size":"","ocean_post_title_height":0,"ocean_post_title_bg_overlay":0.5,"ocean_post_title_bg_overlay_color":"","ocean_disable_breadcrumbs":"default","ocean_breadcrumbs_color":"","ocean_breadcrumbs_separator_color":"","ocean_breadcrumbs_links_color":"","ocean_breadcrumbs_links_hover_color":"","ocean_display_footer_widgets":"default","ocean_display_footer_bottom":"default","ocean_custom_footer_template":"0","footnotes":""},"class_list":["post-1005251","page","type-page","status-publish","hentry","entry"],"acf":[],"yoast_head":"<!-- This site is optimized with the Yoast SEO plugin v27.2 - https:\/\/yoast.com\/product\/yoast-seo-wordpress\/ -->\n<title>TORNEO INTERNACIONAL U16 DE BALONCESTO DE LA VILLA DE LA OROTAVA - Web de Turismo del Ayuntamiento de La Orotava<\/title>\n<meta name=\"robots\" content=\"index, follow, max-snippet:-1, max-image-preview:large, max-video-preview:-1\" \/>\n<link rel=\"canonical\" href=\"https:\/\/www.laorotava.es\/turismo\/torneo-internacional-u16-de-baloncesto-de-la-villa-de-la-orotava\/\" \/>\n<meta property=\"og:locale\" content=\"es_ES\" \/>\n<meta property=\"og:type\" content=\"article\" \/>\n<meta property=\"og:title\" content=\"TORNEO INTERNACIONAL U16 DE BALONCESTO DE LA VILLA DE LA OROTAVA - Web de Turismo del Ayuntamiento de La Orotava\" \/>\n<meta property=\"og:description\" content=\"TORNEO INTERNACIONAL U16 DE BALONCESTO DE LA VILLA DE LA OROTAVA El Club Baloncesto San Isidro organiza uno de los mejores torneos U16 de baloncesto de Europa, el Torneo Internacional Villa de La Orotava. Con 20 ediciones a sus espaldas, el inicio de temporada viene marcado siempre por la ilusi\u00f3n de un torneo que ya es un referente internacional del baloncesto y hace que le demos la bienvenida a una nueva temporada viendo jugar a muchos de los mejores jugadores cadetes de Europa. El mejor baloncesto europeo de formaci\u00f3n se da cita en las canchas del Colegio Salesianos San Isidro de La Orotava, una oportunidad \u00fanica para vivir una experiencia baloncest\u00edstica de alto nivel, que nunca deja indiferente a nadie. \u00a0 \u00a0\" \/>\n<meta property=\"og:url\" content=\"https:\/\/www.laorotava.es\/turismo\/torneo-internacional-u16-de-baloncesto-de-la-villa-de-la-orotava\/\" \/>\n<meta property=\"og:site_name\" content=\"Web de Turismo del Ayuntamiento de La Orotava\" \/>\n<meta property=\"article:publisher\" content=\"https:\/\/www.facebook.com\/TurismoLaOrotava\/\" \/>\n<meta property=\"article:modified_time\" content=\"2023-05-23T14:15:45+00:00\" \/>\n<meta property=\"og:image\" content=\"https:\/\/www-pre.laorotava.es\/turismo\/wp-content\/uploads\/2017\/08\/captura_de_pantalla_2017-08-15_a_las_16.12.12.png\" \/>\n<meta name=\"twitter:card\" content=\"summary_large_image\" \/>\n<meta name=\"twitter:site\" content=\"@LaOrotava\" \/>\n<meta name=\"twitter:label1\" content=\"Tiempo de lectura\" \/>\n\t<meta name=\"twitter:data1\" content=\"1 minuto\" \/>\n<script type=\"application\/ld+json\" class=\"yoast-schema-graph\">{\"@context\":\"https:\/\/schema.org\",\"@graph\":[{\"@type\":\"WebPage\",\"@id\":\"https:\/\/www.laorotava.es\/turismo\/torneo-internacional-u16-de-baloncesto-de-la-villa-de-la-orotava\/\",\"url\":\"https:\/\/www.laorotava.es\/turismo\/torneo-internacional-u16-de-baloncesto-de-la-villa-de-la-orotava\/\",\"name\":\"TORNEO INTERNACIONAL U16 DE BALONCESTO DE LA VILLA DE LA OROTAVA - Web de Turismo del Ayuntamiento de La Orotava\",\"isPartOf\":{\"@id\":\"https:\/\/www.laorotava.es\/turismo\/#website\"},\"primaryImageOfPage\":{\"@id\":\"https:\/\/www.laorotava.es\/turismo\/torneo-internacional-u16-de-baloncesto-de-la-villa-de-la-orotava\/#primaryimage\"},\"image\":{\"@id\":\"https:\/\/www.laorotava.es\/turismo\/torneo-internacional-u16-de-baloncesto-de-la-villa-de-la-orotava\/#primaryimage\"},\"thumbnailUrl\":\"https:\/\/www.laorotava.es\/turismo\/wp-content\/uploads\/2017\/08\/captura_de_pantalla_2017-08-15_a_las_16.12.12.png\",\"datePublished\":\"2022-08-18T09:43:23+00:00\",\"dateModified\":\"2023-05-23T14:15:45+00:00\",\"breadcrumb\":{\"@id\":\"https:\/\/www.laorotava.es\/turismo\/torneo-internacional-u16-de-baloncesto-de-la-villa-de-la-orotava\/#breadcrumb\"},\"inLanguage\":\"es\",\"potentialAction\":[{\"@type\":\"ReadAction\",\"target\":[\"https:\/\/www.laorotava.es\/turismo\/torneo-internacional-u16-de-baloncesto-de-la-villa-de-la-orotava\/\"]}]},{\"@type\":\"ImageObject\",\"inLanguage\":\"es\",\"@id\":\"https:\/\/www.laorotava.es\/turismo\/torneo-internacional-u16-de-baloncesto-de-la-villa-de-la-orotava\/#primaryimage\",\"url\":\"https:\/\/www.laorotava.es\/turismo\/wp-content\/uploads\/2017\/08\/captura_de_pantalla_2017-08-15_a_las_16.12.12.png\",\"contentUrl\":\"https:\/\/www.laorotava.es\/turismo\/wp-content\/uploads\/2017\/08\/captura_de_pantalla_2017-08-15_a_las_16.12.12.png\",\"width\":918,\"height\":613,\"caption\":\"captura_de_pantalla_2017-08-15_a_las_16\"},{\"@type\":\"BreadcrumbList\",\"@id\":\"https:\/\/www.laorotava.es\/turismo\/torneo-internacional-u16-de-baloncesto-de-la-villa-de-la-orotava\/#breadcrumb\",\"itemListElement\":[{\"@type\":\"ListItem\",\"position\":1,\"name\":\"Portada\",\"item\":\"https:\/\/www.laorotava.es\/turismo\/\"},{\"@type\":\"ListItem\",\"position\":2,\"name\":\"TORNEO INTERNACIONAL U16 DE BALONCESTO DE LA VILLA DE LA OROTAVA\"}]},{\"@type\":\"WebSite\",\"@id\":\"https:\/\/www.laorotava.es\/turismo\/#website\",\"url\":\"https:\/\/www.laorotava.es\/turismo\/\",\"name\":\"Web de Turismo del Ayuntamiento de La Orotava\",\"description\":\"\",\"publisher\":{\"@id\":\"https:\/\/www.laorotava.es\/turismo\/#organization\"},\"potentialAction\":[{\"@type\":\"SearchAction\",\"target\":{\"@type\":\"EntryPoint\",\"urlTemplate\":\"https:\/\/www.laorotava.es\/turismo\/?s={search_term_string}\"},\"query-input\":{\"@type\":\"PropertyValueSpecification\",\"valueRequired\":true,\"valueName\":\"search_term_string\"}}],\"inLanguage\":\"es\"},{\"@type\":\"Organization\",\"@id\":\"https:\/\/www.laorotava.es\/turismo\/#organization\",\"name\":\"Ayuntamiento de La Orotava\",\"url\":\"https:\/\/www.laorotava.es\/turismo\/\",\"logo\":{\"@type\":\"ImageObject\",\"inLanguage\":\"es\",\"@id\":\"https:\/\/www.laorotava.es\/turismo\/#\/schema\/logo\/image\/\",\"url\":\"https:\/\/www.laorotava.es\/turismo\/wp-content\/uploads\/2022\/08\/logo.png\",\"contentUrl\":\"https:\/\/www.laorotava.es\/turismo\/wp-content\/uploads\/2022\/08\/logo.png\",\"width\":1195,\"height\":180,\"caption\":\"Ayuntamiento de La Orotava\"},\"image\":{\"@id\":\"https:\/\/www.laorotava.es\/turismo\/#\/schema\/logo\/image\/\"},\"sameAs\":[\"https:\/\/www.facebook.com\/TurismoLaOrotava\/\",\"https:\/\/x.com\/LaOrotava\"]}]}<\/script>\n<!-- \/ Yoast SEO plugin. -->","yoast_head_json":{"title":"TORNEO INTERNACIONAL U16 DE BALONCESTO DE LA VILLA DE LA OROTAVA - Web de Turismo del Ayuntamiento de La Orotava","robots":{"index":"index","follow":"follow","max-snippet":"max-snippet:-1","max-image-preview":"max-image-preview:large","max-video-preview":"max-video-preview:-1"},"canonical":"https:\/\/www.laorotava.es\/turismo\/torneo-internacional-u16-de-baloncesto-de-la-villa-de-la-orotava\/","og_locale":"es_ES","og_type":"article","og_title":"TORNEO INTERNACIONAL U16 DE BALONCESTO DE LA VILLA DE LA OROTAVA - Web de Turismo del Ayuntamiento de La Orotava","og_description":"TORNEO INTERNACIONAL U16 DE BALONCESTO DE LA VILLA DE LA OROTAVA El Club Baloncesto San Isidro organiza uno de los mejores torneos U16 de baloncesto de Europa, el Torneo Internacional Villa de La Orotava. Con 20 ediciones a sus espaldas, el inicio de temporada viene marcado siempre por la ilusi\u00f3n de un torneo que ya es un referente internacional del baloncesto y hace que le demos la bienvenida a una nueva temporada viendo jugar a muchos de los mejores jugadores cadetes de Europa. El mejor baloncesto europeo de formaci\u00f3n se da cita en las canchas del Colegio Salesianos San Isidro de La Orotava, una oportunidad \u00fanica para vivir una experiencia baloncest\u00edstica de alto nivel, que nunca deja indiferente a nadie. \u00a0 \u00a0","og_url":"https:\/\/www.laorotava.es\/turismo\/torneo-internacional-u16-de-baloncesto-de-la-villa-de-la-orotava\/","og_site_name":"Web de Turismo del Ayuntamiento de La Orotava","article_publisher":"https:\/\/www.facebook.com\/TurismoLaOrotava\/","article_modified_time":"2023-05-23T14:15:45+00:00","og_image":[{"url":"https:\/\/www-pre.laorotava.es\/turismo\/wp-content\/uploads\/2017\/08\/captura_de_pantalla_2017-08-15_a_las_16.12.12.png","type":"","width":"","height":""}],"twitter_card":"summary_large_image","twitter_site":"@LaOrotava","twitter_misc":{"Tiempo de lectura":"1 minuto"},"schema":{"@context":"https:\/\/schema.org","@graph":[{"@type":"WebPage","@id":"https:\/\/www.laorotava.es\/turismo\/torneo-internacional-u16-de-baloncesto-de-la-villa-de-la-orotava\/","url":"https:\/\/www.laorotava.es\/turismo\/torneo-internacional-u16-de-baloncesto-de-la-villa-de-la-orotava\/","name":"TORNEO INTERNACIONAL U16 DE BALONCESTO DE LA VILLA DE LA OROTAVA - Web de Turismo del Ayuntamiento de La Orotava","isPartOf":{"@id":"https:\/\/www.laorotava.es\/turismo\/#website"},"primaryImageOfPage":{"@id":"https:\/\/www.laorotava.es\/turismo\/torneo-internacional-u16-de-baloncesto-de-la-villa-de-la-orotava\/#primaryimage"},"image":{"@id":"https:\/\/www.laorotava.es\/turismo\/torneo-internacional-u16-de-baloncesto-de-la-villa-de-la-orotava\/#primaryimage"},"thumbnailUrl":"https:\/\/www.laorotava.es\/turismo\/wp-content\/uploads\/2017\/08\/captura_de_pantalla_2017-08-15_a_las_16.12.12.png","datePublished":"2022-08-18T09:43:23+00:00","dateModified":"2023-05-23T14:15:45+00:00","breadcrumb":{"@id":"https:\/\/www.laorotava.es\/turismo\/torneo-internacional-u16-de-baloncesto-de-la-villa-de-la-orotava\/#breadcrumb"},"inLanguage":"es","potentialAction":[{"@type":"ReadAction","target":["https:\/\/www.laorotava.es\/turismo\/torneo-internacional-u16-de-baloncesto-de-la-villa-de-la-orotava\/"]}]},{"@type":"ImageObject","inLanguage":"es","@id":"https:\/\/www.laorotava.es\/turismo\/torneo-internacional-u16-de-baloncesto-de-la-villa-de-la-orotava\/#primaryimage","url":"https:\/\/www.laorotava.es\/turismo\/wp-content\/uploads\/2017\/08\/captura_de_pantalla_2017-08-15_a_las_16.12.12.png","contentUrl":"https:\/\/www.laorotava.es\/turismo\/wp-content\/uploads\/2017\/08\/captura_de_pantalla_2017-08-15_a_las_16.12.12.png","width":918,"height":613,"caption":"captura_de_pantalla_2017-08-15_a_las_16"},{"@type":"BreadcrumbList","@id":"https:\/\/www.laorotava.es\/turismo\/torneo-internacional-u16-de-baloncesto-de-la-villa-de-la-orotava\/#breadcrumb","itemListElement":[{"@type":"ListItem","position":1,"name":"Portada","item":"https:\/\/www.laorotava.es\/turismo\/"},{"@type":"ListItem","position":2,"name":"TORNEO INTERNACIONAL U16 DE BALONCESTO DE LA VILLA DE LA OROTAVA"}]},{"@type":"WebSite","@id":"https:\/\/www.laorotava.es\/turismo\/#website","url":"https:\/\/www.laorotava.es\/turismo\/","name":"Web de Turismo del Ayuntamiento de La Orotava","description":"","publisher":{"@id":"https:\/\/www.laorotava.es\/turismo\/#organization"},"potentialAction":[{"@type":"SearchAction","target":{"@type":"EntryPoint","urlTemplate":"https:\/\/www.laorotava.es\/turismo\/?s={search_term_string}"},"query-input":{"@type":"PropertyValueSpecification","valueRequired":true,"valueName":"search_term_string"}}],"inLanguage":"es"},{"@type":"Organization","@id":"https:\/\/www.laorotava.es\/turismo\/#organization","name":"Ayuntamiento de La Orotava","url":"https:\/\/www.laorotava.es\/turismo\/","logo":{"@type":"ImageObject","inLanguage":"es","@id":"https:\/\/www.laorotava.es\/turismo\/#\/schema\/logo\/image\/","url":"https:\/\/www.laorotava.es\/turismo\/wp-content\/uploads\/2022\/08\/logo.png","contentUrl":"https:\/\/www.laorotava.es\/turismo\/wp-content\/uploads\/2022\/08\/logo.png","width":1195,"height":180,"caption":"Ayuntamiento de La Orotava"},"image":{"@id":"https:\/\/www.laorotava.es\/turismo\/#\/schema\/logo\/image\/"},"sameAs":["https:\/\/www.facebook.com\/TurismoLaOrotava\/","https:\/\/x.com\/LaOrotava"]}]}},"_links":{"self":[{"href":"https:\/\/www.laorotava.es\/turismo\/wp-json\/wp\/v2\/pages\/1005251","targetHints":{"allow":["GET"]}}],"collection":[{"href":"https:\/\/www.laorotava.es\/turismo\/wp-json\/wp\/v2\/pages"}],"about":[{"href":"https:\/\/www.laorotava.es\/turismo\/wp-json\/wp\/v2\/types\/page"}],"author":[{"embeddable":true,"href":"https:\/\/www.laorotava.es\/turismo\/wp-json\/wp\/v2\/users\/3"}],"replies":[{"embeddable":true,"href":"https:\/\/www.laorotava.es\/turismo\/wp-json\/wp\/v2\/comments?post=1005251"}],"version-history":[{"count":3,"href":"https:\/\/www.laorotava.es\/turismo\/wp-json\/wp\/v2\/pages\/1005251\/revisions"}],"predecessor-version":[{"id":1016895,"href":"https:\/\/www.laorotava.es\/turismo\/wp-json\/wp\/v2\/pages\/1005251\/revisions\/1016895"}],"wp:attachment":[{"href":"https:\/\/www.laorotava.es\/turismo\/wp-json\/wp\/v2\/media?parent=1005251"}],"curies":[{"name":"wp","href":"https:\/\/api.w.org\/{rel}","templated":true}]}}