{"id":1006233,"date":"2022-08-22T13:02:22","date_gmt":"2022-08-22T13:02:22","guid":{"rendered":"https:\/\/www.laorotava.es\/turismo\/?page_id=1006233"},"modified":"2022-08-22T13:08:21","modified_gmt":"2022-08-22T13:08:21","slug":"1-el-puente","status":"publish","type":"page","link":"https:\/\/www.laorotava.es\/turismo\/1-el-puente\/","title":{"rendered":"1. El Puente"},"content":{"rendered":"\t\t<div data-elementor-type=\"wp-page\" data-elementor-id=\"1006233\" class=\"elementor elementor-1006233\">\n\t\t\t\t\t\t<section class=\"elementor-section elementor-top-section elementor-element elementor-element-79743bc9 elementor-section-stretched elementor-section-boxed elementor-section-height-default elementor-section-height-default wpr-particle-no wpr-jarallax-no wpr-parallax-no wpr-sticky-section-no\" data-id=\"79743bc9\" data-element_type=\"section\" data-e-type=\"section\" data-settings=\"{&quot;stretch_section&quot;:&quot;section-stretched&quot;}\">\n\t\t\t\t\t\t<div class=\"elementor-container elementor-column-gap-default\">\n\t\t\t\t\t<div class=\"elementor-column elementor-col-100 elementor-top-column elementor-element elementor-element-7107ad\" data-id=\"7107ad\" data-element_type=\"column\" data-e-type=\"column\">\n\t\t\t<div class=\"elementor-widget-wrap elementor-element-populated\">\n\t\t\t\t\t\t<div class=\"elementor-element elementor-element-76abe37f elementor-widget elementor-widget-heading\" data-id=\"76abe37f\" data-element_type=\"widget\" data-e-type=\"widget\" data-widget_type=\"heading.default\">\n\t\t\t\t<div class=\"elementor-widget-container\">\n\t\t\t\t\t<h2 class=\"elementor-heading-title elementor-size-small\">1. El Puente\n<\/h2>\t\t\t\t<\/div>\n\t\t\t\t<\/div>\n\t\t\t\t<div class=\"elementor-element elementor-element-42376407 elementor-widget-divider--view-line elementor-widget elementor-widget-divider\" data-id=\"42376407\" data-element_type=\"widget\" data-e-type=\"widget\" data-widget_type=\"divider.default\">\n\t\t\t\t<div class=\"elementor-widget-container\">\n\t\t\t\t\t\t\t<div class=\"elementor-divider\">\n\t\t\t<span class=\"elementor-divider-separator\">\n\t\t\t\t\t\t<\/span>\n\t\t<\/div>\n\t\t\t\t\t\t<\/div>\n\t\t\t\t<\/div>\n\t\t\t\t<div class=\"elementor-element elementor-element-a062284 elementor-widget elementor-widget-wp-widget-media_audio\" data-id=\"a062284\" data-element_type=\"widget\" data-e-type=\"widget\" data-widget_type=\"wp-widget-media_audio.default\">\n\t\t\t\t<div class=\"elementor-widget-container\">\n\t\t\t\t\t<audio class=\"wp-audio-shortcode\" id=\"audio-1006233-1\" preload=\"none\" style=\"width: 100%;\" controls=\"controls\"><source type=\"audio\/mpeg\" src=\"https:\/\/www.laorotava.es\/turismo\/wp-content\/uploads\/2019\/03\/01_ra_el_puente.mp3?_=1\" \/><source type=\"audio\/mpeg\" src=\"https:\/\/www.laorotava.es\/turismo\/wp-content\/uploads\/2019\/03\/01_ra_el_puente.mp3?_=1\" \/><a href=\"https:\/\/www.laorotava.es\/turismo\/wp-content\/uploads\/2019\/03\/01_ra_el_puente.mp3\">https:\/\/www.laorotava.es\/turismo\/wp-content\/uploads\/2019\/03\/01_ra_el_puente.mp3<\/a><\/audio>\t\t\t\t<\/div>\n\t\t\t\t<\/div>\n\t\t\t\t<div class=\"elementor-element elementor-element-379cd10a elementor-widget elementor-widget-text-editor\" data-id=\"379cd10a\" data-element_type=\"widget\" data-e-type=\"widget\" data-widget_type=\"text-editor.default\">\n\t\t\t\t<div class=\"elementor-widget-container\">\n\t\t\t\t\t\t\t\t\t<p><img decoding=\"async\" class=\"alignleft\" src=\"https:\/\/www.laorotava.es\/sites\/default\/files\/styles\/large\/public\/rutas\/1.png?itok=oBww_NXG\" \/><\/p><p><span style=\"color: #444444;\">Nos encontramos en el llamado Puente de La Orotava. Si miras hacia abajo, ver\u00e1s\u00a0que une los dos m\u00e1rgenes del barranco de Araujo y salva el desnivel que\u00a0antiguamente dificultaba el tr\u00e1nsito por La Villa. Fue construido en los a\u00f1os\u00a0sesenta. Desde el puente hacia el mar se tiene una vista privilegiada de los\u00a0tejados de las antiguas casas de la Orotava y varias de las principales iglesias. Se\u00a0puede apreciar la c\u00fapula de la iglesia de Santo Domingo al frente y m\u00e1s a la\u00a0izquierda y arriba los campanarios de la monumental Iglesia de La Concepci\u00f3n.<\/span><\/p><p><span style=\"color: #444444;\">Tambi\u00e9n se ven en lo alto de algunas casas se\u00f1oriales los tradicionales miradores,\u00a0altas terrazas con per\u00edmetro de barandilla, algunos de ellos con elegantes\u00a0lucernarios acristalados. Desde all\u00ed se vigilaban las fincas de las propiedades, los\u00a0campesinos que las trabajaban, y la costa. El mar era fundamental para la\u00a0supervivencia, ya que era el \u00fanico punto de conexi\u00f3n con el exterior, y la amenaza\u00a0de la pirater\u00eda constituy\u00f3 un riesgo permanente hasta bien entrado el siglo XVII. Si\u00a0miras hacia la costa ver\u00e1s el Puerto de la Cruz, antiguo Puerto de la Orotava,\u00a0independizado de la misma en 1808.<\/span><\/p><p><span style=\"color: #444444;\">El Puerto de la Cruz fue un puerto de enorme importancia. A principios del siglo\u00a0XIX obtuvo su independencia de La Orotava tras un per\u00edodo no exento de\u00a0tensiones, en el que los ca\u00f1ones del Castillo de San Felipe, en la costa, llegaron a\u00a0apuntar a La Villa.<\/span><\/p><p><span style=\"color: #444444;\">Si miras hacia abajo ver\u00e1s los balcones traseros y las puertas de servicio de las\u00a0casas se\u00f1oriales que tienen su entrada principal en la calle Tom\u00e1s Zerolo.<\/span><\/p><p><span style=\"color: #444444;\">El barranco de Araujo era el l\u00edmite f\u00edsico del primer asentamiento de La Orotava,\u00a0que abarcaba, en el siglo XVI, desde este punto hasta la Iglesia de La\u00a0Concepci\u00f3n.<\/span><\/p><p><span style=\"color: #444444;\">Vuelve ahora hacia la oficina de turismo y camina bajo los soportales hacia la calle\u00a0adoquinada del fondo. Cruza la calle y encontrar\u00e1s el indicativo de la siguiente\u00a0pista.<\/span><\/p>\t\t\t\t\t\t\t\t<\/div>\n\t\t\t\t<\/div>\n\t\t\t\t<div class=\"elementor-element elementor-element-14d398e elementor-widget elementor-widget-google_maps\" data-id=\"14d398e\" data-element_type=\"widget\" data-e-type=\"widget\" data-widget_type=\"google_maps.default\">\n\t\t\t\t<div class=\"elementor-widget-container\">\n\t\t\t\t\t\t\t<div class=\"elementor-custom-embed\">\n\t\t\t<iframe loading=\"lazy\"\n\t\t\t\t\tsrc=\"https:\/\/maps.google.com\/maps?q=plaza%20de%20la%20constitucion%20la%20orotava&#038;t=m&#038;z=16&#038;output=embed&#038;iwloc=near\"\n\t\t\t\t\ttitle=\"plaza de la constitucion la orotava\"\n\t\t\t\t\taria-label=\"plaza de la constitucion la orotava\"\n\t\t\t><\/iframe>\n\t\t<\/div>\n\t\t\t\t\t\t<\/div>\n\t\t\t\t<\/div>\n\t\t\t\t\t<\/div>\n\t\t<\/div>\n\t\t\t\t\t<\/div>\n\t\t<\/section>\n\t\t\t\t<\/div>\n\t\t","protected":false},"excerpt":{"rendered":"<p>1. El Puente Nos encontramos en el llamado Puente de La Orotava. Si miras hacia abajo, ver\u00e1s\u00a0que une los dos m\u00e1rgenes del barranco de Araujo y salva el desnivel que\u00a0antiguamente dificultaba el tr\u00e1nsito por La Villa. Fue construido en los a\u00f1os\u00a0sesenta. Desde el puente hacia el mar se tiene una vista privilegiada de los\u00a0tejados de las antiguas casas de la Orotava y varias de las principales iglesias. Se\u00a0puede apreciar la c\u00fapula de la iglesia de Santo Domingo al frente y m\u00e1s a la\u00a0izquierda y arriba los campanarios de la monumental Iglesia de La Concepci\u00f3n. Tambi\u00e9n se ven en lo alto de algunas casas se\u00f1oriales los tradicionales miradores,\u00a0altas terrazas con per\u00edmetro de barandilla, algunos de ellos con elegantes\u00a0lucernarios acristalados. Desde all\u00ed se vigilaban las fincas de las propiedades, los\u00a0campesinos que las trabajaban, y la costa. El mar era fundamental para la\u00a0supervivencia, ya que era el \u00fanico punto de conexi\u00f3n con el exterior, y la amenaza\u00a0de la pirater\u00eda constituy\u00f3 un riesgo permanente hasta bien entrado el siglo XVII. Si\u00a0miras hacia la costa ver\u00e1s el Puerto de la Cruz, antiguo Puerto de la Orotava,\u00a0independizado de la misma en 1808. El Puerto de la Cruz fue un puerto de enorme importancia. A principios del siglo\u00a0XIX obtuvo su independencia de La Orotava tras un per\u00edodo no exento de\u00a0tensiones, en el que los ca\u00f1ones del Castillo de San Felipe, en la costa, llegaron a\u00a0apuntar a La Villa. Si miras hacia abajo ver\u00e1s los balcones traseros y las puertas de servicio de las\u00a0casas se\u00f1oriales que tienen su entrada principal en la calle Tom\u00e1s Zerolo. El barranco de Araujo era el l\u00edmite f\u00edsico del primer asentamiento de La Orotava,\u00a0que abarcaba, en el siglo XVI, desde este punto hasta la Iglesia de La\u00a0Concepci\u00f3n. Vuelve ahora hacia la oficina de turismo y camina bajo los soportales hacia la calle\u00a0adoquinada del fondo. Cruza la calle y encontrar\u00e1s el indicativo de la siguiente\u00a0pista.<\/p>\n","protected":false},"author":3,"featured_media":0,"parent":0,"menu_order":0,"comment_status":"closed","ping_status":"closed","template":"","meta":{"_acf_changed":false,"ocean_post_layout":"","ocean_both_sidebars_style":"","ocean_both_sidebars_content_width":0,"ocean_both_sidebars_sidebars_width":0,"ocean_sidebar":"0","ocean_second_sidebar":"0","ocean_disable_margins":"enable","ocean_add_body_class":"","ocean_shortcode_before_top_bar":"","ocean_shortcode_after_top_bar":"","ocean_shortcode_before_header":"","ocean_shortcode_after_header":"","ocean_has_shortcode":"","ocean_shortcode_after_title":"","ocean_shortcode_before_footer_widgets":"","ocean_shortcode_after_footer_widgets":"","ocean_shortcode_before_footer_bottom":"","ocean_shortcode_after_footer_bottom":"","ocean_display_top_bar":"default","ocean_display_header":"default","ocean_header_style":"","ocean_center_header_left_menu":"0","ocean_custom_header_template":"0","ocean_custom_logo":0,"ocean_custom_retina_logo":0,"ocean_custom_logo_max_width":0,"ocean_custom_logo_tablet_max_width":0,"ocean_custom_logo_mobile_max_width":0,"ocean_custom_logo_max_height":0,"ocean_custom_logo_tablet_max_height":0,"ocean_custom_logo_mobile_max_height":0,"ocean_header_custom_menu":"0","ocean_menu_typo_font_family":"0","ocean_menu_typo_font_subset":"","ocean_menu_typo_font_size":0,"ocean_menu_typo_font_size_tablet":0,"ocean_menu_typo_font_size_mobile":0,"ocean_menu_typo_font_size_unit":"px","ocean_menu_typo_font_weight":"","ocean_menu_typo_font_weight_tablet":"","ocean_menu_typo_font_weight_mobile":"","ocean_menu_typo_transform":"","ocean_menu_typo_transform_tablet":"","ocean_menu_typo_transform_mobile":"","ocean_menu_typo_line_height":0,"ocean_menu_typo_line_height_tablet":0,"ocean_menu_typo_line_height_mobile":0,"ocean_menu_typo_line_height_unit":"","ocean_menu_typo_spacing":0,"ocean_menu_typo_spacing_tablet":0,"ocean_menu_typo_spacing_mobile":0,"ocean_menu_typo_spacing_unit":"","ocean_menu_link_color":"","ocean_menu_link_color_hover":"","ocean_menu_link_color_active":"","ocean_menu_link_background":"","ocean_menu_link_hover_background":"","ocean_menu_link_active_background":"","ocean_menu_social_links_bg":"","ocean_menu_social_hover_links_bg":"","ocean_menu_social_links_color":"","ocean_menu_social_hover_links_color":"","ocean_disable_title":"default","ocean_disable_heading":"on","ocean_post_title":"","ocean_post_subheading":"","ocean_post_title_style":"","ocean_post_title_background_color":"","ocean_post_title_background":0,"ocean_post_title_bg_image_position":"","ocean_post_title_bg_image_attachment":"","ocean_post_title_bg_image_repeat":"","ocean_post_title_bg_image_size":"","ocean_post_title_height":0,"ocean_post_title_bg_overlay":0.5,"ocean_post_title_bg_overlay_color":"","ocean_disable_breadcrumbs":"default","ocean_breadcrumbs_color":"","ocean_breadcrumbs_separator_color":"","ocean_breadcrumbs_links_color":"","ocean_breadcrumbs_links_hover_color":"","ocean_display_footer_widgets":"default","ocean_display_footer_bottom":"default","ocean_custom_footer_template":"0","footnotes":""},"class_list":["post-1006233","page","type-page","status-publish","hentry","entry"],"acf":[],"yoast_head":"<!-- This site is optimized with the Yoast SEO plugin v27.2 - https:\/\/yoast.com\/product\/yoast-seo-wordpress\/ -->\n<title>1. El Puente - Web de Turismo del Ayuntamiento de La Orotava<\/title>\n<meta name=\"robots\" content=\"index, follow, max-snippet:-1, max-image-preview:large, max-video-preview:-1\" \/>\n<link rel=\"canonical\" href=\"https:\/\/www.laorotava.es\/turismo\/1-el-puente\/\" \/>\n<meta property=\"og:locale\" content=\"es_ES\" \/>\n<meta property=\"og:type\" content=\"article\" \/>\n<meta property=\"og:title\" content=\"1. El Puente - Web de Turismo del Ayuntamiento de La Orotava\" \/>\n<meta property=\"og:description\" content=\"1. El Puente Nos encontramos en el llamado Puente de La Orotava. Si miras hacia abajo, ver\u00e1s\u00a0que une los dos m\u00e1rgenes del barranco de Araujo y salva el desnivel que\u00a0antiguamente dificultaba el tr\u00e1nsito por La Villa. Fue construido en los a\u00f1os\u00a0sesenta. Desde el puente hacia el mar se tiene una vista privilegiada de los\u00a0tejados de las antiguas casas de la Orotava y varias de las principales iglesias. Se\u00a0puede apreciar la c\u00fapula de la iglesia de Santo Domingo al frente y m\u00e1s a la\u00a0izquierda y arriba los campanarios de la monumental Iglesia de La Concepci\u00f3n. Tambi\u00e9n se ven en lo alto de algunas casas se\u00f1oriales los tradicionales miradores,\u00a0altas terrazas con per\u00edmetro de barandilla, algunos de ellos con elegantes\u00a0lucernarios acristalados. Desde all\u00ed se vigilaban las fincas de las propiedades, los\u00a0campesinos que las trabajaban, y la costa. El mar era fundamental para la\u00a0supervivencia, ya que era el \u00fanico punto de conexi\u00f3n con el exterior, y la amenaza\u00a0de la pirater\u00eda constituy\u00f3 un riesgo permanente hasta bien entrado el siglo XVII. Si\u00a0miras hacia la costa ver\u00e1s el Puerto de la Cruz, antiguo Puerto de la Orotava,\u00a0independizado de la misma en 1808. El Puerto de la Cruz fue un puerto de enorme importancia. A principios del siglo\u00a0XIX obtuvo su independencia de La Orotava tras un per\u00edodo no exento de\u00a0tensiones, en el que los ca\u00f1ones del Castillo de San Felipe, en la costa, llegaron a\u00a0apuntar a La Villa. Si miras hacia abajo ver\u00e1s los balcones traseros y las puertas de servicio de las\u00a0casas se\u00f1oriales que tienen su entrada principal en la calle Tom\u00e1s Zerolo. El barranco de Araujo era el l\u00edmite f\u00edsico del primer asentamiento de La Orotava,\u00a0que abarcaba, en el siglo XVI, desde este punto hasta la Iglesia de La\u00a0Concepci\u00f3n. Vuelve ahora hacia la oficina de turismo y camina bajo los soportales hacia la calle\u00a0adoquinada del fondo. Cruza la calle y encontrar\u00e1s el indicativo de la siguiente\u00a0pista.\" \/>\n<meta property=\"og:url\" content=\"https:\/\/www.laorotava.es\/turismo\/1-el-puente\/\" \/>\n<meta property=\"og:site_name\" content=\"Web de Turismo del Ayuntamiento de La Orotava\" \/>\n<meta property=\"article:publisher\" content=\"https:\/\/www.facebook.com\/TurismoLaOrotava\/\" \/>\n<meta property=\"article:modified_time\" content=\"2022-08-22T13:08:21+00:00\" \/>\n<meta property=\"og:image\" content=\"https:\/\/www.laorotava.es\/sites\/default\/files\/styles\/large\/public\/rutas\/1.png?itok=oBww_NXG\" \/>\n<meta name=\"twitter:card\" content=\"summary_large_image\" \/>\n<meta name=\"twitter:site\" content=\"@LaOrotava\" \/>\n<meta name=\"twitter:label1\" content=\"Tiempo de lectura\" \/>\n\t<meta name=\"twitter:data1\" content=\"2 minutos\" \/>\n<script type=\"application\/ld+json\" class=\"yoast-schema-graph\">{\"@context\":\"https:\/\/schema.org\",\"@graph\":[{\"@type\":\"WebPage\",\"@id\":\"https:\/\/www.laorotava.es\/turismo\/1-el-puente\/\",\"url\":\"https:\/\/www.laorotava.es\/turismo\/1-el-puente\/\",\"name\":\"1. El Puente - Web de Turismo del Ayuntamiento de La Orotava\",\"isPartOf\":{\"@id\":\"https:\/\/www.laorotava.es\/turismo\/#website\"},\"primaryImageOfPage\":{\"@id\":\"https:\/\/www.laorotava.es\/turismo\/1-el-puente\/#primaryimage\"},\"image\":{\"@id\":\"https:\/\/www.laorotava.es\/turismo\/1-el-puente\/#primaryimage\"},\"thumbnailUrl\":\"https:\/\/www.laorotava.es\/sites\/default\/files\/styles\/large\/public\/rutas\/1.png?itok=oBww_NXG\",\"datePublished\":\"2022-08-22T13:02:22+00:00\",\"dateModified\":\"2022-08-22T13:08:21+00:00\",\"breadcrumb\":{\"@id\":\"https:\/\/www.laorotava.es\/turismo\/1-el-puente\/#breadcrumb\"},\"inLanguage\":\"es\",\"potentialAction\":[{\"@type\":\"ReadAction\",\"target\":[\"https:\/\/www.laorotava.es\/turismo\/1-el-puente\/\"]}]},{\"@type\":\"ImageObject\",\"inLanguage\":\"es\",\"@id\":\"https:\/\/www.laorotava.es\/turismo\/1-el-puente\/#primaryimage\",\"url\":\"https:\/\/www.laorotava.es\/sites\/default\/files\/styles\/large\/public\/rutas\/1.png?itok=oBww_NXG\",\"contentUrl\":\"https:\/\/www.laorotava.es\/sites\/default\/files\/styles\/large\/public\/rutas\/1.png?itok=oBww_NXG\"},{\"@type\":\"BreadcrumbList\",\"@id\":\"https:\/\/www.laorotava.es\/turismo\/1-el-puente\/#breadcrumb\",\"itemListElement\":[{\"@type\":\"ListItem\",\"position\":1,\"name\":\"Portada\",\"item\":\"https:\/\/www.laorotava.es\/turismo\/\"},{\"@type\":\"ListItem\",\"position\":2,\"name\":\"1. El Puente\"}]},{\"@type\":\"WebSite\",\"@id\":\"https:\/\/www.laorotava.es\/turismo\/#website\",\"url\":\"https:\/\/www.laorotava.es\/turismo\/\",\"name\":\"Web de Turismo del Ayuntamiento de La Orotava\",\"description\":\"\",\"publisher\":{\"@id\":\"https:\/\/www.laorotava.es\/turismo\/#organization\"},\"potentialAction\":[{\"@type\":\"SearchAction\",\"target\":{\"@type\":\"EntryPoint\",\"urlTemplate\":\"https:\/\/www.laorotava.es\/turismo\/?s={search_term_string}\"},\"query-input\":{\"@type\":\"PropertyValueSpecification\",\"valueRequired\":true,\"valueName\":\"search_term_string\"}}],\"inLanguage\":\"es\"},{\"@type\":\"Organization\",\"@id\":\"https:\/\/www.laorotava.es\/turismo\/#organization\",\"name\":\"Ayuntamiento de La Orotava\",\"url\":\"https:\/\/www.laorotava.es\/turismo\/\",\"logo\":{\"@type\":\"ImageObject\",\"inLanguage\":\"es\",\"@id\":\"https:\/\/www.laorotava.es\/turismo\/#\/schema\/logo\/image\/\",\"url\":\"https:\/\/www.laorotava.es\/turismo\/wp-content\/uploads\/2022\/08\/logo.png\",\"contentUrl\":\"https:\/\/www.laorotava.es\/turismo\/wp-content\/uploads\/2022\/08\/logo.png\",\"width\":1195,\"height\":180,\"caption\":\"Ayuntamiento de La Orotava\"},\"image\":{\"@id\":\"https:\/\/www.laorotava.es\/turismo\/#\/schema\/logo\/image\/\"},\"sameAs\":[\"https:\/\/www.facebook.com\/TurismoLaOrotava\/\",\"https:\/\/x.com\/LaOrotava\"]}]}<\/script>\n<!-- \/ Yoast SEO plugin. -->","yoast_head_json":{"title":"1. El Puente - Web de Turismo del Ayuntamiento de La Orotava","robots":{"index":"index","follow":"follow","max-snippet":"max-snippet:-1","max-image-preview":"max-image-preview:large","max-video-preview":"max-video-preview:-1"},"canonical":"https:\/\/www.laorotava.es\/turismo\/1-el-puente\/","og_locale":"es_ES","og_type":"article","og_title":"1. El Puente - Web de Turismo del Ayuntamiento de La Orotava","og_description":"1. El Puente Nos encontramos en el llamado Puente de La Orotava. Si miras hacia abajo, ver\u00e1s\u00a0que une los dos m\u00e1rgenes del barranco de Araujo y salva el desnivel que\u00a0antiguamente dificultaba el tr\u00e1nsito por La Villa. Fue construido en los a\u00f1os\u00a0sesenta. Desde el puente hacia el mar se tiene una vista privilegiada de los\u00a0tejados de las antiguas casas de la Orotava y varias de las principales iglesias. Se\u00a0puede apreciar la c\u00fapula de la iglesia de Santo Domingo al frente y m\u00e1s a la\u00a0izquierda y arriba los campanarios de la monumental Iglesia de La Concepci\u00f3n. Tambi\u00e9n se ven en lo alto de algunas casas se\u00f1oriales los tradicionales miradores,\u00a0altas terrazas con per\u00edmetro de barandilla, algunos de ellos con elegantes\u00a0lucernarios acristalados. Desde all\u00ed se vigilaban las fincas de las propiedades, los\u00a0campesinos que las trabajaban, y la costa. El mar era fundamental para la\u00a0supervivencia, ya que era el \u00fanico punto de conexi\u00f3n con el exterior, y la amenaza\u00a0de la pirater\u00eda constituy\u00f3 un riesgo permanente hasta bien entrado el siglo XVII. Si\u00a0miras hacia la costa ver\u00e1s el Puerto de la Cruz, antiguo Puerto de la Orotava,\u00a0independizado de la misma en 1808. El Puerto de la Cruz fue un puerto de enorme importancia. A principios del siglo\u00a0XIX obtuvo su independencia de La Orotava tras un per\u00edodo no exento de\u00a0tensiones, en el que los ca\u00f1ones del Castillo de San Felipe, en la costa, llegaron a\u00a0apuntar a La Villa. Si miras hacia abajo ver\u00e1s los balcones traseros y las puertas de servicio de las\u00a0casas se\u00f1oriales que tienen su entrada principal en la calle Tom\u00e1s Zerolo. El barranco de Araujo era el l\u00edmite f\u00edsico del primer asentamiento de La Orotava,\u00a0que abarcaba, en el siglo XVI, desde este punto hasta la Iglesia de La\u00a0Concepci\u00f3n. Vuelve ahora hacia la oficina de turismo y camina bajo los soportales hacia la calle\u00a0adoquinada del fondo. Cruza la calle y encontrar\u00e1s el indicativo de la siguiente\u00a0pista.","og_url":"https:\/\/www.laorotava.es\/turismo\/1-el-puente\/","og_site_name":"Web de Turismo del Ayuntamiento de La Orotava","article_publisher":"https:\/\/www.facebook.com\/TurismoLaOrotava\/","article_modified_time":"2022-08-22T13:08:21+00:00","og_image":[{"url":"https:\/\/www.laorotava.es\/sites\/default\/files\/styles\/large\/public\/rutas\/1.png?itok=oBww_NXG","type":"","width":"","height":""}],"twitter_card":"summary_large_image","twitter_site":"@LaOrotava","twitter_misc":{"Tiempo de lectura":"2 minutos"},"schema":{"@context":"https:\/\/schema.org","@graph":[{"@type":"WebPage","@id":"https:\/\/www.laorotava.es\/turismo\/1-el-puente\/","url":"https:\/\/www.laorotava.es\/turismo\/1-el-puente\/","name":"1. El Puente - Web de Turismo del Ayuntamiento de La Orotava","isPartOf":{"@id":"https:\/\/www.laorotava.es\/turismo\/#website"},"primaryImageOfPage":{"@id":"https:\/\/www.laorotava.es\/turismo\/1-el-puente\/#primaryimage"},"image":{"@id":"https:\/\/www.laorotava.es\/turismo\/1-el-puente\/#primaryimage"},"thumbnailUrl":"https:\/\/www.laorotava.es\/sites\/default\/files\/styles\/large\/public\/rutas\/1.png?itok=oBww_NXG","datePublished":"2022-08-22T13:02:22+00:00","dateModified":"2022-08-22T13:08:21+00:00","breadcrumb":{"@id":"https:\/\/www.laorotava.es\/turismo\/1-el-puente\/#breadcrumb"},"inLanguage":"es","potentialAction":[{"@type":"ReadAction","target":["https:\/\/www.laorotava.es\/turismo\/1-el-puente\/"]}]},{"@type":"ImageObject","inLanguage":"es","@id":"https:\/\/www.laorotava.es\/turismo\/1-el-puente\/#primaryimage","url":"https:\/\/www.laorotava.es\/sites\/default\/files\/styles\/large\/public\/rutas\/1.png?itok=oBww_NXG","contentUrl":"https:\/\/www.laorotava.es\/sites\/default\/files\/styles\/large\/public\/rutas\/1.png?itok=oBww_NXG"},{"@type":"BreadcrumbList","@id":"https:\/\/www.laorotava.es\/turismo\/1-el-puente\/#breadcrumb","itemListElement":[{"@type":"ListItem","position":1,"name":"Portada","item":"https:\/\/www.laorotava.es\/turismo\/"},{"@type":"ListItem","position":2,"name":"1. El Puente"}]},{"@type":"WebSite","@id":"https:\/\/www.laorotava.es\/turismo\/#website","url":"https:\/\/www.laorotava.es\/turismo\/","name":"Web de Turismo del Ayuntamiento de La Orotava","description":"","publisher":{"@id":"https:\/\/www.laorotava.es\/turismo\/#organization"},"potentialAction":[{"@type":"SearchAction","target":{"@type":"EntryPoint","urlTemplate":"https:\/\/www.laorotava.es\/turismo\/?s={search_term_string}"},"query-input":{"@type":"PropertyValueSpecification","valueRequired":true,"valueName":"search_term_string"}}],"inLanguage":"es"},{"@type":"Organization","@id":"https:\/\/www.laorotava.es\/turismo\/#organization","name":"Ayuntamiento de La Orotava","url":"https:\/\/www.laorotava.es\/turismo\/","logo":{"@type":"ImageObject","inLanguage":"es","@id":"https:\/\/www.laorotava.es\/turismo\/#\/schema\/logo\/image\/","url":"https:\/\/www.laorotava.es\/turismo\/wp-content\/uploads\/2022\/08\/logo.png","contentUrl":"https:\/\/www.laorotava.es\/turismo\/wp-content\/uploads\/2022\/08\/logo.png","width":1195,"height":180,"caption":"Ayuntamiento de La Orotava"},"image":{"@id":"https:\/\/www.laorotava.es\/turismo\/#\/schema\/logo\/image\/"},"sameAs":["https:\/\/www.facebook.com\/TurismoLaOrotava\/","https:\/\/x.com\/LaOrotava"]}]}},"_links":{"self":[{"href":"https:\/\/www.laorotava.es\/turismo\/wp-json\/wp\/v2\/pages\/1006233","targetHints":{"allow":["GET"]}}],"collection":[{"href":"https:\/\/www.laorotava.es\/turismo\/wp-json\/wp\/v2\/pages"}],"about":[{"href":"https:\/\/www.laorotava.es\/turismo\/wp-json\/wp\/v2\/types\/page"}],"author":[{"embeddable":true,"href":"https:\/\/www.laorotava.es\/turismo\/wp-json\/wp\/v2\/users\/3"}],"replies":[{"embeddable":true,"href":"https:\/\/www.laorotava.es\/turismo\/wp-json\/wp\/v2\/comments?post=1006233"}],"version-history":[{"count":0,"href":"https:\/\/www.laorotava.es\/turismo\/wp-json\/wp\/v2\/pages\/1006233\/revisions"}],"wp:attachment":[{"href":"https:\/\/www.laorotava.es\/turismo\/wp-json\/wp\/v2\/media?parent=1006233"}],"curies":[{"name":"wp","href":"https:\/\/api.w.org\/{rel}","templated":true}]}}