{"id":1006273,"date":"2022-08-22T13:11:23","date_gmt":"2022-08-22T13:11:23","guid":{"rendered":"https:\/\/www.laorotava.es\/turismo\/?page_id=1006273"},"modified":"2022-08-22T13:13:02","modified_gmt":"2022-08-22T13:13:02","slug":"2-calle-carrera-del-escultor-estevez","status":"publish","type":"page","link":"https:\/\/www.laorotava.es\/turismo\/2-calle-carrera-del-escultor-estevez\/","title":{"rendered":"2. Calle Carrera del Escultor Est\u00e9vez"},"content":{"rendered":"\t\t<div data-elementor-type=\"wp-page\" data-elementor-id=\"1006273\" class=\"elementor elementor-1006273\">\n\t\t\t\t\t\t<section class=\"elementor-section elementor-top-section elementor-element elementor-element-3d9807bb elementor-section-stretched elementor-section-boxed elementor-section-height-default elementor-section-height-default wpr-particle-no wpr-jarallax-no wpr-parallax-no wpr-sticky-section-no\" data-id=\"3d9807bb\" data-element_type=\"section\" data-e-type=\"section\" data-settings=\"{&quot;stretch_section&quot;:&quot;section-stretched&quot;}\">\n\t\t\t\t\t\t<div class=\"elementor-container elementor-column-gap-default\">\n\t\t\t\t\t<div class=\"elementor-column elementor-col-100 elementor-top-column elementor-element elementor-element-2300cbb7\" data-id=\"2300cbb7\" data-element_type=\"column\" data-e-type=\"column\">\n\t\t\t<div class=\"elementor-widget-wrap elementor-element-populated\">\n\t\t\t\t\t\t<div class=\"elementor-element elementor-element-14ea8241 elementor-widget elementor-widget-heading\" data-id=\"14ea8241\" data-element_type=\"widget\" data-e-type=\"widget\" data-widget_type=\"heading.default\">\n\t\t\t\t<div class=\"elementor-widget-container\">\n\t\t\t\t\t<h2 class=\"elementor-heading-title elementor-size-small\">2. Calle Carrera del Escultor Est\u00e9vez\n<\/h2>\t\t\t\t<\/div>\n\t\t\t\t<\/div>\n\t\t\t\t<div class=\"elementor-element elementor-element-2da3d12f elementor-widget-divider--view-line elementor-widget elementor-widget-divider\" data-id=\"2da3d12f\" data-element_type=\"widget\" data-e-type=\"widget\" data-widget_type=\"divider.default\">\n\t\t\t\t<div class=\"elementor-widget-container\">\n\t\t\t\t\t\t\t<div class=\"elementor-divider\">\n\t\t\t<span class=\"elementor-divider-separator\">\n\t\t\t\t\t\t<\/span>\n\t\t<\/div>\n\t\t\t\t\t\t<\/div>\n\t\t\t\t<\/div>\n\t\t\t\t<div class=\"elementor-element elementor-element-b701348 elementor-widget elementor-widget-wp-widget-media_audio\" data-id=\"b701348\" data-element_type=\"widget\" data-e-type=\"widget\" data-widget_type=\"wp-widget-media_audio.default\">\n\t\t\t\t<div class=\"elementor-widget-container\">\n\t\t\t\t\t<audio class=\"wp-audio-shortcode\" id=\"audio-1006273-1\" preload=\"none\" style=\"width: 100%;\" controls=\"controls\"><source type=\"audio\/mpeg\" src=\"https:\/\/www.laorotava.es\/turismo\/wp-content\/uploads\/2019\/03\/02_ra_calle_carrera.mp3?_=1\" \/><source type=\"audio\/mpeg\" src=\"https:\/\/www.laorotava.es\/turismo\/wp-content\/uploads\/2019\/03\/02_ra_calle_carrera.mp3?_=1\" \/><a href=\"https:\/\/www.laorotava.es\/turismo\/wp-content\/uploads\/2019\/03\/02_ra_calle_carrera.mp3\">https:\/\/www.laorotava.es\/turismo\/wp-content\/uploads\/2019\/03\/02_ra_calle_carrera.mp3<\/a><\/audio>\t\t\t\t<\/div>\n\t\t\t\t<\/div>\n\t\t\t\t<div class=\"elementor-element elementor-element-5c8e8de7 elementor-widget elementor-widget-text-editor\" data-id=\"5c8e8de7\" data-element_type=\"widget\" data-e-type=\"widget\" data-widget_type=\"text-editor.default\">\n\t\t\t\t<div class=\"elementor-widget-container\">\n\t\t\t\t\t\t\t\t\t<p><span style=\"color: #444444;\"><img decoding=\"async\" class=\"alignleft\" src=\"https:\/\/www.laorotava.es\/sites\/default\/files\/styles\/large\/public\/rutas\/2.png?itok=UdmOGBDk\" \/><\/span><\/p><p><span style=\"color: #444444;\">Esta calle hizo su transformaci\u00f3n de camino de tierra a elegante calle adoquinada gracias al desarrollo del comercio durante el \u00faltimo tercio del siglo XIX. Debido a la implantaci\u00f3n generalizada del cultivo de platanera, la Orotava vivi\u00f3 un desarrollo econ\u00f3mico que propici\u00f3 el auge de la burgues\u00eda comercial, y con \u00e9l, la aparici\u00f3n de nuevas industrias y comercios, que se instalaron principalmente en esta calle.<\/span><\/p><p><span style=\"color: #444444;\">Algunos de estos comercios se mantienen en activo desde entonces.<\/span><\/p><p><span style=\"color: #444444;\">La reforma urbana de principios del siglo XX cambi\u00f3 por completo la cara de La Orotava y surgi\u00f3 una arquitectura ecl\u00e9ctica. Las plantas bajas de las antiguas casas del siglo XVIII fueron reconvertidas en locales comerciales y a menudo las fachadas se modificaron tambi\u00e9n, para adaptarse a los variados estilos arquitect\u00f3nicos que iban surgiendo. En toda La Orotava podr\u00e1s encontrar estos curiosos edificios antiguos reconvertidos, pero aqu\u00ed ver\u00e1s como en ning\u00fan otro sitio ese esp\u00edritu de transformaci\u00f3n que experiment\u00f3 la Villa y que convirti\u00f3 esta calle en arteria comercial.<\/span><\/p><p><span style=\"color: #444444;\">En el n\u00famero 5 de esta calle naci\u00f3 y vivi\u00f3 su infancia Fernando Est\u00e9vez: escultor y pintor nacido en 1788, considerado el m\u00e1ximo exponente de la escultura neocl\u00e1sica en Canarias. A pesar del amplio reconocimiento que goz\u00f3 su obra, se vio obligado a alternar el desarrollo de su carrera escult\u00f3rica con otras facetas profesionales como la de urbanista y maestro de dibujo, ya que su ingente producci\u00f3n art\u00edstica no le era suficiente para sobrevivir. Su obra m\u00e1s conocida es la imagen de la Virgen de Candelaria, patrona de Canarias.<\/span><\/p><p><span style=\"color: #444444;\">Sigamos hacia delante hasta la esquina con la calle Tom\u00e1s P\u00e9rez. En el lado izquierdo de la calle encontraremos una marca oculta en la acera que rememora los c\u00e1lculos de la medici\u00f3n de la altura del Teide.<\/span><\/p>\t\t\t\t\t\t\t\t<\/div>\n\t\t\t\t<\/div>\n\t\t\t\t<div class=\"elementor-element elementor-element-4ffb94b8 elementor-widget elementor-widget-google_maps\" data-id=\"4ffb94b8\" data-element_type=\"widget\" data-e-type=\"widget\" data-widget_type=\"google_maps.default\">\n\t\t\t\t<div class=\"elementor-widget-container\">\n\t\t\t\t\t\t\t<div class=\"elementor-custom-embed\">\n\t\t\t<iframe loading=\"lazy\"\n\t\t\t\t\tsrc=\"https:\/\/maps.google.com\/maps?q=calle%20carrera%20del%20escultor%20estevez&#038;t=m&#038;z=16&#038;output=embed&#038;iwloc=near\"\n\t\t\t\t\ttitle=\"calle carrera del escultor estevez\"\n\t\t\t\t\taria-label=\"calle carrera del escultor estevez\"\n\t\t\t><\/iframe>\n\t\t<\/div>\n\t\t\t\t\t\t<\/div>\n\t\t\t\t<\/div>\n\t\t\t\t\t<\/div>\n\t\t<\/div>\n\t\t\t\t\t<\/div>\n\t\t<\/section>\n\t\t\t\t<\/div>\n\t\t","protected":false},"excerpt":{"rendered":"<p>2. Calle Carrera del Escultor Est\u00e9vez Esta calle hizo su transformaci\u00f3n de camino de tierra a elegante calle adoquinada gracias al desarrollo del comercio durante el \u00faltimo tercio del siglo XIX. Debido a la implantaci\u00f3n generalizada del cultivo de platanera, la Orotava vivi\u00f3 un desarrollo econ\u00f3mico que propici\u00f3 el auge de la burgues\u00eda comercial, y con \u00e9l, la aparici\u00f3n de nuevas industrias y comercios, que se instalaron principalmente en esta calle. Algunos de estos comercios se mantienen en activo desde entonces. La reforma urbana de principios del siglo XX cambi\u00f3 por completo la cara de La Orotava y surgi\u00f3 una arquitectura ecl\u00e9ctica. Las plantas bajas de las antiguas casas del siglo XVIII fueron reconvertidas en locales comerciales y a menudo las fachadas se modificaron tambi\u00e9n, para adaptarse a los variados estilos arquitect\u00f3nicos que iban surgiendo. En toda La Orotava podr\u00e1s encontrar estos curiosos edificios antiguos reconvertidos, pero aqu\u00ed ver\u00e1s como en ning\u00fan otro sitio ese esp\u00edritu de transformaci\u00f3n que experiment\u00f3 la Villa y que convirti\u00f3 esta calle en arteria comercial. En el n\u00famero 5 de esta calle naci\u00f3 y vivi\u00f3 su infancia Fernando Est\u00e9vez: escultor y pintor nacido en 1788, considerado el m\u00e1ximo exponente de la escultura neocl\u00e1sica en Canarias. A pesar del amplio reconocimiento que goz\u00f3 su obra, se vio obligado a alternar el desarrollo de su carrera escult\u00f3rica con otras facetas profesionales como la de urbanista y maestro de dibujo, ya que su ingente producci\u00f3n art\u00edstica no le era suficiente para sobrevivir. Su obra m\u00e1s conocida es la imagen de la Virgen de Candelaria, patrona de Canarias. Sigamos hacia delante hasta la esquina con la calle Tom\u00e1s P\u00e9rez. En el lado izquierdo de la calle encontraremos una marca oculta en la acera que rememora los c\u00e1lculos de la medici\u00f3n de la altura del Teide.<\/p>\n","protected":false},"author":3,"featured_media":0,"parent":0,"menu_order":0,"comment_status":"closed","ping_status":"closed","template":"","meta":{"_acf_changed":false,"ocean_post_layout":"","ocean_both_sidebars_style":"","ocean_both_sidebars_content_width":0,"ocean_both_sidebars_sidebars_width":0,"ocean_sidebar":"0","ocean_second_sidebar":"0","ocean_disable_margins":"enable","ocean_add_body_class":"","ocean_shortcode_before_top_bar":"","ocean_shortcode_after_top_bar":"","ocean_shortcode_before_header":"","ocean_shortcode_after_header":"","ocean_has_shortcode":"","ocean_shortcode_after_title":"","ocean_shortcode_before_footer_widgets":"","ocean_shortcode_after_footer_widgets":"","ocean_shortcode_before_footer_bottom":"","ocean_shortcode_after_footer_bottom":"","ocean_display_top_bar":"default","ocean_display_header":"default","ocean_header_style":"","ocean_center_header_left_menu":"0","ocean_custom_header_template":"0","ocean_custom_logo":0,"ocean_custom_retina_logo":0,"ocean_custom_logo_max_width":0,"ocean_custom_logo_tablet_max_width":0,"ocean_custom_logo_mobile_max_width":0,"ocean_custom_logo_max_height":0,"ocean_custom_logo_tablet_max_height":0,"ocean_custom_logo_mobile_max_height":0,"ocean_header_custom_menu":"0","ocean_menu_typo_font_family":"0","ocean_menu_typo_font_subset":"","ocean_menu_typo_font_size":0,"ocean_menu_typo_font_size_tablet":0,"ocean_menu_typo_font_size_mobile":0,"ocean_menu_typo_font_size_unit":"px","ocean_menu_typo_font_weight":"","ocean_menu_typo_font_weight_tablet":"","ocean_menu_typo_font_weight_mobile":"","ocean_menu_typo_transform":"","ocean_menu_typo_transform_tablet":"","ocean_menu_typo_transform_mobile":"","ocean_menu_typo_line_height":0,"ocean_menu_typo_line_height_tablet":0,"ocean_menu_typo_line_height_mobile":0,"ocean_menu_typo_line_height_unit":"","ocean_menu_typo_spacing":0,"ocean_menu_typo_spacing_tablet":0,"ocean_menu_typo_spacing_mobile":0,"ocean_menu_typo_spacing_unit":"","ocean_menu_link_color":"","ocean_menu_link_color_hover":"","ocean_menu_link_color_active":"","ocean_menu_link_background":"","ocean_menu_link_hover_background":"","ocean_menu_link_active_background":"","ocean_menu_social_links_bg":"","ocean_menu_social_hover_links_bg":"","ocean_menu_social_links_color":"","ocean_menu_social_hover_links_color":"","ocean_disable_title":"default","ocean_disable_heading":"on","ocean_post_title":"","ocean_post_subheading":"","ocean_post_title_style":"","ocean_post_title_background_color":"","ocean_post_title_background":0,"ocean_post_title_bg_image_position":"","ocean_post_title_bg_image_attachment":"","ocean_post_title_bg_image_repeat":"","ocean_post_title_bg_image_size":"","ocean_post_title_height":0,"ocean_post_title_bg_overlay":0.5,"ocean_post_title_bg_overlay_color":"","ocean_disable_breadcrumbs":"default","ocean_breadcrumbs_color":"","ocean_breadcrumbs_separator_color":"","ocean_breadcrumbs_links_color":"","ocean_breadcrumbs_links_hover_color":"","ocean_display_footer_widgets":"default","ocean_display_footer_bottom":"default","ocean_custom_footer_template":"0","footnotes":""},"class_list":["post-1006273","page","type-page","status-publish","hentry","entry"],"acf":[],"yoast_head":"<!-- This site is optimized with the Yoast SEO plugin v27.2 - https:\/\/yoast.com\/product\/yoast-seo-wordpress\/ -->\n<title>2. Calle Carrera del Escultor Est\u00e9vez - Web de Turismo del Ayuntamiento de La Orotava<\/title>\n<meta name=\"robots\" content=\"index, follow, max-snippet:-1, max-image-preview:large, max-video-preview:-1\" \/>\n<link rel=\"canonical\" href=\"https:\/\/www.laorotava.es\/turismo\/2-calle-carrera-del-escultor-estevez\/\" \/>\n<meta property=\"og:locale\" content=\"es_ES\" \/>\n<meta property=\"og:type\" content=\"article\" \/>\n<meta property=\"og:title\" content=\"2. Calle Carrera del Escultor Est\u00e9vez - Web de Turismo del Ayuntamiento de La Orotava\" \/>\n<meta property=\"og:description\" content=\"2. Calle Carrera del Escultor Est\u00e9vez Esta calle hizo su transformaci\u00f3n de camino de tierra a elegante calle adoquinada gracias al desarrollo del comercio durante el \u00faltimo tercio del siglo XIX. Debido a la implantaci\u00f3n generalizada del cultivo de platanera, la Orotava vivi\u00f3 un desarrollo econ\u00f3mico que propici\u00f3 el auge de la burgues\u00eda comercial, y con \u00e9l, la aparici\u00f3n de nuevas industrias y comercios, que se instalaron principalmente en esta calle. Algunos de estos comercios se mantienen en activo desde entonces. La reforma urbana de principios del siglo XX cambi\u00f3 por completo la cara de La Orotava y surgi\u00f3 una arquitectura ecl\u00e9ctica. Las plantas bajas de las antiguas casas del siglo XVIII fueron reconvertidas en locales comerciales y a menudo las fachadas se modificaron tambi\u00e9n, para adaptarse a los variados estilos arquitect\u00f3nicos que iban surgiendo. En toda La Orotava podr\u00e1s encontrar estos curiosos edificios antiguos reconvertidos, pero aqu\u00ed ver\u00e1s como en ning\u00fan otro sitio ese esp\u00edritu de transformaci\u00f3n que experiment\u00f3 la Villa y que convirti\u00f3 esta calle en arteria comercial. En el n\u00famero 5 de esta calle naci\u00f3 y vivi\u00f3 su infancia Fernando Est\u00e9vez: escultor y pintor nacido en 1788, considerado el m\u00e1ximo exponente de la escultura neocl\u00e1sica en Canarias. A pesar del amplio reconocimiento que goz\u00f3 su obra, se vio obligado a alternar el desarrollo de su carrera escult\u00f3rica con otras facetas profesionales como la de urbanista y maestro de dibujo, ya que su ingente producci\u00f3n art\u00edstica no le era suficiente para sobrevivir. Su obra m\u00e1s conocida es la imagen de la Virgen de Candelaria, patrona de Canarias. Sigamos hacia delante hasta la esquina con la calle Tom\u00e1s P\u00e9rez. En el lado izquierdo de la calle encontraremos una marca oculta en la acera que rememora los c\u00e1lculos de la medici\u00f3n de la altura del Teide.\" \/>\n<meta property=\"og:url\" content=\"https:\/\/www.laorotava.es\/turismo\/2-calle-carrera-del-escultor-estevez\/\" \/>\n<meta property=\"og:site_name\" content=\"Web de Turismo del Ayuntamiento de La Orotava\" \/>\n<meta property=\"article:publisher\" content=\"https:\/\/www.facebook.com\/TurismoLaOrotava\/\" \/>\n<meta property=\"article:modified_time\" content=\"2022-08-22T13:13:02+00:00\" \/>\n<meta property=\"og:image\" content=\"https:\/\/www.laorotava.es\/sites\/default\/files\/styles\/large\/public\/rutas\/2.png?itok=UdmOGBDk\" \/>\n<meta name=\"twitter:card\" content=\"summary_large_image\" \/>\n<meta name=\"twitter:site\" content=\"@LaOrotava\" \/>\n<meta name=\"twitter:label1\" content=\"Tiempo de lectura\" \/>\n\t<meta name=\"twitter:data1\" content=\"2 minutos\" \/>\n<script type=\"application\/ld+json\" class=\"yoast-schema-graph\">{\"@context\":\"https:\/\/schema.org\",\"@graph\":[{\"@type\":\"WebPage\",\"@id\":\"https:\/\/www.laorotava.es\/turismo\/2-calle-carrera-del-escultor-estevez\/\",\"url\":\"https:\/\/www.laorotava.es\/turismo\/2-calle-carrera-del-escultor-estevez\/\",\"name\":\"2. Calle Carrera del Escultor Est\u00e9vez - Web de Turismo del Ayuntamiento de La Orotava\",\"isPartOf\":{\"@id\":\"https:\/\/www.laorotava.es\/turismo\/#website\"},\"primaryImageOfPage\":{\"@id\":\"https:\/\/www.laorotava.es\/turismo\/2-calle-carrera-del-escultor-estevez\/#primaryimage\"},\"image\":{\"@id\":\"https:\/\/www.laorotava.es\/turismo\/2-calle-carrera-del-escultor-estevez\/#primaryimage\"},\"thumbnailUrl\":\"https:\/\/www.laorotava.es\/sites\/default\/files\/styles\/large\/public\/rutas\/2.png?itok=UdmOGBDk\",\"datePublished\":\"2022-08-22T13:11:23+00:00\",\"dateModified\":\"2022-08-22T13:13:02+00:00\",\"breadcrumb\":{\"@id\":\"https:\/\/www.laorotava.es\/turismo\/2-calle-carrera-del-escultor-estevez\/#breadcrumb\"},\"inLanguage\":\"es\",\"potentialAction\":[{\"@type\":\"ReadAction\",\"target\":[\"https:\/\/www.laorotava.es\/turismo\/2-calle-carrera-del-escultor-estevez\/\"]}]},{\"@type\":\"ImageObject\",\"inLanguage\":\"es\",\"@id\":\"https:\/\/www.laorotava.es\/turismo\/2-calle-carrera-del-escultor-estevez\/#primaryimage\",\"url\":\"https:\/\/www.laorotava.es\/sites\/default\/files\/styles\/large\/public\/rutas\/2.png?itok=UdmOGBDk\",\"contentUrl\":\"https:\/\/www.laorotava.es\/sites\/default\/files\/styles\/large\/public\/rutas\/2.png?itok=UdmOGBDk\"},{\"@type\":\"BreadcrumbList\",\"@id\":\"https:\/\/www.laorotava.es\/turismo\/2-calle-carrera-del-escultor-estevez\/#breadcrumb\",\"itemListElement\":[{\"@type\":\"ListItem\",\"position\":1,\"name\":\"Portada\",\"item\":\"https:\/\/www.laorotava.es\/turismo\/\"},{\"@type\":\"ListItem\",\"position\":2,\"name\":\"2. Calle Carrera del Escultor Est\u00e9vez\"}]},{\"@type\":\"WebSite\",\"@id\":\"https:\/\/www.laorotava.es\/turismo\/#website\",\"url\":\"https:\/\/www.laorotava.es\/turismo\/\",\"name\":\"Web de Turismo del Ayuntamiento de La Orotava\",\"description\":\"\",\"publisher\":{\"@id\":\"https:\/\/www.laorotava.es\/turismo\/#organization\"},\"potentialAction\":[{\"@type\":\"SearchAction\",\"target\":{\"@type\":\"EntryPoint\",\"urlTemplate\":\"https:\/\/www.laorotava.es\/turismo\/?s={search_term_string}\"},\"query-input\":{\"@type\":\"PropertyValueSpecification\",\"valueRequired\":true,\"valueName\":\"search_term_string\"}}],\"inLanguage\":\"es\"},{\"@type\":\"Organization\",\"@id\":\"https:\/\/www.laorotava.es\/turismo\/#organization\",\"name\":\"Ayuntamiento de La Orotava\",\"url\":\"https:\/\/www.laorotava.es\/turismo\/\",\"logo\":{\"@type\":\"ImageObject\",\"inLanguage\":\"es\",\"@id\":\"https:\/\/www.laorotava.es\/turismo\/#\/schema\/logo\/image\/\",\"url\":\"https:\/\/www.laorotava.es\/turismo\/wp-content\/uploads\/2022\/08\/logo.png\",\"contentUrl\":\"https:\/\/www.laorotava.es\/turismo\/wp-content\/uploads\/2022\/08\/logo.png\",\"width\":1195,\"height\":180,\"caption\":\"Ayuntamiento de La Orotava\"},\"image\":{\"@id\":\"https:\/\/www.laorotava.es\/turismo\/#\/schema\/logo\/image\/\"},\"sameAs\":[\"https:\/\/www.facebook.com\/TurismoLaOrotava\/\",\"https:\/\/x.com\/LaOrotava\"]}]}<\/script>\n<!-- \/ Yoast SEO plugin. -->","yoast_head_json":{"title":"2. Calle Carrera del Escultor Est\u00e9vez - Web de Turismo del Ayuntamiento de La Orotava","robots":{"index":"index","follow":"follow","max-snippet":"max-snippet:-1","max-image-preview":"max-image-preview:large","max-video-preview":"max-video-preview:-1"},"canonical":"https:\/\/www.laorotava.es\/turismo\/2-calle-carrera-del-escultor-estevez\/","og_locale":"es_ES","og_type":"article","og_title":"2. Calle Carrera del Escultor Est\u00e9vez - Web de Turismo del Ayuntamiento de La Orotava","og_description":"2. Calle Carrera del Escultor Est\u00e9vez Esta calle hizo su transformaci\u00f3n de camino de tierra a elegante calle adoquinada gracias al desarrollo del comercio durante el \u00faltimo tercio del siglo XIX. Debido a la implantaci\u00f3n generalizada del cultivo de platanera, la Orotava vivi\u00f3 un desarrollo econ\u00f3mico que propici\u00f3 el auge de la burgues\u00eda comercial, y con \u00e9l, la aparici\u00f3n de nuevas industrias y comercios, que se instalaron principalmente en esta calle. Algunos de estos comercios se mantienen en activo desde entonces. La reforma urbana de principios del siglo XX cambi\u00f3 por completo la cara de La Orotava y surgi\u00f3 una arquitectura ecl\u00e9ctica. Las plantas bajas de las antiguas casas del siglo XVIII fueron reconvertidas en locales comerciales y a menudo las fachadas se modificaron tambi\u00e9n, para adaptarse a los variados estilos arquitect\u00f3nicos que iban surgiendo. En toda La Orotava podr\u00e1s encontrar estos curiosos edificios antiguos reconvertidos, pero aqu\u00ed ver\u00e1s como en ning\u00fan otro sitio ese esp\u00edritu de transformaci\u00f3n que experiment\u00f3 la Villa y que convirti\u00f3 esta calle en arteria comercial. En el n\u00famero 5 de esta calle naci\u00f3 y vivi\u00f3 su infancia Fernando Est\u00e9vez: escultor y pintor nacido en 1788, considerado el m\u00e1ximo exponente de la escultura neocl\u00e1sica en Canarias. A pesar del amplio reconocimiento que goz\u00f3 su obra, se vio obligado a alternar el desarrollo de su carrera escult\u00f3rica con otras facetas profesionales como la de urbanista y maestro de dibujo, ya que su ingente producci\u00f3n art\u00edstica no le era suficiente para sobrevivir. Su obra m\u00e1s conocida es la imagen de la Virgen de Candelaria, patrona de Canarias. Sigamos hacia delante hasta la esquina con la calle Tom\u00e1s P\u00e9rez. En el lado izquierdo de la calle encontraremos una marca oculta en la acera que rememora los c\u00e1lculos de la medici\u00f3n de la altura del Teide.","og_url":"https:\/\/www.laorotava.es\/turismo\/2-calle-carrera-del-escultor-estevez\/","og_site_name":"Web de Turismo del Ayuntamiento de La Orotava","article_publisher":"https:\/\/www.facebook.com\/TurismoLaOrotava\/","article_modified_time":"2022-08-22T13:13:02+00:00","og_image":[{"url":"https:\/\/www.laorotava.es\/sites\/default\/files\/styles\/large\/public\/rutas\/2.png?itok=UdmOGBDk","type":"","width":"","height":""}],"twitter_card":"summary_large_image","twitter_site":"@LaOrotava","twitter_misc":{"Tiempo de lectura":"2 minutos"},"schema":{"@context":"https:\/\/schema.org","@graph":[{"@type":"WebPage","@id":"https:\/\/www.laorotava.es\/turismo\/2-calle-carrera-del-escultor-estevez\/","url":"https:\/\/www.laorotava.es\/turismo\/2-calle-carrera-del-escultor-estevez\/","name":"2. Calle Carrera del Escultor Est\u00e9vez - Web de Turismo del Ayuntamiento de La Orotava","isPartOf":{"@id":"https:\/\/www.laorotava.es\/turismo\/#website"},"primaryImageOfPage":{"@id":"https:\/\/www.laorotava.es\/turismo\/2-calle-carrera-del-escultor-estevez\/#primaryimage"},"image":{"@id":"https:\/\/www.laorotava.es\/turismo\/2-calle-carrera-del-escultor-estevez\/#primaryimage"},"thumbnailUrl":"https:\/\/www.laorotava.es\/sites\/default\/files\/styles\/large\/public\/rutas\/2.png?itok=UdmOGBDk","datePublished":"2022-08-22T13:11:23+00:00","dateModified":"2022-08-22T13:13:02+00:00","breadcrumb":{"@id":"https:\/\/www.laorotava.es\/turismo\/2-calle-carrera-del-escultor-estevez\/#breadcrumb"},"inLanguage":"es","potentialAction":[{"@type":"ReadAction","target":["https:\/\/www.laorotava.es\/turismo\/2-calle-carrera-del-escultor-estevez\/"]}]},{"@type":"ImageObject","inLanguage":"es","@id":"https:\/\/www.laorotava.es\/turismo\/2-calle-carrera-del-escultor-estevez\/#primaryimage","url":"https:\/\/www.laorotava.es\/sites\/default\/files\/styles\/large\/public\/rutas\/2.png?itok=UdmOGBDk","contentUrl":"https:\/\/www.laorotava.es\/sites\/default\/files\/styles\/large\/public\/rutas\/2.png?itok=UdmOGBDk"},{"@type":"BreadcrumbList","@id":"https:\/\/www.laorotava.es\/turismo\/2-calle-carrera-del-escultor-estevez\/#breadcrumb","itemListElement":[{"@type":"ListItem","position":1,"name":"Portada","item":"https:\/\/www.laorotava.es\/turismo\/"},{"@type":"ListItem","position":2,"name":"2. Calle Carrera del Escultor Est\u00e9vez"}]},{"@type":"WebSite","@id":"https:\/\/www.laorotava.es\/turismo\/#website","url":"https:\/\/www.laorotava.es\/turismo\/","name":"Web de Turismo del Ayuntamiento de La Orotava","description":"","publisher":{"@id":"https:\/\/www.laorotava.es\/turismo\/#organization"},"potentialAction":[{"@type":"SearchAction","target":{"@type":"EntryPoint","urlTemplate":"https:\/\/www.laorotava.es\/turismo\/?s={search_term_string}"},"query-input":{"@type":"PropertyValueSpecification","valueRequired":true,"valueName":"search_term_string"}}],"inLanguage":"es"},{"@type":"Organization","@id":"https:\/\/www.laorotava.es\/turismo\/#organization","name":"Ayuntamiento de La Orotava","url":"https:\/\/www.laorotava.es\/turismo\/","logo":{"@type":"ImageObject","inLanguage":"es","@id":"https:\/\/www.laorotava.es\/turismo\/#\/schema\/logo\/image\/","url":"https:\/\/www.laorotava.es\/turismo\/wp-content\/uploads\/2022\/08\/logo.png","contentUrl":"https:\/\/www.laorotava.es\/turismo\/wp-content\/uploads\/2022\/08\/logo.png","width":1195,"height":180,"caption":"Ayuntamiento de La Orotava"},"image":{"@id":"https:\/\/www.laorotava.es\/turismo\/#\/schema\/logo\/image\/"},"sameAs":["https:\/\/www.facebook.com\/TurismoLaOrotava\/","https:\/\/x.com\/LaOrotava"]}]}},"_links":{"self":[{"href":"https:\/\/www.laorotava.es\/turismo\/wp-json\/wp\/v2\/pages\/1006273","targetHints":{"allow":["GET"]}}],"collection":[{"href":"https:\/\/www.laorotava.es\/turismo\/wp-json\/wp\/v2\/pages"}],"about":[{"href":"https:\/\/www.laorotava.es\/turismo\/wp-json\/wp\/v2\/types\/page"}],"author":[{"embeddable":true,"href":"https:\/\/www.laorotava.es\/turismo\/wp-json\/wp\/v2\/users\/3"}],"replies":[{"embeddable":true,"href":"https:\/\/www.laorotava.es\/turismo\/wp-json\/wp\/v2\/comments?post=1006273"}],"version-history":[{"count":1,"href":"https:\/\/www.laorotava.es\/turismo\/wp-json\/wp\/v2\/pages\/1006273\/revisions"}],"predecessor-version":[{"id":1019767,"href":"https:\/\/www.laorotava.es\/turismo\/wp-json\/wp\/v2\/pages\/1006273\/revisions\/1019767"}],"wp:attachment":[{"href":"https:\/\/www.laorotava.es\/turismo\/wp-json\/wp\/v2\/media?parent=1006273"}],"curies":[{"name":"wp","href":"https:\/\/api.w.org\/{rel}","templated":true}]}}