{"id":1006425,"date":"2022-08-22T13:40:18","date_gmt":"2022-08-22T13:40:18","guid":{"rendered":"https:\/\/www.laorotava.es\/turismo\/?page_id=1006425"},"modified":"2022-08-22T13:41:53","modified_gmt":"2022-08-22T13:41:53","slug":"7-cementerio-municipal","status":"publish","type":"page","link":"https:\/\/www.laorotava.es\/turismo\/7-cementerio-municipal\/","title":{"rendered":"7. Cementerio Municipal"},"content":{"rendered":"\t\t<div data-elementor-type=\"wp-page\" data-elementor-id=\"1006425\" class=\"elementor elementor-1006425\">\n\t\t\t\t\t\t<section class=\"elementor-section elementor-top-section elementor-element elementor-element-22e4b981 elementor-section-stretched elementor-section-boxed elementor-section-height-default elementor-section-height-default wpr-particle-no wpr-jarallax-no wpr-parallax-no wpr-sticky-section-no\" data-id=\"22e4b981\" data-element_type=\"section\" data-e-type=\"section\" data-settings=\"{&quot;stretch_section&quot;:&quot;section-stretched&quot;}\">\n\t\t\t\t\t\t<div class=\"elementor-container elementor-column-gap-default\">\n\t\t\t\t\t<div class=\"elementor-column elementor-col-100 elementor-top-column elementor-element elementor-element-6e829b0\" data-id=\"6e829b0\" data-element_type=\"column\" data-e-type=\"column\">\n\t\t\t<div class=\"elementor-widget-wrap elementor-element-populated\">\n\t\t\t\t\t\t<div class=\"elementor-element elementor-element-32832025 elementor-widget elementor-widget-heading\" data-id=\"32832025\" data-element_type=\"widget\" data-e-type=\"widget\" data-widget_type=\"heading.default\">\n\t\t\t\t<div class=\"elementor-widget-container\">\n\t\t\t\t\t<h2 class=\"elementor-heading-title elementor-size-small\">7. Cementerio Municipal\n<\/h2>\t\t\t\t<\/div>\n\t\t\t\t<\/div>\n\t\t\t\t<div class=\"elementor-element elementor-element-7b923150 elementor-widget-divider--view-line elementor-widget elementor-widget-divider\" data-id=\"7b923150\" data-element_type=\"widget\" data-e-type=\"widget\" data-widget_type=\"divider.default\">\n\t\t\t\t<div class=\"elementor-widget-container\">\n\t\t\t\t\t\t\t<div class=\"elementor-divider\">\n\t\t\t<span class=\"elementor-divider-separator\">\n\t\t\t\t\t\t<\/span>\n\t\t<\/div>\n\t\t\t\t\t\t<\/div>\n\t\t\t\t<\/div>\n\t\t\t\t<div class=\"elementor-element elementor-element-0614e8e elementor-widget elementor-widget-wp-widget-media_audio\" data-id=\"0614e8e\" data-element_type=\"widget\" data-e-type=\"widget\" data-widget_type=\"wp-widget-media_audio.default\">\n\t\t\t\t<div class=\"elementor-widget-container\">\n\t\t\t\t\t<audio class=\"wp-audio-shortcode\" id=\"audio-1006425-1\" preload=\"none\" style=\"width: 100%;\" controls=\"controls\"><source type=\"audio\/mpeg\" src=\"https:\/\/www.laorotava.es\/turismo\/wp-content\/uploads\/2019\/03\/07_ra_cementerio.mp3?_=1\" \/><source type=\"audio\/mpeg\" src=\"https:\/\/www.laorotava.es\/turismo\/wp-content\/uploads\/2019\/03\/07_ra_cementerio.mp3?_=1\" \/><a href=\"https:\/\/www.laorotava.es\/turismo\/wp-content\/uploads\/2019\/03\/07_ra_cementerio.mp3\">https:\/\/www.laorotava.es\/turismo\/wp-content\/uploads\/2019\/03\/07_ra_cementerio.mp3<\/a><\/audio>\t\t\t\t<\/div>\n\t\t\t\t<\/div>\n\t\t\t\t<div class=\"elementor-element elementor-element-72fc2bf6 elementor-widget elementor-widget-text-editor\" data-id=\"72fc2bf6\" data-element_type=\"widget\" data-e-type=\"widget\" data-widget_type=\"text-editor.default\">\n\t\t\t\t<div class=\"elementor-widget-container\">\n\t\t\t\t\t\t\t\t\t<p><span style=\"color: #444444;\"><img decoding=\"async\" class=\"alignleft\" src=\"https:\/\/www.laorotava.es\/sites\/default\/files\/styles\/large\/public\/rutas\/7.png?itok=3OQE1IJm\" \/><\/span><\/p><p><span style=\"color: #444444;\">En el n\u00famero 6 de la calle San Francisco encontramos el Cementerio Municipal.<\/span><\/p><p><span style=\"color: #444444;\">Se accede a \u00e9l a trav\u00e9s de un largo pasillo que desciende en pendiente desde la puerta de entrada, pasando completamente inadvertido al visitante que desconozca su ubicaci\u00f3n. Si llegas en horas de visita, baja por la pendiente hasta llegar a la capilla y a las primeras tumbas.<\/span><\/p><p><span style=\"color: #444444;\">El cementerio se cre\u00f3 en el primer tercio del siglo XIX, y fue dise\u00f1ado al gusto rom\u00e1ntico, asemejando un jard\u00edn, por el escultor Fernando Est\u00e9vez, cuya casa visitamos antes.<\/span><\/p><p><span style=\"color: #444444;\">Una vez abajo, dir\u00edgete a la capilla, y observa la sencillez del recinto. El actual Cristo Crucificado vino a suplir al anterior, que ardi\u00f3 en el incendio del d\u00eda de Difuntos en 1986. Todav\u00eda se pueden ver las marcas del fuego en la puerta labrada en piedra de la capilla. Esta portada pertenec\u00eda al convento de las Clarisas que pas\u00f3 a titularidad p\u00fablica en el siglo XIX, y se reutiliz\u00f3 aqu\u00ed para ennoblecer el cementerio municipal, que en 2005 fue declarado Bien de Inter\u00e9s Cultural.<\/span><\/p><p><span style=\"color: #444444;\">Las partes m\u00e1s antiguas de este cementerio son la capilla, la l\u00ednea de panteones frente a ella, y todo el per\u00edmetro interior. Pasea por los l\u00edmites del cementerio para descubrir algunas de las espectaculares tumbas y magn\u00edficas esculturas.<\/span><\/p><p><span style=\"color: #444444;\">Una de las an\u00e9cdotas m\u00e1s llamativas de este cementerio es que a finales del siglo XIX la Iglesia lo declar\u00f3 lugar profanado. Durante 24 a\u00f1os, ning\u00fan miembro del clero traspas\u00f3 la puerta de entrada, ni siquiera para oficiar los entierros. El motivo fue el enterramiento aqu\u00ed de dos personajes considerados enemigos de la Iglesia:<\/span><\/p><p><span style=\"color: #444444;\">Nicol\u00e1s Jos\u00e9 Hern\u00e1ndez y Diego Ponte del Castillo, VIII marqu\u00e9s de la Quinta Roja, acusados de pertenecer a la masoner\u00eda. La Iglesia Cat\u00f3lica ha asociado tradicionalmente la masoner\u00eda con el oscurantismo y los ritos paganos.<\/span><\/p><p><span style=\"color: #444444;\">Volvamos sobre nuestros pasos hasta la puerta de entrada para continuar nuestra visita. El siguiente punto ser\u00e1 la plaza de San Francisco que se encuentra unos pocos metros m\u00e1s arriba de la entrada del cementerio. Sit\u00faate en el banco de piedra frente a los dos cipreses para escuchar el siguiente punto.<\/span><\/p>\t\t\t\t\t\t\t\t<\/div>\n\t\t\t\t<\/div>\n\t\t\t\t<div class=\"elementor-element elementor-element-1817bb01 elementor-widget elementor-widget-google_maps\" data-id=\"1817bb01\" data-element_type=\"widget\" data-e-type=\"widget\" data-widget_type=\"google_maps.default\">\n\t\t\t\t<div class=\"elementor-widget-container\">\n\t\t\t\t\t\t\t<div class=\"elementor-custom-embed\">\n\t\t\t<iframe loading=\"lazy\"\n\t\t\t\t\tsrc=\"https:\/\/maps.google.com\/maps?q=cementerio%20municipal%20la%20orotava&#038;t=m&#038;z=16&#038;output=embed&#038;iwloc=near\"\n\t\t\t\t\ttitle=\"cementerio municipal la orotava\"\n\t\t\t\t\taria-label=\"cementerio municipal la orotava\"\n\t\t\t><\/iframe>\n\t\t<\/div>\n\t\t\t\t\t\t<\/div>\n\t\t\t\t<\/div>\n\t\t\t\t\t<\/div>\n\t\t<\/div>\n\t\t\t\t\t<\/div>\n\t\t<\/section>\n\t\t\t\t<\/div>\n\t\t","protected":false},"excerpt":{"rendered":"<p>7. Cementerio Municipal En el n\u00famero 6 de la calle San Francisco encontramos el Cementerio Municipal. Se accede a \u00e9l a trav\u00e9s de un largo pasillo que desciende en pendiente desde la puerta de entrada, pasando completamente inadvertido al visitante que desconozca su ubicaci\u00f3n. Si llegas en horas de visita, baja por la pendiente hasta llegar a la capilla y a las primeras tumbas. El cementerio se cre\u00f3 en el primer tercio del siglo XIX, y fue dise\u00f1ado al gusto rom\u00e1ntico, asemejando un jard\u00edn, por el escultor Fernando Est\u00e9vez, cuya casa visitamos antes. Una vez abajo, dir\u00edgete a la capilla, y observa la sencillez del recinto. El actual Cristo Crucificado vino a suplir al anterior, que ardi\u00f3 en el incendio del d\u00eda de Difuntos en 1986. Todav\u00eda se pueden ver las marcas del fuego en la puerta labrada en piedra de la capilla. Esta portada pertenec\u00eda al convento de las Clarisas que pas\u00f3 a titularidad p\u00fablica en el siglo XIX, y se reutiliz\u00f3 aqu\u00ed para ennoblecer el cementerio municipal, que en 2005 fue declarado Bien de Inter\u00e9s Cultural. Las partes m\u00e1s antiguas de este cementerio son la capilla, la l\u00ednea de panteones frente a ella, y todo el per\u00edmetro interior. Pasea por los l\u00edmites del cementerio para descubrir algunas de las espectaculares tumbas y magn\u00edficas esculturas. Una de las an\u00e9cdotas m\u00e1s llamativas de este cementerio es que a finales del siglo XIX la Iglesia lo declar\u00f3 lugar profanado. Durante 24 a\u00f1os, ning\u00fan miembro del clero traspas\u00f3 la puerta de entrada, ni siquiera para oficiar los entierros. El motivo fue el enterramiento aqu\u00ed de dos personajes considerados enemigos de la Iglesia: Nicol\u00e1s Jos\u00e9 Hern\u00e1ndez y Diego Ponte del Castillo, VIII marqu\u00e9s de la Quinta Roja, acusados de pertenecer a la masoner\u00eda. La Iglesia Cat\u00f3lica ha asociado tradicionalmente la masoner\u00eda con el oscurantismo y los ritos paganos. Volvamos sobre nuestros pasos hasta la puerta de entrada para continuar nuestra visita. El siguiente punto ser\u00e1 la plaza de San Francisco que se encuentra unos pocos metros m\u00e1s arriba de la entrada del cementerio. Sit\u00faate en el banco de piedra frente a los dos cipreses para escuchar el siguiente punto.<\/p>\n","protected":false},"author":3,"featured_media":0,"parent":0,"menu_order":0,"comment_status":"closed","ping_status":"closed","template":"","meta":{"_acf_changed":false,"ocean_post_layout":"","ocean_both_sidebars_style":"","ocean_both_sidebars_content_width":0,"ocean_both_sidebars_sidebars_width":0,"ocean_sidebar":"0","ocean_second_sidebar":"0","ocean_disable_margins":"enable","ocean_add_body_class":"","ocean_shortcode_before_top_bar":"","ocean_shortcode_after_top_bar":"","ocean_shortcode_before_header":"","ocean_shortcode_after_header":"","ocean_has_shortcode":"","ocean_shortcode_after_title":"","ocean_shortcode_before_footer_widgets":"","ocean_shortcode_after_footer_widgets":"","ocean_shortcode_before_footer_bottom":"","ocean_shortcode_after_footer_bottom":"","ocean_display_top_bar":"default","ocean_display_header":"default","ocean_header_style":"","ocean_center_header_left_menu":"0","ocean_custom_header_template":"0","ocean_custom_logo":0,"ocean_custom_retina_logo":0,"ocean_custom_logo_max_width":0,"ocean_custom_logo_tablet_max_width":0,"ocean_custom_logo_mobile_max_width":0,"ocean_custom_logo_max_height":0,"ocean_custom_logo_tablet_max_height":0,"ocean_custom_logo_mobile_max_height":0,"ocean_header_custom_menu":"0","ocean_menu_typo_font_family":"0","ocean_menu_typo_font_subset":"","ocean_menu_typo_font_size":0,"ocean_menu_typo_font_size_tablet":0,"ocean_menu_typo_font_size_mobile":0,"ocean_menu_typo_font_size_unit":"px","ocean_menu_typo_font_weight":"","ocean_menu_typo_font_weight_tablet":"","ocean_menu_typo_font_weight_mobile":"","ocean_menu_typo_transform":"","ocean_menu_typo_transform_tablet":"","ocean_menu_typo_transform_mobile":"","ocean_menu_typo_line_height":0,"ocean_menu_typo_line_height_tablet":0,"ocean_menu_typo_line_height_mobile":0,"ocean_menu_typo_line_height_unit":"","ocean_menu_typo_spacing":0,"ocean_menu_typo_spacing_tablet":0,"ocean_menu_typo_spacing_mobile":0,"ocean_menu_typo_spacing_unit":"","ocean_menu_link_color":"","ocean_menu_link_color_hover":"","ocean_menu_link_color_active":"","ocean_menu_link_background":"","ocean_menu_link_hover_background":"","ocean_menu_link_active_background":"","ocean_menu_social_links_bg":"","ocean_menu_social_hover_links_bg":"","ocean_menu_social_links_color":"","ocean_menu_social_hover_links_color":"","ocean_disable_title":"default","ocean_disable_heading":"on","ocean_post_title":"","ocean_post_subheading":"","ocean_post_title_style":"","ocean_post_title_background_color":"","ocean_post_title_background":0,"ocean_post_title_bg_image_position":"","ocean_post_title_bg_image_attachment":"","ocean_post_title_bg_image_repeat":"","ocean_post_title_bg_image_size":"","ocean_post_title_height":0,"ocean_post_title_bg_overlay":0.5,"ocean_post_title_bg_overlay_color":"","ocean_disable_breadcrumbs":"default","ocean_breadcrumbs_color":"","ocean_breadcrumbs_separator_color":"","ocean_breadcrumbs_links_color":"","ocean_breadcrumbs_links_hover_color":"","ocean_display_footer_widgets":"default","ocean_display_footer_bottom":"default","ocean_custom_footer_template":"0","footnotes":""},"class_list":["post-1006425","page","type-page","status-publish","hentry","entry"],"acf":[],"yoast_head":"<!-- This site is optimized with the Yoast SEO plugin v27.2 - https:\/\/yoast.com\/product\/yoast-seo-wordpress\/ -->\n<title>7. Cementerio Municipal - Web de Turismo del Ayuntamiento de La Orotava<\/title>\n<meta name=\"robots\" content=\"index, follow, max-snippet:-1, max-image-preview:large, max-video-preview:-1\" \/>\n<link rel=\"canonical\" href=\"https:\/\/www.laorotava.es\/turismo\/7-cementerio-municipal\/\" \/>\n<meta property=\"og:locale\" content=\"es_ES\" \/>\n<meta property=\"og:type\" content=\"article\" \/>\n<meta property=\"og:title\" content=\"7. Cementerio Municipal - Web de Turismo del Ayuntamiento de La Orotava\" \/>\n<meta property=\"og:description\" content=\"7. Cementerio Municipal En el n\u00famero 6 de la calle San Francisco encontramos el Cementerio Municipal. Se accede a \u00e9l a trav\u00e9s de un largo pasillo que desciende en pendiente desde la puerta de entrada, pasando completamente inadvertido al visitante que desconozca su ubicaci\u00f3n. Si llegas en horas de visita, baja por la pendiente hasta llegar a la capilla y a las primeras tumbas. El cementerio se cre\u00f3 en el primer tercio del siglo XIX, y fue dise\u00f1ado al gusto rom\u00e1ntico, asemejando un jard\u00edn, por el escultor Fernando Est\u00e9vez, cuya casa visitamos antes. Una vez abajo, dir\u00edgete a la capilla, y observa la sencillez del recinto. El actual Cristo Crucificado vino a suplir al anterior, que ardi\u00f3 en el incendio del d\u00eda de Difuntos en 1986. Todav\u00eda se pueden ver las marcas del fuego en la puerta labrada en piedra de la capilla. Esta portada pertenec\u00eda al convento de las Clarisas que pas\u00f3 a titularidad p\u00fablica en el siglo XIX, y se reutiliz\u00f3 aqu\u00ed para ennoblecer el cementerio municipal, que en 2005 fue declarado Bien de Inter\u00e9s Cultural. Las partes m\u00e1s antiguas de este cementerio son la capilla, la l\u00ednea de panteones frente a ella, y todo el per\u00edmetro interior. Pasea por los l\u00edmites del cementerio para descubrir algunas de las espectaculares tumbas y magn\u00edficas esculturas. Una de las an\u00e9cdotas m\u00e1s llamativas de este cementerio es que a finales del siglo XIX la Iglesia lo declar\u00f3 lugar profanado. Durante 24 a\u00f1os, ning\u00fan miembro del clero traspas\u00f3 la puerta de entrada, ni siquiera para oficiar los entierros. El motivo fue el enterramiento aqu\u00ed de dos personajes considerados enemigos de la Iglesia: Nicol\u00e1s Jos\u00e9 Hern\u00e1ndez y Diego Ponte del Castillo, VIII marqu\u00e9s de la Quinta Roja, acusados de pertenecer a la masoner\u00eda. La Iglesia Cat\u00f3lica ha asociado tradicionalmente la masoner\u00eda con el oscurantismo y los ritos paganos. Volvamos sobre nuestros pasos hasta la puerta de entrada para continuar nuestra visita. El siguiente punto ser\u00e1 la plaza de San Francisco que se encuentra unos pocos metros m\u00e1s arriba de la entrada del cementerio. Sit\u00faate en el banco de piedra frente a los dos cipreses para escuchar el siguiente punto.\" \/>\n<meta property=\"og:url\" content=\"https:\/\/www.laorotava.es\/turismo\/7-cementerio-municipal\/\" \/>\n<meta property=\"og:site_name\" content=\"Web de Turismo del Ayuntamiento de La Orotava\" \/>\n<meta property=\"article:publisher\" content=\"https:\/\/www.facebook.com\/TurismoLaOrotava\/\" \/>\n<meta property=\"article:modified_time\" content=\"2022-08-22T13:41:53+00:00\" \/>\n<meta property=\"og:image\" content=\"https:\/\/www.laorotava.es\/sites\/default\/files\/styles\/large\/public\/rutas\/7.png?itok=3OQE1IJm\" \/>\n<meta name=\"twitter:card\" content=\"summary_large_image\" \/>\n<meta name=\"twitter:site\" content=\"@LaOrotava\" \/>\n<meta name=\"twitter:label1\" content=\"Tiempo de lectura\" \/>\n\t<meta name=\"twitter:data1\" content=\"2 minutos\" \/>\n<script type=\"application\/ld+json\" class=\"yoast-schema-graph\">{\"@context\":\"https:\/\/schema.org\",\"@graph\":[{\"@type\":\"WebPage\",\"@id\":\"https:\/\/www.laorotava.es\/turismo\/7-cementerio-municipal\/\",\"url\":\"https:\/\/www.laorotava.es\/turismo\/7-cementerio-municipal\/\",\"name\":\"7. Cementerio Municipal - Web de Turismo del Ayuntamiento de La Orotava\",\"isPartOf\":{\"@id\":\"https:\/\/www.laorotava.es\/turismo\/#website\"},\"primaryImageOfPage\":{\"@id\":\"https:\/\/www.laorotava.es\/turismo\/7-cementerio-municipal\/#primaryimage\"},\"image\":{\"@id\":\"https:\/\/www.laorotava.es\/turismo\/7-cementerio-municipal\/#primaryimage\"},\"thumbnailUrl\":\"https:\/\/www.laorotava.es\/sites\/default\/files\/styles\/large\/public\/rutas\/7.png?itok=3OQE1IJm\",\"datePublished\":\"2022-08-22T13:40:18+00:00\",\"dateModified\":\"2022-08-22T13:41:53+00:00\",\"breadcrumb\":{\"@id\":\"https:\/\/www.laorotava.es\/turismo\/7-cementerio-municipal\/#breadcrumb\"},\"inLanguage\":\"es\",\"potentialAction\":[{\"@type\":\"ReadAction\",\"target\":[\"https:\/\/www.laorotava.es\/turismo\/7-cementerio-municipal\/\"]}]},{\"@type\":\"ImageObject\",\"inLanguage\":\"es\",\"@id\":\"https:\/\/www.laorotava.es\/turismo\/7-cementerio-municipal\/#primaryimage\",\"url\":\"https:\/\/www.laorotava.es\/sites\/default\/files\/styles\/large\/public\/rutas\/7.png?itok=3OQE1IJm\",\"contentUrl\":\"https:\/\/www.laorotava.es\/sites\/default\/files\/styles\/large\/public\/rutas\/7.png?itok=3OQE1IJm\"},{\"@type\":\"BreadcrumbList\",\"@id\":\"https:\/\/www.laorotava.es\/turismo\/7-cementerio-municipal\/#breadcrumb\",\"itemListElement\":[{\"@type\":\"ListItem\",\"position\":1,\"name\":\"Portada\",\"item\":\"https:\/\/www.laorotava.es\/turismo\/\"},{\"@type\":\"ListItem\",\"position\":2,\"name\":\"7. Cementerio Municipal\"}]},{\"@type\":\"WebSite\",\"@id\":\"https:\/\/www.laorotava.es\/turismo\/#website\",\"url\":\"https:\/\/www.laorotava.es\/turismo\/\",\"name\":\"Web de Turismo del Ayuntamiento de La Orotava\",\"description\":\"\",\"publisher\":{\"@id\":\"https:\/\/www.laorotava.es\/turismo\/#organization\"},\"potentialAction\":[{\"@type\":\"SearchAction\",\"target\":{\"@type\":\"EntryPoint\",\"urlTemplate\":\"https:\/\/www.laorotava.es\/turismo\/?s={search_term_string}\"},\"query-input\":{\"@type\":\"PropertyValueSpecification\",\"valueRequired\":true,\"valueName\":\"search_term_string\"}}],\"inLanguage\":\"es\"},{\"@type\":\"Organization\",\"@id\":\"https:\/\/www.laorotava.es\/turismo\/#organization\",\"name\":\"Ayuntamiento de La Orotava\",\"url\":\"https:\/\/www.laorotava.es\/turismo\/\",\"logo\":{\"@type\":\"ImageObject\",\"inLanguage\":\"es\",\"@id\":\"https:\/\/www.laorotava.es\/turismo\/#\/schema\/logo\/image\/\",\"url\":\"https:\/\/www.laorotava.es\/turismo\/wp-content\/uploads\/2022\/08\/logo.png\",\"contentUrl\":\"https:\/\/www.laorotava.es\/turismo\/wp-content\/uploads\/2022\/08\/logo.png\",\"width\":1195,\"height\":180,\"caption\":\"Ayuntamiento de La Orotava\"},\"image\":{\"@id\":\"https:\/\/www.laorotava.es\/turismo\/#\/schema\/logo\/image\/\"},\"sameAs\":[\"https:\/\/www.facebook.com\/TurismoLaOrotava\/\",\"https:\/\/x.com\/LaOrotava\"]}]}<\/script>\n<!-- \/ Yoast SEO plugin. -->","yoast_head_json":{"title":"7. Cementerio Municipal - Web de Turismo del Ayuntamiento de La Orotava","robots":{"index":"index","follow":"follow","max-snippet":"max-snippet:-1","max-image-preview":"max-image-preview:large","max-video-preview":"max-video-preview:-1"},"canonical":"https:\/\/www.laorotava.es\/turismo\/7-cementerio-municipal\/","og_locale":"es_ES","og_type":"article","og_title":"7. Cementerio Municipal - Web de Turismo del Ayuntamiento de La Orotava","og_description":"7. Cementerio Municipal En el n\u00famero 6 de la calle San Francisco encontramos el Cementerio Municipal. Se accede a \u00e9l a trav\u00e9s de un largo pasillo que desciende en pendiente desde la puerta de entrada, pasando completamente inadvertido al visitante que desconozca su ubicaci\u00f3n. Si llegas en horas de visita, baja por la pendiente hasta llegar a la capilla y a las primeras tumbas. El cementerio se cre\u00f3 en el primer tercio del siglo XIX, y fue dise\u00f1ado al gusto rom\u00e1ntico, asemejando un jard\u00edn, por el escultor Fernando Est\u00e9vez, cuya casa visitamos antes. Una vez abajo, dir\u00edgete a la capilla, y observa la sencillez del recinto. El actual Cristo Crucificado vino a suplir al anterior, que ardi\u00f3 en el incendio del d\u00eda de Difuntos en 1986. Todav\u00eda se pueden ver las marcas del fuego en la puerta labrada en piedra de la capilla. Esta portada pertenec\u00eda al convento de las Clarisas que pas\u00f3 a titularidad p\u00fablica en el siglo XIX, y se reutiliz\u00f3 aqu\u00ed para ennoblecer el cementerio municipal, que en 2005 fue declarado Bien de Inter\u00e9s Cultural. Las partes m\u00e1s antiguas de este cementerio son la capilla, la l\u00ednea de panteones frente a ella, y todo el per\u00edmetro interior. Pasea por los l\u00edmites del cementerio para descubrir algunas de las espectaculares tumbas y magn\u00edficas esculturas. Una de las an\u00e9cdotas m\u00e1s llamativas de este cementerio es que a finales del siglo XIX la Iglesia lo declar\u00f3 lugar profanado. Durante 24 a\u00f1os, ning\u00fan miembro del clero traspas\u00f3 la puerta de entrada, ni siquiera para oficiar los entierros. El motivo fue el enterramiento aqu\u00ed de dos personajes considerados enemigos de la Iglesia: Nicol\u00e1s Jos\u00e9 Hern\u00e1ndez y Diego Ponte del Castillo, VIII marqu\u00e9s de la Quinta Roja, acusados de pertenecer a la masoner\u00eda. La Iglesia Cat\u00f3lica ha asociado tradicionalmente la masoner\u00eda con el oscurantismo y los ritos paganos. Volvamos sobre nuestros pasos hasta la puerta de entrada para continuar nuestra visita. El siguiente punto ser\u00e1 la plaza de San Francisco que se encuentra unos pocos metros m\u00e1s arriba de la entrada del cementerio. Sit\u00faate en el banco de piedra frente a los dos cipreses para escuchar el siguiente punto.","og_url":"https:\/\/www.laorotava.es\/turismo\/7-cementerio-municipal\/","og_site_name":"Web de Turismo del Ayuntamiento de La Orotava","article_publisher":"https:\/\/www.facebook.com\/TurismoLaOrotava\/","article_modified_time":"2022-08-22T13:41:53+00:00","og_image":[{"url":"https:\/\/www.laorotava.es\/sites\/default\/files\/styles\/large\/public\/rutas\/7.png?itok=3OQE1IJm","type":"","width":"","height":""}],"twitter_card":"summary_large_image","twitter_site":"@LaOrotava","twitter_misc":{"Tiempo de lectura":"2 minutos"},"schema":{"@context":"https:\/\/schema.org","@graph":[{"@type":"WebPage","@id":"https:\/\/www.laorotava.es\/turismo\/7-cementerio-municipal\/","url":"https:\/\/www.laorotava.es\/turismo\/7-cementerio-municipal\/","name":"7. Cementerio Municipal - Web de Turismo del Ayuntamiento de La Orotava","isPartOf":{"@id":"https:\/\/www.laorotava.es\/turismo\/#website"},"primaryImageOfPage":{"@id":"https:\/\/www.laorotava.es\/turismo\/7-cementerio-municipal\/#primaryimage"},"image":{"@id":"https:\/\/www.laorotava.es\/turismo\/7-cementerio-municipal\/#primaryimage"},"thumbnailUrl":"https:\/\/www.laorotava.es\/sites\/default\/files\/styles\/large\/public\/rutas\/7.png?itok=3OQE1IJm","datePublished":"2022-08-22T13:40:18+00:00","dateModified":"2022-08-22T13:41:53+00:00","breadcrumb":{"@id":"https:\/\/www.laorotava.es\/turismo\/7-cementerio-municipal\/#breadcrumb"},"inLanguage":"es","potentialAction":[{"@type":"ReadAction","target":["https:\/\/www.laorotava.es\/turismo\/7-cementerio-municipal\/"]}]},{"@type":"ImageObject","inLanguage":"es","@id":"https:\/\/www.laorotava.es\/turismo\/7-cementerio-municipal\/#primaryimage","url":"https:\/\/www.laorotava.es\/sites\/default\/files\/styles\/large\/public\/rutas\/7.png?itok=3OQE1IJm","contentUrl":"https:\/\/www.laorotava.es\/sites\/default\/files\/styles\/large\/public\/rutas\/7.png?itok=3OQE1IJm"},{"@type":"BreadcrumbList","@id":"https:\/\/www.laorotava.es\/turismo\/7-cementerio-municipal\/#breadcrumb","itemListElement":[{"@type":"ListItem","position":1,"name":"Portada","item":"https:\/\/www.laorotava.es\/turismo\/"},{"@type":"ListItem","position":2,"name":"7. Cementerio Municipal"}]},{"@type":"WebSite","@id":"https:\/\/www.laorotava.es\/turismo\/#website","url":"https:\/\/www.laorotava.es\/turismo\/","name":"Web de Turismo del Ayuntamiento de La Orotava","description":"","publisher":{"@id":"https:\/\/www.laorotava.es\/turismo\/#organization"},"potentialAction":[{"@type":"SearchAction","target":{"@type":"EntryPoint","urlTemplate":"https:\/\/www.laorotava.es\/turismo\/?s={search_term_string}"},"query-input":{"@type":"PropertyValueSpecification","valueRequired":true,"valueName":"search_term_string"}}],"inLanguage":"es"},{"@type":"Organization","@id":"https:\/\/www.laorotava.es\/turismo\/#organization","name":"Ayuntamiento de La Orotava","url":"https:\/\/www.laorotava.es\/turismo\/","logo":{"@type":"ImageObject","inLanguage":"es","@id":"https:\/\/www.laorotava.es\/turismo\/#\/schema\/logo\/image\/","url":"https:\/\/www.laorotava.es\/turismo\/wp-content\/uploads\/2022\/08\/logo.png","contentUrl":"https:\/\/www.laorotava.es\/turismo\/wp-content\/uploads\/2022\/08\/logo.png","width":1195,"height":180,"caption":"Ayuntamiento de La Orotava"},"image":{"@id":"https:\/\/www.laorotava.es\/turismo\/#\/schema\/logo\/image\/"},"sameAs":["https:\/\/www.facebook.com\/TurismoLaOrotava\/","https:\/\/x.com\/LaOrotava"]}]}},"_links":{"self":[{"href":"https:\/\/www.laorotava.es\/turismo\/wp-json\/wp\/v2\/pages\/1006425","targetHints":{"allow":["GET"]}}],"collection":[{"href":"https:\/\/www.laorotava.es\/turismo\/wp-json\/wp\/v2\/pages"}],"about":[{"href":"https:\/\/www.laorotava.es\/turismo\/wp-json\/wp\/v2\/types\/page"}],"author":[{"embeddable":true,"href":"https:\/\/www.laorotava.es\/turismo\/wp-json\/wp\/v2\/users\/3"}],"replies":[{"embeddable":true,"href":"https:\/\/www.laorotava.es\/turismo\/wp-json\/wp\/v2\/comments?post=1006425"}],"version-history":[{"count":0,"href":"https:\/\/www.laorotava.es\/turismo\/wp-json\/wp\/v2\/pages\/1006425\/revisions"}],"wp:attachment":[{"href":"https:\/\/www.laorotava.es\/turismo\/wp-json\/wp\/v2\/media?parent=1006425"}],"curies":[{"name":"wp","href":"https:\/\/api.w.org\/{rel}","templated":true}]}}