{"id":1006441,"date":"2022-08-22T13:44:18","date_gmt":"2022-08-22T13:44:18","guid":{"rendered":"https:\/\/www.laorotava.es\/turismo\/?page_id=1006441"},"modified":"2022-08-22T13:44:59","modified_gmt":"2022-08-22T13:44:59","slug":"7-municipal-cemetery","status":"publish","type":"page","link":"https:\/\/www.laorotava.es\/turismo\/en\/7-municipal-cemetery\/","title":{"rendered":"7. Municipal Cemetery"},"content":{"rendered":"\t\t<div data-elementor-type=\"wp-page\" data-elementor-id=\"1006441\" class=\"elementor elementor-1006441\">\n\t\t\t\t\t\t<section class=\"elementor-section elementor-top-section elementor-element elementor-element-22e4b981 elementor-section-stretched elementor-section-boxed elementor-section-height-default elementor-section-height-default wpr-particle-no wpr-jarallax-no wpr-parallax-no wpr-sticky-section-no\" data-id=\"22e4b981\" data-element_type=\"section\" data-e-type=\"section\" data-settings=\"{&quot;stretch_section&quot;:&quot;section-stretched&quot;}\">\n\t\t\t\t\t\t<div class=\"elementor-container elementor-column-gap-default\">\n\t\t\t\t\t<div class=\"elementor-column elementor-col-100 elementor-top-column elementor-element elementor-element-6e829b0\" data-id=\"6e829b0\" data-element_type=\"column\" data-e-type=\"column\">\n\t\t\t<div class=\"elementor-widget-wrap elementor-element-populated\">\n\t\t\t\t\t\t<div class=\"elementor-element elementor-element-32832025 elementor-widget elementor-widget-heading\" data-id=\"32832025\" data-element_type=\"widget\" data-e-type=\"widget\" data-widget_type=\"heading.default\">\n\t\t\t\t<div class=\"elementor-widget-container\">\n\t\t\t\t\t<h2 class=\"elementor-heading-title elementor-size-small\">7. Municipal Cemetery<\/h2>\t\t\t\t<\/div>\n\t\t\t\t<\/div>\n\t\t\t\t<div class=\"elementor-element elementor-element-7b923150 elementor-widget-divider--view-line elementor-widget elementor-widget-divider\" data-id=\"7b923150\" data-element_type=\"widget\" data-e-type=\"widget\" data-widget_type=\"divider.default\">\n\t\t\t\t<div class=\"elementor-widget-container\">\n\t\t\t\t\t\t\t<div class=\"elementor-divider\">\n\t\t\t<span class=\"elementor-divider-separator\">\n\t\t\t\t\t\t<\/span>\n\t\t<\/div>\n\t\t\t\t\t\t<\/div>\n\t\t\t\t<\/div>\n\t\t\t\t<div class=\"elementor-element elementor-element-0614e8e elementor-widget elementor-widget-wp-widget-media_audio\" data-id=\"0614e8e\" data-element_type=\"widget\" data-e-type=\"widget\" data-widget_type=\"wp-widget-media_audio.default\">\n\t\t\t\t<div class=\"elementor-widget-container\">\n\t\t\t\t\t<audio class=\"wp-audio-shortcode\" id=\"audio-1006441-1\" preload=\"none\" style=\"width: 100%;\" controls=\"controls\"><source type=\"audio\/mpeg\" src=\"https:\/\/www.laorotava.es\/turismo\/wp-content\/uploads\/2019\/06\/07_br_cemetry_0.mp3?_=1\" \/><source type=\"audio\/mpeg\" src=\"https:\/\/www.laorotava.es\/turismo\/wp-content\/uploads\/2019\/06\/07_br_cemetry_0.mp3?_=1\" \/><a href=\"https:\/\/www.laorotava.es\/turismo\/wp-content\/uploads\/2019\/06\/07_br_cemetry_0.mp3\">https:\/\/www.laorotava.es\/turismo\/wp-content\/uploads\/2019\/06\/07_br_cemetry_0.mp3<\/a><\/audio>\t\t\t\t<\/div>\n\t\t\t\t<\/div>\n\t\t\t\t<div class=\"elementor-element elementor-element-72fc2bf6 elementor-widget elementor-widget-text-editor\" data-id=\"72fc2bf6\" data-element_type=\"widget\" data-e-type=\"widget\" data-widget_type=\"text-editor.default\">\n\t\t\t\t<div class=\"elementor-widget-container\">\n\t\t\t\t\t\t\t\t\t<p><span style=\"color: #444444;\"><img decoding=\"async\" class=\"alignleft\" src=\"https:\/\/www.laorotava.es\/sites\/default\/files\/styles\/large\/public\/rutas\/7.png?itok=3OQE1IJm\" \/><\/span><\/p><p><span style=\"color: #444444;\">At number 6 on Calle San Francisco you\u2019ll find the Municipal Cemetery.<\/span><\/p><p><span style=\"color: #444444;\">It is accessed along a long path down a hill from the entrance gate, which goes completely unnoticed by visitors who don\u2019t know its location. If you arrive during opening hours, walk down the hill until you reach the chapel and the first tombs.<\/span><\/p><p><span style=\"color: #444444;\">The cemetery was created in the first third of the 19th century. It was designed in the romantic style, resembling a garden, by the sculptor Fernando Est\u00e9vez, whose house you visited earlier.<\/span><\/p><p><span style=\"color: #444444;\">Once at the bottom, walk towards the chapel and observe the simplicity of the area. The current Crucified Christ was brought to replace the previous one, which burned in a fire on the Day of the Dead in 1986. You can still see the burn marks of the fire on the chapel&#8217;s stone carved door. This doorway belonged to the convent of the Poor Clares, which became public property in the 19th century. It was reused to ennoble the municipal cemetery, which was declared an Asset of Cultural Interest in 2005.<\/span><\/p><p><span style=\"color: #444444;\">The oldest parts of this cemetery are the chapel, the line of pantheons in front of it, and the interior perimeter. Walk along the cemetery&#8217;s borders to discover some of the spectacular tombs and magnificent sculptures.<\/span><\/p><p><span style=\"color: #444444;\">One of the most interesting stories about the cemetery is that the Church declared it to be a profane place at the end of the 19th century. Not a single member of the clergy went through the front gate for 24 years, not even to officiate at funerals. This was because two figures who were considered enemies of the Church were buried here: Nicol\u00e1s Jos\u00e9 Hern\u00e1ndez and Diego Ponte del Castillo, eighth Marquis of the Quinta Roja, who were accused of being Freemasons. The Catholic Church has traditionally associated Freemasonry with obscurantism and pagan rites.<\/span><\/p><p><span style=\"color: #444444;\">Retrace your steps back to the front gate to continue your tour. The next point on the tour will be Plaza San Francisco, which is located a few metres up from the cemetery&#8217;s entrance. Sit on the stone bench in front of the two cypress trees to listen to the next track.<\/span><\/p>\t\t\t\t\t\t\t\t<\/div>\n\t\t\t\t<\/div>\n\t\t\t\t<div class=\"elementor-element elementor-element-1817bb01 elementor-widget elementor-widget-google_maps\" data-id=\"1817bb01\" data-element_type=\"widget\" data-e-type=\"widget\" data-widget_type=\"google_maps.default\">\n\t\t\t\t<div class=\"elementor-widget-container\">\n\t\t\t\t\t\t\t<div class=\"elementor-custom-embed\">\n\t\t\t<iframe loading=\"lazy\"\n\t\t\t\t\tsrc=\"https:\/\/maps.google.com\/maps?q=cementerio%20municipal%20la%20orotava&#038;t=m&#038;z=16&#038;output=embed&#038;iwloc=near\"\n\t\t\t\t\ttitle=\"cementerio municipal la orotava\"\n\t\t\t\t\taria-label=\"cementerio municipal la orotava\"\n\t\t\t><\/iframe>\n\t\t<\/div>\n\t\t\t\t\t\t<\/div>\n\t\t\t\t<\/div>\n\t\t\t\t\t<\/div>\n\t\t<\/div>\n\t\t\t\t\t<\/div>\n\t\t<\/section>\n\t\t\t\t<\/div>\n\t\t","protected":false},"excerpt":{"rendered":"<p>7. Municipal Cemetery At number 6 on Calle San Francisco you\u2019ll find the Municipal Cemetery. It is accessed along a long path down a hill from the entrance gate, which goes completely unnoticed by visitors who don\u2019t know its location. If you arrive during opening hours, walk down the hill until you reach the chapel and the first tombs. The cemetery was created in the first third of the 19th century. It was designed in the romantic style, resembling a garden, by the sculptor Fernando Est\u00e9vez, whose house you visited earlier. Once at the bottom, walk towards the chapel and observe the simplicity of the area. The current Crucified Christ was brought to replace the previous one, which burned in a fire on the Day of the Dead in 1986. You can still see the burn marks of the fire on the chapel&#8217;s stone carved door. This doorway belonged to the convent of the Poor Clares, which became public property in the 19th century. It was reused to ennoble the municipal cemetery, which was declared an Asset of Cultural Interest in 2005. The oldest parts of this cemetery are the chapel, the line of pantheons in front of it, and the interior perimeter. Walk along the cemetery&#8217;s borders to discover some of the spectacular tombs and magnificent sculptures. One of the most interesting stories about the cemetery is that the Church declared it to be a profane place at the end of the 19th century. Not a single member of the clergy went through the front gate for 24 years, not even to officiate at funerals. This was because two figures who were considered enemies of the Church were buried here: Nicol\u00e1s Jos\u00e9 Hern\u00e1ndez and Diego Ponte del Castillo, eighth Marquis of the Quinta Roja, who were accused of being Freemasons. The Catholic Church has traditionally associated Freemasonry with obscurantism and pagan rites. Retrace your steps back to the front gate to continue your tour. The next point on the tour will be Plaza San Francisco, which is located a few metres up from the cemetery&#8217;s entrance. Sit on the stone bench in front of the two cypress trees to listen to the next track.<\/p>\n","protected":false},"author":3,"featured_media":0,"parent":0,"menu_order":0,"comment_status":"closed","ping_status":"closed","template":"","meta":{"_acf_changed":false,"ocean_post_layout":"","ocean_both_sidebars_style":"","ocean_both_sidebars_content_width":0,"ocean_both_sidebars_sidebars_width":0,"ocean_sidebar":"0","ocean_second_sidebar":"0","ocean_disable_margins":"enable","ocean_add_body_class":"","ocean_shortcode_before_top_bar":"","ocean_shortcode_after_top_bar":"","ocean_shortcode_before_header":"","ocean_shortcode_after_header":"","ocean_has_shortcode":"","ocean_shortcode_after_title":"","ocean_shortcode_before_footer_widgets":"","ocean_shortcode_after_footer_widgets":"","ocean_shortcode_before_footer_bottom":"","ocean_shortcode_after_footer_bottom":"","ocean_display_top_bar":"default","ocean_display_header":"default","ocean_header_style":"","ocean_center_header_left_menu":"0","ocean_custom_header_template":"0","ocean_custom_logo":0,"ocean_custom_retina_logo":0,"ocean_custom_logo_max_width":0,"ocean_custom_logo_tablet_max_width":0,"ocean_custom_logo_mobile_max_width":0,"ocean_custom_logo_max_height":0,"ocean_custom_logo_tablet_max_height":0,"ocean_custom_logo_mobile_max_height":0,"ocean_header_custom_menu":"0","ocean_menu_typo_font_family":"0","ocean_menu_typo_font_subset":"","ocean_menu_typo_font_size":0,"ocean_menu_typo_font_size_tablet":0,"ocean_menu_typo_font_size_mobile":0,"ocean_menu_typo_font_size_unit":"px","ocean_menu_typo_font_weight":"","ocean_menu_typo_font_weight_tablet":"","ocean_menu_typo_font_weight_mobile":"","ocean_menu_typo_transform":"","ocean_menu_typo_transform_tablet":"","ocean_menu_typo_transform_mobile":"","ocean_menu_typo_line_height":0,"ocean_menu_typo_line_height_tablet":0,"ocean_menu_typo_line_height_mobile":0,"ocean_menu_typo_line_height_unit":"","ocean_menu_typo_spacing":0,"ocean_menu_typo_spacing_tablet":0,"ocean_menu_typo_spacing_mobile":0,"ocean_menu_typo_spacing_unit":"","ocean_menu_link_color":"","ocean_menu_link_color_hover":"","ocean_menu_link_color_active":"","ocean_menu_link_background":"","ocean_menu_link_hover_background":"","ocean_menu_link_active_background":"","ocean_menu_social_links_bg":"","ocean_menu_social_hover_links_bg":"","ocean_menu_social_links_color":"","ocean_menu_social_hover_links_color":"","ocean_disable_title":"default","ocean_disable_heading":"on","ocean_post_title":"","ocean_post_subheading":"","ocean_post_title_style":"","ocean_post_title_background_color":"","ocean_post_title_background":0,"ocean_post_title_bg_image_position":"","ocean_post_title_bg_image_attachment":"","ocean_post_title_bg_image_repeat":"","ocean_post_title_bg_image_size":"","ocean_post_title_height":0,"ocean_post_title_bg_overlay":0.5,"ocean_post_title_bg_overlay_color":"","ocean_disable_breadcrumbs":"default","ocean_breadcrumbs_color":"","ocean_breadcrumbs_separator_color":"","ocean_breadcrumbs_links_color":"","ocean_breadcrumbs_links_hover_color":"","ocean_display_footer_widgets":"default","ocean_display_footer_bottom":"default","ocean_custom_footer_template":"0","footnotes":""},"class_list":["post-1006441","page","type-page","status-publish","hentry","entry"],"acf":[],"yoast_head":"<!-- This site is optimized with the Yoast SEO plugin v27.2 - https:\/\/yoast.com\/product\/yoast-seo-wordpress\/ -->\n<title>7. Municipal Cemetery - Web de Turismo del Ayuntamiento de La Orotava<\/title>\n<meta name=\"robots\" content=\"index, follow, max-snippet:-1, max-image-preview:large, max-video-preview:-1\" \/>\n<link rel=\"canonical\" href=\"https:\/\/www.laorotava.es\/turismo\/en\/7-municipal-cemetery\/\" \/>\n<meta property=\"og:locale\" content=\"es_ES\" \/>\n<meta property=\"og:type\" content=\"article\" \/>\n<meta property=\"og:title\" content=\"7. Municipal Cemetery - Web de Turismo del Ayuntamiento de La Orotava\" \/>\n<meta property=\"og:description\" content=\"7. Municipal Cemetery At number 6 on Calle San Francisco you\u2019ll find the Municipal Cemetery. It is accessed along a long path down a hill from the entrance gate, which goes completely unnoticed by visitors who don\u2019t know its location. If you arrive during opening hours, walk down the hill until you reach the chapel and the first tombs. The cemetery was created in the first third of the 19th century. It was designed in the romantic style, resembling a garden, by the sculptor Fernando Est\u00e9vez, whose house you visited earlier. Once at the bottom, walk towards the chapel and observe the simplicity of the area. The current Crucified Christ was brought to replace the previous one, which burned in a fire on the Day of the Dead in 1986. You can still see the burn marks of the fire on the chapel&#8217;s stone carved door. This doorway belonged to the convent of the Poor Clares, which became public property in the 19th century. It was reused to ennoble the municipal cemetery, which was declared an Asset of Cultural Interest in 2005. The oldest parts of this cemetery are the chapel, the line of pantheons in front of it, and the interior perimeter. Walk along the cemetery&#8217;s borders to discover some of the spectacular tombs and magnificent sculptures. One of the most interesting stories about the cemetery is that the Church declared it to be a profane place at the end of the 19th century. Not a single member of the clergy went through the front gate for 24 years, not even to officiate at funerals. This was because two figures who were considered enemies of the Church were buried here: Nicol\u00e1s Jos\u00e9 Hern\u00e1ndez and Diego Ponte del Castillo, eighth Marquis of the Quinta Roja, who were accused of being Freemasons. The Catholic Church has traditionally associated Freemasonry with obscurantism and pagan rites. Retrace your steps back to the front gate to continue your tour. The next point on the tour will be Plaza San Francisco, which is located a few metres up from the cemetery&#8217;s entrance. Sit on the stone bench in front of the two cypress trees to listen to the next track.\" \/>\n<meta property=\"og:url\" content=\"https:\/\/www.laorotava.es\/turismo\/en\/7-municipal-cemetery\/\" \/>\n<meta property=\"og:site_name\" content=\"Web de Turismo del Ayuntamiento de La Orotava\" \/>\n<meta property=\"article:publisher\" content=\"https:\/\/www.facebook.com\/TurismoLaOrotava\/\" \/>\n<meta property=\"article:modified_time\" content=\"2022-08-22T13:44:59+00:00\" \/>\n<meta property=\"og:image\" content=\"https:\/\/www.laorotava.es\/sites\/default\/files\/styles\/large\/public\/rutas\/7.png?itok=3OQE1IJm\" \/>\n<meta name=\"twitter:card\" content=\"summary_large_image\" \/>\n<meta name=\"twitter:site\" content=\"@LaOrotava\" \/>\n<meta name=\"twitter:label1\" content=\"Tiempo de lectura\" \/>\n\t<meta name=\"twitter:data1\" content=\"2 minutos\" \/>\n<script type=\"application\/ld+json\" class=\"yoast-schema-graph\">{\"@context\":\"https:\/\/schema.org\",\"@graph\":[{\"@type\":\"WebPage\",\"@id\":\"https:\/\/www.laorotava.es\/turismo\/en\/7-municipal-cemetery\/\",\"url\":\"https:\/\/www.laorotava.es\/turismo\/en\/7-municipal-cemetery\/\",\"name\":\"7. Municipal Cemetery - Web de Turismo del Ayuntamiento de La Orotava\",\"isPartOf\":{\"@id\":\"https:\/\/www.laorotava.es\/turismo\/#website\"},\"primaryImageOfPage\":{\"@id\":\"https:\/\/www.laorotava.es\/turismo\/en\/7-municipal-cemetery\/#primaryimage\"},\"image\":{\"@id\":\"https:\/\/www.laorotava.es\/turismo\/en\/7-municipal-cemetery\/#primaryimage\"},\"thumbnailUrl\":\"https:\/\/www.laorotava.es\/sites\/default\/files\/styles\/large\/public\/rutas\/7.png?itok=3OQE1IJm\",\"datePublished\":\"2022-08-22T13:44:18+00:00\",\"dateModified\":\"2022-08-22T13:44:59+00:00\",\"breadcrumb\":{\"@id\":\"https:\/\/www.laorotava.es\/turismo\/en\/7-municipal-cemetery\/#breadcrumb\"},\"inLanguage\":\"es\",\"potentialAction\":[{\"@type\":\"ReadAction\",\"target\":[\"https:\/\/www.laorotava.es\/turismo\/en\/7-municipal-cemetery\/\"]}]},{\"@type\":\"ImageObject\",\"inLanguage\":\"es\",\"@id\":\"https:\/\/www.laorotava.es\/turismo\/en\/7-municipal-cemetery\/#primaryimage\",\"url\":\"https:\/\/www.laorotava.es\/sites\/default\/files\/styles\/large\/public\/rutas\/7.png?itok=3OQE1IJm\",\"contentUrl\":\"https:\/\/www.laorotava.es\/sites\/default\/files\/styles\/large\/public\/rutas\/7.png?itok=3OQE1IJm\"},{\"@type\":\"BreadcrumbList\",\"@id\":\"https:\/\/www.laorotava.es\/turismo\/en\/7-municipal-cemetery\/#breadcrumb\",\"itemListElement\":[{\"@type\":\"ListItem\",\"position\":1,\"name\":\"Portada\",\"item\":\"https:\/\/www.laorotava.es\/turismo\/\"},{\"@type\":\"ListItem\",\"position\":2,\"name\":\"7. Municipal Cemetery\"}]},{\"@type\":\"WebSite\",\"@id\":\"https:\/\/www.laorotava.es\/turismo\/#website\",\"url\":\"https:\/\/www.laorotava.es\/turismo\/\",\"name\":\"Web de Turismo del Ayuntamiento de La Orotava\",\"description\":\"\",\"publisher\":{\"@id\":\"https:\/\/www.laorotava.es\/turismo\/#organization\"},\"potentialAction\":[{\"@type\":\"SearchAction\",\"target\":{\"@type\":\"EntryPoint\",\"urlTemplate\":\"https:\/\/www.laorotava.es\/turismo\/?s={search_term_string}\"},\"query-input\":{\"@type\":\"PropertyValueSpecification\",\"valueRequired\":true,\"valueName\":\"search_term_string\"}}],\"inLanguage\":\"es\"},{\"@type\":\"Organization\",\"@id\":\"https:\/\/www.laorotava.es\/turismo\/#organization\",\"name\":\"Ayuntamiento de La Orotava\",\"url\":\"https:\/\/www.laorotava.es\/turismo\/\",\"logo\":{\"@type\":\"ImageObject\",\"inLanguage\":\"es\",\"@id\":\"https:\/\/www.laorotava.es\/turismo\/#\/schema\/logo\/image\/\",\"url\":\"https:\/\/www.laorotava.es\/turismo\/wp-content\/uploads\/2022\/08\/logo.png\",\"contentUrl\":\"https:\/\/www.laorotava.es\/turismo\/wp-content\/uploads\/2022\/08\/logo.png\",\"width\":1195,\"height\":180,\"caption\":\"Ayuntamiento de La Orotava\"},\"image\":{\"@id\":\"https:\/\/www.laorotava.es\/turismo\/#\/schema\/logo\/image\/\"},\"sameAs\":[\"https:\/\/www.facebook.com\/TurismoLaOrotava\/\",\"https:\/\/x.com\/LaOrotava\"]}]}<\/script>\n<!-- \/ Yoast SEO plugin. -->","yoast_head_json":{"title":"7. Municipal Cemetery - Web de Turismo del Ayuntamiento de La Orotava","robots":{"index":"index","follow":"follow","max-snippet":"max-snippet:-1","max-image-preview":"max-image-preview:large","max-video-preview":"max-video-preview:-1"},"canonical":"https:\/\/www.laorotava.es\/turismo\/en\/7-municipal-cemetery\/","og_locale":"es_ES","og_type":"article","og_title":"7. Municipal Cemetery - Web de Turismo del Ayuntamiento de La Orotava","og_description":"7. Municipal Cemetery At number 6 on Calle San Francisco you\u2019ll find the Municipal Cemetery. It is accessed along a long path down a hill from the entrance gate, which goes completely unnoticed by visitors who don\u2019t know its location. If you arrive during opening hours, walk down the hill until you reach the chapel and the first tombs. The cemetery was created in the first third of the 19th century. It was designed in the romantic style, resembling a garden, by the sculptor Fernando Est\u00e9vez, whose house you visited earlier. Once at the bottom, walk towards the chapel and observe the simplicity of the area. The current Crucified Christ was brought to replace the previous one, which burned in a fire on the Day of the Dead in 1986. You can still see the burn marks of the fire on the chapel&#8217;s stone carved door. This doorway belonged to the convent of the Poor Clares, which became public property in the 19th century. It was reused to ennoble the municipal cemetery, which was declared an Asset of Cultural Interest in 2005. The oldest parts of this cemetery are the chapel, the line of pantheons in front of it, and the interior perimeter. Walk along the cemetery&#8217;s borders to discover some of the spectacular tombs and magnificent sculptures. One of the most interesting stories about the cemetery is that the Church declared it to be a profane place at the end of the 19th century. Not a single member of the clergy went through the front gate for 24 years, not even to officiate at funerals. This was because two figures who were considered enemies of the Church were buried here: Nicol\u00e1s Jos\u00e9 Hern\u00e1ndez and Diego Ponte del Castillo, eighth Marquis of the Quinta Roja, who were accused of being Freemasons. The Catholic Church has traditionally associated Freemasonry with obscurantism and pagan rites. Retrace your steps back to the front gate to continue your tour. The next point on the tour will be Plaza San Francisco, which is located a few metres up from the cemetery&#8217;s entrance. Sit on the stone bench in front of the two cypress trees to listen to the next track.","og_url":"https:\/\/www.laorotava.es\/turismo\/en\/7-municipal-cemetery\/","og_site_name":"Web de Turismo del Ayuntamiento de La Orotava","article_publisher":"https:\/\/www.facebook.com\/TurismoLaOrotava\/","article_modified_time":"2022-08-22T13:44:59+00:00","og_image":[{"url":"https:\/\/www.laorotava.es\/sites\/default\/files\/styles\/large\/public\/rutas\/7.png?itok=3OQE1IJm","type":"","width":"","height":""}],"twitter_card":"summary_large_image","twitter_site":"@LaOrotava","twitter_misc":{"Tiempo de lectura":"2 minutos"},"schema":{"@context":"https:\/\/schema.org","@graph":[{"@type":"WebPage","@id":"https:\/\/www.laorotava.es\/turismo\/en\/7-municipal-cemetery\/","url":"https:\/\/www.laorotava.es\/turismo\/en\/7-municipal-cemetery\/","name":"7. Municipal Cemetery - Web de Turismo del Ayuntamiento de La Orotava","isPartOf":{"@id":"https:\/\/www.laorotava.es\/turismo\/#website"},"primaryImageOfPage":{"@id":"https:\/\/www.laorotava.es\/turismo\/en\/7-municipal-cemetery\/#primaryimage"},"image":{"@id":"https:\/\/www.laorotava.es\/turismo\/en\/7-municipal-cemetery\/#primaryimage"},"thumbnailUrl":"https:\/\/www.laorotava.es\/sites\/default\/files\/styles\/large\/public\/rutas\/7.png?itok=3OQE1IJm","datePublished":"2022-08-22T13:44:18+00:00","dateModified":"2022-08-22T13:44:59+00:00","breadcrumb":{"@id":"https:\/\/www.laorotava.es\/turismo\/en\/7-municipal-cemetery\/#breadcrumb"},"inLanguage":"es","potentialAction":[{"@type":"ReadAction","target":["https:\/\/www.laorotava.es\/turismo\/en\/7-municipal-cemetery\/"]}]},{"@type":"ImageObject","inLanguage":"es","@id":"https:\/\/www.laorotava.es\/turismo\/en\/7-municipal-cemetery\/#primaryimage","url":"https:\/\/www.laorotava.es\/sites\/default\/files\/styles\/large\/public\/rutas\/7.png?itok=3OQE1IJm","contentUrl":"https:\/\/www.laorotava.es\/sites\/default\/files\/styles\/large\/public\/rutas\/7.png?itok=3OQE1IJm"},{"@type":"BreadcrumbList","@id":"https:\/\/www.laorotava.es\/turismo\/en\/7-municipal-cemetery\/#breadcrumb","itemListElement":[{"@type":"ListItem","position":1,"name":"Portada","item":"https:\/\/www.laorotava.es\/turismo\/"},{"@type":"ListItem","position":2,"name":"7. Municipal Cemetery"}]},{"@type":"WebSite","@id":"https:\/\/www.laorotava.es\/turismo\/#website","url":"https:\/\/www.laorotava.es\/turismo\/","name":"Web de Turismo del Ayuntamiento de La Orotava","description":"","publisher":{"@id":"https:\/\/www.laorotava.es\/turismo\/#organization"},"potentialAction":[{"@type":"SearchAction","target":{"@type":"EntryPoint","urlTemplate":"https:\/\/www.laorotava.es\/turismo\/?s={search_term_string}"},"query-input":{"@type":"PropertyValueSpecification","valueRequired":true,"valueName":"search_term_string"}}],"inLanguage":"es"},{"@type":"Organization","@id":"https:\/\/www.laorotava.es\/turismo\/#organization","name":"Ayuntamiento de La Orotava","url":"https:\/\/www.laorotava.es\/turismo\/","logo":{"@type":"ImageObject","inLanguage":"es","@id":"https:\/\/www.laorotava.es\/turismo\/#\/schema\/logo\/image\/","url":"https:\/\/www.laorotava.es\/turismo\/wp-content\/uploads\/2022\/08\/logo.png","contentUrl":"https:\/\/www.laorotava.es\/turismo\/wp-content\/uploads\/2022\/08\/logo.png","width":1195,"height":180,"caption":"Ayuntamiento de La Orotava"},"image":{"@id":"https:\/\/www.laorotava.es\/turismo\/#\/schema\/logo\/image\/"},"sameAs":["https:\/\/www.facebook.com\/TurismoLaOrotava\/","https:\/\/x.com\/LaOrotava"]}]}},"_links":{"self":[{"href":"https:\/\/www.laorotava.es\/turismo\/wp-json\/wp\/v2\/pages\/1006441","targetHints":{"allow":["GET"]}}],"collection":[{"href":"https:\/\/www.laorotava.es\/turismo\/wp-json\/wp\/v2\/pages"}],"about":[{"href":"https:\/\/www.laorotava.es\/turismo\/wp-json\/wp\/v2\/types\/page"}],"author":[{"embeddable":true,"href":"https:\/\/www.laorotava.es\/turismo\/wp-json\/wp\/v2\/users\/3"}],"replies":[{"embeddable":true,"href":"https:\/\/www.laorotava.es\/turismo\/wp-json\/wp\/v2\/comments?post=1006441"}],"version-history":[{"count":0,"href":"https:\/\/www.laorotava.es\/turismo\/wp-json\/wp\/v2\/pages\/1006441\/revisions"}],"wp:attachment":[{"href":"https:\/\/www.laorotava.es\/turismo\/wp-json\/wp\/v2\/media?parent=1006441"}],"curies":[{"name":"wp","href":"https:\/\/api.w.org\/{rel}","templated":true}]}}