{"id":1006505,"date":"2022-08-22T13:54:57","date_gmt":"2022-08-22T13:54:57","guid":{"rendered":"https:\/\/www.laorotava.es\/turismo\/?page_id=1006505"},"modified":"2022-08-22T13:56:12","modified_gmt":"2022-08-22T13:56:12","slug":"10-lavaderos","status":"publish","type":"page","link":"https:\/\/www.laorotava.es\/turismo\/10-lavaderos\/","title":{"rendered":"10. Lavaderos"},"content":{"rendered":"\t\t<div data-elementor-type=\"wp-page\" data-elementor-id=\"1006505\" class=\"elementor elementor-1006505\">\n\t\t\t\t\t\t<section class=\"elementor-section elementor-top-section elementor-element elementor-element-700757d5 elementor-section-stretched elementor-section-boxed elementor-section-height-default elementor-section-height-default wpr-particle-no wpr-jarallax-no wpr-parallax-no wpr-sticky-section-no\" data-id=\"700757d5\" data-element_type=\"section\" data-e-type=\"section\" data-settings=\"{&quot;stretch_section&quot;:&quot;section-stretched&quot;}\">\n\t\t\t\t\t\t<div class=\"elementor-container elementor-column-gap-default\">\n\t\t\t\t\t<div class=\"elementor-column elementor-col-100 elementor-top-column elementor-element elementor-element-3de5e204\" data-id=\"3de5e204\" data-element_type=\"column\" data-e-type=\"column\">\n\t\t\t<div class=\"elementor-widget-wrap elementor-element-populated\">\n\t\t\t\t\t\t<div class=\"elementor-element elementor-element-728bcfe1 elementor-widget elementor-widget-heading\" data-id=\"728bcfe1\" data-element_type=\"widget\" data-e-type=\"widget\" data-widget_type=\"heading.default\">\n\t\t\t\t<div class=\"elementor-widget-container\">\n\t\t\t\t\t<h2 class=\"elementor-heading-title elementor-size-small\">10. Lavaderos\n<\/h2>\t\t\t\t<\/div>\n\t\t\t\t<\/div>\n\t\t\t\t<div class=\"elementor-element elementor-element-491c57c7 elementor-widget-divider--view-line elementor-widget elementor-widget-divider\" data-id=\"491c57c7\" data-element_type=\"widget\" data-e-type=\"widget\" data-widget_type=\"divider.default\">\n\t\t\t\t<div class=\"elementor-widget-container\">\n\t\t\t\t\t\t\t<div class=\"elementor-divider\">\n\t\t\t<span class=\"elementor-divider-separator\">\n\t\t\t\t\t\t<\/span>\n\t\t<\/div>\n\t\t\t\t\t\t<\/div>\n\t\t\t\t<\/div>\n\t\t\t\t<div class=\"elementor-element elementor-element-b4c0d02 elementor-widget elementor-widget-wp-widget-media_audio\" data-id=\"b4c0d02\" data-element_type=\"widget\" data-e-type=\"widget\" data-widget_type=\"wp-widget-media_audio.default\">\n\t\t\t\t<div class=\"elementor-widget-container\">\n\t\t\t\t\t<audio class=\"wp-audio-shortcode\" id=\"audio-1006505-1\" preload=\"none\" style=\"width: 100%;\" controls=\"controls\"><source type=\"audio\/mpeg\" src=\"https:\/\/www.laorotava.es\/turismo\/wp-content\/uploads\/2019\/06\/10_ra_lavaderos.mp3?_=1\" \/><source type=\"audio\/mpeg\" src=\"https:\/\/www.laorotava.es\/turismo\/wp-content\/uploads\/2019\/06\/10_ra_lavaderos.mp3?_=1\" \/><a href=\"https:\/\/www.laorotava.es\/turismo\/wp-content\/uploads\/2019\/06\/10_ra_lavaderos.mp3\">https:\/\/www.laorotava.es\/turismo\/wp-content\/uploads\/2019\/06\/10_ra_lavaderos.mp3<\/a><\/audio>\t\t\t\t<\/div>\n\t\t\t\t<\/div>\n\t\t\t\t<div class=\"elementor-element elementor-element-7315cd78 elementor-widget elementor-widget-text-editor\" data-id=\"7315cd78\" data-element_type=\"widget\" data-e-type=\"widget\" data-widget_type=\"text-editor.default\">\n\t\t\t\t<div class=\"elementor-widget-container\">\n\t\t\t\t\t\t\t\t\t<p><span style=\"color: #444444;\"><img decoding=\"async\" class=\"alignleft\" src=\"https:\/\/www.laorotava.es\/sites\/default\/files\/styles\/large\/public\/rutas\/10.png?itok=9ZnQEsns\" \/><\/span><\/p><p><span style=\"color: #444444;\">En La Orotava se pueden encontrar m\u00faltiples construcciones que han quedado como testimonio de una \u00e9poca no tan lejana en la que el aprovechamiento del agua era esencial.<\/span><\/p><p><span style=\"color: #444444;\">Nuestra primera parada en este recorrido del agua son los lavaderos, que encontraremos a mano izquierda nada m\u00e1s comenzar la subida por la calle Doctor Domingo Gonz\u00e1lez Garc\u00eda. En La Orotava lleg\u00f3 a haber hasta cinco lavaderos p\u00fablicos de ropa de los que s\u00f3lo se conserva este, conocido como lavadero de San Francisco, del siglo XVI. Del canal principal de agua que abastec\u00eda a los molinos se desviaba una acequia para lavar la ropa. La antigua acequia principal, donde se lavaba en com\u00fan, fue sustituida en los a\u00f1os cuarenta por veinticuatro piletas individuales con surtidor propio. 20 a\u00f1os m\u00e1s tarde se abandon\u00f3 el uso de estos lavaderos por la domiciliaci\u00f3n del agua corriente.<\/span><\/p><p><span style=\"color: #444444;\">El actual espacio fue recuperado recientemente para servir de ejemplo patrimonial del oficio de lavandera y de los usos del agua en La Orotava.<\/span><\/p><p><span style=\"color: #444444;\">El oficio de lavandera fue tradicionalmente femenino. Aqu\u00ed lavaban juntas las criadas, las amas de casa humildes y aquellas que ten\u00edan el oficio de lavanderas. Sol\u00edan cantar juntas mientras lavaban. Esta constitu\u00eda una de las contad\u00edsimas oportunidades para las mujeres de hacer vida social, y este era un espacio exclusivamente femenino, aunque a menudo ten\u00edan que ingeni\u00e1rselas para protegerse de la mirada de los hombres que las espiaban desde la ventana del molino. Desde finales del siglo XVIII, las mujeres se vieron obligadas a despejar el lugar cada tarde, ya que el lavadero se convert\u00eda en una suerte de casino para los hombres, donde se beb\u00eda vino y se jugaba a la baraja.<\/span><\/p><p><span style=\"color: #444444;\">Subiendo unos metros encontraremos a nuestra izquierda un molino de gofio, pr\u00f3xima parada de nuestra ruta. Conf\u00eda en el sentido del olfato porque su caracter\u00edstico olor inunda la calle a medida que nos acercamos.<\/span><\/p>\t\t\t\t\t\t\t\t<\/div>\n\t\t\t\t<\/div>\n\t\t\t\t<div class=\"elementor-element elementor-element-62375e8c elementor-widget elementor-widget-google_maps\" data-id=\"62375e8c\" data-element_type=\"widget\" data-e-type=\"widget\" data-widget_type=\"google_maps.default\">\n\t\t\t\t<div class=\"elementor-widget-container\">\n\t\t\t\t\t\t\t<div class=\"elementor-custom-embed\">\n\t\t\t<iframe loading=\"lazy\"\n\t\t\t\t\tsrc=\"https:\/\/maps.google.com\/maps?q=lavaderos%20la%20orotava&#038;t=m&#038;z=16&#038;output=embed&#038;iwloc=near\"\n\t\t\t\t\ttitle=\"lavaderos la orotava\"\n\t\t\t\t\taria-label=\"lavaderos la orotava\"\n\t\t\t><\/iframe>\n\t\t<\/div>\n\t\t\t\t\t\t<\/div>\n\t\t\t\t<\/div>\n\t\t\t\t\t<\/div>\n\t\t<\/div>\n\t\t\t\t\t<\/div>\n\t\t<\/section>\n\t\t\t\t<\/div>\n\t\t","protected":false},"excerpt":{"rendered":"<p>10. Lavaderos En La Orotava se pueden encontrar m\u00faltiples construcciones que han quedado como testimonio de una \u00e9poca no tan lejana en la que el aprovechamiento del agua era esencial. Nuestra primera parada en este recorrido del agua son los lavaderos, que encontraremos a mano izquierda nada m\u00e1s comenzar la subida por la calle Doctor Domingo Gonz\u00e1lez Garc\u00eda. En La Orotava lleg\u00f3 a haber hasta cinco lavaderos p\u00fablicos de ropa de los que s\u00f3lo se conserva este, conocido como lavadero de San Francisco, del siglo XVI. Del canal principal de agua que abastec\u00eda a los molinos se desviaba una acequia para lavar la ropa. La antigua acequia principal, donde se lavaba en com\u00fan, fue sustituida en los a\u00f1os cuarenta por veinticuatro piletas individuales con surtidor propio. 20 a\u00f1os m\u00e1s tarde se abandon\u00f3 el uso de estos lavaderos por la domiciliaci\u00f3n del agua corriente. El actual espacio fue recuperado recientemente para servir de ejemplo patrimonial del oficio de lavandera y de los usos del agua en La Orotava. El oficio de lavandera fue tradicionalmente femenino. Aqu\u00ed lavaban juntas las criadas, las amas de casa humildes y aquellas que ten\u00edan el oficio de lavanderas. Sol\u00edan cantar juntas mientras lavaban. Esta constitu\u00eda una de las contad\u00edsimas oportunidades para las mujeres de hacer vida social, y este era un espacio exclusivamente femenino, aunque a menudo ten\u00edan que ingeni\u00e1rselas para protegerse de la mirada de los hombres que las espiaban desde la ventana del molino. Desde finales del siglo XVIII, las mujeres se vieron obligadas a despejar el lugar cada tarde, ya que el lavadero se convert\u00eda en una suerte de casino para los hombres, donde se beb\u00eda vino y se jugaba a la baraja. Subiendo unos metros encontraremos a nuestra izquierda un molino de gofio, pr\u00f3xima parada de nuestra ruta. Conf\u00eda en el sentido del olfato porque su caracter\u00edstico olor inunda la calle a medida que nos acercamos.<\/p>\n","protected":false},"author":3,"featured_media":0,"parent":0,"menu_order":0,"comment_status":"closed","ping_status":"closed","template":"","meta":{"_acf_changed":false,"ocean_post_layout":"","ocean_both_sidebars_style":"","ocean_both_sidebars_content_width":0,"ocean_both_sidebars_sidebars_width":0,"ocean_sidebar":"0","ocean_second_sidebar":"0","ocean_disable_margins":"enable","ocean_add_body_class":"","ocean_shortcode_before_top_bar":"","ocean_shortcode_after_top_bar":"","ocean_shortcode_before_header":"","ocean_shortcode_after_header":"","ocean_has_shortcode":"","ocean_shortcode_after_title":"","ocean_shortcode_before_footer_widgets":"","ocean_shortcode_after_footer_widgets":"","ocean_shortcode_before_footer_bottom":"","ocean_shortcode_after_footer_bottom":"","ocean_display_top_bar":"default","ocean_display_header":"default","ocean_header_style":"","ocean_center_header_left_menu":"0","ocean_custom_header_template":"0","ocean_custom_logo":0,"ocean_custom_retina_logo":0,"ocean_custom_logo_max_width":0,"ocean_custom_logo_tablet_max_width":0,"ocean_custom_logo_mobile_max_width":0,"ocean_custom_logo_max_height":0,"ocean_custom_logo_tablet_max_height":0,"ocean_custom_logo_mobile_max_height":0,"ocean_header_custom_menu":"0","ocean_menu_typo_font_family":"0","ocean_menu_typo_font_subset":"","ocean_menu_typo_font_size":0,"ocean_menu_typo_font_size_tablet":0,"ocean_menu_typo_font_size_mobile":0,"ocean_menu_typo_font_size_unit":"px","ocean_menu_typo_font_weight":"","ocean_menu_typo_font_weight_tablet":"","ocean_menu_typo_font_weight_mobile":"","ocean_menu_typo_transform":"","ocean_menu_typo_transform_tablet":"","ocean_menu_typo_transform_mobile":"","ocean_menu_typo_line_height":0,"ocean_menu_typo_line_height_tablet":0,"ocean_menu_typo_line_height_mobile":0,"ocean_menu_typo_line_height_unit":"","ocean_menu_typo_spacing":0,"ocean_menu_typo_spacing_tablet":0,"ocean_menu_typo_spacing_mobile":0,"ocean_menu_typo_spacing_unit":"","ocean_menu_link_color":"","ocean_menu_link_color_hover":"","ocean_menu_link_color_active":"","ocean_menu_link_background":"","ocean_menu_link_hover_background":"","ocean_menu_link_active_background":"","ocean_menu_social_links_bg":"","ocean_menu_social_hover_links_bg":"","ocean_menu_social_links_color":"","ocean_menu_social_hover_links_color":"","ocean_disable_title":"default","ocean_disable_heading":"on","ocean_post_title":"","ocean_post_subheading":"","ocean_post_title_style":"","ocean_post_title_background_color":"","ocean_post_title_background":0,"ocean_post_title_bg_image_position":"","ocean_post_title_bg_image_attachment":"","ocean_post_title_bg_image_repeat":"","ocean_post_title_bg_image_size":"","ocean_post_title_height":0,"ocean_post_title_bg_overlay":0.5,"ocean_post_title_bg_overlay_color":"","ocean_disable_breadcrumbs":"default","ocean_breadcrumbs_color":"","ocean_breadcrumbs_separator_color":"","ocean_breadcrumbs_links_color":"","ocean_breadcrumbs_links_hover_color":"","ocean_display_footer_widgets":"default","ocean_display_footer_bottom":"default","ocean_custom_footer_template":"0","footnotes":""},"class_list":["post-1006505","page","type-page","status-publish","hentry","entry"],"acf":[],"yoast_head":"<!-- This site is optimized with the Yoast SEO plugin v27.2 - https:\/\/yoast.com\/product\/yoast-seo-wordpress\/ -->\n<title>10. Lavaderos - Web de Turismo del Ayuntamiento de La Orotava<\/title>\n<meta name=\"robots\" content=\"index, follow, max-snippet:-1, max-image-preview:large, max-video-preview:-1\" \/>\n<link rel=\"canonical\" href=\"https:\/\/www.laorotava.es\/turismo\/10-lavaderos\/\" \/>\n<meta property=\"og:locale\" content=\"es_ES\" \/>\n<meta property=\"og:type\" content=\"article\" \/>\n<meta property=\"og:title\" content=\"10. Lavaderos - Web de Turismo del Ayuntamiento de La Orotava\" \/>\n<meta property=\"og:description\" content=\"10. Lavaderos En La Orotava se pueden encontrar m\u00faltiples construcciones que han quedado como testimonio de una \u00e9poca no tan lejana en la que el aprovechamiento del agua era esencial. Nuestra primera parada en este recorrido del agua son los lavaderos, que encontraremos a mano izquierda nada m\u00e1s comenzar la subida por la calle Doctor Domingo Gonz\u00e1lez Garc\u00eda. En La Orotava lleg\u00f3 a haber hasta cinco lavaderos p\u00fablicos de ropa de los que s\u00f3lo se conserva este, conocido como lavadero de San Francisco, del siglo XVI. Del canal principal de agua que abastec\u00eda a los molinos se desviaba una acequia para lavar la ropa. La antigua acequia principal, donde se lavaba en com\u00fan, fue sustituida en los a\u00f1os cuarenta por veinticuatro piletas individuales con surtidor propio. 20 a\u00f1os m\u00e1s tarde se abandon\u00f3 el uso de estos lavaderos por la domiciliaci\u00f3n del agua corriente. El actual espacio fue recuperado recientemente para servir de ejemplo patrimonial del oficio de lavandera y de los usos del agua en La Orotava. El oficio de lavandera fue tradicionalmente femenino. Aqu\u00ed lavaban juntas las criadas, las amas de casa humildes y aquellas que ten\u00edan el oficio de lavanderas. Sol\u00edan cantar juntas mientras lavaban. Esta constitu\u00eda una de las contad\u00edsimas oportunidades para las mujeres de hacer vida social, y este era un espacio exclusivamente femenino, aunque a menudo ten\u00edan que ingeni\u00e1rselas para protegerse de la mirada de los hombres que las espiaban desde la ventana del molino. Desde finales del siglo XVIII, las mujeres se vieron obligadas a despejar el lugar cada tarde, ya que el lavadero se convert\u00eda en una suerte de casino para los hombres, donde se beb\u00eda vino y se jugaba a la baraja. Subiendo unos metros encontraremos a nuestra izquierda un molino de gofio, pr\u00f3xima parada de nuestra ruta. Conf\u00eda en el sentido del olfato porque su caracter\u00edstico olor inunda la calle a medida que nos acercamos.\" \/>\n<meta property=\"og:url\" content=\"https:\/\/www.laorotava.es\/turismo\/10-lavaderos\/\" \/>\n<meta property=\"og:site_name\" content=\"Web de Turismo del Ayuntamiento de La Orotava\" \/>\n<meta property=\"article:publisher\" content=\"https:\/\/www.facebook.com\/TurismoLaOrotava\/\" \/>\n<meta property=\"article:modified_time\" content=\"2022-08-22T13:56:12+00:00\" \/>\n<meta property=\"og:image\" content=\"https:\/\/www.laorotava.es\/sites\/default\/files\/styles\/large\/public\/rutas\/10.png?itok=9ZnQEsns\" \/>\n<meta name=\"twitter:card\" content=\"summary_large_image\" \/>\n<meta name=\"twitter:site\" content=\"@LaOrotava\" \/>\n<meta name=\"twitter:label1\" content=\"Tiempo de lectura\" \/>\n\t<meta name=\"twitter:data1\" content=\"2 minutos\" \/>\n<script type=\"application\/ld+json\" class=\"yoast-schema-graph\">{\"@context\":\"https:\/\/schema.org\",\"@graph\":[{\"@type\":\"WebPage\",\"@id\":\"https:\/\/www.laorotava.es\/turismo\/10-lavaderos\/\",\"url\":\"https:\/\/www.laorotava.es\/turismo\/10-lavaderos\/\",\"name\":\"10. Lavaderos - Web de Turismo del Ayuntamiento de La Orotava\",\"isPartOf\":{\"@id\":\"https:\/\/www.laorotava.es\/turismo\/#website\"},\"primaryImageOfPage\":{\"@id\":\"https:\/\/www.laorotava.es\/turismo\/10-lavaderos\/#primaryimage\"},\"image\":{\"@id\":\"https:\/\/www.laorotava.es\/turismo\/10-lavaderos\/#primaryimage\"},\"thumbnailUrl\":\"https:\/\/www.laorotava.es\/sites\/default\/files\/styles\/large\/public\/rutas\/10.png?itok=9ZnQEsns\",\"datePublished\":\"2022-08-22T13:54:57+00:00\",\"dateModified\":\"2022-08-22T13:56:12+00:00\",\"breadcrumb\":{\"@id\":\"https:\/\/www.laorotava.es\/turismo\/10-lavaderos\/#breadcrumb\"},\"inLanguage\":\"es\",\"potentialAction\":[{\"@type\":\"ReadAction\",\"target\":[\"https:\/\/www.laorotava.es\/turismo\/10-lavaderos\/\"]}]},{\"@type\":\"ImageObject\",\"inLanguage\":\"es\",\"@id\":\"https:\/\/www.laorotava.es\/turismo\/10-lavaderos\/#primaryimage\",\"url\":\"https:\/\/www.laorotava.es\/sites\/default\/files\/styles\/large\/public\/rutas\/10.png?itok=9ZnQEsns\",\"contentUrl\":\"https:\/\/www.laorotava.es\/sites\/default\/files\/styles\/large\/public\/rutas\/10.png?itok=9ZnQEsns\"},{\"@type\":\"BreadcrumbList\",\"@id\":\"https:\/\/www.laorotava.es\/turismo\/10-lavaderos\/#breadcrumb\",\"itemListElement\":[{\"@type\":\"ListItem\",\"position\":1,\"name\":\"Portada\",\"item\":\"https:\/\/www.laorotava.es\/turismo\/\"},{\"@type\":\"ListItem\",\"position\":2,\"name\":\"10. Lavaderos\"}]},{\"@type\":\"WebSite\",\"@id\":\"https:\/\/www.laorotava.es\/turismo\/#website\",\"url\":\"https:\/\/www.laorotava.es\/turismo\/\",\"name\":\"Web de Turismo del Ayuntamiento de La Orotava\",\"description\":\"\",\"publisher\":{\"@id\":\"https:\/\/www.laorotava.es\/turismo\/#organization\"},\"potentialAction\":[{\"@type\":\"SearchAction\",\"target\":{\"@type\":\"EntryPoint\",\"urlTemplate\":\"https:\/\/www.laorotava.es\/turismo\/?s={search_term_string}\"},\"query-input\":{\"@type\":\"PropertyValueSpecification\",\"valueRequired\":true,\"valueName\":\"search_term_string\"}}],\"inLanguage\":\"es\"},{\"@type\":\"Organization\",\"@id\":\"https:\/\/www.laorotava.es\/turismo\/#organization\",\"name\":\"Ayuntamiento de La Orotava\",\"url\":\"https:\/\/www.laorotava.es\/turismo\/\",\"logo\":{\"@type\":\"ImageObject\",\"inLanguage\":\"es\",\"@id\":\"https:\/\/www.laorotava.es\/turismo\/#\/schema\/logo\/image\/\",\"url\":\"https:\/\/www.laorotava.es\/turismo\/wp-content\/uploads\/2022\/08\/logo.png\",\"contentUrl\":\"https:\/\/www.laorotava.es\/turismo\/wp-content\/uploads\/2022\/08\/logo.png\",\"width\":1195,\"height\":180,\"caption\":\"Ayuntamiento de La Orotava\"},\"image\":{\"@id\":\"https:\/\/www.laorotava.es\/turismo\/#\/schema\/logo\/image\/\"},\"sameAs\":[\"https:\/\/www.facebook.com\/TurismoLaOrotava\/\",\"https:\/\/x.com\/LaOrotava\"]}]}<\/script>\n<!-- \/ Yoast SEO plugin. -->","yoast_head_json":{"title":"10. Lavaderos - Web de Turismo del Ayuntamiento de La Orotava","robots":{"index":"index","follow":"follow","max-snippet":"max-snippet:-1","max-image-preview":"max-image-preview:large","max-video-preview":"max-video-preview:-1"},"canonical":"https:\/\/www.laorotava.es\/turismo\/10-lavaderos\/","og_locale":"es_ES","og_type":"article","og_title":"10. Lavaderos - Web de Turismo del Ayuntamiento de La Orotava","og_description":"10. Lavaderos En La Orotava se pueden encontrar m\u00faltiples construcciones que han quedado como testimonio de una \u00e9poca no tan lejana en la que el aprovechamiento del agua era esencial. Nuestra primera parada en este recorrido del agua son los lavaderos, que encontraremos a mano izquierda nada m\u00e1s comenzar la subida por la calle Doctor Domingo Gonz\u00e1lez Garc\u00eda. En La Orotava lleg\u00f3 a haber hasta cinco lavaderos p\u00fablicos de ropa de los que s\u00f3lo se conserva este, conocido como lavadero de San Francisco, del siglo XVI. Del canal principal de agua que abastec\u00eda a los molinos se desviaba una acequia para lavar la ropa. La antigua acequia principal, donde se lavaba en com\u00fan, fue sustituida en los a\u00f1os cuarenta por veinticuatro piletas individuales con surtidor propio. 20 a\u00f1os m\u00e1s tarde se abandon\u00f3 el uso de estos lavaderos por la domiciliaci\u00f3n del agua corriente. El actual espacio fue recuperado recientemente para servir de ejemplo patrimonial del oficio de lavandera y de los usos del agua en La Orotava. El oficio de lavandera fue tradicionalmente femenino. Aqu\u00ed lavaban juntas las criadas, las amas de casa humildes y aquellas que ten\u00edan el oficio de lavanderas. Sol\u00edan cantar juntas mientras lavaban. Esta constitu\u00eda una de las contad\u00edsimas oportunidades para las mujeres de hacer vida social, y este era un espacio exclusivamente femenino, aunque a menudo ten\u00edan que ingeni\u00e1rselas para protegerse de la mirada de los hombres que las espiaban desde la ventana del molino. Desde finales del siglo XVIII, las mujeres se vieron obligadas a despejar el lugar cada tarde, ya que el lavadero se convert\u00eda en una suerte de casino para los hombres, donde se beb\u00eda vino y se jugaba a la baraja. Subiendo unos metros encontraremos a nuestra izquierda un molino de gofio, pr\u00f3xima parada de nuestra ruta. Conf\u00eda en el sentido del olfato porque su caracter\u00edstico olor inunda la calle a medida que nos acercamos.","og_url":"https:\/\/www.laorotava.es\/turismo\/10-lavaderos\/","og_site_name":"Web de Turismo del Ayuntamiento de La Orotava","article_publisher":"https:\/\/www.facebook.com\/TurismoLaOrotava\/","article_modified_time":"2022-08-22T13:56:12+00:00","og_image":[{"url":"https:\/\/www.laorotava.es\/sites\/default\/files\/styles\/large\/public\/rutas\/10.png?itok=9ZnQEsns","type":"","width":"","height":""}],"twitter_card":"summary_large_image","twitter_site":"@LaOrotava","twitter_misc":{"Tiempo de lectura":"2 minutos"},"schema":{"@context":"https:\/\/schema.org","@graph":[{"@type":"WebPage","@id":"https:\/\/www.laorotava.es\/turismo\/10-lavaderos\/","url":"https:\/\/www.laorotava.es\/turismo\/10-lavaderos\/","name":"10. Lavaderos - Web de Turismo del Ayuntamiento de La Orotava","isPartOf":{"@id":"https:\/\/www.laorotava.es\/turismo\/#website"},"primaryImageOfPage":{"@id":"https:\/\/www.laorotava.es\/turismo\/10-lavaderos\/#primaryimage"},"image":{"@id":"https:\/\/www.laorotava.es\/turismo\/10-lavaderos\/#primaryimage"},"thumbnailUrl":"https:\/\/www.laorotava.es\/sites\/default\/files\/styles\/large\/public\/rutas\/10.png?itok=9ZnQEsns","datePublished":"2022-08-22T13:54:57+00:00","dateModified":"2022-08-22T13:56:12+00:00","breadcrumb":{"@id":"https:\/\/www.laorotava.es\/turismo\/10-lavaderos\/#breadcrumb"},"inLanguage":"es","potentialAction":[{"@type":"ReadAction","target":["https:\/\/www.laorotava.es\/turismo\/10-lavaderos\/"]}]},{"@type":"ImageObject","inLanguage":"es","@id":"https:\/\/www.laorotava.es\/turismo\/10-lavaderos\/#primaryimage","url":"https:\/\/www.laorotava.es\/sites\/default\/files\/styles\/large\/public\/rutas\/10.png?itok=9ZnQEsns","contentUrl":"https:\/\/www.laorotava.es\/sites\/default\/files\/styles\/large\/public\/rutas\/10.png?itok=9ZnQEsns"},{"@type":"BreadcrumbList","@id":"https:\/\/www.laorotava.es\/turismo\/10-lavaderos\/#breadcrumb","itemListElement":[{"@type":"ListItem","position":1,"name":"Portada","item":"https:\/\/www.laorotava.es\/turismo\/"},{"@type":"ListItem","position":2,"name":"10. Lavaderos"}]},{"@type":"WebSite","@id":"https:\/\/www.laorotava.es\/turismo\/#website","url":"https:\/\/www.laorotava.es\/turismo\/","name":"Web de Turismo del Ayuntamiento de La Orotava","description":"","publisher":{"@id":"https:\/\/www.laorotava.es\/turismo\/#organization"},"potentialAction":[{"@type":"SearchAction","target":{"@type":"EntryPoint","urlTemplate":"https:\/\/www.laorotava.es\/turismo\/?s={search_term_string}"},"query-input":{"@type":"PropertyValueSpecification","valueRequired":true,"valueName":"search_term_string"}}],"inLanguage":"es"},{"@type":"Organization","@id":"https:\/\/www.laorotava.es\/turismo\/#organization","name":"Ayuntamiento de La Orotava","url":"https:\/\/www.laorotava.es\/turismo\/","logo":{"@type":"ImageObject","inLanguage":"es","@id":"https:\/\/www.laorotava.es\/turismo\/#\/schema\/logo\/image\/","url":"https:\/\/www.laorotava.es\/turismo\/wp-content\/uploads\/2022\/08\/logo.png","contentUrl":"https:\/\/www.laorotava.es\/turismo\/wp-content\/uploads\/2022\/08\/logo.png","width":1195,"height":180,"caption":"Ayuntamiento de La Orotava"},"image":{"@id":"https:\/\/www.laorotava.es\/turismo\/#\/schema\/logo\/image\/"},"sameAs":["https:\/\/www.facebook.com\/TurismoLaOrotava\/","https:\/\/x.com\/LaOrotava"]}]}},"_links":{"self":[{"href":"https:\/\/www.laorotava.es\/turismo\/wp-json\/wp\/v2\/pages\/1006505","targetHints":{"allow":["GET"]}}],"collection":[{"href":"https:\/\/www.laorotava.es\/turismo\/wp-json\/wp\/v2\/pages"}],"about":[{"href":"https:\/\/www.laorotava.es\/turismo\/wp-json\/wp\/v2\/types\/page"}],"author":[{"embeddable":true,"href":"https:\/\/www.laorotava.es\/turismo\/wp-json\/wp\/v2\/users\/3"}],"replies":[{"embeddable":true,"href":"https:\/\/www.laorotava.es\/turismo\/wp-json\/wp\/v2\/comments?post=1006505"}],"version-history":[{"count":0,"href":"https:\/\/www.laorotava.es\/turismo\/wp-json\/wp\/v2\/pages\/1006505\/revisions"}],"wp:attachment":[{"href":"https:\/\/www.laorotava.es\/turismo\/wp-json\/wp\/v2\/media?parent=1006505"}],"curies":[{"name":"wp","href":"https:\/\/api.w.org\/{rel}","templated":true}]}}