{"id":1006563,"date":"2022-08-22T14:03:11","date_gmt":"2022-08-22T14:03:11","guid":{"rendered":"https:\/\/www.laorotava.es\/turismo\/?page_id=1006563"},"modified":"2022-08-22T14:05:21","modified_gmt":"2022-08-22T14:05:21","slug":"12-la-villa-de-arriba","status":"publish","type":"page","link":"https:\/\/www.laorotava.es\/turismo\/12-la-villa-de-arriba\/","title":{"rendered":"12. La Villa de Arriba"},"content":{"rendered":"\t\t<div data-elementor-type=\"wp-page\" data-elementor-id=\"1006563\" class=\"elementor elementor-1006563\">\n\t\t\t\t\t\t<section class=\"elementor-section elementor-top-section elementor-element elementor-element-4af2dc6 elementor-section-stretched elementor-section-boxed elementor-section-height-default elementor-section-height-default wpr-particle-no wpr-jarallax-no wpr-parallax-no wpr-sticky-section-no\" data-id=\"4af2dc6\" data-element_type=\"section\" data-e-type=\"section\" data-settings=\"{&quot;stretch_section&quot;:&quot;section-stretched&quot;}\">\n\t\t\t\t\t\t<div class=\"elementor-container elementor-column-gap-default\">\n\t\t\t\t\t<div class=\"elementor-column elementor-col-100 elementor-top-column elementor-element elementor-element-62964230\" data-id=\"62964230\" data-element_type=\"column\" data-e-type=\"column\">\n\t\t\t<div class=\"elementor-widget-wrap elementor-element-populated\">\n\t\t\t\t\t\t<div class=\"elementor-element elementor-element-3e8b957e elementor-widget elementor-widget-heading\" data-id=\"3e8b957e\" data-element_type=\"widget\" data-e-type=\"widget\" data-widget_type=\"heading.default\">\n\t\t\t\t<div class=\"elementor-widget-container\">\n\t\t\t\t\t<h2 class=\"elementor-heading-title elementor-size-small\">12. La Villa de Arriba\n<\/h2>\t\t\t\t<\/div>\n\t\t\t\t<\/div>\n\t\t\t\t<div class=\"elementor-element elementor-element-212a7cd3 elementor-widget-divider--view-line elementor-widget elementor-widget-divider\" data-id=\"212a7cd3\" data-element_type=\"widget\" data-e-type=\"widget\" data-widget_type=\"divider.default\">\n\t\t\t\t<div class=\"elementor-widget-container\">\n\t\t\t\t\t\t\t<div class=\"elementor-divider\">\n\t\t\t<span class=\"elementor-divider-separator\">\n\t\t\t\t\t\t<\/span>\n\t\t<\/div>\n\t\t\t\t\t\t<\/div>\n\t\t\t\t<\/div>\n\t\t\t\t<div class=\"elementor-element elementor-element-d11d2ab elementor-widget elementor-widget-wp-widget-media_audio\" data-id=\"d11d2ab\" data-element_type=\"widget\" data-e-type=\"widget\" data-widget_type=\"wp-widget-media_audio.default\">\n\t\t\t\t<div class=\"elementor-widget-container\">\n\t\t\t\t\t<audio class=\"wp-audio-shortcode\" id=\"audio-1006563-1\" preload=\"none\" style=\"width: 100%;\" controls=\"controls\"><source type=\"audio\/mpeg\" src=\"https:\/\/www.laorotava.es\/turismo\/wp-content\/uploads\/2019\/03\/12_ra_villa_de_arriba.mp3?_=1\" \/><source type=\"audio\/mpeg\" src=\"https:\/\/www.laorotava.es\/turismo\/wp-content\/uploads\/2019\/03\/12_ra_villa_de_arriba.mp3?_=1\" \/><a href=\"https:\/\/www.laorotava.es\/turismo\/wp-content\/uploads\/2019\/03\/12_ra_villa_de_arriba.mp3\">https:\/\/www.laorotava.es\/turismo\/wp-content\/uploads\/2019\/03\/12_ra_villa_de_arriba.mp3<\/a><\/audio>\t\t\t\t<\/div>\n\t\t\t\t<\/div>\n\t\t\t\t<div class=\"elementor-element elementor-element-4621ffee elementor-widget elementor-widget-text-editor\" data-id=\"4621ffee\" data-element_type=\"widget\" data-e-type=\"widget\" data-widget_type=\"text-editor.default\">\n\t\t\t\t<div class=\"elementor-widget-container\">\n\t\t\t\t\t\t\t\t\t<p><span style=\"color: #444444;\"><img decoding=\"async\" class=\"alignleft\" src=\"https:\/\/www.laorotava.es\/sites\/default\/files\/styles\/large\/public\/rutas\/12.png?itok=t5FA72Qn\" \/><\/span><\/p><p><span style=\"color: #444444;\">La Villa de Arriba o barrio del Farrobo era el lugar donde originalmente se instalaron las familias m\u00e1s humildes de La Orotava. Aqu\u00ed se mezclan las centenarias casas terreras con nuevas edificaciones. Pasea por esta calle hasta la primera calle a la izquierda, la calle Limonero. Encontrar\u00e1s detalles y rincones que permiten imaginar como fue antiguamente toda esta zona: paredes irregulares de cal y piedra; tejados con varias caras; puertas y ventanas que delatan el fino y detallista trabajo de carpinter\u00eda de los artesanos que aqu\u00ed viv\u00edan. En algunas de las edificaciones m\u00e1s bajas podr\u00e1s ver el trabajo de teja tradicional a menudo poblado por verodes, plantas que no necesitan casi tierra para prosperar.<\/span><\/p><p><span style=\"color: #444444;\">En estas casas sol\u00edan vivir familias numerosas hasta mediados del siglo XX. Las fachadas son cerradas y de peque\u00f1as ventanas porque la apertura de la casa se encontraba en los patios traseros, en los que ten\u00eda lugar la vida familiar, se trabajaban peque\u00f1as huertas para el autoabastecimiento y se cuidaban animales para el consumo, como gallinas y conejos. Desde los a\u00f1os 50, las propias familias edificaron estos patios ampliando el espacio de sus viviendas.<\/span><\/p><p><span style=\"color: #444444;\">Merece la pena perderse por los alrededores de estas calles para ir descubriendo peque\u00f1as pistas que nos trasladan a otro tiempo. Se intuye en la Villa de Arriba el bullicio popular tras las casas humildes, el d\u00eda a d\u00eda de las personas que hac\u00edan posible con su trabajo la vida lejos de las elegantes casas e iglesias del casco hist\u00f3rico. Aqu\u00ed viv\u00edan carpinteros, artesanos, agricultores, sirvientes, bodegueros, herreros. Gente que se ganaba la vida con sus propias manos.<\/span><\/p><p><span style=\"color: #444444;\">Iniciemos el regreso hacia nuestro punto de partida callejeando para disfrutar de otros rincones a\u00fan por descubrir. Nuestra siguiente parada es la Iglesia de San Juan Bautista. Bajemos por la calle Limonero hasta la calle Pescote y giremos a la derecha. Cuidado con los coches que pasan muy cerca de las viviendas. Por razones de seguridad, hay unos pivotes que marcan el camino a seguir.<\/span><\/p><p><span style=\"color: #444444;\">Continuemos hasta el paso de peatones y crucemos para bajar hacia la calle San Juan. Desde el paso de peatones podr\u00e1s observar la torre de la iglesia de San Juan y las palmeras de la plaza. Sigamos hasta all\u00ed.<\/span><\/p>\t\t\t\t\t\t\t\t<\/div>\n\t\t\t\t<\/div>\n\t\t\t\t<div class=\"elementor-element elementor-element-735da15a elementor-widget elementor-widget-google_maps\" data-id=\"735da15a\" data-element_type=\"widget\" data-e-type=\"widget\" data-widget_type=\"google_maps.default\">\n\t\t\t\t<div class=\"elementor-widget-container\">\n\t\t\t\t\t\t\t<div class=\"elementor-custom-embed\">\n\t\t\t<iframe loading=\"lazy\"\n\t\t\t\t\tsrc=\"https:\/\/maps.google.com\/maps?q=calle%20marques%20la%20orotava&#038;t=m&#038;z=16&#038;output=embed&#038;iwloc=near\"\n\t\t\t\t\ttitle=\"calle marques la orotava\"\n\t\t\t\t\taria-label=\"calle marques la orotava\"\n\t\t\t><\/iframe>\n\t\t<\/div>\n\t\t\t\t\t\t<\/div>\n\t\t\t\t<\/div>\n\t\t\t\t\t<\/div>\n\t\t<\/div>\n\t\t\t\t\t<\/div>\n\t\t<\/section>\n\t\t\t\t<\/div>\n\t\t","protected":false},"excerpt":{"rendered":"<p>12. La Villa de Arriba La Villa de Arriba o barrio del Farrobo era el lugar donde originalmente se instalaron las familias m\u00e1s humildes de La Orotava. Aqu\u00ed se mezclan las centenarias casas terreras con nuevas edificaciones. Pasea por esta calle hasta la primera calle a la izquierda, la calle Limonero. Encontrar\u00e1s detalles y rincones que permiten imaginar como fue antiguamente toda esta zona: paredes irregulares de cal y piedra; tejados con varias caras; puertas y ventanas que delatan el fino y detallista trabajo de carpinter\u00eda de los artesanos que aqu\u00ed viv\u00edan. En algunas de las edificaciones m\u00e1s bajas podr\u00e1s ver el trabajo de teja tradicional a menudo poblado por verodes, plantas que no necesitan casi tierra para prosperar. En estas casas sol\u00edan vivir familias numerosas hasta mediados del siglo XX. Las fachadas son cerradas y de peque\u00f1as ventanas porque la apertura de la casa se encontraba en los patios traseros, en los que ten\u00eda lugar la vida familiar, se trabajaban peque\u00f1as huertas para el autoabastecimiento y se cuidaban animales para el consumo, como gallinas y conejos. Desde los a\u00f1os 50, las propias familias edificaron estos patios ampliando el espacio de sus viviendas. Merece la pena perderse por los alrededores de estas calles para ir descubriendo peque\u00f1as pistas que nos trasladan a otro tiempo. Se intuye en la Villa de Arriba el bullicio popular tras las casas humildes, el d\u00eda a d\u00eda de las personas que hac\u00edan posible con su trabajo la vida lejos de las elegantes casas e iglesias del casco hist\u00f3rico. Aqu\u00ed viv\u00edan carpinteros, artesanos, agricultores, sirvientes, bodegueros, herreros. Gente que se ganaba la vida con sus propias manos. Iniciemos el regreso hacia nuestro punto de partida callejeando para disfrutar de otros rincones a\u00fan por descubrir. Nuestra siguiente parada es la Iglesia de San Juan Bautista. Bajemos por la calle Limonero hasta la calle Pescote y giremos a la derecha. Cuidado con los coches que pasan muy cerca de las viviendas. Por razones de seguridad, hay unos pivotes que marcan el camino a seguir. Continuemos hasta el paso de peatones y crucemos para bajar hacia la calle San Juan. Desde el paso de peatones podr\u00e1s observar la torre de la iglesia de San Juan y las palmeras de la plaza. Sigamos hasta all\u00ed.<\/p>\n","protected":false},"author":3,"featured_media":0,"parent":0,"menu_order":0,"comment_status":"closed","ping_status":"closed","template":"","meta":{"_acf_changed":false,"ocean_post_layout":"","ocean_both_sidebars_style":"","ocean_both_sidebars_content_width":0,"ocean_both_sidebars_sidebars_width":0,"ocean_sidebar":"0","ocean_second_sidebar":"0","ocean_disable_margins":"enable","ocean_add_body_class":"","ocean_shortcode_before_top_bar":"","ocean_shortcode_after_top_bar":"","ocean_shortcode_before_header":"","ocean_shortcode_after_header":"","ocean_has_shortcode":"","ocean_shortcode_after_title":"","ocean_shortcode_before_footer_widgets":"","ocean_shortcode_after_footer_widgets":"","ocean_shortcode_before_footer_bottom":"","ocean_shortcode_after_footer_bottom":"","ocean_display_top_bar":"default","ocean_display_header":"default","ocean_header_style":"","ocean_center_header_left_menu":"0","ocean_custom_header_template":"0","ocean_custom_logo":0,"ocean_custom_retina_logo":0,"ocean_custom_logo_max_width":0,"ocean_custom_logo_tablet_max_width":0,"ocean_custom_logo_mobile_max_width":0,"ocean_custom_logo_max_height":0,"ocean_custom_logo_tablet_max_height":0,"ocean_custom_logo_mobile_max_height":0,"ocean_header_custom_menu":"0","ocean_menu_typo_font_family":"0","ocean_menu_typo_font_subset":"","ocean_menu_typo_font_size":0,"ocean_menu_typo_font_size_tablet":0,"ocean_menu_typo_font_size_mobile":0,"ocean_menu_typo_font_size_unit":"px","ocean_menu_typo_font_weight":"","ocean_menu_typo_font_weight_tablet":"","ocean_menu_typo_font_weight_mobile":"","ocean_menu_typo_transform":"","ocean_menu_typo_transform_tablet":"","ocean_menu_typo_transform_mobile":"","ocean_menu_typo_line_height":0,"ocean_menu_typo_line_height_tablet":0,"ocean_menu_typo_line_height_mobile":0,"ocean_menu_typo_line_height_unit":"","ocean_menu_typo_spacing":0,"ocean_menu_typo_spacing_tablet":0,"ocean_menu_typo_spacing_mobile":0,"ocean_menu_typo_spacing_unit":"","ocean_menu_link_color":"","ocean_menu_link_color_hover":"","ocean_menu_link_color_active":"","ocean_menu_link_background":"","ocean_menu_link_hover_background":"","ocean_menu_link_active_background":"","ocean_menu_social_links_bg":"","ocean_menu_social_hover_links_bg":"","ocean_menu_social_links_color":"","ocean_menu_social_hover_links_color":"","ocean_disable_title":"default","ocean_disable_heading":"on","ocean_post_title":"","ocean_post_subheading":"","ocean_post_title_style":"","ocean_post_title_background_color":"","ocean_post_title_background":0,"ocean_post_title_bg_image_position":"","ocean_post_title_bg_image_attachment":"","ocean_post_title_bg_image_repeat":"","ocean_post_title_bg_image_size":"","ocean_post_title_height":0,"ocean_post_title_bg_overlay":0.5,"ocean_post_title_bg_overlay_color":"","ocean_disable_breadcrumbs":"default","ocean_breadcrumbs_color":"","ocean_breadcrumbs_separator_color":"","ocean_breadcrumbs_links_color":"","ocean_breadcrumbs_links_hover_color":"","ocean_display_footer_widgets":"default","ocean_display_footer_bottom":"default","ocean_custom_footer_template":"0","footnotes":""},"class_list":["post-1006563","page","type-page","status-publish","hentry","entry"],"acf":[],"yoast_head":"<!-- This site is optimized with the Yoast SEO plugin v27.2 - https:\/\/yoast.com\/product\/yoast-seo-wordpress\/ -->\n<title>12. La Villa de Arriba - Web de Turismo del Ayuntamiento de La Orotava<\/title>\n<meta name=\"robots\" content=\"index, follow, max-snippet:-1, max-image-preview:large, max-video-preview:-1\" \/>\n<link rel=\"canonical\" href=\"https:\/\/www.laorotava.es\/turismo\/12-la-villa-de-arriba\/\" \/>\n<meta property=\"og:locale\" content=\"es_ES\" \/>\n<meta property=\"og:type\" content=\"article\" \/>\n<meta property=\"og:title\" content=\"12. La Villa de Arriba - Web de Turismo del Ayuntamiento de La Orotava\" \/>\n<meta property=\"og:description\" content=\"12. La Villa de Arriba La Villa de Arriba o barrio del Farrobo era el lugar donde originalmente se instalaron las familias m\u00e1s humildes de La Orotava. Aqu\u00ed se mezclan las centenarias casas terreras con nuevas edificaciones. Pasea por esta calle hasta la primera calle a la izquierda, la calle Limonero. Encontrar\u00e1s detalles y rincones que permiten imaginar como fue antiguamente toda esta zona: paredes irregulares de cal y piedra; tejados con varias caras; puertas y ventanas que delatan el fino y detallista trabajo de carpinter\u00eda de los artesanos que aqu\u00ed viv\u00edan. En algunas de las edificaciones m\u00e1s bajas podr\u00e1s ver el trabajo de teja tradicional a menudo poblado por verodes, plantas que no necesitan casi tierra para prosperar. En estas casas sol\u00edan vivir familias numerosas hasta mediados del siglo XX. Las fachadas son cerradas y de peque\u00f1as ventanas porque la apertura de la casa se encontraba en los patios traseros, en los que ten\u00eda lugar la vida familiar, se trabajaban peque\u00f1as huertas para el autoabastecimiento y se cuidaban animales para el consumo, como gallinas y conejos. Desde los a\u00f1os 50, las propias familias edificaron estos patios ampliando el espacio de sus viviendas. Merece la pena perderse por los alrededores de estas calles para ir descubriendo peque\u00f1as pistas que nos trasladan a otro tiempo. Se intuye en la Villa de Arriba el bullicio popular tras las casas humildes, el d\u00eda a d\u00eda de las personas que hac\u00edan posible con su trabajo la vida lejos de las elegantes casas e iglesias del casco hist\u00f3rico. Aqu\u00ed viv\u00edan carpinteros, artesanos, agricultores, sirvientes, bodegueros, herreros. Gente que se ganaba la vida con sus propias manos. Iniciemos el regreso hacia nuestro punto de partida callejeando para disfrutar de otros rincones a\u00fan por descubrir. Nuestra siguiente parada es la Iglesia de San Juan Bautista. Bajemos por la calle Limonero hasta la calle Pescote y giremos a la derecha. Cuidado con los coches que pasan muy cerca de las viviendas. Por razones de seguridad, hay unos pivotes que marcan el camino a seguir. Continuemos hasta el paso de peatones y crucemos para bajar hacia la calle San Juan. Desde el paso de peatones podr\u00e1s observar la torre de la iglesia de San Juan y las palmeras de la plaza. Sigamos hasta all\u00ed.\" \/>\n<meta property=\"og:url\" content=\"https:\/\/www.laorotava.es\/turismo\/12-la-villa-de-arriba\/\" \/>\n<meta property=\"og:site_name\" content=\"Web de Turismo del Ayuntamiento de La Orotava\" \/>\n<meta property=\"article:publisher\" content=\"https:\/\/www.facebook.com\/TurismoLaOrotava\/\" \/>\n<meta property=\"article:modified_time\" content=\"2022-08-22T14:05:21+00:00\" \/>\n<meta property=\"og:image\" content=\"https:\/\/www.laorotava.es\/sites\/default\/files\/styles\/large\/public\/rutas\/12.png?itok=t5FA72Qn\" \/>\n<meta name=\"twitter:card\" content=\"summary_large_image\" \/>\n<meta name=\"twitter:site\" content=\"@LaOrotava\" \/>\n<meta name=\"twitter:label1\" content=\"Tiempo de lectura\" \/>\n\t<meta name=\"twitter:data1\" content=\"2 minutos\" \/>\n<script type=\"application\/ld+json\" class=\"yoast-schema-graph\">{\"@context\":\"https:\/\/schema.org\",\"@graph\":[{\"@type\":\"WebPage\",\"@id\":\"https:\/\/www.laorotava.es\/turismo\/12-la-villa-de-arriba\/\",\"url\":\"https:\/\/www.laorotava.es\/turismo\/12-la-villa-de-arriba\/\",\"name\":\"12. La Villa de Arriba - Web de Turismo del Ayuntamiento de La Orotava\",\"isPartOf\":{\"@id\":\"https:\/\/www.laorotava.es\/turismo\/#website\"},\"primaryImageOfPage\":{\"@id\":\"https:\/\/www.laorotava.es\/turismo\/12-la-villa-de-arriba\/#primaryimage\"},\"image\":{\"@id\":\"https:\/\/www.laorotava.es\/turismo\/12-la-villa-de-arriba\/#primaryimage\"},\"thumbnailUrl\":\"https:\/\/www.laorotava.es\/sites\/default\/files\/styles\/large\/public\/rutas\/12.png?itok=t5FA72Qn\",\"datePublished\":\"2022-08-22T14:03:11+00:00\",\"dateModified\":\"2022-08-22T14:05:21+00:00\",\"breadcrumb\":{\"@id\":\"https:\/\/www.laorotava.es\/turismo\/12-la-villa-de-arriba\/#breadcrumb\"},\"inLanguage\":\"es\",\"potentialAction\":[{\"@type\":\"ReadAction\",\"target\":[\"https:\/\/www.laorotava.es\/turismo\/12-la-villa-de-arriba\/\"]}]},{\"@type\":\"ImageObject\",\"inLanguage\":\"es\",\"@id\":\"https:\/\/www.laorotava.es\/turismo\/12-la-villa-de-arriba\/#primaryimage\",\"url\":\"https:\/\/www.laorotava.es\/sites\/default\/files\/styles\/large\/public\/rutas\/12.png?itok=t5FA72Qn\",\"contentUrl\":\"https:\/\/www.laorotava.es\/sites\/default\/files\/styles\/large\/public\/rutas\/12.png?itok=t5FA72Qn\"},{\"@type\":\"BreadcrumbList\",\"@id\":\"https:\/\/www.laorotava.es\/turismo\/12-la-villa-de-arriba\/#breadcrumb\",\"itemListElement\":[{\"@type\":\"ListItem\",\"position\":1,\"name\":\"Portada\",\"item\":\"https:\/\/www.laorotava.es\/turismo\/\"},{\"@type\":\"ListItem\",\"position\":2,\"name\":\"12. La Villa de Arriba\"}]},{\"@type\":\"WebSite\",\"@id\":\"https:\/\/www.laorotava.es\/turismo\/#website\",\"url\":\"https:\/\/www.laorotava.es\/turismo\/\",\"name\":\"Web de Turismo del Ayuntamiento de La Orotava\",\"description\":\"\",\"publisher\":{\"@id\":\"https:\/\/www.laorotava.es\/turismo\/#organization\"},\"potentialAction\":[{\"@type\":\"SearchAction\",\"target\":{\"@type\":\"EntryPoint\",\"urlTemplate\":\"https:\/\/www.laorotava.es\/turismo\/?s={search_term_string}\"},\"query-input\":{\"@type\":\"PropertyValueSpecification\",\"valueRequired\":true,\"valueName\":\"search_term_string\"}}],\"inLanguage\":\"es\"},{\"@type\":\"Organization\",\"@id\":\"https:\/\/www.laorotava.es\/turismo\/#organization\",\"name\":\"Ayuntamiento de La Orotava\",\"url\":\"https:\/\/www.laorotava.es\/turismo\/\",\"logo\":{\"@type\":\"ImageObject\",\"inLanguage\":\"es\",\"@id\":\"https:\/\/www.laorotava.es\/turismo\/#\/schema\/logo\/image\/\",\"url\":\"https:\/\/www.laorotava.es\/turismo\/wp-content\/uploads\/2022\/08\/logo.png\",\"contentUrl\":\"https:\/\/www.laorotava.es\/turismo\/wp-content\/uploads\/2022\/08\/logo.png\",\"width\":1195,\"height\":180,\"caption\":\"Ayuntamiento de La Orotava\"},\"image\":{\"@id\":\"https:\/\/www.laorotava.es\/turismo\/#\/schema\/logo\/image\/\"},\"sameAs\":[\"https:\/\/www.facebook.com\/TurismoLaOrotava\/\",\"https:\/\/x.com\/LaOrotava\"]}]}<\/script>\n<!-- \/ Yoast SEO plugin. -->","yoast_head_json":{"title":"12. La Villa de Arriba - Web de Turismo del Ayuntamiento de La Orotava","robots":{"index":"index","follow":"follow","max-snippet":"max-snippet:-1","max-image-preview":"max-image-preview:large","max-video-preview":"max-video-preview:-1"},"canonical":"https:\/\/www.laorotava.es\/turismo\/12-la-villa-de-arriba\/","og_locale":"es_ES","og_type":"article","og_title":"12. La Villa de Arriba - Web de Turismo del Ayuntamiento de La Orotava","og_description":"12. La Villa de Arriba La Villa de Arriba o barrio del Farrobo era el lugar donde originalmente se instalaron las familias m\u00e1s humildes de La Orotava. Aqu\u00ed se mezclan las centenarias casas terreras con nuevas edificaciones. Pasea por esta calle hasta la primera calle a la izquierda, la calle Limonero. Encontrar\u00e1s detalles y rincones que permiten imaginar como fue antiguamente toda esta zona: paredes irregulares de cal y piedra; tejados con varias caras; puertas y ventanas que delatan el fino y detallista trabajo de carpinter\u00eda de los artesanos que aqu\u00ed viv\u00edan. En algunas de las edificaciones m\u00e1s bajas podr\u00e1s ver el trabajo de teja tradicional a menudo poblado por verodes, plantas que no necesitan casi tierra para prosperar. En estas casas sol\u00edan vivir familias numerosas hasta mediados del siglo XX. Las fachadas son cerradas y de peque\u00f1as ventanas porque la apertura de la casa se encontraba en los patios traseros, en los que ten\u00eda lugar la vida familiar, se trabajaban peque\u00f1as huertas para el autoabastecimiento y se cuidaban animales para el consumo, como gallinas y conejos. Desde los a\u00f1os 50, las propias familias edificaron estos patios ampliando el espacio de sus viviendas. Merece la pena perderse por los alrededores de estas calles para ir descubriendo peque\u00f1as pistas que nos trasladan a otro tiempo. Se intuye en la Villa de Arriba el bullicio popular tras las casas humildes, el d\u00eda a d\u00eda de las personas que hac\u00edan posible con su trabajo la vida lejos de las elegantes casas e iglesias del casco hist\u00f3rico. Aqu\u00ed viv\u00edan carpinteros, artesanos, agricultores, sirvientes, bodegueros, herreros. Gente que se ganaba la vida con sus propias manos. Iniciemos el regreso hacia nuestro punto de partida callejeando para disfrutar de otros rincones a\u00fan por descubrir. Nuestra siguiente parada es la Iglesia de San Juan Bautista. Bajemos por la calle Limonero hasta la calle Pescote y giremos a la derecha. Cuidado con los coches que pasan muy cerca de las viviendas. Por razones de seguridad, hay unos pivotes que marcan el camino a seguir. Continuemos hasta el paso de peatones y crucemos para bajar hacia la calle San Juan. Desde el paso de peatones podr\u00e1s observar la torre de la iglesia de San Juan y las palmeras de la plaza. Sigamos hasta all\u00ed.","og_url":"https:\/\/www.laorotava.es\/turismo\/12-la-villa-de-arriba\/","og_site_name":"Web de Turismo del Ayuntamiento de La Orotava","article_publisher":"https:\/\/www.facebook.com\/TurismoLaOrotava\/","article_modified_time":"2022-08-22T14:05:21+00:00","og_image":[{"url":"https:\/\/www.laorotava.es\/sites\/default\/files\/styles\/large\/public\/rutas\/12.png?itok=t5FA72Qn","type":"","width":"","height":""}],"twitter_card":"summary_large_image","twitter_site":"@LaOrotava","twitter_misc":{"Tiempo de lectura":"2 minutos"},"schema":{"@context":"https:\/\/schema.org","@graph":[{"@type":"WebPage","@id":"https:\/\/www.laorotava.es\/turismo\/12-la-villa-de-arriba\/","url":"https:\/\/www.laorotava.es\/turismo\/12-la-villa-de-arriba\/","name":"12. La Villa de Arriba - Web de Turismo del Ayuntamiento de La Orotava","isPartOf":{"@id":"https:\/\/www.laorotava.es\/turismo\/#website"},"primaryImageOfPage":{"@id":"https:\/\/www.laorotava.es\/turismo\/12-la-villa-de-arriba\/#primaryimage"},"image":{"@id":"https:\/\/www.laorotava.es\/turismo\/12-la-villa-de-arriba\/#primaryimage"},"thumbnailUrl":"https:\/\/www.laorotava.es\/sites\/default\/files\/styles\/large\/public\/rutas\/12.png?itok=t5FA72Qn","datePublished":"2022-08-22T14:03:11+00:00","dateModified":"2022-08-22T14:05:21+00:00","breadcrumb":{"@id":"https:\/\/www.laorotava.es\/turismo\/12-la-villa-de-arriba\/#breadcrumb"},"inLanguage":"es","potentialAction":[{"@type":"ReadAction","target":["https:\/\/www.laorotava.es\/turismo\/12-la-villa-de-arriba\/"]}]},{"@type":"ImageObject","inLanguage":"es","@id":"https:\/\/www.laorotava.es\/turismo\/12-la-villa-de-arriba\/#primaryimage","url":"https:\/\/www.laorotava.es\/sites\/default\/files\/styles\/large\/public\/rutas\/12.png?itok=t5FA72Qn","contentUrl":"https:\/\/www.laorotava.es\/sites\/default\/files\/styles\/large\/public\/rutas\/12.png?itok=t5FA72Qn"},{"@type":"BreadcrumbList","@id":"https:\/\/www.laorotava.es\/turismo\/12-la-villa-de-arriba\/#breadcrumb","itemListElement":[{"@type":"ListItem","position":1,"name":"Portada","item":"https:\/\/www.laorotava.es\/turismo\/"},{"@type":"ListItem","position":2,"name":"12. La Villa de Arriba"}]},{"@type":"WebSite","@id":"https:\/\/www.laorotava.es\/turismo\/#website","url":"https:\/\/www.laorotava.es\/turismo\/","name":"Web de Turismo del Ayuntamiento de La Orotava","description":"","publisher":{"@id":"https:\/\/www.laorotava.es\/turismo\/#organization"},"potentialAction":[{"@type":"SearchAction","target":{"@type":"EntryPoint","urlTemplate":"https:\/\/www.laorotava.es\/turismo\/?s={search_term_string}"},"query-input":{"@type":"PropertyValueSpecification","valueRequired":true,"valueName":"search_term_string"}}],"inLanguage":"es"},{"@type":"Organization","@id":"https:\/\/www.laorotava.es\/turismo\/#organization","name":"Ayuntamiento de La Orotava","url":"https:\/\/www.laorotava.es\/turismo\/","logo":{"@type":"ImageObject","inLanguage":"es","@id":"https:\/\/www.laorotava.es\/turismo\/#\/schema\/logo\/image\/","url":"https:\/\/www.laorotava.es\/turismo\/wp-content\/uploads\/2022\/08\/logo.png","contentUrl":"https:\/\/www.laorotava.es\/turismo\/wp-content\/uploads\/2022\/08\/logo.png","width":1195,"height":180,"caption":"Ayuntamiento de La Orotava"},"image":{"@id":"https:\/\/www.laorotava.es\/turismo\/#\/schema\/logo\/image\/"},"sameAs":["https:\/\/www.facebook.com\/TurismoLaOrotava\/","https:\/\/x.com\/LaOrotava"]}]}},"_links":{"self":[{"href":"https:\/\/www.laorotava.es\/turismo\/wp-json\/wp\/v2\/pages\/1006563","targetHints":{"allow":["GET"]}}],"collection":[{"href":"https:\/\/www.laorotava.es\/turismo\/wp-json\/wp\/v2\/pages"}],"about":[{"href":"https:\/\/www.laorotava.es\/turismo\/wp-json\/wp\/v2\/types\/page"}],"author":[{"embeddable":true,"href":"https:\/\/www.laorotava.es\/turismo\/wp-json\/wp\/v2\/users\/3"}],"replies":[{"embeddable":true,"href":"https:\/\/www.laorotava.es\/turismo\/wp-json\/wp\/v2\/comments?post=1006563"}],"version-history":[{"count":0,"href":"https:\/\/www.laorotava.es\/turismo\/wp-json\/wp\/v2\/pages\/1006563\/revisions"}],"wp:attachment":[{"href":"https:\/\/www.laorotava.es\/turismo\/wp-json\/wp\/v2\/media?parent=1006563"}],"curies":[{"name":"wp","href":"https:\/\/api.w.org\/{rel}","templated":true}]}}