{"id":1006589,"date":"2022-08-22T14:12:35","date_gmt":"2022-08-22T14:12:35","guid":{"rendered":"https:\/\/www.laorotava.es\/turismo\/?page_id=1006589"},"modified":"2022-08-22T14:14:02","modified_gmt":"2022-08-22T14:14:02","slug":"13-iglesia-de-san-juan-bautista","status":"publish","type":"page","link":"https:\/\/www.laorotava.es\/turismo\/13-iglesia-de-san-juan-bautista\/","title":{"rendered":"13. Iglesia de San Juan Bautista"},"content":{"rendered":"\t\t<div data-elementor-type=\"wp-page\" data-elementor-id=\"1006589\" class=\"elementor elementor-1006589\">\n\t\t\t\t\t\t<section class=\"elementor-section elementor-top-section elementor-element elementor-element-106b6b40 elementor-section-stretched elementor-section-boxed elementor-section-height-default elementor-section-height-default wpr-particle-no wpr-jarallax-no wpr-parallax-no wpr-sticky-section-no\" data-id=\"106b6b40\" data-element_type=\"section\" data-e-type=\"section\" data-settings=\"{&quot;stretch_section&quot;:&quot;section-stretched&quot;}\">\n\t\t\t\t\t\t<div class=\"elementor-container elementor-column-gap-default\">\n\t\t\t\t\t<div class=\"elementor-column elementor-col-100 elementor-top-column elementor-element elementor-element-6181d2c5\" data-id=\"6181d2c5\" data-element_type=\"column\" data-e-type=\"column\">\n\t\t\t<div class=\"elementor-widget-wrap elementor-element-populated\">\n\t\t\t\t\t\t<div class=\"elementor-element elementor-element-103927d1 elementor-widget elementor-widget-heading\" data-id=\"103927d1\" data-element_type=\"widget\" data-e-type=\"widget\" data-widget_type=\"heading.default\">\n\t\t\t\t<div class=\"elementor-widget-container\">\n\t\t\t\t\t<h2 class=\"elementor-heading-title elementor-size-small\">13. Iglesia de San Juan Bautista\n<\/h2>\t\t\t\t<\/div>\n\t\t\t\t<\/div>\n\t\t\t\t<div class=\"elementor-element elementor-element-7e886041 elementor-widget-divider--view-line elementor-widget elementor-widget-divider\" data-id=\"7e886041\" data-element_type=\"widget\" data-e-type=\"widget\" data-widget_type=\"divider.default\">\n\t\t\t\t<div class=\"elementor-widget-container\">\n\t\t\t\t\t\t\t<div class=\"elementor-divider\">\n\t\t\t<span class=\"elementor-divider-separator\">\n\t\t\t\t\t\t<\/span>\n\t\t<\/div>\n\t\t\t\t\t\t<\/div>\n\t\t\t\t<\/div>\n\t\t\t\t<div class=\"elementor-element elementor-element-b3617d7 elementor-widget elementor-widget-wp-widget-media_audio\" data-id=\"b3617d7\" data-element_type=\"widget\" data-e-type=\"widget\" data-widget_type=\"wp-widget-media_audio.default\">\n\t\t\t\t<div class=\"elementor-widget-container\">\n\t\t\t\t\t<audio class=\"wp-audio-shortcode\" id=\"audio-1006589-1\" preload=\"none\" style=\"width: 100%;\" controls=\"controls\"><source type=\"audio\/mpeg\" src=\"https:\/\/www.laorotava.es\/turismo\/wp-content\/uploads\/2019\/03\/13_ra_iglesia_de_san_juan.mp3?_=1\" \/><source type=\"audio\/mpeg\" src=\"https:\/\/www.laorotava.es\/turismo\/wp-content\/uploads\/2019\/03\/13_ra_iglesia_de_san_juan.mp3?_=1\" \/><a href=\"https:\/\/www.laorotava.es\/turismo\/wp-content\/uploads\/2019\/03\/13_ra_iglesia_de_san_juan.mp3\">https:\/\/www.laorotava.es\/turismo\/wp-content\/uploads\/2019\/03\/13_ra_iglesia_de_san_juan.mp3<\/a><\/audio>\t\t\t\t<\/div>\n\t\t\t\t<\/div>\n\t\t\t\t<div class=\"elementor-element elementor-element-509df630 elementor-widget elementor-widget-text-editor\" data-id=\"509df630\" data-element_type=\"widget\" data-e-type=\"widget\" data-widget_type=\"text-editor.default\">\n\t\t\t\t<div class=\"elementor-widget-container\">\n\t\t\t\t\t\t\t\t\t<p><span style=\"color: #444444;\"><img decoding=\"async\" class=\"alignleft\" src=\"https:\/\/www.laorotava.es\/sites\/default\/files\/styles\/large\/public\/rutas\/13.png?itok=IRI4P19k\" \/><\/span><\/p><p><span style=\"color: #444444;\">Esta iglesia de finales del siglo XVII es el n\u00facleo de la Villa de Arriba. Fue erigida gracias al trabajo y los donativos de los humildes habitantes de la zona que aspiraban a tener su propia parroquia. Los l\u00edmites de la nueva parroquia de la Villa de Arriba generaron enfrentamientos, durante mucho tiempo, con la parroquia de la Concepci\u00f3n. A mayor n\u00famero de habitantes adscritos a una parroquia, m\u00e1s beneficios y ayudas recib\u00eda \u00e9sta por parte del obispado. El conflicto entre las de San Juan y La Concepci\u00f3n aument\u00f3 la brecha social entre las clases menos pudientes y las adineradas.<\/span><\/p><p><span style=\"color: #444444;\">En el interior, la riqueza ornamental del altar mayor, rodeado por un baldaquino del siglo XVIII, contrasta con el car\u00e1cter sobrio de este templo. El techo est\u00e1 cubierto por artesonados. Presta atenci\u00f3n a sus elementos decorativos y geom\u00e9tricos propios del mudejarismo, un estilo arquitect\u00f3nico habitual en los reinos cristianos de la pen\u00ednsula ib\u00e9rica entre los siglos XII y XVI y que en Canarias pervivi\u00f3 en los siguientes siglos. El Cristo de la Columna de esta iglesia es considerado una de las obras cumbres del Barroco en Canarias.<\/span><\/p><p><span style=\"color: #444444;\">Si continuamos por la calle lateral bajo la iglesia encontraremos un balc\u00f3n sobre la antigua cripta del templo. Si te fijas en la puerta bajo el balc\u00f3n ver\u00e1s calaveras talladas con coronas y tiaras obispales. Esta talla de finales del siglo XVII hace referencia a la igualdad ante la muerte sin distinciones sociales. Un mensaje de estas caracter\u00edsticas hubiese sido impensable en la parroquia de La Concepci\u00f3n.<\/span><\/p><p><span style=\"color: #444444;\">Continuemos hacia delante hasta llegar a la calle Le\u00f3n, desde la que podr\u00e1s observar una vista espectacular del casco a medida que desciendes su empinada cuesta.<\/span><\/p><p>\u00a0<\/p>\t\t\t\t\t\t\t\t<\/div>\n\t\t\t\t<\/div>\n\t\t\t\t<div class=\"elementor-element elementor-element-542d5f07 elementor-widget elementor-widget-google_maps\" data-id=\"542d5f07\" data-element_type=\"widget\" data-e-type=\"widget\" data-widget_type=\"google_maps.default\">\n\t\t\t\t<div class=\"elementor-widget-container\">\n\t\t\t\t\t\t\t<div class=\"elementor-custom-embed\">\n\t\t\t<iframe loading=\"lazy\"\n\t\t\t\t\tsrc=\"https:\/\/maps.google.com\/maps?q=parroquia%20san%20juan%20bautista%20la%20orotava&#038;t=m&#038;z=16&#038;output=embed&#038;iwloc=near\"\n\t\t\t\t\ttitle=\"parroquia san juan bautista la orotava\"\n\t\t\t\t\taria-label=\"parroquia san juan bautista la orotava\"\n\t\t\t><\/iframe>\n\t\t<\/div>\n\t\t\t\t\t\t<\/div>\n\t\t\t\t<\/div>\n\t\t\t\t\t<\/div>\n\t\t<\/div>\n\t\t\t\t\t<\/div>\n\t\t<\/section>\n\t\t\t\t<\/div>\n\t\t","protected":false},"excerpt":{"rendered":"<p>13. Iglesia de San Juan Bautista Esta iglesia de finales del siglo XVII es el n\u00facleo de la Villa de Arriba. Fue erigida gracias al trabajo y los donativos de los humildes habitantes de la zona que aspiraban a tener su propia parroquia. Los l\u00edmites de la nueva parroquia de la Villa de Arriba generaron enfrentamientos, durante mucho tiempo, con la parroquia de la Concepci\u00f3n. A mayor n\u00famero de habitantes adscritos a una parroquia, m\u00e1s beneficios y ayudas recib\u00eda \u00e9sta por parte del obispado. El conflicto entre las de San Juan y La Concepci\u00f3n aument\u00f3 la brecha social entre las clases menos pudientes y las adineradas. En el interior, la riqueza ornamental del altar mayor, rodeado por un baldaquino del siglo XVIII, contrasta con el car\u00e1cter sobrio de este templo. El techo est\u00e1 cubierto por artesonados. Presta atenci\u00f3n a sus elementos decorativos y geom\u00e9tricos propios del mudejarismo, un estilo arquitect\u00f3nico habitual en los reinos cristianos de la pen\u00ednsula ib\u00e9rica entre los siglos XII y XVI y que en Canarias pervivi\u00f3 en los siguientes siglos. El Cristo de la Columna de esta iglesia es considerado una de las obras cumbres del Barroco en Canarias. Si continuamos por la calle lateral bajo la iglesia encontraremos un balc\u00f3n sobre la antigua cripta del templo. Si te fijas en la puerta bajo el balc\u00f3n ver\u00e1s calaveras talladas con coronas y tiaras obispales. Esta talla de finales del siglo XVII hace referencia a la igualdad ante la muerte sin distinciones sociales. Un mensaje de estas caracter\u00edsticas hubiese sido impensable en la parroquia de La Concepci\u00f3n. Continuemos hacia delante hasta llegar a la calle Le\u00f3n, desde la que podr\u00e1s observar una vista espectacular del casco a medida que desciendes su empinada cuesta. \u00a0<\/p>\n","protected":false},"author":3,"featured_media":0,"parent":0,"menu_order":0,"comment_status":"closed","ping_status":"closed","template":"","meta":{"_acf_changed":false,"ocean_post_layout":"","ocean_both_sidebars_style":"","ocean_both_sidebars_content_width":0,"ocean_both_sidebars_sidebars_width":0,"ocean_sidebar":"0","ocean_second_sidebar":"0","ocean_disable_margins":"enable","ocean_add_body_class":"","ocean_shortcode_before_top_bar":"","ocean_shortcode_after_top_bar":"","ocean_shortcode_before_header":"","ocean_shortcode_after_header":"","ocean_has_shortcode":"","ocean_shortcode_after_title":"","ocean_shortcode_before_footer_widgets":"","ocean_shortcode_after_footer_widgets":"","ocean_shortcode_before_footer_bottom":"","ocean_shortcode_after_footer_bottom":"","ocean_display_top_bar":"default","ocean_display_header":"default","ocean_header_style":"","ocean_center_header_left_menu":"0","ocean_custom_header_template":"0","ocean_custom_logo":0,"ocean_custom_retina_logo":0,"ocean_custom_logo_max_width":0,"ocean_custom_logo_tablet_max_width":0,"ocean_custom_logo_mobile_max_width":0,"ocean_custom_logo_max_height":0,"ocean_custom_logo_tablet_max_height":0,"ocean_custom_logo_mobile_max_height":0,"ocean_header_custom_menu":"0","ocean_menu_typo_font_family":"0","ocean_menu_typo_font_subset":"","ocean_menu_typo_font_size":0,"ocean_menu_typo_font_size_tablet":0,"ocean_menu_typo_font_size_mobile":0,"ocean_menu_typo_font_size_unit":"px","ocean_menu_typo_font_weight":"","ocean_menu_typo_font_weight_tablet":"","ocean_menu_typo_font_weight_mobile":"","ocean_menu_typo_transform":"","ocean_menu_typo_transform_tablet":"","ocean_menu_typo_transform_mobile":"","ocean_menu_typo_line_height":0,"ocean_menu_typo_line_height_tablet":0,"ocean_menu_typo_line_height_mobile":0,"ocean_menu_typo_line_height_unit":"","ocean_menu_typo_spacing":0,"ocean_menu_typo_spacing_tablet":0,"ocean_menu_typo_spacing_mobile":0,"ocean_menu_typo_spacing_unit":"","ocean_menu_link_color":"","ocean_menu_link_color_hover":"","ocean_menu_link_color_active":"","ocean_menu_link_background":"","ocean_menu_link_hover_background":"","ocean_menu_link_active_background":"","ocean_menu_social_links_bg":"","ocean_menu_social_hover_links_bg":"","ocean_menu_social_links_color":"","ocean_menu_social_hover_links_color":"","ocean_disable_title":"default","ocean_disable_heading":"on","ocean_post_title":"","ocean_post_subheading":"","ocean_post_title_style":"","ocean_post_title_background_color":"","ocean_post_title_background":0,"ocean_post_title_bg_image_position":"","ocean_post_title_bg_image_attachment":"","ocean_post_title_bg_image_repeat":"","ocean_post_title_bg_image_size":"","ocean_post_title_height":0,"ocean_post_title_bg_overlay":0.5,"ocean_post_title_bg_overlay_color":"","ocean_disable_breadcrumbs":"default","ocean_breadcrumbs_color":"","ocean_breadcrumbs_separator_color":"","ocean_breadcrumbs_links_color":"","ocean_breadcrumbs_links_hover_color":"","ocean_display_footer_widgets":"default","ocean_display_footer_bottom":"default","ocean_custom_footer_template":"0","footnotes":""},"class_list":["post-1006589","page","type-page","status-publish","hentry","entry"],"acf":[],"yoast_head":"<!-- This site is optimized with the Yoast SEO plugin v27.2 - https:\/\/yoast.com\/product\/yoast-seo-wordpress\/ -->\n<title>13. Iglesia de San Juan Bautista - Web de Turismo del Ayuntamiento de La Orotava<\/title>\n<meta name=\"robots\" content=\"index, follow, max-snippet:-1, max-image-preview:large, max-video-preview:-1\" \/>\n<link rel=\"canonical\" href=\"https:\/\/www.laorotava.es\/turismo\/13-iglesia-de-san-juan-bautista\/\" \/>\n<meta property=\"og:locale\" content=\"es_ES\" \/>\n<meta property=\"og:type\" content=\"article\" \/>\n<meta property=\"og:title\" content=\"13. Iglesia de San Juan Bautista - Web de Turismo del Ayuntamiento de La Orotava\" \/>\n<meta property=\"og:description\" content=\"13. Iglesia de San Juan Bautista Esta iglesia de finales del siglo XVII es el n\u00facleo de la Villa de Arriba. Fue erigida gracias al trabajo y los donativos de los humildes habitantes de la zona que aspiraban a tener su propia parroquia. Los l\u00edmites de la nueva parroquia de la Villa de Arriba generaron enfrentamientos, durante mucho tiempo, con la parroquia de la Concepci\u00f3n. A mayor n\u00famero de habitantes adscritos a una parroquia, m\u00e1s beneficios y ayudas recib\u00eda \u00e9sta por parte del obispado. El conflicto entre las de San Juan y La Concepci\u00f3n aument\u00f3 la brecha social entre las clases menos pudientes y las adineradas. En el interior, la riqueza ornamental del altar mayor, rodeado por un baldaquino del siglo XVIII, contrasta con el car\u00e1cter sobrio de este templo. El techo est\u00e1 cubierto por artesonados. Presta atenci\u00f3n a sus elementos decorativos y geom\u00e9tricos propios del mudejarismo, un estilo arquitect\u00f3nico habitual en los reinos cristianos de la pen\u00ednsula ib\u00e9rica entre los siglos XII y XVI y que en Canarias pervivi\u00f3 en los siguientes siglos. El Cristo de la Columna de esta iglesia es considerado una de las obras cumbres del Barroco en Canarias. Si continuamos por la calle lateral bajo la iglesia encontraremos un balc\u00f3n sobre la antigua cripta del templo. Si te fijas en la puerta bajo el balc\u00f3n ver\u00e1s calaveras talladas con coronas y tiaras obispales. Esta talla de finales del siglo XVII hace referencia a la igualdad ante la muerte sin distinciones sociales. Un mensaje de estas caracter\u00edsticas hubiese sido impensable en la parroquia de La Concepci\u00f3n. Continuemos hacia delante hasta llegar a la calle Le\u00f3n, desde la que podr\u00e1s observar una vista espectacular del casco a medida que desciendes su empinada cuesta. \u00a0\" \/>\n<meta property=\"og:url\" content=\"https:\/\/www.laorotava.es\/turismo\/13-iglesia-de-san-juan-bautista\/\" \/>\n<meta property=\"og:site_name\" content=\"Web de Turismo del Ayuntamiento de La Orotava\" \/>\n<meta property=\"article:publisher\" content=\"https:\/\/www.facebook.com\/TurismoLaOrotava\/\" \/>\n<meta property=\"article:modified_time\" content=\"2022-08-22T14:14:02+00:00\" \/>\n<meta property=\"og:image\" content=\"https:\/\/www.laorotava.es\/sites\/default\/files\/styles\/large\/public\/rutas\/13.png?itok=IRI4P19k\" \/>\n<meta name=\"twitter:card\" content=\"summary_large_image\" \/>\n<meta name=\"twitter:site\" content=\"@LaOrotava\" \/>\n<meta name=\"twitter:label1\" content=\"Tiempo de lectura\" \/>\n\t<meta name=\"twitter:data1\" content=\"2 minutos\" \/>\n<script type=\"application\/ld+json\" class=\"yoast-schema-graph\">{\"@context\":\"https:\/\/schema.org\",\"@graph\":[{\"@type\":\"WebPage\",\"@id\":\"https:\/\/www.laorotava.es\/turismo\/13-iglesia-de-san-juan-bautista\/\",\"url\":\"https:\/\/www.laorotava.es\/turismo\/13-iglesia-de-san-juan-bautista\/\",\"name\":\"13. Iglesia de San Juan Bautista - Web de Turismo del Ayuntamiento de La Orotava\",\"isPartOf\":{\"@id\":\"https:\/\/www.laorotava.es\/turismo\/#website\"},\"primaryImageOfPage\":{\"@id\":\"https:\/\/www.laorotava.es\/turismo\/13-iglesia-de-san-juan-bautista\/#primaryimage\"},\"image\":{\"@id\":\"https:\/\/www.laorotava.es\/turismo\/13-iglesia-de-san-juan-bautista\/#primaryimage\"},\"thumbnailUrl\":\"https:\/\/www.laorotava.es\/sites\/default\/files\/styles\/large\/public\/rutas\/13.png?itok=IRI4P19k\",\"datePublished\":\"2022-08-22T14:12:35+00:00\",\"dateModified\":\"2022-08-22T14:14:02+00:00\",\"breadcrumb\":{\"@id\":\"https:\/\/www.laorotava.es\/turismo\/13-iglesia-de-san-juan-bautista\/#breadcrumb\"},\"inLanguage\":\"es\",\"potentialAction\":[{\"@type\":\"ReadAction\",\"target\":[\"https:\/\/www.laorotava.es\/turismo\/13-iglesia-de-san-juan-bautista\/\"]}]},{\"@type\":\"ImageObject\",\"inLanguage\":\"es\",\"@id\":\"https:\/\/www.laorotava.es\/turismo\/13-iglesia-de-san-juan-bautista\/#primaryimage\",\"url\":\"https:\/\/www.laorotava.es\/sites\/default\/files\/styles\/large\/public\/rutas\/13.png?itok=IRI4P19k\",\"contentUrl\":\"https:\/\/www.laorotava.es\/sites\/default\/files\/styles\/large\/public\/rutas\/13.png?itok=IRI4P19k\"},{\"@type\":\"BreadcrumbList\",\"@id\":\"https:\/\/www.laorotava.es\/turismo\/13-iglesia-de-san-juan-bautista\/#breadcrumb\",\"itemListElement\":[{\"@type\":\"ListItem\",\"position\":1,\"name\":\"Portada\",\"item\":\"https:\/\/www.laorotava.es\/turismo\/\"},{\"@type\":\"ListItem\",\"position\":2,\"name\":\"13. Iglesia de San Juan Bautista\"}]},{\"@type\":\"WebSite\",\"@id\":\"https:\/\/www.laorotava.es\/turismo\/#website\",\"url\":\"https:\/\/www.laorotava.es\/turismo\/\",\"name\":\"Web de Turismo del Ayuntamiento de La Orotava\",\"description\":\"\",\"publisher\":{\"@id\":\"https:\/\/www.laorotava.es\/turismo\/#organization\"},\"potentialAction\":[{\"@type\":\"SearchAction\",\"target\":{\"@type\":\"EntryPoint\",\"urlTemplate\":\"https:\/\/www.laorotava.es\/turismo\/?s={search_term_string}\"},\"query-input\":{\"@type\":\"PropertyValueSpecification\",\"valueRequired\":true,\"valueName\":\"search_term_string\"}}],\"inLanguage\":\"es\"},{\"@type\":\"Organization\",\"@id\":\"https:\/\/www.laorotava.es\/turismo\/#organization\",\"name\":\"Ayuntamiento de La Orotava\",\"url\":\"https:\/\/www.laorotava.es\/turismo\/\",\"logo\":{\"@type\":\"ImageObject\",\"inLanguage\":\"es\",\"@id\":\"https:\/\/www.laorotava.es\/turismo\/#\/schema\/logo\/image\/\",\"url\":\"https:\/\/www.laorotava.es\/turismo\/wp-content\/uploads\/2022\/08\/logo.png\",\"contentUrl\":\"https:\/\/www.laorotava.es\/turismo\/wp-content\/uploads\/2022\/08\/logo.png\",\"width\":1195,\"height\":180,\"caption\":\"Ayuntamiento de La Orotava\"},\"image\":{\"@id\":\"https:\/\/www.laorotava.es\/turismo\/#\/schema\/logo\/image\/\"},\"sameAs\":[\"https:\/\/www.facebook.com\/TurismoLaOrotava\/\",\"https:\/\/x.com\/LaOrotava\"]}]}<\/script>\n<!-- \/ Yoast SEO plugin. -->","yoast_head_json":{"title":"13. Iglesia de San Juan Bautista - Web de Turismo del Ayuntamiento de La Orotava","robots":{"index":"index","follow":"follow","max-snippet":"max-snippet:-1","max-image-preview":"max-image-preview:large","max-video-preview":"max-video-preview:-1"},"canonical":"https:\/\/www.laorotava.es\/turismo\/13-iglesia-de-san-juan-bautista\/","og_locale":"es_ES","og_type":"article","og_title":"13. Iglesia de San Juan Bautista - Web de Turismo del Ayuntamiento de La Orotava","og_description":"13. Iglesia de San Juan Bautista Esta iglesia de finales del siglo XVII es el n\u00facleo de la Villa de Arriba. Fue erigida gracias al trabajo y los donativos de los humildes habitantes de la zona que aspiraban a tener su propia parroquia. Los l\u00edmites de la nueva parroquia de la Villa de Arriba generaron enfrentamientos, durante mucho tiempo, con la parroquia de la Concepci\u00f3n. A mayor n\u00famero de habitantes adscritos a una parroquia, m\u00e1s beneficios y ayudas recib\u00eda \u00e9sta por parte del obispado. El conflicto entre las de San Juan y La Concepci\u00f3n aument\u00f3 la brecha social entre las clases menos pudientes y las adineradas. En el interior, la riqueza ornamental del altar mayor, rodeado por un baldaquino del siglo XVIII, contrasta con el car\u00e1cter sobrio de este templo. El techo est\u00e1 cubierto por artesonados. Presta atenci\u00f3n a sus elementos decorativos y geom\u00e9tricos propios del mudejarismo, un estilo arquitect\u00f3nico habitual en los reinos cristianos de la pen\u00ednsula ib\u00e9rica entre los siglos XII y XVI y que en Canarias pervivi\u00f3 en los siguientes siglos. El Cristo de la Columna de esta iglesia es considerado una de las obras cumbres del Barroco en Canarias. Si continuamos por la calle lateral bajo la iglesia encontraremos un balc\u00f3n sobre la antigua cripta del templo. Si te fijas en la puerta bajo el balc\u00f3n ver\u00e1s calaveras talladas con coronas y tiaras obispales. Esta talla de finales del siglo XVII hace referencia a la igualdad ante la muerte sin distinciones sociales. Un mensaje de estas caracter\u00edsticas hubiese sido impensable en la parroquia de La Concepci\u00f3n. Continuemos hacia delante hasta llegar a la calle Le\u00f3n, desde la que podr\u00e1s observar una vista espectacular del casco a medida que desciendes su empinada cuesta. \u00a0","og_url":"https:\/\/www.laorotava.es\/turismo\/13-iglesia-de-san-juan-bautista\/","og_site_name":"Web de Turismo del Ayuntamiento de La Orotava","article_publisher":"https:\/\/www.facebook.com\/TurismoLaOrotava\/","article_modified_time":"2022-08-22T14:14:02+00:00","og_image":[{"url":"https:\/\/www.laorotava.es\/sites\/default\/files\/styles\/large\/public\/rutas\/13.png?itok=IRI4P19k","type":"","width":"","height":""}],"twitter_card":"summary_large_image","twitter_site":"@LaOrotava","twitter_misc":{"Tiempo de lectura":"2 minutos"},"schema":{"@context":"https:\/\/schema.org","@graph":[{"@type":"WebPage","@id":"https:\/\/www.laorotava.es\/turismo\/13-iglesia-de-san-juan-bautista\/","url":"https:\/\/www.laorotava.es\/turismo\/13-iglesia-de-san-juan-bautista\/","name":"13. Iglesia de San Juan Bautista - Web de Turismo del Ayuntamiento de La Orotava","isPartOf":{"@id":"https:\/\/www.laorotava.es\/turismo\/#website"},"primaryImageOfPage":{"@id":"https:\/\/www.laorotava.es\/turismo\/13-iglesia-de-san-juan-bautista\/#primaryimage"},"image":{"@id":"https:\/\/www.laorotava.es\/turismo\/13-iglesia-de-san-juan-bautista\/#primaryimage"},"thumbnailUrl":"https:\/\/www.laorotava.es\/sites\/default\/files\/styles\/large\/public\/rutas\/13.png?itok=IRI4P19k","datePublished":"2022-08-22T14:12:35+00:00","dateModified":"2022-08-22T14:14:02+00:00","breadcrumb":{"@id":"https:\/\/www.laorotava.es\/turismo\/13-iglesia-de-san-juan-bautista\/#breadcrumb"},"inLanguage":"es","potentialAction":[{"@type":"ReadAction","target":["https:\/\/www.laorotava.es\/turismo\/13-iglesia-de-san-juan-bautista\/"]}]},{"@type":"ImageObject","inLanguage":"es","@id":"https:\/\/www.laorotava.es\/turismo\/13-iglesia-de-san-juan-bautista\/#primaryimage","url":"https:\/\/www.laorotava.es\/sites\/default\/files\/styles\/large\/public\/rutas\/13.png?itok=IRI4P19k","contentUrl":"https:\/\/www.laorotava.es\/sites\/default\/files\/styles\/large\/public\/rutas\/13.png?itok=IRI4P19k"},{"@type":"BreadcrumbList","@id":"https:\/\/www.laorotava.es\/turismo\/13-iglesia-de-san-juan-bautista\/#breadcrumb","itemListElement":[{"@type":"ListItem","position":1,"name":"Portada","item":"https:\/\/www.laorotava.es\/turismo\/"},{"@type":"ListItem","position":2,"name":"13. Iglesia de San Juan Bautista"}]},{"@type":"WebSite","@id":"https:\/\/www.laorotava.es\/turismo\/#website","url":"https:\/\/www.laorotava.es\/turismo\/","name":"Web de Turismo del Ayuntamiento de La Orotava","description":"","publisher":{"@id":"https:\/\/www.laorotava.es\/turismo\/#organization"},"potentialAction":[{"@type":"SearchAction","target":{"@type":"EntryPoint","urlTemplate":"https:\/\/www.laorotava.es\/turismo\/?s={search_term_string}"},"query-input":{"@type":"PropertyValueSpecification","valueRequired":true,"valueName":"search_term_string"}}],"inLanguage":"es"},{"@type":"Organization","@id":"https:\/\/www.laorotava.es\/turismo\/#organization","name":"Ayuntamiento de La Orotava","url":"https:\/\/www.laorotava.es\/turismo\/","logo":{"@type":"ImageObject","inLanguage":"es","@id":"https:\/\/www.laorotava.es\/turismo\/#\/schema\/logo\/image\/","url":"https:\/\/www.laorotava.es\/turismo\/wp-content\/uploads\/2022\/08\/logo.png","contentUrl":"https:\/\/www.laorotava.es\/turismo\/wp-content\/uploads\/2022\/08\/logo.png","width":1195,"height":180,"caption":"Ayuntamiento de La Orotava"},"image":{"@id":"https:\/\/www.laorotava.es\/turismo\/#\/schema\/logo\/image\/"},"sameAs":["https:\/\/www.facebook.com\/TurismoLaOrotava\/","https:\/\/x.com\/LaOrotava"]}]}},"_links":{"self":[{"href":"https:\/\/www.laorotava.es\/turismo\/wp-json\/wp\/v2\/pages\/1006589","targetHints":{"allow":["GET"]}}],"collection":[{"href":"https:\/\/www.laorotava.es\/turismo\/wp-json\/wp\/v2\/pages"}],"about":[{"href":"https:\/\/www.laorotava.es\/turismo\/wp-json\/wp\/v2\/types\/page"}],"author":[{"embeddable":true,"href":"https:\/\/www.laorotava.es\/turismo\/wp-json\/wp\/v2\/users\/3"}],"replies":[{"embeddable":true,"href":"https:\/\/www.laorotava.es\/turismo\/wp-json\/wp\/v2\/comments?post=1006589"}],"version-history":[{"count":0,"href":"https:\/\/www.laorotava.es\/turismo\/wp-json\/wp\/v2\/pages\/1006589\/revisions"}],"wp:attachment":[{"href":"https:\/\/www.laorotava.es\/turismo\/wp-json\/wp\/v2\/media?parent=1006589"}],"curies":[{"name":"wp","href":"https:\/\/api.w.org\/{rel}","templated":true}]}}