{"id":1006615,"date":"2022-08-22T14:15:43","date_gmt":"2022-08-22T14:15:43","guid":{"rendered":"https:\/\/www.laorotava.es\/turismo\/?page_id=1006615"},"modified":"2022-08-22T14:17:04","modified_gmt":"2022-08-22T14:17:04","slug":"14-calle-leon","status":"publish","type":"page","link":"https:\/\/www.laorotava.es\/turismo\/14-calle-leon\/","title":{"rendered":"14. Calle Le\u00f3n"},"content":{"rendered":"\t\t<div data-elementor-type=\"wp-page\" data-elementor-id=\"1006615\" class=\"elementor elementor-1006615\">\n\t\t\t\t\t\t<section class=\"elementor-section elementor-top-section elementor-element elementor-element-5ba83a99 elementor-section-stretched elementor-section-boxed elementor-section-height-default elementor-section-height-default wpr-particle-no wpr-jarallax-no wpr-parallax-no wpr-sticky-section-no\" data-id=\"5ba83a99\" data-element_type=\"section\" data-e-type=\"section\" data-settings=\"{&quot;stretch_section&quot;:&quot;section-stretched&quot;}\">\n\t\t\t\t\t\t<div class=\"elementor-container elementor-column-gap-default\">\n\t\t\t\t\t<div class=\"elementor-column elementor-col-100 elementor-top-column elementor-element elementor-element-34bf5b1a\" data-id=\"34bf5b1a\" data-element_type=\"column\" data-e-type=\"column\">\n\t\t\t<div class=\"elementor-widget-wrap elementor-element-populated\">\n\t\t\t\t\t\t<div class=\"elementor-element elementor-element-d444c19 elementor-widget elementor-widget-heading\" data-id=\"d444c19\" data-element_type=\"widget\" data-e-type=\"widget\" data-widget_type=\"heading.default\">\n\t\t\t\t<div class=\"elementor-widget-container\">\n\t\t\t\t\t<h2 class=\"elementor-heading-title elementor-size-small\">14. Calle Le\u00f3n\n<\/h2>\t\t\t\t<\/div>\n\t\t\t\t<\/div>\n\t\t\t\t<div class=\"elementor-element elementor-element-430c7aa8 elementor-widget-divider--view-line elementor-widget elementor-widget-divider\" data-id=\"430c7aa8\" data-element_type=\"widget\" data-e-type=\"widget\" data-widget_type=\"divider.default\">\n\t\t\t\t<div class=\"elementor-widget-container\">\n\t\t\t\t\t\t\t<div class=\"elementor-divider\">\n\t\t\t<span class=\"elementor-divider-separator\">\n\t\t\t\t\t\t<\/span>\n\t\t<\/div>\n\t\t\t\t\t\t<\/div>\n\t\t\t\t<\/div>\n\t\t\t\t<div class=\"elementor-element elementor-element-da6a5ea elementor-widget elementor-widget-wp-widget-media_audio\" data-id=\"da6a5ea\" data-element_type=\"widget\" data-e-type=\"widget\" data-widget_type=\"wp-widget-media_audio.default\">\n\t\t\t\t<div class=\"elementor-widget-container\">\n\t\t\t\t\t<audio class=\"wp-audio-shortcode\" id=\"audio-1006615-1\" preload=\"none\" style=\"width: 100%;\" controls=\"controls\"><source type=\"audio\/mpeg\" src=\"https:\/\/www.laorotava.es\/turismo\/wp-content\/uploads\/2019\/03\/14_ra_calle_leon.mp3?_=1\" \/><source type=\"audio\/mpeg\" src=\"https:\/\/www.laorotava.es\/turismo\/wp-content\/uploads\/2019\/03\/14_ra_calle_leon.mp3?_=1\" \/><a href=\"https:\/\/www.laorotava.es\/turismo\/wp-content\/uploads\/2019\/03\/14_ra_calle_leon.mp3\">https:\/\/www.laorotava.es\/turismo\/wp-content\/uploads\/2019\/03\/14_ra_calle_leon.mp3<\/a><\/audio>\t\t\t\t<\/div>\n\t\t\t\t<\/div>\n\t\t\t\t<div class=\"elementor-element elementor-element-7300d518 elementor-widget elementor-widget-text-editor\" data-id=\"7300d518\" data-element_type=\"widget\" data-e-type=\"widget\" data-widget_type=\"text-editor.default\">\n\t\t\t\t<div class=\"elementor-widget-container\">\n\t\t\t\t\t\t\t\t\t<p><span style=\"color: #444444;\"><img decoding=\"async\" class=\"alignleft\" src=\"https:\/\/www.laorotava.es\/sites\/default\/files\/styles\/large\/public\/rutas\/14.png?itok=qmygPe1z\" \/><\/span><\/p><p><span style=\"color: #444444;\">La principal peculiaridad de la arquitectura urbana de La Orotava es la adaptaci\u00f3n al desnivel. La calle Le\u00f3n es un buen ejemplo de esta adaptaci\u00f3n escalonada, tambi\u00e9n llamada arquitectura de anfiteatro. Las casas se disponen como si fuesen la grada de un teatro o de un campo de f\u00fatbol, lo que favorece la ventilaci\u00f3n de los domicilios y las vistas ins\u00f3litas de tejados y azoteas.<\/span><\/p><p><span style=\"color: #444444;\">Esta ha sido siempre una calle residencial, una de las arterias que une la Villa de Arriba con la Villa de Abajo. Por su gran pendiente, se evitaba aqu\u00ed el tr\u00e1nsito de carros, por lo que nunca lleg\u00f3 a estar adoquinada.<\/span><\/p><p><span style=\"color: #444444;\">Cuando llegues al final de la calle encontrar\u00e1s a tu izquierda la hijuela del jard\u00edn bot\u00e1nico, el ayuntamiento visto desde atr\u00e1s y la Iglesia de la Concepci\u00f3n al fondo.<\/span><\/p><p><span style=\"color: #444444;\">Estos elementos aparecen descritos en la Ruta de La Orotava Legendaria, la Ruta Verde. Nosotros continuaremos nuestro recorrido por la calle de la derecha, la continuaci\u00f3n de la calle Le\u00f3n, hasta llegar a la entrada de los jardines del Marquesado de la Quinta Roja, en la acera de la derecha seg\u00fan se baja. Reconocer\u00e1s la entrada por la valla de hierro. Adentr\u00e9monos en este pasillo hasta llegar a los jardines.<\/span><\/p><p><span style=\"color: #444444;\">Si por casualidad est\u00e1s haciendo la ruta de noche o los jardines no estuviesen abiertos, contin\u00faa calle abajo hasta el final de la calle y gira a la derecha por la calle Carrera de Escultor Est\u00e9vez. Sigue caminando de frente hasta llegar de nuevo a la Oficina Municipal de Turismo, donde empezaste esta ruta.<\/span><\/p>\t\t\t\t\t\t\t\t<\/div>\n\t\t\t\t<\/div>\n\t\t\t\t<div class=\"elementor-element elementor-element-18d8e46f elementor-widget elementor-widget-google_maps\" data-id=\"18d8e46f\" data-element_type=\"widget\" data-e-type=\"widget\" data-widget_type=\"google_maps.default\">\n\t\t\t\t<div class=\"elementor-widget-container\">\n\t\t\t\t\t\t\t<div class=\"elementor-custom-embed\">\n\t\t\t<iframe loading=\"lazy\"\n\t\t\t\t\tsrc=\"https:\/\/maps.google.com\/maps?q=calle%20leon%20la%20orotava&#038;t=m&#038;z=16&#038;output=embed&#038;iwloc=near\"\n\t\t\t\t\ttitle=\"calle leon la orotava\"\n\t\t\t\t\taria-label=\"calle leon la orotava\"\n\t\t\t><\/iframe>\n\t\t<\/div>\n\t\t\t\t\t\t<\/div>\n\t\t\t\t<\/div>\n\t\t\t\t\t<\/div>\n\t\t<\/div>\n\t\t\t\t\t<\/div>\n\t\t<\/section>\n\t\t\t\t<\/div>\n\t\t","protected":false},"excerpt":{"rendered":"<p>14. Calle Le\u00f3n La principal peculiaridad de la arquitectura urbana de La Orotava es la adaptaci\u00f3n al desnivel. La calle Le\u00f3n es un buen ejemplo de esta adaptaci\u00f3n escalonada, tambi\u00e9n llamada arquitectura de anfiteatro. Las casas se disponen como si fuesen la grada de un teatro o de un campo de f\u00fatbol, lo que favorece la ventilaci\u00f3n de los domicilios y las vistas ins\u00f3litas de tejados y azoteas. Esta ha sido siempre una calle residencial, una de las arterias que une la Villa de Arriba con la Villa de Abajo. Por su gran pendiente, se evitaba aqu\u00ed el tr\u00e1nsito de carros, por lo que nunca lleg\u00f3 a estar adoquinada. Cuando llegues al final de la calle encontrar\u00e1s a tu izquierda la hijuela del jard\u00edn bot\u00e1nico, el ayuntamiento visto desde atr\u00e1s y la Iglesia de la Concepci\u00f3n al fondo. Estos elementos aparecen descritos en la Ruta de La Orotava Legendaria, la Ruta Verde. Nosotros continuaremos nuestro recorrido por la calle de la derecha, la continuaci\u00f3n de la calle Le\u00f3n, hasta llegar a la entrada de los jardines del Marquesado de la Quinta Roja, en la acera de la derecha seg\u00fan se baja. Reconocer\u00e1s la entrada por la valla de hierro. Adentr\u00e9monos en este pasillo hasta llegar a los jardines. Si por casualidad est\u00e1s haciendo la ruta de noche o los jardines no estuviesen abiertos, contin\u00faa calle abajo hasta el final de la calle y gira a la derecha por la calle Carrera de Escultor Est\u00e9vez. Sigue caminando de frente hasta llegar de nuevo a la Oficina Municipal de Turismo, donde empezaste esta ruta.<\/p>\n","protected":false},"author":3,"featured_media":0,"parent":0,"menu_order":0,"comment_status":"closed","ping_status":"closed","template":"","meta":{"_acf_changed":false,"ocean_post_layout":"","ocean_both_sidebars_style":"","ocean_both_sidebars_content_width":0,"ocean_both_sidebars_sidebars_width":0,"ocean_sidebar":"0","ocean_second_sidebar":"0","ocean_disable_margins":"enable","ocean_add_body_class":"","ocean_shortcode_before_top_bar":"","ocean_shortcode_after_top_bar":"","ocean_shortcode_before_header":"","ocean_shortcode_after_header":"","ocean_has_shortcode":"","ocean_shortcode_after_title":"","ocean_shortcode_before_footer_widgets":"","ocean_shortcode_after_footer_widgets":"","ocean_shortcode_before_footer_bottom":"","ocean_shortcode_after_footer_bottom":"","ocean_display_top_bar":"default","ocean_display_header":"default","ocean_header_style":"","ocean_center_header_left_menu":"0","ocean_custom_header_template":"0","ocean_custom_logo":0,"ocean_custom_retina_logo":0,"ocean_custom_logo_max_width":0,"ocean_custom_logo_tablet_max_width":0,"ocean_custom_logo_mobile_max_width":0,"ocean_custom_logo_max_height":0,"ocean_custom_logo_tablet_max_height":0,"ocean_custom_logo_mobile_max_height":0,"ocean_header_custom_menu":"0","ocean_menu_typo_font_family":"0","ocean_menu_typo_font_subset":"","ocean_menu_typo_font_size":0,"ocean_menu_typo_font_size_tablet":0,"ocean_menu_typo_font_size_mobile":0,"ocean_menu_typo_font_size_unit":"px","ocean_menu_typo_font_weight":"","ocean_menu_typo_font_weight_tablet":"","ocean_menu_typo_font_weight_mobile":"","ocean_menu_typo_transform":"","ocean_menu_typo_transform_tablet":"","ocean_menu_typo_transform_mobile":"","ocean_menu_typo_line_height":0,"ocean_menu_typo_line_height_tablet":0,"ocean_menu_typo_line_height_mobile":0,"ocean_menu_typo_line_height_unit":"","ocean_menu_typo_spacing":0,"ocean_menu_typo_spacing_tablet":0,"ocean_menu_typo_spacing_mobile":0,"ocean_menu_typo_spacing_unit":"","ocean_menu_link_color":"","ocean_menu_link_color_hover":"","ocean_menu_link_color_active":"","ocean_menu_link_background":"","ocean_menu_link_hover_background":"","ocean_menu_link_active_background":"","ocean_menu_social_links_bg":"","ocean_menu_social_hover_links_bg":"","ocean_menu_social_links_color":"","ocean_menu_social_hover_links_color":"","ocean_disable_title":"default","ocean_disable_heading":"on","ocean_post_title":"","ocean_post_subheading":"","ocean_post_title_style":"","ocean_post_title_background_color":"","ocean_post_title_background":0,"ocean_post_title_bg_image_position":"","ocean_post_title_bg_image_attachment":"","ocean_post_title_bg_image_repeat":"","ocean_post_title_bg_image_size":"","ocean_post_title_height":0,"ocean_post_title_bg_overlay":0.5,"ocean_post_title_bg_overlay_color":"","ocean_disable_breadcrumbs":"default","ocean_breadcrumbs_color":"","ocean_breadcrumbs_separator_color":"","ocean_breadcrumbs_links_color":"","ocean_breadcrumbs_links_hover_color":"","ocean_display_footer_widgets":"default","ocean_display_footer_bottom":"default","ocean_custom_footer_template":"0","footnotes":""},"class_list":["post-1006615","page","type-page","status-publish","hentry","entry"],"acf":[],"yoast_head":"<!-- This site is optimized with the Yoast SEO plugin v27.2 - https:\/\/yoast.com\/product\/yoast-seo-wordpress\/ -->\n<title>14. Calle Le\u00f3n - Web de Turismo del Ayuntamiento de La Orotava<\/title>\n<meta name=\"robots\" content=\"index, follow, max-snippet:-1, max-image-preview:large, max-video-preview:-1\" \/>\n<link rel=\"canonical\" href=\"https:\/\/www.laorotava.es\/turismo\/14-calle-leon\/\" \/>\n<meta property=\"og:locale\" content=\"es_ES\" \/>\n<meta property=\"og:type\" content=\"article\" \/>\n<meta property=\"og:title\" content=\"14. Calle Le\u00f3n - Web de Turismo del Ayuntamiento de La Orotava\" \/>\n<meta property=\"og:description\" content=\"14. Calle Le\u00f3n La principal peculiaridad de la arquitectura urbana de La Orotava es la adaptaci\u00f3n al desnivel. La calle Le\u00f3n es un buen ejemplo de esta adaptaci\u00f3n escalonada, tambi\u00e9n llamada arquitectura de anfiteatro. Las casas se disponen como si fuesen la grada de un teatro o de un campo de f\u00fatbol, lo que favorece la ventilaci\u00f3n de los domicilios y las vistas ins\u00f3litas de tejados y azoteas. Esta ha sido siempre una calle residencial, una de las arterias que une la Villa de Arriba con la Villa de Abajo. Por su gran pendiente, se evitaba aqu\u00ed el tr\u00e1nsito de carros, por lo que nunca lleg\u00f3 a estar adoquinada. Cuando llegues al final de la calle encontrar\u00e1s a tu izquierda la hijuela del jard\u00edn bot\u00e1nico, el ayuntamiento visto desde atr\u00e1s y la Iglesia de la Concepci\u00f3n al fondo. Estos elementos aparecen descritos en la Ruta de La Orotava Legendaria, la Ruta Verde. Nosotros continuaremos nuestro recorrido por la calle de la derecha, la continuaci\u00f3n de la calle Le\u00f3n, hasta llegar a la entrada de los jardines del Marquesado de la Quinta Roja, en la acera de la derecha seg\u00fan se baja. Reconocer\u00e1s la entrada por la valla de hierro. Adentr\u00e9monos en este pasillo hasta llegar a los jardines. Si por casualidad est\u00e1s haciendo la ruta de noche o los jardines no estuviesen abiertos, contin\u00faa calle abajo hasta el final de la calle y gira a la derecha por la calle Carrera de Escultor Est\u00e9vez. Sigue caminando de frente hasta llegar de nuevo a la Oficina Municipal de Turismo, donde empezaste esta ruta.\" \/>\n<meta property=\"og:url\" content=\"https:\/\/www.laorotava.es\/turismo\/14-calle-leon\/\" \/>\n<meta property=\"og:site_name\" content=\"Web de Turismo del Ayuntamiento de La Orotava\" \/>\n<meta property=\"article:publisher\" content=\"https:\/\/www.facebook.com\/TurismoLaOrotava\/\" \/>\n<meta property=\"article:modified_time\" content=\"2022-08-22T14:17:04+00:00\" \/>\n<meta property=\"og:image\" content=\"https:\/\/www.laorotava.es\/sites\/default\/files\/styles\/large\/public\/rutas\/14.png?itok=qmygPe1z\" \/>\n<meta name=\"twitter:card\" content=\"summary_large_image\" \/>\n<meta name=\"twitter:site\" content=\"@LaOrotava\" \/>\n<meta name=\"twitter:label1\" content=\"Tiempo de lectura\" \/>\n\t<meta name=\"twitter:data1\" content=\"1 minuto\" \/>\n<script type=\"application\/ld+json\" class=\"yoast-schema-graph\">{\"@context\":\"https:\/\/schema.org\",\"@graph\":[{\"@type\":\"WebPage\",\"@id\":\"https:\/\/www.laorotava.es\/turismo\/14-calle-leon\/\",\"url\":\"https:\/\/www.laorotava.es\/turismo\/14-calle-leon\/\",\"name\":\"14. Calle Le\u00f3n - Web de Turismo del Ayuntamiento de La Orotava\",\"isPartOf\":{\"@id\":\"https:\/\/www.laorotava.es\/turismo\/#website\"},\"primaryImageOfPage\":{\"@id\":\"https:\/\/www.laorotava.es\/turismo\/14-calle-leon\/#primaryimage\"},\"image\":{\"@id\":\"https:\/\/www.laorotava.es\/turismo\/14-calle-leon\/#primaryimage\"},\"thumbnailUrl\":\"https:\/\/www.laorotava.es\/sites\/default\/files\/styles\/large\/public\/rutas\/14.png?itok=qmygPe1z\",\"datePublished\":\"2022-08-22T14:15:43+00:00\",\"dateModified\":\"2022-08-22T14:17:04+00:00\",\"breadcrumb\":{\"@id\":\"https:\/\/www.laorotava.es\/turismo\/14-calle-leon\/#breadcrumb\"},\"inLanguage\":\"es\",\"potentialAction\":[{\"@type\":\"ReadAction\",\"target\":[\"https:\/\/www.laorotava.es\/turismo\/14-calle-leon\/\"]}]},{\"@type\":\"ImageObject\",\"inLanguage\":\"es\",\"@id\":\"https:\/\/www.laorotava.es\/turismo\/14-calle-leon\/#primaryimage\",\"url\":\"https:\/\/www.laorotava.es\/sites\/default\/files\/styles\/large\/public\/rutas\/14.png?itok=qmygPe1z\",\"contentUrl\":\"https:\/\/www.laorotava.es\/sites\/default\/files\/styles\/large\/public\/rutas\/14.png?itok=qmygPe1z\"},{\"@type\":\"BreadcrumbList\",\"@id\":\"https:\/\/www.laorotava.es\/turismo\/14-calle-leon\/#breadcrumb\",\"itemListElement\":[{\"@type\":\"ListItem\",\"position\":1,\"name\":\"Portada\",\"item\":\"https:\/\/www.laorotava.es\/turismo\/\"},{\"@type\":\"ListItem\",\"position\":2,\"name\":\"14. Calle Le\u00f3n\"}]},{\"@type\":\"WebSite\",\"@id\":\"https:\/\/www.laorotava.es\/turismo\/#website\",\"url\":\"https:\/\/www.laorotava.es\/turismo\/\",\"name\":\"Web de Turismo del Ayuntamiento de La Orotava\",\"description\":\"\",\"publisher\":{\"@id\":\"https:\/\/www.laorotava.es\/turismo\/#organization\"},\"potentialAction\":[{\"@type\":\"SearchAction\",\"target\":{\"@type\":\"EntryPoint\",\"urlTemplate\":\"https:\/\/www.laorotava.es\/turismo\/?s={search_term_string}\"},\"query-input\":{\"@type\":\"PropertyValueSpecification\",\"valueRequired\":true,\"valueName\":\"search_term_string\"}}],\"inLanguage\":\"es\"},{\"@type\":\"Organization\",\"@id\":\"https:\/\/www.laorotava.es\/turismo\/#organization\",\"name\":\"Ayuntamiento de La Orotava\",\"url\":\"https:\/\/www.laorotava.es\/turismo\/\",\"logo\":{\"@type\":\"ImageObject\",\"inLanguage\":\"es\",\"@id\":\"https:\/\/www.laorotava.es\/turismo\/#\/schema\/logo\/image\/\",\"url\":\"https:\/\/www.laorotava.es\/turismo\/wp-content\/uploads\/2022\/08\/logo.png\",\"contentUrl\":\"https:\/\/www.laorotava.es\/turismo\/wp-content\/uploads\/2022\/08\/logo.png\",\"width\":1195,\"height\":180,\"caption\":\"Ayuntamiento de La Orotava\"},\"image\":{\"@id\":\"https:\/\/www.laorotava.es\/turismo\/#\/schema\/logo\/image\/\"},\"sameAs\":[\"https:\/\/www.facebook.com\/TurismoLaOrotava\/\",\"https:\/\/x.com\/LaOrotava\"]}]}<\/script>\n<!-- \/ Yoast SEO plugin. -->","yoast_head_json":{"title":"14. Calle Le\u00f3n - Web de Turismo del Ayuntamiento de La Orotava","robots":{"index":"index","follow":"follow","max-snippet":"max-snippet:-1","max-image-preview":"max-image-preview:large","max-video-preview":"max-video-preview:-1"},"canonical":"https:\/\/www.laorotava.es\/turismo\/14-calle-leon\/","og_locale":"es_ES","og_type":"article","og_title":"14. Calle Le\u00f3n - Web de Turismo del Ayuntamiento de La Orotava","og_description":"14. Calle Le\u00f3n La principal peculiaridad de la arquitectura urbana de La Orotava es la adaptaci\u00f3n al desnivel. La calle Le\u00f3n es un buen ejemplo de esta adaptaci\u00f3n escalonada, tambi\u00e9n llamada arquitectura de anfiteatro. Las casas se disponen como si fuesen la grada de un teatro o de un campo de f\u00fatbol, lo que favorece la ventilaci\u00f3n de los domicilios y las vistas ins\u00f3litas de tejados y azoteas. Esta ha sido siempre una calle residencial, una de las arterias que une la Villa de Arriba con la Villa de Abajo. Por su gran pendiente, se evitaba aqu\u00ed el tr\u00e1nsito de carros, por lo que nunca lleg\u00f3 a estar adoquinada. Cuando llegues al final de la calle encontrar\u00e1s a tu izquierda la hijuela del jard\u00edn bot\u00e1nico, el ayuntamiento visto desde atr\u00e1s y la Iglesia de la Concepci\u00f3n al fondo. Estos elementos aparecen descritos en la Ruta de La Orotava Legendaria, la Ruta Verde. Nosotros continuaremos nuestro recorrido por la calle de la derecha, la continuaci\u00f3n de la calle Le\u00f3n, hasta llegar a la entrada de los jardines del Marquesado de la Quinta Roja, en la acera de la derecha seg\u00fan se baja. Reconocer\u00e1s la entrada por la valla de hierro. Adentr\u00e9monos en este pasillo hasta llegar a los jardines. Si por casualidad est\u00e1s haciendo la ruta de noche o los jardines no estuviesen abiertos, contin\u00faa calle abajo hasta el final de la calle y gira a la derecha por la calle Carrera de Escultor Est\u00e9vez. Sigue caminando de frente hasta llegar de nuevo a la Oficina Municipal de Turismo, donde empezaste esta ruta.","og_url":"https:\/\/www.laorotava.es\/turismo\/14-calle-leon\/","og_site_name":"Web de Turismo del Ayuntamiento de La Orotava","article_publisher":"https:\/\/www.facebook.com\/TurismoLaOrotava\/","article_modified_time":"2022-08-22T14:17:04+00:00","og_image":[{"url":"https:\/\/www.laorotava.es\/sites\/default\/files\/styles\/large\/public\/rutas\/14.png?itok=qmygPe1z","type":"","width":"","height":""}],"twitter_card":"summary_large_image","twitter_site":"@LaOrotava","twitter_misc":{"Tiempo de lectura":"1 minuto"},"schema":{"@context":"https:\/\/schema.org","@graph":[{"@type":"WebPage","@id":"https:\/\/www.laorotava.es\/turismo\/14-calle-leon\/","url":"https:\/\/www.laorotava.es\/turismo\/14-calle-leon\/","name":"14. Calle Le\u00f3n - Web de Turismo del Ayuntamiento de La Orotava","isPartOf":{"@id":"https:\/\/www.laorotava.es\/turismo\/#website"},"primaryImageOfPage":{"@id":"https:\/\/www.laorotava.es\/turismo\/14-calle-leon\/#primaryimage"},"image":{"@id":"https:\/\/www.laorotava.es\/turismo\/14-calle-leon\/#primaryimage"},"thumbnailUrl":"https:\/\/www.laorotava.es\/sites\/default\/files\/styles\/large\/public\/rutas\/14.png?itok=qmygPe1z","datePublished":"2022-08-22T14:15:43+00:00","dateModified":"2022-08-22T14:17:04+00:00","breadcrumb":{"@id":"https:\/\/www.laorotava.es\/turismo\/14-calle-leon\/#breadcrumb"},"inLanguage":"es","potentialAction":[{"@type":"ReadAction","target":["https:\/\/www.laorotava.es\/turismo\/14-calle-leon\/"]}]},{"@type":"ImageObject","inLanguage":"es","@id":"https:\/\/www.laorotava.es\/turismo\/14-calle-leon\/#primaryimage","url":"https:\/\/www.laorotava.es\/sites\/default\/files\/styles\/large\/public\/rutas\/14.png?itok=qmygPe1z","contentUrl":"https:\/\/www.laorotava.es\/sites\/default\/files\/styles\/large\/public\/rutas\/14.png?itok=qmygPe1z"},{"@type":"BreadcrumbList","@id":"https:\/\/www.laorotava.es\/turismo\/14-calle-leon\/#breadcrumb","itemListElement":[{"@type":"ListItem","position":1,"name":"Portada","item":"https:\/\/www.laorotava.es\/turismo\/"},{"@type":"ListItem","position":2,"name":"14. Calle Le\u00f3n"}]},{"@type":"WebSite","@id":"https:\/\/www.laorotava.es\/turismo\/#website","url":"https:\/\/www.laorotava.es\/turismo\/","name":"Web de Turismo del Ayuntamiento de La Orotava","description":"","publisher":{"@id":"https:\/\/www.laorotava.es\/turismo\/#organization"},"potentialAction":[{"@type":"SearchAction","target":{"@type":"EntryPoint","urlTemplate":"https:\/\/www.laorotava.es\/turismo\/?s={search_term_string}"},"query-input":{"@type":"PropertyValueSpecification","valueRequired":true,"valueName":"search_term_string"}}],"inLanguage":"es"},{"@type":"Organization","@id":"https:\/\/www.laorotava.es\/turismo\/#organization","name":"Ayuntamiento de La Orotava","url":"https:\/\/www.laorotava.es\/turismo\/","logo":{"@type":"ImageObject","inLanguage":"es","@id":"https:\/\/www.laorotava.es\/turismo\/#\/schema\/logo\/image\/","url":"https:\/\/www.laorotava.es\/turismo\/wp-content\/uploads\/2022\/08\/logo.png","contentUrl":"https:\/\/www.laorotava.es\/turismo\/wp-content\/uploads\/2022\/08\/logo.png","width":1195,"height":180,"caption":"Ayuntamiento de La Orotava"},"image":{"@id":"https:\/\/www.laorotava.es\/turismo\/#\/schema\/logo\/image\/"},"sameAs":["https:\/\/www.facebook.com\/TurismoLaOrotava\/","https:\/\/x.com\/LaOrotava"]}]}},"_links":{"self":[{"href":"https:\/\/www.laorotava.es\/turismo\/wp-json\/wp\/v2\/pages\/1006615","targetHints":{"allow":["GET"]}}],"collection":[{"href":"https:\/\/www.laorotava.es\/turismo\/wp-json\/wp\/v2\/pages"}],"about":[{"href":"https:\/\/www.laorotava.es\/turismo\/wp-json\/wp\/v2\/types\/page"}],"author":[{"embeddable":true,"href":"https:\/\/www.laorotava.es\/turismo\/wp-json\/wp\/v2\/users\/3"}],"replies":[{"embeddable":true,"href":"https:\/\/www.laorotava.es\/turismo\/wp-json\/wp\/v2\/comments?post=1006615"}],"version-history":[{"count":0,"href":"https:\/\/www.laorotava.es\/turismo\/wp-json\/wp\/v2\/pages\/1006615\/revisions"}],"wp:attachment":[{"href":"https:\/\/www.laorotava.es\/turismo\/wp-json\/wp\/v2\/media?parent=1006615"}],"curies":[{"name":"wp","href":"https:\/\/api.w.org\/{rel}","templated":true}]}}