{"id":1006737,"date":"2022-08-22T14:45:56","date_gmt":"2022-08-22T14:45:56","guid":{"rendered":"https:\/\/www.laorotava.es\/turismo\/?page_id=1006737"},"modified":"2022-08-22T14:48:06","modified_gmt":"2022-08-22T14:48:06","slug":"1-barranco-de-araujo","status":"publish","type":"page","link":"https:\/\/www.laorotava.es\/turismo\/1-barranco-de-araujo\/","title":{"rendered":"1. Barranco de Araujo"},"content":{"rendered":"\t\t<div data-elementor-type=\"wp-page\" data-elementor-id=\"1006737\" class=\"elementor elementor-1006737\">\n\t\t\t\t\t\t<section class=\"elementor-section elementor-top-section elementor-element elementor-element-167d4aa6 elementor-section-stretched elementor-section-boxed elementor-section-height-default elementor-section-height-default wpr-particle-no wpr-jarallax-no wpr-parallax-no wpr-sticky-section-no\" data-id=\"167d4aa6\" data-element_type=\"section\" data-e-type=\"section\" data-settings=\"{&quot;stretch_section&quot;:&quot;section-stretched&quot;}\">\n\t\t\t\t\t\t<div class=\"elementor-container elementor-column-gap-default\">\n\t\t\t\t\t<div class=\"elementor-column elementor-col-100 elementor-top-column elementor-element elementor-element-2f4724d1\" data-id=\"2f4724d1\" data-element_type=\"column\" data-e-type=\"column\">\n\t\t\t<div class=\"elementor-widget-wrap elementor-element-populated\">\n\t\t\t\t\t\t<div class=\"elementor-element elementor-element-7e119b81 elementor-widget elementor-widget-heading\" data-id=\"7e119b81\" data-element_type=\"widget\" data-e-type=\"widget\" data-widget_type=\"heading.default\">\n\t\t\t\t<div class=\"elementor-widget-container\">\n\t\t\t\t\t<h2 class=\"elementor-heading-title elementor-size-small\">1. Barranco de Araujo\n<\/h2>\t\t\t\t<\/div>\n\t\t\t\t<\/div>\n\t\t\t\t<div class=\"elementor-element elementor-element-1d20da2e elementor-widget-divider--view-line elementor-widget elementor-widget-divider\" data-id=\"1d20da2e\" data-element_type=\"widget\" data-e-type=\"widget\" data-widget_type=\"divider.default\">\n\t\t\t\t<div class=\"elementor-widget-container\">\n\t\t\t\t\t\t\t<div class=\"elementor-divider\">\n\t\t\t<span class=\"elementor-divider-separator\">\n\t\t\t\t\t\t<\/span>\n\t\t<\/div>\n\t\t\t\t\t\t<\/div>\n\t\t\t\t<\/div>\n\t\t\t\t<div class=\"elementor-element elementor-element-4959900 elementor-widget elementor-widget-wp-widget-media_audio\" data-id=\"4959900\" data-element_type=\"widget\" data-e-type=\"widget\" data-widget_type=\"wp-widget-media_audio.default\">\n\t\t\t\t<div class=\"elementor-widget-container\">\n\t\t\t\t\t<audio class=\"wp-audio-shortcode\" id=\"audio-1006737-1\" preload=\"none\" style=\"width: 100%;\" controls=\"controls\"><source type=\"audio\/mpeg\" src=\"https:\/\/www.laorotava.es\/turismo\/wp-content\/uploads\/2019\/03\/01_rv_barranco_de_araujo.mp3?_=1\" \/><source type=\"audio\/mpeg\" src=\"https:\/\/www.laorotava.es\/turismo\/wp-content\/uploads\/2019\/03\/01_rv_barranco_de_araujo.mp3?_=1\" \/><a href=\"https:\/\/www.laorotava.es\/turismo\/wp-content\/uploads\/2019\/03\/01_rv_barranco_de_araujo.mp3\">https:\/\/www.laorotava.es\/turismo\/wp-content\/uploads\/2019\/03\/01_rv_barranco_de_araujo.mp3<\/a><\/audio>\t\t\t\t<\/div>\n\t\t\t\t<\/div>\n\t\t\t\t<div class=\"elementor-element elementor-element-545040b1 elementor-widget elementor-widget-text-editor\" data-id=\"545040b1\" data-element_type=\"widget\" data-e-type=\"widget\" data-widget_type=\"text-editor.default\">\n\t\t\t\t<div class=\"elementor-widget-container\">\n\t\t\t\t\t\t\t\t\t<p><span style=\"color: #444444;\"><img decoding=\"async\" class=\"alignleft\" src=\"https:\/\/www.laorotava.es\/sites\/default\/files\/styles\/large\/public\/rutas\/verde-01.png?itok=FjG2INzO\" \/><\/span><\/p><p><span style=\"color: #444444;\">Nos encontramos en el Barranco de Araujo, el principal obst\u00e1culo natural que divid\u00eda el conjunto hist\u00f3rico hasta los a\u00f1os 60.<\/span><\/p><p><span style=\"color: #444444;\">Desde la fundaci\u00f3n de La Orotava, el barranco fue una de sus principales fuentes de riqueza. El agua corr\u00eda por \u00e9l durante todo el a\u00f1o y se aprovechaba para los regad\u00edos de la zona. Con las canalizaciones actuales, es dif\u00edcil imaginar la cantidad de agua que discurr\u00eda por \u00e9l, pero en algunas crecidas supon\u00eda un gran peligro. En una de estas crecidas sucedi\u00f3 una de las tragedias m\u00e1s recordadas. A finales del siglo XIX, en una casa colindante al barranco viv\u00eda una sirvienta cubana que era muy apreciada en el pueblo por ser muy cantarina. Sus melod\u00edas cubanas supon\u00edan una aut\u00e9ntica novedad en La Orotava de aquel entonces. Un buen d\u00eda mientras lavaba la ropa, una crecida de agua la arrastr\u00f3 barranco abajo acabando con su vida. Actualmente, el riesgo de crecidas se ha minimizado con la canalizaci\u00f3n y domiciliaci\u00f3n del agua y solo ante lluvias intensas corre agua abundantemente por su cauce.<\/span><\/p><p><span style=\"color: #444444;\">Continuemos barranco abajo hasta encontrar, a la izquierda, uno de los callejones con m\u00e1s encanto de La Orotava: la calle Ascanio. Atravesemos este callej\u00f3n hasta llegar a la calle Tom\u00e1s Zerolo, una de las arterias principales de La Villa, conocida tambi\u00e9n como Calle del Agua. All\u00ed nos encontraremos con las viviendas se\u00f1oriales que abundan en esta calle. Dirij\u00e1monos un poco m\u00e1s abajo, a la casa Prieto Mendoza en el n\u00famero 22.<\/span><\/p>\t\t\t\t\t\t\t\t<\/div>\n\t\t\t\t<\/div>\n\t\t\t\t<div class=\"elementor-element elementor-element-15755d39 elementor-widget elementor-widget-google_maps\" data-id=\"15755d39\" data-element_type=\"widget\" data-e-type=\"widget\" data-widget_type=\"google_maps.default\">\n\t\t\t\t<div class=\"elementor-widget-container\">\n\t\t\t\t\t\t\t<div class=\"elementor-custom-embed\">\n\t\t\t<iframe loading=\"lazy\"\n\t\t\t\t\tsrc=\"https:\/\/maps.google.com\/maps?q=araujo%20la%20orotava&#038;t=m&#038;z=16&#038;output=embed&#038;iwloc=near\"\n\t\t\t\t\ttitle=\"araujo la orotava\"\n\t\t\t\t\taria-label=\"araujo la orotava\"\n\t\t\t><\/iframe>\n\t\t<\/div>\n\t\t\t\t\t\t<\/div>\n\t\t\t\t<\/div>\n\t\t\t\t\t<\/div>\n\t\t<\/div>\n\t\t\t\t\t<\/div>\n\t\t<\/section>\n\t\t\t\t<\/div>\n\t\t","protected":false},"excerpt":{"rendered":"<p>1. Barranco de Araujo Nos encontramos en el Barranco de Araujo, el principal obst\u00e1culo natural que divid\u00eda el conjunto hist\u00f3rico hasta los a\u00f1os 60. Desde la fundaci\u00f3n de La Orotava, el barranco fue una de sus principales fuentes de riqueza. El agua corr\u00eda por \u00e9l durante todo el a\u00f1o y se aprovechaba para los regad\u00edos de la zona. Con las canalizaciones actuales, es dif\u00edcil imaginar la cantidad de agua que discurr\u00eda por \u00e9l, pero en algunas crecidas supon\u00eda un gran peligro. En una de estas crecidas sucedi\u00f3 una de las tragedias m\u00e1s recordadas. A finales del siglo XIX, en una casa colindante al barranco viv\u00eda una sirvienta cubana que era muy apreciada en el pueblo por ser muy cantarina. Sus melod\u00edas cubanas supon\u00edan una aut\u00e9ntica novedad en La Orotava de aquel entonces. Un buen d\u00eda mientras lavaba la ropa, una crecida de agua la arrastr\u00f3 barranco abajo acabando con su vida. Actualmente, el riesgo de crecidas se ha minimizado con la canalizaci\u00f3n y domiciliaci\u00f3n del agua y solo ante lluvias intensas corre agua abundantemente por su cauce. Continuemos barranco abajo hasta encontrar, a la izquierda, uno de los callejones con m\u00e1s encanto de La Orotava: la calle Ascanio. Atravesemos este callej\u00f3n hasta llegar a la calle Tom\u00e1s Zerolo, una de las arterias principales de La Villa, conocida tambi\u00e9n como Calle del Agua. All\u00ed nos encontraremos con las viviendas se\u00f1oriales que abundan en esta calle. Dirij\u00e1monos un poco m\u00e1s abajo, a la casa Prieto Mendoza en el n\u00famero 22.<\/p>\n","protected":false},"author":3,"featured_media":0,"parent":0,"menu_order":0,"comment_status":"closed","ping_status":"closed","template":"","meta":{"_acf_changed":false,"ocean_post_layout":"","ocean_both_sidebars_style":"","ocean_both_sidebars_content_width":0,"ocean_both_sidebars_sidebars_width":0,"ocean_sidebar":"0","ocean_second_sidebar":"0","ocean_disable_margins":"enable","ocean_add_body_class":"","ocean_shortcode_before_top_bar":"","ocean_shortcode_after_top_bar":"","ocean_shortcode_before_header":"","ocean_shortcode_after_header":"","ocean_has_shortcode":"","ocean_shortcode_after_title":"","ocean_shortcode_before_footer_widgets":"","ocean_shortcode_after_footer_widgets":"","ocean_shortcode_before_footer_bottom":"","ocean_shortcode_after_footer_bottom":"","ocean_display_top_bar":"default","ocean_display_header":"default","ocean_header_style":"","ocean_center_header_left_menu":"0","ocean_custom_header_template":"0","ocean_custom_logo":0,"ocean_custom_retina_logo":0,"ocean_custom_logo_max_width":0,"ocean_custom_logo_tablet_max_width":0,"ocean_custom_logo_mobile_max_width":0,"ocean_custom_logo_max_height":0,"ocean_custom_logo_tablet_max_height":0,"ocean_custom_logo_mobile_max_height":0,"ocean_header_custom_menu":"0","ocean_menu_typo_font_family":"0","ocean_menu_typo_font_subset":"","ocean_menu_typo_font_size":0,"ocean_menu_typo_font_size_tablet":0,"ocean_menu_typo_font_size_mobile":0,"ocean_menu_typo_font_size_unit":"px","ocean_menu_typo_font_weight":"","ocean_menu_typo_font_weight_tablet":"","ocean_menu_typo_font_weight_mobile":"","ocean_menu_typo_transform":"","ocean_menu_typo_transform_tablet":"","ocean_menu_typo_transform_mobile":"","ocean_menu_typo_line_height":0,"ocean_menu_typo_line_height_tablet":0,"ocean_menu_typo_line_height_mobile":0,"ocean_menu_typo_line_height_unit":"","ocean_menu_typo_spacing":0,"ocean_menu_typo_spacing_tablet":0,"ocean_menu_typo_spacing_mobile":0,"ocean_menu_typo_spacing_unit":"","ocean_menu_link_color":"","ocean_menu_link_color_hover":"","ocean_menu_link_color_active":"","ocean_menu_link_background":"","ocean_menu_link_hover_background":"","ocean_menu_link_active_background":"","ocean_menu_social_links_bg":"","ocean_menu_social_hover_links_bg":"","ocean_menu_social_links_color":"","ocean_menu_social_hover_links_color":"","ocean_disable_title":"default","ocean_disable_heading":"on","ocean_post_title":"","ocean_post_subheading":"","ocean_post_title_style":"","ocean_post_title_background_color":"","ocean_post_title_background":0,"ocean_post_title_bg_image_position":"","ocean_post_title_bg_image_attachment":"","ocean_post_title_bg_image_repeat":"","ocean_post_title_bg_image_size":"","ocean_post_title_height":0,"ocean_post_title_bg_overlay":0.5,"ocean_post_title_bg_overlay_color":"","ocean_disable_breadcrumbs":"default","ocean_breadcrumbs_color":"","ocean_breadcrumbs_separator_color":"","ocean_breadcrumbs_links_color":"","ocean_breadcrumbs_links_hover_color":"","ocean_display_footer_widgets":"default","ocean_display_footer_bottom":"default","ocean_custom_footer_template":"0","footnotes":""},"class_list":["post-1006737","page","type-page","status-publish","hentry","entry"],"acf":[],"yoast_head":"<!-- This site is optimized with the Yoast SEO plugin v27.2 - https:\/\/yoast.com\/product\/yoast-seo-wordpress\/ -->\n<title>1. Barranco de Araujo - Web de Turismo del Ayuntamiento de La Orotava<\/title>\n<meta name=\"robots\" content=\"index, follow, max-snippet:-1, max-image-preview:large, max-video-preview:-1\" \/>\n<link rel=\"canonical\" href=\"https:\/\/www.laorotava.es\/turismo\/1-barranco-de-araujo\/\" \/>\n<meta property=\"og:locale\" content=\"es_ES\" \/>\n<meta property=\"og:type\" content=\"article\" \/>\n<meta property=\"og:title\" content=\"1. Barranco de Araujo - Web de Turismo del Ayuntamiento de La Orotava\" \/>\n<meta property=\"og:description\" content=\"1. Barranco de Araujo Nos encontramos en el Barranco de Araujo, el principal obst\u00e1culo natural que divid\u00eda el conjunto hist\u00f3rico hasta los a\u00f1os 60. Desde la fundaci\u00f3n de La Orotava, el barranco fue una de sus principales fuentes de riqueza. El agua corr\u00eda por \u00e9l durante todo el a\u00f1o y se aprovechaba para los regad\u00edos de la zona. Con las canalizaciones actuales, es dif\u00edcil imaginar la cantidad de agua que discurr\u00eda por \u00e9l, pero en algunas crecidas supon\u00eda un gran peligro. En una de estas crecidas sucedi\u00f3 una de las tragedias m\u00e1s recordadas. A finales del siglo XIX, en una casa colindante al barranco viv\u00eda una sirvienta cubana que era muy apreciada en el pueblo por ser muy cantarina. Sus melod\u00edas cubanas supon\u00edan una aut\u00e9ntica novedad en La Orotava de aquel entonces. Un buen d\u00eda mientras lavaba la ropa, una crecida de agua la arrastr\u00f3 barranco abajo acabando con su vida. Actualmente, el riesgo de crecidas se ha minimizado con la canalizaci\u00f3n y domiciliaci\u00f3n del agua y solo ante lluvias intensas corre agua abundantemente por su cauce. Continuemos barranco abajo hasta encontrar, a la izquierda, uno de los callejones con m\u00e1s encanto de La Orotava: la calle Ascanio. Atravesemos este callej\u00f3n hasta llegar a la calle Tom\u00e1s Zerolo, una de las arterias principales de La Villa, conocida tambi\u00e9n como Calle del Agua. All\u00ed nos encontraremos con las viviendas se\u00f1oriales que abundan en esta calle. Dirij\u00e1monos un poco m\u00e1s abajo, a la casa Prieto Mendoza en el n\u00famero 22.\" \/>\n<meta property=\"og:url\" content=\"https:\/\/www.laorotava.es\/turismo\/1-barranco-de-araujo\/\" \/>\n<meta property=\"og:site_name\" content=\"Web de Turismo del Ayuntamiento de La Orotava\" \/>\n<meta property=\"article:publisher\" content=\"https:\/\/www.facebook.com\/TurismoLaOrotava\/\" \/>\n<meta property=\"article:modified_time\" content=\"2022-08-22T14:48:06+00:00\" \/>\n<meta property=\"og:image\" content=\"https:\/\/www.laorotava.es\/sites\/default\/files\/styles\/large\/public\/rutas\/verde-01.png?itok=FjG2INzO\" \/>\n<meta name=\"twitter:card\" content=\"summary_large_image\" \/>\n<meta name=\"twitter:site\" content=\"@LaOrotava\" \/>\n<meta name=\"twitter:label1\" content=\"Tiempo de lectura\" \/>\n\t<meta name=\"twitter:data1\" content=\"1 minuto\" \/>\n<script type=\"application\/ld+json\" class=\"yoast-schema-graph\">{\"@context\":\"https:\/\/schema.org\",\"@graph\":[{\"@type\":\"WebPage\",\"@id\":\"https:\/\/www.laorotava.es\/turismo\/1-barranco-de-araujo\/\",\"url\":\"https:\/\/www.laorotava.es\/turismo\/1-barranco-de-araujo\/\",\"name\":\"1. Barranco de Araujo - Web de Turismo del Ayuntamiento de La Orotava\",\"isPartOf\":{\"@id\":\"https:\/\/www.laorotava.es\/turismo\/#website\"},\"primaryImageOfPage\":{\"@id\":\"https:\/\/www.laorotava.es\/turismo\/1-barranco-de-araujo\/#primaryimage\"},\"image\":{\"@id\":\"https:\/\/www.laorotava.es\/turismo\/1-barranco-de-araujo\/#primaryimage\"},\"thumbnailUrl\":\"https:\/\/www.laorotava.es\/sites\/default\/files\/styles\/large\/public\/rutas\/verde-01.png?itok=FjG2INzO\",\"datePublished\":\"2022-08-22T14:45:56+00:00\",\"dateModified\":\"2022-08-22T14:48:06+00:00\",\"breadcrumb\":{\"@id\":\"https:\/\/www.laorotava.es\/turismo\/1-barranco-de-araujo\/#breadcrumb\"},\"inLanguage\":\"es\",\"potentialAction\":[{\"@type\":\"ReadAction\",\"target\":[\"https:\/\/www.laorotava.es\/turismo\/1-barranco-de-araujo\/\"]}]},{\"@type\":\"ImageObject\",\"inLanguage\":\"es\",\"@id\":\"https:\/\/www.laorotava.es\/turismo\/1-barranco-de-araujo\/#primaryimage\",\"url\":\"https:\/\/www.laorotava.es\/sites\/default\/files\/styles\/large\/public\/rutas\/verde-01.png?itok=FjG2INzO\",\"contentUrl\":\"https:\/\/www.laorotava.es\/sites\/default\/files\/styles\/large\/public\/rutas\/verde-01.png?itok=FjG2INzO\"},{\"@type\":\"BreadcrumbList\",\"@id\":\"https:\/\/www.laorotava.es\/turismo\/1-barranco-de-araujo\/#breadcrumb\",\"itemListElement\":[{\"@type\":\"ListItem\",\"position\":1,\"name\":\"Portada\",\"item\":\"https:\/\/www.laorotava.es\/turismo\/\"},{\"@type\":\"ListItem\",\"position\":2,\"name\":\"1. Barranco de Araujo\"}]},{\"@type\":\"WebSite\",\"@id\":\"https:\/\/www.laorotava.es\/turismo\/#website\",\"url\":\"https:\/\/www.laorotava.es\/turismo\/\",\"name\":\"Web de Turismo del Ayuntamiento de La Orotava\",\"description\":\"\",\"publisher\":{\"@id\":\"https:\/\/www.laorotava.es\/turismo\/#organization\"},\"potentialAction\":[{\"@type\":\"SearchAction\",\"target\":{\"@type\":\"EntryPoint\",\"urlTemplate\":\"https:\/\/www.laorotava.es\/turismo\/?s={search_term_string}\"},\"query-input\":{\"@type\":\"PropertyValueSpecification\",\"valueRequired\":true,\"valueName\":\"search_term_string\"}}],\"inLanguage\":\"es\"},{\"@type\":\"Organization\",\"@id\":\"https:\/\/www.laorotava.es\/turismo\/#organization\",\"name\":\"Ayuntamiento de La Orotava\",\"url\":\"https:\/\/www.laorotava.es\/turismo\/\",\"logo\":{\"@type\":\"ImageObject\",\"inLanguage\":\"es\",\"@id\":\"https:\/\/www.laorotava.es\/turismo\/#\/schema\/logo\/image\/\",\"url\":\"https:\/\/www.laorotava.es\/turismo\/wp-content\/uploads\/2022\/08\/logo.png\",\"contentUrl\":\"https:\/\/www.laorotava.es\/turismo\/wp-content\/uploads\/2022\/08\/logo.png\",\"width\":1195,\"height\":180,\"caption\":\"Ayuntamiento de La Orotava\"},\"image\":{\"@id\":\"https:\/\/www.laorotava.es\/turismo\/#\/schema\/logo\/image\/\"},\"sameAs\":[\"https:\/\/www.facebook.com\/TurismoLaOrotava\/\",\"https:\/\/x.com\/LaOrotava\"]}]}<\/script>\n<!-- \/ Yoast SEO plugin. -->","yoast_head_json":{"title":"1. Barranco de Araujo - Web de Turismo del Ayuntamiento de La Orotava","robots":{"index":"index","follow":"follow","max-snippet":"max-snippet:-1","max-image-preview":"max-image-preview:large","max-video-preview":"max-video-preview:-1"},"canonical":"https:\/\/www.laorotava.es\/turismo\/1-barranco-de-araujo\/","og_locale":"es_ES","og_type":"article","og_title":"1. Barranco de Araujo - Web de Turismo del Ayuntamiento de La Orotava","og_description":"1. Barranco de Araujo Nos encontramos en el Barranco de Araujo, el principal obst\u00e1culo natural que divid\u00eda el conjunto hist\u00f3rico hasta los a\u00f1os 60. Desde la fundaci\u00f3n de La Orotava, el barranco fue una de sus principales fuentes de riqueza. El agua corr\u00eda por \u00e9l durante todo el a\u00f1o y se aprovechaba para los regad\u00edos de la zona. Con las canalizaciones actuales, es dif\u00edcil imaginar la cantidad de agua que discurr\u00eda por \u00e9l, pero en algunas crecidas supon\u00eda un gran peligro. En una de estas crecidas sucedi\u00f3 una de las tragedias m\u00e1s recordadas. A finales del siglo XIX, en una casa colindante al barranco viv\u00eda una sirvienta cubana que era muy apreciada en el pueblo por ser muy cantarina. Sus melod\u00edas cubanas supon\u00edan una aut\u00e9ntica novedad en La Orotava de aquel entonces. Un buen d\u00eda mientras lavaba la ropa, una crecida de agua la arrastr\u00f3 barranco abajo acabando con su vida. Actualmente, el riesgo de crecidas se ha minimizado con la canalizaci\u00f3n y domiciliaci\u00f3n del agua y solo ante lluvias intensas corre agua abundantemente por su cauce. Continuemos barranco abajo hasta encontrar, a la izquierda, uno de los callejones con m\u00e1s encanto de La Orotava: la calle Ascanio. Atravesemos este callej\u00f3n hasta llegar a la calle Tom\u00e1s Zerolo, una de las arterias principales de La Villa, conocida tambi\u00e9n como Calle del Agua. All\u00ed nos encontraremos con las viviendas se\u00f1oriales que abundan en esta calle. Dirij\u00e1monos un poco m\u00e1s abajo, a la casa Prieto Mendoza en el n\u00famero 22.","og_url":"https:\/\/www.laorotava.es\/turismo\/1-barranco-de-araujo\/","og_site_name":"Web de Turismo del Ayuntamiento de La Orotava","article_publisher":"https:\/\/www.facebook.com\/TurismoLaOrotava\/","article_modified_time":"2022-08-22T14:48:06+00:00","og_image":[{"url":"https:\/\/www.laorotava.es\/sites\/default\/files\/styles\/large\/public\/rutas\/verde-01.png?itok=FjG2INzO","type":"","width":"","height":""}],"twitter_card":"summary_large_image","twitter_site":"@LaOrotava","twitter_misc":{"Tiempo de lectura":"1 minuto"},"schema":{"@context":"https:\/\/schema.org","@graph":[{"@type":"WebPage","@id":"https:\/\/www.laorotava.es\/turismo\/1-barranco-de-araujo\/","url":"https:\/\/www.laorotava.es\/turismo\/1-barranco-de-araujo\/","name":"1. Barranco de Araujo - Web de Turismo del Ayuntamiento de La Orotava","isPartOf":{"@id":"https:\/\/www.laorotava.es\/turismo\/#website"},"primaryImageOfPage":{"@id":"https:\/\/www.laorotava.es\/turismo\/1-barranco-de-araujo\/#primaryimage"},"image":{"@id":"https:\/\/www.laorotava.es\/turismo\/1-barranco-de-araujo\/#primaryimage"},"thumbnailUrl":"https:\/\/www.laorotava.es\/sites\/default\/files\/styles\/large\/public\/rutas\/verde-01.png?itok=FjG2INzO","datePublished":"2022-08-22T14:45:56+00:00","dateModified":"2022-08-22T14:48:06+00:00","breadcrumb":{"@id":"https:\/\/www.laorotava.es\/turismo\/1-barranco-de-araujo\/#breadcrumb"},"inLanguage":"es","potentialAction":[{"@type":"ReadAction","target":["https:\/\/www.laorotava.es\/turismo\/1-barranco-de-araujo\/"]}]},{"@type":"ImageObject","inLanguage":"es","@id":"https:\/\/www.laorotava.es\/turismo\/1-barranco-de-araujo\/#primaryimage","url":"https:\/\/www.laorotava.es\/sites\/default\/files\/styles\/large\/public\/rutas\/verde-01.png?itok=FjG2INzO","contentUrl":"https:\/\/www.laorotava.es\/sites\/default\/files\/styles\/large\/public\/rutas\/verde-01.png?itok=FjG2INzO"},{"@type":"BreadcrumbList","@id":"https:\/\/www.laorotava.es\/turismo\/1-barranco-de-araujo\/#breadcrumb","itemListElement":[{"@type":"ListItem","position":1,"name":"Portada","item":"https:\/\/www.laorotava.es\/turismo\/"},{"@type":"ListItem","position":2,"name":"1. Barranco de Araujo"}]},{"@type":"WebSite","@id":"https:\/\/www.laorotava.es\/turismo\/#website","url":"https:\/\/www.laorotava.es\/turismo\/","name":"Web de Turismo del Ayuntamiento de La Orotava","description":"","publisher":{"@id":"https:\/\/www.laorotava.es\/turismo\/#organization"},"potentialAction":[{"@type":"SearchAction","target":{"@type":"EntryPoint","urlTemplate":"https:\/\/www.laorotava.es\/turismo\/?s={search_term_string}"},"query-input":{"@type":"PropertyValueSpecification","valueRequired":true,"valueName":"search_term_string"}}],"inLanguage":"es"},{"@type":"Organization","@id":"https:\/\/www.laorotava.es\/turismo\/#organization","name":"Ayuntamiento de La Orotava","url":"https:\/\/www.laorotava.es\/turismo\/","logo":{"@type":"ImageObject","inLanguage":"es","@id":"https:\/\/www.laorotava.es\/turismo\/#\/schema\/logo\/image\/","url":"https:\/\/www.laorotava.es\/turismo\/wp-content\/uploads\/2022\/08\/logo.png","contentUrl":"https:\/\/www.laorotava.es\/turismo\/wp-content\/uploads\/2022\/08\/logo.png","width":1195,"height":180,"caption":"Ayuntamiento de La Orotava"},"image":{"@id":"https:\/\/www.laorotava.es\/turismo\/#\/schema\/logo\/image\/"},"sameAs":["https:\/\/www.facebook.com\/TurismoLaOrotava\/","https:\/\/x.com\/LaOrotava"]}]}},"_links":{"self":[{"href":"https:\/\/www.laorotava.es\/turismo\/wp-json\/wp\/v2\/pages\/1006737","targetHints":{"allow":["GET"]}}],"collection":[{"href":"https:\/\/www.laorotava.es\/turismo\/wp-json\/wp\/v2\/pages"}],"about":[{"href":"https:\/\/www.laorotava.es\/turismo\/wp-json\/wp\/v2\/types\/page"}],"author":[{"embeddable":true,"href":"https:\/\/www.laorotava.es\/turismo\/wp-json\/wp\/v2\/users\/3"}],"replies":[{"embeddable":true,"href":"https:\/\/www.laorotava.es\/turismo\/wp-json\/wp\/v2\/comments?post=1006737"}],"version-history":[{"count":0,"href":"https:\/\/www.laorotava.es\/turismo\/wp-json\/wp\/v2\/pages\/1006737\/revisions"}],"wp:attachment":[{"href":"https:\/\/www.laorotava.es\/turismo\/wp-json\/wp\/v2\/media?parent=1006737"}],"curies":[{"name":"wp","href":"https:\/\/api.w.org\/{rel}","templated":true}]}}