{"id":1008117,"date":"2022-08-29T20:29:08","date_gmt":"2022-08-29T20:29:08","guid":{"rendered":"https:\/\/www.laorotava.es\/turismo\/?page_id=1008117"},"modified":"2022-08-29T20:32:48","modified_gmt":"2022-08-29T20:32:48","slug":"7-el-refugio-de-altavista","status":"publish","type":"page","link":"https:\/\/www.laorotava.es\/turismo\/7-el-refugio-de-altavista\/","title":{"rendered":"7. EL REFUGIO DE ALTAVISTA"},"content":{"rendered":"\t\t<div data-elementor-type=\"wp-page\" data-elementor-id=\"1008117\" class=\"elementor elementor-1008117\">\n\t\t\t\t\t\t<section class=\"elementor-section elementor-top-section elementor-element elementor-element-cb33837 elementor-section-stretched elementor-section-boxed elementor-section-height-default elementor-section-height-default wpr-particle-no wpr-jarallax-no wpr-parallax-no wpr-sticky-section-no\" data-id=\"cb33837\" data-element_type=\"section\" data-e-type=\"section\" data-settings=\"{&quot;stretch_section&quot;:&quot;section-stretched&quot;}\">\n\t\t\t\t\t\t<div class=\"elementor-container elementor-column-gap-default\">\n\t\t\t\t\t<div class=\"elementor-column elementor-col-100 elementor-top-column elementor-element elementor-element-68360dc2\" data-id=\"68360dc2\" data-element_type=\"column\" data-e-type=\"column\">\n\t\t\t<div class=\"elementor-widget-wrap elementor-element-populated\">\n\t\t\t\t\t\t<div class=\"elementor-element elementor-element-3ac75a9e elementor-widget elementor-widget-heading\" data-id=\"3ac75a9e\" data-element_type=\"widget\" data-e-type=\"widget\" data-widget_type=\"heading.default\">\n\t\t\t\t<div class=\"elementor-widget-container\">\n\t\t\t\t\t<h2 class=\"elementor-heading-title elementor-size-small\">7.EL REFUGIO DE ALTAVISTA\n<\/h2>\t\t\t\t<\/div>\n\t\t\t\t<\/div>\n\t\t\t\t<div class=\"elementor-element elementor-element-3e855971 elementor-widget-divider--view-line elementor-widget elementor-widget-divider\" data-id=\"3e855971\" data-element_type=\"widget\" data-e-type=\"widget\" data-widget_type=\"divider.default\">\n\t\t\t\t<div class=\"elementor-widget-container\">\n\t\t\t\t\t\t\t<div class=\"elementor-divider\">\n\t\t\t<span class=\"elementor-divider-separator\">\n\t\t\t\t\t\t<\/span>\n\t\t<\/div>\n\t\t\t\t\t\t<\/div>\n\t\t\t\t<\/div>\n\t\t\t\t<section class=\"elementor-section elementor-inner-section elementor-element elementor-element-1d3c7d27 elementor-section-boxed elementor-section-height-default elementor-section-height-default wpr-particle-no wpr-jarallax-no wpr-parallax-no wpr-sticky-section-no\" data-id=\"1d3c7d27\" data-element_type=\"section\" data-e-type=\"section\">\n\t\t\t\t\t\t<div class=\"elementor-container elementor-column-gap-default\">\n\t\t\t\t\t<div class=\"elementor-column elementor-col-50 elementor-inner-column elementor-element elementor-element-439568ab\" data-id=\"439568ab\" data-element_type=\"column\" data-e-type=\"column\">\n\t\t\t<div class=\"elementor-widget-wrap elementor-element-populated\">\n\t\t\t\t\t\t<div class=\"elementor-element elementor-element-2ee5aab elementor-widget elementor-widget-image\" data-id=\"2ee5aab\" data-element_type=\"widget\" data-e-type=\"widget\" data-widget_type=\"image.default\">\n\t\t\t\t<div class=\"elementor-widget-container\">\n\t\t\t\t\t\t\t\t\t\t\t\t\t\t\t<img fetchpriority=\"high\" decoding=\"async\" width=\"432\" height=\"260\" src=\"https:\/\/www.laorotava.es\/turismo\/wp-content\/uploads\/2022\/08\/captura_de_pantalla_2017-06-21_a_las_15.48.00.png\" class=\"attachment-large size-large wp-image-1008121\" alt=\"\" srcset=\"https:\/\/www.laorotava.es\/turismo\/wp-content\/uploads\/2022\/08\/captura_de_pantalla_2017-06-21_a_las_15.48.00.png 432w, https:\/\/www.laorotava.es\/turismo\/wp-content\/uploads\/2022\/08\/captura_de_pantalla_2017-06-21_a_las_15.48.00-300x181.png 300w, https:\/\/www.laorotava.es\/turismo\/wp-content\/uploads\/2022\/08\/captura_de_pantalla_2017-06-21_a_las_15.48.00-350x211.png 350w\" sizes=\"(max-width: 432px) 100vw, 432px\" \/>\t\t\t\t\t\t\t\t\t\t\t\t\t\t\t<\/div>\n\t\t\t\t<\/div>\n\t\t\t\t\t<\/div>\n\t\t<\/div>\n\t\t\t\t<div class=\"elementor-column elementor-col-50 elementor-inner-column elementor-element elementor-element-1ff511e7\" data-id=\"1ff511e7\" data-element_type=\"column\" data-e-type=\"column\">\n\t\t\t<div class=\"elementor-widget-wrap elementor-element-populated\">\n\t\t\t\t\t\t<div class=\"elementor-element elementor-element-16ee69c3 elementor-icon-list--layout-traditional elementor-list-item-link-full_width elementor-widget elementor-widget-icon-list\" data-id=\"16ee69c3\" data-element_type=\"widget\" data-e-type=\"widget\" data-widget_type=\"icon-list.default\">\n\t\t\t\t<div class=\"elementor-widget-container\">\n\t\t\t\t\t\t\t<ul class=\"elementor-icon-list-items\">\n\t\t\t\t\t\t\t<li class=\"elementor-icon-list-item\">\n\t\t\t\t\t\t\t\t\t\t\t<span class=\"elementor-icon-list-icon\">\n\t\t\t\t\t\t\t<i aria-hidden=\"true\" class=\"fas fa-mobile-alt\"><\/i>\t\t\t\t\t\t<\/span>\n\t\t\t\t\t\t\t\t\t\t<span class=\"elementor-icon-list-text\">922010440<\/span>\n\t\t\t\t\t\t\t\t\t<\/li>\n\t\t\t\t\t\t\t\t<li class=\"elementor-icon-list-item\">\n\t\t\t\t\t\t\t\t\t\t\t<a href=\"https:\/\/www.volcanoteide.com\/es\/refugio_de_altavista\">\n\n\t\t\t\t\t\t\t\t\t\t\t\t<span class=\"elementor-icon-list-icon\">\n\t\t\t\t\t\t\t<i aria-hidden=\"true\" class=\"fas fa-tv\"><\/i>\t\t\t\t\t\t<\/span>\n\t\t\t\t\t\t\t\t\t\t<span class=\"elementor-icon-list-text\">https:\/\/www.volcanoteide.com\/es\/refugio_de_altavista<\/span>\n\t\t\t\t\t\t\t\t\t\t\t<\/a>\n\t\t\t\t\t\t\t\t\t<\/li>\n\t\t\t\t\t\t<\/ul>\n\t\t\t\t\t\t<\/div>\n\t\t\t\t<\/div>\n\t\t\t\t<div class=\"elementor-element elementor-element-49e6bb65 elementor-widget elementor-widget-text-editor\" data-id=\"49e6bb65\" data-element_type=\"widget\" data-e-type=\"widget\" data-widget_type=\"text-editor.default\">\n\t\t\t\t<div class=\"elementor-widget-container\">\n\t\t\t\t\t\t\t\t\t<p><span style=\"color: #444444;\">El Refugio de Altavista, ubicado a 3.260 metros de altitud, se encuentra en el punto perfecto para disfrutar del mejor amanecer de Tenerife, con la majestuosa sombra del volc\u00e1n proyect\u00e1ndose sobre el oc\u00e9ano Atl\u00e1ntico.<\/span><\/p><p><span style=\"color: #444444;\">El establecimiento dispone de tres dormitorios con capacidad total para 54 monta\u00f1eros, adem\u00e1s de aseos sin ducha, cocina, almac\u00e9n y enfermer\u00eda. La estancia queda limitada a una noche previa reserva online. La pernoctaci\u00f3n comprende c\u00e1lida ropa de cama, por lo que los usuarios no deber\u00e1n llevar saco de dormir.<\/span><\/p><p><span style=\"color: #444444;\">La estancia en el Refugio de Altavista incluye la opci\u00f3n de recorrer el sendero Telesforo Bravo hasta el cr\u00e1ter para ver amanecer desde la cumbre del volc\u00e1n m\u00e1s alto de Espa\u00f1a. Los monta\u00f1eros generalmente abandonan la instalaci\u00f3n de madrugada para llegar al pico justo al amanecer y luego salir del sendero antes de las nueve de la ma\u00f1ana. A partir de esa hora es necesario contar con un permiso especial gratuito que concede el Parque Nacional del Teide a trav\u00e9s de su web de reservas.<\/span><\/p><p><span style=\"color: #444444;\">El tiempo estimado para llegar al Refugio de Altavista por el sendero de Monta\u00f1a Blanca es de cuatro horas, y para llegar del Refugio al pico del Teide, de unas dos horas m\u00e1s.<\/span><\/p><p>\u00a0<\/p><p><span style=\"color: #444444;\">Direcci\u00f3n: Parque Nacional del Teide. La Orotava.<\/span><\/p>\t\t\t\t\t\t\t\t<\/div>\n\t\t\t\t<\/div>\n\t\t\t\t\t<\/div>\n\t\t<\/div>\n\t\t\t\t\t<\/div>\n\t\t<\/section>\n\t\t\t\t<div class=\"elementor-element elementor-element-2b1b72a1 elementor-widget elementor-widget-google_maps\" data-id=\"2b1b72a1\" data-element_type=\"widget\" data-e-type=\"widget\" data-widget_type=\"google_maps.default\">\n\t\t\t\t<div class=\"elementor-widget-container\">\n\t\t\t\t\t\t\t<div class=\"elementor-custom-embed\">\n\t\t\t<iframe loading=\"lazy\"\n\t\t\t\t\tsrc=\"https:\/\/maps.google.com\/maps?q=Parque%20nacional%20del%20teide&#038;t=m&#038;z=16&#038;output=embed&#038;iwloc=near\"\n\t\t\t\t\ttitle=\"Parque nacional del teide\"\n\t\t\t\t\taria-label=\"Parque nacional del teide\"\n\t\t\t><\/iframe>\n\t\t<\/div>\n\t\t\t\t\t\t<\/div>\n\t\t\t\t<\/div>\n\t\t\t\t\t<\/div>\n\t\t<\/div>\n\t\t\t\t\t<\/div>\n\t\t<\/section>\n\t\t\t\t<\/div>\n\t\t","protected":false},"excerpt":{"rendered":"<p>7.EL REFUGIO DE ALTAVISTA 922010440 https:\/\/www.volcanoteide.com\/es\/refugio_de_altavista El Refugio de Altavista, ubicado a 3.260 metros de altitud, se encuentra en el punto perfecto para disfrutar del mejor amanecer de Tenerife, con la majestuosa sombra del volc\u00e1n proyect\u00e1ndose sobre el oc\u00e9ano Atl\u00e1ntico. El establecimiento dispone de tres dormitorios con capacidad total para 54 monta\u00f1eros, adem\u00e1s de aseos sin ducha, cocina, almac\u00e9n y enfermer\u00eda. La estancia queda limitada a una noche previa reserva online. La pernoctaci\u00f3n comprende c\u00e1lida ropa de cama, por lo que los usuarios no deber\u00e1n llevar saco de dormir. La estancia en el Refugio de Altavista incluye la opci\u00f3n de recorrer el sendero Telesforo Bravo hasta el cr\u00e1ter para ver amanecer desde la cumbre del volc\u00e1n m\u00e1s alto de Espa\u00f1a. Los monta\u00f1eros generalmente abandonan la instalaci\u00f3n de madrugada para llegar al pico justo al amanecer y luego salir del sendero antes de las nueve de la ma\u00f1ana. A partir de esa hora es necesario contar con un permiso especial gratuito que concede el Parque Nacional del Teide a trav\u00e9s de su web de reservas. El tiempo estimado para llegar al Refugio de Altavista por el sendero de Monta\u00f1a Blanca es de cuatro horas, y para llegar del Refugio al pico del Teide, de unas dos horas m\u00e1s. Direcci\u00f3n: Parque Nacional del Teide. La Orotava.<\/p>\n","protected":false},"author":3,"featured_media":0,"parent":0,"menu_order":0,"comment_status":"closed","ping_status":"closed","template":"","meta":{"_acf_changed":false,"ocean_post_layout":"","ocean_both_sidebars_style":"","ocean_both_sidebars_content_width":0,"ocean_both_sidebars_sidebars_width":0,"ocean_sidebar":"0","ocean_second_sidebar":"0","ocean_disable_margins":"enable","ocean_add_body_class":"","ocean_shortcode_before_top_bar":"","ocean_shortcode_after_top_bar":"","ocean_shortcode_before_header":"","ocean_shortcode_after_header":"","ocean_has_shortcode":"","ocean_shortcode_after_title":"","ocean_shortcode_before_footer_widgets":"","ocean_shortcode_after_footer_widgets":"","ocean_shortcode_before_footer_bottom":"","ocean_shortcode_after_footer_bottom":"","ocean_display_top_bar":"default","ocean_display_header":"default","ocean_header_style":"","ocean_center_header_left_menu":"0","ocean_custom_header_template":"0","ocean_custom_logo":0,"ocean_custom_retina_logo":0,"ocean_custom_logo_max_width":0,"ocean_custom_logo_tablet_max_width":0,"ocean_custom_logo_mobile_max_width":0,"ocean_custom_logo_max_height":0,"ocean_custom_logo_tablet_max_height":0,"ocean_custom_logo_mobile_max_height":0,"ocean_header_custom_menu":"0","ocean_menu_typo_font_family":"0","ocean_menu_typo_font_subset":"","ocean_menu_typo_font_size":0,"ocean_menu_typo_font_size_tablet":0,"ocean_menu_typo_font_size_mobile":0,"ocean_menu_typo_font_size_unit":"px","ocean_menu_typo_font_weight":"","ocean_menu_typo_font_weight_tablet":"","ocean_menu_typo_font_weight_mobile":"","ocean_menu_typo_transform":"","ocean_menu_typo_transform_tablet":"","ocean_menu_typo_transform_mobile":"","ocean_menu_typo_line_height":0,"ocean_menu_typo_line_height_tablet":0,"ocean_menu_typo_line_height_mobile":0,"ocean_menu_typo_line_height_unit":"","ocean_menu_typo_spacing":0,"ocean_menu_typo_spacing_tablet":0,"ocean_menu_typo_spacing_mobile":0,"ocean_menu_typo_spacing_unit":"","ocean_menu_link_color":"","ocean_menu_link_color_hover":"","ocean_menu_link_color_active":"","ocean_menu_link_background":"","ocean_menu_link_hover_background":"","ocean_menu_link_active_background":"","ocean_menu_social_links_bg":"","ocean_menu_social_hover_links_bg":"","ocean_menu_social_links_color":"","ocean_menu_social_hover_links_color":"","ocean_disable_title":"default","ocean_disable_heading":"on","ocean_post_title":"","ocean_post_subheading":"","ocean_post_title_style":"","ocean_post_title_background_color":"","ocean_post_title_background":0,"ocean_post_title_bg_image_position":"","ocean_post_title_bg_image_attachment":"","ocean_post_title_bg_image_repeat":"","ocean_post_title_bg_image_size":"","ocean_post_title_height":0,"ocean_post_title_bg_overlay":0.5,"ocean_post_title_bg_overlay_color":"","ocean_disable_breadcrumbs":"default","ocean_breadcrumbs_color":"","ocean_breadcrumbs_separator_color":"","ocean_breadcrumbs_links_color":"","ocean_breadcrumbs_links_hover_color":"","ocean_display_footer_widgets":"default","ocean_display_footer_bottom":"default","ocean_custom_footer_template":"0","footnotes":""},"class_list":["post-1008117","page","type-page","status-publish","hentry","entry"],"acf":[],"yoast_head":"<!-- This site is optimized with the Yoast SEO plugin v27.2 - https:\/\/yoast.com\/product\/yoast-seo-wordpress\/ -->\n<title>7. EL REFUGIO DE ALTAVISTA - Web de Turismo del Ayuntamiento de La Orotava<\/title>\n<meta name=\"robots\" content=\"index, follow, max-snippet:-1, max-image-preview:large, max-video-preview:-1\" \/>\n<link rel=\"canonical\" href=\"https:\/\/www.laorotava.es\/turismo\/7-el-refugio-de-altavista\/\" \/>\n<meta property=\"og:locale\" content=\"es_ES\" \/>\n<meta property=\"og:type\" content=\"article\" \/>\n<meta property=\"og:title\" content=\"7. EL REFUGIO DE ALTAVISTA - Web de Turismo del Ayuntamiento de La Orotava\" \/>\n<meta property=\"og:description\" content=\"7.EL REFUGIO DE ALTAVISTA 922010440 https:\/\/www.volcanoteide.com\/es\/refugio_de_altavista El Refugio de Altavista, ubicado a 3.260 metros de altitud, se encuentra en el punto perfecto para disfrutar del mejor amanecer de Tenerife, con la majestuosa sombra del volc\u00e1n proyect\u00e1ndose sobre el oc\u00e9ano Atl\u00e1ntico. El establecimiento dispone de tres dormitorios con capacidad total para 54 monta\u00f1eros, adem\u00e1s de aseos sin ducha, cocina, almac\u00e9n y enfermer\u00eda. La estancia queda limitada a una noche previa reserva online. La pernoctaci\u00f3n comprende c\u00e1lida ropa de cama, por lo que los usuarios no deber\u00e1n llevar saco de dormir. La estancia en el Refugio de Altavista incluye la opci\u00f3n de recorrer el sendero Telesforo Bravo hasta el cr\u00e1ter para ver amanecer desde la cumbre del volc\u00e1n m\u00e1s alto de Espa\u00f1a. Los monta\u00f1eros generalmente abandonan la instalaci\u00f3n de madrugada para llegar al pico justo al amanecer y luego salir del sendero antes de las nueve de la ma\u00f1ana. A partir de esa hora es necesario contar con un permiso especial gratuito que concede el Parque Nacional del Teide a trav\u00e9s de su web de reservas. El tiempo estimado para llegar al Refugio de Altavista por el sendero de Monta\u00f1a Blanca es de cuatro horas, y para llegar del Refugio al pico del Teide, de unas dos horas m\u00e1s. Direcci\u00f3n: Parque Nacional del Teide. La Orotava.\" \/>\n<meta property=\"og:url\" content=\"https:\/\/www.laorotava.es\/turismo\/7-el-refugio-de-altavista\/\" \/>\n<meta property=\"og:site_name\" content=\"Web de Turismo del Ayuntamiento de La Orotava\" \/>\n<meta property=\"article:publisher\" content=\"https:\/\/www.facebook.com\/TurismoLaOrotava\/\" \/>\n<meta property=\"article:modified_time\" content=\"2022-08-29T20:32:48+00:00\" \/>\n<meta property=\"og:image\" content=\"https:\/\/www-pre.laorotava.es\/turismo\/wp-content\/uploads\/2022\/08\/captura_de_pantalla_2017-06-21_a_las_15.48.00.png\" \/>\n<meta name=\"twitter:card\" content=\"summary_large_image\" \/>\n<meta name=\"twitter:site\" content=\"@LaOrotava\" \/>\n<meta name=\"twitter:label1\" content=\"Tiempo de lectura\" \/>\n\t<meta name=\"twitter:data1\" content=\"1 minuto\" \/>\n<script type=\"application\/ld+json\" class=\"yoast-schema-graph\">{\"@context\":\"https:\/\/schema.org\",\"@graph\":[{\"@type\":\"WebPage\",\"@id\":\"https:\/\/www.laorotava.es\/turismo\/7-el-refugio-de-altavista\/\",\"url\":\"https:\/\/www.laorotava.es\/turismo\/7-el-refugio-de-altavista\/\",\"name\":\"7. EL REFUGIO DE ALTAVISTA - Web de Turismo del Ayuntamiento de La Orotava\",\"isPartOf\":{\"@id\":\"https:\/\/www.laorotava.es\/turismo\/#website\"},\"primaryImageOfPage\":{\"@id\":\"https:\/\/www.laorotava.es\/turismo\/7-el-refugio-de-altavista\/#primaryimage\"},\"image\":{\"@id\":\"https:\/\/www.laorotava.es\/turismo\/7-el-refugio-de-altavista\/#primaryimage\"},\"thumbnailUrl\":\"https:\/\/www.laorotava.es\/turismo\/wp-content\/uploads\/2022\/08\/captura_de_pantalla_2017-06-21_a_las_15.48.00.png\",\"datePublished\":\"2022-08-29T20:29:08+00:00\",\"dateModified\":\"2022-08-29T20:32:48+00:00\",\"breadcrumb\":{\"@id\":\"https:\/\/www.laorotava.es\/turismo\/7-el-refugio-de-altavista\/#breadcrumb\"},\"inLanguage\":\"es\",\"potentialAction\":[{\"@type\":\"ReadAction\",\"target\":[\"https:\/\/www.laorotava.es\/turismo\/7-el-refugio-de-altavista\/\"]}]},{\"@type\":\"ImageObject\",\"inLanguage\":\"es\",\"@id\":\"https:\/\/www.laorotava.es\/turismo\/7-el-refugio-de-altavista\/#primaryimage\",\"url\":\"https:\/\/www.laorotava.es\/turismo\/wp-content\/uploads\/2022\/08\/captura_de_pantalla_2017-06-21_a_las_15.48.00.png\",\"contentUrl\":\"https:\/\/www.laorotava.es\/turismo\/wp-content\/uploads\/2022\/08\/captura_de_pantalla_2017-06-21_a_las_15.48.00.png\",\"width\":432,\"height\":260},{\"@type\":\"BreadcrumbList\",\"@id\":\"https:\/\/www.laorotava.es\/turismo\/7-el-refugio-de-altavista\/#breadcrumb\",\"itemListElement\":[{\"@type\":\"ListItem\",\"position\":1,\"name\":\"Portada\",\"item\":\"https:\/\/www.laorotava.es\/turismo\/\"},{\"@type\":\"ListItem\",\"position\":2,\"name\":\"7. EL REFUGIO DE ALTAVISTA\"}]},{\"@type\":\"WebSite\",\"@id\":\"https:\/\/www.laorotava.es\/turismo\/#website\",\"url\":\"https:\/\/www.laorotava.es\/turismo\/\",\"name\":\"Web de Turismo del Ayuntamiento de La Orotava\",\"description\":\"\",\"publisher\":{\"@id\":\"https:\/\/www.laorotava.es\/turismo\/#organization\"},\"potentialAction\":[{\"@type\":\"SearchAction\",\"target\":{\"@type\":\"EntryPoint\",\"urlTemplate\":\"https:\/\/www.laorotava.es\/turismo\/?s={search_term_string}\"},\"query-input\":{\"@type\":\"PropertyValueSpecification\",\"valueRequired\":true,\"valueName\":\"search_term_string\"}}],\"inLanguage\":\"es\"},{\"@type\":\"Organization\",\"@id\":\"https:\/\/www.laorotava.es\/turismo\/#organization\",\"name\":\"Ayuntamiento de La Orotava\",\"url\":\"https:\/\/www.laorotava.es\/turismo\/\",\"logo\":{\"@type\":\"ImageObject\",\"inLanguage\":\"es\",\"@id\":\"https:\/\/www.laorotava.es\/turismo\/#\/schema\/logo\/image\/\",\"url\":\"https:\/\/www.laorotava.es\/turismo\/wp-content\/uploads\/2022\/08\/logo.png\",\"contentUrl\":\"https:\/\/www.laorotava.es\/turismo\/wp-content\/uploads\/2022\/08\/logo.png\",\"width\":1195,\"height\":180,\"caption\":\"Ayuntamiento de La Orotava\"},\"image\":{\"@id\":\"https:\/\/www.laorotava.es\/turismo\/#\/schema\/logo\/image\/\"},\"sameAs\":[\"https:\/\/www.facebook.com\/TurismoLaOrotava\/\",\"https:\/\/x.com\/LaOrotava\"]}]}<\/script>\n<!-- \/ Yoast SEO plugin. -->","yoast_head_json":{"title":"7. EL REFUGIO DE ALTAVISTA - Web de Turismo del Ayuntamiento de La Orotava","robots":{"index":"index","follow":"follow","max-snippet":"max-snippet:-1","max-image-preview":"max-image-preview:large","max-video-preview":"max-video-preview:-1"},"canonical":"https:\/\/www.laorotava.es\/turismo\/7-el-refugio-de-altavista\/","og_locale":"es_ES","og_type":"article","og_title":"7. EL REFUGIO DE ALTAVISTA - Web de Turismo del Ayuntamiento de La Orotava","og_description":"7.EL REFUGIO DE ALTAVISTA 922010440 https:\/\/www.volcanoteide.com\/es\/refugio_de_altavista El Refugio de Altavista, ubicado a 3.260 metros de altitud, se encuentra en el punto perfecto para disfrutar del mejor amanecer de Tenerife, con la majestuosa sombra del volc\u00e1n proyect\u00e1ndose sobre el oc\u00e9ano Atl\u00e1ntico. El establecimiento dispone de tres dormitorios con capacidad total para 54 monta\u00f1eros, adem\u00e1s de aseos sin ducha, cocina, almac\u00e9n y enfermer\u00eda. La estancia queda limitada a una noche previa reserva online. La pernoctaci\u00f3n comprende c\u00e1lida ropa de cama, por lo que los usuarios no deber\u00e1n llevar saco de dormir. La estancia en el Refugio de Altavista incluye la opci\u00f3n de recorrer el sendero Telesforo Bravo hasta el cr\u00e1ter para ver amanecer desde la cumbre del volc\u00e1n m\u00e1s alto de Espa\u00f1a. Los monta\u00f1eros generalmente abandonan la instalaci\u00f3n de madrugada para llegar al pico justo al amanecer y luego salir del sendero antes de las nueve de la ma\u00f1ana. A partir de esa hora es necesario contar con un permiso especial gratuito que concede el Parque Nacional del Teide a trav\u00e9s de su web de reservas. El tiempo estimado para llegar al Refugio de Altavista por el sendero de Monta\u00f1a Blanca es de cuatro horas, y para llegar del Refugio al pico del Teide, de unas dos horas m\u00e1s. Direcci\u00f3n: Parque Nacional del Teide. La Orotava.","og_url":"https:\/\/www.laorotava.es\/turismo\/7-el-refugio-de-altavista\/","og_site_name":"Web de Turismo del Ayuntamiento de La Orotava","article_publisher":"https:\/\/www.facebook.com\/TurismoLaOrotava\/","article_modified_time":"2022-08-29T20:32:48+00:00","og_image":[{"url":"https:\/\/www-pre.laorotava.es\/turismo\/wp-content\/uploads\/2022\/08\/captura_de_pantalla_2017-06-21_a_las_15.48.00.png","type":"","width":"","height":""}],"twitter_card":"summary_large_image","twitter_site":"@LaOrotava","twitter_misc":{"Tiempo de lectura":"1 minuto"},"schema":{"@context":"https:\/\/schema.org","@graph":[{"@type":"WebPage","@id":"https:\/\/www.laorotava.es\/turismo\/7-el-refugio-de-altavista\/","url":"https:\/\/www.laorotava.es\/turismo\/7-el-refugio-de-altavista\/","name":"7. EL REFUGIO DE ALTAVISTA - Web de Turismo del Ayuntamiento de La Orotava","isPartOf":{"@id":"https:\/\/www.laorotava.es\/turismo\/#website"},"primaryImageOfPage":{"@id":"https:\/\/www.laorotava.es\/turismo\/7-el-refugio-de-altavista\/#primaryimage"},"image":{"@id":"https:\/\/www.laorotava.es\/turismo\/7-el-refugio-de-altavista\/#primaryimage"},"thumbnailUrl":"https:\/\/www.laorotava.es\/turismo\/wp-content\/uploads\/2022\/08\/captura_de_pantalla_2017-06-21_a_las_15.48.00.png","datePublished":"2022-08-29T20:29:08+00:00","dateModified":"2022-08-29T20:32:48+00:00","breadcrumb":{"@id":"https:\/\/www.laorotava.es\/turismo\/7-el-refugio-de-altavista\/#breadcrumb"},"inLanguage":"es","potentialAction":[{"@type":"ReadAction","target":["https:\/\/www.laorotava.es\/turismo\/7-el-refugio-de-altavista\/"]}]},{"@type":"ImageObject","inLanguage":"es","@id":"https:\/\/www.laorotava.es\/turismo\/7-el-refugio-de-altavista\/#primaryimage","url":"https:\/\/www.laorotava.es\/turismo\/wp-content\/uploads\/2022\/08\/captura_de_pantalla_2017-06-21_a_las_15.48.00.png","contentUrl":"https:\/\/www.laorotava.es\/turismo\/wp-content\/uploads\/2022\/08\/captura_de_pantalla_2017-06-21_a_las_15.48.00.png","width":432,"height":260},{"@type":"BreadcrumbList","@id":"https:\/\/www.laorotava.es\/turismo\/7-el-refugio-de-altavista\/#breadcrumb","itemListElement":[{"@type":"ListItem","position":1,"name":"Portada","item":"https:\/\/www.laorotava.es\/turismo\/"},{"@type":"ListItem","position":2,"name":"7. EL REFUGIO DE ALTAVISTA"}]},{"@type":"WebSite","@id":"https:\/\/www.laorotava.es\/turismo\/#website","url":"https:\/\/www.laorotava.es\/turismo\/","name":"Web de Turismo del Ayuntamiento de La Orotava","description":"","publisher":{"@id":"https:\/\/www.laorotava.es\/turismo\/#organization"},"potentialAction":[{"@type":"SearchAction","target":{"@type":"EntryPoint","urlTemplate":"https:\/\/www.laorotava.es\/turismo\/?s={search_term_string}"},"query-input":{"@type":"PropertyValueSpecification","valueRequired":true,"valueName":"search_term_string"}}],"inLanguage":"es"},{"@type":"Organization","@id":"https:\/\/www.laorotava.es\/turismo\/#organization","name":"Ayuntamiento de La Orotava","url":"https:\/\/www.laorotava.es\/turismo\/","logo":{"@type":"ImageObject","inLanguage":"es","@id":"https:\/\/www.laorotava.es\/turismo\/#\/schema\/logo\/image\/","url":"https:\/\/www.laorotava.es\/turismo\/wp-content\/uploads\/2022\/08\/logo.png","contentUrl":"https:\/\/www.laorotava.es\/turismo\/wp-content\/uploads\/2022\/08\/logo.png","width":1195,"height":180,"caption":"Ayuntamiento de La Orotava"},"image":{"@id":"https:\/\/www.laorotava.es\/turismo\/#\/schema\/logo\/image\/"},"sameAs":["https:\/\/www.facebook.com\/TurismoLaOrotava\/","https:\/\/x.com\/LaOrotava"]}]}},"_links":{"self":[{"href":"https:\/\/www.laorotava.es\/turismo\/wp-json\/wp\/v2\/pages\/1008117","targetHints":{"allow":["GET"]}}],"collection":[{"href":"https:\/\/www.laorotava.es\/turismo\/wp-json\/wp\/v2\/pages"}],"about":[{"href":"https:\/\/www.laorotava.es\/turismo\/wp-json\/wp\/v2\/types\/page"}],"author":[{"embeddable":true,"href":"https:\/\/www.laorotava.es\/turismo\/wp-json\/wp\/v2\/users\/3"}],"replies":[{"embeddable":true,"href":"https:\/\/www.laorotava.es\/turismo\/wp-json\/wp\/v2\/comments?post=1008117"}],"version-history":[{"count":0,"href":"https:\/\/www.laorotava.es\/turismo\/wp-json\/wp\/v2\/pages\/1008117\/revisions"}],"wp:attachment":[{"href":"https:\/\/www.laorotava.es\/turismo\/wp-json\/wp\/v2\/media?parent=1008117"}],"curies":[{"name":"wp","href":"https:\/\/api.w.org\/{rel}","templated":true}]}}