{"id":1008933,"date":"2022-09-19T10:09:44","date_gmt":"2022-09-19T10:09:44","guid":{"rendered":"https:\/\/www.laorotava.es\/turismo\/?page_id=1008933"},"modified":"2022-09-19T10:10:28","modified_gmt":"2022-09-19T10:10:28","slug":"42-la-chapelle-du-calvaire","status":"publish","type":"page","link":"https:\/\/www.laorotava.es\/turismo\/fr\/42-la-chapelle-du-calvaire\/","title":{"rendered":"42. La Chapelle du Calvaire"},"content":{"rendered":"\t\t<div data-elementor-type=\"wp-page\" data-elementor-id=\"1008933\" class=\"elementor elementor-1008933\">\n\t\t\t\t\t\t<section class=\"elementor-section elementor-top-section elementor-element elementor-element-5d14f975 elementor-section-stretched elementor-section-boxed elementor-section-height-default elementor-section-height-default wpr-particle-no wpr-jarallax-no wpr-parallax-no wpr-sticky-section-no\" data-id=\"5d14f975\" data-element_type=\"section\" data-e-type=\"section\" data-settings=\"{&quot;stretch_section&quot;:&quot;section-stretched&quot;}\">\n\t\t\t\t\t\t<div class=\"elementor-container elementor-column-gap-default\">\n\t\t\t\t\t<div class=\"elementor-column elementor-col-100 elementor-top-column elementor-element elementor-element-16056986\" data-id=\"16056986\" data-element_type=\"column\" data-e-type=\"column\">\n\t\t\t<div class=\"elementor-widget-wrap elementor-element-populated\">\n\t\t\t\t\t\t<div class=\"elementor-element elementor-element-1dbb4534 elementor-widget elementor-widget-heading\" data-id=\"1dbb4534\" data-element_type=\"widget\" data-e-type=\"widget\" data-widget_type=\"heading.default\">\n\t\t\t\t<div class=\"elementor-widget-container\">\n\t\t\t\t\t<h2 class=\"elementor-heading-title elementor-size-small\">42. La Chapelle du Calvaire<\/h2>\t\t\t\t<\/div>\n\t\t\t\t<\/div>\n\t\t\t\t<div class=\"elementor-element elementor-element-11446786 elementor-widget-divider--view-line elementor-widget elementor-widget-divider\" data-id=\"11446786\" data-element_type=\"widget\" data-e-type=\"widget\" data-widget_type=\"divider.default\">\n\t\t\t\t<div class=\"elementor-widget-container\">\n\t\t\t\t\t\t\t<div class=\"elementor-divider\">\n\t\t\t<span class=\"elementor-divider-separator\">\n\t\t\t\t\t\t<\/span>\n\t\t<\/div>\n\t\t\t\t\t\t<\/div>\n\t\t\t\t<\/div>\n\t\t\t\t<div class=\"elementor-element elementor-element-35e6eb9c elementor-widget elementor-widget-text-editor\" data-id=\"35e6eb9c\" data-element_type=\"widget\" data-e-type=\"widget\" data-widget_type=\"text-editor.default\">\n\t\t\t\t<div class=\"elementor-widget-container\">\n\t\t\t\t\t\t\t\t\t<p><span style=\"color: #444444;\"><img decoding=\"async\" class=\"alignleft\" src=\"https:\/\/www.laorotava.es\/sites\/default\/files\/styles\/detalle_lugar\/public\/captura_de_pantalla_2017-07-20_a_las_11.13.59.png?itok=sA0kerp6\"><\/span><\/p>\n<p><span style=\"color: #444444;\">Ce temple embl\u00e9matique, situ\u00e9 \u00e0 l&#8217;entr\u00e9e du centre-ville, a \u00e9t\u00e9 construit en 1917 selon le&nbsp;<\/span><span style=\"color: #444444;\">projet de l&#8217;architecte Mariano Estanga, qui a con\u00e7u un b\u00e2timent n\u00e9o-gothique impr\u00e9gn\u00e9 de la&nbsp;<\/span><span style=\"color: #444444;\">tendance historiciste de l&#8217;architecture de l&#8217;\u00e9poque, se distinguant par ses arcs bris\u00e9s accentu\u00e9s&nbsp;<\/span><span style=\"color: #444444;\">et sa tendance verticale. Il pr\u00e9side, depuis une position \u00e9lev\u00e9e, \u00e0 la Place de la Paix, ainsi&nbsp;<\/span><span style=\"color: #444444;\">nomm\u00e9e en raison de la fin de la Premi\u00e8re Guerre mondiale. Cette chapelle abrite les saints&nbsp;<\/span><span style=\"color: #444444;\">patrons de la ville de La Orotava, Saint Isidore Laboureur et Sainte Marie de La T\u00eate, et&nbsp;<\/span><span style=\"color: #444444;\">constitue le point de rencontre du p\u00e8lerinage traditionnel. On y trouve le groupe de sculptures&nbsp;<\/span><span style=\"color: #444444;\">du XIXe si\u00e8cle du sculpteur d&#8217;Orotava Fernando Est\u00e9vez, La Pi\u00e9t\u00e9, populairement connu sous le<\/span><br><span style=\"color: #444444;\">nom de &#8221; Christ du Calvaire &#8220;.<\/span><\/p>\t\t\t\t\t\t\t\t<\/div>\n\t\t\t\t<\/div>\n\t\t\t\t<div class=\"elementor-element elementor-element-52e82bf gallery-spacing-custom elementor-widget elementor-widget-image-gallery\" data-id=\"52e82bf\" data-element_type=\"widget\" data-e-type=\"widget\" data-widget_type=\"image-gallery.default\">\n\t\t\t\t<div class=\"elementor-widget-container\">\n\t\t\t\t\t\t\t<div class=\"elementor-image-gallery\">\n\t\t\t<div id='gallery-1' class='gallery galleryid-1008933 gallery-columns-7 gallery-size-thumbnail'><figure class='gallery-item'>\n\t\t\t<div class='gallery-icon landscape'>\n\t\t\t\t<a data-elementor-open-lightbox=\"yes\" data-elementor-lightbox-slideshow=\"52e82bf\" data-elementor-lightbox-title=\"Ermita Calvario.-min\" data-e-action-hash=\"#elementor-action%3Aaction%3Dlightbox%26settings%3DeyJpZCI6MTAwMzgzNSwidXJsIjoiaHR0cHM6XC9cL3d3dy5sYW9yb3RhdmEuZXNcL3R1cmlzbW9cL3dwLWNvbnRlbnRcL3VwbG9hZHNcLzIwMjJcLzA4XC9Fcm1pdGEtQ2FsdmFyaW8uLW1pbi1zY2FsZWQuanBnIiwic2xpZGVzaG93IjoiNTJlODJiZiJ9\" href='https:\/\/www.laorotava.es\/turismo\/wp-content\/uploads\/2022\/08\/Ermita-Calvario.-min-scaled.jpg'><img decoding=\"async\" width=\"150\" height=\"150\" src=\"https:\/\/www.laorotava.es\/turismo\/wp-content\/uploads\/2022\/08\/Ermita-Calvario.-min-150x150.jpg\" class=\"attachment-thumbnail size-thumbnail\" alt=\"\" srcset=\"https:\/\/www.laorotava.es\/turismo\/wp-content\/uploads\/2022\/08\/Ermita-Calvario.-min-150x150.jpg 150w, https:\/\/www.laorotava.es\/turismo\/wp-content\/uploads\/2022\/08\/Ermita-Calvario.-min-600x600.jpg 600w\" sizes=\"(max-width: 150px) 100vw, 150px\" \/><\/a>\n\t\t\t<\/div><\/figure><figure class='gallery-item'>\n\t\t\t<div class='gallery-icon landscape'>\n\t\t\t\t<a data-elementor-open-lightbox=\"yes\" data-elementor-lightbox-slideshow=\"52e82bf\" data-elementor-lightbox-title=\"Ermita del Calvario 2.-min\" data-e-action-hash=\"#elementor-action%3Aaction%3Dlightbox%26settings%3DeyJpZCI6MTAwMzgzNywidXJsIjoiaHR0cHM6XC9cL3d3dy5sYW9yb3RhdmEuZXNcL3R1cmlzbW9cL3dwLWNvbnRlbnRcL3VwbG9hZHNcLzIwMjJcLzA4XC9Fcm1pdGEtZGVsLUNhbHZhcmlvLTIuLW1pbi5qcGciLCJzbGlkZXNob3ciOiI1MmU4MmJmIn0%3D\" href='https:\/\/www.laorotava.es\/turismo\/wp-content\/uploads\/2022\/08\/Ermita-del-Calvario-2.-min.jpg'><img decoding=\"async\" width=\"150\" height=\"150\" src=\"https:\/\/www.laorotava.es\/turismo\/wp-content\/uploads\/2022\/08\/Ermita-del-Calvario-2.-min-150x150.jpg\" class=\"attachment-thumbnail size-thumbnail\" alt=\"\" \/><\/a>\n\t\t\t<\/div><\/figure><figure class='gallery-item'>\n\t\t\t<div class='gallery-icon landscape'>\n\t\t\t\t<a data-elementor-open-lightbox=\"yes\" data-elementor-lightbox-slideshow=\"52e82bf\" data-elementor-lightbox-title=\"Ermita del Calvario 3.-min\" data-e-action-hash=\"#elementor-action%3Aaction%3Dlightbox%26settings%3DeyJpZCI6MTAwMzgzOSwidXJsIjoiaHR0cHM6XC9cL3d3dy5sYW9yb3RhdmEuZXNcL3R1cmlzbW9cL3dwLWNvbnRlbnRcL3VwbG9hZHNcLzIwMjJcLzA4XC9Fcm1pdGEtZGVsLUNhbHZhcmlvLTMuLW1pbi5qcGciLCJzbGlkZXNob3ciOiI1MmU4MmJmIn0%3D\" href='https:\/\/www.laorotava.es\/turismo\/wp-content\/uploads\/2022\/08\/Ermita-del-Calvario-3.-min.jpg'><img decoding=\"async\" width=\"150\" height=\"150\" src=\"https:\/\/www.laorotava.es\/turismo\/wp-content\/uploads\/2022\/08\/Ermita-del-Calvario-3.-min-150x150.jpg\" class=\"attachment-thumbnail size-thumbnail\" alt=\"\" \/><\/a>\n\t\t\t<\/div><\/figure><figure class='gallery-item'>\n\t\t\t<div class='gallery-icon landscape'>\n\t\t\t\t<a data-elementor-open-lightbox=\"yes\" data-elementor-lightbox-slideshow=\"52e82bf\" data-elementor-lightbox-title=\"ermita_del_calvario_4-min\" data-e-action-hash=\"#elementor-action%3Aaction%3Dlightbox%26settings%3DeyJpZCI6MTAwMzg0MSwidXJsIjoiaHR0cHM6XC9cL3d3dy5sYW9yb3RhdmEuZXNcL3R1cmlzbW9cL3dwLWNvbnRlbnRcL3VwbG9hZHNcLzIwMjJcLzA4XC9lcm1pdGFfZGVsX2NhbHZhcmlvXzQtbWluLmpwZyIsInNsaWRlc2hvdyI6IjUyZTgyYmYifQ%3D%3D\" href='https:\/\/www.laorotava.es\/turismo\/wp-content\/uploads\/2022\/08\/ermita_del_calvario_4-min.jpg'><img loading=\"lazy\" decoding=\"async\" width=\"150\" height=\"150\" src=\"https:\/\/www.laorotava.es\/turismo\/wp-content\/uploads\/2022\/08\/ermita_del_calvario_4-min-150x150.jpg\" class=\"attachment-thumbnail size-thumbnail\" alt=\"\" \/><\/a>\n\t\t\t<\/div><\/figure>\n\t\t<\/div>\n\t\t<\/div>\n\t\t\t\t\t\t<\/div>\n\t\t\t\t<\/div>\n\t\t\t\t<div class=\"elementor-element elementor-element-30d2365 elementor-widget elementor-widget-google_maps\" data-id=\"30d2365\" data-element_type=\"widget\" data-e-type=\"widget\" data-widget_type=\"google_maps.default\">\n\t\t\t\t<div class=\"elementor-widget-container\">\n\t\t\t\t\t\t\t<div class=\"elementor-custom-embed\">\n\t\t\t<iframe loading=\"lazy\"\n\t\t\t\t\tsrc=\"https:\/\/maps.google.com\/maps?q=ermita%20el%20calvario%20la%20perdoma&#038;t=m&#038;z=16&#038;output=embed&#038;iwloc=near\"\n\t\t\t\t\ttitle=\"ermita el calvario la perdoma\"\n\t\t\t\t\taria-label=\"ermita el calvario la perdoma\"\n\t\t\t><\/iframe>\n\t\t<\/div>\n\t\t\t\t\t\t<\/div>\n\t\t\t\t<\/div>\n\t\t\t\t\t<\/div>\n\t\t<\/div>\n\t\t\t\t\t<\/div>\n\t\t<\/section>\n\t\t\t\t<\/div>\n\t\t","protected":false},"excerpt":{"rendered":"<p>42. La Chapelle du Calvaire Ce temple embl\u00e9matique, situ\u00e9 \u00e0 l&#8217;entr\u00e9e du centre-ville, a \u00e9t\u00e9 construit en 1917 selon le&nbsp;projet de l&#8217;architecte Mariano Estanga, qui a con\u00e7u un b\u00e2timent n\u00e9o-gothique impr\u00e9gn\u00e9 de la&nbsp;tendance historiciste de l&#8217;architecture de l&#8217;\u00e9poque, se distinguant par ses arcs bris\u00e9s accentu\u00e9s&nbsp;et sa tendance verticale. Il pr\u00e9side, depuis une position \u00e9lev\u00e9e, \u00e0 la Place de la Paix, ainsi&nbsp;nomm\u00e9e en raison de la fin de la Premi\u00e8re Guerre mondiale. Cette chapelle abrite les saints&nbsp;patrons de la ville de La Orotava, Saint Isidore Laboureur et Sainte Marie de La T\u00eate, et&nbsp;constitue le point de rencontre du p\u00e8lerinage traditionnel. On y trouve le groupe de sculptures&nbsp;du XIXe si\u00e8cle du sculpteur d&#8217;Orotava Fernando Est\u00e9vez, La Pi\u00e9t\u00e9, populairement connu sous lenom de &#8221; Christ du Calvaire &#8220;.<\/p>\n","protected":false},"author":3,"featured_media":0,"parent":0,"menu_order":0,"comment_status":"closed","ping_status":"closed","template":"","meta":{"_acf_changed":false,"ocean_post_layout":"","ocean_both_sidebars_style":"","ocean_both_sidebars_content_width":0,"ocean_both_sidebars_sidebars_width":0,"ocean_sidebar":"0","ocean_second_sidebar":"0","ocean_disable_margins":"enable","ocean_add_body_class":"","ocean_shortcode_before_top_bar":"","ocean_shortcode_after_top_bar":"","ocean_shortcode_before_header":"","ocean_shortcode_after_header":"","ocean_has_shortcode":"","ocean_shortcode_after_title":"","ocean_shortcode_before_footer_widgets":"","ocean_shortcode_after_footer_widgets":"","ocean_shortcode_before_footer_bottom":"","ocean_shortcode_after_footer_bottom":"","ocean_display_top_bar":"default","ocean_display_header":"default","ocean_header_style":"","ocean_center_header_left_menu":"0","ocean_custom_header_template":"0","ocean_custom_logo":0,"ocean_custom_retina_logo":0,"ocean_custom_logo_max_width":0,"ocean_custom_logo_tablet_max_width":0,"ocean_custom_logo_mobile_max_width":0,"ocean_custom_logo_max_height":0,"ocean_custom_logo_tablet_max_height":0,"ocean_custom_logo_mobile_max_height":0,"ocean_header_custom_menu":"0","ocean_menu_typo_font_family":"0","ocean_menu_typo_font_subset":"","ocean_menu_typo_font_size":0,"ocean_menu_typo_font_size_tablet":0,"ocean_menu_typo_font_size_mobile":0,"ocean_menu_typo_font_size_unit":"px","ocean_menu_typo_font_weight":"","ocean_menu_typo_font_weight_tablet":"","ocean_menu_typo_font_weight_mobile":"","ocean_menu_typo_transform":"","ocean_menu_typo_transform_tablet":"","ocean_menu_typo_transform_mobile":"","ocean_menu_typo_line_height":0,"ocean_menu_typo_line_height_tablet":0,"ocean_menu_typo_line_height_mobile":0,"ocean_menu_typo_line_height_unit":"","ocean_menu_typo_spacing":0,"ocean_menu_typo_spacing_tablet":0,"ocean_menu_typo_spacing_mobile":0,"ocean_menu_typo_spacing_unit":"","ocean_menu_link_color":"","ocean_menu_link_color_hover":"","ocean_menu_link_color_active":"","ocean_menu_link_background":"","ocean_menu_link_hover_background":"","ocean_menu_link_active_background":"","ocean_menu_social_links_bg":"","ocean_menu_social_hover_links_bg":"","ocean_menu_social_links_color":"","ocean_menu_social_hover_links_color":"","ocean_disable_title":"default","ocean_disable_heading":"on","ocean_post_title":"","ocean_post_subheading":"","ocean_post_title_style":"","ocean_post_title_background_color":"","ocean_post_title_background":0,"ocean_post_title_bg_image_position":"","ocean_post_title_bg_image_attachment":"","ocean_post_title_bg_image_repeat":"","ocean_post_title_bg_image_size":"","ocean_post_title_height":0,"ocean_post_title_bg_overlay":0.5,"ocean_post_title_bg_overlay_color":"","ocean_disable_breadcrumbs":"default","ocean_breadcrumbs_color":"","ocean_breadcrumbs_separator_color":"","ocean_breadcrumbs_links_color":"","ocean_breadcrumbs_links_hover_color":"","ocean_display_footer_widgets":"default","ocean_display_footer_bottom":"default","ocean_custom_footer_template":"0","footnotes":""},"class_list":["post-1008933","page","type-page","status-publish","hentry","entry"],"acf":[],"yoast_head":"<!-- This site is optimized with the Yoast SEO plugin v27.2 - https:\/\/yoast.com\/product\/yoast-seo-wordpress\/ -->\n<title>42. La Chapelle du Calvaire - Web de Turismo del Ayuntamiento de La Orotava<\/title>\n<meta name=\"robots\" content=\"index, follow, max-snippet:-1, max-image-preview:large, max-video-preview:-1\" \/>\n<link rel=\"canonical\" href=\"https:\/\/www.laorotava.es\/turismo\/fr\/42-la-chapelle-du-calvaire\/\" \/>\n<meta property=\"og:locale\" content=\"es_ES\" \/>\n<meta property=\"og:type\" content=\"article\" \/>\n<meta property=\"og:title\" content=\"42. La Chapelle du Calvaire - Web de Turismo del Ayuntamiento de La Orotava\" \/>\n<meta property=\"og:description\" content=\"42. La Chapelle du Calvaire Ce temple embl\u00e9matique, situ\u00e9 \u00e0 l&#8217;entr\u00e9e du centre-ville, a \u00e9t\u00e9 construit en 1917 selon le&nbsp;projet de l&#8217;architecte Mariano Estanga, qui a con\u00e7u un b\u00e2timent n\u00e9o-gothique impr\u00e9gn\u00e9 de la&nbsp;tendance historiciste de l&#8217;architecture de l&#8217;\u00e9poque, se distinguant par ses arcs bris\u00e9s accentu\u00e9s&nbsp;et sa tendance verticale. Il pr\u00e9side, depuis une position \u00e9lev\u00e9e, \u00e0 la Place de la Paix, ainsi&nbsp;nomm\u00e9e en raison de la fin de la Premi\u00e8re Guerre mondiale. Cette chapelle abrite les saints&nbsp;patrons de la ville de La Orotava, Saint Isidore Laboureur et Sainte Marie de La T\u00eate, et&nbsp;constitue le point de rencontre du p\u00e8lerinage traditionnel. On y trouve le groupe de sculptures&nbsp;du XIXe si\u00e8cle du sculpteur d&#8217;Orotava Fernando Est\u00e9vez, La Pi\u00e9t\u00e9, populairement connu sous lenom de &#8221; Christ du Calvaire &#8220;.\" \/>\n<meta property=\"og:url\" content=\"https:\/\/www.laorotava.es\/turismo\/fr\/42-la-chapelle-du-calvaire\/\" \/>\n<meta property=\"og:site_name\" content=\"Web de Turismo del Ayuntamiento de La Orotava\" \/>\n<meta property=\"article:publisher\" content=\"https:\/\/www.facebook.com\/TurismoLaOrotava\/\" \/>\n<meta property=\"article:modified_time\" content=\"2022-09-19T10:10:28+00:00\" \/>\n<meta property=\"og:image\" content=\"https:\/\/www.laorotava.es\/sites\/default\/files\/styles\/detalle_lugar\/public\/captura_de_pantalla_2017-07-20_a_las_11.13.59.png?itok=sA0kerp6\" \/>\n<meta name=\"twitter:card\" content=\"summary_large_image\" \/>\n<meta name=\"twitter:site\" content=\"@LaOrotava\" \/>\n<meta name=\"twitter:label1\" content=\"Tiempo de lectura\" \/>\n\t<meta name=\"twitter:data1\" content=\"1 minuto\" \/>\n<script type=\"application\/ld+json\" class=\"yoast-schema-graph\">{\"@context\":\"https:\/\/schema.org\",\"@graph\":[{\"@type\":\"WebPage\",\"@id\":\"https:\/\/www.laorotava.es\/turismo\/fr\/42-la-chapelle-du-calvaire\/\",\"url\":\"https:\/\/www.laorotava.es\/turismo\/fr\/42-la-chapelle-du-calvaire\/\",\"name\":\"42. La Chapelle du Calvaire - Web de Turismo del Ayuntamiento de La Orotava\",\"isPartOf\":{\"@id\":\"https:\/\/www.laorotava.es\/turismo\/#website\"},\"primaryImageOfPage\":{\"@id\":\"https:\/\/www.laorotava.es\/turismo\/fr\/42-la-chapelle-du-calvaire\/#primaryimage\"},\"image\":{\"@id\":\"https:\/\/www.laorotava.es\/turismo\/fr\/42-la-chapelle-du-calvaire\/#primaryimage\"},\"thumbnailUrl\":\"https:\/\/www.laorotava.es\/sites\/default\/files\/styles\/detalle_lugar\/public\/captura_de_pantalla_2017-07-20_a_las_11.13.59.png?itok=sA0kerp6\",\"datePublished\":\"2022-09-19T10:09:44+00:00\",\"dateModified\":\"2022-09-19T10:10:28+00:00\",\"breadcrumb\":{\"@id\":\"https:\/\/www.laorotava.es\/turismo\/fr\/42-la-chapelle-du-calvaire\/#breadcrumb\"},\"inLanguage\":\"es\",\"potentialAction\":[{\"@type\":\"ReadAction\",\"target\":[\"https:\/\/www.laorotava.es\/turismo\/fr\/42-la-chapelle-du-calvaire\/\"]}]},{\"@type\":\"ImageObject\",\"inLanguage\":\"es\",\"@id\":\"https:\/\/www.laorotava.es\/turismo\/fr\/42-la-chapelle-du-calvaire\/#primaryimage\",\"url\":\"https:\/\/www.laorotava.es\/sites\/default\/files\/styles\/detalle_lugar\/public\/captura_de_pantalla_2017-07-20_a_las_11.13.59.png?itok=sA0kerp6\",\"contentUrl\":\"https:\/\/www.laorotava.es\/sites\/default\/files\/styles\/detalle_lugar\/public\/captura_de_pantalla_2017-07-20_a_las_11.13.59.png?itok=sA0kerp6\"},{\"@type\":\"BreadcrumbList\",\"@id\":\"https:\/\/www.laorotava.es\/turismo\/fr\/42-la-chapelle-du-calvaire\/#breadcrumb\",\"itemListElement\":[{\"@type\":\"ListItem\",\"position\":1,\"name\":\"Portada\",\"item\":\"https:\/\/www.laorotava.es\/turismo\/\"},{\"@type\":\"ListItem\",\"position\":2,\"name\":\"42. La Chapelle du Calvaire\"}]},{\"@type\":\"WebSite\",\"@id\":\"https:\/\/www.laorotava.es\/turismo\/#website\",\"url\":\"https:\/\/www.laorotava.es\/turismo\/\",\"name\":\"Web de Turismo del Ayuntamiento de La Orotava\",\"description\":\"\",\"publisher\":{\"@id\":\"https:\/\/www.laorotava.es\/turismo\/#organization\"},\"potentialAction\":[{\"@type\":\"SearchAction\",\"target\":{\"@type\":\"EntryPoint\",\"urlTemplate\":\"https:\/\/www.laorotava.es\/turismo\/?s={search_term_string}\"},\"query-input\":{\"@type\":\"PropertyValueSpecification\",\"valueRequired\":true,\"valueName\":\"search_term_string\"}}],\"inLanguage\":\"es\"},{\"@type\":\"Organization\",\"@id\":\"https:\/\/www.laorotava.es\/turismo\/#organization\",\"name\":\"Ayuntamiento de La Orotava\",\"url\":\"https:\/\/www.laorotava.es\/turismo\/\",\"logo\":{\"@type\":\"ImageObject\",\"inLanguage\":\"es\",\"@id\":\"https:\/\/www.laorotava.es\/turismo\/#\/schema\/logo\/image\/\",\"url\":\"https:\/\/www.laorotava.es\/turismo\/wp-content\/uploads\/2022\/08\/logo.png\",\"contentUrl\":\"https:\/\/www.laorotava.es\/turismo\/wp-content\/uploads\/2022\/08\/logo.png\",\"width\":1195,\"height\":180,\"caption\":\"Ayuntamiento de La Orotava\"},\"image\":{\"@id\":\"https:\/\/www.laorotava.es\/turismo\/#\/schema\/logo\/image\/\"},\"sameAs\":[\"https:\/\/www.facebook.com\/TurismoLaOrotava\/\",\"https:\/\/x.com\/LaOrotava\"]}]}<\/script>\n<!-- \/ Yoast SEO plugin. -->","yoast_head_json":{"title":"42. La Chapelle du Calvaire - Web de Turismo del Ayuntamiento de La Orotava","robots":{"index":"index","follow":"follow","max-snippet":"max-snippet:-1","max-image-preview":"max-image-preview:large","max-video-preview":"max-video-preview:-1"},"canonical":"https:\/\/www.laorotava.es\/turismo\/fr\/42-la-chapelle-du-calvaire\/","og_locale":"es_ES","og_type":"article","og_title":"42. La Chapelle du Calvaire - Web de Turismo del Ayuntamiento de La Orotava","og_description":"42. La Chapelle du Calvaire Ce temple embl\u00e9matique, situ\u00e9 \u00e0 l&#8217;entr\u00e9e du centre-ville, a \u00e9t\u00e9 construit en 1917 selon le&nbsp;projet de l&#8217;architecte Mariano Estanga, qui a con\u00e7u un b\u00e2timent n\u00e9o-gothique impr\u00e9gn\u00e9 de la&nbsp;tendance historiciste de l&#8217;architecture de l&#8217;\u00e9poque, se distinguant par ses arcs bris\u00e9s accentu\u00e9s&nbsp;et sa tendance verticale. Il pr\u00e9side, depuis une position \u00e9lev\u00e9e, \u00e0 la Place de la Paix, ainsi&nbsp;nomm\u00e9e en raison de la fin de la Premi\u00e8re Guerre mondiale. Cette chapelle abrite les saints&nbsp;patrons de la ville de La Orotava, Saint Isidore Laboureur et Sainte Marie de La T\u00eate, et&nbsp;constitue le point de rencontre du p\u00e8lerinage traditionnel. On y trouve le groupe de sculptures&nbsp;du XIXe si\u00e8cle du sculpteur d&#8217;Orotava Fernando Est\u00e9vez, La Pi\u00e9t\u00e9, populairement connu sous lenom de &#8221; Christ du Calvaire &#8220;.","og_url":"https:\/\/www.laorotava.es\/turismo\/fr\/42-la-chapelle-du-calvaire\/","og_site_name":"Web de Turismo del Ayuntamiento de La Orotava","article_publisher":"https:\/\/www.facebook.com\/TurismoLaOrotava\/","article_modified_time":"2022-09-19T10:10:28+00:00","og_image":[{"url":"https:\/\/www.laorotava.es\/sites\/default\/files\/styles\/detalle_lugar\/public\/captura_de_pantalla_2017-07-20_a_las_11.13.59.png?itok=sA0kerp6","type":"","width":"","height":""}],"twitter_card":"summary_large_image","twitter_site":"@LaOrotava","twitter_misc":{"Tiempo de lectura":"1 minuto"},"schema":{"@context":"https:\/\/schema.org","@graph":[{"@type":"WebPage","@id":"https:\/\/www.laorotava.es\/turismo\/fr\/42-la-chapelle-du-calvaire\/","url":"https:\/\/www.laorotava.es\/turismo\/fr\/42-la-chapelle-du-calvaire\/","name":"42. La Chapelle du Calvaire - Web de Turismo del Ayuntamiento de La Orotava","isPartOf":{"@id":"https:\/\/www.laorotava.es\/turismo\/#website"},"primaryImageOfPage":{"@id":"https:\/\/www.laorotava.es\/turismo\/fr\/42-la-chapelle-du-calvaire\/#primaryimage"},"image":{"@id":"https:\/\/www.laorotava.es\/turismo\/fr\/42-la-chapelle-du-calvaire\/#primaryimage"},"thumbnailUrl":"https:\/\/www.laorotava.es\/sites\/default\/files\/styles\/detalle_lugar\/public\/captura_de_pantalla_2017-07-20_a_las_11.13.59.png?itok=sA0kerp6","datePublished":"2022-09-19T10:09:44+00:00","dateModified":"2022-09-19T10:10:28+00:00","breadcrumb":{"@id":"https:\/\/www.laorotava.es\/turismo\/fr\/42-la-chapelle-du-calvaire\/#breadcrumb"},"inLanguage":"es","potentialAction":[{"@type":"ReadAction","target":["https:\/\/www.laorotava.es\/turismo\/fr\/42-la-chapelle-du-calvaire\/"]}]},{"@type":"ImageObject","inLanguage":"es","@id":"https:\/\/www.laorotava.es\/turismo\/fr\/42-la-chapelle-du-calvaire\/#primaryimage","url":"https:\/\/www.laorotava.es\/sites\/default\/files\/styles\/detalle_lugar\/public\/captura_de_pantalla_2017-07-20_a_las_11.13.59.png?itok=sA0kerp6","contentUrl":"https:\/\/www.laorotava.es\/sites\/default\/files\/styles\/detalle_lugar\/public\/captura_de_pantalla_2017-07-20_a_las_11.13.59.png?itok=sA0kerp6"},{"@type":"BreadcrumbList","@id":"https:\/\/www.laorotava.es\/turismo\/fr\/42-la-chapelle-du-calvaire\/#breadcrumb","itemListElement":[{"@type":"ListItem","position":1,"name":"Portada","item":"https:\/\/www.laorotava.es\/turismo\/"},{"@type":"ListItem","position":2,"name":"42. La Chapelle du Calvaire"}]},{"@type":"WebSite","@id":"https:\/\/www.laorotava.es\/turismo\/#website","url":"https:\/\/www.laorotava.es\/turismo\/","name":"Web de Turismo del Ayuntamiento de La Orotava","description":"","publisher":{"@id":"https:\/\/www.laorotava.es\/turismo\/#organization"},"potentialAction":[{"@type":"SearchAction","target":{"@type":"EntryPoint","urlTemplate":"https:\/\/www.laorotava.es\/turismo\/?s={search_term_string}"},"query-input":{"@type":"PropertyValueSpecification","valueRequired":true,"valueName":"search_term_string"}}],"inLanguage":"es"},{"@type":"Organization","@id":"https:\/\/www.laorotava.es\/turismo\/#organization","name":"Ayuntamiento de La Orotava","url":"https:\/\/www.laorotava.es\/turismo\/","logo":{"@type":"ImageObject","inLanguage":"es","@id":"https:\/\/www.laorotava.es\/turismo\/#\/schema\/logo\/image\/","url":"https:\/\/www.laorotava.es\/turismo\/wp-content\/uploads\/2022\/08\/logo.png","contentUrl":"https:\/\/www.laorotava.es\/turismo\/wp-content\/uploads\/2022\/08\/logo.png","width":1195,"height":180,"caption":"Ayuntamiento de La Orotava"},"image":{"@id":"https:\/\/www.laorotava.es\/turismo\/#\/schema\/logo\/image\/"},"sameAs":["https:\/\/www.facebook.com\/TurismoLaOrotava\/","https:\/\/x.com\/LaOrotava"]}]}},"_links":{"self":[{"href":"https:\/\/www.laorotava.es\/turismo\/wp-json\/wp\/v2\/pages\/1008933","targetHints":{"allow":["GET"]}}],"collection":[{"href":"https:\/\/www.laorotava.es\/turismo\/wp-json\/wp\/v2\/pages"}],"about":[{"href":"https:\/\/www.laorotava.es\/turismo\/wp-json\/wp\/v2\/types\/page"}],"author":[{"embeddable":true,"href":"https:\/\/www.laorotava.es\/turismo\/wp-json\/wp\/v2\/users\/3"}],"replies":[{"embeddable":true,"href":"https:\/\/www.laorotava.es\/turismo\/wp-json\/wp\/v2\/comments?post=1008933"}],"version-history":[{"count":0,"href":"https:\/\/www.laorotava.es\/turismo\/wp-json\/wp\/v2\/pages\/1008933\/revisions"}],"wp:attachment":[{"href":"https:\/\/www.laorotava.es\/turismo\/wp-json\/wp\/v2\/media?parent=1008933"}],"curies":[{"name":"wp","href":"https:\/\/api.w.org\/{rel}","templated":true}]}}