{"id":1008981,"date":"2022-09-19T10:16:29","date_gmt":"2022-09-19T10:16:29","guid":{"rendered":"https:\/\/www.laorotava.es\/turismo\/?page_id=1008981"},"modified":"2022-09-19T10:17:31","modified_gmt":"2022-09-19T10:17:31","slug":"53-parc-culturel-dona-chana","status":"publish","type":"page","link":"https:\/\/www.laorotava.es\/turismo\/fr\/53-parc-culturel-dona-chana\/","title":{"rendered":"53. Parc culturel Do\u00f1a Chana"},"content":{"rendered":"\t\t<div data-elementor-type=\"wp-page\" data-elementor-id=\"1008981\" class=\"elementor elementor-1008981\">\n\t\t\t\t\t\t<section class=\"elementor-section elementor-top-section elementor-element elementor-element-3055350d elementor-section-stretched elementor-section-boxed elementor-section-height-default elementor-section-height-default wpr-particle-no wpr-jarallax-no wpr-parallax-no wpr-sticky-section-no\" data-id=\"3055350d\" data-element_type=\"section\" data-e-type=\"section\" data-settings=\"{&quot;stretch_section&quot;:&quot;section-stretched&quot;}\">\n\t\t\t\t\t\t<div class=\"elementor-container elementor-column-gap-default\">\n\t\t\t\t\t<div class=\"elementor-column elementor-col-100 elementor-top-column elementor-element elementor-element-1a54c2ae\" data-id=\"1a54c2ae\" data-element_type=\"column\" data-e-type=\"column\">\n\t\t\t<div class=\"elementor-widget-wrap elementor-element-populated\">\n\t\t\t\t\t\t<div class=\"elementor-element elementor-element-17b6c705 elementor-widget elementor-widget-heading\" data-id=\"17b6c705\" data-element_type=\"widget\" data-e-type=\"widget\" data-widget_type=\"heading.default\">\n\t\t\t\t<div class=\"elementor-widget-container\">\n\t\t\t\t\t<h2 class=\"elementor-heading-title elementor-size-small\">53. Parc culturel Do\u00f1a Chana<\/h2>\t\t\t\t<\/div>\n\t\t\t\t<\/div>\n\t\t\t\t<div class=\"elementor-element elementor-element-1a174bd3 elementor-widget-divider--view-line elementor-widget elementor-widget-divider\" data-id=\"1a174bd3\" data-element_type=\"widget\" data-e-type=\"widget\" data-widget_type=\"divider.default\">\n\t\t\t\t<div class=\"elementor-widget-container\">\n\t\t\t\t\t\t\t<div class=\"elementor-divider\">\n\t\t\t<span class=\"elementor-divider-separator\">\n\t\t\t\t\t\t<\/span>\n\t\t<\/div>\n\t\t\t\t\t\t<\/div>\n\t\t\t\t<\/div>\n\t\t\t\t<div class=\"elementor-element elementor-element-7b709e7c elementor-widget elementor-widget-text-editor\" data-id=\"7b709e7c\" data-element_type=\"widget\" data-e-type=\"widget\" data-widget_type=\"text-editor.default\">\n\t\t\t\t<div class=\"elementor-widget-container\">\n\t\t\t\t\t\t\t\t\t<p><span style=\"color: #444444;\"><img decoding=\"async\" class=\"alignleft\" src=\"https:\/\/www.laorotava.es\/sites\/default\/files\/styles\/detalle_lugar\/public\/captura_de_pantalla_2017-07-20_a_las_11.17.59.png?itok=8lfLACj4\">Nature, culture et patrimoine architectural sont jumel\u00e9s dans l&#8217;authentique poumon vert&nbsp;<\/span><span style=\"color: #444444;\">urbain que constitue ce parc culturel, caract\u00e9ris\u00e9 par ses grandes essences d&#8217;arbres, ses&nbsp;<\/span><span style=\"color: #444444;\">terrasses cultiv\u00e9es et ses jardins am\u00e9nag\u00e9s en pente et pr\u00e9sid\u00e9 par le manoir connu sous le&nbsp;<\/span><span style=\"color: #444444;\">nom de Villa Remedios, populairement connue sous le nom de Maison de Madame Chana en&nbsp;<\/span><span style=\"color: #444444;\">l&#8217;honneur de sa derni\u00e8re habitante, un singulier b\u00e2timent \u00e9clectique de style cottage anglais,&nbsp;<\/span><span style=\"color: #444444;\">\u00e9rig\u00e9 dans les ann\u00e9es 30, et caract\u00e9ris\u00e9 par sa volum\u00e9trie et le sens ornemental qui pr\u00e9vaut&nbsp;<\/span><span style=\"color: #444444;\">dans son architecture. Ce lieu magnifique abrite le centre municipal d&#8217;\u00e9ducation&nbsp;<\/span><span style=\"color: #444444;\">environnementale (CEAM), ainsi que les jardins \u00e9co-urbains, un hall d&#8217;exposition et des<\/span><br><span style=\"color: #444444;\">installations municipales o\u00f9 r\u00e9p\u00e8te l&#8217;orchestre de l&#8217;association musicale d&#8217;Orotava. ENTR\u00c9E&nbsp;<\/span><span style=\"color: #444444;\">LIBRE.<\/span><\/p>\t\t\t\t\t\t\t\t<\/div>\n\t\t\t\t<\/div>\n\t\t\t\t<div class=\"elementor-element elementor-element-101b5b5 gallery-spacing-custom elementor-widget elementor-widget-image-gallery\" data-id=\"101b5b5\" data-element_type=\"widget\" data-e-type=\"widget\" data-widget_type=\"image-gallery.default\">\n\t\t\t\t<div class=\"elementor-widget-container\">\n\t\t\t\t\t\t\t<div class=\"elementor-image-gallery\">\n\t\t\t<div id='gallery-1' class='gallery galleryid-1008981 gallery-columns-7 gallery-size-thumbnail'><figure class='gallery-item'>\n\t\t\t<div class='gallery-icon landscape'>\n\t\t\t\t<a data-elementor-open-lightbox=\"yes\" data-elementor-lightbox-slideshow=\"101b5b5\" data-elementor-lightbox-title=\"Captura de pantalla 2017-07-05 a las 17.19.34-min\" data-e-action-hash=\"#elementor-action%3Aaction%3Dlightbox%26settings%3DeyJpZCI6MTAwMzk1OSwidXJsIjoiaHR0cHM6XC9cL3d3dy5sYW9yb3RhdmEuZXNcL3R1cmlzbW9cL3dwLWNvbnRlbnRcL3VwbG9hZHNcLzIwMjJcLzA4XC9DYXB0dXJhLWRlLXBhbnRhbGxhLTIwMTctMDctMDUtYS1sYXMtMTcuMTkuMzQtbWluLnBuZyIsInNsaWRlc2hvdyI6IjEwMWI1YjUifQ%3D%3D\" href='https:\/\/www.laorotava.es\/turismo\/wp-content\/uploads\/2022\/08\/Captura-de-pantalla-2017-07-05-a-las-17.19.34-min.png'><img decoding=\"async\" width=\"150\" height=\"150\" src=\"https:\/\/www.laorotava.es\/turismo\/wp-content\/uploads\/2022\/08\/Captura-de-pantalla-2017-07-05-a-las-17.19.34-min-150x150.png\" class=\"attachment-thumbnail size-thumbnail\" alt=\"\" srcset=\"https:\/\/www.laorotava.es\/turismo\/wp-content\/uploads\/2022\/08\/Captura-de-pantalla-2017-07-05-a-las-17.19.34-min-150x150.png 150w, https:\/\/www.laorotava.es\/turismo\/wp-content\/uploads\/2022\/08\/Captura-de-pantalla-2017-07-05-a-las-17.19.34-min-600x600.png 600w\" sizes=\"(max-width: 150px) 100vw, 150px\" \/><\/a>\n\t\t\t<\/div><\/figure><figure class='gallery-item'>\n\t\t\t<div class='gallery-icon landscape'>\n\t\t\t\t<a data-elementor-open-lightbox=\"yes\" data-elementor-lightbox-slideshow=\"101b5b5\" data-elementor-lightbox-title=\"Captura de pantalla 2017-07-05 a las 17.20.03-min\" data-e-action-hash=\"#elementor-action%3Aaction%3Dlightbox%26settings%3DeyJpZCI6MTAwMzk2MSwidXJsIjoiaHR0cHM6XC9cL3d3dy5sYW9yb3RhdmEuZXNcL3R1cmlzbW9cL3dwLWNvbnRlbnRcL3VwbG9hZHNcLzIwMjJcLzA4XC9DYXB0dXJhLWRlLXBhbnRhbGxhLTIwMTctMDctMDUtYS1sYXMtMTcuMjAuMDMtbWluLnBuZyIsInNsaWRlc2hvdyI6IjEwMWI1YjUifQ%3D%3D\" href='https:\/\/www.laorotava.es\/turismo\/wp-content\/uploads\/2022\/08\/Captura-de-pantalla-2017-07-05-a-las-17.20.03-min.png'><img decoding=\"async\" width=\"150\" height=\"150\" src=\"https:\/\/www.laorotava.es\/turismo\/wp-content\/uploads\/2022\/08\/Captura-de-pantalla-2017-07-05-a-las-17.20.03-min-150x150.png\" class=\"attachment-thumbnail size-thumbnail\" alt=\"\" srcset=\"https:\/\/www.laorotava.es\/turismo\/wp-content\/uploads\/2022\/08\/Captura-de-pantalla-2017-07-05-a-las-17.20.03-min-150x150.png 150w, https:\/\/www.laorotava.es\/turismo\/wp-content\/uploads\/2022\/08\/Captura-de-pantalla-2017-07-05-a-las-17.20.03-min-600x600.png 600w\" sizes=\"(max-width: 150px) 100vw, 150px\" \/><\/a>\n\t\t\t<\/div><\/figure>\n\t\t<\/div>\n\t\t<\/div>\n\t\t\t\t\t\t<\/div>\n\t\t\t\t<\/div>\n\t\t\t\t<div class=\"elementor-element elementor-element-44e9c58 elementor-widget elementor-widget-google_maps\" data-id=\"44e9c58\" data-element_type=\"widget\" data-e-type=\"widget\" data-widget_type=\"google_maps.default\">\n\t\t\t\t<div class=\"elementor-widget-container\">\n\t\t\t\t\t\t\t<div class=\"elementor-custom-embed\">\n\t\t\t<iframe loading=\"lazy\"\n\t\t\t\t\tsrc=\"https:\/\/maps.google.com\/maps?q=parque%20cultural%20do%C3%B1a%20chana&#038;t=m&#038;z=16&#038;output=embed&#038;iwloc=near\"\n\t\t\t\t\ttitle=\"parque cultural do\u00f1a chana\"\n\t\t\t\t\taria-label=\"parque cultural do\u00f1a chana\"\n\t\t\t><\/iframe>\n\t\t<\/div>\n\t\t\t\t\t\t<\/div>\n\t\t\t\t<\/div>\n\t\t\t\t\t<\/div>\n\t\t<\/div>\n\t\t\t\t\t<\/div>\n\t\t<\/section>\n\t\t\t\t<\/div>\n\t\t","protected":false},"excerpt":{"rendered":"<p>53. Parc culturel Do\u00f1a Chana Nature, culture et patrimoine architectural sont jumel\u00e9s dans l&#8217;authentique poumon vert&nbsp;urbain que constitue ce parc culturel, caract\u00e9ris\u00e9 par ses grandes essences d&#8217;arbres, ses&nbsp;terrasses cultiv\u00e9es et ses jardins am\u00e9nag\u00e9s en pente et pr\u00e9sid\u00e9 par le manoir connu sous le&nbsp;nom de Villa Remedios, populairement connue sous le nom de Maison de Madame Chana en&nbsp;l&#8217;honneur de sa derni\u00e8re habitante, un singulier b\u00e2timent \u00e9clectique de style cottage anglais,&nbsp;\u00e9rig\u00e9 dans les ann\u00e9es 30, et caract\u00e9ris\u00e9 par sa volum\u00e9trie et le sens ornemental qui pr\u00e9vaut&nbsp;dans son architecture. Ce lieu magnifique abrite le centre municipal d&#8217;\u00e9ducation&nbsp;environnementale (CEAM), ainsi que les jardins \u00e9co-urbains, un hall d&#8217;exposition et desinstallations municipales o\u00f9 r\u00e9p\u00e8te l&#8217;orchestre de l&#8217;association musicale d&#8217;Orotava. ENTR\u00c9E&nbsp;LIBRE.<\/p>\n","protected":false},"author":3,"featured_media":0,"parent":0,"menu_order":0,"comment_status":"closed","ping_status":"closed","template":"","meta":{"_acf_changed":false,"ocean_post_layout":"","ocean_both_sidebars_style":"","ocean_both_sidebars_content_width":0,"ocean_both_sidebars_sidebars_width":0,"ocean_sidebar":"0","ocean_second_sidebar":"0","ocean_disable_margins":"enable","ocean_add_body_class":"","ocean_shortcode_before_top_bar":"","ocean_shortcode_after_top_bar":"","ocean_shortcode_before_header":"","ocean_shortcode_after_header":"","ocean_has_shortcode":"","ocean_shortcode_after_title":"","ocean_shortcode_before_footer_widgets":"","ocean_shortcode_after_footer_widgets":"","ocean_shortcode_before_footer_bottom":"","ocean_shortcode_after_footer_bottom":"","ocean_display_top_bar":"default","ocean_display_header":"default","ocean_header_style":"","ocean_center_header_left_menu":"0","ocean_custom_header_template":"0","ocean_custom_logo":0,"ocean_custom_retina_logo":0,"ocean_custom_logo_max_width":0,"ocean_custom_logo_tablet_max_width":0,"ocean_custom_logo_mobile_max_width":0,"ocean_custom_logo_max_height":0,"ocean_custom_logo_tablet_max_height":0,"ocean_custom_logo_mobile_max_height":0,"ocean_header_custom_menu":"0","ocean_menu_typo_font_family":"0","ocean_menu_typo_font_subset":"","ocean_menu_typo_font_size":0,"ocean_menu_typo_font_size_tablet":0,"ocean_menu_typo_font_size_mobile":0,"ocean_menu_typo_font_size_unit":"px","ocean_menu_typo_font_weight":"","ocean_menu_typo_font_weight_tablet":"","ocean_menu_typo_font_weight_mobile":"","ocean_menu_typo_transform":"","ocean_menu_typo_transform_tablet":"","ocean_menu_typo_transform_mobile":"","ocean_menu_typo_line_height":0,"ocean_menu_typo_line_height_tablet":0,"ocean_menu_typo_line_height_mobile":0,"ocean_menu_typo_line_height_unit":"","ocean_menu_typo_spacing":0,"ocean_menu_typo_spacing_tablet":0,"ocean_menu_typo_spacing_mobile":0,"ocean_menu_typo_spacing_unit":"","ocean_menu_link_color":"","ocean_menu_link_color_hover":"","ocean_menu_link_color_active":"","ocean_menu_link_background":"","ocean_menu_link_hover_background":"","ocean_menu_link_active_background":"","ocean_menu_social_links_bg":"","ocean_menu_social_hover_links_bg":"","ocean_menu_social_links_color":"","ocean_menu_social_hover_links_color":"","ocean_disable_title":"default","ocean_disable_heading":"on","ocean_post_title":"","ocean_post_subheading":"","ocean_post_title_style":"","ocean_post_title_background_color":"","ocean_post_title_background":0,"ocean_post_title_bg_image_position":"","ocean_post_title_bg_image_attachment":"","ocean_post_title_bg_image_repeat":"","ocean_post_title_bg_image_size":"","ocean_post_title_height":0,"ocean_post_title_bg_overlay":0.5,"ocean_post_title_bg_overlay_color":"","ocean_disable_breadcrumbs":"default","ocean_breadcrumbs_color":"","ocean_breadcrumbs_separator_color":"","ocean_breadcrumbs_links_color":"","ocean_breadcrumbs_links_hover_color":"","ocean_display_footer_widgets":"default","ocean_display_footer_bottom":"default","ocean_custom_footer_template":"0","footnotes":""},"class_list":["post-1008981","page","type-page","status-publish","hentry","entry"],"acf":[],"yoast_head":"<!-- This site is optimized with the Yoast SEO plugin v27.2 - https:\/\/yoast.com\/product\/yoast-seo-wordpress\/ -->\n<title>53. Parc culturel Do\u00f1a Chana - Web de Turismo del Ayuntamiento de La Orotava<\/title>\n<meta name=\"robots\" content=\"index, follow, max-snippet:-1, max-image-preview:large, max-video-preview:-1\" \/>\n<link rel=\"canonical\" href=\"https:\/\/www.laorotava.es\/turismo\/fr\/53-parc-culturel-dona-chana\/\" \/>\n<meta property=\"og:locale\" content=\"es_ES\" \/>\n<meta property=\"og:type\" content=\"article\" \/>\n<meta property=\"og:title\" content=\"53. Parc culturel Do\u00f1a Chana - Web de Turismo del Ayuntamiento de La Orotava\" \/>\n<meta property=\"og:description\" content=\"53. Parc culturel Do\u00f1a Chana Nature, culture et patrimoine architectural sont jumel\u00e9s dans l&#8217;authentique poumon vert&nbsp;urbain que constitue ce parc culturel, caract\u00e9ris\u00e9 par ses grandes essences d&#8217;arbres, ses&nbsp;terrasses cultiv\u00e9es et ses jardins am\u00e9nag\u00e9s en pente et pr\u00e9sid\u00e9 par le manoir connu sous le&nbsp;nom de Villa Remedios, populairement connue sous le nom de Maison de Madame Chana en&nbsp;l&#8217;honneur de sa derni\u00e8re habitante, un singulier b\u00e2timent \u00e9clectique de style cottage anglais,&nbsp;\u00e9rig\u00e9 dans les ann\u00e9es 30, et caract\u00e9ris\u00e9 par sa volum\u00e9trie et le sens ornemental qui pr\u00e9vaut&nbsp;dans son architecture. Ce lieu magnifique abrite le centre municipal d&#8217;\u00e9ducation&nbsp;environnementale (CEAM), ainsi que les jardins \u00e9co-urbains, un hall d&#8217;exposition et desinstallations municipales o\u00f9 r\u00e9p\u00e8te l&#8217;orchestre de l&#8217;association musicale d&#8217;Orotava. ENTR\u00c9E&nbsp;LIBRE.\" \/>\n<meta property=\"og:url\" content=\"https:\/\/www.laorotava.es\/turismo\/fr\/53-parc-culturel-dona-chana\/\" \/>\n<meta property=\"og:site_name\" content=\"Web de Turismo del Ayuntamiento de La Orotava\" \/>\n<meta property=\"article:publisher\" content=\"https:\/\/www.facebook.com\/TurismoLaOrotava\/\" \/>\n<meta property=\"article:modified_time\" content=\"2022-09-19T10:17:31+00:00\" \/>\n<meta property=\"og:image\" content=\"https:\/\/www.laorotava.es\/sites\/default\/files\/styles\/detalle_lugar\/public\/captura_de_pantalla_2017-07-20_a_las_11.17.59.png?itok=8lfLACj4\" \/>\n<meta name=\"twitter:card\" content=\"summary_large_image\" \/>\n<meta name=\"twitter:site\" content=\"@LaOrotava\" \/>\n<meta name=\"twitter:label1\" content=\"Tiempo de lectura\" \/>\n\t<meta name=\"twitter:data1\" content=\"1 minuto\" \/>\n<script type=\"application\/ld+json\" class=\"yoast-schema-graph\">{\"@context\":\"https:\/\/schema.org\",\"@graph\":[{\"@type\":\"WebPage\",\"@id\":\"https:\/\/www.laorotava.es\/turismo\/fr\/53-parc-culturel-dona-chana\/\",\"url\":\"https:\/\/www.laorotava.es\/turismo\/fr\/53-parc-culturel-dona-chana\/\",\"name\":\"53. Parc culturel Do\u00f1a Chana - Web de Turismo del Ayuntamiento de La Orotava\",\"isPartOf\":{\"@id\":\"https:\/\/www.laorotava.es\/turismo\/#website\"},\"primaryImageOfPage\":{\"@id\":\"https:\/\/www.laorotava.es\/turismo\/fr\/53-parc-culturel-dona-chana\/#primaryimage\"},\"image\":{\"@id\":\"https:\/\/www.laorotava.es\/turismo\/fr\/53-parc-culturel-dona-chana\/#primaryimage\"},\"thumbnailUrl\":\"https:\/\/www.laorotava.es\/sites\/default\/files\/styles\/detalle_lugar\/public\/captura_de_pantalla_2017-07-20_a_las_11.17.59.png?itok=8lfLACj4\",\"datePublished\":\"2022-09-19T10:16:29+00:00\",\"dateModified\":\"2022-09-19T10:17:31+00:00\",\"breadcrumb\":{\"@id\":\"https:\/\/www.laorotava.es\/turismo\/fr\/53-parc-culturel-dona-chana\/#breadcrumb\"},\"inLanguage\":\"es\",\"potentialAction\":[{\"@type\":\"ReadAction\",\"target\":[\"https:\/\/www.laorotava.es\/turismo\/fr\/53-parc-culturel-dona-chana\/\"]}]},{\"@type\":\"ImageObject\",\"inLanguage\":\"es\",\"@id\":\"https:\/\/www.laorotava.es\/turismo\/fr\/53-parc-culturel-dona-chana\/#primaryimage\",\"url\":\"https:\/\/www.laorotava.es\/sites\/default\/files\/styles\/detalle_lugar\/public\/captura_de_pantalla_2017-07-20_a_las_11.17.59.png?itok=8lfLACj4\",\"contentUrl\":\"https:\/\/www.laorotava.es\/sites\/default\/files\/styles\/detalle_lugar\/public\/captura_de_pantalla_2017-07-20_a_las_11.17.59.png?itok=8lfLACj4\"},{\"@type\":\"BreadcrumbList\",\"@id\":\"https:\/\/www.laorotava.es\/turismo\/fr\/53-parc-culturel-dona-chana\/#breadcrumb\",\"itemListElement\":[{\"@type\":\"ListItem\",\"position\":1,\"name\":\"Portada\",\"item\":\"https:\/\/www.laorotava.es\/turismo\/\"},{\"@type\":\"ListItem\",\"position\":2,\"name\":\"53. Parc culturel Do\u00f1a Chana\"}]},{\"@type\":\"WebSite\",\"@id\":\"https:\/\/www.laorotava.es\/turismo\/#website\",\"url\":\"https:\/\/www.laorotava.es\/turismo\/\",\"name\":\"Web de Turismo del Ayuntamiento de La Orotava\",\"description\":\"\",\"publisher\":{\"@id\":\"https:\/\/www.laorotava.es\/turismo\/#organization\"},\"potentialAction\":[{\"@type\":\"SearchAction\",\"target\":{\"@type\":\"EntryPoint\",\"urlTemplate\":\"https:\/\/www.laorotava.es\/turismo\/?s={search_term_string}\"},\"query-input\":{\"@type\":\"PropertyValueSpecification\",\"valueRequired\":true,\"valueName\":\"search_term_string\"}}],\"inLanguage\":\"es\"},{\"@type\":\"Organization\",\"@id\":\"https:\/\/www.laorotava.es\/turismo\/#organization\",\"name\":\"Ayuntamiento de La Orotava\",\"url\":\"https:\/\/www.laorotava.es\/turismo\/\",\"logo\":{\"@type\":\"ImageObject\",\"inLanguage\":\"es\",\"@id\":\"https:\/\/www.laorotava.es\/turismo\/#\/schema\/logo\/image\/\",\"url\":\"https:\/\/www.laorotava.es\/turismo\/wp-content\/uploads\/2022\/08\/logo.png\",\"contentUrl\":\"https:\/\/www.laorotava.es\/turismo\/wp-content\/uploads\/2022\/08\/logo.png\",\"width\":1195,\"height\":180,\"caption\":\"Ayuntamiento de La Orotava\"},\"image\":{\"@id\":\"https:\/\/www.laorotava.es\/turismo\/#\/schema\/logo\/image\/\"},\"sameAs\":[\"https:\/\/www.facebook.com\/TurismoLaOrotava\/\",\"https:\/\/x.com\/LaOrotava\"]}]}<\/script>\n<!-- \/ Yoast SEO plugin. -->","yoast_head_json":{"title":"53. Parc culturel Do\u00f1a Chana - Web de Turismo del Ayuntamiento de La Orotava","robots":{"index":"index","follow":"follow","max-snippet":"max-snippet:-1","max-image-preview":"max-image-preview:large","max-video-preview":"max-video-preview:-1"},"canonical":"https:\/\/www.laorotava.es\/turismo\/fr\/53-parc-culturel-dona-chana\/","og_locale":"es_ES","og_type":"article","og_title":"53. Parc culturel Do\u00f1a Chana - Web de Turismo del Ayuntamiento de La Orotava","og_description":"53. Parc culturel Do\u00f1a Chana Nature, culture et patrimoine architectural sont jumel\u00e9s dans l&#8217;authentique poumon vert&nbsp;urbain que constitue ce parc culturel, caract\u00e9ris\u00e9 par ses grandes essences d&#8217;arbres, ses&nbsp;terrasses cultiv\u00e9es et ses jardins am\u00e9nag\u00e9s en pente et pr\u00e9sid\u00e9 par le manoir connu sous le&nbsp;nom de Villa Remedios, populairement connue sous le nom de Maison de Madame Chana en&nbsp;l&#8217;honneur de sa derni\u00e8re habitante, un singulier b\u00e2timent \u00e9clectique de style cottage anglais,&nbsp;\u00e9rig\u00e9 dans les ann\u00e9es 30, et caract\u00e9ris\u00e9 par sa volum\u00e9trie et le sens ornemental qui pr\u00e9vaut&nbsp;dans son architecture. Ce lieu magnifique abrite le centre municipal d&#8217;\u00e9ducation&nbsp;environnementale (CEAM), ainsi que les jardins \u00e9co-urbains, un hall d&#8217;exposition et desinstallations municipales o\u00f9 r\u00e9p\u00e8te l&#8217;orchestre de l&#8217;association musicale d&#8217;Orotava. ENTR\u00c9E&nbsp;LIBRE.","og_url":"https:\/\/www.laorotava.es\/turismo\/fr\/53-parc-culturel-dona-chana\/","og_site_name":"Web de Turismo del Ayuntamiento de La Orotava","article_publisher":"https:\/\/www.facebook.com\/TurismoLaOrotava\/","article_modified_time":"2022-09-19T10:17:31+00:00","og_image":[{"url":"https:\/\/www.laorotava.es\/sites\/default\/files\/styles\/detalle_lugar\/public\/captura_de_pantalla_2017-07-20_a_las_11.17.59.png?itok=8lfLACj4","type":"","width":"","height":""}],"twitter_card":"summary_large_image","twitter_site":"@LaOrotava","twitter_misc":{"Tiempo de lectura":"1 minuto"},"schema":{"@context":"https:\/\/schema.org","@graph":[{"@type":"WebPage","@id":"https:\/\/www.laorotava.es\/turismo\/fr\/53-parc-culturel-dona-chana\/","url":"https:\/\/www.laorotava.es\/turismo\/fr\/53-parc-culturel-dona-chana\/","name":"53. Parc culturel Do\u00f1a Chana - Web de Turismo del Ayuntamiento de La Orotava","isPartOf":{"@id":"https:\/\/www.laorotava.es\/turismo\/#website"},"primaryImageOfPage":{"@id":"https:\/\/www.laorotava.es\/turismo\/fr\/53-parc-culturel-dona-chana\/#primaryimage"},"image":{"@id":"https:\/\/www.laorotava.es\/turismo\/fr\/53-parc-culturel-dona-chana\/#primaryimage"},"thumbnailUrl":"https:\/\/www.laorotava.es\/sites\/default\/files\/styles\/detalle_lugar\/public\/captura_de_pantalla_2017-07-20_a_las_11.17.59.png?itok=8lfLACj4","datePublished":"2022-09-19T10:16:29+00:00","dateModified":"2022-09-19T10:17:31+00:00","breadcrumb":{"@id":"https:\/\/www.laorotava.es\/turismo\/fr\/53-parc-culturel-dona-chana\/#breadcrumb"},"inLanguage":"es","potentialAction":[{"@type":"ReadAction","target":["https:\/\/www.laorotava.es\/turismo\/fr\/53-parc-culturel-dona-chana\/"]}]},{"@type":"ImageObject","inLanguage":"es","@id":"https:\/\/www.laorotava.es\/turismo\/fr\/53-parc-culturel-dona-chana\/#primaryimage","url":"https:\/\/www.laorotava.es\/sites\/default\/files\/styles\/detalle_lugar\/public\/captura_de_pantalla_2017-07-20_a_las_11.17.59.png?itok=8lfLACj4","contentUrl":"https:\/\/www.laorotava.es\/sites\/default\/files\/styles\/detalle_lugar\/public\/captura_de_pantalla_2017-07-20_a_las_11.17.59.png?itok=8lfLACj4"},{"@type":"BreadcrumbList","@id":"https:\/\/www.laorotava.es\/turismo\/fr\/53-parc-culturel-dona-chana\/#breadcrumb","itemListElement":[{"@type":"ListItem","position":1,"name":"Portada","item":"https:\/\/www.laorotava.es\/turismo\/"},{"@type":"ListItem","position":2,"name":"53. Parc culturel Do\u00f1a Chana"}]},{"@type":"WebSite","@id":"https:\/\/www.laorotava.es\/turismo\/#website","url":"https:\/\/www.laorotava.es\/turismo\/","name":"Web de Turismo del Ayuntamiento de La Orotava","description":"","publisher":{"@id":"https:\/\/www.laorotava.es\/turismo\/#organization"},"potentialAction":[{"@type":"SearchAction","target":{"@type":"EntryPoint","urlTemplate":"https:\/\/www.laorotava.es\/turismo\/?s={search_term_string}"},"query-input":{"@type":"PropertyValueSpecification","valueRequired":true,"valueName":"search_term_string"}}],"inLanguage":"es"},{"@type":"Organization","@id":"https:\/\/www.laorotava.es\/turismo\/#organization","name":"Ayuntamiento de La Orotava","url":"https:\/\/www.laorotava.es\/turismo\/","logo":{"@type":"ImageObject","inLanguage":"es","@id":"https:\/\/www.laorotava.es\/turismo\/#\/schema\/logo\/image\/","url":"https:\/\/www.laorotava.es\/turismo\/wp-content\/uploads\/2022\/08\/logo.png","contentUrl":"https:\/\/www.laorotava.es\/turismo\/wp-content\/uploads\/2022\/08\/logo.png","width":1195,"height":180,"caption":"Ayuntamiento de La Orotava"},"image":{"@id":"https:\/\/www.laorotava.es\/turismo\/#\/schema\/logo\/image\/"},"sameAs":["https:\/\/www.facebook.com\/TurismoLaOrotava\/","https:\/\/x.com\/LaOrotava"]}]}},"_links":{"self":[{"href":"https:\/\/www.laorotava.es\/turismo\/wp-json\/wp\/v2\/pages\/1008981","targetHints":{"allow":["GET"]}}],"collection":[{"href":"https:\/\/www.laorotava.es\/turismo\/wp-json\/wp\/v2\/pages"}],"about":[{"href":"https:\/\/www.laorotava.es\/turismo\/wp-json\/wp\/v2\/types\/page"}],"author":[{"embeddable":true,"href":"https:\/\/www.laorotava.es\/turismo\/wp-json\/wp\/v2\/users\/3"}],"replies":[{"embeddable":true,"href":"https:\/\/www.laorotava.es\/turismo\/wp-json\/wp\/v2\/comments?post=1008981"}],"version-history":[{"count":0,"href":"https:\/\/www.laorotava.es\/turismo\/wp-json\/wp\/v2\/pages\/1008981\/revisions"}],"wp:attachment":[{"href":"https:\/\/www.laorotava.es\/turismo\/wp-json\/wp\/v2\/media?parent=1008981"}],"curies":[{"name":"wp","href":"https:\/\/api.w.org\/{rel}","templated":true}]}}