{"id":1009135,"date":"2022-09-19T12:39:16","date_gmt":"2022-09-19T12:39:16","guid":{"rendered":"https:\/\/www.laorotava.es\/turismo\/?page_id=1009135"},"modified":"2022-09-19T12:39:27","modified_gmt":"2022-09-19T12:39:27","slug":"la-caldera-2","status":"publish","type":"page","link":"https:\/\/www.laorotava.es\/turismo\/fr\/la-caldera-2\/","title":{"rendered":"LA CALDERA"},"content":{"rendered":"\t\t<div data-elementor-type=\"wp-page\" data-elementor-id=\"1009135\" class=\"elementor elementor-1009135\">\n\t\t\t\t\t\t<section class=\"elementor-section elementor-top-section elementor-element elementor-element-36590807 elementor-section-stretched elementor-section-boxed elementor-section-height-default elementor-section-height-default wpr-particle-no wpr-jarallax-no wpr-parallax-no wpr-sticky-section-no\" data-id=\"36590807\" data-element_type=\"section\" data-e-type=\"section\" data-settings=\"{&quot;stretch_section&quot;:&quot;section-stretched&quot;}\">\n\t\t\t\t\t\t<div class=\"elementor-container elementor-column-gap-default\">\n\t\t\t\t\t<div class=\"elementor-column elementor-col-100 elementor-top-column elementor-element elementor-element-5290c86e\" data-id=\"5290c86e\" data-element_type=\"column\" data-e-type=\"column\">\n\t\t\t<div class=\"elementor-widget-wrap elementor-element-populated\">\n\t\t\t\t\t\t<div class=\"elementor-element elementor-element-5175f68d elementor-widget elementor-widget-heading\" data-id=\"5175f68d\" data-element_type=\"widget\" data-e-type=\"widget\" data-widget_type=\"heading.default\">\n\t\t\t\t<div class=\"elementor-widget-container\">\n\t\t\t\t\t<h2 class=\"elementor-heading-title elementor-size-small\">LA CALDERA<\/h2>\t\t\t\t<\/div>\n\t\t\t\t<\/div>\n\t\t\t\t<div class=\"elementor-element elementor-element-21ed6f74 elementor-widget-divider--view-line elementor-widget elementor-widget-divider\" data-id=\"21ed6f74\" data-element_type=\"widget\" data-e-type=\"widget\" data-widget_type=\"divider.default\">\n\t\t\t\t<div class=\"elementor-widget-container\">\n\t\t\t\t\t\t\t<div class=\"elementor-divider\">\n\t\t\t<span class=\"elementor-divider-separator\">\n\t\t\t\t\t\t<\/span>\n\t\t<\/div>\n\t\t\t\t\t\t<\/div>\n\t\t\t\t<\/div>\n\t\t\t\t<div class=\"elementor-element elementor-element-61ba8b89 elementor-widget elementor-widget-text-editor\" data-id=\"61ba8b89\" data-element_type=\"widget\" data-e-type=\"widget\" data-widget_type=\"text-editor.default\">\n\t\t\t\t<div class=\"elementor-widget-container\">\n\t\t\t\t\t\t\t\t\t<p><span style=\"color: #444444;\"><img decoding=\"async\" class=\"alignleft\" src=\"https:\/\/www.laorotava.es\/sites\/default\/files\/styles\/detalle_lugar\/public\/001._area_recreativa_la_caldera.jpg?itok=6EvoJi7e\" \/><\/span><\/p><p><span style=\"color: #444444;\">La zone de loisirs de La Caldera est situ\u00e9e dans les hauteurs de La Orotava, juste apr\u00e8s le quartier d&#8217;Aguamansa. C&#8217;est l&#8217;une des zones de loisirs les plus compl\u00e8tes du nord de l&#8217;\u00eele de Tenerife, ce qui explique qu&#8217;elle accueille un grand nombre de visiteurs tout au long de l&#8217;ann\u00e9e. La Caldera dispose de plusieurs services, dont des parkings, un bar-restaurant, une grande aire de jeux pour enfants, des toilettes publiques (sans douches), des grilles de barbecue, des tables et une aire de camping. Cette zone de loisirs est le point de d\u00e9part de nombreux sentiers de randonn\u00e9e dans les environs. Altitude : 1.000 m\u00e8tres.<\/span><\/p><p><span style=\"color: #444444;\">Adresse : Carretera de la Orotava a las Ca\u00f1adas (TF-21). Tourner \u00e0 gauche au km 16,2.<\/span><\/p><p><span style=\"color: #444444;\">Prix : gratuit<\/span><\/p><p><span style=\"color: #444444;\">Capacit\u00e9 : 50 personnes.<\/span><\/p><p><span style=\"color: #444444;\">Lignes de bus : 348 &#8211; 345.<\/span><\/p>\t\t\t\t\t\t\t\t<\/div>\n\t\t\t\t<\/div>\n\t\t\t\t<div class=\"elementor-element elementor-element-ee332c7 gallery-spacing-custom elementor-widget elementor-widget-image-gallery\" data-id=\"ee332c7\" data-element_type=\"widget\" data-e-type=\"widget\" data-widget_type=\"image-gallery.default\">\n\t\t\t\t<div class=\"elementor-widget-container\">\n\t\t\t\t\t\t\t<div class=\"elementor-image-gallery\">\n\t\t\t<div id='gallery-1' class='gallery galleryid-1009135 gallery-columns-7 gallery-size-thumbnail'><figure class='gallery-item'>\n\t\t\t<div class='gallery-icon portrait'>\n\t\t\t\t<a data-elementor-open-lightbox=\"yes\" data-elementor-lightbox-slideshow=\"ee332c7\" data-elementor-lightbox-title=\"003.-min\" data-e-action-hash=\"#elementor-action%3Aaction%3Dlightbox%26settings%3DeyJpZCI6MTAwNDg2MSwidXJsIjoiaHR0cHM6XC9cL3d3dy5sYW9yb3RhdmEuZXNcL3R1cmlzbW9cL3dwLWNvbnRlbnRcL3VwbG9hZHNcLzIwMjJcLzA4XC8wMDMuLW1pbi0zLmpwZyIsInNsaWRlc2hvdyI6ImVlMzMyYzcifQ%3D%3D\" href='https:\/\/www.laorotava.es\/turismo\/wp-content\/uploads\/2022\/08\/003.-min-3.jpg'><img decoding=\"async\" width=\"150\" height=\"150\" src=\"https:\/\/www.laorotava.es\/turismo\/wp-content\/uploads\/2022\/08\/003.-min-3-150x150.jpg\" class=\"attachment-thumbnail size-thumbnail\" alt=\"\" srcset=\"https:\/\/www.laorotava.es\/turismo\/wp-content\/uploads\/2022\/08\/003.-min-3-150x150.jpg 150w, https:\/\/www.laorotava.es\/turismo\/wp-content\/uploads\/2022\/08\/003.-min-3-600x600.jpg 600w\" sizes=\"(max-width: 150px) 100vw, 150px\" \/><\/a>\n\t\t\t<\/div><\/figure><figure class='gallery-item'>\n\t\t\t<div class='gallery-icon landscape'>\n\t\t\t\t<a data-elementor-open-lightbox=\"yes\" data-elementor-lightbox-slideshow=\"ee332c7\" data-elementor-lightbox-title=\"004.-min\" data-e-action-hash=\"#elementor-action%3Aaction%3Dlightbox%26settings%3DeyJpZCI6MTAwNDg2MywidXJsIjoiaHR0cHM6XC9cL3d3dy5sYW9yb3RhdmEuZXNcL3R1cmlzbW9cL3dwLWNvbnRlbnRcL3VwbG9hZHNcLzIwMjJcLzA4XC8wMDQuLW1pbi0xLmpwZyIsInNsaWRlc2hvdyI6ImVlMzMyYzcifQ%3D%3D\" href='https:\/\/www.laorotava.es\/turismo\/wp-content\/uploads\/2022\/08\/004.-min-1.jpg'><img decoding=\"async\" width=\"150\" height=\"150\" src=\"https:\/\/www.laorotava.es\/turismo\/wp-content\/uploads\/2022\/08\/004.-min-1-150x150.jpg\" class=\"attachment-thumbnail size-thumbnail\" alt=\"\" srcset=\"https:\/\/www.laorotava.es\/turismo\/wp-content\/uploads\/2022\/08\/004.-min-1-150x150.jpg 150w, https:\/\/www.laorotava.es\/turismo\/wp-content\/uploads\/2022\/08\/004.-min-1-600x600.jpg 600w\" sizes=\"(max-width: 150px) 100vw, 150px\" \/><\/a>\n\t\t\t<\/div><\/figure><figure class='gallery-item'>\n\t\t\t<div class='gallery-icon landscape'>\n\t\t\t\t<a data-elementor-open-lightbox=\"yes\" data-elementor-lightbox-slideshow=\"ee332c7\" data-elementor-lightbox-title=\"005-min\" data-e-action-hash=\"#elementor-action%3Aaction%3Dlightbox%26settings%3DeyJpZCI6MTAwNDg2NSwidXJsIjoiaHR0cHM6XC9cL3d3dy5sYW9yb3RhdmEuZXNcL3R1cmlzbW9cL3dwLWNvbnRlbnRcL3VwbG9hZHNcLzIwMjJcLzA4XC8wMDUtbWluLTEuanBnIiwic2xpZGVzaG93IjoiZWUzMzJjNyJ9\" href='https:\/\/www.laorotava.es\/turismo\/wp-content\/uploads\/2022\/08\/005-min-1.jpg'><img decoding=\"async\" width=\"150\" height=\"150\" src=\"https:\/\/www.laorotava.es\/turismo\/wp-content\/uploads\/2022\/08\/005-min-1-150x150.jpg\" class=\"attachment-thumbnail size-thumbnail\" alt=\"\" srcset=\"https:\/\/www.laorotava.es\/turismo\/wp-content\/uploads\/2022\/08\/005-min-1-150x150.jpg 150w, https:\/\/www.laorotava.es\/turismo\/wp-content\/uploads\/2022\/08\/005-min-1-600x600.jpg 600w\" sizes=\"(max-width: 150px) 100vw, 150px\" \/><\/a>\n\t\t\t<\/div><\/figure><figure class='gallery-item'>\n\t\t\t<div class='gallery-icon landscape'>\n\t\t\t\t<a data-elementor-open-lightbox=\"yes\" data-elementor-lightbox-slideshow=\"ee332c7\" data-elementor-lightbox-title=\"006.-min\" data-e-action-hash=\"#elementor-action%3Aaction%3Dlightbox%26settings%3DeyJpZCI6MTAwNDg2NywidXJsIjoiaHR0cHM6XC9cL3d3dy5sYW9yb3RhdmEuZXNcL3R1cmlzbW9cL3dwLWNvbnRlbnRcL3VwbG9hZHNcLzIwMjJcLzA4XC8wMDYuLW1pbi0xLmpwZyIsInNsaWRlc2hvdyI6ImVlMzMyYzcifQ%3D%3D\" href='https:\/\/www.laorotava.es\/turismo\/wp-content\/uploads\/2022\/08\/006.-min-1.jpg'><img loading=\"lazy\" decoding=\"async\" width=\"150\" height=\"150\" src=\"https:\/\/www.laorotava.es\/turismo\/wp-content\/uploads\/2022\/08\/006.-min-1-150x150.jpg\" class=\"attachment-thumbnail size-thumbnail\" alt=\"\" srcset=\"https:\/\/www.laorotava.es\/turismo\/wp-content\/uploads\/2022\/08\/006.-min-1-150x150.jpg 150w, https:\/\/www.laorotava.es\/turismo\/wp-content\/uploads\/2022\/08\/006.-min-1-600x600.jpg 600w\" sizes=\"(max-width: 150px) 100vw, 150px\" \/><\/a>\n\t\t\t<\/div><\/figure><figure class='gallery-item'>\n\t\t\t<div class='gallery-icon portrait'>\n\t\t\t\t<a data-elementor-open-lightbox=\"yes\" data-elementor-lightbox-slideshow=\"ee332c7\" data-elementor-lightbox-title=\"007.-min\" data-e-action-hash=\"#elementor-action%3Aaction%3Dlightbox%26settings%3DeyJpZCI6MTAwNDg2OSwidXJsIjoiaHR0cHM6XC9cL3d3dy5sYW9yb3RhdmEuZXNcL3R1cmlzbW9cL3dwLWNvbnRlbnRcL3VwbG9hZHNcLzIwMjJcLzA4XC8wMDcuLW1pbi0xLmpwZyIsInNsaWRlc2hvdyI6ImVlMzMyYzcifQ%3D%3D\" href='https:\/\/www.laorotava.es\/turismo\/wp-content\/uploads\/2022\/08\/007.-min-1.jpg'><img loading=\"lazy\" decoding=\"async\" width=\"150\" height=\"150\" src=\"https:\/\/www.laorotava.es\/turismo\/wp-content\/uploads\/2022\/08\/007.-min-1-150x150.jpg\" class=\"attachment-thumbnail size-thumbnail\" alt=\"\" srcset=\"https:\/\/www.laorotava.es\/turismo\/wp-content\/uploads\/2022\/08\/007.-min-1-150x150.jpg 150w, https:\/\/www.laorotava.es\/turismo\/wp-content\/uploads\/2022\/08\/007.-min-1-600x600.jpg 600w\" sizes=\"(max-width: 150px) 100vw, 150px\" \/><\/a>\n\t\t\t<\/div><\/figure><figure class='gallery-item'>\n\t\t\t<div class='gallery-icon landscape'>\n\t\t\t\t<a data-elementor-open-lightbox=\"yes\" data-elementor-lightbox-slideshow=\"ee332c7\" data-elementor-lightbox-title=\"002.-min\" data-e-action-hash=\"#elementor-action%3Aaction%3Dlightbox%26settings%3DeyJpZCI6MTAwNDg3MSwidXJsIjoiaHR0cHM6XC9cL3d3dy5sYW9yb3RhdmEuZXNcL3R1cmlzbW9cL3dwLWNvbnRlbnRcL3VwbG9hZHNcLzIwMjJcLzA4XC8wMDIuLW1pbi0zLmpwZyIsInNsaWRlc2hvdyI6ImVlMzMyYzcifQ%3D%3D\" href='https:\/\/www.laorotava.es\/turismo\/wp-content\/uploads\/2022\/08\/002.-min-3.jpg'><img loading=\"lazy\" decoding=\"async\" width=\"150\" height=\"150\" src=\"https:\/\/www.laorotava.es\/turismo\/wp-content\/uploads\/2022\/08\/002.-min-3-150x150.jpg\" class=\"attachment-thumbnail size-thumbnail\" alt=\"\" srcset=\"https:\/\/www.laorotava.es\/turismo\/wp-content\/uploads\/2022\/08\/002.-min-3-150x150.jpg 150w, https:\/\/www.laorotava.es\/turismo\/wp-content\/uploads\/2022\/08\/002.-min-3-600x600.jpg 600w\" sizes=\"(max-width: 150px) 100vw, 150px\" \/><\/a>\n\t\t\t<\/div><\/figure>\n\t\t<\/div>\n\t\t<\/div>\n\t\t\t\t\t\t<\/div>\n\t\t\t\t<\/div>\n\t\t\t\t<div class=\"elementor-element elementor-element-90afdb9 elementor-widget elementor-widget-google_maps\" data-id=\"90afdb9\" data-element_type=\"widget\" data-e-type=\"widget\" data-widget_type=\"google_maps.default\">\n\t\t\t\t<div class=\"elementor-widget-container\">\n\t\t\t\t\t\t\t<div class=\"elementor-custom-embed\">\n\t\t\t<iframe loading=\"lazy\"\n\t\t\t\t\tsrc=\"https:\/\/maps.google.com\/maps?q=la%20caldera%20zona%20r&#038;t=m&#038;z=16&#038;output=embed&#038;iwloc=near\"\n\t\t\t\t\ttitle=\"la caldera zona r\"\n\t\t\t\t\taria-label=\"la caldera zona r\"\n\t\t\t><\/iframe>\n\t\t<\/div>\n\t\t\t\t\t\t<\/div>\n\t\t\t\t<\/div>\n\t\t\t\t\t<\/div>\n\t\t<\/div>\n\t\t\t\t\t<\/div>\n\t\t<\/section>\n\t\t\t\t<\/div>\n\t\t","protected":false},"excerpt":{"rendered":"<p>LA CALDERA La zone de loisirs de La Caldera est situ\u00e9e dans les hauteurs de La Orotava, juste apr\u00e8s le quartier d&#8217;Aguamansa. C&#8217;est l&#8217;une des zones de loisirs les plus compl\u00e8tes du nord de l&#8217;\u00eele de Tenerife, ce qui explique qu&#8217;elle accueille un grand nombre de visiteurs tout au long de l&#8217;ann\u00e9e. La Caldera dispose de plusieurs services, dont des parkings, un bar-restaurant, une grande aire de jeux pour enfants, des toilettes publiques (sans douches), des grilles de barbecue, des tables et une aire de camping. Cette zone de loisirs est le point de d\u00e9part de nombreux sentiers de randonn\u00e9e dans les environs. Altitude : 1.000 m\u00e8tres. Adresse : Carretera de la Orotava a las Ca\u00f1adas (TF-21). Tourner \u00e0 gauche au km 16,2. Prix : gratuit Capacit\u00e9 : 50 personnes. Lignes de bus : 348 &#8211; 345.<\/p>\n","protected":false},"author":3,"featured_media":0,"parent":0,"menu_order":0,"comment_status":"closed","ping_status":"closed","template":"","meta":{"_acf_changed":false,"ocean_post_layout":"","ocean_both_sidebars_style":"","ocean_both_sidebars_content_width":0,"ocean_both_sidebars_sidebars_width":0,"ocean_sidebar":"0","ocean_second_sidebar":"0","ocean_disable_margins":"enable","ocean_add_body_class":"","ocean_shortcode_before_top_bar":"","ocean_shortcode_after_top_bar":"","ocean_shortcode_before_header":"","ocean_shortcode_after_header":"","ocean_has_shortcode":"","ocean_shortcode_after_title":"","ocean_shortcode_before_footer_widgets":"","ocean_shortcode_after_footer_widgets":"","ocean_shortcode_before_footer_bottom":"","ocean_shortcode_after_footer_bottom":"","ocean_display_top_bar":"default","ocean_display_header":"default","ocean_header_style":"","ocean_center_header_left_menu":"0","ocean_custom_header_template":"0","ocean_custom_logo":0,"ocean_custom_retina_logo":0,"ocean_custom_logo_max_width":0,"ocean_custom_logo_tablet_max_width":0,"ocean_custom_logo_mobile_max_width":0,"ocean_custom_logo_max_height":0,"ocean_custom_logo_tablet_max_height":0,"ocean_custom_logo_mobile_max_height":0,"ocean_header_custom_menu":"0","ocean_menu_typo_font_family":"0","ocean_menu_typo_font_subset":"","ocean_menu_typo_font_size":0,"ocean_menu_typo_font_size_tablet":0,"ocean_menu_typo_font_size_mobile":0,"ocean_menu_typo_font_size_unit":"px","ocean_menu_typo_font_weight":"","ocean_menu_typo_font_weight_tablet":"","ocean_menu_typo_font_weight_mobile":"","ocean_menu_typo_transform":"","ocean_menu_typo_transform_tablet":"","ocean_menu_typo_transform_mobile":"","ocean_menu_typo_line_height":0,"ocean_menu_typo_line_height_tablet":0,"ocean_menu_typo_line_height_mobile":0,"ocean_menu_typo_line_height_unit":"","ocean_menu_typo_spacing":0,"ocean_menu_typo_spacing_tablet":0,"ocean_menu_typo_spacing_mobile":0,"ocean_menu_typo_spacing_unit":"","ocean_menu_link_color":"","ocean_menu_link_color_hover":"","ocean_menu_link_color_active":"","ocean_menu_link_background":"","ocean_menu_link_hover_background":"","ocean_menu_link_active_background":"","ocean_menu_social_links_bg":"","ocean_menu_social_hover_links_bg":"","ocean_menu_social_links_color":"","ocean_menu_social_hover_links_color":"","ocean_disable_title":"default","ocean_disable_heading":"on","ocean_post_title":"","ocean_post_subheading":"","ocean_post_title_style":"","ocean_post_title_background_color":"","ocean_post_title_background":0,"ocean_post_title_bg_image_position":"","ocean_post_title_bg_image_attachment":"","ocean_post_title_bg_image_repeat":"","ocean_post_title_bg_image_size":"","ocean_post_title_height":0,"ocean_post_title_bg_overlay":0.5,"ocean_post_title_bg_overlay_color":"","ocean_disable_breadcrumbs":"default","ocean_breadcrumbs_color":"","ocean_breadcrumbs_separator_color":"","ocean_breadcrumbs_links_color":"","ocean_breadcrumbs_links_hover_color":"","ocean_display_footer_widgets":"default","ocean_display_footer_bottom":"default","ocean_custom_footer_template":"0","footnotes":""},"class_list":["post-1009135","page","type-page","status-publish","hentry","entry"],"acf":[],"yoast_head":"<!-- This site is optimized with the Yoast SEO plugin v27.2 - https:\/\/yoast.com\/product\/yoast-seo-wordpress\/ -->\n<title>LA CALDERA - Web de Turismo del Ayuntamiento de La Orotava<\/title>\n<meta name=\"robots\" content=\"index, follow, max-snippet:-1, max-image-preview:large, max-video-preview:-1\" \/>\n<link rel=\"canonical\" href=\"https:\/\/www.laorotava.es\/turismo\/fr\/la-caldera-2\/\" \/>\n<meta property=\"og:locale\" content=\"es_ES\" \/>\n<meta property=\"og:type\" content=\"article\" \/>\n<meta property=\"og:title\" content=\"LA CALDERA - Web de Turismo del Ayuntamiento de La Orotava\" \/>\n<meta property=\"og:description\" content=\"LA CALDERA La zone de loisirs de La Caldera est situ\u00e9e dans les hauteurs de La Orotava, juste apr\u00e8s le quartier d&#8217;Aguamansa. C&#8217;est l&#8217;une des zones de loisirs les plus compl\u00e8tes du nord de l&#8217;\u00eele de Tenerife, ce qui explique qu&#8217;elle accueille un grand nombre de visiteurs tout au long de l&#8217;ann\u00e9e. La Caldera dispose de plusieurs services, dont des parkings, un bar-restaurant, une grande aire de jeux pour enfants, des toilettes publiques (sans douches), des grilles de barbecue, des tables et une aire de camping. Cette zone de loisirs est le point de d\u00e9part de nombreux sentiers de randonn\u00e9e dans les environs. Altitude : 1.000 m\u00e8tres. Adresse : Carretera de la Orotava a las Ca\u00f1adas (TF-21). Tourner \u00e0 gauche au km 16,2. Prix : gratuit Capacit\u00e9 : 50 personnes. Lignes de bus : 348 &#8211; 345.\" \/>\n<meta property=\"og:url\" content=\"https:\/\/www.laorotava.es\/turismo\/fr\/la-caldera-2\/\" \/>\n<meta property=\"og:site_name\" content=\"Web de Turismo del Ayuntamiento de La Orotava\" \/>\n<meta property=\"article:publisher\" content=\"https:\/\/www.facebook.com\/TurismoLaOrotava\/\" \/>\n<meta property=\"article:modified_time\" content=\"2022-09-19T12:39:27+00:00\" \/>\n<meta property=\"og:image\" content=\"https:\/\/www.laorotava.es\/sites\/default\/files\/styles\/detalle_lugar\/public\/001._area_recreativa_la_caldera.jpg?itok=6EvoJi7e\" \/>\n<meta name=\"twitter:card\" content=\"summary_large_image\" \/>\n<meta name=\"twitter:site\" content=\"@LaOrotava\" \/>\n<meta name=\"twitter:label1\" content=\"Tiempo de lectura\" \/>\n\t<meta name=\"twitter:data1\" content=\"1 minuto\" \/>\n<script type=\"application\/ld+json\" class=\"yoast-schema-graph\">{\"@context\":\"https:\/\/schema.org\",\"@graph\":[{\"@type\":\"WebPage\",\"@id\":\"https:\/\/www.laorotava.es\/turismo\/fr\/la-caldera-2\/\",\"url\":\"https:\/\/www.laorotava.es\/turismo\/fr\/la-caldera-2\/\",\"name\":\"LA CALDERA - Web de Turismo del Ayuntamiento de La Orotava\",\"isPartOf\":{\"@id\":\"https:\/\/www.laorotava.es\/turismo\/#website\"},\"primaryImageOfPage\":{\"@id\":\"https:\/\/www.laorotava.es\/turismo\/fr\/la-caldera-2\/#primaryimage\"},\"image\":{\"@id\":\"https:\/\/www.laorotava.es\/turismo\/fr\/la-caldera-2\/#primaryimage\"},\"thumbnailUrl\":\"https:\/\/www.laorotava.es\/sites\/default\/files\/styles\/detalle_lugar\/public\/001._area_recreativa_la_caldera.jpg?itok=6EvoJi7e\",\"datePublished\":\"2022-09-19T12:39:16+00:00\",\"dateModified\":\"2022-09-19T12:39:27+00:00\",\"breadcrumb\":{\"@id\":\"https:\/\/www.laorotava.es\/turismo\/fr\/la-caldera-2\/#breadcrumb\"},\"inLanguage\":\"es\",\"potentialAction\":[{\"@type\":\"ReadAction\",\"target\":[\"https:\/\/www.laorotava.es\/turismo\/fr\/la-caldera-2\/\"]}]},{\"@type\":\"ImageObject\",\"inLanguage\":\"es\",\"@id\":\"https:\/\/www.laorotava.es\/turismo\/fr\/la-caldera-2\/#primaryimage\",\"url\":\"https:\/\/www.laorotava.es\/sites\/default\/files\/styles\/detalle_lugar\/public\/001._area_recreativa_la_caldera.jpg?itok=6EvoJi7e\",\"contentUrl\":\"https:\/\/www.laorotava.es\/sites\/default\/files\/styles\/detalle_lugar\/public\/001._area_recreativa_la_caldera.jpg?itok=6EvoJi7e\"},{\"@type\":\"BreadcrumbList\",\"@id\":\"https:\/\/www.laorotava.es\/turismo\/fr\/la-caldera-2\/#breadcrumb\",\"itemListElement\":[{\"@type\":\"ListItem\",\"position\":1,\"name\":\"Portada\",\"item\":\"https:\/\/www.laorotava.es\/turismo\/\"},{\"@type\":\"ListItem\",\"position\":2,\"name\":\"LA CALDERA\"}]},{\"@type\":\"WebSite\",\"@id\":\"https:\/\/www.laorotava.es\/turismo\/#website\",\"url\":\"https:\/\/www.laorotava.es\/turismo\/\",\"name\":\"Web de Turismo del Ayuntamiento de La Orotava\",\"description\":\"\",\"publisher\":{\"@id\":\"https:\/\/www.laorotava.es\/turismo\/#organization\"},\"potentialAction\":[{\"@type\":\"SearchAction\",\"target\":{\"@type\":\"EntryPoint\",\"urlTemplate\":\"https:\/\/www.laorotava.es\/turismo\/?s={search_term_string}\"},\"query-input\":{\"@type\":\"PropertyValueSpecification\",\"valueRequired\":true,\"valueName\":\"search_term_string\"}}],\"inLanguage\":\"es\"},{\"@type\":\"Organization\",\"@id\":\"https:\/\/www.laorotava.es\/turismo\/#organization\",\"name\":\"Ayuntamiento de La Orotava\",\"url\":\"https:\/\/www.laorotava.es\/turismo\/\",\"logo\":{\"@type\":\"ImageObject\",\"inLanguage\":\"es\",\"@id\":\"https:\/\/www.laorotava.es\/turismo\/#\/schema\/logo\/image\/\",\"url\":\"https:\/\/www.laorotava.es\/turismo\/wp-content\/uploads\/2022\/08\/logo.png\",\"contentUrl\":\"https:\/\/www.laorotava.es\/turismo\/wp-content\/uploads\/2022\/08\/logo.png\",\"width\":1195,\"height\":180,\"caption\":\"Ayuntamiento de La Orotava\"},\"image\":{\"@id\":\"https:\/\/www.laorotava.es\/turismo\/#\/schema\/logo\/image\/\"},\"sameAs\":[\"https:\/\/www.facebook.com\/TurismoLaOrotava\/\",\"https:\/\/x.com\/LaOrotava\"]}]}<\/script>\n<!-- \/ Yoast SEO plugin. -->","yoast_head_json":{"title":"LA CALDERA - Web de Turismo del Ayuntamiento de La Orotava","robots":{"index":"index","follow":"follow","max-snippet":"max-snippet:-1","max-image-preview":"max-image-preview:large","max-video-preview":"max-video-preview:-1"},"canonical":"https:\/\/www.laorotava.es\/turismo\/fr\/la-caldera-2\/","og_locale":"es_ES","og_type":"article","og_title":"LA CALDERA - Web de Turismo del Ayuntamiento de La Orotava","og_description":"LA CALDERA La zone de loisirs de La Caldera est situ\u00e9e dans les hauteurs de La Orotava, juste apr\u00e8s le quartier d&#8217;Aguamansa. C&#8217;est l&#8217;une des zones de loisirs les plus compl\u00e8tes du nord de l&#8217;\u00eele de Tenerife, ce qui explique qu&#8217;elle accueille un grand nombre de visiteurs tout au long de l&#8217;ann\u00e9e. La Caldera dispose de plusieurs services, dont des parkings, un bar-restaurant, une grande aire de jeux pour enfants, des toilettes publiques (sans douches), des grilles de barbecue, des tables et une aire de camping. Cette zone de loisirs est le point de d\u00e9part de nombreux sentiers de randonn\u00e9e dans les environs. Altitude : 1.000 m\u00e8tres. Adresse : Carretera de la Orotava a las Ca\u00f1adas (TF-21). Tourner \u00e0 gauche au km 16,2. Prix : gratuit Capacit\u00e9 : 50 personnes. Lignes de bus : 348 &#8211; 345.","og_url":"https:\/\/www.laorotava.es\/turismo\/fr\/la-caldera-2\/","og_site_name":"Web de Turismo del Ayuntamiento de La Orotava","article_publisher":"https:\/\/www.facebook.com\/TurismoLaOrotava\/","article_modified_time":"2022-09-19T12:39:27+00:00","og_image":[{"url":"https:\/\/www.laorotava.es\/sites\/default\/files\/styles\/detalle_lugar\/public\/001._area_recreativa_la_caldera.jpg?itok=6EvoJi7e","type":"","width":"","height":""}],"twitter_card":"summary_large_image","twitter_site":"@LaOrotava","twitter_misc":{"Tiempo de lectura":"1 minuto"},"schema":{"@context":"https:\/\/schema.org","@graph":[{"@type":"WebPage","@id":"https:\/\/www.laorotava.es\/turismo\/fr\/la-caldera-2\/","url":"https:\/\/www.laorotava.es\/turismo\/fr\/la-caldera-2\/","name":"LA CALDERA - Web de Turismo del Ayuntamiento de La Orotava","isPartOf":{"@id":"https:\/\/www.laorotava.es\/turismo\/#website"},"primaryImageOfPage":{"@id":"https:\/\/www.laorotava.es\/turismo\/fr\/la-caldera-2\/#primaryimage"},"image":{"@id":"https:\/\/www.laorotava.es\/turismo\/fr\/la-caldera-2\/#primaryimage"},"thumbnailUrl":"https:\/\/www.laorotava.es\/sites\/default\/files\/styles\/detalle_lugar\/public\/001._area_recreativa_la_caldera.jpg?itok=6EvoJi7e","datePublished":"2022-09-19T12:39:16+00:00","dateModified":"2022-09-19T12:39:27+00:00","breadcrumb":{"@id":"https:\/\/www.laorotava.es\/turismo\/fr\/la-caldera-2\/#breadcrumb"},"inLanguage":"es","potentialAction":[{"@type":"ReadAction","target":["https:\/\/www.laorotava.es\/turismo\/fr\/la-caldera-2\/"]}]},{"@type":"ImageObject","inLanguage":"es","@id":"https:\/\/www.laorotava.es\/turismo\/fr\/la-caldera-2\/#primaryimage","url":"https:\/\/www.laorotava.es\/sites\/default\/files\/styles\/detalle_lugar\/public\/001._area_recreativa_la_caldera.jpg?itok=6EvoJi7e","contentUrl":"https:\/\/www.laorotava.es\/sites\/default\/files\/styles\/detalle_lugar\/public\/001._area_recreativa_la_caldera.jpg?itok=6EvoJi7e"},{"@type":"BreadcrumbList","@id":"https:\/\/www.laorotava.es\/turismo\/fr\/la-caldera-2\/#breadcrumb","itemListElement":[{"@type":"ListItem","position":1,"name":"Portada","item":"https:\/\/www.laorotava.es\/turismo\/"},{"@type":"ListItem","position":2,"name":"LA CALDERA"}]},{"@type":"WebSite","@id":"https:\/\/www.laorotava.es\/turismo\/#website","url":"https:\/\/www.laorotava.es\/turismo\/","name":"Web de Turismo del Ayuntamiento de La Orotava","description":"","publisher":{"@id":"https:\/\/www.laorotava.es\/turismo\/#organization"},"potentialAction":[{"@type":"SearchAction","target":{"@type":"EntryPoint","urlTemplate":"https:\/\/www.laorotava.es\/turismo\/?s={search_term_string}"},"query-input":{"@type":"PropertyValueSpecification","valueRequired":true,"valueName":"search_term_string"}}],"inLanguage":"es"},{"@type":"Organization","@id":"https:\/\/www.laorotava.es\/turismo\/#organization","name":"Ayuntamiento de La Orotava","url":"https:\/\/www.laorotava.es\/turismo\/","logo":{"@type":"ImageObject","inLanguage":"es","@id":"https:\/\/www.laorotava.es\/turismo\/#\/schema\/logo\/image\/","url":"https:\/\/www.laorotava.es\/turismo\/wp-content\/uploads\/2022\/08\/logo.png","contentUrl":"https:\/\/www.laorotava.es\/turismo\/wp-content\/uploads\/2022\/08\/logo.png","width":1195,"height":180,"caption":"Ayuntamiento de La Orotava"},"image":{"@id":"https:\/\/www.laorotava.es\/turismo\/#\/schema\/logo\/image\/"},"sameAs":["https:\/\/www.facebook.com\/TurismoLaOrotava\/","https:\/\/x.com\/LaOrotava"]}]}},"_links":{"self":[{"href":"https:\/\/www.laorotava.es\/turismo\/wp-json\/wp\/v2\/pages\/1009135","targetHints":{"allow":["GET"]}}],"collection":[{"href":"https:\/\/www.laorotava.es\/turismo\/wp-json\/wp\/v2\/pages"}],"about":[{"href":"https:\/\/www.laorotava.es\/turismo\/wp-json\/wp\/v2\/types\/page"}],"author":[{"embeddable":true,"href":"https:\/\/www.laorotava.es\/turismo\/wp-json\/wp\/v2\/users\/3"}],"replies":[{"embeddable":true,"href":"https:\/\/www.laorotava.es\/turismo\/wp-json\/wp\/v2\/comments?post=1009135"}],"version-history":[{"count":0,"href":"https:\/\/www.laorotava.es\/turismo\/wp-json\/wp\/v2\/pages\/1009135\/revisions"}],"wp:attachment":[{"href":"https:\/\/www.laorotava.es\/turismo\/wp-json\/wp\/v2\/media?parent=1009135"}],"curies":[{"name":"wp","href":"https:\/\/api.w.org\/{rel}","templated":true}]}}