{"id":1009553,"date":"2022-09-26T10:33:09","date_gmt":"2022-09-26T10:33:09","guid":{"rendered":"https:\/\/www.laorotava.es\/turismo\/?page_id=1009553"},"modified":"2023-07-24T11:07:05","modified_gmt":"2023-07-24T11:07:05","slug":"zones-descalade-de-vtt-et-de-canyoning-a-la-orotava","status":"publish","type":"page","link":"https:\/\/www.laorotava.es\/turismo\/fr\/zones-descalade-de-vtt-et-de-canyoning-a-la-orotava\/","title":{"rendered":"ZONES D&#8217;ESCALADE, DE VTT ET DE CANYONING \u00c0 LA OROTAVA"},"content":{"rendered":"\t\t<div data-elementor-type=\"wp-page\" data-elementor-id=\"1009553\" class=\"elementor elementor-1009553\">\n\t\t\t\t\t\t<section class=\"elementor-section elementor-top-section elementor-element elementor-element-4986fa43 elementor-section-stretched elementor-section-boxed elementor-section-height-default elementor-section-height-default wpr-particle-no wpr-jarallax-no wpr-parallax-no wpr-sticky-section-no\" data-id=\"4986fa43\" data-element_type=\"section\" data-e-type=\"section\" data-settings=\"{&quot;stretch_section&quot;:&quot;section-stretched&quot;}\">\n\t\t\t\t\t\t<div class=\"elementor-container elementor-column-gap-default\">\n\t\t\t\t\t<div class=\"elementor-column elementor-col-100 elementor-top-column elementor-element elementor-element-61cc5b20\" data-id=\"61cc5b20\" data-element_type=\"column\" data-e-type=\"column\">\n\t\t\t<div class=\"elementor-widget-wrap elementor-element-populated\">\n\t\t\t\t\t\t<div class=\"elementor-element elementor-element-1ef6193 elementor-widget elementor-widget-heading\" data-id=\"1ef6193\" data-element_type=\"widget\" data-e-type=\"widget\" data-widget_type=\"heading.default\">\n\t\t\t\t<div class=\"elementor-widget-container\">\n\t\t\t\t\t<h2 class=\"elementor-heading-title elementor-size-small\">ZONES D'ESCALADE, DE VTT ET DE CANYONING \u00c0 LA OROTAVA<\/h2>\t\t\t\t<\/div>\n\t\t\t\t<\/div>\n\t\t\t\t<div class=\"elementor-element elementor-element-fbf36b2 elementor-widget-divider--view-line elementor-widget elementor-widget-divider\" data-id=\"fbf36b2\" data-element_type=\"widget\" data-e-type=\"widget\" data-widget_type=\"divider.default\">\n\t\t\t\t<div class=\"elementor-widget-container\">\n\t\t\t\t\t\t\t<div class=\"elementor-divider\">\n\t\t\t<span class=\"elementor-divider-separator\">\n\t\t\t\t\t\t<\/span>\n\t\t<\/div>\n\t\t\t\t\t\t<\/div>\n\t\t\t\t<\/div>\n\t\t\t\t<div class=\"elementor-element elementor-element-2683b17d elementor-widget elementor-widget-text-editor\" data-id=\"2683b17d\" data-element_type=\"widget\" data-e-type=\"widget\" data-widget_type=\"text-editor.default\">\n\t\t\t\t<div class=\"elementor-widget-container\">\n\t\t\t\t\t\t\t\t\t<p><span style=\"color: #444444;\"><img decoding=\"async\" class=\"alignnone\" src=\"https:\/\/www.laorotava.es\/sites\/default\/files\/styles\/detalle_lugar\/public\/img-20170803-wa0003.jpg?itok=VLaXnUkB\" \/><\/span><\/p><p><span style=\"color: #444444;\"><img decoding=\"async\" src=\"https:\/\/www.laorotava.es\/sites\/default\/files\/009_la_orotava_y_su_parque_nacional_patrimonio_mundial_unesco.jpg\" \/><\/span><\/p><p><span style=\"color: #444444;\">\u00c0 La Orotava, il est possible de s&#8217;initier au monde de l&#8217;escalade gr\u00e2ce \u00e0 diff\u00e9rentes zones pour\u00a0<\/span><span style=\"color: #444444; font-size: 14px;\">pratiquer ce sport de montagne, avec les meilleures pentes pour commencer \u00e0 grimper et\u00a0<\/span><span style=\"color: #444444; font-size: 14px;\">obtenir un bon et solide apprentissage. Pour cela, nous disposons de plusieurs entreprises\u00a0<\/span><span style=\"color: #444444; font-size: 14px;\">sp\u00e9cialis\u00e9es qui peuvent vous emmener aux endroits les plus impressionnants \u00e0 escalader,\u00a0<\/span><span style=\"color: #444444; font-size: 14px;\">comme la Ca\u00f1ada del Capricho, de los Cachorros ou La Catedral. De plus, si vous aimez la\u00a0<\/span><span style=\"color: #444444; font-size: 14px;\">descente en rappel, vous pouvez profiter des fonds de nos ravins comme Los Arcos \u00e0\u00a0<\/span><span style=\"color: #444444; font-size: 14px;\">Chimoche, un endroit idyllique mais non sans danger.\u00a0<\/span><span style=\"color: #444444; font-family: Roboto, sans-serif; font-size: 14px;\">\u00a0<\/span><\/p><p><span style=\"color: #444444;\">Le vaste r\u00e9seau de pistes foresti\u00e8res de La Orotava nous permet de profiter de la nature si\u00a0<\/span><span style=\"color: #444444; font-size: 14px;\">nous aimons le VTT. En groupe ou individuellement, nous pouvons pratiquer notre sport\u00a0<\/span><span style=\"color: #444444; font-size: 14px;\">pr\u00e9f\u00e9r\u00e9. Les randonneurs et les marcheurs, les cyclistes et les cavaliers peuvent circuler sur\u00a0<\/span><span style=\"color: #444444; font-size: 14px;\">n&#8217;importe quelle piste foresti\u00e8re, en faisant preuve de prudence. Il existe \u00e9galement un r\u00e9seau\u00a0<\/span><span style=\"color: #444444; font-size: 14px;\">de pistes pour la circulation des v\u00e9hicules \u00e0 moteur \u00e0 des fins r\u00e9cr\u00e9atives.<\/span><\/p><p><a href=\"https:\/\/www.tenerife.es\/portalcabtfe\/es\/temas\/medio-ambiente-de-tenerife\/pistas-forestales\"><span style=\"color: #4a911d;\">https:\/\/www.tenerife.es\/portalcabtfe\/es\/temas\/medio-ambiente-de-tenerife\/pistas-forestales<\/span><\/a><\/p><p><img decoding=\"async\" src=\"https:\/\/www.laorotava.es\/sites\/default\/files\/captura_de_pantalla_2017-08-15_a_las_16.22.58.png\" \/><\/p><p><img decoding=\"async\" src=\"https:\/\/www.laorotava.es\/sites\/default\/files\/captura_de_pantalla_2017-08-15_a_las_16.23.07.png\" \/><\/p><p><img decoding=\"async\" src=\"https:\/\/www.laorotava.es\/sites\/default\/files\/captura_de_pantalla_2017-08-15_a_las_16.23.13.png\" \/><\/p>\t\t\t\t\t\t\t\t<\/div>\n\t\t\t\t<\/div>\n\t\t\t\t<div class=\"elementor-element elementor-element-23e3f82c elementor-widget elementor-widget-google_maps\" data-id=\"23e3f82c\" data-element_type=\"widget\" data-e-type=\"widget\" data-widget_type=\"google_maps.default\">\n\t\t\t\t<div class=\"elementor-widget-container\">\n\t\t\t\t\t\t\t<div class=\"elementor-custom-embed\">\n\t\t\t<iframe loading=\"lazy\"\n\t\t\t\t\tsrc=\"https:\/\/maps.google.com\/maps?q=pinolere%20trail&#038;t=m&#038;z=16&#038;output=embed&#038;iwloc=near\"\n\t\t\t\t\ttitle=\"pinolere trail\"\n\t\t\t\t\taria-label=\"pinolere trail\"\n\t\t\t><\/iframe>\n\t\t<\/div>\n\t\t\t\t\t\t<\/div>\n\t\t\t\t<\/div>\n\t\t\t\t\t<\/div>\n\t\t<\/div>\n\t\t\t\t\t<\/div>\n\t\t<\/section>\n\t\t\t\t<\/div>\n\t\t","protected":false},"excerpt":{"rendered":"<p>ZONES D&#8217;ESCALADE, DE VTT ET DE CANYONING \u00c0 LA OROTAVA \u00c0 La Orotava, il est possible de s&#8217;initier au monde de l&#8217;escalade gr\u00e2ce \u00e0 diff\u00e9rentes zones pour\u00a0pratiquer ce sport de montagne, avec les meilleures pentes pour commencer \u00e0 grimper et\u00a0obtenir un bon et solide apprentissage. Pour cela, nous disposons de plusieurs entreprises\u00a0sp\u00e9cialis\u00e9es qui peuvent vous emmener aux endroits les plus impressionnants \u00e0 escalader,\u00a0comme la Ca\u00f1ada del Capricho, de los Cachorros ou La Catedral. De plus, si vous aimez la\u00a0descente en rappel, vous pouvez profiter des fonds de nos ravins comme Los Arcos \u00e0\u00a0Chimoche, un endroit idyllique mais non sans danger.\u00a0\u00a0 Le vaste r\u00e9seau de pistes foresti\u00e8res de La Orotava nous permet de profiter de la nature si\u00a0nous aimons le VTT. En groupe ou individuellement, nous pouvons pratiquer notre sport\u00a0pr\u00e9f\u00e9r\u00e9. Les randonneurs et les marcheurs, les cyclistes et les cavaliers peuvent circuler sur\u00a0n&#8217;importe quelle piste foresti\u00e8re, en faisant preuve de prudence. Il existe \u00e9galement un r\u00e9seau\u00a0de pistes pour la circulation des v\u00e9hicules \u00e0 moteur \u00e0 des fins r\u00e9cr\u00e9atives. https:\/\/www.tenerife.es\/portalcabtfe\/es\/temas\/medio-ambiente-de-tenerife\/pistas-forestales<\/p>\n","protected":false},"author":3,"featured_media":0,"parent":0,"menu_order":0,"comment_status":"closed","ping_status":"closed","template":"","meta":{"_acf_changed":false,"ocean_post_layout":"","ocean_both_sidebars_style":"","ocean_both_sidebars_content_width":0,"ocean_both_sidebars_sidebars_width":0,"ocean_sidebar":"0","ocean_second_sidebar":"0","ocean_disable_margins":"enable","ocean_add_body_class":"","ocean_shortcode_before_top_bar":"","ocean_shortcode_after_top_bar":"","ocean_shortcode_before_header":"","ocean_shortcode_after_header":"","ocean_has_shortcode":"","ocean_shortcode_after_title":"","ocean_shortcode_before_footer_widgets":"","ocean_shortcode_after_footer_widgets":"","ocean_shortcode_before_footer_bottom":"","ocean_shortcode_after_footer_bottom":"","ocean_display_top_bar":"default","ocean_display_header":"default","ocean_header_style":"","ocean_center_header_left_menu":"0","ocean_custom_header_template":"0","ocean_custom_logo":0,"ocean_custom_retina_logo":0,"ocean_custom_logo_max_width":0,"ocean_custom_logo_tablet_max_width":0,"ocean_custom_logo_mobile_max_width":0,"ocean_custom_logo_max_height":0,"ocean_custom_logo_tablet_max_height":0,"ocean_custom_logo_mobile_max_height":0,"ocean_header_custom_menu":"0","ocean_menu_typo_font_family":"0","ocean_menu_typo_font_subset":"","ocean_menu_typo_font_size":0,"ocean_menu_typo_font_size_tablet":0,"ocean_menu_typo_font_size_mobile":0,"ocean_menu_typo_font_size_unit":"px","ocean_menu_typo_font_weight":"","ocean_menu_typo_font_weight_tablet":"","ocean_menu_typo_font_weight_mobile":"","ocean_menu_typo_transform":"","ocean_menu_typo_transform_tablet":"","ocean_menu_typo_transform_mobile":"","ocean_menu_typo_line_height":0,"ocean_menu_typo_line_height_tablet":0,"ocean_menu_typo_line_height_mobile":0,"ocean_menu_typo_line_height_unit":"","ocean_menu_typo_spacing":0,"ocean_menu_typo_spacing_tablet":0,"ocean_menu_typo_spacing_mobile":0,"ocean_menu_typo_spacing_unit":"","ocean_menu_link_color":"","ocean_menu_link_color_hover":"","ocean_menu_link_color_active":"","ocean_menu_link_background":"","ocean_menu_link_hover_background":"","ocean_menu_link_active_background":"","ocean_menu_social_links_bg":"","ocean_menu_social_hover_links_bg":"","ocean_menu_social_links_color":"","ocean_menu_social_hover_links_color":"","ocean_disable_title":"default","ocean_disable_heading":"on","ocean_post_title":"","ocean_post_subheading":"","ocean_post_title_style":"","ocean_post_title_background_color":"","ocean_post_title_background":0,"ocean_post_title_bg_image_position":"","ocean_post_title_bg_image_attachment":"","ocean_post_title_bg_image_repeat":"","ocean_post_title_bg_image_size":"","ocean_post_title_height":0,"ocean_post_title_bg_overlay":0.5,"ocean_post_title_bg_overlay_color":"","ocean_disable_breadcrumbs":"default","ocean_breadcrumbs_color":"","ocean_breadcrumbs_separator_color":"","ocean_breadcrumbs_links_color":"","ocean_breadcrumbs_links_hover_color":"","ocean_display_footer_widgets":"default","ocean_display_footer_bottom":"default","ocean_custom_footer_template":"0","footnotes":""},"class_list":["post-1009553","page","type-page","status-publish","hentry","entry"],"acf":[],"yoast_head":"<!-- This site is optimized with the Yoast SEO plugin v27.2 - https:\/\/yoast.com\/product\/yoast-seo-wordpress\/ -->\n<title>ZONES D&#039;ESCALADE, DE VTT ET DE CANYONING \u00c0 LA OROTAVA - Web de Turismo del Ayuntamiento de La Orotava<\/title>\n<meta name=\"robots\" content=\"index, follow, max-snippet:-1, max-image-preview:large, max-video-preview:-1\" \/>\n<link rel=\"canonical\" href=\"https:\/\/www.laorotava.es\/turismo\/fr\/zones-descalade-de-vtt-et-de-canyoning-a-la-orotava\/\" \/>\n<meta property=\"og:locale\" content=\"es_ES\" \/>\n<meta property=\"og:type\" content=\"article\" \/>\n<meta property=\"og:title\" content=\"ZONES D&#039;ESCALADE, DE VTT ET DE CANYONING \u00c0 LA OROTAVA - Web de Turismo del Ayuntamiento de La Orotava\" \/>\n<meta property=\"og:description\" content=\"ZONES D&#8217;ESCALADE, DE VTT ET DE CANYONING \u00c0 LA OROTAVA \u00c0 La Orotava, il est possible de s&#8217;initier au monde de l&#8217;escalade gr\u00e2ce \u00e0 diff\u00e9rentes zones pour\u00a0pratiquer ce sport de montagne, avec les meilleures pentes pour commencer \u00e0 grimper et\u00a0obtenir un bon et solide apprentissage. Pour cela, nous disposons de plusieurs entreprises\u00a0sp\u00e9cialis\u00e9es qui peuvent vous emmener aux endroits les plus impressionnants \u00e0 escalader,\u00a0comme la Ca\u00f1ada del Capricho, de los Cachorros ou La Catedral. De plus, si vous aimez la\u00a0descente en rappel, vous pouvez profiter des fonds de nos ravins comme Los Arcos \u00e0\u00a0Chimoche, un endroit idyllique mais non sans danger.\u00a0\u00a0 Le vaste r\u00e9seau de pistes foresti\u00e8res de La Orotava nous permet de profiter de la nature si\u00a0nous aimons le VTT. En groupe ou individuellement, nous pouvons pratiquer notre sport\u00a0pr\u00e9f\u00e9r\u00e9. Les randonneurs et les marcheurs, les cyclistes et les cavaliers peuvent circuler sur\u00a0n&#8217;importe quelle piste foresti\u00e8re, en faisant preuve de prudence. Il existe \u00e9galement un r\u00e9seau\u00a0de pistes pour la circulation des v\u00e9hicules \u00e0 moteur \u00e0 des fins r\u00e9cr\u00e9atives. https:\/\/www.tenerife.es\/portalcabtfe\/es\/temas\/medio-ambiente-de-tenerife\/pistas-forestales\" \/>\n<meta property=\"og:url\" content=\"https:\/\/www.laorotava.es\/turismo\/fr\/zones-descalade-de-vtt-et-de-canyoning-a-la-orotava\/\" \/>\n<meta property=\"og:site_name\" content=\"Web de Turismo del Ayuntamiento de La Orotava\" \/>\n<meta property=\"article:publisher\" content=\"https:\/\/www.facebook.com\/TurismoLaOrotava\/\" \/>\n<meta property=\"article:modified_time\" content=\"2023-07-24T11:07:05+00:00\" \/>\n<meta property=\"og:image\" content=\"https:\/\/www.laorotava.es\/sites\/default\/files\/styles\/detalle_lugar\/public\/img-20170803-wa0003.jpg?itok=VLaXnUkB\" \/>\n<meta name=\"twitter:card\" content=\"summary_large_image\" \/>\n<meta name=\"twitter:site\" content=\"@LaOrotava\" \/>\n<meta name=\"twitter:label1\" content=\"Tiempo de lectura\" \/>\n\t<meta name=\"twitter:data1\" content=\"2 minutos\" \/>\n<script type=\"application\/ld+json\" class=\"yoast-schema-graph\">{\"@context\":\"https:\/\/schema.org\",\"@graph\":[{\"@type\":\"WebPage\",\"@id\":\"https:\/\/www.laorotava.es\/turismo\/fr\/zones-descalade-de-vtt-et-de-canyoning-a-la-orotava\/\",\"url\":\"https:\/\/www.laorotava.es\/turismo\/fr\/zones-descalade-de-vtt-et-de-canyoning-a-la-orotava\/\",\"name\":\"ZONES D'ESCALADE, DE VTT ET DE CANYONING \u00c0 LA OROTAVA - Web de Turismo del Ayuntamiento de La Orotava\",\"isPartOf\":{\"@id\":\"https:\/\/www.laorotava.es\/turismo\/#website\"},\"primaryImageOfPage\":{\"@id\":\"https:\/\/www.laorotava.es\/turismo\/fr\/zones-descalade-de-vtt-et-de-canyoning-a-la-orotava\/#primaryimage\"},\"image\":{\"@id\":\"https:\/\/www.laorotava.es\/turismo\/fr\/zones-descalade-de-vtt-et-de-canyoning-a-la-orotava\/#primaryimage\"},\"thumbnailUrl\":\"https:\/\/www.laorotava.es\/sites\/default\/files\/styles\/detalle_lugar\/public\/img-20170803-wa0003.jpg?itok=VLaXnUkB\",\"datePublished\":\"2022-09-26T10:33:09+00:00\",\"dateModified\":\"2023-07-24T11:07:05+00:00\",\"breadcrumb\":{\"@id\":\"https:\/\/www.laorotava.es\/turismo\/fr\/zones-descalade-de-vtt-et-de-canyoning-a-la-orotava\/#breadcrumb\"},\"inLanguage\":\"es\",\"potentialAction\":[{\"@type\":\"ReadAction\",\"target\":[\"https:\/\/www.laorotava.es\/turismo\/fr\/zones-descalade-de-vtt-et-de-canyoning-a-la-orotava\/\"]}]},{\"@type\":\"ImageObject\",\"inLanguage\":\"es\",\"@id\":\"https:\/\/www.laorotava.es\/turismo\/fr\/zones-descalade-de-vtt-et-de-canyoning-a-la-orotava\/#primaryimage\",\"url\":\"https:\/\/www.laorotava.es\/sites\/default\/files\/styles\/detalle_lugar\/public\/img-20170803-wa0003.jpg?itok=VLaXnUkB\",\"contentUrl\":\"https:\/\/www.laorotava.es\/sites\/default\/files\/styles\/detalle_lugar\/public\/img-20170803-wa0003.jpg?itok=VLaXnUkB\"},{\"@type\":\"BreadcrumbList\",\"@id\":\"https:\/\/www.laorotava.es\/turismo\/fr\/zones-descalade-de-vtt-et-de-canyoning-a-la-orotava\/#breadcrumb\",\"itemListElement\":[{\"@type\":\"ListItem\",\"position\":1,\"name\":\"Portada\",\"item\":\"https:\/\/www.laorotava.es\/turismo\/\"},{\"@type\":\"ListItem\",\"position\":2,\"name\":\"ZONES D&#8217;ESCALADE, DE VTT ET DE CANYONING \u00c0 LA OROTAVA\"}]},{\"@type\":\"WebSite\",\"@id\":\"https:\/\/www.laorotava.es\/turismo\/#website\",\"url\":\"https:\/\/www.laorotava.es\/turismo\/\",\"name\":\"Web de Turismo del Ayuntamiento de La Orotava\",\"description\":\"\",\"publisher\":{\"@id\":\"https:\/\/www.laorotava.es\/turismo\/#organization\"},\"potentialAction\":[{\"@type\":\"SearchAction\",\"target\":{\"@type\":\"EntryPoint\",\"urlTemplate\":\"https:\/\/www.laorotava.es\/turismo\/?s={search_term_string}\"},\"query-input\":{\"@type\":\"PropertyValueSpecification\",\"valueRequired\":true,\"valueName\":\"search_term_string\"}}],\"inLanguage\":\"es\"},{\"@type\":\"Organization\",\"@id\":\"https:\/\/www.laorotava.es\/turismo\/#organization\",\"name\":\"Ayuntamiento de La Orotava\",\"url\":\"https:\/\/www.laorotava.es\/turismo\/\",\"logo\":{\"@type\":\"ImageObject\",\"inLanguage\":\"es\",\"@id\":\"https:\/\/www.laorotava.es\/turismo\/#\/schema\/logo\/image\/\",\"url\":\"https:\/\/www.laorotava.es\/turismo\/wp-content\/uploads\/2022\/08\/logo.png\",\"contentUrl\":\"https:\/\/www.laorotava.es\/turismo\/wp-content\/uploads\/2022\/08\/logo.png\",\"width\":1195,\"height\":180,\"caption\":\"Ayuntamiento de La Orotava\"},\"image\":{\"@id\":\"https:\/\/www.laorotava.es\/turismo\/#\/schema\/logo\/image\/\"},\"sameAs\":[\"https:\/\/www.facebook.com\/TurismoLaOrotava\/\",\"https:\/\/x.com\/LaOrotava\"]}]}<\/script>\n<!-- \/ Yoast SEO plugin. -->","yoast_head_json":{"title":"ZONES D'ESCALADE, DE VTT ET DE CANYONING \u00c0 LA OROTAVA - Web de Turismo del Ayuntamiento de La Orotava","robots":{"index":"index","follow":"follow","max-snippet":"max-snippet:-1","max-image-preview":"max-image-preview:large","max-video-preview":"max-video-preview:-1"},"canonical":"https:\/\/www.laorotava.es\/turismo\/fr\/zones-descalade-de-vtt-et-de-canyoning-a-la-orotava\/","og_locale":"es_ES","og_type":"article","og_title":"ZONES D'ESCALADE, DE VTT ET DE CANYONING \u00c0 LA OROTAVA - Web de Turismo del Ayuntamiento de La Orotava","og_description":"ZONES D&#8217;ESCALADE, DE VTT ET DE CANYONING \u00c0 LA OROTAVA \u00c0 La Orotava, il est possible de s&#8217;initier au monde de l&#8217;escalade gr\u00e2ce \u00e0 diff\u00e9rentes zones pour\u00a0pratiquer ce sport de montagne, avec les meilleures pentes pour commencer \u00e0 grimper et\u00a0obtenir un bon et solide apprentissage. Pour cela, nous disposons de plusieurs entreprises\u00a0sp\u00e9cialis\u00e9es qui peuvent vous emmener aux endroits les plus impressionnants \u00e0 escalader,\u00a0comme la Ca\u00f1ada del Capricho, de los Cachorros ou La Catedral. De plus, si vous aimez la\u00a0descente en rappel, vous pouvez profiter des fonds de nos ravins comme Los Arcos \u00e0\u00a0Chimoche, un endroit idyllique mais non sans danger.\u00a0\u00a0 Le vaste r\u00e9seau de pistes foresti\u00e8res de La Orotava nous permet de profiter de la nature si\u00a0nous aimons le VTT. En groupe ou individuellement, nous pouvons pratiquer notre sport\u00a0pr\u00e9f\u00e9r\u00e9. Les randonneurs et les marcheurs, les cyclistes et les cavaliers peuvent circuler sur\u00a0n&#8217;importe quelle piste foresti\u00e8re, en faisant preuve de prudence. Il existe \u00e9galement un r\u00e9seau\u00a0de pistes pour la circulation des v\u00e9hicules \u00e0 moteur \u00e0 des fins r\u00e9cr\u00e9atives. https:\/\/www.tenerife.es\/portalcabtfe\/es\/temas\/medio-ambiente-de-tenerife\/pistas-forestales","og_url":"https:\/\/www.laorotava.es\/turismo\/fr\/zones-descalade-de-vtt-et-de-canyoning-a-la-orotava\/","og_site_name":"Web de Turismo del Ayuntamiento de La Orotava","article_publisher":"https:\/\/www.facebook.com\/TurismoLaOrotava\/","article_modified_time":"2023-07-24T11:07:05+00:00","og_image":[{"url":"https:\/\/www.laorotava.es\/sites\/default\/files\/styles\/detalle_lugar\/public\/img-20170803-wa0003.jpg?itok=VLaXnUkB","type":"","width":"","height":""}],"twitter_card":"summary_large_image","twitter_site":"@LaOrotava","twitter_misc":{"Tiempo de lectura":"2 minutos"},"schema":{"@context":"https:\/\/schema.org","@graph":[{"@type":"WebPage","@id":"https:\/\/www.laorotava.es\/turismo\/fr\/zones-descalade-de-vtt-et-de-canyoning-a-la-orotava\/","url":"https:\/\/www.laorotava.es\/turismo\/fr\/zones-descalade-de-vtt-et-de-canyoning-a-la-orotava\/","name":"ZONES D'ESCALADE, DE VTT ET DE CANYONING \u00c0 LA OROTAVA - Web de Turismo del Ayuntamiento de La Orotava","isPartOf":{"@id":"https:\/\/www.laorotava.es\/turismo\/#website"},"primaryImageOfPage":{"@id":"https:\/\/www.laorotava.es\/turismo\/fr\/zones-descalade-de-vtt-et-de-canyoning-a-la-orotava\/#primaryimage"},"image":{"@id":"https:\/\/www.laorotava.es\/turismo\/fr\/zones-descalade-de-vtt-et-de-canyoning-a-la-orotava\/#primaryimage"},"thumbnailUrl":"https:\/\/www.laorotava.es\/sites\/default\/files\/styles\/detalle_lugar\/public\/img-20170803-wa0003.jpg?itok=VLaXnUkB","datePublished":"2022-09-26T10:33:09+00:00","dateModified":"2023-07-24T11:07:05+00:00","breadcrumb":{"@id":"https:\/\/www.laorotava.es\/turismo\/fr\/zones-descalade-de-vtt-et-de-canyoning-a-la-orotava\/#breadcrumb"},"inLanguage":"es","potentialAction":[{"@type":"ReadAction","target":["https:\/\/www.laorotava.es\/turismo\/fr\/zones-descalade-de-vtt-et-de-canyoning-a-la-orotava\/"]}]},{"@type":"ImageObject","inLanguage":"es","@id":"https:\/\/www.laorotava.es\/turismo\/fr\/zones-descalade-de-vtt-et-de-canyoning-a-la-orotava\/#primaryimage","url":"https:\/\/www.laorotava.es\/sites\/default\/files\/styles\/detalle_lugar\/public\/img-20170803-wa0003.jpg?itok=VLaXnUkB","contentUrl":"https:\/\/www.laorotava.es\/sites\/default\/files\/styles\/detalle_lugar\/public\/img-20170803-wa0003.jpg?itok=VLaXnUkB"},{"@type":"BreadcrumbList","@id":"https:\/\/www.laorotava.es\/turismo\/fr\/zones-descalade-de-vtt-et-de-canyoning-a-la-orotava\/#breadcrumb","itemListElement":[{"@type":"ListItem","position":1,"name":"Portada","item":"https:\/\/www.laorotava.es\/turismo\/"},{"@type":"ListItem","position":2,"name":"ZONES D&#8217;ESCALADE, DE VTT ET DE CANYONING \u00c0 LA OROTAVA"}]},{"@type":"WebSite","@id":"https:\/\/www.laorotava.es\/turismo\/#website","url":"https:\/\/www.laorotava.es\/turismo\/","name":"Web de Turismo del Ayuntamiento de La Orotava","description":"","publisher":{"@id":"https:\/\/www.laorotava.es\/turismo\/#organization"},"potentialAction":[{"@type":"SearchAction","target":{"@type":"EntryPoint","urlTemplate":"https:\/\/www.laorotava.es\/turismo\/?s={search_term_string}"},"query-input":{"@type":"PropertyValueSpecification","valueRequired":true,"valueName":"search_term_string"}}],"inLanguage":"es"},{"@type":"Organization","@id":"https:\/\/www.laorotava.es\/turismo\/#organization","name":"Ayuntamiento de La Orotava","url":"https:\/\/www.laorotava.es\/turismo\/","logo":{"@type":"ImageObject","inLanguage":"es","@id":"https:\/\/www.laorotava.es\/turismo\/#\/schema\/logo\/image\/","url":"https:\/\/www.laorotava.es\/turismo\/wp-content\/uploads\/2022\/08\/logo.png","contentUrl":"https:\/\/www.laorotava.es\/turismo\/wp-content\/uploads\/2022\/08\/logo.png","width":1195,"height":180,"caption":"Ayuntamiento de La Orotava"},"image":{"@id":"https:\/\/www.laorotava.es\/turismo\/#\/schema\/logo\/image\/"},"sameAs":["https:\/\/www.facebook.com\/TurismoLaOrotava\/","https:\/\/x.com\/LaOrotava"]}]}},"_links":{"self":[{"href":"https:\/\/www.laorotava.es\/turismo\/wp-json\/wp\/v2\/pages\/1009553","targetHints":{"allow":["GET"]}}],"collection":[{"href":"https:\/\/www.laorotava.es\/turismo\/wp-json\/wp\/v2\/pages"}],"about":[{"href":"https:\/\/www.laorotava.es\/turismo\/wp-json\/wp\/v2\/types\/page"}],"author":[{"embeddable":true,"href":"https:\/\/www.laorotava.es\/turismo\/wp-json\/wp\/v2\/users\/3"}],"replies":[{"embeddable":true,"href":"https:\/\/www.laorotava.es\/turismo\/wp-json\/wp\/v2\/comments?post=1009553"}],"version-history":[{"count":3,"href":"https:\/\/www.laorotava.es\/turismo\/wp-json\/wp\/v2\/pages\/1009553\/revisions"}],"predecessor-version":[{"id":1019771,"href":"https:\/\/www.laorotava.es\/turismo\/wp-json\/wp\/v2\/pages\/1009553\/revisions\/1019771"}],"wp:attachment":[{"href":"https:\/\/www.laorotava.es\/turismo\/wp-json\/wp\/v2\/media?parent=1009553"}],"curies":[{"name":"wp","href":"https:\/\/api.w.org\/{rel}","templated":true}]}}