{"id":1012751,"date":"2022-10-05T12:33:54","date_gmt":"2022-10-05T12:33:54","guid":{"rendered":"https:\/\/www.laorotava.es\/turismo\/?page_id=1012751"},"modified":"2023-11-30T12:05:09","modified_gmt":"2023-11-30T12:05:09","slug":"4-ruta-turistica-tesoros-conventuales-de-la-orotava-por-parte-del-museo-sacro-el-tesoro-de-la-concepcion","status":"publish","type":"page","link":"https:\/\/www.laorotava.es\/turismo\/4-ruta-turistica-tesoros-conventuales-de-la-orotava-por-parte-del-museo-sacro-el-tesoro-de-la-concepcion\/","title":{"rendered":"4. Ruta tur\u00edstica \u201cTesoros Conventuales de La Orotava\u201d por parte del Museo Sacro \u201cEl Tesoro de La Concepci\u00f3n\u201d."},"content":{"rendered":"\t\t<div data-elementor-type=\"wp-page\" data-elementor-id=\"1012751\" class=\"elementor elementor-1012751\">\n\t\t\t\t\t\t<section class=\"elementor-section elementor-top-section elementor-element elementor-element-40a5c647 elementor-section-stretched elementor-section-boxed elementor-section-height-default elementor-section-height-default wpr-particle-no wpr-jarallax-no wpr-parallax-no wpr-sticky-section-no\" data-id=\"40a5c647\" data-element_type=\"section\" data-e-type=\"section\" data-settings=\"{&quot;stretch_section&quot;:&quot;section-stretched&quot;}\">\n\t\t\t\t\t\t<div class=\"elementor-container elementor-column-gap-default\">\n\t\t\t\t\t<div class=\"elementor-column elementor-col-100 elementor-top-column elementor-element elementor-element-365f2241\" data-id=\"365f2241\" data-element_type=\"column\" data-e-type=\"column\">\n\t\t\t<div class=\"elementor-widget-wrap elementor-element-populated\">\n\t\t\t\t\t\t<div class=\"elementor-element elementor-element-6309c852 elementor-widget elementor-widget-heading\" data-id=\"6309c852\" data-element_type=\"widget\" data-e-type=\"widget\" data-widget_type=\"heading.default\">\n\t\t\t\t<div class=\"elementor-widget-container\">\n\t\t\t\t\t<h2 class=\"elementor-heading-title elementor-size-small\">4. Ruta tur\u00edstica \u201cTesoros Conventuales de La Orotava\u201d por parte del Museo Sacro \u201cEl Tesoro de La Concepci\u00f3n\u201d.\n<\/h2>\t\t\t\t<\/div>\n\t\t\t\t<\/div>\n\t\t\t\t<div class=\"elementor-element elementor-element-39972307 elementor-widget-divider--view-line elementor-widget elementor-widget-divider\" data-id=\"39972307\" data-element_type=\"widget\" data-e-type=\"widget\" data-widget_type=\"divider.default\">\n\t\t\t\t<div class=\"elementor-widget-container\">\n\t\t\t\t\t\t\t<div class=\"elementor-divider\">\n\t\t\t<span class=\"elementor-divider-separator\">\n\t\t\t\t\t\t<\/span>\n\t\t<\/div>\n\t\t\t\t\t\t<\/div>\n\t\t\t\t<\/div>\n\t\t\t\t<section class=\"elementor-section elementor-inner-section elementor-element elementor-element-4f0f44ab elementor-section-boxed elementor-section-height-default elementor-section-height-default wpr-particle-no wpr-jarallax-no wpr-parallax-no wpr-sticky-section-no\" data-id=\"4f0f44ab\" data-element_type=\"section\" data-e-type=\"section\">\n\t\t\t\t\t\t<div class=\"elementor-container elementor-column-gap-default\">\n\t\t\t\t\t<div class=\"elementor-column elementor-col-50 elementor-inner-column elementor-element elementor-element-5a49ca09\" data-id=\"5a49ca09\" data-element_type=\"column\" data-e-type=\"column\">\n\t\t\t<div class=\"elementor-widget-wrap elementor-element-populated\">\n\t\t\t\t\t\t<div class=\"elementor-element elementor-element-112d34e elementor-widget elementor-widget-image\" data-id=\"112d34e\" data-element_type=\"widget\" data-e-type=\"widget\" data-widget_type=\"image.default\">\n\t\t\t\t<div class=\"elementor-widget-container\">\n\t\t\t\t\t\t\t\t\t\t\t\t\t\t\t<img fetchpriority=\"high\" decoding=\"async\" width=\"432\" height=\"260\" src=\"https:\/\/www.laorotava.es\/turismo\/wp-content\/uploads\/2022\/10\/museo-de-arte-sacro.jpg\" class=\"attachment-large size-large wp-image-1012757\" alt=\"\" srcset=\"https:\/\/www.laorotava.es\/turismo\/wp-content\/uploads\/2022\/10\/museo-de-arte-sacro.jpg 432w, https:\/\/www.laorotava.es\/turismo\/wp-content\/uploads\/2022\/10\/museo-de-arte-sacro-300x181.jpg 300w, https:\/\/www.laorotava.es\/turismo\/wp-content\/uploads\/2022\/10\/museo-de-arte-sacro-350x211.jpg 350w\" sizes=\"(max-width: 432px) 100vw, 432px\" \/>\t\t\t\t\t\t\t\t\t\t\t\t\t\t\t<\/div>\n\t\t\t\t<\/div>\n\t\t\t\t\t<\/div>\n\t\t<\/div>\n\t\t\t\t<div class=\"elementor-column elementor-col-50 elementor-inner-column elementor-element elementor-element-4ac47fb\" data-id=\"4ac47fb\" data-element_type=\"column\" data-e-type=\"column\">\n\t\t\t<div class=\"elementor-widget-wrap elementor-element-populated\">\n\t\t\t\t\t\t<div class=\"elementor-element elementor-element-35c3ba4f elementor-icon-list--layout-traditional elementor-list-item-link-full_width elementor-widget elementor-widget-icon-list\" data-id=\"35c3ba4f\" data-element_type=\"widget\" data-e-type=\"widget\" data-widget_type=\"icon-list.default\">\n\t\t\t\t<div class=\"elementor-widget-container\">\n\t\t\t\t\t\t\t<ul class=\"elementor-icon-list-items\">\n\t\t\t\t\t\t\t<li class=\"elementor-icon-list-item\">\n\t\t\t\t\t\t\t\t\t\t\t<span class=\"elementor-icon-list-icon\">\n\t\t\t\t\t\t\t<i aria-hidden=\"true\" class=\"fas fa-mobile-alt\"><\/i>\t\t\t\t\t\t<\/span>\n\t\t\t\t\t\t\t\t\t\t<span class=\"elementor-icon-list-text\">615462369<\/span>\n\t\t\t\t\t\t\t\t\t<\/li>\n\t\t\t\t\t\t\t\t<li class=\"elementor-icon-list-item\">\n\t\t\t\t\t\t\t\t\t\t\t<a href=\"mailto:adolfo.rest@gmail.com\">\n\n\t\t\t\t\t\t\t\t\t\t\t\t<span class=\"elementor-icon-list-icon\">\n\t\t\t\t\t\t\t<i aria-hidden=\"true\" class=\"fas fa-envelope\"><\/i>\t\t\t\t\t\t<\/span>\n\t\t\t\t\t\t\t\t\t\t<span class=\"elementor-icon-list-text\">adolfo.rest@gmail.com<\/span>\n\t\t\t\t\t\t\t\t\t\t\t<\/a>\n\t\t\t\t\t\t\t\t\t<\/li>\n\t\t\t\t\t\t\t\t<li class=\"elementor-icon-list-item\">\n\t\t\t\t\t\t\t\t\t\t\t<a href=\"https:\/\/www.concepcionorotava.info\">\n\n\t\t\t\t\t\t\t\t\t\t\t\t<span class=\"elementor-icon-list-icon\">\n\t\t\t\t\t\t\t<i aria-hidden=\"true\" class=\"fas fa-tv\"><\/i>\t\t\t\t\t\t<\/span>\n\t\t\t\t\t\t\t\t\t\t<span class=\"elementor-icon-list-text\">www.concepcionorotava.info<\/span>\n\t\t\t\t\t\t\t\t\t\t\t<\/a>\n\t\t\t\t\t\t\t\t\t<\/li>\n\t\t\t\t\t\t<\/ul>\n\t\t\t\t\t\t<\/div>\n\t\t\t\t<\/div>\n\t\t\t\t<div class=\"elementor-element elementor-element-391eef59 elementor-widget elementor-widget-text-editor\" data-id=\"391eef59\" data-element_type=\"widget\" data-e-type=\"widget\" data-widget_type=\"text-editor.default\">\n\t\t\t\t<div class=\"elementor-widget-container\">\n\t\t\t\t\t\t\t\t\t<p><span style=\"color: #444444;\">Se visitar\u00e1n aquellos templos conventuales que a\u00fan perviven, as\u00ed como los diferentes elementos de los cenobios desaparecidos que se hayan diseminados por el casco hist\u00f3rico. el camar\u00edn de la iglesia de San Agust\u00edn y el coro, la iglesia de San Francisco, el claustro, las ruinas del templo de San Lorenzo y su entorno. Contar\u00e1 igualmente con una peque\u00f1a muestra de los bienes muebles de procedencia conventual que posee el Museo Sacro. Tiene como t\u00e9rmino una degustaci\u00f3n de reposter\u00eda monacal canaria en la que se podr\u00e1 disfrutar de los \u201cAlfe\u00f1iques de San Nicol\u00e1s\u201d, dulces que preparaban las monjas dominicas del convento de San Nicol\u00e1s, Obispo de La Orotava y \u201cEscaques distintos\u201d, del convento dominico de San Pedro de Hermigua, entre otros que hemos rescatado para la ocasi\u00f3n.<\/span><\/p><p><span style=\"color: #444444; font-family: 'Titillium Web', sans-serif; font-size: 14px; font-style: normal; font-variant-ligatures: normal; font-variant-caps: normal; font-weight: 400; text-align: justify;\">Horario: 10.00 horas, lunes. Espa\u00f1ol e ingl\u00e9s.<\/span><span style=\"color: #444444;\"><br \/><\/span><\/p>\t\t\t\t\t\t\t\t<\/div>\n\t\t\t\t<\/div>\n\t\t\t\t\t<\/div>\n\t\t<\/div>\n\t\t\t\t\t<\/div>\n\t\t<\/section>\n\t\t\t\t<div class=\"elementor-element elementor-element-3ded4e91 elementor-widget elementor-widget-google_maps\" data-id=\"3ded4e91\" data-element_type=\"widget\" data-e-type=\"widget\" data-widget_type=\"google_maps.default\">\n\t\t\t\t<div class=\"elementor-widget-container\">\n\t\t\t\t\t\t\t<div class=\"elementor-custom-embed\">\n\t\t\t<iframe loading=\"lazy\"\n\t\t\t\t\tsrc=\"https:\/\/maps.google.com\/maps?q=cologan%2038300&#038;t=m&#038;z=16&#038;output=embed&#038;iwloc=near\"\n\t\t\t\t\ttitle=\"cologan 38300\"\n\t\t\t\t\taria-label=\"cologan 38300\"\n\t\t\t><\/iframe>\n\t\t<\/div>\n\t\t\t\t\t\t<\/div>\n\t\t\t\t<\/div>\n\t\t\t\t\t<\/div>\n\t\t<\/div>\n\t\t\t\t\t<\/div>\n\t\t<\/section>\n\t\t\t\t<\/div>\n\t\t","protected":false},"excerpt":{"rendered":"<p>4. Ruta tur\u00edstica \u201cTesoros Conventuales de La Orotava\u201d por parte del Museo Sacro \u201cEl Tesoro de La Concepci\u00f3n\u201d. 615462369 adolfo.rest@gmail.com www.concepcionorotava.info Se visitar\u00e1n aquellos templos conventuales que a\u00fan perviven, as\u00ed como los diferentes elementos de los cenobios desaparecidos que se hayan diseminados por el casco hist\u00f3rico. el camar\u00edn de la iglesia de San Agust\u00edn y el coro, la iglesia de San Francisco, el claustro, las ruinas del templo de San Lorenzo y su entorno. Contar\u00e1 igualmente con una peque\u00f1a muestra de los bienes muebles de procedencia conventual que posee el Museo Sacro. Tiene como t\u00e9rmino una degustaci\u00f3n de reposter\u00eda monacal canaria en la que se podr\u00e1 disfrutar de los \u201cAlfe\u00f1iques de San Nicol\u00e1s\u201d, dulces que preparaban las monjas dominicas del convento de San Nicol\u00e1s, Obispo de La Orotava y \u201cEscaques distintos\u201d, del convento dominico de San Pedro de Hermigua, entre otros que hemos rescatado para la ocasi\u00f3n. Horario: 10.00 horas, lunes. Espa\u00f1ol e ingl\u00e9s.<\/p>\n","protected":false},"author":3,"featured_media":0,"parent":0,"menu_order":0,"comment_status":"closed","ping_status":"closed","template":"","meta":{"_acf_changed":false,"ocean_post_layout":"","ocean_both_sidebars_style":"","ocean_both_sidebars_content_width":0,"ocean_both_sidebars_sidebars_width":0,"ocean_sidebar":"0","ocean_second_sidebar":"0","ocean_disable_margins":"enable","ocean_add_body_class":"","ocean_shortcode_before_top_bar":"","ocean_shortcode_after_top_bar":"","ocean_shortcode_before_header":"","ocean_shortcode_after_header":"","ocean_has_shortcode":"","ocean_shortcode_after_title":"","ocean_shortcode_before_footer_widgets":"","ocean_shortcode_after_footer_widgets":"","ocean_shortcode_before_footer_bottom":"","ocean_shortcode_after_footer_bottom":"","ocean_display_top_bar":"default","ocean_display_header":"default","ocean_header_style":"","ocean_center_header_left_menu":"0","ocean_custom_header_template":"0","ocean_custom_logo":0,"ocean_custom_retina_logo":0,"ocean_custom_logo_max_width":0,"ocean_custom_logo_tablet_max_width":0,"ocean_custom_logo_mobile_max_width":0,"ocean_custom_logo_max_height":0,"ocean_custom_logo_tablet_max_height":0,"ocean_custom_logo_mobile_max_height":0,"ocean_header_custom_menu":"0","ocean_menu_typo_font_family":"0","ocean_menu_typo_font_subset":"","ocean_menu_typo_font_size":0,"ocean_menu_typo_font_size_tablet":0,"ocean_menu_typo_font_size_mobile":0,"ocean_menu_typo_font_size_unit":"px","ocean_menu_typo_font_weight":"","ocean_menu_typo_font_weight_tablet":"","ocean_menu_typo_font_weight_mobile":"","ocean_menu_typo_transform":"","ocean_menu_typo_transform_tablet":"","ocean_menu_typo_transform_mobile":"","ocean_menu_typo_line_height":0,"ocean_menu_typo_line_height_tablet":0,"ocean_menu_typo_line_height_mobile":0,"ocean_menu_typo_line_height_unit":"","ocean_menu_typo_spacing":0,"ocean_menu_typo_spacing_tablet":0,"ocean_menu_typo_spacing_mobile":0,"ocean_menu_typo_spacing_unit":"","ocean_menu_link_color":"","ocean_menu_link_color_hover":"","ocean_menu_link_color_active":"","ocean_menu_link_background":"","ocean_menu_link_hover_background":"","ocean_menu_link_active_background":"","ocean_menu_social_links_bg":"","ocean_menu_social_hover_links_bg":"","ocean_menu_social_links_color":"","ocean_menu_social_hover_links_color":"","ocean_disable_title":"on","ocean_disable_heading":"default","ocean_post_title":"","ocean_post_subheading":"","ocean_post_title_style":"","ocean_post_title_background_color":"","ocean_post_title_background":0,"ocean_post_title_bg_image_position":"","ocean_post_title_bg_image_attachment":"","ocean_post_title_bg_image_repeat":"","ocean_post_title_bg_image_size":"","ocean_post_title_height":0,"ocean_post_title_bg_overlay":0.5,"ocean_post_title_bg_overlay_color":"","ocean_disable_breadcrumbs":"default","ocean_breadcrumbs_color":"","ocean_breadcrumbs_separator_color":"","ocean_breadcrumbs_links_color":"","ocean_breadcrumbs_links_hover_color":"","ocean_display_footer_widgets":"default","ocean_display_footer_bottom":"default","ocean_custom_footer_template":"0","footnotes":""},"class_list":["post-1012751","page","type-page","status-publish","hentry","entry"],"acf":[],"yoast_head":"<!-- This site is optimized with the Yoast SEO plugin v27.2 - https:\/\/yoast.com\/product\/yoast-seo-wordpress\/ -->\n<title>4. Ruta tur\u00edstica \u201cTesoros Conventuales de La Orotava\u201d por parte del Museo Sacro \u201cEl Tesoro de La Concepci\u00f3n\u201d. - Web de Turismo del Ayuntamiento de La Orotava<\/title>\n<meta name=\"robots\" content=\"index, follow, max-snippet:-1, max-image-preview:large, max-video-preview:-1\" \/>\n<link rel=\"canonical\" href=\"https:\/\/www.laorotava.es\/turismo\/4-ruta-turistica-tesoros-conventuales-de-la-orotava-por-parte-del-museo-sacro-el-tesoro-de-la-concepcion\/\" \/>\n<meta property=\"og:locale\" content=\"es_ES\" \/>\n<meta property=\"og:type\" content=\"article\" \/>\n<meta property=\"og:title\" content=\"4. Ruta tur\u00edstica \u201cTesoros Conventuales de La Orotava\u201d por parte del Museo Sacro \u201cEl Tesoro de La Concepci\u00f3n\u201d. - Web de Turismo del Ayuntamiento de La Orotava\" \/>\n<meta property=\"og:description\" content=\"4. Ruta tur\u00edstica \u201cTesoros Conventuales de La Orotava\u201d por parte del Museo Sacro \u201cEl Tesoro de La Concepci\u00f3n\u201d. 615462369 adolfo.rest@gmail.com www.concepcionorotava.info Se visitar\u00e1n aquellos templos conventuales que a\u00fan perviven, as\u00ed como los diferentes elementos de los cenobios desaparecidos que se hayan diseminados por el casco hist\u00f3rico. el camar\u00edn de la iglesia de San Agust\u00edn y el coro, la iglesia de San Francisco, el claustro, las ruinas del templo de San Lorenzo y su entorno. Contar\u00e1 igualmente con una peque\u00f1a muestra de los bienes muebles de procedencia conventual que posee el Museo Sacro. Tiene como t\u00e9rmino una degustaci\u00f3n de reposter\u00eda monacal canaria en la que se podr\u00e1 disfrutar de los \u201cAlfe\u00f1iques de San Nicol\u00e1s\u201d, dulces que preparaban las monjas dominicas del convento de San Nicol\u00e1s, Obispo de La Orotava y \u201cEscaques distintos\u201d, del convento dominico de San Pedro de Hermigua, entre otros que hemos rescatado para la ocasi\u00f3n. Horario: 10.00 horas, lunes. Espa\u00f1ol e ingl\u00e9s.\" \/>\n<meta property=\"og:url\" content=\"https:\/\/www.laorotava.es\/turismo\/4-ruta-turistica-tesoros-conventuales-de-la-orotava-por-parte-del-museo-sacro-el-tesoro-de-la-concepcion\/\" \/>\n<meta property=\"og:site_name\" content=\"Web de Turismo del Ayuntamiento de La Orotava\" \/>\n<meta property=\"article:publisher\" content=\"https:\/\/www.facebook.com\/TurismoLaOrotava\/\" \/>\n<meta property=\"article:modified_time\" content=\"2023-11-30T12:05:09+00:00\" \/>\n<meta property=\"og:image\" content=\"https:\/\/www-pre.laorotava.es\/turismo\/wp-content\/uploads\/2022\/10\/museo-de-arte-sacro.jpg\" \/>\n<meta name=\"twitter:card\" content=\"summary_large_image\" \/>\n<meta name=\"twitter:site\" content=\"@LaOrotava\" \/>\n<meta name=\"twitter:label1\" content=\"Tiempo de lectura\" \/>\n\t<meta name=\"twitter:data1\" content=\"1 minuto\" \/>\n<script type=\"application\/ld+json\" class=\"yoast-schema-graph\">{\"@context\":\"https:\/\/schema.org\",\"@graph\":[{\"@type\":\"WebPage\",\"@id\":\"https:\/\/www.laorotava.es\/turismo\/4-ruta-turistica-tesoros-conventuales-de-la-orotava-por-parte-del-museo-sacro-el-tesoro-de-la-concepcion\/\",\"url\":\"https:\/\/www.laorotava.es\/turismo\/4-ruta-turistica-tesoros-conventuales-de-la-orotava-por-parte-del-museo-sacro-el-tesoro-de-la-concepcion\/\",\"name\":\"4. Ruta tur\u00edstica \u201cTesoros Conventuales de La Orotava\u201d por parte del Museo Sacro \u201cEl Tesoro de La Concepci\u00f3n\u201d. - Web de Turismo del Ayuntamiento de La Orotava\",\"isPartOf\":{\"@id\":\"https:\/\/www.laorotava.es\/turismo\/#website\"},\"primaryImageOfPage\":{\"@id\":\"https:\/\/www.laorotava.es\/turismo\/4-ruta-turistica-tesoros-conventuales-de-la-orotava-por-parte-del-museo-sacro-el-tesoro-de-la-concepcion\/#primaryimage\"},\"image\":{\"@id\":\"https:\/\/www.laorotava.es\/turismo\/4-ruta-turistica-tesoros-conventuales-de-la-orotava-por-parte-del-museo-sacro-el-tesoro-de-la-concepcion\/#primaryimage\"},\"thumbnailUrl\":\"https:\/\/www.laorotava.es\/turismo\/wp-content\/uploads\/2022\/10\/museo-de-arte-sacro.jpg\",\"datePublished\":\"2022-10-05T12:33:54+00:00\",\"dateModified\":\"2023-11-30T12:05:09+00:00\",\"breadcrumb\":{\"@id\":\"https:\/\/www.laorotava.es\/turismo\/4-ruta-turistica-tesoros-conventuales-de-la-orotava-por-parte-del-museo-sacro-el-tesoro-de-la-concepcion\/#breadcrumb\"},\"inLanguage\":\"es\",\"potentialAction\":[{\"@type\":\"ReadAction\",\"target\":[\"https:\/\/www.laorotava.es\/turismo\/4-ruta-turistica-tesoros-conventuales-de-la-orotava-por-parte-del-museo-sacro-el-tesoro-de-la-concepcion\/\"]}]},{\"@type\":\"ImageObject\",\"inLanguage\":\"es\",\"@id\":\"https:\/\/www.laorotava.es\/turismo\/4-ruta-turistica-tesoros-conventuales-de-la-orotava-por-parte-del-museo-sacro-el-tesoro-de-la-concepcion\/#primaryimage\",\"url\":\"https:\/\/www.laorotava.es\/turismo\/wp-content\/uploads\/2022\/10\/museo-de-arte-sacro.jpg\",\"contentUrl\":\"https:\/\/www.laorotava.es\/turismo\/wp-content\/uploads\/2022\/10\/museo-de-arte-sacro.jpg\",\"width\":432,\"height\":260},{\"@type\":\"BreadcrumbList\",\"@id\":\"https:\/\/www.laorotava.es\/turismo\/4-ruta-turistica-tesoros-conventuales-de-la-orotava-por-parte-del-museo-sacro-el-tesoro-de-la-concepcion\/#breadcrumb\",\"itemListElement\":[{\"@type\":\"ListItem\",\"position\":1,\"name\":\"Portada\",\"item\":\"https:\/\/www.laorotava.es\/turismo\/\"},{\"@type\":\"ListItem\",\"position\":2,\"name\":\"4. Ruta tur\u00edstica \u201cTesoros Conventuales de La Orotava\u201d por parte del Museo Sacro \u201cEl Tesoro de La Concepci\u00f3n\u201d.\"}]},{\"@type\":\"WebSite\",\"@id\":\"https:\/\/www.laorotava.es\/turismo\/#website\",\"url\":\"https:\/\/www.laorotava.es\/turismo\/\",\"name\":\"Web de Turismo del Ayuntamiento de La Orotava\",\"description\":\"\",\"publisher\":{\"@id\":\"https:\/\/www.laorotava.es\/turismo\/#organization\"},\"potentialAction\":[{\"@type\":\"SearchAction\",\"target\":{\"@type\":\"EntryPoint\",\"urlTemplate\":\"https:\/\/www.laorotava.es\/turismo\/?s={search_term_string}\"},\"query-input\":{\"@type\":\"PropertyValueSpecification\",\"valueRequired\":true,\"valueName\":\"search_term_string\"}}],\"inLanguage\":\"es\"},{\"@type\":\"Organization\",\"@id\":\"https:\/\/www.laorotava.es\/turismo\/#organization\",\"name\":\"Ayuntamiento de La Orotava\",\"url\":\"https:\/\/www.laorotava.es\/turismo\/\",\"logo\":{\"@type\":\"ImageObject\",\"inLanguage\":\"es\",\"@id\":\"https:\/\/www.laorotava.es\/turismo\/#\/schema\/logo\/image\/\",\"url\":\"https:\/\/www.laorotava.es\/turismo\/wp-content\/uploads\/2022\/08\/logo.png\",\"contentUrl\":\"https:\/\/www.laorotava.es\/turismo\/wp-content\/uploads\/2022\/08\/logo.png\",\"width\":1195,\"height\":180,\"caption\":\"Ayuntamiento de La Orotava\"},\"image\":{\"@id\":\"https:\/\/www.laorotava.es\/turismo\/#\/schema\/logo\/image\/\"},\"sameAs\":[\"https:\/\/www.facebook.com\/TurismoLaOrotava\/\",\"https:\/\/x.com\/LaOrotava\"]}]}<\/script>\n<!-- \/ Yoast SEO plugin. -->","yoast_head_json":{"title":"4. Ruta tur\u00edstica \u201cTesoros Conventuales de La Orotava\u201d por parte del Museo Sacro \u201cEl Tesoro de La Concepci\u00f3n\u201d. - Web de Turismo del Ayuntamiento de La Orotava","robots":{"index":"index","follow":"follow","max-snippet":"max-snippet:-1","max-image-preview":"max-image-preview:large","max-video-preview":"max-video-preview:-1"},"canonical":"https:\/\/www.laorotava.es\/turismo\/4-ruta-turistica-tesoros-conventuales-de-la-orotava-por-parte-del-museo-sacro-el-tesoro-de-la-concepcion\/","og_locale":"es_ES","og_type":"article","og_title":"4. Ruta tur\u00edstica \u201cTesoros Conventuales de La Orotava\u201d por parte del Museo Sacro \u201cEl Tesoro de La Concepci\u00f3n\u201d. - Web de Turismo del Ayuntamiento de La Orotava","og_description":"4. Ruta tur\u00edstica \u201cTesoros Conventuales de La Orotava\u201d por parte del Museo Sacro \u201cEl Tesoro de La Concepci\u00f3n\u201d. 615462369 adolfo.rest@gmail.com www.concepcionorotava.info Se visitar\u00e1n aquellos templos conventuales que a\u00fan perviven, as\u00ed como los diferentes elementos de los cenobios desaparecidos que se hayan diseminados por el casco hist\u00f3rico. el camar\u00edn de la iglesia de San Agust\u00edn y el coro, la iglesia de San Francisco, el claustro, las ruinas del templo de San Lorenzo y su entorno. Contar\u00e1 igualmente con una peque\u00f1a muestra de los bienes muebles de procedencia conventual que posee el Museo Sacro. Tiene como t\u00e9rmino una degustaci\u00f3n de reposter\u00eda monacal canaria en la que se podr\u00e1 disfrutar de los \u201cAlfe\u00f1iques de San Nicol\u00e1s\u201d, dulces que preparaban las monjas dominicas del convento de San Nicol\u00e1s, Obispo de La Orotava y \u201cEscaques distintos\u201d, del convento dominico de San Pedro de Hermigua, entre otros que hemos rescatado para la ocasi\u00f3n. Horario: 10.00 horas, lunes. Espa\u00f1ol e ingl\u00e9s.","og_url":"https:\/\/www.laorotava.es\/turismo\/4-ruta-turistica-tesoros-conventuales-de-la-orotava-por-parte-del-museo-sacro-el-tesoro-de-la-concepcion\/","og_site_name":"Web de Turismo del Ayuntamiento de La Orotava","article_publisher":"https:\/\/www.facebook.com\/TurismoLaOrotava\/","article_modified_time":"2023-11-30T12:05:09+00:00","og_image":[{"url":"https:\/\/www-pre.laorotava.es\/turismo\/wp-content\/uploads\/2022\/10\/museo-de-arte-sacro.jpg","type":"","width":"","height":""}],"twitter_card":"summary_large_image","twitter_site":"@LaOrotava","twitter_misc":{"Tiempo de lectura":"1 minuto"},"schema":{"@context":"https:\/\/schema.org","@graph":[{"@type":"WebPage","@id":"https:\/\/www.laorotava.es\/turismo\/4-ruta-turistica-tesoros-conventuales-de-la-orotava-por-parte-del-museo-sacro-el-tesoro-de-la-concepcion\/","url":"https:\/\/www.laorotava.es\/turismo\/4-ruta-turistica-tesoros-conventuales-de-la-orotava-por-parte-del-museo-sacro-el-tesoro-de-la-concepcion\/","name":"4. Ruta tur\u00edstica \u201cTesoros Conventuales de La Orotava\u201d por parte del Museo Sacro \u201cEl Tesoro de La Concepci\u00f3n\u201d. - Web de Turismo del Ayuntamiento de La Orotava","isPartOf":{"@id":"https:\/\/www.laorotava.es\/turismo\/#website"},"primaryImageOfPage":{"@id":"https:\/\/www.laorotava.es\/turismo\/4-ruta-turistica-tesoros-conventuales-de-la-orotava-por-parte-del-museo-sacro-el-tesoro-de-la-concepcion\/#primaryimage"},"image":{"@id":"https:\/\/www.laorotava.es\/turismo\/4-ruta-turistica-tesoros-conventuales-de-la-orotava-por-parte-del-museo-sacro-el-tesoro-de-la-concepcion\/#primaryimage"},"thumbnailUrl":"https:\/\/www.laorotava.es\/turismo\/wp-content\/uploads\/2022\/10\/museo-de-arte-sacro.jpg","datePublished":"2022-10-05T12:33:54+00:00","dateModified":"2023-11-30T12:05:09+00:00","breadcrumb":{"@id":"https:\/\/www.laorotava.es\/turismo\/4-ruta-turistica-tesoros-conventuales-de-la-orotava-por-parte-del-museo-sacro-el-tesoro-de-la-concepcion\/#breadcrumb"},"inLanguage":"es","potentialAction":[{"@type":"ReadAction","target":["https:\/\/www.laorotava.es\/turismo\/4-ruta-turistica-tesoros-conventuales-de-la-orotava-por-parte-del-museo-sacro-el-tesoro-de-la-concepcion\/"]}]},{"@type":"ImageObject","inLanguage":"es","@id":"https:\/\/www.laorotava.es\/turismo\/4-ruta-turistica-tesoros-conventuales-de-la-orotava-por-parte-del-museo-sacro-el-tesoro-de-la-concepcion\/#primaryimage","url":"https:\/\/www.laorotava.es\/turismo\/wp-content\/uploads\/2022\/10\/museo-de-arte-sacro.jpg","contentUrl":"https:\/\/www.laorotava.es\/turismo\/wp-content\/uploads\/2022\/10\/museo-de-arte-sacro.jpg","width":432,"height":260},{"@type":"BreadcrumbList","@id":"https:\/\/www.laorotava.es\/turismo\/4-ruta-turistica-tesoros-conventuales-de-la-orotava-por-parte-del-museo-sacro-el-tesoro-de-la-concepcion\/#breadcrumb","itemListElement":[{"@type":"ListItem","position":1,"name":"Portada","item":"https:\/\/www.laorotava.es\/turismo\/"},{"@type":"ListItem","position":2,"name":"4. Ruta tur\u00edstica \u201cTesoros Conventuales de La Orotava\u201d por parte del Museo Sacro \u201cEl Tesoro de La Concepci\u00f3n\u201d."}]},{"@type":"WebSite","@id":"https:\/\/www.laorotava.es\/turismo\/#website","url":"https:\/\/www.laorotava.es\/turismo\/","name":"Web de Turismo del Ayuntamiento de La Orotava","description":"","publisher":{"@id":"https:\/\/www.laorotava.es\/turismo\/#organization"},"potentialAction":[{"@type":"SearchAction","target":{"@type":"EntryPoint","urlTemplate":"https:\/\/www.laorotava.es\/turismo\/?s={search_term_string}"},"query-input":{"@type":"PropertyValueSpecification","valueRequired":true,"valueName":"search_term_string"}}],"inLanguage":"es"},{"@type":"Organization","@id":"https:\/\/www.laorotava.es\/turismo\/#organization","name":"Ayuntamiento de La Orotava","url":"https:\/\/www.laorotava.es\/turismo\/","logo":{"@type":"ImageObject","inLanguage":"es","@id":"https:\/\/www.laorotava.es\/turismo\/#\/schema\/logo\/image\/","url":"https:\/\/www.laorotava.es\/turismo\/wp-content\/uploads\/2022\/08\/logo.png","contentUrl":"https:\/\/www.laorotava.es\/turismo\/wp-content\/uploads\/2022\/08\/logo.png","width":1195,"height":180,"caption":"Ayuntamiento de La Orotava"},"image":{"@id":"https:\/\/www.laorotava.es\/turismo\/#\/schema\/logo\/image\/"},"sameAs":["https:\/\/www.facebook.com\/TurismoLaOrotava\/","https:\/\/x.com\/LaOrotava"]}]}},"_links":{"self":[{"href":"https:\/\/www.laorotava.es\/turismo\/wp-json\/wp\/v2\/pages\/1012751","targetHints":{"allow":["GET"]}}],"collection":[{"href":"https:\/\/www.laorotava.es\/turismo\/wp-json\/wp\/v2\/pages"}],"about":[{"href":"https:\/\/www.laorotava.es\/turismo\/wp-json\/wp\/v2\/types\/page"}],"author":[{"embeddable":true,"href":"https:\/\/www.laorotava.es\/turismo\/wp-json\/wp\/v2\/users\/3"}],"replies":[{"embeddable":true,"href":"https:\/\/www.laorotava.es\/turismo\/wp-json\/wp\/v2\/comments?post=1012751"}],"version-history":[{"count":14,"href":"https:\/\/www.laorotava.es\/turismo\/wp-json\/wp\/v2\/pages\/1012751\/revisions"}],"predecessor-version":[{"id":1019985,"href":"https:\/\/www.laorotava.es\/turismo\/wp-json\/wp\/v2\/pages\/1012751\/revisions\/1019985"}],"wp:attachment":[{"href":"https:\/\/www.laorotava.es\/turismo\/wp-json\/wp\/v2\/media?parent=1012751"}],"curies":[{"name":"wp","href":"https:\/\/api.w.org\/{rel}","templated":true}]}}