{"id":1014215,"date":"2022-10-11T15:29:12","date_gmt":"2022-10-11T15:29:12","guid":{"rendered":"https:\/\/www.laorotava.es\/turismo\/?page_id=1014215"},"modified":"2022-10-11T15:30:36","modified_gmt":"2022-10-11T15:30:36","slug":"12-arte-en-el-ayuntamiento","status":"publish","type":"page","link":"https:\/\/www.laorotava.es\/turismo\/12-arte-en-el-ayuntamiento\/","title":{"rendered":"12. Arte en el Ayuntamiento"},"content":{"rendered":"\t\t<div data-elementor-type=\"wp-page\" data-elementor-id=\"1014215\" class=\"elementor elementor-1014215\">\n\t\t\t\t\t\t<section class=\"elementor-section elementor-top-section elementor-element elementor-element-1c2e974b elementor-section-stretched elementor-section-boxed elementor-section-height-default elementor-section-height-default wpr-particle-no wpr-jarallax-no wpr-parallax-no wpr-sticky-section-no\" data-id=\"1c2e974b\" data-element_type=\"section\" data-e-type=\"section\" data-settings=\"{&quot;stretch_section&quot;:&quot;section-stretched&quot;}\">\n\t\t\t\t\t\t<div class=\"elementor-container elementor-column-gap-default\">\n\t\t\t\t\t<div class=\"elementor-column elementor-col-100 elementor-top-column elementor-element elementor-element-52f26a4c\" data-id=\"52f26a4c\" data-element_type=\"column\" data-e-type=\"column\">\n\t\t\t<div class=\"elementor-widget-wrap elementor-element-populated\">\n\t\t\t\t\t\t<div class=\"elementor-element elementor-element-7aeef48a elementor-widget elementor-widget-heading\" data-id=\"7aeef48a\" data-element_type=\"widget\" data-e-type=\"widget\" data-widget_type=\"heading.default\">\n\t\t\t\t<div class=\"elementor-widget-container\">\n\t\t\t\t\t<h2 class=\"elementor-heading-title elementor-size-small\">12. Arte en el Ayuntamiento\n<div><br><\/div><\/h2>\t\t\t\t<\/div>\n\t\t\t\t<\/div>\n\t\t\t\t<div class=\"elementor-element elementor-element-ae1a427 elementor-widget-divider--view-line elementor-widget elementor-widget-divider\" data-id=\"ae1a427\" data-element_type=\"widget\" data-e-type=\"widget\" data-widget_type=\"divider.default\">\n\t\t\t\t<div class=\"elementor-widget-container\">\n\t\t\t\t\t\t\t<div class=\"elementor-divider\">\n\t\t\t<span class=\"elementor-divider-separator\">\n\t\t\t\t\t\t<\/span>\n\t\t<\/div>\n\t\t\t\t\t\t<\/div>\n\t\t\t\t<\/div>\n\t\t\t\t<div class=\"elementor-element elementor-element-6101f0c elementor-widget elementor-widget-wp-widget-media_audio\" data-id=\"6101f0c\" data-element_type=\"widget\" data-e-type=\"widget\" data-widget_type=\"wp-widget-media_audio.default\">\n\t\t\t\t<div class=\"elementor-widget-container\">\n\t\t\t\t\t<audio class=\"wp-audio-shortcode\" id=\"audio-1014215-1\" preload=\"none\" style=\"width: 100%;\" controls=\"controls\"><source type=\"audio\/mpeg\" src=\"https:\/\/www.laorotava.es\/turismo\/wp-content\/uploads\/2019\/03\/12_rv_arte_ayuntamiento.mp3?_=1\" \/><source type=\"audio\/mpeg\" src=\"https:\/\/www.laorotava.es\/turismo\/wp-content\/uploads\/2019\/03\/12_rv_arte_ayuntamiento.mp3?_=1\" \/><a href=\"https:\/\/www.laorotava.es\/turismo\/wp-content\/uploads\/2019\/03\/12_rv_arte_ayuntamiento.mp3\">https:\/\/www.laorotava.es\/turismo\/wp-content\/uploads\/2019\/03\/12_rv_arte_ayuntamiento.mp3<\/a><\/audio>\t\t\t\t<\/div>\n\t\t\t\t<\/div>\n\t\t\t\t<div class=\"elementor-element elementor-element-6ecdeb3e elementor-widget elementor-widget-text-editor\" data-id=\"6ecdeb3e\" data-element_type=\"widget\" data-e-type=\"widget\" data-widget_type=\"text-editor.default\">\n\t\t\t\t<div class=\"elementor-widget-container\">\n\t\t\t\t\t\t\t\t\t<p><span style=\"color: #444444;\"><img decoding=\"async\" class=\"alignleft\" src=\"https:\/\/www.laorotava.es\/sites\/default\/files\/styles\/large\/public\/rutas\/verde-12.png?itok=FfvANy5y\" \/><\/span><\/p><p><span style=\"color: #444444;\">El interior de este ayuntamiento nos depara muchas sorpresas: sus\u00a0colecciones art\u00edsticas ocupan pr\u00e1cticamente todas las paredes y rincones\u00a0transitables de sus dos plantas.<\/span><\/p><p><span style=\"color: #444444;\">Las obras de arte expuestas proceden de tres colecciones: la principal y m\u00e1s\u00a0numerosa es el Fondo Reinhold Erwin Schoenwerk conocido como la \u201cHerencia\u00a0del alem\u00e1n\u201d. Est\u00e1 formada por cuadros, esculturas y mobiliario recibidos en\u00a01976 tras el fallecimiento de su propietario. La siguiente gran colecci\u00f3n es el\u00a0Fondo del antiguo Casino Orotava, una sociedad que permaneci\u00f3 en activo\u00a0desde mediados del siglo XIX hasta la d\u00e9cada de 1970. De esta colecci\u00f3n\u00a0destacan varias pinturas de paisajes de autores canarios, sillas, l\u00e1mparas y la\u00a0colecci\u00f3n de espejos del Sal\u00f3n de Plenos. Por \u00faltimo encontramos La\u00a0Colecci\u00f3n Municipal, en la que destacan ocho cuadros cedidos en dep\u00f3sito por\u00a0el Museo del Prado en 1905 y las dos pinturas procedentes del desaparecido\u00a0convento de las catalinas La Piedad y Nazareno con Sim\u00f3n Cirineo.<\/span><\/p><p><span style=\"color: #444444;\">La escalera principal de camino a la segunda planta est\u00e1 decorada con seis\u00a0pinturas de tem\u00e1tica religiosa de los siglos XVII y XVIII: La Piedad, Jes\u00fas\u00a0Nazareno, Santa \u00darsula, Nazareno con Sim\u00f3n Cirineo, M\u00aa Magdalena penitente\u00a0y Santa Luc\u00eda.<\/span><\/p><p><span style=\"color: #444444;\">En la segunda planta abundan los objetos art\u00edsticos del norte de Europa,\u00a0producidos entre los siglos XVI y XIX. La ubicaci\u00f3n de las obras no responde a\u00a0criterios estil\u00edsticos. Destacan, por su calidad, dos tablas del siglo XVI: una\u00a0flamenca, Virgen con el Ni\u00f1o y una de la escuela hispanoflamenca, Adoraci\u00f3n\u00a0de los Reyes Magos. Los cuadros cedidos por el Museo del Prado ocupan el\u00a0vest\u00edbulo del Sal\u00f3n de Plenos.\u00a0Sal ahora del edificio por la puerta principal y, sin bajar a la plaza, camina hacia\u00a0la derecha. Al llegar a la calle, sube a la derecha y cruza por el paso de\u00a0peatones frente a la Hijuela. Desciende por la calle Le\u00f3n y toma la primera\u00a0calle a la derecha. Contin\u00faa de frente hasta llegar a nuestro siguiente punto, la\u00a0Plaza de la Constituci\u00f3n. Encontrar\u00e1s el indicativo de ruta al lado del banco de\u00a0piedra frente al paso de peatones.<\/span><\/p>\t\t\t\t\t\t\t\t<\/div>\n\t\t\t\t<\/div>\n\t\t\t\t<div class=\"elementor-element elementor-element-1f8e381c elementor-widget elementor-widget-google_maps\" data-id=\"1f8e381c\" data-element_type=\"widget\" data-e-type=\"widget\" data-widget_type=\"google_maps.default\">\n\t\t\t\t<div class=\"elementor-widget-container\">\n\t\t\t\t\t\t\t<div class=\"elementor-custom-embed\">\n\t\t\t<iframe loading=\"lazy\"\n\t\t\t\t\tsrc=\"https:\/\/maps.google.com\/maps?q=ayuntamiento%20la%20orotava&#038;t=m&#038;z=16&#038;output=embed&#038;iwloc=near\"\n\t\t\t\t\ttitle=\"ayuntamiento la orotava\"\n\t\t\t\t\taria-label=\"ayuntamiento la orotava\"\n\t\t\t><\/iframe>\n\t\t<\/div>\n\t\t\t\t\t\t<\/div>\n\t\t\t\t<\/div>\n\t\t\t\t\t<\/div>\n\t\t<\/div>\n\t\t\t\t\t<\/div>\n\t\t<\/section>\n\t\t\t\t<\/div>\n\t\t","protected":false},"excerpt":{"rendered":"<p>12. Arte en el Ayuntamiento El interior de este ayuntamiento nos depara muchas sorpresas: sus\u00a0colecciones art\u00edsticas ocupan pr\u00e1cticamente todas las paredes y rincones\u00a0transitables de sus dos plantas. Las obras de arte expuestas proceden de tres colecciones: la principal y m\u00e1s\u00a0numerosa es el Fondo Reinhold Erwin Schoenwerk conocido como la \u201cHerencia\u00a0del alem\u00e1n\u201d. Est\u00e1 formada por cuadros, esculturas y mobiliario recibidos en\u00a01976 tras el fallecimiento de su propietario. La siguiente gran colecci\u00f3n es el\u00a0Fondo del antiguo Casino Orotava, una sociedad que permaneci\u00f3 en activo\u00a0desde mediados del siglo XIX hasta la d\u00e9cada de 1970. De esta colecci\u00f3n\u00a0destacan varias pinturas de paisajes de autores canarios, sillas, l\u00e1mparas y la\u00a0colecci\u00f3n de espejos del Sal\u00f3n de Plenos. Por \u00faltimo encontramos La\u00a0Colecci\u00f3n Municipal, en la que destacan ocho cuadros cedidos en dep\u00f3sito por\u00a0el Museo del Prado en 1905 y las dos pinturas procedentes del desaparecido\u00a0convento de las catalinas La Piedad y Nazareno con Sim\u00f3n Cirineo. La escalera principal de camino a la segunda planta est\u00e1 decorada con seis\u00a0pinturas de tem\u00e1tica religiosa de los siglos XVII y XVIII: La Piedad, Jes\u00fas\u00a0Nazareno, Santa \u00darsula, Nazareno con Sim\u00f3n Cirineo, M\u00aa Magdalena penitente\u00a0y Santa Luc\u00eda. En la segunda planta abundan los objetos art\u00edsticos del norte de Europa,\u00a0producidos entre los siglos XVI y XIX. La ubicaci\u00f3n de las obras no responde a\u00a0criterios estil\u00edsticos. Destacan, por su calidad, dos tablas del siglo XVI: una\u00a0flamenca, Virgen con el Ni\u00f1o y una de la escuela hispanoflamenca, Adoraci\u00f3n\u00a0de los Reyes Magos. Los cuadros cedidos por el Museo del Prado ocupan el\u00a0vest\u00edbulo del Sal\u00f3n de Plenos.\u00a0Sal ahora del edificio por la puerta principal y, sin bajar a la plaza, camina hacia\u00a0la derecha. Al llegar a la calle, sube a la derecha y cruza por el paso de\u00a0peatones frente a la Hijuela. Desciende por la calle Le\u00f3n y toma la primera\u00a0calle a la derecha. Contin\u00faa de frente hasta llegar a nuestro siguiente punto, la\u00a0Plaza de la Constituci\u00f3n. Encontrar\u00e1s el indicativo de ruta al lado del banco de\u00a0piedra frente al paso de peatones.<\/p>\n","protected":false},"author":3,"featured_media":0,"parent":0,"menu_order":0,"comment_status":"closed","ping_status":"closed","template":"","meta":{"_acf_changed":false,"ocean_post_layout":"","ocean_both_sidebars_style":"","ocean_both_sidebars_content_width":0,"ocean_both_sidebars_sidebars_width":0,"ocean_sidebar":"0","ocean_second_sidebar":"0","ocean_disable_margins":"enable","ocean_add_body_class":"","ocean_shortcode_before_top_bar":"","ocean_shortcode_after_top_bar":"","ocean_shortcode_before_header":"","ocean_shortcode_after_header":"","ocean_has_shortcode":"","ocean_shortcode_after_title":"","ocean_shortcode_before_footer_widgets":"","ocean_shortcode_after_footer_widgets":"","ocean_shortcode_before_footer_bottom":"","ocean_shortcode_after_footer_bottom":"","ocean_display_top_bar":"default","ocean_display_header":"default","ocean_header_style":"","ocean_center_header_left_menu":"0","ocean_custom_header_template":"0","ocean_custom_logo":0,"ocean_custom_retina_logo":0,"ocean_custom_logo_max_width":0,"ocean_custom_logo_tablet_max_width":0,"ocean_custom_logo_mobile_max_width":0,"ocean_custom_logo_max_height":0,"ocean_custom_logo_tablet_max_height":0,"ocean_custom_logo_mobile_max_height":0,"ocean_header_custom_menu":"0","ocean_menu_typo_font_family":"0","ocean_menu_typo_font_subset":"","ocean_menu_typo_font_size":0,"ocean_menu_typo_font_size_tablet":0,"ocean_menu_typo_font_size_mobile":0,"ocean_menu_typo_font_size_unit":"px","ocean_menu_typo_font_weight":"","ocean_menu_typo_font_weight_tablet":"","ocean_menu_typo_font_weight_mobile":"","ocean_menu_typo_transform":"","ocean_menu_typo_transform_tablet":"","ocean_menu_typo_transform_mobile":"","ocean_menu_typo_line_height":0,"ocean_menu_typo_line_height_tablet":0,"ocean_menu_typo_line_height_mobile":0,"ocean_menu_typo_line_height_unit":"","ocean_menu_typo_spacing":0,"ocean_menu_typo_spacing_tablet":0,"ocean_menu_typo_spacing_mobile":0,"ocean_menu_typo_spacing_unit":"","ocean_menu_link_color":"","ocean_menu_link_color_hover":"","ocean_menu_link_color_active":"","ocean_menu_link_background":"","ocean_menu_link_hover_background":"","ocean_menu_link_active_background":"","ocean_menu_social_links_bg":"","ocean_menu_social_hover_links_bg":"","ocean_menu_social_links_color":"","ocean_menu_social_hover_links_color":"","ocean_disable_title":"on","ocean_disable_heading":"default","ocean_post_title":"","ocean_post_subheading":"","ocean_post_title_style":"","ocean_post_title_background_color":"","ocean_post_title_background":0,"ocean_post_title_bg_image_position":"","ocean_post_title_bg_image_attachment":"","ocean_post_title_bg_image_repeat":"","ocean_post_title_bg_image_size":"","ocean_post_title_height":0,"ocean_post_title_bg_overlay":0.5,"ocean_post_title_bg_overlay_color":"","ocean_disable_breadcrumbs":"default","ocean_breadcrumbs_color":"","ocean_breadcrumbs_separator_color":"","ocean_breadcrumbs_links_color":"","ocean_breadcrumbs_links_hover_color":"","ocean_display_footer_widgets":"default","ocean_display_footer_bottom":"default","ocean_custom_footer_template":"0","footnotes":""},"class_list":["post-1014215","page","type-page","status-publish","hentry","entry"],"acf":[],"yoast_head":"<!-- This site is optimized with the Yoast SEO plugin v27.2 - https:\/\/yoast.com\/product\/yoast-seo-wordpress\/ -->\n<title>12. Arte en el Ayuntamiento - Web de Turismo del Ayuntamiento de La Orotava<\/title>\n<meta name=\"robots\" content=\"index, follow, max-snippet:-1, max-image-preview:large, max-video-preview:-1\" \/>\n<link rel=\"canonical\" href=\"https:\/\/www.laorotava.es\/turismo\/12-arte-en-el-ayuntamiento\/\" \/>\n<meta property=\"og:locale\" content=\"es_ES\" \/>\n<meta property=\"og:type\" content=\"article\" \/>\n<meta property=\"og:title\" content=\"12. Arte en el Ayuntamiento - Web de Turismo del Ayuntamiento de La Orotava\" \/>\n<meta property=\"og:description\" content=\"12. Arte en el Ayuntamiento El interior de este ayuntamiento nos depara muchas sorpresas: sus\u00a0colecciones art\u00edsticas ocupan pr\u00e1cticamente todas las paredes y rincones\u00a0transitables de sus dos plantas. Las obras de arte expuestas proceden de tres colecciones: la principal y m\u00e1s\u00a0numerosa es el Fondo Reinhold Erwin Schoenwerk conocido como la \u201cHerencia\u00a0del alem\u00e1n\u201d. Est\u00e1 formada por cuadros, esculturas y mobiliario recibidos en\u00a01976 tras el fallecimiento de su propietario. La siguiente gran colecci\u00f3n es el\u00a0Fondo del antiguo Casino Orotava, una sociedad que permaneci\u00f3 en activo\u00a0desde mediados del siglo XIX hasta la d\u00e9cada de 1970. De esta colecci\u00f3n\u00a0destacan varias pinturas de paisajes de autores canarios, sillas, l\u00e1mparas y la\u00a0colecci\u00f3n de espejos del Sal\u00f3n de Plenos. Por \u00faltimo encontramos La\u00a0Colecci\u00f3n Municipal, en la que destacan ocho cuadros cedidos en dep\u00f3sito por\u00a0el Museo del Prado en 1905 y las dos pinturas procedentes del desaparecido\u00a0convento de las catalinas La Piedad y Nazareno con Sim\u00f3n Cirineo. La escalera principal de camino a la segunda planta est\u00e1 decorada con seis\u00a0pinturas de tem\u00e1tica religiosa de los siglos XVII y XVIII: La Piedad, Jes\u00fas\u00a0Nazareno, Santa \u00darsula, Nazareno con Sim\u00f3n Cirineo, M\u00aa Magdalena penitente\u00a0y Santa Luc\u00eda. En la segunda planta abundan los objetos art\u00edsticos del norte de Europa,\u00a0producidos entre los siglos XVI y XIX. La ubicaci\u00f3n de las obras no responde a\u00a0criterios estil\u00edsticos. Destacan, por su calidad, dos tablas del siglo XVI: una\u00a0flamenca, Virgen con el Ni\u00f1o y una de la escuela hispanoflamenca, Adoraci\u00f3n\u00a0de los Reyes Magos. Los cuadros cedidos por el Museo del Prado ocupan el\u00a0vest\u00edbulo del Sal\u00f3n de Plenos.\u00a0Sal ahora del edificio por la puerta principal y, sin bajar a la plaza, camina hacia\u00a0la derecha. Al llegar a la calle, sube a la derecha y cruza por el paso de\u00a0peatones frente a la Hijuela. Desciende por la calle Le\u00f3n y toma la primera\u00a0calle a la derecha. Contin\u00faa de frente hasta llegar a nuestro siguiente punto, la\u00a0Plaza de la Constituci\u00f3n. Encontrar\u00e1s el indicativo de ruta al lado del banco de\u00a0piedra frente al paso de peatones.\" \/>\n<meta property=\"og:url\" content=\"https:\/\/www.laorotava.es\/turismo\/12-arte-en-el-ayuntamiento\/\" \/>\n<meta property=\"og:site_name\" content=\"Web de Turismo del Ayuntamiento de La Orotava\" \/>\n<meta property=\"article:publisher\" content=\"https:\/\/www.facebook.com\/TurismoLaOrotava\/\" \/>\n<meta property=\"article:modified_time\" content=\"2022-10-11T15:30:36+00:00\" \/>\n<meta property=\"og:image\" content=\"https:\/\/www.laorotava.es\/sites\/default\/files\/styles\/large\/public\/rutas\/verde-12.png?itok=FfvANy5y\" \/>\n<meta name=\"twitter:card\" content=\"summary_large_image\" \/>\n<meta name=\"twitter:site\" content=\"@LaOrotava\" \/>\n<meta name=\"twitter:label1\" content=\"Tiempo de lectura\" \/>\n\t<meta name=\"twitter:data1\" content=\"2 minutos\" \/>\n<script type=\"application\/ld+json\" class=\"yoast-schema-graph\">{\"@context\":\"https:\/\/schema.org\",\"@graph\":[{\"@type\":\"WebPage\",\"@id\":\"https:\/\/www.laorotava.es\/turismo\/12-arte-en-el-ayuntamiento\/\",\"url\":\"https:\/\/www.laorotava.es\/turismo\/12-arte-en-el-ayuntamiento\/\",\"name\":\"12. Arte en el Ayuntamiento - Web de Turismo del Ayuntamiento de La Orotava\",\"isPartOf\":{\"@id\":\"https:\/\/www.laorotava.es\/turismo\/#website\"},\"primaryImageOfPage\":{\"@id\":\"https:\/\/www.laorotava.es\/turismo\/12-arte-en-el-ayuntamiento\/#primaryimage\"},\"image\":{\"@id\":\"https:\/\/www.laorotava.es\/turismo\/12-arte-en-el-ayuntamiento\/#primaryimage\"},\"thumbnailUrl\":\"https:\/\/www.laorotava.es\/sites\/default\/files\/styles\/large\/public\/rutas\/verde-12.png?itok=FfvANy5y\",\"datePublished\":\"2022-10-11T15:29:12+00:00\",\"dateModified\":\"2022-10-11T15:30:36+00:00\",\"breadcrumb\":{\"@id\":\"https:\/\/www.laorotava.es\/turismo\/12-arte-en-el-ayuntamiento\/#breadcrumb\"},\"inLanguage\":\"es\",\"potentialAction\":[{\"@type\":\"ReadAction\",\"target\":[\"https:\/\/www.laorotava.es\/turismo\/12-arte-en-el-ayuntamiento\/\"]}]},{\"@type\":\"ImageObject\",\"inLanguage\":\"es\",\"@id\":\"https:\/\/www.laorotava.es\/turismo\/12-arte-en-el-ayuntamiento\/#primaryimage\",\"url\":\"https:\/\/www.laorotava.es\/sites\/default\/files\/styles\/large\/public\/rutas\/verde-12.png?itok=FfvANy5y\",\"contentUrl\":\"https:\/\/www.laorotava.es\/sites\/default\/files\/styles\/large\/public\/rutas\/verde-12.png?itok=FfvANy5y\"},{\"@type\":\"BreadcrumbList\",\"@id\":\"https:\/\/www.laorotava.es\/turismo\/12-arte-en-el-ayuntamiento\/#breadcrumb\",\"itemListElement\":[{\"@type\":\"ListItem\",\"position\":1,\"name\":\"Portada\",\"item\":\"https:\/\/www.laorotava.es\/turismo\/\"},{\"@type\":\"ListItem\",\"position\":2,\"name\":\"12. Arte en el Ayuntamiento\"}]},{\"@type\":\"WebSite\",\"@id\":\"https:\/\/www.laorotava.es\/turismo\/#website\",\"url\":\"https:\/\/www.laorotava.es\/turismo\/\",\"name\":\"Web de Turismo del Ayuntamiento de La Orotava\",\"description\":\"\",\"publisher\":{\"@id\":\"https:\/\/www.laorotava.es\/turismo\/#organization\"},\"potentialAction\":[{\"@type\":\"SearchAction\",\"target\":{\"@type\":\"EntryPoint\",\"urlTemplate\":\"https:\/\/www.laorotava.es\/turismo\/?s={search_term_string}\"},\"query-input\":{\"@type\":\"PropertyValueSpecification\",\"valueRequired\":true,\"valueName\":\"search_term_string\"}}],\"inLanguage\":\"es\"},{\"@type\":\"Organization\",\"@id\":\"https:\/\/www.laorotava.es\/turismo\/#organization\",\"name\":\"Ayuntamiento de La Orotava\",\"url\":\"https:\/\/www.laorotava.es\/turismo\/\",\"logo\":{\"@type\":\"ImageObject\",\"inLanguage\":\"es\",\"@id\":\"https:\/\/www.laorotava.es\/turismo\/#\/schema\/logo\/image\/\",\"url\":\"https:\/\/www.laorotava.es\/turismo\/wp-content\/uploads\/2022\/08\/logo.png\",\"contentUrl\":\"https:\/\/www.laorotava.es\/turismo\/wp-content\/uploads\/2022\/08\/logo.png\",\"width\":1195,\"height\":180,\"caption\":\"Ayuntamiento de La Orotava\"},\"image\":{\"@id\":\"https:\/\/www.laorotava.es\/turismo\/#\/schema\/logo\/image\/\"},\"sameAs\":[\"https:\/\/www.facebook.com\/TurismoLaOrotava\/\",\"https:\/\/x.com\/LaOrotava\"]}]}<\/script>\n<!-- \/ Yoast SEO plugin. -->","yoast_head_json":{"title":"12. Arte en el Ayuntamiento - Web de Turismo del Ayuntamiento de La Orotava","robots":{"index":"index","follow":"follow","max-snippet":"max-snippet:-1","max-image-preview":"max-image-preview:large","max-video-preview":"max-video-preview:-1"},"canonical":"https:\/\/www.laorotava.es\/turismo\/12-arte-en-el-ayuntamiento\/","og_locale":"es_ES","og_type":"article","og_title":"12. Arte en el Ayuntamiento - Web de Turismo del Ayuntamiento de La Orotava","og_description":"12. Arte en el Ayuntamiento El interior de este ayuntamiento nos depara muchas sorpresas: sus\u00a0colecciones art\u00edsticas ocupan pr\u00e1cticamente todas las paredes y rincones\u00a0transitables de sus dos plantas. Las obras de arte expuestas proceden de tres colecciones: la principal y m\u00e1s\u00a0numerosa es el Fondo Reinhold Erwin Schoenwerk conocido como la \u201cHerencia\u00a0del alem\u00e1n\u201d. Est\u00e1 formada por cuadros, esculturas y mobiliario recibidos en\u00a01976 tras el fallecimiento de su propietario. La siguiente gran colecci\u00f3n es el\u00a0Fondo del antiguo Casino Orotava, una sociedad que permaneci\u00f3 en activo\u00a0desde mediados del siglo XIX hasta la d\u00e9cada de 1970. De esta colecci\u00f3n\u00a0destacan varias pinturas de paisajes de autores canarios, sillas, l\u00e1mparas y la\u00a0colecci\u00f3n de espejos del Sal\u00f3n de Plenos. Por \u00faltimo encontramos La\u00a0Colecci\u00f3n Municipal, en la que destacan ocho cuadros cedidos en dep\u00f3sito por\u00a0el Museo del Prado en 1905 y las dos pinturas procedentes del desaparecido\u00a0convento de las catalinas La Piedad y Nazareno con Sim\u00f3n Cirineo. La escalera principal de camino a la segunda planta est\u00e1 decorada con seis\u00a0pinturas de tem\u00e1tica religiosa de los siglos XVII y XVIII: La Piedad, Jes\u00fas\u00a0Nazareno, Santa \u00darsula, Nazareno con Sim\u00f3n Cirineo, M\u00aa Magdalena penitente\u00a0y Santa Luc\u00eda. En la segunda planta abundan los objetos art\u00edsticos del norte de Europa,\u00a0producidos entre los siglos XVI y XIX. La ubicaci\u00f3n de las obras no responde a\u00a0criterios estil\u00edsticos. Destacan, por su calidad, dos tablas del siglo XVI: una\u00a0flamenca, Virgen con el Ni\u00f1o y una de la escuela hispanoflamenca, Adoraci\u00f3n\u00a0de los Reyes Magos. Los cuadros cedidos por el Museo del Prado ocupan el\u00a0vest\u00edbulo del Sal\u00f3n de Plenos.\u00a0Sal ahora del edificio por la puerta principal y, sin bajar a la plaza, camina hacia\u00a0la derecha. Al llegar a la calle, sube a la derecha y cruza por el paso de\u00a0peatones frente a la Hijuela. Desciende por la calle Le\u00f3n y toma la primera\u00a0calle a la derecha. Contin\u00faa de frente hasta llegar a nuestro siguiente punto, la\u00a0Plaza de la Constituci\u00f3n. Encontrar\u00e1s el indicativo de ruta al lado del banco de\u00a0piedra frente al paso de peatones.","og_url":"https:\/\/www.laorotava.es\/turismo\/12-arte-en-el-ayuntamiento\/","og_site_name":"Web de Turismo del Ayuntamiento de La Orotava","article_publisher":"https:\/\/www.facebook.com\/TurismoLaOrotava\/","article_modified_time":"2022-10-11T15:30:36+00:00","og_image":[{"url":"https:\/\/www.laorotava.es\/sites\/default\/files\/styles\/large\/public\/rutas\/verde-12.png?itok=FfvANy5y","type":"","width":"","height":""}],"twitter_card":"summary_large_image","twitter_site":"@LaOrotava","twitter_misc":{"Tiempo de lectura":"2 minutos"},"schema":{"@context":"https:\/\/schema.org","@graph":[{"@type":"WebPage","@id":"https:\/\/www.laorotava.es\/turismo\/12-arte-en-el-ayuntamiento\/","url":"https:\/\/www.laorotava.es\/turismo\/12-arte-en-el-ayuntamiento\/","name":"12. Arte en el Ayuntamiento - Web de Turismo del Ayuntamiento de La Orotava","isPartOf":{"@id":"https:\/\/www.laorotava.es\/turismo\/#website"},"primaryImageOfPage":{"@id":"https:\/\/www.laorotava.es\/turismo\/12-arte-en-el-ayuntamiento\/#primaryimage"},"image":{"@id":"https:\/\/www.laorotava.es\/turismo\/12-arte-en-el-ayuntamiento\/#primaryimage"},"thumbnailUrl":"https:\/\/www.laorotava.es\/sites\/default\/files\/styles\/large\/public\/rutas\/verde-12.png?itok=FfvANy5y","datePublished":"2022-10-11T15:29:12+00:00","dateModified":"2022-10-11T15:30:36+00:00","breadcrumb":{"@id":"https:\/\/www.laorotava.es\/turismo\/12-arte-en-el-ayuntamiento\/#breadcrumb"},"inLanguage":"es","potentialAction":[{"@type":"ReadAction","target":["https:\/\/www.laorotava.es\/turismo\/12-arte-en-el-ayuntamiento\/"]}]},{"@type":"ImageObject","inLanguage":"es","@id":"https:\/\/www.laorotava.es\/turismo\/12-arte-en-el-ayuntamiento\/#primaryimage","url":"https:\/\/www.laorotava.es\/sites\/default\/files\/styles\/large\/public\/rutas\/verde-12.png?itok=FfvANy5y","contentUrl":"https:\/\/www.laorotava.es\/sites\/default\/files\/styles\/large\/public\/rutas\/verde-12.png?itok=FfvANy5y"},{"@type":"BreadcrumbList","@id":"https:\/\/www.laorotava.es\/turismo\/12-arte-en-el-ayuntamiento\/#breadcrumb","itemListElement":[{"@type":"ListItem","position":1,"name":"Portada","item":"https:\/\/www.laorotava.es\/turismo\/"},{"@type":"ListItem","position":2,"name":"12. Arte en el Ayuntamiento"}]},{"@type":"WebSite","@id":"https:\/\/www.laorotava.es\/turismo\/#website","url":"https:\/\/www.laorotava.es\/turismo\/","name":"Web de Turismo del Ayuntamiento de La Orotava","description":"","publisher":{"@id":"https:\/\/www.laorotava.es\/turismo\/#organization"},"potentialAction":[{"@type":"SearchAction","target":{"@type":"EntryPoint","urlTemplate":"https:\/\/www.laorotava.es\/turismo\/?s={search_term_string}"},"query-input":{"@type":"PropertyValueSpecification","valueRequired":true,"valueName":"search_term_string"}}],"inLanguage":"es"},{"@type":"Organization","@id":"https:\/\/www.laorotava.es\/turismo\/#organization","name":"Ayuntamiento de La Orotava","url":"https:\/\/www.laorotava.es\/turismo\/","logo":{"@type":"ImageObject","inLanguage":"es","@id":"https:\/\/www.laorotava.es\/turismo\/#\/schema\/logo\/image\/","url":"https:\/\/www.laorotava.es\/turismo\/wp-content\/uploads\/2022\/08\/logo.png","contentUrl":"https:\/\/www.laorotava.es\/turismo\/wp-content\/uploads\/2022\/08\/logo.png","width":1195,"height":180,"caption":"Ayuntamiento de La Orotava"},"image":{"@id":"https:\/\/www.laorotava.es\/turismo\/#\/schema\/logo\/image\/"},"sameAs":["https:\/\/www.facebook.com\/TurismoLaOrotava\/","https:\/\/x.com\/LaOrotava"]}]}},"_links":{"self":[{"href":"https:\/\/www.laorotava.es\/turismo\/wp-json\/wp\/v2\/pages\/1014215","targetHints":{"allow":["GET"]}}],"collection":[{"href":"https:\/\/www.laorotava.es\/turismo\/wp-json\/wp\/v2\/pages"}],"about":[{"href":"https:\/\/www.laorotava.es\/turismo\/wp-json\/wp\/v2\/types\/page"}],"author":[{"embeddable":true,"href":"https:\/\/www.laorotava.es\/turismo\/wp-json\/wp\/v2\/users\/3"}],"replies":[{"embeddable":true,"href":"https:\/\/www.laorotava.es\/turismo\/wp-json\/wp\/v2\/comments?post=1014215"}],"version-history":[{"count":4,"href":"https:\/\/www.laorotava.es\/turismo\/wp-json\/wp\/v2\/pages\/1014215\/revisions"}],"predecessor-version":[{"id":1014223,"href":"https:\/\/www.laorotava.es\/turismo\/wp-json\/wp\/v2\/pages\/1014215\/revisions\/1014223"}],"wp:attachment":[{"href":"https:\/\/www.laorotava.es\/turismo\/wp-json\/wp\/v2\/media?parent=1014215"}],"curies":[{"name":"wp","href":"https:\/\/api.w.org\/{rel}","templated":true}]}}