{"id":1014231,"date":"2022-10-11T15:31:35","date_gmt":"2022-10-11T15:31:35","guid":{"rendered":"https:\/\/www.laorotava.es\/turismo\/?page_id=1014231"},"modified":"2022-10-11T15:32:37","modified_gmt":"2022-10-11T15:32:37","slug":"13-plaza-de-la-constitucion","status":"publish","type":"page","link":"https:\/\/www.laorotava.es\/turismo\/13-plaza-de-la-constitucion\/","title":{"rendered":"13. Plaza de la Constituci\u00f3n"},"content":{"rendered":"\t\t<div data-elementor-type=\"wp-page\" data-elementor-id=\"1014231\" class=\"elementor elementor-1014231\">\n\t\t\t\t\t\t<section class=\"elementor-section elementor-top-section elementor-element elementor-element-474c8de7 elementor-section-stretched elementor-section-boxed elementor-section-height-default elementor-section-height-default wpr-particle-no wpr-jarallax-no wpr-parallax-no wpr-sticky-section-no\" data-id=\"474c8de7\" data-element_type=\"section\" data-e-type=\"section\" data-settings=\"{&quot;stretch_section&quot;:&quot;section-stretched&quot;}\">\n\t\t\t\t\t\t<div class=\"elementor-container elementor-column-gap-default\">\n\t\t\t\t\t<div class=\"elementor-column elementor-col-100 elementor-top-column elementor-element elementor-element-4f57cfcb\" data-id=\"4f57cfcb\" data-element_type=\"column\" data-e-type=\"column\">\n\t\t\t<div class=\"elementor-widget-wrap elementor-element-populated\">\n\t\t\t\t\t\t<div class=\"elementor-element elementor-element-4ea5ff4c elementor-widget elementor-widget-heading\" data-id=\"4ea5ff4c\" data-element_type=\"widget\" data-e-type=\"widget\" data-widget_type=\"heading.default\">\n\t\t\t\t<div class=\"elementor-widget-container\">\n\t\t\t\t\t<h2 class=\"elementor-heading-title elementor-size-small\">13. Plaza de la Constituci\u00f3n\n<div><br><\/div><\/h2>\t\t\t\t<\/div>\n\t\t\t\t<\/div>\n\t\t\t\t<div class=\"elementor-element elementor-element-6f75fabd elementor-widget-divider--view-line elementor-widget elementor-widget-divider\" data-id=\"6f75fabd\" data-element_type=\"widget\" data-e-type=\"widget\" data-widget_type=\"divider.default\">\n\t\t\t\t<div class=\"elementor-widget-container\">\n\t\t\t\t\t\t\t<div class=\"elementor-divider\">\n\t\t\t<span class=\"elementor-divider-separator\">\n\t\t\t\t\t\t<\/span>\n\t\t<\/div>\n\t\t\t\t\t\t<\/div>\n\t\t\t\t<\/div>\n\t\t\t\t<div class=\"elementor-element elementor-element-e42c57f elementor-widget elementor-widget-wp-widget-media_audio\" data-id=\"e42c57f\" data-element_type=\"widget\" data-e-type=\"widget\" data-widget_type=\"wp-widget-media_audio.default\">\n\t\t\t\t<div class=\"elementor-widget-container\">\n\t\t\t\t\t<audio class=\"wp-audio-shortcode\" id=\"audio-1014231-1\" preload=\"none\" style=\"width: 100%;\" controls=\"controls\"><source type=\"audio\/mpeg\" src=\"https:\/\/www.laorotava.es\/turismo\/wp-content\/uploads\/2019\/03\/13_rv_plaza_de_la_constitucion.mp3?_=1\" \/><source type=\"audio\/mpeg\" src=\"https:\/\/www.laorotava.es\/turismo\/wp-content\/uploads\/2019\/03\/13_rv_plaza_de_la_constitucion.mp3?_=1\" \/><a href=\"https:\/\/www.laorotava.es\/turismo\/wp-content\/uploads\/2019\/03\/13_rv_plaza_de_la_constitucion.mp3\">https:\/\/www.laorotava.es\/turismo\/wp-content\/uploads\/2019\/03\/13_rv_plaza_de_la_constitucion.mp3<\/a><\/audio>\t\t\t\t<\/div>\n\t\t\t\t<\/div>\n\t\t\t\t<div class=\"elementor-element elementor-element-15aeb802 elementor-widget elementor-widget-text-editor\" data-id=\"15aeb802\" data-element_type=\"widget\" data-e-type=\"widget\" data-widget_type=\"text-editor.default\">\n\t\t\t\t<div class=\"elementor-widget-container\">\n\t\t\t\t\t\t\t\t\t<p><span style=\"color: #444444;\"><img decoding=\"async\" class=\"alignleft\" src=\"https:\/\/www.laorotava.es\/sites\/default\/files\/styles\/large\/public\/rutas\/verde-13.png?itok=y_9UzMdY\" \/><\/span><\/p><p><span style=\"color: #444444;\">Originalmente, este espacio p\u00fablico era conocido como Llano de San Roque,\u00a0debido a que en sus proximidades se encontraba la ermita de San Roque.\u00a0Junto a la antigua ermita se edific\u00f3 la actual iglesia de San Agust\u00edn, que ver\u00e1s\u00a0al fondo de esta plaza. El nombre \u201cPlaza de La Constituci\u00f3n\u201d se remonta a\u00a0principios del siglo XIX, en homenaje a la Constituci\u00f3n Espa\u00f1ola de 1812.<\/span><\/p><p><span style=\"color: #444444;\">La plaza tambi\u00e9n es conocida popularmente como plaza del kiosco y no fue\u00a0pavimentada hasta 1902. El enlosado actual es de entonces. El kiosco central\u00a0fue construido a principios del siglo XX para las actuaciones de la banda\u00a0municipal de m\u00fasica y es de estilo neomud\u00e9jar, corriente arquitect\u00f3nica que\u00a0retoma elementos del mudejarismo combin\u00e1ndolo con los nuevos materiales de\u00a0principios del siglo XX.<\/span><\/p><p><span style=\"color: #444444;\">Desde esta plaza vemos el Liceo de Taoro. Es el imponente edifico que ver\u00e1s\u00a0coronando unos jardines escalonados en la parte m\u00e1s orientada a la monta\u00f1a.\u00a0Los jardines son una soluci\u00f3n arquitect\u00f3nica al pronunciado desnivel que hay\u00a0entre esta plaza y el edificio y dan como resultado un realce del mismo. El\u00a0edificio, de estilo ecl\u00e9ctico, data de 1928 y en 1975 fue adquirido por la\u00a0Sociedad Cultural Liceo de Taoro. Esta sociedad orotavense tiene su origen en\u00a0el siglo XIX y ha desempe\u00f1ado un importante papel en la dinamizaci\u00f3n cultural\u00a0y en la difusi\u00f3n de las tradiciones del municipio.<\/span><\/p><p><span style=\"color: #444444;\">Dirij\u00e1monos ahora hacia la iglesia de San Agust\u00edn situada al fondo de esta\u00a0plaza. Cruza la calle para encontrar el indicativo de ruta.<\/span><\/p>\t\t\t\t\t\t\t\t<\/div>\n\t\t\t\t<\/div>\n\t\t\t\t<div class=\"elementor-element elementor-element-71c1a8ce elementor-widget elementor-widget-google_maps\" data-id=\"71c1a8ce\" data-element_type=\"widget\" data-e-type=\"widget\" data-widget_type=\"google_maps.default\">\n\t\t\t\t<div class=\"elementor-widget-container\">\n\t\t\t\t\t\t\t<div class=\"elementor-custom-embed\">\n\t\t\t<iframe loading=\"lazy\"\n\t\t\t\t\tsrc=\"https:\/\/maps.google.com\/maps?q=plaza%20de%20la%20constituci%C3%B3n%20la%20orotava&#038;t=m&#038;z=16&#038;output=embed&#038;iwloc=near\"\n\t\t\t\t\ttitle=\"plaza de la constituci\u00f3n la orotava\"\n\t\t\t\t\taria-label=\"plaza de la constituci\u00f3n la orotava\"\n\t\t\t><\/iframe>\n\t\t<\/div>\n\t\t\t\t\t\t<\/div>\n\t\t\t\t<\/div>\n\t\t\t\t\t<\/div>\n\t\t<\/div>\n\t\t\t\t\t<\/div>\n\t\t<\/section>\n\t\t\t\t<\/div>\n\t\t","protected":false},"excerpt":{"rendered":"<p>13. Plaza de la Constituci\u00f3n Originalmente, este espacio p\u00fablico era conocido como Llano de San Roque,\u00a0debido a que en sus proximidades se encontraba la ermita de San Roque.\u00a0Junto a la antigua ermita se edific\u00f3 la actual iglesia de San Agust\u00edn, que ver\u00e1s\u00a0al fondo de esta plaza. El nombre \u201cPlaza de La Constituci\u00f3n\u201d se remonta a\u00a0principios del siglo XIX, en homenaje a la Constituci\u00f3n Espa\u00f1ola de 1812. La plaza tambi\u00e9n es conocida popularmente como plaza del kiosco y no fue\u00a0pavimentada hasta 1902. El enlosado actual es de entonces. El kiosco central\u00a0fue construido a principios del siglo XX para las actuaciones de la banda\u00a0municipal de m\u00fasica y es de estilo neomud\u00e9jar, corriente arquitect\u00f3nica que\u00a0retoma elementos del mudejarismo combin\u00e1ndolo con los nuevos materiales de\u00a0principios del siglo XX. Desde esta plaza vemos el Liceo de Taoro. Es el imponente edifico que ver\u00e1s\u00a0coronando unos jardines escalonados en la parte m\u00e1s orientada a la monta\u00f1a.\u00a0Los jardines son una soluci\u00f3n arquitect\u00f3nica al pronunciado desnivel que hay\u00a0entre esta plaza y el edificio y dan como resultado un realce del mismo. El\u00a0edificio, de estilo ecl\u00e9ctico, data de 1928 y en 1975 fue adquirido por la\u00a0Sociedad Cultural Liceo de Taoro. Esta sociedad orotavense tiene su origen en\u00a0el siglo XIX y ha desempe\u00f1ado un importante papel en la dinamizaci\u00f3n cultural\u00a0y en la difusi\u00f3n de las tradiciones del municipio. Dirij\u00e1monos ahora hacia la iglesia de San Agust\u00edn situada al fondo de esta\u00a0plaza. Cruza la calle para encontrar el indicativo de ruta.<\/p>\n","protected":false},"author":3,"featured_media":0,"parent":0,"menu_order":0,"comment_status":"closed","ping_status":"closed","template":"","meta":{"_acf_changed":false,"ocean_post_layout":"","ocean_both_sidebars_style":"","ocean_both_sidebars_content_width":0,"ocean_both_sidebars_sidebars_width":0,"ocean_sidebar":"0","ocean_second_sidebar":"0","ocean_disable_margins":"enable","ocean_add_body_class":"","ocean_shortcode_before_top_bar":"","ocean_shortcode_after_top_bar":"","ocean_shortcode_before_header":"","ocean_shortcode_after_header":"","ocean_has_shortcode":"","ocean_shortcode_after_title":"","ocean_shortcode_before_footer_widgets":"","ocean_shortcode_after_footer_widgets":"","ocean_shortcode_before_footer_bottom":"","ocean_shortcode_after_footer_bottom":"","ocean_display_top_bar":"default","ocean_display_header":"default","ocean_header_style":"","ocean_center_header_left_menu":"0","ocean_custom_header_template":"0","ocean_custom_logo":0,"ocean_custom_retina_logo":0,"ocean_custom_logo_max_width":0,"ocean_custom_logo_tablet_max_width":0,"ocean_custom_logo_mobile_max_width":0,"ocean_custom_logo_max_height":0,"ocean_custom_logo_tablet_max_height":0,"ocean_custom_logo_mobile_max_height":0,"ocean_header_custom_menu":"0","ocean_menu_typo_font_family":"0","ocean_menu_typo_font_subset":"","ocean_menu_typo_font_size":0,"ocean_menu_typo_font_size_tablet":0,"ocean_menu_typo_font_size_mobile":0,"ocean_menu_typo_font_size_unit":"px","ocean_menu_typo_font_weight":"","ocean_menu_typo_font_weight_tablet":"","ocean_menu_typo_font_weight_mobile":"","ocean_menu_typo_transform":"","ocean_menu_typo_transform_tablet":"","ocean_menu_typo_transform_mobile":"","ocean_menu_typo_line_height":0,"ocean_menu_typo_line_height_tablet":0,"ocean_menu_typo_line_height_mobile":0,"ocean_menu_typo_line_height_unit":"","ocean_menu_typo_spacing":0,"ocean_menu_typo_spacing_tablet":0,"ocean_menu_typo_spacing_mobile":0,"ocean_menu_typo_spacing_unit":"","ocean_menu_link_color":"","ocean_menu_link_color_hover":"","ocean_menu_link_color_active":"","ocean_menu_link_background":"","ocean_menu_link_hover_background":"","ocean_menu_link_active_background":"","ocean_menu_social_links_bg":"","ocean_menu_social_hover_links_bg":"","ocean_menu_social_links_color":"","ocean_menu_social_hover_links_color":"","ocean_disable_title":"on","ocean_disable_heading":"default","ocean_post_title":"","ocean_post_subheading":"","ocean_post_title_style":"","ocean_post_title_background_color":"","ocean_post_title_background":0,"ocean_post_title_bg_image_position":"","ocean_post_title_bg_image_attachment":"","ocean_post_title_bg_image_repeat":"","ocean_post_title_bg_image_size":"","ocean_post_title_height":0,"ocean_post_title_bg_overlay":0.5,"ocean_post_title_bg_overlay_color":"","ocean_disable_breadcrumbs":"default","ocean_breadcrumbs_color":"","ocean_breadcrumbs_separator_color":"","ocean_breadcrumbs_links_color":"","ocean_breadcrumbs_links_hover_color":"","ocean_display_footer_widgets":"default","ocean_display_footer_bottom":"default","ocean_custom_footer_template":"0","footnotes":""},"class_list":["post-1014231","page","type-page","status-publish","hentry","entry"],"acf":[],"yoast_head":"<!-- This site is optimized with the Yoast SEO plugin v27.2 - https:\/\/yoast.com\/product\/yoast-seo-wordpress\/ -->\n<title>13. Plaza de la Constituci\u00f3n - Web de Turismo del Ayuntamiento de La Orotava<\/title>\n<meta name=\"robots\" content=\"index, follow, max-snippet:-1, max-image-preview:large, max-video-preview:-1\" \/>\n<link rel=\"canonical\" href=\"https:\/\/www.laorotava.es\/turismo\/13-plaza-de-la-constitucion\/\" \/>\n<meta property=\"og:locale\" content=\"es_ES\" \/>\n<meta property=\"og:type\" content=\"article\" \/>\n<meta property=\"og:title\" content=\"13. Plaza de la Constituci\u00f3n - Web de Turismo del Ayuntamiento de La Orotava\" \/>\n<meta property=\"og:description\" content=\"13. Plaza de la Constituci\u00f3n Originalmente, este espacio p\u00fablico era conocido como Llano de San Roque,\u00a0debido a que en sus proximidades se encontraba la ermita de San Roque.\u00a0Junto a la antigua ermita se edific\u00f3 la actual iglesia de San Agust\u00edn, que ver\u00e1s\u00a0al fondo de esta plaza. El nombre \u201cPlaza de La Constituci\u00f3n\u201d se remonta a\u00a0principios del siglo XIX, en homenaje a la Constituci\u00f3n Espa\u00f1ola de 1812. La plaza tambi\u00e9n es conocida popularmente como plaza del kiosco y no fue\u00a0pavimentada hasta 1902. El enlosado actual es de entonces. El kiosco central\u00a0fue construido a principios del siglo XX para las actuaciones de la banda\u00a0municipal de m\u00fasica y es de estilo neomud\u00e9jar, corriente arquitect\u00f3nica que\u00a0retoma elementos del mudejarismo combin\u00e1ndolo con los nuevos materiales de\u00a0principios del siglo XX. Desde esta plaza vemos el Liceo de Taoro. Es el imponente edifico que ver\u00e1s\u00a0coronando unos jardines escalonados en la parte m\u00e1s orientada a la monta\u00f1a.\u00a0Los jardines son una soluci\u00f3n arquitect\u00f3nica al pronunciado desnivel que hay\u00a0entre esta plaza y el edificio y dan como resultado un realce del mismo. El\u00a0edificio, de estilo ecl\u00e9ctico, data de 1928 y en 1975 fue adquirido por la\u00a0Sociedad Cultural Liceo de Taoro. Esta sociedad orotavense tiene su origen en\u00a0el siglo XIX y ha desempe\u00f1ado un importante papel en la dinamizaci\u00f3n cultural\u00a0y en la difusi\u00f3n de las tradiciones del municipio. Dirij\u00e1monos ahora hacia la iglesia de San Agust\u00edn situada al fondo de esta\u00a0plaza. Cruza la calle para encontrar el indicativo de ruta.\" \/>\n<meta property=\"og:url\" content=\"https:\/\/www.laorotava.es\/turismo\/13-plaza-de-la-constitucion\/\" \/>\n<meta property=\"og:site_name\" content=\"Web de Turismo del Ayuntamiento de La Orotava\" \/>\n<meta property=\"article:publisher\" content=\"https:\/\/www.facebook.com\/TurismoLaOrotava\/\" \/>\n<meta property=\"article:modified_time\" content=\"2022-10-11T15:32:37+00:00\" \/>\n<meta property=\"og:image\" content=\"https:\/\/www.laorotava.es\/sites\/default\/files\/styles\/large\/public\/rutas\/verde-13.png?itok=y_9UzMdY\" \/>\n<meta name=\"twitter:card\" content=\"summary_large_image\" \/>\n<meta name=\"twitter:site\" content=\"@LaOrotava\" \/>\n<meta name=\"twitter:label1\" content=\"Tiempo de lectura\" \/>\n\t<meta name=\"twitter:data1\" content=\"1 minuto\" \/>\n<script type=\"application\/ld+json\" class=\"yoast-schema-graph\">{\"@context\":\"https:\/\/schema.org\",\"@graph\":[{\"@type\":\"WebPage\",\"@id\":\"https:\/\/www.laorotava.es\/turismo\/13-plaza-de-la-constitucion\/\",\"url\":\"https:\/\/www.laorotava.es\/turismo\/13-plaza-de-la-constitucion\/\",\"name\":\"13. Plaza de la Constituci\u00f3n - Web de Turismo del Ayuntamiento de La Orotava\",\"isPartOf\":{\"@id\":\"https:\/\/www.laorotava.es\/turismo\/#website\"},\"primaryImageOfPage\":{\"@id\":\"https:\/\/www.laorotava.es\/turismo\/13-plaza-de-la-constitucion\/#primaryimage\"},\"image\":{\"@id\":\"https:\/\/www.laorotava.es\/turismo\/13-plaza-de-la-constitucion\/#primaryimage\"},\"thumbnailUrl\":\"https:\/\/www.laorotava.es\/sites\/default\/files\/styles\/large\/public\/rutas\/verde-13.png?itok=y_9UzMdY\",\"datePublished\":\"2022-10-11T15:31:35+00:00\",\"dateModified\":\"2022-10-11T15:32:37+00:00\",\"breadcrumb\":{\"@id\":\"https:\/\/www.laorotava.es\/turismo\/13-plaza-de-la-constitucion\/#breadcrumb\"},\"inLanguage\":\"es\",\"potentialAction\":[{\"@type\":\"ReadAction\",\"target\":[\"https:\/\/www.laorotava.es\/turismo\/13-plaza-de-la-constitucion\/\"]}]},{\"@type\":\"ImageObject\",\"inLanguage\":\"es\",\"@id\":\"https:\/\/www.laorotava.es\/turismo\/13-plaza-de-la-constitucion\/#primaryimage\",\"url\":\"https:\/\/www.laorotava.es\/sites\/default\/files\/styles\/large\/public\/rutas\/verde-13.png?itok=y_9UzMdY\",\"contentUrl\":\"https:\/\/www.laorotava.es\/sites\/default\/files\/styles\/large\/public\/rutas\/verde-13.png?itok=y_9UzMdY\"},{\"@type\":\"BreadcrumbList\",\"@id\":\"https:\/\/www.laorotava.es\/turismo\/13-plaza-de-la-constitucion\/#breadcrumb\",\"itemListElement\":[{\"@type\":\"ListItem\",\"position\":1,\"name\":\"Portada\",\"item\":\"https:\/\/www.laorotava.es\/turismo\/\"},{\"@type\":\"ListItem\",\"position\":2,\"name\":\"13. Plaza de la Constituci\u00f3n\"}]},{\"@type\":\"WebSite\",\"@id\":\"https:\/\/www.laorotava.es\/turismo\/#website\",\"url\":\"https:\/\/www.laorotava.es\/turismo\/\",\"name\":\"Web de Turismo del Ayuntamiento de La Orotava\",\"description\":\"\",\"publisher\":{\"@id\":\"https:\/\/www.laorotava.es\/turismo\/#organization\"},\"potentialAction\":[{\"@type\":\"SearchAction\",\"target\":{\"@type\":\"EntryPoint\",\"urlTemplate\":\"https:\/\/www.laorotava.es\/turismo\/?s={search_term_string}\"},\"query-input\":{\"@type\":\"PropertyValueSpecification\",\"valueRequired\":true,\"valueName\":\"search_term_string\"}}],\"inLanguage\":\"es\"},{\"@type\":\"Organization\",\"@id\":\"https:\/\/www.laorotava.es\/turismo\/#organization\",\"name\":\"Ayuntamiento de La Orotava\",\"url\":\"https:\/\/www.laorotava.es\/turismo\/\",\"logo\":{\"@type\":\"ImageObject\",\"inLanguage\":\"es\",\"@id\":\"https:\/\/www.laorotava.es\/turismo\/#\/schema\/logo\/image\/\",\"url\":\"https:\/\/www.laorotava.es\/turismo\/wp-content\/uploads\/2022\/08\/logo.png\",\"contentUrl\":\"https:\/\/www.laorotava.es\/turismo\/wp-content\/uploads\/2022\/08\/logo.png\",\"width\":1195,\"height\":180,\"caption\":\"Ayuntamiento de La Orotava\"},\"image\":{\"@id\":\"https:\/\/www.laorotava.es\/turismo\/#\/schema\/logo\/image\/\"},\"sameAs\":[\"https:\/\/www.facebook.com\/TurismoLaOrotava\/\",\"https:\/\/x.com\/LaOrotava\"]}]}<\/script>\n<!-- \/ Yoast SEO plugin. -->","yoast_head_json":{"title":"13. Plaza de la Constituci\u00f3n - Web de Turismo del Ayuntamiento de La Orotava","robots":{"index":"index","follow":"follow","max-snippet":"max-snippet:-1","max-image-preview":"max-image-preview:large","max-video-preview":"max-video-preview:-1"},"canonical":"https:\/\/www.laorotava.es\/turismo\/13-plaza-de-la-constitucion\/","og_locale":"es_ES","og_type":"article","og_title":"13. Plaza de la Constituci\u00f3n - Web de Turismo del Ayuntamiento de La Orotava","og_description":"13. Plaza de la Constituci\u00f3n Originalmente, este espacio p\u00fablico era conocido como Llano de San Roque,\u00a0debido a que en sus proximidades se encontraba la ermita de San Roque.\u00a0Junto a la antigua ermita se edific\u00f3 la actual iglesia de San Agust\u00edn, que ver\u00e1s\u00a0al fondo de esta plaza. El nombre \u201cPlaza de La Constituci\u00f3n\u201d se remonta a\u00a0principios del siglo XIX, en homenaje a la Constituci\u00f3n Espa\u00f1ola de 1812. La plaza tambi\u00e9n es conocida popularmente como plaza del kiosco y no fue\u00a0pavimentada hasta 1902. El enlosado actual es de entonces. El kiosco central\u00a0fue construido a principios del siglo XX para las actuaciones de la banda\u00a0municipal de m\u00fasica y es de estilo neomud\u00e9jar, corriente arquitect\u00f3nica que\u00a0retoma elementos del mudejarismo combin\u00e1ndolo con los nuevos materiales de\u00a0principios del siglo XX. Desde esta plaza vemos el Liceo de Taoro. Es el imponente edifico que ver\u00e1s\u00a0coronando unos jardines escalonados en la parte m\u00e1s orientada a la monta\u00f1a.\u00a0Los jardines son una soluci\u00f3n arquitect\u00f3nica al pronunciado desnivel que hay\u00a0entre esta plaza y el edificio y dan como resultado un realce del mismo. El\u00a0edificio, de estilo ecl\u00e9ctico, data de 1928 y en 1975 fue adquirido por la\u00a0Sociedad Cultural Liceo de Taoro. Esta sociedad orotavense tiene su origen en\u00a0el siglo XIX y ha desempe\u00f1ado un importante papel en la dinamizaci\u00f3n cultural\u00a0y en la difusi\u00f3n de las tradiciones del municipio. Dirij\u00e1monos ahora hacia la iglesia de San Agust\u00edn situada al fondo de esta\u00a0plaza. Cruza la calle para encontrar el indicativo de ruta.","og_url":"https:\/\/www.laorotava.es\/turismo\/13-plaza-de-la-constitucion\/","og_site_name":"Web de Turismo del Ayuntamiento de La Orotava","article_publisher":"https:\/\/www.facebook.com\/TurismoLaOrotava\/","article_modified_time":"2022-10-11T15:32:37+00:00","og_image":[{"url":"https:\/\/www.laorotava.es\/sites\/default\/files\/styles\/large\/public\/rutas\/verde-13.png?itok=y_9UzMdY","type":"","width":"","height":""}],"twitter_card":"summary_large_image","twitter_site":"@LaOrotava","twitter_misc":{"Tiempo de lectura":"1 minuto"},"schema":{"@context":"https:\/\/schema.org","@graph":[{"@type":"WebPage","@id":"https:\/\/www.laorotava.es\/turismo\/13-plaza-de-la-constitucion\/","url":"https:\/\/www.laorotava.es\/turismo\/13-plaza-de-la-constitucion\/","name":"13. Plaza de la Constituci\u00f3n - Web de Turismo del Ayuntamiento de La Orotava","isPartOf":{"@id":"https:\/\/www.laorotava.es\/turismo\/#website"},"primaryImageOfPage":{"@id":"https:\/\/www.laorotava.es\/turismo\/13-plaza-de-la-constitucion\/#primaryimage"},"image":{"@id":"https:\/\/www.laorotava.es\/turismo\/13-plaza-de-la-constitucion\/#primaryimage"},"thumbnailUrl":"https:\/\/www.laorotava.es\/sites\/default\/files\/styles\/large\/public\/rutas\/verde-13.png?itok=y_9UzMdY","datePublished":"2022-10-11T15:31:35+00:00","dateModified":"2022-10-11T15:32:37+00:00","breadcrumb":{"@id":"https:\/\/www.laorotava.es\/turismo\/13-plaza-de-la-constitucion\/#breadcrumb"},"inLanguage":"es","potentialAction":[{"@type":"ReadAction","target":["https:\/\/www.laorotava.es\/turismo\/13-plaza-de-la-constitucion\/"]}]},{"@type":"ImageObject","inLanguage":"es","@id":"https:\/\/www.laorotava.es\/turismo\/13-plaza-de-la-constitucion\/#primaryimage","url":"https:\/\/www.laorotava.es\/sites\/default\/files\/styles\/large\/public\/rutas\/verde-13.png?itok=y_9UzMdY","contentUrl":"https:\/\/www.laorotava.es\/sites\/default\/files\/styles\/large\/public\/rutas\/verde-13.png?itok=y_9UzMdY"},{"@type":"BreadcrumbList","@id":"https:\/\/www.laorotava.es\/turismo\/13-plaza-de-la-constitucion\/#breadcrumb","itemListElement":[{"@type":"ListItem","position":1,"name":"Portada","item":"https:\/\/www.laorotava.es\/turismo\/"},{"@type":"ListItem","position":2,"name":"13. Plaza de la Constituci\u00f3n"}]},{"@type":"WebSite","@id":"https:\/\/www.laorotava.es\/turismo\/#website","url":"https:\/\/www.laorotava.es\/turismo\/","name":"Web de Turismo del Ayuntamiento de La Orotava","description":"","publisher":{"@id":"https:\/\/www.laorotava.es\/turismo\/#organization"},"potentialAction":[{"@type":"SearchAction","target":{"@type":"EntryPoint","urlTemplate":"https:\/\/www.laorotava.es\/turismo\/?s={search_term_string}"},"query-input":{"@type":"PropertyValueSpecification","valueRequired":true,"valueName":"search_term_string"}}],"inLanguage":"es"},{"@type":"Organization","@id":"https:\/\/www.laorotava.es\/turismo\/#organization","name":"Ayuntamiento de La Orotava","url":"https:\/\/www.laorotava.es\/turismo\/","logo":{"@type":"ImageObject","inLanguage":"es","@id":"https:\/\/www.laorotava.es\/turismo\/#\/schema\/logo\/image\/","url":"https:\/\/www.laorotava.es\/turismo\/wp-content\/uploads\/2022\/08\/logo.png","contentUrl":"https:\/\/www.laorotava.es\/turismo\/wp-content\/uploads\/2022\/08\/logo.png","width":1195,"height":180,"caption":"Ayuntamiento de La Orotava"},"image":{"@id":"https:\/\/www.laorotava.es\/turismo\/#\/schema\/logo\/image\/"},"sameAs":["https:\/\/www.facebook.com\/TurismoLaOrotava\/","https:\/\/x.com\/LaOrotava"]}]}},"_links":{"self":[{"href":"https:\/\/www.laorotava.es\/turismo\/wp-json\/wp\/v2\/pages\/1014231","targetHints":{"allow":["GET"]}}],"collection":[{"href":"https:\/\/www.laorotava.es\/turismo\/wp-json\/wp\/v2\/pages"}],"about":[{"href":"https:\/\/www.laorotava.es\/turismo\/wp-json\/wp\/v2\/types\/page"}],"author":[{"embeddable":true,"href":"https:\/\/www.laorotava.es\/turismo\/wp-json\/wp\/v2\/users\/3"}],"replies":[{"embeddable":true,"href":"https:\/\/www.laorotava.es\/turismo\/wp-json\/wp\/v2\/comments?post=1014231"}],"version-history":[{"count":4,"href":"https:\/\/www.laorotava.es\/turismo\/wp-json\/wp\/v2\/pages\/1014231\/revisions"}],"predecessor-version":[{"id":1014239,"href":"https:\/\/www.laorotava.es\/turismo\/wp-json\/wp\/v2\/pages\/1014231\/revisions\/1014239"}],"wp:attachment":[{"href":"https:\/\/www.laorotava.es\/turismo\/wp-json\/wp\/v2\/media?parent=1014231"}],"curies":[{"name":"wp","href":"https:\/\/api.w.org\/{rel}","templated":true}]}}