{"id":1014449,"date":"2022-10-13T10:01:47","date_gmt":"2022-10-13T10:01:47","guid":{"rendered":"https:\/\/www.laorotava.es\/turismo\/?page_id=1014449"},"modified":"2022-10-13T10:02:44","modified_gmt":"2022-10-13T10:02:44","slug":"14-san-agustin-church","status":"publish","type":"page","link":"https:\/\/www.laorotava.es\/turismo\/en\/14-san-agustin-church\/","title":{"rendered":"14. San Agust\u00edn Church"},"content":{"rendered":"\t\t<div data-elementor-type=\"wp-page\" data-elementor-id=\"1014449\" class=\"elementor elementor-1014449\">\n\t\t\t\t\t\t<section class=\"elementor-section elementor-top-section elementor-element elementor-element-27f3f977 elementor-section-stretched elementor-section-boxed elementor-section-height-default elementor-section-height-default wpr-particle-no wpr-jarallax-no wpr-parallax-no wpr-sticky-section-no\" data-id=\"27f3f977\" data-element_type=\"section\" data-e-type=\"section\" data-settings=\"{&quot;stretch_section&quot;:&quot;section-stretched&quot;}\">\n\t\t\t\t\t\t<div class=\"elementor-container elementor-column-gap-default\">\n\t\t\t\t\t<div class=\"elementor-column elementor-col-100 elementor-top-column elementor-element elementor-element-96267f0\" data-id=\"96267f0\" data-element_type=\"column\" data-e-type=\"column\">\n\t\t\t<div class=\"elementor-widget-wrap elementor-element-populated\">\n\t\t\t\t\t\t<div class=\"elementor-element elementor-element-5555d41f elementor-widget elementor-widget-heading\" data-id=\"5555d41f\" data-element_type=\"widget\" data-e-type=\"widget\" data-widget_type=\"heading.default\">\n\t\t\t\t<div class=\"elementor-widget-container\">\n\t\t\t\t\t<h2 class=\"elementor-heading-title elementor-size-small\"><div>14. San Agust\u00edn Church\n<\/div><div><br><\/div><\/h2>\t\t\t\t<\/div>\n\t\t\t\t<\/div>\n\t\t\t\t<div class=\"elementor-element elementor-element-219cbf29 elementor-widget-divider--view-line elementor-widget elementor-widget-divider\" data-id=\"219cbf29\" data-element_type=\"widget\" data-e-type=\"widget\" data-widget_type=\"divider.default\">\n\t\t\t\t<div class=\"elementor-widget-container\">\n\t\t\t\t\t\t\t<div class=\"elementor-divider\">\n\t\t\t<span class=\"elementor-divider-separator\">\n\t\t\t\t\t\t<\/span>\n\t\t<\/div>\n\t\t\t\t\t\t<\/div>\n\t\t\t\t<\/div>\n\t\t\t\t<div class=\"elementor-element elementor-element-d0f79a4 elementor-widget elementor-widget-wp-widget-media_audio\" data-id=\"d0f79a4\" data-element_type=\"widget\" data-e-type=\"widget\" data-widget_type=\"wp-widget-media_audio.default\">\n\t\t\t\t<div class=\"elementor-widget-container\">\n\t\t\t\t\t<audio class=\"wp-audio-shortcode\" id=\"audio-1014449-1\" preload=\"none\" style=\"width: 100%;\" controls=\"controls\"><source type=\"audio\/mpeg\" src=\"https:\/\/www.laorotava.es\/turismo\/wp-content\/uploads\/2019\/10\/14_gr_san_agustin_church.mp3?_=1\" \/><source type=\"audio\/mpeg\" src=\"https:\/\/www.laorotava.es\/turismo\/wp-content\/uploads\/2019\/10\/14_gr_san_agustin_church.mp3?_=1\" \/><a href=\"https:\/\/www.laorotava.es\/turismo\/wp-content\/uploads\/2019\/10\/14_gr_san_agustin_church.mp3\">https:\/\/www.laorotava.es\/turismo\/wp-content\/uploads\/2019\/10\/14_gr_san_agustin_church.mp3<\/a><\/audio>\t\t\t\t<\/div>\n\t\t\t\t<\/div>\n\t\t\t\t<div class=\"elementor-element elementor-element-44de0779 elementor-widget elementor-widget-text-editor\" data-id=\"44de0779\" data-element_type=\"widget\" data-e-type=\"widget\" data-widget_type=\"text-editor.default\">\n\t\t\t\t<div class=\"elementor-widget-container\">\n\t\t\t\t\t\t\t\t\t<p><span style=\"color: #444444;\"><img decoding=\"async\" class=\"alignleft\" src=\"https:\/\/www.laorotava.es\/sites\/default\/files\/styles\/large\/public\/rutas\/verde-14.png?itok=o-WNjOQV\" \/><\/span><\/p><p><span style=\"color: #444444;\">The corner fa\u00e7ade in front of you joins the San Agust\u00edn Church, on the left, with the former convent of Nuestra Se\u00f1ora de Gracia, which is currently the San Agust\u00edn Culture House. The Augustinians started to build this convent and the adjoining church in the late 17thcentury, on the hill occupied until then by the San Roque Chapel.<\/span><\/p><p><span style=\"color: #444444;\">The church suffered serious structural damage and was plundered of much of its works of art and altarpieces in the 19th century, after the Spanish Confiscation. A complete restoration was carried out recently that restored part of its original splendour. Look at the great height of the perimeter walls of this temple, which added to its elevated location, make this church visible from almost all of La Orotava. It\u2019s an attempt at religious pomp tied to the typical ideology of the Augustinian order, which enjoyed the support of La Orotava&#8217;s wealthy families.<\/span><\/p><p><span style=\"color: #444444;\">A highlight on the facade is its central portal with two bodies, made in stone in a classicist cut. You can see sumptuous ceilings inside.<\/span><\/p><p><span style=\"color: #444444;\">To the right of the church you can see the former Augustinian convent, which after the Spanish Confiscation was converted into a military barracks, causing irreparable damage to its cloister. In the eighties, it underwent another remodelling to become a House of Culture. The only original element of the building is the three-story millstone fa\u00e7ade that culminates in a baroque style bell tower. In the middle level, you can find a typical Canarian window crowned by the Augustinian symbol of a heart pierced by the charity arrow, carved in white marble. On the sides, you can see two other reliefs with references to the Virgin Mary and Saint Augustine.<\/span><\/p>\t\t\t\t\t\t\t\t<\/div>\n\t\t\t\t<\/div>\n\t\t\t\t<div class=\"elementor-element elementor-element-59825a02 elementor-widget elementor-widget-google_maps\" data-id=\"59825a02\" data-element_type=\"widget\" data-e-type=\"widget\" data-widget_type=\"google_maps.default\">\n\t\t\t\t<div class=\"elementor-widget-container\">\n\t\t\t\t\t\t\t<div class=\"elementor-custom-embed\">\n\t\t\t<iframe loading=\"lazy\"\n\t\t\t\t\tsrc=\"https:\/\/maps.google.com\/maps?q=iglesia%20de%20san%20agustin%20la%20orotava&#038;t=m&#038;z=16&#038;output=embed&#038;iwloc=near\"\n\t\t\t\t\ttitle=\"iglesia de san agustin la orotava\"\n\t\t\t\t\taria-label=\"iglesia de san agustin la orotava\"\n\t\t\t><\/iframe>\n\t\t<\/div>\n\t\t\t\t\t\t<\/div>\n\t\t\t\t<\/div>\n\t\t\t\t\t<\/div>\n\t\t<\/div>\n\t\t\t\t\t<\/div>\n\t\t<\/section>\n\t\t\t\t<\/div>\n\t\t","protected":false},"excerpt":{"rendered":"<p>14. San Agust\u00edn Church The corner fa\u00e7ade in front of you joins the San Agust\u00edn Church, on the left, with the former convent of Nuestra Se\u00f1ora de Gracia, which is currently the San Agust\u00edn Culture House. The Augustinians started to build this convent and the adjoining church in the late 17thcentury, on the hill occupied until then by the San Roque Chapel. The church suffered serious structural damage and was plundered of much of its works of art and altarpieces in the 19th century, after the Spanish Confiscation. A complete restoration was carried out recently that restored part of its original splendour. Look at the great height of the perimeter walls of this temple, which added to its elevated location, make this church visible from almost all of La Orotava. It\u2019s an attempt at religious pomp tied to the typical ideology of the Augustinian order, which enjoyed the support of La Orotava&#8217;s wealthy families. A highlight on the facade is its central portal with two bodies, made in stone in a classicist cut. You can see sumptuous ceilings inside. To the right of the church you can see the former Augustinian convent, which after the Spanish Confiscation was converted into a military barracks, causing irreparable damage to its cloister. In the eighties, it underwent another remodelling to become a House of Culture. The only original element of the building is the three-story millstone fa\u00e7ade that culminates in a baroque style bell tower. In the middle level, you can find a typical Canarian window crowned by the Augustinian symbol of a heart pierced by the charity arrow, carved in white marble. On the sides, you can see two other reliefs with references to the Virgin Mary and Saint Augustine.<\/p>\n","protected":false},"author":3,"featured_media":0,"parent":0,"menu_order":0,"comment_status":"closed","ping_status":"closed","template":"","meta":{"_acf_changed":false,"ocean_post_layout":"","ocean_both_sidebars_style":"","ocean_both_sidebars_content_width":0,"ocean_both_sidebars_sidebars_width":0,"ocean_sidebar":"0","ocean_second_sidebar":"0","ocean_disable_margins":"enable","ocean_add_body_class":"","ocean_shortcode_before_top_bar":"","ocean_shortcode_after_top_bar":"","ocean_shortcode_before_header":"","ocean_shortcode_after_header":"","ocean_has_shortcode":"","ocean_shortcode_after_title":"","ocean_shortcode_before_footer_widgets":"","ocean_shortcode_after_footer_widgets":"","ocean_shortcode_before_footer_bottom":"","ocean_shortcode_after_footer_bottom":"","ocean_display_top_bar":"default","ocean_display_header":"default","ocean_header_style":"","ocean_center_header_left_menu":"0","ocean_custom_header_template":"0","ocean_custom_logo":0,"ocean_custom_retina_logo":0,"ocean_custom_logo_max_width":0,"ocean_custom_logo_tablet_max_width":0,"ocean_custom_logo_mobile_max_width":0,"ocean_custom_logo_max_height":0,"ocean_custom_logo_tablet_max_height":0,"ocean_custom_logo_mobile_max_height":0,"ocean_header_custom_menu":"0","ocean_menu_typo_font_family":"0","ocean_menu_typo_font_subset":"","ocean_menu_typo_font_size":0,"ocean_menu_typo_font_size_tablet":0,"ocean_menu_typo_font_size_mobile":0,"ocean_menu_typo_font_size_unit":"px","ocean_menu_typo_font_weight":"","ocean_menu_typo_font_weight_tablet":"","ocean_menu_typo_font_weight_mobile":"","ocean_menu_typo_transform":"","ocean_menu_typo_transform_tablet":"","ocean_menu_typo_transform_mobile":"","ocean_menu_typo_line_height":0,"ocean_menu_typo_line_height_tablet":0,"ocean_menu_typo_line_height_mobile":0,"ocean_menu_typo_line_height_unit":"","ocean_menu_typo_spacing":0,"ocean_menu_typo_spacing_tablet":0,"ocean_menu_typo_spacing_mobile":0,"ocean_menu_typo_spacing_unit":"","ocean_menu_link_color":"","ocean_menu_link_color_hover":"","ocean_menu_link_color_active":"","ocean_menu_link_background":"","ocean_menu_link_hover_background":"","ocean_menu_link_active_background":"","ocean_menu_social_links_bg":"","ocean_menu_social_hover_links_bg":"","ocean_menu_social_links_color":"","ocean_menu_social_hover_links_color":"","ocean_disable_title":"on","ocean_disable_heading":"default","ocean_post_title":"","ocean_post_subheading":"","ocean_post_title_style":"","ocean_post_title_background_color":"","ocean_post_title_background":0,"ocean_post_title_bg_image_position":"","ocean_post_title_bg_image_attachment":"","ocean_post_title_bg_image_repeat":"","ocean_post_title_bg_image_size":"","ocean_post_title_height":0,"ocean_post_title_bg_overlay":0.5,"ocean_post_title_bg_overlay_color":"","ocean_disable_breadcrumbs":"default","ocean_breadcrumbs_color":"","ocean_breadcrumbs_separator_color":"","ocean_breadcrumbs_links_color":"","ocean_breadcrumbs_links_hover_color":"","ocean_display_footer_widgets":"default","ocean_display_footer_bottom":"default","ocean_custom_footer_template":"0","footnotes":""},"class_list":["post-1014449","page","type-page","status-publish","hentry","entry"],"acf":[],"yoast_head":"<!-- This site is optimized with the Yoast SEO plugin v27.2 - https:\/\/yoast.com\/product\/yoast-seo-wordpress\/ -->\n<title>14. San Agust\u00edn Church - Web de Turismo del Ayuntamiento de La Orotava<\/title>\n<meta name=\"robots\" content=\"index, follow, max-snippet:-1, max-image-preview:large, max-video-preview:-1\" \/>\n<link rel=\"canonical\" href=\"https:\/\/www.laorotava.es\/turismo\/en\/14-san-agustin-church\/\" \/>\n<meta property=\"og:locale\" content=\"es_ES\" \/>\n<meta property=\"og:type\" content=\"article\" \/>\n<meta property=\"og:title\" content=\"14. San Agust\u00edn Church - Web de Turismo del Ayuntamiento de La Orotava\" \/>\n<meta property=\"og:description\" content=\"14. San Agust\u00edn Church The corner fa\u00e7ade in front of you joins the San Agust\u00edn Church, on the left, with the former convent of Nuestra Se\u00f1ora de Gracia, which is currently the San Agust\u00edn Culture House. The Augustinians started to build this convent and the adjoining church in the late 17thcentury, on the hill occupied until then by the San Roque Chapel. The church suffered serious structural damage and was plundered of much of its works of art and altarpieces in the 19th century, after the Spanish Confiscation. A complete restoration was carried out recently that restored part of its original splendour. Look at the great height of the perimeter walls of this temple, which added to its elevated location, make this church visible from almost all of La Orotava. It\u2019s an attempt at religious pomp tied to the typical ideology of the Augustinian order, which enjoyed the support of La Orotava&#8217;s wealthy families. A highlight on the facade is its central portal with two bodies, made in stone in a classicist cut. You can see sumptuous ceilings inside. To the right of the church you can see the former Augustinian convent, which after the Spanish Confiscation was converted into a military barracks, causing irreparable damage to its cloister. In the eighties, it underwent another remodelling to become a House of Culture. The only original element of the building is the three-story millstone fa\u00e7ade that culminates in a baroque style bell tower. In the middle level, you can find a typical Canarian window crowned by the Augustinian symbol of a heart pierced by the charity arrow, carved in white marble. On the sides, you can see two other reliefs with references to the Virgin Mary and Saint Augustine.\" \/>\n<meta property=\"og:url\" content=\"https:\/\/www.laorotava.es\/turismo\/en\/14-san-agustin-church\/\" \/>\n<meta property=\"og:site_name\" content=\"Web de Turismo del Ayuntamiento de La Orotava\" \/>\n<meta property=\"article:publisher\" content=\"https:\/\/www.facebook.com\/TurismoLaOrotava\/\" \/>\n<meta property=\"article:modified_time\" content=\"2022-10-13T10:02:44+00:00\" \/>\n<meta property=\"og:image\" content=\"https:\/\/www.laorotava.es\/sites\/default\/files\/styles\/large\/public\/rutas\/verde-14.png?itok=o-WNjOQV\" \/>\n<meta name=\"twitter:card\" content=\"summary_large_image\" \/>\n<meta name=\"twitter:site\" content=\"@LaOrotava\" \/>\n<meta name=\"twitter:label1\" content=\"Tiempo de lectura\" \/>\n\t<meta name=\"twitter:data1\" content=\"1 minuto\" \/>\n<script type=\"application\/ld+json\" class=\"yoast-schema-graph\">{\"@context\":\"https:\/\/schema.org\",\"@graph\":[{\"@type\":\"WebPage\",\"@id\":\"https:\/\/www.laorotava.es\/turismo\/en\/14-san-agustin-church\/\",\"url\":\"https:\/\/www.laorotava.es\/turismo\/en\/14-san-agustin-church\/\",\"name\":\"14. San Agust\u00edn Church - Web de Turismo del Ayuntamiento de La Orotava\",\"isPartOf\":{\"@id\":\"https:\/\/www.laorotava.es\/turismo\/#website\"},\"primaryImageOfPage\":{\"@id\":\"https:\/\/www.laorotava.es\/turismo\/en\/14-san-agustin-church\/#primaryimage\"},\"image\":{\"@id\":\"https:\/\/www.laorotava.es\/turismo\/en\/14-san-agustin-church\/#primaryimage\"},\"thumbnailUrl\":\"https:\/\/www.laorotava.es\/sites\/default\/files\/styles\/large\/public\/rutas\/verde-14.png?itok=o-WNjOQV\",\"datePublished\":\"2022-10-13T10:01:47+00:00\",\"dateModified\":\"2022-10-13T10:02:44+00:00\",\"breadcrumb\":{\"@id\":\"https:\/\/www.laorotava.es\/turismo\/en\/14-san-agustin-church\/#breadcrumb\"},\"inLanguage\":\"es\",\"potentialAction\":[{\"@type\":\"ReadAction\",\"target\":[\"https:\/\/www.laorotava.es\/turismo\/en\/14-san-agustin-church\/\"]}]},{\"@type\":\"ImageObject\",\"inLanguage\":\"es\",\"@id\":\"https:\/\/www.laorotava.es\/turismo\/en\/14-san-agustin-church\/#primaryimage\",\"url\":\"https:\/\/www.laorotava.es\/sites\/default\/files\/styles\/large\/public\/rutas\/verde-14.png?itok=o-WNjOQV\",\"contentUrl\":\"https:\/\/www.laorotava.es\/sites\/default\/files\/styles\/large\/public\/rutas\/verde-14.png?itok=o-WNjOQV\"},{\"@type\":\"BreadcrumbList\",\"@id\":\"https:\/\/www.laorotava.es\/turismo\/en\/14-san-agustin-church\/#breadcrumb\",\"itemListElement\":[{\"@type\":\"ListItem\",\"position\":1,\"name\":\"Portada\",\"item\":\"https:\/\/www.laorotava.es\/turismo\/\"},{\"@type\":\"ListItem\",\"position\":2,\"name\":\"14. San Agust\u00edn Church\"}]},{\"@type\":\"WebSite\",\"@id\":\"https:\/\/www.laorotava.es\/turismo\/#website\",\"url\":\"https:\/\/www.laorotava.es\/turismo\/\",\"name\":\"Web de Turismo del Ayuntamiento de La Orotava\",\"description\":\"\",\"publisher\":{\"@id\":\"https:\/\/www.laorotava.es\/turismo\/#organization\"},\"potentialAction\":[{\"@type\":\"SearchAction\",\"target\":{\"@type\":\"EntryPoint\",\"urlTemplate\":\"https:\/\/www.laorotava.es\/turismo\/?s={search_term_string}\"},\"query-input\":{\"@type\":\"PropertyValueSpecification\",\"valueRequired\":true,\"valueName\":\"search_term_string\"}}],\"inLanguage\":\"es\"},{\"@type\":\"Organization\",\"@id\":\"https:\/\/www.laorotava.es\/turismo\/#organization\",\"name\":\"Ayuntamiento de La Orotava\",\"url\":\"https:\/\/www.laorotava.es\/turismo\/\",\"logo\":{\"@type\":\"ImageObject\",\"inLanguage\":\"es\",\"@id\":\"https:\/\/www.laorotava.es\/turismo\/#\/schema\/logo\/image\/\",\"url\":\"https:\/\/www.laorotava.es\/turismo\/wp-content\/uploads\/2022\/08\/logo.png\",\"contentUrl\":\"https:\/\/www.laorotava.es\/turismo\/wp-content\/uploads\/2022\/08\/logo.png\",\"width\":1195,\"height\":180,\"caption\":\"Ayuntamiento de La Orotava\"},\"image\":{\"@id\":\"https:\/\/www.laorotava.es\/turismo\/#\/schema\/logo\/image\/\"},\"sameAs\":[\"https:\/\/www.facebook.com\/TurismoLaOrotava\/\",\"https:\/\/x.com\/LaOrotava\"]}]}<\/script>\n<!-- \/ Yoast SEO plugin. -->","yoast_head_json":{"title":"14. San Agust\u00edn Church - Web de Turismo del Ayuntamiento de La Orotava","robots":{"index":"index","follow":"follow","max-snippet":"max-snippet:-1","max-image-preview":"max-image-preview:large","max-video-preview":"max-video-preview:-1"},"canonical":"https:\/\/www.laorotava.es\/turismo\/en\/14-san-agustin-church\/","og_locale":"es_ES","og_type":"article","og_title":"14. San Agust\u00edn Church - Web de Turismo del Ayuntamiento de La Orotava","og_description":"14. San Agust\u00edn Church The corner fa\u00e7ade in front of you joins the San Agust\u00edn Church, on the left, with the former convent of Nuestra Se\u00f1ora de Gracia, which is currently the San Agust\u00edn Culture House. The Augustinians started to build this convent and the adjoining church in the late 17thcentury, on the hill occupied until then by the San Roque Chapel. The church suffered serious structural damage and was plundered of much of its works of art and altarpieces in the 19th century, after the Spanish Confiscation. A complete restoration was carried out recently that restored part of its original splendour. Look at the great height of the perimeter walls of this temple, which added to its elevated location, make this church visible from almost all of La Orotava. It\u2019s an attempt at religious pomp tied to the typical ideology of the Augustinian order, which enjoyed the support of La Orotava&#8217;s wealthy families. A highlight on the facade is its central portal with two bodies, made in stone in a classicist cut. You can see sumptuous ceilings inside. To the right of the church you can see the former Augustinian convent, which after the Spanish Confiscation was converted into a military barracks, causing irreparable damage to its cloister. In the eighties, it underwent another remodelling to become a House of Culture. The only original element of the building is the three-story millstone fa\u00e7ade that culminates in a baroque style bell tower. In the middle level, you can find a typical Canarian window crowned by the Augustinian symbol of a heart pierced by the charity arrow, carved in white marble. On the sides, you can see two other reliefs with references to the Virgin Mary and Saint Augustine.","og_url":"https:\/\/www.laorotava.es\/turismo\/en\/14-san-agustin-church\/","og_site_name":"Web de Turismo del Ayuntamiento de La Orotava","article_publisher":"https:\/\/www.facebook.com\/TurismoLaOrotava\/","article_modified_time":"2022-10-13T10:02:44+00:00","og_image":[{"url":"https:\/\/www.laorotava.es\/sites\/default\/files\/styles\/large\/public\/rutas\/verde-14.png?itok=o-WNjOQV","type":"","width":"","height":""}],"twitter_card":"summary_large_image","twitter_site":"@LaOrotava","twitter_misc":{"Tiempo de lectura":"1 minuto"},"schema":{"@context":"https:\/\/schema.org","@graph":[{"@type":"WebPage","@id":"https:\/\/www.laorotava.es\/turismo\/en\/14-san-agustin-church\/","url":"https:\/\/www.laorotava.es\/turismo\/en\/14-san-agustin-church\/","name":"14. San Agust\u00edn Church - Web de Turismo del Ayuntamiento de La Orotava","isPartOf":{"@id":"https:\/\/www.laorotava.es\/turismo\/#website"},"primaryImageOfPage":{"@id":"https:\/\/www.laorotava.es\/turismo\/en\/14-san-agustin-church\/#primaryimage"},"image":{"@id":"https:\/\/www.laorotava.es\/turismo\/en\/14-san-agustin-church\/#primaryimage"},"thumbnailUrl":"https:\/\/www.laorotava.es\/sites\/default\/files\/styles\/large\/public\/rutas\/verde-14.png?itok=o-WNjOQV","datePublished":"2022-10-13T10:01:47+00:00","dateModified":"2022-10-13T10:02:44+00:00","breadcrumb":{"@id":"https:\/\/www.laorotava.es\/turismo\/en\/14-san-agustin-church\/#breadcrumb"},"inLanguage":"es","potentialAction":[{"@type":"ReadAction","target":["https:\/\/www.laorotava.es\/turismo\/en\/14-san-agustin-church\/"]}]},{"@type":"ImageObject","inLanguage":"es","@id":"https:\/\/www.laorotava.es\/turismo\/en\/14-san-agustin-church\/#primaryimage","url":"https:\/\/www.laorotava.es\/sites\/default\/files\/styles\/large\/public\/rutas\/verde-14.png?itok=o-WNjOQV","contentUrl":"https:\/\/www.laorotava.es\/sites\/default\/files\/styles\/large\/public\/rutas\/verde-14.png?itok=o-WNjOQV"},{"@type":"BreadcrumbList","@id":"https:\/\/www.laorotava.es\/turismo\/en\/14-san-agustin-church\/#breadcrumb","itemListElement":[{"@type":"ListItem","position":1,"name":"Portada","item":"https:\/\/www.laorotava.es\/turismo\/"},{"@type":"ListItem","position":2,"name":"14. San Agust\u00edn Church"}]},{"@type":"WebSite","@id":"https:\/\/www.laorotava.es\/turismo\/#website","url":"https:\/\/www.laorotava.es\/turismo\/","name":"Web de Turismo del Ayuntamiento de La Orotava","description":"","publisher":{"@id":"https:\/\/www.laorotava.es\/turismo\/#organization"},"potentialAction":[{"@type":"SearchAction","target":{"@type":"EntryPoint","urlTemplate":"https:\/\/www.laorotava.es\/turismo\/?s={search_term_string}"},"query-input":{"@type":"PropertyValueSpecification","valueRequired":true,"valueName":"search_term_string"}}],"inLanguage":"es"},{"@type":"Organization","@id":"https:\/\/www.laorotava.es\/turismo\/#organization","name":"Ayuntamiento de La Orotava","url":"https:\/\/www.laorotava.es\/turismo\/","logo":{"@type":"ImageObject","inLanguage":"es","@id":"https:\/\/www.laorotava.es\/turismo\/#\/schema\/logo\/image\/","url":"https:\/\/www.laorotava.es\/turismo\/wp-content\/uploads\/2022\/08\/logo.png","contentUrl":"https:\/\/www.laorotava.es\/turismo\/wp-content\/uploads\/2022\/08\/logo.png","width":1195,"height":180,"caption":"Ayuntamiento de La Orotava"},"image":{"@id":"https:\/\/www.laorotava.es\/turismo\/#\/schema\/logo\/image\/"},"sameAs":["https:\/\/www.facebook.com\/TurismoLaOrotava\/","https:\/\/x.com\/LaOrotava"]}]}},"_links":{"self":[{"href":"https:\/\/www.laorotava.es\/turismo\/wp-json\/wp\/v2\/pages\/1014449","targetHints":{"allow":["GET"]}}],"collection":[{"href":"https:\/\/www.laorotava.es\/turismo\/wp-json\/wp\/v2\/pages"}],"about":[{"href":"https:\/\/www.laorotava.es\/turismo\/wp-json\/wp\/v2\/types\/page"}],"author":[{"embeddable":true,"href":"https:\/\/www.laorotava.es\/turismo\/wp-json\/wp\/v2\/users\/3"}],"replies":[{"embeddable":true,"href":"https:\/\/www.laorotava.es\/turismo\/wp-json\/wp\/v2\/comments?post=1014449"}],"version-history":[{"count":4,"href":"https:\/\/www.laorotava.es\/turismo\/wp-json\/wp\/v2\/pages\/1014449\/revisions"}],"predecessor-version":[{"id":1014457,"href":"https:\/\/www.laorotava.es\/turismo\/wp-json\/wp\/v2\/pages\/1014449\/revisions\/1014457"}],"wp:attachment":[{"href":"https:\/\/www.laorotava.es\/turismo\/wp-json\/wp\/v2\/media?parent=1014449"}],"curies":[{"name":"wp","href":"https:\/\/api.w.org\/{rel}","templated":true}]}}