{"id":1014503,"date":"2022-10-13T10:23:59","date_gmt":"2022-10-13T10:23:59","guid":{"rendered":"https:\/\/www.laorotava.es\/turismo\/?page_id=1014503"},"modified":"2025-02-21T09:08:39","modified_gmt":"2025-02-21T09:08:39","slug":"3-la-mesure-de-la-hauteur-du-teide","status":"publish","type":"page","link":"https:\/\/www.laorotava.es\/turismo\/fr\/3-la-mesure-de-la-hauteur-du-teide\/","title":{"rendered":"3. La mesure de la hauteur du Teide"},"content":{"rendered":"\t\t<div data-elementor-type=\"wp-page\" data-elementor-id=\"1014503\" class=\"elementor elementor-1014503\">\n\t\t\t\t\t\t<section class=\"elementor-section elementor-top-section elementor-element elementor-element-4ec75a2e elementor-section-stretched elementor-section-boxed elementor-section-height-default elementor-section-height-default wpr-particle-no wpr-jarallax-no wpr-parallax-no wpr-sticky-section-no\" data-id=\"4ec75a2e\" data-element_type=\"section\" data-e-type=\"section\" data-settings=\"{&quot;stretch_section&quot;:&quot;section-stretched&quot;}\">\n\t\t\t\t\t\t<div class=\"elementor-container elementor-column-gap-default\">\n\t\t\t\t\t<div class=\"elementor-column elementor-col-100 elementor-top-column elementor-element elementor-element-4fa84c30\" data-id=\"4fa84c30\" data-element_type=\"column\" data-e-type=\"column\">\n\t\t\t<div class=\"elementor-widget-wrap elementor-element-populated\">\n\t\t\t\t\t\t<div class=\"elementor-element elementor-element-91a7e02 elementor-widget elementor-widget-heading\" data-id=\"91a7e02\" data-element_type=\"widget\" data-e-type=\"widget\" data-widget_type=\"heading.default\">\n\t\t\t\t<div class=\"elementor-widget-container\">\n\t\t\t\t\t<h2 class=\"elementor-heading-title elementor-size-small\">3. La mesure de la hauteur du Teide<\/h2>\t\t\t\t<\/div>\n\t\t\t\t<\/div>\n\t\t\t\t<div class=\"elementor-element elementor-element-cc22783 elementor-widget-divider--view-line elementor-widget elementor-widget-divider\" data-id=\"cc22783\" data-element_type=\"widget\" data-e-type=\"widget\" data-widget_type=\"divider.default\">\n\t\t\t\t<div class=\"elementor-widget-container\">\n\t\t\t\t\t\t\t<div class=\"elementor-divider\">\n\t\t\t<span class=\"elementor-divider-separator\">\n\t\t\t\t\t\t<\/span>\n\t\t<\/div>\n\t\t\t\t\t\t<\/div>\n\t\t\t\t<\/div>\n\t\t\t\t<div class=\"elementor-element elementor-element-3240211 elementor-widget elementor-widget-wp-widget-media_audio\" data-id=\"3240211\" data-element_type=\"widget\" data-e-type=\"widget\" data-widget_type=\"wp-widget-media_audio.default\">\n\t\t\t\t<div class=\"elementor-widget-container\">\n\t\t\t\t\t<audio class=\"wp-audio-shortcode\" id=\"audio-1014503-1\" preload=\"none\" style=\"width: 100%;\" controls=\"controls\"><source type=\"audio\/mpeg\" src=\"https:\/\/www.laorotava.es\/turismo\/wp-content\/uploads\/2025\/02\/03_pb_la_mesure_de_la_hauteur_du_teide.mp3?_=1\" \/><source type=\"audio\/mpeg\" src=\"https:\/\/www.laorotava.es\/turismo\/wp-content\/uploads\/2025\/02\/03_pb_la_mesure_de_la_hauteur_du_teide.mp3?_=1\" \/><a href=\"https:\/\/www.laorotava.es\/turismo\/wp-content\/uploads\/2025\/02\/03_pb_la_mesure_de_la_hauteur_du_teide.mp3\">https:\/\/www.laorotava.es\/turismo\/wp-content\/uploads\/2025\/02\/03_pb_la_mesure_de_la_hauteur_du_teide.mp3<\/a><\/audio>\t\t\t\t<\/div>\n\t\t\t\t<\/div>\n\t\t\t\t<div class=\"elementor-element elementor-element-76358b89 elementor-widget elementor-widget-text-editor\" data-id=\"76358b89\" data-element_type=\"widget\" data-e-type=\"widget\" data-widget_type=\"text-editor.default\">\n\t\t\t\t<div class=\"elementor-widget-container\">\n\t\t\t\t\t\t\t\t\t<p><span style=\"color: #444444;\"><img decoding=\"async\" class=\"alignleft\" src=\"https:\/\/www.laorotava.es\/sites\/default\/files\/styles\/large\/public\/rutas\/3.png?itok=cSismvYA\" \/><\/span><\/p><p>En regardant vers le sol, sans arriver \u00e0 traverser la rue, on trouvera une marque particuli\u00e8re sur le trottoir: une inscription triangulaire en demi-arc de cercle, un num\u00e9ro neuf et un N majuscule sur le muret en pierre volcanique, juste \u00e0 c\u00f4t\u00e9 d\u2019un point dor\u00e9. Cette marque rem\u00e9more la m\u00e9thode scientifique de triangulation r\u00e9volutionnaire que le fran\u00e7ais Borda a mis en pratique \u00e0 la fin du XVII si\u00e8cle, ici \u00e0 la Orotava, pour mesurer la hauteur du Teide. La m\u00e9thode trigonom\u00e9trique consistait en l\u2019application de calculs \u00e0 partir d\u2019un triangle, dont les points \u00e9taient la maison de la famille Cologan \u00e0 Puerto de la Orotava, le jardin de la famille Franchy \u00e0 proximit\u00e9 et le niveau de la mer. Les mesures ont donn\u00e9 un r\u00e9sultat de 3713 m\u00e8tres qui sont seulement 5 m\u00e8tres de diff\u00e9rence avec les 3718 calcul\u00e9s dans l\u2019actualit\u00e9.<\/p><p>Jean Charles Borda a trac\u00e9 aussi une carte compl\u00e8te de l\u2019archipel canarien avec une pr\u00e9cision tr\u00e8s sup\u00e9rieure \u00e0 celles des cartes de cette \u00e9poque. \u00c0 l\u2019ext\u00e9rieur du Centre des Visiteurs du Parc National du Teide \u201cTelesforo Bravo\u201d situ\u00e9 ici, \u00e0 la Orotava, on trouve un module qui r\u00e9cr\u00e9e les mesures de Borda, et qui nous rappelle l\u2019importance de son travail.<\/p><p>Pour l&#8217;instant, traversons la rue et continuons en face jusqu\u2019\u00e0 arriver \u00e0 la place de la Mairie.<\/p>\t\t\t\t\t\t\t\t<\/div>\n\t\t\t\t<\/div>\n\t\t\t\t<div class=\"elementor-element elementor-element-7da8a66b elementor-widget elementor-widget-google_maps\" data-id=\"7da8a66b\" data-element_type=\"widget\" data-e-type=\"widget\" data-widget_type=\"google_maps.default\">\n\t\t\t\t<div class=\"elementor-widget-container\">\n\t\t\t\t\t\t\t<div class=\"elementor-custom-embed\">\n\t\t\t<iframe loading=\"lazy\"\n\t\t\t\t\tsrc=\"https:\/\/maps.google.com\/maps?q=relieve%20la%20orot&#038;t=m&#038;z=16&#038;output=embed&#038;iwloc=near\"\n\t\t\t\t\ttitle=\"relieve la orot\"\n\t\t\t\t\taria-label=\"relieve la orot\"\n\t\t\t><\/iframe>\n\t\t<\/div>\n\t\t\t\t\t\t<\/div>\n\t\t\t\t<\/div>\n\t\t\t\t\t<\/div>\n\t\t<\/div>\n\t\t\t\t\t<\/div>\n\t\t<\/section>\n\t\t\t\t<\/div>\n\t\t","protected":false},"excerpt":{"rendered":"<p>3. La mesure de la hauteur du Teide En regardant vers le sol, sans arriver \u00e0 traverser la rue, on trouvera une marque particuli\u00e8re sur le trottoir: une inscription triangulaire en demi-arc de cercle, un num\u00e9ro neuf et un N majuscule sur le muret en pierre volcanique, juste \u00e0 c\u00f4t\u00e9 d\u2019un point dor\u00e9. Cette marque rem\u00e9more la m\u00e9thode scientifique de triangulation r\u00e9volutionnaire que le fran\u00e7ais Borda a mis en pratique \u00e0 la fin du XVII si\u00e8cle, ici \u00e0 la Orotava, pour mesurer la hauteur du Teide. La m\u00e9thode trigonom\u00e9trique consistait en l\u2019application de calculs \u00e0 partir d\u2019un triangle, dont les points \u00e9taient la maison de la famille Cologan \u00e0 Puerto de la Orotava, le jardin de la famille Franchy \u00e0 proximit\u00e9 et le niveau de la mer. Les mesures ont donn\u00e9 un r\u00e9sultat de 3713 m\u00e8tres qui sont seulement 5 m\u00e8tres de diff\u00e9rence avec les 3718 calcul\u00e9s dans l\u2019actualit\u00e9. Jean Charles Borda a trac\u00e9 aussi une carte compl\u00e8te de l\u2019archipel canarien avec une pr\u00e9cision tr\u00e8s sup\u00e9rieure \u00e0 celles des cartes de cette \u00e9poque. \u00c0 l\u2019ext\u00e9rieur du Centre des Visiteurs du Parc National du Teide \u201cTelesforo Bravo\u201d situ\u00e9 ici, \u00e0 la Orotava, on trouve un module qui r\u00e9cr\u00e9e les mesures de Borda, et qui nous rappelle l\u2019importance de son travail. Pour l&#8217;instant, traversons la rue et continuons en face jusqu\u2019\u00e0 arriver \u00e0 la place de la Mairie.<\/p>\n","protected":false},"author":3,"featured_media":0,"parent":0,"menu_order":0,"comment_status":"closed","ping_status":"closed","template":"","meta":{"_acf_changed":false,"ocean_post_layout":"","ocean_both_sidebars_style":"","ocean_both_sidebars_content_width":0,"ocean_both_sidebars_sidebars_width":0,"ocean_sidebar":"0","ocean_second_sidebar":"0","ocean_disable_margins":"enable","ocean_add_body_class":"","ocean_shortcode_before_top_bar":"","ocean_shortcode_after_top_bar":"","ocean_shortcode_before_header":"","ocean_shortcode_after_header":"","ocean_has_shortcode":"","ocean_shortcode_after_title":"","ocean_shortcode_before_footer_widgets":"","ocean_shortcode_after_footer_widgets":"","ocean_shortcode_before_footer_bottom":"","ocean_shortcode_after_footer_bottom":"","ocean_display_top_bar":"default","ocean_display_header":"default","ocean_header_style":"","ocean_center_header_left_menu":"0","ocean_custom_header_template":"0","ocean_custom_logo":0,"ocean_custom_retina_logo":0,"ocean_custom_logo_max_width":0,"ocean_custom_logo_tablet_max_width":0,"ocean_custom_logo_mobile_max_width":0,"ocean_custom_logo_max_height":0,"ocean_custom_logo_tablet_max_height":0,"ocean_custom_logo_mobile_max_height":0,"ocean_header_custom_menu":"0","ocean_menu_typo_font_family":"0","ocean_menu_typo_font_subset":"","ocean_menu_typo_font_size":0,"ocean_menu_typo_font_size_tablet":0,"ocean_menu_typo_font_size_mobile":0,"ocean_menu_typo_font_size_unit":"px","ocean_menu_typo_font_weight":"","ocean_menu_typo_font_weight_tablet":"","ocean_menu_typo_font_weight_mobile":"","ocean_menu_typo_transform":"","ocean_menu_typo_transform_tablet":"","ocean_menu_typo_transform_mobile":"","ocean_menu_typo_line_height":0,"ocean_menu_typo_line_height_tablet":0,"ocean_menu_typo_line_height_mobile":0,"ocean_menu_typo_line_height_unit":"","ocean_menu_typo_spacing":0,"ocean_menu_typo_spacing_tablet":0,"ocean_menu_typo_spacing_mobile":0,"ocean_menu_typo_spacing_unit":"","ocean_menu_link_color":"","ocean_menu_link_color_hover":"","ocean_menu_link_color_active":"","ocean_menu_link_background":"","ocean_menu_link_hover_background":"","ocean_menu_link_active_background":"","ocean_menu_social_links_bg":"","ocean_menu_social_hover_links_bg":"","ocean_menu_social_links_color":"","ocean_menu_social_hover_links_color":"","ocean_disable_title":"default","ocean_disable_heading":"on","ocean_post_title":"","ocean_post_subheading":"","ocean_post_title_style":"","ocean_post_title_background_color":"","ocean_post_title_background":0,"ocean_post_title_bg_image_position":"","ocean_post_title_bg_image_attachment":"","ocean_post_title_bg_image_repeat":"","ocean_post_title_bg_image_size":"","ocean_post_title_height":0,"ocean_post_title_bg_overlay":0.5,"ocean_post_title_bg_overlay_color":"","ocean_disable_breadcrumbs":"default","ocean_breadcrumbs_color":"","ocean_breadcrumbs_separator_color":"","ocean_breadcrumbs_links_color":"","ocean_breadcrumbs_links_hover_color":"","ocean_display_footer_widgets":"default","ocean_display_footer_bottom":"default","ocean_custom_footer_template":"0","footnotes":""},"class_list":["post-1014503","page","type-page","status-publish","hentry","entry"],"acf":[],"yoast_head":"<!-- This site is optimized with the Yoast SEO plugin v27.2 - https:\/\/yoast.com\/product\/yoast-seo-wordpress\/ -->\n<title>3. La mesure de la hauteur du Teide - Web de Turismo del Ayuntamiento de La Orotava<\/title>\n<meta name=\"robots\" content=\"index, follow, max-snippet:-1, max-image-preview:large, max-video-preview:-1\" \/>\n<link rel=\"canonical\" href=\"https:\/\/www.laorotava.es\/turismo\/fr\/3-la-mesure-de-la-hauteur-du-teide\/\" \/>\n<meta property=\"og:locale\" content=\"es_ES\" \/>\n<meta property=\"og:type\" content=\"article\" \/>\n<meta property=\"og:title\" content=\"3. La mesure de la hauteur du Teide - Web de Turismo del Ayuntamiento de La Orotava\" \/>\n<meta property=\"og:description\" content=\"3. La mesure de la hauteur du Teide En regardant vers le sol, sans arriver \u00e0 traverser la rue, on trouvera une marque particuli\u00e8re sur le trottoir: une inscription triangulaire en demi-arc de cercle, un num\u00e9ro neuf et un N majuscule sur le muret en pierre volcanique, juste \u00e0 c\u00f4t\u00e9 d\u2019un point dor\u00e9. Cette marque rem\u00e9more la m\u00e9thode scientifique de triangulation r\u00e9volutionnaire que le fran\u00e7ais Borda a mis en pratique \u00e0 la fin du XVII si\u00e8cle, ici \u00e0 la Orotava, pour mesurer la hauteur du Teide. La m\u00e9thode trigonom\u00e9trique consistait en l\u2019application de calculs \u00e0 partir d\u2019un triangle, dont les points \u00e9taient la maison de la famille Cologan \u00e0 Puerto de la Orotava, le jardin de la famille Franchy \u00e0 proximit\u00e9 et le niveau de la mer. Les mesures ont donn\u00e9 un r\u00e9sultat de 3713 m\u00e8tres qui sont seulement 5 m\u00e8tres de diff\u00e9rence avec les 3718 calcul\u00e9s dans l\u2019actualit\u00e9. Jean Charles Borda a trac\u00e9 aussi une carte compl\u00e8te de l\u2019archipel canarien avec une pr\u00e9cision tr\u00e8s sup\u00e9rieure \u00e0 celles des cartes de cette \u00e9poque. \u00c0 l\u2019ext\u00e9rieur du Centre des Visiteurs du Parc National du Teide \u201cTelesforo Bravo\u201d situ\u00e9 ici, \u00e0 la Orotava, on trouve un module qui r\u00e9cr\u00e9e les mesures de Borda, et qui nous rappelle l\u2019importance de son travail. Pour l&#8217;instant, traversons la rue et continuons en face jusqu\u2019\u00e0 arriver \u00e0 la place de la Mairie.\" \/>\n<meta property=\"og:url\" content=\"https:\/\/www.laorotava.es\/turismo\/fr\/3-la-mesure-de-la-hauteur-du-teide\/\" \/>\n<meta property=\"og:site_name\" content=\"Web de Turismo del Ayuntamiento de La Orotava\" \/>\n<meta property=\"article:publisher\" content=\"https:\/\/www.facebook.com\/TurismoLaOrotava\/\" \/>\n<meta property=\"article:modified_time\" content=\"2025-02-21T09:08:39+00:00\" \/>\n<meta property=\"og:image\" content=\"https:\/\/www.laorotava.es\/sites\/default\/files\/styles\/large\/public\/rutas\/3.png?itok=cSismvYA\" \/>\n<meta name=\"twitter:card\" content=\"summary_large_image\" \/>\n<meta name=\"twitter:site\" content=\"@LaOrotava\" \/>\n<meta name=\"twitter:label1\" content=\"Tiempo de lectura\" \/>\n\t<meta name=\"twitter:data1\" content=\"2 minutos\" \/>\n<script type=\"application\/ld+json\" class=\"yoast-schema-graph\">{\"@context\":\"https:\/\/schema.org\",\"@graph\":[{\"@type\":\"WebPage\",\"@id\":\"https:\/\/www.laorotava.es\/turismo\/fr\/3-la-mesure-de-la-hauteur-du-teide\/\",\"url\":\"https:\/\/www.laorotava.es\/turismo\/fr\/3-la-mesure-de-la-hauteur-du-teide\/\",\"name\":\"3. La mesure de la hauteur du Teide - Web de Turismo del Ayuntamiento de La Orotava\",\"isPartOf\":{\"@id\":\"https:\/\/www.laorotava.es\/turismo\/#website\"},\"primaryImageOfPage\":{\"@id\":\"https:\/\/www.laorotava.es\/turismo\/fr\/3-la-mesure-de-la-hauteur-du-teide\/#primaryimage\"},\"image\":{\"@id\":\"https:\/\/www.laorotava.es\/turismo\/fr\/3-la-mesure-de-la-hauteur-du-teide\/#primaryimage\"},\"thumbnailUrl\":\"https:\/\/www.laorotava.es\/sites\/default\/files\/styles\/large\/public\/rutas\/3.png?itok=cSismvYA\",\"datePublished\":\"2022-10-13T10:23:59+00:00\",\"dateModified\":\"2025-02-21T09:08:39+00:00\",\"breadcrumb\":{\"@id\":\"https:\/\/www.laorotava.es\/turismo\/fr\/3-la-mesure-de-la-hauteur-du-teide\/#breadcrumb\"},\"inLanguage\":\"es\",\"potentialAction\":[{\"@type\":\"ReadAction\",\"target\":[\"https:\/\/www.laorotava.es\/turismo\/fr\/3-la-mesure-de-la-hauteur-du-teide\/\"]}]},{\"@type\":\"ImageObject\",\"inLanguage\":\"es\",\"@id\":\"https:\/\/www.laorotava.es\/turismo\/fr\/3-la-mesure-de-la-hauteur-du-teide\/#primaryimage\",\"url\":\"https:\/\/www.laorotava.es\/sites\/default\/files\/styles\/large\/public\/rutas\/3.png?itok=cSismvYA\",\"contentUrl\":\"https:\/\/www.laorotava.es\/sites\/default\/files\/styles\/large\/public\/rutas\/3.png?itok=cSismvYA\"},{\"@type\":\"BreadcrumbList\",\"@id\":\"https:\/\/www.laorotava.es\/turismo\/fr\/3-la-mesure-de-la-hauteur-du-teide\/#breadcrumb\",\"itemListElement\":[{\"@type\":\"ListItem\",\"position\":1,\"name\":\"Portada\",\"item\":\"https:\/\/www.laorotava.es\/turismo\/\"},{\"@type\":\"ListItem\",\"position\":2,\"name\":\"3. La mesure de la hauteur du Teide\"}]},{\"@type\":\"WebSite\",\"@id\":\"https:\/\/www.laorotava.es\/turismo\/#website\",\"url\":\"https:\/\/www.laorotava.es\/turismo\/\",\"name\":\"Web de Turismo del Ayuntamiento de La Orotava\",\"description\":\"\",\"publisher\":{\"@id\":\"https:\/\/www.laorotava.es\/turismo\/#organization\"},\"potentialAction\":[{\"@type\":\"SearchAction\",\"target\":{\"@type\":\"EntryPoint\",\"urlTemplate\":\"https:\/\/www.laorotava.es\/turismo\/?s={search_term_string}\"},\"query-input\":{\"@type\":\"PropertyValueSpecification\",\"valueRequired\":true,\"valueName\":\"search_term_string\"}}],\"inLanguage\":\"es\"},{\"@type\":\"Organization\",\"@id\":\"https:\/\/www.laorotava.es\/turismo\/#organization\",\"name\":\"Ayuntamiento de La Orotava\",\"url\":\"https:\/\/www.laorotava.es\/turismo\/\",\"logo\":{\"@type\":\"ImageObject\",\"inLanguage\":\"es\",\"@id\":\"https:\/\/www.laorotava.es\/turismo\/#\/schema\/logo\/image\/\",\"url\":\"https:\/\/www.laorotava.es\/turismo\/wp-content\/uploads\/2022\/08\/logo.png\",\"contentUrl\":\"https:\/\/www.laorotava.es\/turismo\/wp-content\/uploads\/2022\/08\/logo.png\",\"width\":1195,\"height\":180,\"caption\":\"Ayuntamiento de La Orotava\"},\"image\":{\"@id\":\"https:\/\/www.laorotava.es\/turismo\/#\/schema\/logo\/image\/\"},\"sameAs\":[\"https:\/\/www.facebook.com\/TurismoLaOrotava\/\",\"https:\/\/x.com\/LaOrotava\"]}]}<\/script>\n<!-- \/ Yoast SEO plugin. -->","yoast_head_json":{"title":"3. La mesure de la hauteur du Teide - Web de Turismo del Ayuntamiento de La Orotava","robots":{"index":"index","follow":"follow","max-snippet":"max-snippet:-1","max-image-preview":"max-image-preview:large","max-video-preview":"max-video-preview:-1"},"canonical":"https:\/\/www.laorotava.es\/turismo\/fr\/3-la-mesure-de-la-hauteur-du-teide\/","og_locale":"es_ES","og_type":"article","og_title":"3. La mesure de la hauteur du Teide - Web de Turismo del Ayuntamiento de La Orotava","og_description":"3. La mesure de la hauteur du Teide En regardant vers le sol, sans arriver \u00e0 traverser la rue, on trouvera une marque particuli\u00e8re sur le trottoir: une inscription triangulaire en demi-arc de cercle, un num\u00e9ro neuf et un N majuscule sur le muret en pierre volcanique, juste \u00e0 c\u00f4t\u00e9 d\u2019un point dor\u00e9. Cette marque rem\u00e9more la m\u00e9thode scientifique de triangulation r\u00e9volutionnaire que le fran\u00e7ais Borda a mis en pratique \u00e0 la fin du XVII si\u00e8cle, ici \u00e0 la Orotava, pour mesurer la hauteur du Teide. La m\u00e9thode trigonom\u00e9trique consistait en l\u2019application de calculs \u00e0 partir d\u2019un triangle, dont les points \u00e9taient la maison de la famille Cologan \u00e0 Puerto de la Orotava, le jardin de la famille Franchy \u00e0 proximit\u00e9 et le niveau de la mer. Les mesures ont donn\u00e9 un r\u00e9sultat de 3713 m\u00e8tres qui sont seulement 5 m\u00e8tres de diff\u00e9rence avec les 3718 calcul\u00e9s dans l\u2019actualit\u00e9. Jean Charles Borda a trac\u00e9 aussi une carte compl\u00e8te de l\u2019archipel canarien avec une pr\u00e9cision tr\u00e8s sup\u00e9rieure \u00e0 celles des cartes de cette \u00e9poque. \u00c0 l\u2019ext\u00e9rieur du Centre des Visiteurs du Parc National du Teide \u201cTelesforo Bravo\u201d situ\u00e9 ici, \u00e0 la Orotava, on trouve un module qui r\u00e9cr\u00e9e les mesures de Borda, et qui nous rappelle l\u2019importance de son travail. Pour l&#8217;instant, traversons la rue et continuons en face jusqu\u2019\u00e0 arriver \u00e0 la place de la Mairie.","og_url":"https:\/\/www.laorotava.es\/turismo\/fr\/3-la-mesure-de-la-hauteur-du-teide\/","og_site_name":"Web de Turismo del Ayuntamiento de La Orotava","article_publisher":"https:\/\/www.facebook.com\/TurismoLaOrotava\/","article_modified_time":"2025-02-21T09:08:39+00:00","og_image":[{"url":"https:\/\/www.laorotava.es\/sites\/default\/files\/styles\/large\/public\/rutas\/3.png?itok=cSismvYA","type":"","width":"","height":""}],"twitter_card":"summary_large_image","twitter_site":"@LaOrotava","twitter_misc":{"Tiempo de lectura":"2 minutos"},"schema":{"@context":"https:\/\/schema.org","@graph":[{"@type":"WebPage","@id":"https:\/\/www.laorotava.es\/turismo\/fr\/3-la-mesure-de-la-hauteur-du-teide\/","url":"https:\/\/www.laorotava.es\/turismo\/fr\/3-la-mesure-de-la-hauteur-du-teide\/","name":"3. La mesure de la hauteur du Teide - Web de Turismo del Ayuntamiento de La Orotava","isPartOf":{"@id":"https:\/\/www.laorotava.es\/turismo\/#website"},"primaryImageOfPage":{"@id":"https:\/\/www.laorotava.es\/turismo\/fr\/3-la-mesure-de-la-hauteur-du-teide\/#primaryimage"},"image":{"@id":"https:\/\/www.laorotava.es\/turismo\/fr\/3-la-mesure-de-la-hauteur-du-teide\/#primaryimage"},"thumbnailUrl":"https:\/\/www.laorotava.es\/sites\/default\/files\/styles\/large\/public\/rutas\/3.png?itok=cSismvYA","datePublished":"2022-10-13T10:23:59+00:00","dateModified":"2025-02-21T09:08:39+00:00","breadcrumb":{"@id":"https:\/\/www.laorotava.es\/turismo\/fr\/3-la-mesure-de-la-hauteur-du-teide\/#breadcrumb"},"inLanguage":"es","potentialAction":[{"@type":"ReadAction","target":["https:\/\/www.laorotava.es\/turismo\/fr\/3-la-mesure-de-la-hauteur-du-teide\/"]}]},{"@type":"ImageObject","inLanguage":"es","@id":"https:\/\/www.laorotava.es\/turismo\/fr\/3-la-mesure-de-la-hauteur-du-teide\/#primaryimage","url":"https:\/\/www.laorotava.es\/sites\/default\/files\/styles\/large\/public\/rutas\/3.png?itok=cSismvYA","contentUrl":"https:\/\/www.laorotava.es\/sites\/default\/files\/styles\/large\/public\/rutas\/3.png?itok=cSismvYA"},{"@type":"BreadcrumbList","@id":"https:\/\/www.laorotava.es\/turismo\/fr\/3-la-mesure-de-la-hauteur-du-teide\/#breadcrumb","itemListElement":[{"@type":"ListItem","position":1,"name":"Portada","item":"https:\/\/www.laorotava.es\/turismo\/"},{"@type":"ListItem","position":2,"name":"3. La mesure de la hauteur du Teide"}]},{"@type":"WebSite","@id":"https:\/\/www.laorotava.es\/turismo\/#website","url":"https:\/\/www.laorotava.es\/turismo\/","name":"Web de Turismo del Ayuntamiento de La Orotava","description":"","publisher":{"@id":"https:\/\/www.laorotava.es\/turismo\/#organization"},"potentialAction":[{"@type":"SearchAction","target":{"@type":"EntryPoint","urlTemplate":"https:\/\/www.laorotava.es\/turismo\/?s={search_term_string}"},"query-input":{"@type":"PropertyValueSpecification","valueRequired":true,"valueName":"search_term_string"}}],"inLanguage":"es"},{"@type":"Organization","@id":"https:\/\/www.laorotava.es\/turismo\/#organization","name":"Ayuntamiento de La Orotava","url":"https:\/\/www.laorotava.es\/turismo\/","logo":{"@type":"ImageObject","inLanguage":"es","@id":"https:\/\/www.laorotava.es\/turismo\/#\/schema\/logo\/image\/","url":"https:\/\/www.laorotava.es\/turismo\/wp-content\/uploads\/2022\/08\/logo.png","contentUrl":"https:\/\/www.laorotava.es\/turismo\/wp-content\/uploads\/2022\/08\/logo.png","width":1195,"height":180,"caption":"Ayuntamiento de La Orotava"},"image":{"@id":"https:\/\/www.laorotava.es\/turismo\/#\/schema\/logo\/image\/"},"sameAs":["https:\/\/www.facebook.com\/TurismoLaOrotava\/","https:\/\/x.com\/LaOrotava"]}]}},"_links":{"self":[{"href":"https:\/\/www.laorotava.es\/turismo\/wp-json\/wp\/v2\/pages\/1014503","targetHints":{"allow":["GET"]}}],"collection":[{"href":"https:\/\/www.laorotava.es\/turismo\/wp-json\/wp\/v2\/pages"}],"about":[{"href":"https:\/\/www.laorotava.es\/turismo\/wp-json\/wp\/v2\/types\/page"}],"author":[{"embeddable":true,"href":"https:\/\/www.laorotava.es\/turismo\/wp-json\/wp\/v2\/users\/3"}],"replies":[{"embeddable":true,"href":"https:\/\/www.laorotava.es\/turismo\/wp-json\/wp\/v2\/comments?post=1014503"}],"version-history":[{"count":7,"href":"https:\/\/www.laorotava.es\/turismo\/wp-json\/wp\/v2\/pages\/1014503\/revisions"}],"predecessor-version":[{"id":1021084,"href":"https:\/\/www.laorotava.es\/turismo\/wp-json\/wp\/v2\/pages\/1014503\/revisions\/1021084"}],"wp:attachment":[{"href":"https:\/\/www.laorotava.es\/turismo\/wp-json\/wp\/v2\/media?parent=1014503"}],"curies":[{"name":"wp","href":"https:\/\/api.w.org\/{rel}","templated":true}]}}