{"id":1014563,"date":"2022-10-13T10:54:00","date_gmt":"2022-10-13T10:54:00","guid":{"rendered":"https:\/\/www.laorotava.es\/turismo\/?page_id=1014563"},"modified":"2025-02-21T09:27:58","modified_gmt":"2025-02-21T09:27:58","slug":"9-eglise-de-san-francisco","status":"publish","type":"page","link":"https:\/\/www.laorotava.es\/turismo\/fr\/9-eglise-de-san-francisco\/","title":{"rendered":"9. \u00c9glise de San Francisco"},"content":{"rendered":"\t\t<div data-elementor-type=\"wp-page\" data-elementor-id=\"1014563\" class=\"elementor elementor-1014563\">\n\t\t\t\t\t\t<section class=\"elementor-section elementor-top-section elementor-element elementor-element-4ddf784e elementor-section-stretched elementor-section-boxed elementor-section-height-default elementor-section-height-default wpr-particle-no wpr-jarallax-no wpr-parallax-no wpr-sticky-section-no\" data-id=\"4ddf784e\" data-element_type=\"section\" data-e-type=\"section\" data-settings=\"{&quot;stretch_section&quot;:&quot;section-stretched&quot;}\">\n\t\t\t\t\t\t<div class=\"elementor-container elementor-column-gap-default\">\n\t\t\t\t\t<div class=\"elementor-column elementor-col-100 elementor-top-column elementor-element elementor-element-181f832c\" data-id=\"181f832c\" data-element_type=\"column\" data-e-type=\"column\">\n\t\t\t<div class=\"elementor-widget-wrap elementor-element-populated\">\n\t\t\t\t\t\t<div class=\"elementor-element elementor-element-6fad6e25 elementor-widget elementor-widget-heading\" data-id=\"6fad6e25\" data-element_type=\"widget\" data-e-type=\"widget\" data-widget_type=\"heading.default\">\n\t\t\t\t<div class=\"elementor-widget-container\">\n\t\t\t\t\t<h2 class=\"elementor-heading-title elementor-size-small\">9. \u00c9glise de San Francisco<\/h2>\t\t\t\t<\/div>\n\t\t\t\t<\/div>\n\t\t\t\t<div class=\"elementor-element elementor-element-58a4205c elementor-widget-divider--view-line elementor-widget elementor-widget-divider\" data-id=\"58a4205c\" data-element_type=\"widget\" data-e-type=\"widget\" data-widget_type=\"divider.default\">\n\t\t\t\t<div class=\"elementor-widget-container\">\n\t\t\t\t\t\t\t<div class=\"elementor-divider\">\n\t\t\t<span class=\"elementor-divider-separator\">\n\t\t\t\t\t\t<\/span>\n\t\t<\/div>\n\t\t\t\t\t\t<\/div>\n\t\t\t\t<\/div>\n\t\t\t\t<div class=\"elementor-element elementor-element-79ffe9f elementor-widget elementor-widget-wp-widget-media_audio\" data-id=\"79ffe9f\" data-element_type=\"widget\" data-e-type=\"widget\" data-widget_type=\"wp-widget-media_audio.default\">\n\t\t\t\t<div class=\"elementor-widget-container\">\n\t\t\t\t\t<audio class=\"wp-audio-shortcode\" id=\"audio-1014563-1\" preload=\"none\" style=\"width: 100%;\" controls=\"controls\"><source type=\"audio\/mpeg\" src=\"https:\/\/www.laorotava.es\/turismo\/wp-content\/uploads\/2025\/02\/09_pb_eglise_de_san_francisco.mp3?_=1\" \/><source type=\"audio\/mpeg\" src=\"https:\/\/www.laorotava.es\/turismo\/wp-content\/uploads\/2025\/02\/09_pb_eglise_de_san_francisco.mp3?_=1\" \/><a href=\"https:\/\/www.laorotava.es\/turismo\/wp-content\/uploads\/2025\/02\/09_pb_eglise_de_san_francisco.mp3\">https:\/\/www.laorotava.es\/turismo\/wp-content\/uploads\/2025\/02\/09_pb_eglise_de_san_francisco.mp3<\/a><\/audio>\t\t\t\t<\/div>\n\t\t\t\t<\/div>\n\t\t\t\t<div class=\"elementor-element elementor-element-79e78173 elementor-widget elementor-widget-text-editor\" data-id=\"79e78173\" data-element_type=\"widget\" data-e-type=\"widget\" data-widget_type=\"text-editor.default\">\n\t\t\t\t<div class=\"elementor-widget-container\">\n\t\t\t\t\t\t\t\t\t<p><span style=\"color: #444444;\"><img decoding=\"async\" class=\"alignleft\" src=\"https:\/\/www.laorotava.es\/sites\/default\/files\/styles\/large\/public\/rutas\/9.png?itok=rFS5fyff\" \/><\/span><\/p><p>Les franciscains de La Orotava avaient pour image principale l&#8217;image de Notre Dame de la Charit\u00e9, dont la sculpture est arriv\u00e9e de S\u00e9ville \u00e0 l&#8217;ancien couvent au cours du premier tiers du XVIIe si\u00e8cle et a surv\u00e9cu au grand incendie qui a d\u00e9truit le couvent de San Lorenzo. La grande d\u00e9votion pour cette image provient d&#8217;un miracle qui s&#8217;est produit ici et qui a \u00e9t\u00e9 certifi\u00e9 par l&#8217;\u00c9glise catholique en 1632.<\/p><p>Selon le r\u00e9cit du recteur de l&#8217;ordre, Juan Mireles, la lumi\u00e8re de la lampe \u00e0 huile qui \u00e9clairait l&#8217;image s&#8217;est soudainement \u00e9teinte. Soudain, et avant que les fr\u00e8res ne proc\u00e8dent au remplissage de l&#8217;huile pour rallumer la lampe, celle-ci s&#8217;alluma d&#8217;elle-m\u00eame avec une \u00e9norme flamme et, en m\u00eame temps, l&#8217;huile a commenc\u00e9 \u00e0 jaillir du r\u00e9cipient. \u00c0 cette occasion, et apr\u00e8s le son habituel des cloches annon\u00e7ant le miracle, un demi-millier de personnes se sont rassembl\u00e9es dans l&#8217;\u00e9glise et l&#8217;huile miraculeuse a \u00e9t\u00e9 distribu\u00e9e entre elles. Depuis lors, on attribue \u00e0 l&#8217;huile de la lampe de la Vierge de la Charit\u00e9 des propri\u00e9t\u00e9s curatives, et elle est distribu\u00e9e chaque ann\u00e9e lors de la f\u00eate de la Vierge, le 5 ao\u00fbt.<\/p><p>Le fait qu&#8217;un couvent ait un miracle certifi\u00e9 par l&#8217;\u00c9glise lui donnait un avantage sur les autres couvents, mieux financ\u00e9s et plus de fid\u00e8les.<\/p><p>La lampe et la sculpture de la Vierge se trouvent toujours \u00e0 l&#8217;int\u00e9rieur de l&#8217;\u00e9glise. Si vous vous en approchez, vous remarquerez qu&#8217;il s&#8217;agit d&#8217;une image de l&#8217;\u00e9cole andalouse en bois polychrome, au geste subtilement m\u00e9lancolique. Ses mains ont la rigidit\u00e9 caract\u00e9ristique des images r\u00e9alis\u00e9es au d\u00e9but du XVIIe si\u00e8cle. Dans la main gauche, elle tient l&#8217;enfant J\u00e9sus, qui a des traits moins d\u00e9licats que ceux de la Vierge, ce qui a conduit \u00e0 l&#8217;hypoth\u00e8se qu&#8217;il a \u00e9t\u00e9 sculpt\u00e9 par un autre artiste.\u00a0<\/p><p>C\u2019est la derni\u00e8re mont\u00e9e de cet itin\u00e9raire. Continuons \u00e0 remonter la rue en suivant les pav\u00e9s jusqu&#8217;\u00e0 l&#8217;angle de la rue Docteur Domingo Gonz\u00e1lez Garc\u00eda et de la rue Salazar. Nous entrerons dans l&#8217;histoire de l&#8217;utilisation de l&#8217;eau \u00e0 La Orotava.<\/p>\t\t\t\t\t\t\t\t<\/div>\n\t\t\t\t<\/div>\n\t\t\t\t<div class=\"elementor-element elementor-element-75451c00 elementor-widget elementor-widget-google_maps\" data-id=\"75451c00\" data-element_type=\"widget\" data-e-type=\"widget\" data-widget_type=\"google_maps.default\">\n\t\t\t\t<div class=\"elementor-widget-container\">\n\t\t\t\t\t\t\t<div class=\"elementor-custom-embed\">\n\t\t\t<iframe loading=\"lazy\"\n\t\t\t\t\tsrc=\"https:\/\/maps.google.com\/maps?q=tanatorio%20san%20francisco%20la%20orotava&#038;t=m&#038;z=16&#038;output=embed&#038;iwloc=near\"\n\t\t\t\t\ttitle=\"tanatorio san francisco la orotava\"\n\t\t\t\t\taria-label=\"tanatorio san francisco la orotava\"\n\t\t\t><\/iframe>\n\t\t<\/div>\n\t\t\t\t\t\t<\/div>\n\t\t\t\t<\/div>\n\t\t\t\t\t<\/div>\n\t\t<\/div>\n\t\t\t\t\t<\/div>\n\t\t<\/section>\n\t\t\t\t<\/div>\n\t\t","protected":false},"excerpt":{"rendered":"<p>9. \u00c9glise de San Francisco Les franciscains de La Orotava avaient pour image principale l&#8217;image de Notre Dame de la Charit\u00e9, dont la sculpture est arriv\u00e9e de S\u00e9ville \u00e0 l&#8217;ancien couvent au cours du premier tiers du XVIIe si\u00e8cle et a surv\u00e9cu au grand incendie qui a d\u00e9truit le couvent de San Lorenzo. La grande d\u00e9votion pour cette image provient d&#8217;un miracle qui s&#8217;est produit ici et qui a \u00e9t\u00e9 certifi\u00e9 par l&#8217;\u00c9glise catholique en 1632. Selon le r\u00e9cit du recteur de l&#8217;ordre, Juan Mireles, la lumi\u00e8re de la lampe \u00e0 huile qui \u00e9clairait l&#8217;image s&#8217;est soudainement \u00e9teinte. Soudain, et avant que les fr\u00e8res ne proc\u00e8dent au remplissage de l&#8217;huile pour rallumer la lampe, celle-ci s&#8217;alluma d&#8217;elle-m\u00eame avec une \u00e9norme flamme et, en m\u00eame temps, l&#8217;huile a commenc\u00e9 \u00e0 jaillir du r\u00e9cipient. \u00c0 cette occasion, et apr\u00e8s le son habituel des cloches annon\u00e7ant le miracle, un demi-millier de personnes se sont rassembl\u00e9es dans l&#8217;\u00e9glise et l&#8217;huile miraculeuse a \u00e9t\u00e9 distribu\u00e9e entre elles. Depuis lors, on attribue \u00e0 l&#8217;huile de la lampe de la Vierge de la Charit\u00e9 des propri\u00e9t\u00e9s curatives, et elle est distribu\u00e9e chaque ann\u00e9e lors de la f\u00eate de la Vierge, le 5 ao\u00fbt. Le fait qu&#8217;un couvent ait un miracle certifi\u00e9 par l&#8217;\u00c9glise lui donnait un avantage sur les autres couvents, mieux financ\u00e9s et plus de fid\u00e8les. La lampe et la sculpture de la Vierge se trouvent toujours \u00e0 l&#8217;int\u00e9rieur de l&#8217;\u00e9glise. Si vous vous en approchez, vous remarquerez qu&#8217;il s&#8217;agit d&#8217;une image de l&#8217;\u00e9cole andalouse en bois polychrome, au geste subtilement m\u00e9lancolique. Ses mains ont la rigidit\u00e9 caract\u00e9ristique des images r\u00e9alis\u00e9es au d\u00e9but du XVIIe si\u00e8cle. Dans la main gauche, elle tient l&#8217;enfant J\u00e9sus, qui a des traits moins d\u00e9licats que ceux de la Vierge, ce qui a conduit \u00e0 l&#8217;hypoth\u00e8se qu&#8217;il a \u00e9t\u00e9 sculpt\u00e9 par un autre artiste.\u00a0 C\u2019est la derni\u00e8re mont\u00e9e de cet itin\u00e9raire. Continuons \u00e0 remonter la rue en suivant les pav\u00e9s jusqu&#8217;\u00e0 l&#8217;angle de la rue Docteur Domingo Gonz\u00e1lez Garc\u00eda et de la rue Salazar. Nous entrerons dans l&#8217;histoire de l&#8217;utilisation de l&#8217;eau \u00e0 La Orotava.<\/p>\n","protected":false},"author":3,"featured_media":0,"parent":0,"menu_order":0,"comment_status":"closed","ping_status":"closed","template":"","meta":{"_acf_changed":false,"ocean_post_layout":"","ocean_both_sidebars_style":"","ocean_both_sidebars_content_width":0,"ocean_both_sidebars_sidebars_width":0,"ocean_sidebar":"0","ocean_second_sidebar":"0","ocean_disable_margins":"enable","ocean_add_body_class":"","ocean_shortcode_before_top_bar":"","ocean_shortcode_after_top_bar":"","ocean_shortcode_before_header":"","ocean_shortcode_after_header":"","ocean_has_shortcode":"","ocean_shortcode_after_title":"","ocean_shortcode_before_footer_widgets":"","ocean_shortcode_after_footer_widgets":"","ocean_shortcode_before_footer_bottom":"","ocean_shortcode_after_footer_bottom":"","ocean_display_top_bar":"default","ocean_display_header":"default","ocean_header_style":"","ocean_center_header_left_menu":"0","ocean_custom_header_template":"0","ocean_custom_logo":0,"ocean_custom_retina_logo":0,"ocean_custom_logo_max_width":0,"ocean_custom_logo_tablet_max_width":0,"ocean_custom_logo_mobile_max_width":0,"ocean_custom_logo_max_height":0,"ocean_custom_logo_tablet_max_height":0,"ocean_custom_logo_mobile_max_height":0,"ocean_header_custom_menu":"0","ocean_menu_typo_font_family":"0","ocean_menu_typo_font_subset":"","ocean_menu_typo_font_size":0,"ocean_menu_typo_font_size_tablet":0,"ocean_menu_typo_font_size_mobile":0,"ocean_menu_typo_font_size_unit":"px","ocean_menu_typo_font_weight":"","ocean_menu_typo_font_weight_tablet":"","ocean_menu_typo_font_weight_mobile":"","ocean_menu_typo_transform":"","ocean_menu_typo_transform_tablet":"","ocean_menu_typo_transform_mobile":"","ocean_menu_typo_line_height":0,"ocean_menu_typo_line_height_tablet":0,"ocean_menu_typo_line_height_mobile":0,"ocean_menu_typo_line_height_unit":"","ocean_menu_typo_spacing":0,"ocean_menu_typo_spacing_tablet":0,"ocean_menu_typo_spacing_mobile":0,"ocean_menu_typo_spacing_unit":"","ocean_menu_link_color":"","ocean_menu_link_color_hover":"","ocean_menu_link_color_active":"","ocean_menu_link_background":"","ocean_menu_link_hover_background":"","ocean_menu_link_active_background":"","ocean_menu_social_links_bg":"","ocean_menu_social_hover_links_bg":"","ocean_menu_social_links_color":"","ocean_menu_social_hover_links_color":"","ocean_disable_title":"default","ocean_disable_heading":"on","ocean_post_title":"","ocean_post_subheading":"","ocean_post_title_style":"","ocean_post_title_background_color":"","ocean_post_title_background":0,"ocean_post_title_bg_image_position":"","ocean_post_title_bg_image_attachment":"","ocean_post_title_bg_image_repeat":"","ocean_post_title_bg_image_size":"","ocean_post_title_height":0,"ocean_post_title_bg_overlay":0.5,"ocean_post_title_bg_overlay_color":"","ocean_disable_breadcrumbs":"default","ocean_breadcrumbs_color":"","ocean_breadcrumbs_separator_color":"","ocean_breadcrumbs_links_color":"","ocean_breadcrumbs_links_hover_color":"","ocean_display_footer_widgets":"default","ocean_display_footer_bottom":"default","ocean_custom_footer_template":"0","footnotes":""},"class_list":["post-1014563","page","type-page","status-publish","hentry","entry"],"acf":[],"yoast_head":"<!-- This site is optimized with the Yoast SEO plugin v27.2 - https:\/\/yoast.com\/product\/yoast-seo-wordpress\/ -->\n<title>9. \u00c9glise de San Francisco - Web de Turismo del Ayuntamiento de La Orotava<\/title>\n<meta name=\"robots\" content=\"index, follow, max-snippet:-1, max-image-preview:large, max-video-preview:-1\" \/>\n<link rel=\"canonical\" href=\"https:\/\/www.laorotava.es\/turismo\/fr\/9-eglise-de-san-francisco\/\" \/>\n<meta property=\"og:locale\" content=\"es_ES\" \/>\n<meta property=\"og:type\" content=\"article\" \/>\n<meta property=\"og:title\" content=\"9. \u00c9glise de San Francisco - Web de Turismo del Ayuntamiento de La Orotava\" \/>\n<meta property=\"og:description\" content=\"9. \u00c9glise de San Francisco Les franciscains de La Orotava avaient pour image principale l&#8217;image de Notre Dame de la Charit\u00e9, dont la sculpture est arriv\u00e9e de S\u00e9ville \u00e0 l&#8217;ancien couvent au cours du premier tiers du XVIIe si\u00e8cle et a surv\u00e9cu au grand incendie qui a d\u00e9truit le couvent de San Lorenzo. La grande d\u00e9votion pour cette image provient d&#8217;un miracle qui s&#8217;est produit ici et qui a \u00e9t\u00e9 certifi\u00e9 par l&#8217;\u00c9glise catholique en 1632. Selon le r\u00e9cit du recteur de l&#8217;ordre, Juan Mireles, la lumi\u00e8re de la lampe \u00e0 huile qui \u00e9clairait l&#8217;image s&#8217;est soudainement \u00e9teinte. Soudain, et avant que les fr\u00e8res ne proc\u00e8dent au remplissage de l&#8217;huile pour rallumer la lampe, celle-ci s&#8217;alluma d&#8217;elle-m\u00eame avec une \u00e9norme flamme et, en m\u00eame temps, l&#8217;huile a commenc\u00e9 \u00e0 jaillir du r\u00e9cipient. \u00c0 cette occasion, et apr\u00e8s le son habituel des cloches annon\u00e7ant le miracle, un demi-millier de personnes se sont rassembl\u00e9es dans l&#8217;\u00e9glise et l&#8217;huile miraculeuse a \u00e9t\u00e9 distribu\u00e9e entre elles. Depuis lors, on attribue \u00e0 l&#8217;huile de la lampe de la Vierge de la Charit\u00e9 des propri\u00e9t\u00e9s curatives, et elle est distribu\u00e9e chaque ann\u00e9e lors de la f\u00eate de la Vierge, le 5 ao\u00fbt. Le fait qu&#8217;un couvent ait un miracle certifi\u00e9 par l&#8217;\u00c9glise lui donnait un avantage sur les autres couvents, mieux financ\u00e9s et plus de fid\u00e8les. La lampe et la sculpture de la Vierge se trouvent toujours \u00e0 l&#8217;int\u00e9rieur de l&#8217;\u00e9glise. Si vous vous en approchez, vous remarquerez qu&#8217;il s&#8217;agit d&#8217;une image de l&#8217;\u00e9cole andalouse en bois polychrome, au geste subtilement m\u00e9lancolique. Ses mains ont la rigidit\u00e9 caract\u00e9ristique des images r\u00e9alis\u00e9es au d\u00e9but du XVIIe si\u00e8cle. Dans la main gauche, elle tient l&#8217;enfant J\u00e9sus, qui a des traits moins d\u00e9licats que ceux de la Vierge, ce qui a conduit \u00e0 l&#8217;hypoth\u00e8se qu&#8217;il a \u00e9t\u00e9 sculpt\u00e9 par un autre artiste.\u00a0 C\u2019est la derni\u00e8re mont\u00e9e de cet itin\u00e9raire. Continuons \u00e0 remonter la rue en suivant les pav\u00e9s jusqu&#8217;\u00e0 l&#8217;angle de la rue Docteur Domingo Gonz\u00e1lez Garc\u00eda et de la rue Salazar. Nous entrerons dans l&#8217;histoire de l&#8217;utilisation de l&#8217;eau \u00e0 La Orotava.\" \/>\n<meta property=\"og:url\" content=\"https:\/\/www.laorotava.es\/turismo\/fr\/9-eglise-de-san-francisco\/\" \/>\n<meta property=\"og:site_name\" content=\"Web de Turismo del Ayuntamiento de La Orotava\" \/>\n<meta property=\"article:publisher\" content=\"https:\/\/www.facebook.com\/TurismoLaOrotava\/\" \/>\n<meta property=\"article:modified_time\" content=\"2025-02-21T09:27:58+00:00\" \/>\n<meta property=\"og:image\" content=\"https:\/\/www.laorotava.es\/sites\/default\/files\/styles\/large\/public\/rutas\/9.png?itok=rFS5fyff\" \/>\n<meta name=\"twitter:card\" content=\"summary_large_image\" \/>\n<meta name=\"twitter:site\" content=\"@LaOrotava\" \/>\n<meta name=\"twitter:label1\" content=\"Tiempo de lectura\" \/>\n\t<meta name=\"twitter:data1\" content=\"2 minutos\" \/>\n<script type=\"application\/ld+json\" class=\"yoast-schema-graph\">{\"@context\":\"https:\/\/schema.org\",\"@graph\":[{\"@type\":\"WebPage\",\"@id\":\"https:\/\/www.laorotava.es\/turismo\/fr\/9-eglise-de-san-francisco\/\",\"url\":\"https:\/\/www.laorotava.es\/turismo\/fr\/9-eglise-de-san-francisco\/\",\"name\":\"9. \u00c9glise de San Francisco - Web de Turismo del Ayuntamiento de La Orotava\",\"isPartOf\":{\"@id\":\"https:\/\/www.laorotava.es\/turismo\/#website\"},\"primaryImageOfPage\":{\"@id\":\"https:\/\/www.laorotava.es\/turismo\/fr\/9-eglise-de-san-francisco\/#primaryimage\"},\"image\":{\"@id\":\"https:\/\/www.laorotava.es\/turismo\/fr\/9-eglise-de-san-francisco\/#primaryimage\"},\"thumbnailUrl\":\"https:\/\/www.laorotava.es\/sites\/default\/files\/styles\/large\/public\/rutas\/9.png?itok=rFS5fyff\",\"datePublished\":\"2022-10-13T10:54:00+00:00\",\"dateModified\":\"2025-02-21T09:27:58+00:00\",\"breadcrumb\":{\"@id\":\"https:\/\/www.laorotava.es\/turismo\/fr\/9-eglise-de-san-francisco\/#breadcrumb\"},\"inLanguage\":\"es\",\"potentialAction\":[{\"@type\":\"ReadAction\",\"target\":[\"https:\/\/www.laorotava.es\/turismo\/fr\/9-eglise-de-san-francisco\/\"]}]},{\"@type\":\"ImageObject\",\"inLanguage\":\"es\",\"@id\":\"https:\/\/www.laorotava.es\/turismo\/fr\/9-eglise-de-san-francisco\/#primaryimage\",\"url\":\"https:\/\/www.laorotava.es\/sites\/default\/files\/styles\/large\/public\/rutas\/9.png?itok=rFS5fyff\",\"contentUrl\":\"https:\/\/www.laorotava.es\/sites\/default\/files\/styles\/large\/public\/rutas\/9.png?itok=rFS5fyff\"},{\"@type\":\"BreadcrumbList\",\"@id\":\"https:\/\/www.laorotava.es\/turismo\/fr\/9-eglise-de-san-francisco\/#breadcrumb\",\"itemListElement\":[{\"@type\":\"ListItem\",\"position\":1,\"name\":\"Portada\",\"item\":\"https:\/\/www.laorotava.es\/turismo\/\"},{\"@type\":\"ListItem\",\"position\":2,\"name\":\"9. \u00c9glise de San Francisco\"}]},{\"@type\":\"WebSite\",\"@id\":\"https:\/\/www.laorotava.es\/turismo\/#website\",\"url\":\"https:\/\/www.laorotava.es\/turismo\/\",\"name\":\"Web de Turismo del Ayuntamiento de La Orotava\",\"description\":\"\",\"publisher\":{\"@id\":\"https:\/\/www.laorotava.es\/turismo\/#organization\"},\"potentialAction\":[{\"@type\":\"SearchAction\",\"target\":{\"@type\":\"EntryPoint\",\"urlTemplate\":\"https:\/\/www.laorotava.es\/turismo\/?s={search_term_string}\"},\"query-input\":{\"@type\":\"PropertyValueSpecification\",\"valueRequired\":true,\"valueName\":\"search_term_string\"}}],\"inLanguage\":\"es\"},{\"@type\":\"Organization\",\"@id\":\"https:\/\/www.laorotava.es\/turismo\/#organization\",\"name\":\"Ayuntamiento de La Orotava\",\"url\":\"https:\/\/www.laorotava.es\/turismo\/\",\"logo\":{\"@type\":\"ImageObject\",\"inLanguage\":\"es\",\"@id\":\"https:\/\/www.laorotava.es\/turismo\/#\/schema\/logo\/image\/\",\"url\":\"https:\/\/www.laorotava.es\/turismo\/wp-content\/uploads\/2022\/08\/logo.png\",\"contentUrl\":\"https:\/\/www.laorotava.es\/turismo\/wp-content\/uploads\/2022\/08\/logo.png\",\"width\":1195,\"height\":180,\"caption\":\"Ayuntamiento de La Orotava\"},\"image\":{\"@id\":\"https:\/\/www.laorotava.es\/turismo\/#\/schema\/logo\/image\/\"},\"sameAs\":[\"https:\/\/www.facebook.com\/TurismoLaOrotava\/\",\"https:\/\/x.com\/LaOrotava\"]}]}<\/script>\n<!-- \/ Yoast SEO plugin. -->","yoast_head_json":{"title":"9. \u00c9glise de San Francisco - Web de Turismo del Ayuntamiento de La Orotava","robots":{"index":"index","follow":"follow","max-snippet":"max-snippet:-1","max-image-preview":"max-image-preview:large","max-video-preview":"max-video-preview:-1"},"canonical":"https:\/\/www.laorotava.es\/turismo\/fr\/9-eglise-de-san-francisco\/","og_locale":"es_ES","og_type":"article","og_title":"9. \u00c9glise de San Francisco - Web de Turismo del Ayuntamiento de La Orotava","og_description":"9. \u00c9glise de San Francisco Les franciscains de La Orotava avaient pour image principale l&#8217;image de Notre Dame de la Charit\u00e9, dont la sculpture est arriv\u00e9e de S\u00e9ville \u00e0 l&#8217;ancien couvent au cours du premier tiers du XVIIe si\u00e8cle et a surv\u00e9cu au grand incendie qui a d\u00e9truit le couvent de San Lorenzo. La grande d\u00e9votion pour cette image provient d&#8217;un miracle qui s&#8217;est produit ici et qui a \u00e9t\u00e9 certifi\u00e9 par l&#8217;\u00c9glise catholique en 1632. Selon le r\u00e9cit du recteur de l&#8217;ordre, Juan Mireles, la lumi\u00e8re de la lampe \u00e0 huile qui \u00e9clairait l&#8217;image s&#8217;est soudainement \u00e9teinte. Soudain, et avant que les fr\u00e8res ne proc\u00e8dent au remplissage de l&#8217;huile pour rallumer la lampe, celle-ci s&#8217;alluma d&#8217;elle-m\u00eame avec une \u00e9norme flamme et, en m\u00eame temps, l&#8217;huile a commenc\u00e9 \u00e0 jaillir du r\u00e9cipient. \u00c0 cette occasion, et apr\u00e8s le son habituel des cloches annon\u00e7ant le miracle, un demi-millier de personnes se sont rassembl\u00e9es dans l&#8217;\u00e9glise et l&#8217;huile miraculeuse a \u00e9t\u00e9 distribu\u00e9e entre elles. Depuis lors, on attribue \u00e0 l&#8217;huile de la lampe de la Vierge de la Charit\u00e9 des propri\u00e9t\u00e9s curatives, et elle est distribu\u00e9e chaque ann\u00e9e lors de la f\u00eate de la Vierge, le 5 ao\u00fbt. Le fait qu&#8217;un couvent ait un miracle certifi\u00e9 par l&#8217;\u00c9glise lui donnait un avantage sur les autres couvents, mieux financ\u00e9s et plus de fid\u00e8les. La lampe et la sculpture de la Vierge se trouvent toujours \u00e0 l&#8217;int\u00e9rieur de l&#8217;\u00e9glise. Si vous vous en approchez, vous remarquerez qu&#8217;il s&#8217;agit d&#8217;une image de l&#8217;\u00e9cole andalouse en bois polychrome, au geste subtilement m\u00e9lancolique. Ses mains ont la rigidit\u00e9 caract\u00e9ristique des images r\u00e9alis\u00e9es au d\u00e9but du XVIIe si\u00e8cle. Dans la main gauche, elle tient l&#8217;enfant J\u00e9sus, qui a des traits moins d\u00e9licats que ceux de la Vierge, ce qui a conduit \u00e0 l&#8217;hypoth\u00e8se qu&#8217;il a \u00e9t\u00e9 sculpt\u00e9 par un autre artiste.\u00a0 C\u2019est la derni\u00e8re mont\u00e9e de cet itin\u00e9raire. Continuons \u00e0 remonter la rue en suivant les pav\u00e9s jusqu&#8217;\u00e0 l&#8217;angle de la rue Docteur Domingo Gonz\u00e1lez Garc\u00eda et de la rue Salazar. Nous entrerons dans l&#8217;histoire de l&#8217;utilisation de l&#8217;eau \u00e0 La Orotava.","og_url":"https:\/\/www.laorotava.es\/turismo\/fr\/9-eglise-de-san-francisco\/","og_site_name":"Web de Turismo del Ayuntamiento de La Orotava","article_publisher":"https:\/\/www.facebook.com\/TurismoLaOrotava\/","article_modified_time":"2025-02-21T09:27:58+00:00","og_image":[{"url":"https:\/\/www.laorotava.es\/sites\/default\/files\/styles\/large\/public\/rutas\/9.png?itok=rFS5fyff","type":"","width":"","height":""}],"twitter_card":"summary_large_image","twitter_site":"@LaOrotava","twitter_misc":{"Tiempo de lectura":"2 minutos"},"schema":{"@context":"https:\/\/schema.org","@graph":[{"@type":"WebPage","@id":"https:\/\/www.laorotava.es\/turismo\/fr\/9-eglise-de-san-francisco\/","url":"https:\/\/www.laorotava.es\/turismo\/fr\/9-eglise-de-san-francisco\/","name":"9. \u00c9glise de San Francisco - Web de Turismo del Ayuntamiento de La Orotava","isPartOf":{"@id":"https:\/\/www.laorotava.es\/turismo\/#website"},"primaryImageOfPage":{"@id":"https:\/\/www.laorotava.es\/turismo\/fr\/9-eglise-de-san-francisco\/#primaryimage"},"image":{"@id":"https:\/\/www.laorotava.es\/turismo\/fr\/9-eglise-de-san-francisco\/#primaryimage"},"thumbnailUrl":"https:\/\/www.laorotava.es\/sites\/default\/files\/styles\/large\/public\/rutas\/9.png?itok=rFS5fyff","datePublished":"2022-10-13T10:54:00+00:00","dateModified":"2025-02-21T09:27:58+00:00","breadcrumb":{"@id":"https:\/\/www.laorotava.es\/turismo\/fr\/9-eglise-de-san-francisco\/#breadcrumb"},"inLanguage":"es","potentialAction":[{"@type":"ReadAction","target":["https:\/\/www.laorotava.es\/turismo\/fr\/9-eglise-de-san-francisco\/"]}]},{"@type":"ImageObject","inLanguage":"es","@id":"https:\/\/www.laorotava.es\/turismo\/fr\/9-eglise-de-san-francisco\/#primaryimage","url":"https:\/\/www.laorotava.es\/sites\/default\/files\/styles\/large\/public\/rutas\/9.png?itok=rFS5fyff","contentUrl":"https:\/\/www.laorotava.es\/sites\/default\/files\/styles\/large\/public\/rutas\/9.png?itok=rFS5fyff"},{"@type":"BreadcrumbList","@id":"https:\/\/www.laorotava.es\/turismo\/fr\/9-eglise-de-san-francisco\/#breadcrumb","itemListElement":[{"@type":"ListItem","position":1,"name":"Portada","item":"https:\/\/www.laorotava.es\/turismo\/"},{"@type":"ListItem","position":2,"name":"9. \u00c9glise de San Francisco"}]},{"@type":"WebSite","@id":"https:\/\/www.laorotava.es\/turismo\/#website","url":"https:\/\/www.laorotava.es\/turismo\/","name":"Web de Turismo del Ayuntamiento de La Orotava","description":"","publisher":{"@id":"https:\/\/www.laorotava.es\/turismo\/#organization"},"potentialAction":[{"@type":"SearchAction","target":{"@type":"EntryPoint","urlTemplate":"https:\/\/www.laorotava.es\/turismo\/?s={search_term_string}"},"query-input":{"@type":"PropertyValueSpecification","valueRequired":true,"valueName":"search_term_string"}}],"inLanguage":"es"},{"@type":"Organization","@id":"https:\/\/www.laorotava.es\/turismo\/#organization","name":"Ayuntamiento de La Orotava","url":"https:\/\/www.laorotava.es\/turismo\/","logo":{"@type":"ImageObject","inLanguage":"es","@id":"https:\/\/www.laorotava.es\/turismo\/#\/schema\/logo\/image\/","url":"https:\/\/www.laorotava.es\/turismo\/wp-content\/uploads\/2022\/08\/logo.png","contentUrl":"https:\/\/www.laorotava.es\/turismo\/wp-content\/uploads\/2022\/08\/logo.png","width":1195,"height":180,"caption":"Ayuntamiento de La Orotava"},"image":{"@id":"https:\/\/www.laorotava.es\/turismo\/#\/schema\/logo\/image\/"},"sameAs":["https:\/\/www.facebook.com\/TurismoLaOrotava\/","https:\/\/x.com\/LaOrotava"]}]}},"_links":{"self":[{"href":"https:\/\/www.laorotava.es\/turismo\/wp-json\/wp\/v2\/pages\/1014563","targetHints":{"allow":["GET"]}}],"collection":[{"href":"https:\/\/www.laorotava.es\/turismo\/wp-json\/wp\/v2\/pages"}],"about":[{"href":"https:\/\/www.laorotava.es\/turismo\/wp-json\/wp\/v2\/types\/page"}],"author":[{"embeddable":true,"href":"https:\/\/www.laorotava.es\/turismo\/wp-json\/wp\/v2\/users\/3"}],"replies":[{"embeddable":true,"href":"https:\/\/www.laorotava.es\/turismo\/wp-json\/wp\/v2\/comments?post=1014563"}],"version-history":[{"count":7,"href":"https:\/\/www.laorotava.es\/turismo\/wp-json\/wp\/v2\/pages\/1014563\/revisions"}],"predecessor-version":[{"id":1021102,"href":"https:\/\/www.laorotava.es\/turismo\/wp-json\/wp\/v2\/pages\/1014563\/revisions\/1021102"}],"wp:attachment":[{"href":"https:\/\/www.laorotava.es\/turismo\/wp-json\/wp\/v2\/media?parent=1014563"}],"curies":[{"name":"wp","href":"https:\/\/api.w.org\/{rel}","templated":true}]}}