{"id":1014573,"date":"2022-10-13T10:56:25","date_gmt":"2022-10-13T10:56:25","guid":{"rendered":"https:\/\/www.laorotava.es\/turismo\/?page_id=1014573"},"modified":"2025-02-21T09:29:22","modified_gmt":"2025-02-21T09:29:22","slug":"10-lavoirs","status":"publish","type":"page","link":"https:\/\/www.laorotava.es\/turismo\/fr\/10-lavoirs\/","title":{"rendered":"10. Les lavoirs"},"content":{"rendered":"\t\t<div data-elementor-type=\"wp-page\" data-elementor-id=\"1014573\" class=\"elementor elementor-1014573\">\n\t\t\t\t\t\t<section class=\"elementor-section elementor-top-section elementor-element elementor-element-700757d5 elementor-section-stretched elementor-section-boxed elementor-section-height-default elementor-section-height-default wpr-particle-no wpr-jarallax-no wpr-parallax-no wpr-sticky-section-no\" data-id=\"700757d5\" data-element_type=\"section\" data-e-type=\"section\" data-settings=\"{&quot;stretch_section&quot;:&quot;section-stretched&quot;}\">\n\t\t\t\t\t\t<div class=\"elementor-container elementor-column-gap-default\">\n\t\t\t\t\t<div class=\"elementor-column elementor-col-100 elementor-top-column elementor-element elementor-element-3de5e204\" data-id=\"3de5e204\" data-element_type=\"column\" data-e-type=\"column\">\n\t\t\t<div class=\"elementor-widget-wrap elementor-element-populated\">\n\t\t\t\t\t\t<div class=\"elementor-element elementor-element-728bcfe1 elementor-widget elementor-widget-heading\" data-id=\"728bcfe1\" data-element_type=\"widget\" data-e-type=\"widget\" data-widget_type=\"heading.default\">\n\t\t\t\t<div class=\"elementor-widget-container\">\n\t\t\t\t\t<h2 class=\"elementor-heading-title elementor-size-small\">10. Les lavoirs\n<\/h2>\t\t\t\t<\/div>\n\t\t\t\t<\/div>\n\t\t\t\t<div class=\"elementor-element elementor-element-491c57c7 elementor-widget-divider--view-line elementor-widget elementor-widget-divider\" data-id=\"491c57c7\" data-element_type=\"widget\" data-e-type=\"widget\" data-widget_type=\"divider.default\">\n\t\t\t\t<div class=\"elementor-widget-container\">\n\t\t\t\t\t\t\t<div class=\"elementor-divider\">\n\t\t\t<span class=\"elementor-divider-separator\">\n\t\t\t\t\t\t<\/span>\n\t\t<\/div>\n\t\t\t\t\t\t<\/div>\n\t\t\t\t<\/div>\n\t\t\t\t<div class=\"elementor-element elementor-element-b4c0d02 elementor-widget elementor-widget-wp-widget-media_audio\" data-id=\"b4c0d02\" data-element_type=\"widget\" data-e-type=\"widget\" data-widget_type=\"wp-widget-media_audio.default\">\n\t\t\t\t<div class=\"elementor-widget-container\">\n\t\t\t\t\t<audio class=\"wp-audio-shortcode\" id=\"audio-1014573-1\" preload=\"none\" style=\"width: 100%;\" controls=\"controls\"><source type=\"audio\/mpeg\" src=\"https:\/\/www.laorotava.es\/turismo\/wp-content\/uploads\/2025\/02\/10_pb_les_lavoirs.mp3?_=1\" \/><source type=\"audio\/mpeg\" src=\"https:\/\/www.laorotava.es\/turismo\/wp-content\/uploads\/2025\/02\/10_pb_les_lavoirs.mp3?_=1\" \/><a href=\"https:\/\/www.laorotava.es\/turismo\/wp-content\/uploads\/2025\/02\/10_pb_les_lavoirs.mp3\">https:\/\/www.laorotava.es\/turismo\/wp-content\/uploads\/2025\/02\/10_pb_les_lavoirs.mp3<\/a><\/audio>\t\t\t\t<\/div>\n\t\t\t\t<\/div>\n\t\t\t\t<div class=\"elementor-element elementor-element-7315cd78 elementor-widget elementor-widget-text-editor\" data-id=\"7315cd78\" data-element_type=\"widget\" data-e-type=\"widget\" data-widget_type=\"text-editor.default\">\n\t\t\t\t<div class=\"elementor-widget-container\">\n\t\t\t\t\t\t\t\t\t<p><span style=\"color: #444444;\"><img decoding=\"async\" class=\"alignleft\" src=\"https:\/\/www.laorotava.es\/sites\/default\/files\/styles\/large\/public\/rutas\/10.png?itok=9ZnQEsns\" \/><\/span><\/p><p>\u00c0 La Orotava, on trouve de nombreuses constructions qui t\u00e9moignent d&#8217;une \u00e9poque pas si lointaine o\u00f9 l&#8217;utilisation de l&#8217;eau \u00e9tait essentielle. La premi\u00e8re \u00e9tape de cette route de l&#8217;eau est constitu\u00e9e par les lavoirs, que nous trouverons sur notre gauche d\u00e8s que nous commencerons \u00e0 monter la rue Doctor Domingo Gonz\u00e1lez Garc\u00eda. \u00c0 La Orotava, il y avait autrefois jusqu&#8217;\u00e0 cinq lavoirs publics, dont il ne reste que celui-ci, connu sous le nom de lavoir de San Francisco, datant du XVIe si\u00e8cle. Depuis le canal principal qui alimentait les moulins, un canal d&#8217;irrigation \u00e9tait d\u00e9tourn\u00e9 pour laver le linge. L&#8217;ancien foss\u00e9 principal, o\u00f9 le lavage se faisait en commun, a \u00e9t\u00e9 remplac\u00e9 dans les ann\u00e9es 1940 par vingt-quatre bassins individuels avec leur propre jet. Vingt ans plus tard, l&#8217;utilisation de ces bassins a \u00e9t\u00e9 abandonn\u00e9e au profit du raccordement direct au r\u00e9seau d&#8217;eau courante.<\/p><p>L&#8217;espace actuel a \u00e9t\u00e9 r\u00e9cemment r\u00e9cup\u00e9r\u00e9 pour servir d&#8217;exemple patrimonial du m\u00e9tier de blanchisseuse et de l&#8217;utilisation de l&#8217;eau \u00e0 La Orotava.<\/p><p>Le m\u00e9tier de lavandi\u00e8re \u00e9tait traditionnellement f\u00e9minin. Ici, les bonnes, les femmes au foyer des maisons les plus humbles et celles qui travaillaient comme lavandi\u00e8res lavaient ensemble. Elles avaient l&#8217;habitude de chanter ensemble pendant qu&#8217;elles lavaient. C&#8217;\u00e9tait l&#8217;une des rares occasions pour les femmes de se rencontrer, et c&#8217;\u00e9tait un espace exclusivement f\u00e9minin, m\u00eame si elles devaient souvent se d\u00e9brouiller pour se prot\u00e9ger du regard des hommes qui les \u00e9piaient depuis la fen\u00eatre du moulin. \u00c0 partir de la fin du XVIIIe si\u00e8cle, les femmes sont oblig\u00e9es de d\u00e9barrasser les lieux tous les soirs, car le lavoir est devenu une sorte de casino pour les hommes, o\u00f9 l&#8217;on buvait du vin et o\u00f9 l&#8217;on jouait aux cartes.<\/p><p>Quelques m\u00e8tres plus haut, nous trouverons sur notre gauche un moulin \u00e0 gofio, la prochaine \u00e9tape de notre itin\u00e9raire. Faites confiance \u00e0 votre odorat, car son odeur caract\u00e9ristique envahit la rue \u00e0 mesure que l\u2019on se rapproche.<\/p>\t\t\t\t\t\t\t\t<\/div>\n\t\t\t\t<\/div>\n\t\t\t\t<div class=\"elementor-element elementor-element-62375e8c elementor-widget elementor-widget-google_maps\" data-id=\"62375e8c\" data-element_type=\"widget\" data-e-type=\"widget\" data-widget_type=\"google_maps.default\">\n\t\t\t\t<div class=\"elementor-widget-container\">\n\t\t\t\t\t\t\t<div class=\"elementor-custom-embed\">\n\t\t\t<iframe loading=\"lazy\"\n\t\t\t\t\tsrc=\"https:\/\/maps.google.com\/maps?q=lavaderos%20la%20orotava&#038;t=m&#038;z=16&#038;output=embed&#038;iwloc=near\"\n\t\t\t\t\ttitle=\"lavaderos la orotava\"\n\t\t\t\t\taria-label=\"lavaderos la orotava\"\n\t\t\t><\/iframe>\n\t\t<\/div>\n\t\t\t\t\t\t<\/div>\n\t\t\t\t<\/div>\n\t\t\t\t\t<\/div>\n\t\t<\/div>\n\t\t\t\t\t<\/div>\n\t\t<\/section>\n\t\t\t\t<\/div>\n\t\t","protected":false},"excerpt":{"rendered":"<p>10. Les lavoirs \u00c0 La Orotava, on trouve de nombreuses constructions qui t\u00e9moignent d&#8217;une \u00e9poque pas si lointaine o\u00f9 l&#8217;utilisation de l&#8217;eau \u00e9tait essentielle. La premi\u00e8re \u00e9tape de cette route de l&#8217;eau est constitu\u00e9e par les lavoirs, que nous trouverons sur notre gauche d\u00e8s que nous commencerons \u00e0 monter la rue Doctor Domingo Gonz\u00e1lez Garc\u00eda. \u00c0 La Orotava, il y avait autrefois jusqu&#8217;\u00e0 cinq lavoirs publics, dont il ne reste que celui-ci, connu sous le nom de lavoir de San Francisco, datant du XVIe si\u00e8cle. Depuis le canal principal qui alimentait les moulins, un canal d&#8217;irrigation \u00e9tait d\u00e9tourn\u00e9 pour laver le linge. L&#8217;ancien foss\u00e9 principal, o\u00f9 le lavage se faisait en commun, a \u00e9t\u00e9 remplac\u00e9 dans les ann\u00e9es 1940 par vingt-quatre bassins individuels avec leur propre jet. Vingt ans plus tard, l&#8217;utilisation de ces bassins a \u00e9t\u00e9 abandonn\u00e9e au profit du raccordement direct au r\u00e9seau d&#8217;eau courante. L&#8217;espace actuel a \u00e9t\u00e9 r\u00e9cemment r\u00e9cup\u00e9r\u00e9 pour servir d&#8217;exemple patrimonial du m\u00e9tier de blanchisseuse et de l&#8217;utilisation de l&#8217;eau \u00e0 La Orotava. Le m\u00e9tier de lavandi\u00e8re \u00e9tait traditionnellement f\u00e9minin. Ici, les bonnes, les femmes au foyer des maisons les plus humbles et celles qui travaillaient comme lavandi\u00e8res lavaient ensemble. Elles avaient l&#8217;habitude de chanter ensemble pendant qu&#8217;elles lavaient. C&#8217;\u00e9tait l&#8217;une des rares occasions pour les femmes de se rencontrer, et c&#8217;\u00e9tait un espace exclusivement f\u00e9minin, m\u00eame si elles devaient souvent se d\u00e9brouiller pour se prot\u00e9ger du regard des hommes qui les \u00e9piaient depuis la fen\u00eatre du moulin. \u00c0 partir de la fin du XVIIIe si\u00e8cle, les femmes sont oblig\u00e9es de d\u00e9barrasser les lieux tous les soirs, car le lavoir est devenu une sorte de casino pour les hommes, o\u00f9 l&#8217;on buvait du vin et o\u00f9 l&#8217;on jouait aux cartes. Quelques m\u00e8tres plus haut, nous trouverons sur notre gauche un moulin \u00e0 gofio, la prochaine \u00e9tape de notre itin\u00e9raire. Faites confiance \u00e0 votre odorat, car son odeur caract\u00e9ristique envahit la rue \u00e0 mesure que l\u2019on se rapproche.<\/p>\n","protected":false},"author":3,"featured_media":0,"parent":0,"menu_order":0,"comment_status":"closed","ping_status":"closed","template":"","meta":{"_acf_changed":false,"ocean_post_layout":"","ocean_both_sidebars_style":"","ocean_both_sidebars_content_width":0,"ocean_both_sidebars_sidebars_width":0,"ocean_sidebar":"0","ocean_second_sidebar":"0","ocean_disable_margins":"enable","ocean_add_body_class":"","ocean_shortcode_before_top_bar":"","ocean_shortcode_after_top_bar":"","ocean_shortcode_before_header":"","ocean_shortcode_after_header":"","ocean_has_shortcode":"","ocean_shortcode_after_title":"","ocean_shortcode_before_footer_widgets":"","ocean_shortcode_after_footer_widgets":"","ocean_shortcode_before_footer_bottom":"","ocean_shortcode_after_footer_bottom":"","ocean_display_top_bar":"default","ocean_display_header":"default","ocean_header_style":"","ocean_center_header_left_menu":"0","ocean_custom_header_template":"0","ocean_custom_logo":0,"ocean_custom_retina_logo":0,"ocean_custom_logo_max_width":0,"ocean_custom_logo_tablet_max_width":0,"ocean_custom_logo_mobile_max_width":0,"ocean_custom_logo_max_height":0,"ocean_custom_logo_tablet_max_height":0,"ocean_custom_logo_mobile_max_height":0,"ocean_header_custom_menu":"0","ocean_menu_typo_font_family":"0","ocean_menu_typo_font_subset":"","ocean_menu_typo_font_size":0,"ocean_menu_typo_font_size_tablet":0,"ocean_menu_typo_font_size_mobile":0,"ocean_menu_typo_font_size_unit":"px","ocean_menu_typo_font_weight":"","ocean_menu_typo_font_weight_tablet":"","ocean_menu_typo_font_weight_mobile":"","ocean_menu_typo_transform":"","ocean_menu_typo_transform_tablet":"","ocean_menu_typo_transform_mobile":"","ocean_menu_typo_line_height":0,"ocean_menu_typo_line_height_tablet":0,"ocean_menu_typo_line_height_mobile":0,"ocean_menu_typo_line_height_unit":"","ocean_menu_typo_spacing":0,"ocean_menu_typo_spacing_tablet":0,"ocean_menu_typo_spacing_mobile":0,"ocean_menu_typo_spacing_unit":"","ocean_menu_link_color":"","ocean_menu_link_color_hover":"","ocean_menu_link_color_active":"","ocean_menu_link_background":"","ocean_menu_link_hover_background":"","ocean_menu_link_active_background":"","ocean_menu_social_links_bg":"","ocean_menu_social_hover_links_bg":"","ocean_menu_social_links_color":"","ocean_menu_social_hover_links_color":"","ocean_disable_title":"default","ocean_disable_heading":"on","ocean_post_title":"","ocean_post_subheading":"","ocean_post_title_style":"","ocean_post_title_background_color":"","ocean_post_title_background":0,"ocean_post_title_bg_image_position":"","ocean_post_title_bg_image_attachment":"","ocean_post_title_bg_image_repeat":"","ocean_post_title_bg_image_size":"","ocean_post_title_height":0,"ocean_post_title_bg_overlay":0.5,"ocean_post_title_bg_overlay_color":"","ocean_disable_breadcrumbs":"default","ocean_breadcrumbs_color":"","ocean_breadcrumbs_separator_color":"","ocean_breadcrumbs_links_color":"","ocean_breadcrumbs_links_hover_color":"","ocean_display_footer_widgets":"default","ocean_display_footer_bottom":"default","ocean_custom_footer_template":"0","footnotes":""},"class_list":["post-1014573","page","type-page","status-publish","hentry","entry"],"acf":[],"yoast_head":"<!-- This site is optimized with the Yoast SEO plugin v27.2 - https:\/\/yoast.com\/product\/yoast-seo-wordpress\/ -->\n<title>10. Les lavoirs - Web de Turismo del Ayuntamiento de La Orotava<\/title>\n<meta name=\"robots\" content=\"index, follow, max-snippet:-1, max-image-preview:large, max-video-preview:-1\" \/>\n<link rel=\"canonical\" href=\"https:\/\/www.laorotava.es\/turismo\/fr\/10-lavoirs\/\" \/>\n<meta property=\"og:locale\" content=\"es_ES\" \/>\n<meta property=\"og:type\" content=\"article\" \/>\n<meta property=\"og:title\" content=\"10. Les lavoirs - Web de Turismo del Ayuntamiento de La Orotava\" \/>\n<meta property=\"og:description\" content=\"10. Les lavoirs \u00c0 La Orotava, on trouve de nombreuses constructions qui t\u00e9moignent d&#8217;une \u00e9poque pas si lointaine o\u00f9 l&#8217;utilisation de l&#8217;eau \u00e9tait essentielle. La premi\u00e8re \u00e9tape de cette route de l&#8217;eau est constitu\u00e9e par les lavoirs, que nous trouverons sur notre gauche d\u00e8s que nous commencerons \u00e0 monter la rue Doctor Domingo Gonz\u00e1lez Garc\u00eda. \u00c0 La Orotava, il y avait autrefois jusqu&#8217;\u00e0 cinq lavoirs publics, dont il ne reste que celui-ci, connu sous le nom de lavoir de San Francisco, datant du XVIe si\u00e8cle. Depuis le canal principal qui alimentait les moulins, un canal d&#8217;irrigation \u00e9tait d\u00e9tourn\u00e9 pour laver le linge. L&#8217;ancien foss\u00e9 principal, o\u00f9 le lavage se faisait en commun, a \u00e9t\u00e9 remplac\u00e9 dans les ann\u00e9es 1940 par vingt-quatre bassins individuels avec leur propre jet. Vingt ans plus tard, l&#8217;utilisation de ces bassins a \u00e9t\u00e9 abandonn\u00e9e au profit du raccordement direct au r\u00e9seau d&#8217;eau courante. L&#8217;espace actuel a \u00e9t\u00e9 r\u00e9cemment r\u00e9cup\u00e9r\u00e9 pour servir d&#8217;exemple patrimonial du m\u00e9tier de blanchisseuse et de l&#8217;utilisation de l&#8217;eau \u00e0 La Orotava. Le m\u00e9tier de lavandi\u00e8re \u00e9tait traditionnellement f\u00e9minin. Ici, les bonnes, les femmes au foyer des maisons les plus humbles et celles qui travaillaient comme lavandi\u00e8res lavaient ensemble. Elles avaient l&#8217;habitude de chanter ensemble pendant qu&#8217;elles lavaient. C&#8217;\u00e9tait l&#8217;une des rares occasions pour les femmes de se rencontrer, et c&#8217;\u00e9tait un espace exclusivement f\u00e9minin, m\u00eame si elles devaient souvent se d\u00e9brouiller pour se prot\u00e9ger du regard des hommes qui les \u00e9piaient depuis la fen\u00eatre du moulin. \u00c0 partir de la fin du XVIIIe si\u00e8cle, les femmes sont oblig\u00e9es de d\u00e9barrasser les lieux tous les soirs, car le lavoir est devenu une sorte de casino pour les hommes, o\u00f9 l&#8217;on buvait du vin et o\u00f9 l&#8217;on jouait aux cartes. Quelques m\u00e8tres plus haut, nous trouverons sur notre gauche un moulin \u00e0 gofio, la prochaine \u00e9tape de notre itin\u00e9raire. Faites confiance \u00e0 votre odorat, car son odeur caract\u00e9ristique envahit la rue \u00e0 mesure que l\u2019on se rapproche.\" \/>\n<meta property=\"og:url\" content=\"https:\/\/www.laorotava.es\/turismo\/fr\/10-lavoirs\/\" \/>\n<meta property=\"og:site_name\" content=\"Web de Turismo del Ayuntamiento de La Orotava\" \/>\n<meta property=\"article:publisher\" content=\"https:\/\/www.facebook.com\/TurismoLaOrotava\/\" \/>\n<meta property=\"article:modified_time\" content=\"2025-02-21T09:29:22+00:00\" \/>\n<meta property=\"og:image\" content=\"https:\/\/www.laorotava.es\/sites\/default\/files\/styles\/large\/public\/rutas\/10.png?itok=9ZnQEsns\" \/>\n<meta name=\"twitter:card\" content=\"summary_large_image\" \/>\n<meta name=\"twitter:site\" content=\"@LaOrotava\" \/>\n<meta name=\"twitter:label1\" content=\"Tiempo de lectura\" \/>\n\t<meta name=\"twitter:data1\" content=\"2 minutos\" \/>\n<script type=\"application\/ld+json\" class=\"yoast-schema-graph\">{\"@context\":\"https:\/\/schema.org\",\"@graph\":[{\"@type\":\"WebPage\",\"@id\":\"https:\/\/www.laorotava.es\/turismo\/fr\/10-lavoirs\/\",\"url\":\"https:\/\/www.laorotava.es\/turismo\/fr\/10-lavoirs\/\",\"name\":\"10. Les lavoirs - Web de Turismo del Ayuntamiento de La Orotava\",\"isPartOf\":{\"@id\":\"https:\/\/www.laorotava.es\/turismo\/#website\"},\"primaryImageOfPage\":{\"@id\":\"https:\/\/www.laorotava.es\/turismo\/fr\/10-lavoirs\/#primaryimage\"},\"image\":{\"@id\":\"https:\/\/www.laorotava.es\/turismo\/fr\/10-lavoirs\/#primaryimage\"},\"thumbnailUrl\":\"https:\/\/www.laorotava.es\/sites\/default\/files\/styles\/large\/public\/rutas\/10.png?itok=9ZnQEsns\",\"datePublished\":\"2022-10-13T10:56:25+00:00\",\"dateModified\":\"2025-02-21T09:29:22+00:00\",\"breadcrumb\":{\"@id\":\"https:\/\/www.laorotava.es\/turismo\/fr\/10-lavoirs\/#breadcrumb\"},\"inLanguage\":\"es\",\"potentialAction\":[{\"@type\":\"ReadAction\",\"target\":[\"https:\/\/www.laorotava.es\/turismo\/fr\/10-lavoirs\/\"]}]},{\"@type\":\"ImageObject\",\"inLanguage\":\"es\",\"@id\":\"https:\/\/www.laorotava.es\/turismo\/fr\/10-lavoirs\/#primaryimage\",\"url\":\"https:\/\/www.laorotava.es\/sites\/default\/files\/styles\/large\/public\/rutas\/10.png?itok=9ZnQEsns\",\"contentUrl\":\"https:\/\/www.laorotava.es\/sites\/default\/files\/styles\/large\/public\/rutas\/10.png?itok=9ZnQEsns\"},{\"@type\":\"BreadcrumbList\",\"@id\":\"https:\/\/www.laorotava.es\/turismo\/fr\/10-lavoirs\/#breadcrumb\",\"itemListElement\":[{\"@type\":\"ListItem\",\"position\":1,\"name\":\"Portada\",\"item\":\"https:\/\/www.laorotava.es\/turismo\/\"},{\"@type\":\"ListItem\",\"position\":2,\"name\":\"10. Les lavoirs\"}]},{\"@type\":\"WebSite\",\"@id\":\"https:\/\/www.laorotava.es\/turismo\/#website\",\"url\":\"https:\/\/www.laorotava.es\/turismo\/\",\"name\":\"Web de Turismo del Ayuntamiento de La Orotava\",\"description\":\"\",\"publisher\":{\"@id\":\"https:\/\/www.laorotava.es\/turismo\/#organization\"},\"potentialAction\":[{\"@type\":\"SearchAction\",\"target\":{\"@type\":\"EntryPoint\",\"urlTemplate\":\"https:\/\/www.laorotava.es\/turismo\/?s={search_term_string}\"},\"query-input\":{\"@type\":\"PropertyValueSpecification\",\"valueRequired\":true,\"valueName\":\"search_term_string\"}}],\"inLanguage\":\"es\"},{\"@type\":\"Organization\",\"@id\":\"https:\/\/www.laorotava.es\/turismo\/#organization\",\"name\":\"Ayuntamiento de La Orotava\",\"url\":\"https:\/\/www.laorotava.es\/turismo\/\",\"logo\":{\"@type\":\"ImageObject\",\"inLanguage\":\"es\",\"@id\":\"https:\/\/www.laorotava.es\/turismo\/#\/schema\/logo\/image\/\",\"url\":\"https:\/\/www.laorotava.es\/turismo\/wp-content\/uploads\/2022\/08\/logo.png\",\"contentUrl\":\"https:\/\/www.laorotava.es\/turismo\/wp-content\/uploads\/2022\/08\/logo.png\",\"width\":1195,\"height\":180,\"caption\":\"Ayuntamiento de La Orotava\"},\"image\":{\"@id\":\"https:\/\/www.laorotava.es\/turismo\/#\/schema\/logo\/image\/\"},\"sameAs\":[\"https:\/\/www.facebook.com\/TurismoLaOrotava\/\",\"https:\/\/x.com\/LaOrotava\"]}]}<\/script>\n<!-- \/ Yoast SEO plugin. -->","yoast_head_json":{"title":"10. Les lavoirs - Web de Turismo del Ayuntamiento de La Orotava","robots":{"index":"index","follow":"follow","max-snippet":"max-snippet:-1","max-image-preview":"max-image-preview:large","max-video-preview":"max-video-preview:-1"},"canonical":"https:\/\/www.laorotava.es\/turismo\/fr\/10-lavoirs\/","og_locale":"es_ES","og_type":"article","og_title":"10. Les lavoirs - Web de Turismo del Ayuntamiento de La Orotava","og_description":"10. Les lavoirs \u00c0 La Orotava, on trouve de nombreuses constructions qui t\u00e9moignent d&#8217;une \u00e9poque pas si lointaine o\u00f9 l&#8217;utilisation de l&#8217;eau \u00e9tait essentielle. La premi\u00e8re \u00e9tape de cette route de l&#8217;eau est constitu\u00e9e par les lavoirs, que nous trouverons sur notre gauche d\u00e8s que nous commencerons \u00e0 monter la rue Doctor Domingo Gonz\u00e1lez Garc\u00eda. \u00c0 La Orotava, il y avait autrefois jusqu&#8217;\u00e0 cinq lavoirs publics, dont il ne reste que celui-ci, connu sous le nom de lavoir de San Francisco, datant du XVIe si\u00e8cle. Depuis le canal principal qui alimentait les moulins, un canal d&#8217;irrigation \u00e9tait d\u00e9tourn\u00e9 pour laver le linge. L&#8217;ancien foss\u00e9 principal, o\u00f9 le lavage se faisait en commun, a \u00e9t\u00e9 remplac\u00e9 dans les ann\u00e9es 1940 par vingt-quatre bassins individuels avec leur propre jet. Vingt ans plus tard, l&#8217;utilisation de ces bassins a \u00e9t\u00e9 abandonn\u00e9e au profit du raccordement direct au r\u00e9seau d&#8217;eau courante. L&#8217;espace actuel a \u00e9t\u00e9 r\u00e9cemment r\u00e9cup\u00e9r\u00e9 pour servir d&#8217;exemple patrimonial du m\u00e9tier de blanchisseuse et de l&#8217;utilisation de l&#8217;eau \u00e0 La Orotava. Le m\u00e9tier de lavandi\u00e8re \u00e9tait traditionnellement f\u00e9minin. Ici, les bonnes, les femmes au foyer des maisons les plus humbles et celles qui travaillaient comme lavandi\u00e8res lavaient ensemble. Elles avaient l&#8217;habitude de chanter ensemble pendant qu&#8217;elles lavaient. C&#8217;\u00e9tait l&#8217;une des rares occasions pour les femmes de se rencontrer, et c&#8217;\u00e9tait un espace exclusivement f\u00e9minin, m\u00eame si elles devaient souvent se d\u00e9brouiller pour se prot\u00e9ger du regard des hommes qui les \u00e9piaient depuis la fen\u00eatre du moulin. \u00c0 partir de la fin du XVIIIe si\u00e8cle, les femmes sont oblig\u00e9es de d\u00e9barrasser les lieux tous les soirs, car le lavoir est devenu une sorte de casino pour les hommes, o\u00f9 l&#8217;on buvait du vin et o\u00f9 l&#8217;on jouait aux cartes. Quelques m\u00e8tres plus haut, nous trouverons sur notre gauche un moulin \u00e0 gofio, la prochaine \u00e9tape de notre itin\u00e9raire. Faites confiance \u00e0 votre odorat, car son odeur caract\u00e9ristique envahit la rue \u00e0 mesure que l\u2019on se rapproche.","og_url":"https:\/\/www.laorotava.es\/turismo\/fr\/10-lavoirs\/","og_site_name":"Web de Turismo del Ayuntamiento de La Orotava","article_publisher":"https:\/\/www.facebook.com\/TurismoLaOrotava\/","article_modified_time":"2025-02-21T09:29:22+00:00","og_image":[{"url":"https:\/\/www.laorotava.es\/sites\/default\/files\/styles\/large\/public\/rutas\/10.png?itok=9ZnQEsns","type":"","width":"","height":""}],"twitter_card":"summary_large_image","twitter_site":"@LaOrotava","twitter_misc":{"Tiempo de lectura":"2 minutos"},"schema":{"@context":"https:\/\/schema.org","@graph":[{"@type":"WebPage","@id":"https:\/\/www.laorotava.es\/turismo\/fr\/10-lavoirs\/","url":"https:\/\/www.laorotava.es\/turismo\/fr\/10-lavoirs\/","name":"10. Les lavoirs - Web de Turismo del Ayuntamiento de La Orotava","isPartOf":{"@id":"https:\/\/www.laorotava.es\/turismo\/#website"},"primaryImageOfPage":{"@id":"https:\/\/www.laorotava.es\/turismo\/fr\/10-lavoirs\/#primaryimage"},"image":{"@id":"https:\/\/www.laorotava.es\/turismo\/fr\/10-lavoirs\/#primaryimage"},"thumbnailUrl":"https:\/\/www.laorotava.es\/sites\/default\/files\/styles\/large\/public\/rutas\/10.png?itok=9ZnQEsns","datePublished":"2022-10-13T10:56:25+00:00","dateModified":"2025-02-21T09:29:22+00:00","breadcrumb":{"@id":"https:\/\/www.laorotava.es\/turismo\/fr\/10-lavoirs\/#breadcrumb"},"inLanguage":"es","potentialAction":[{"@type":"ReadAction","target":["https:\/\/www.laorotava.es\/turismo\/fr\/10-lavoirs\/"]}]},{"@type":"ImageObject","inLanguage":"es","@id":"https:\/\/www.laorotava.es\/turismo\/fr\/10-lavoirs\/#primaryimage","url":"https:\/\/www.laorotava.es\/sites\/default\/files\/styles\/large\/public\/rutas\/10.png?itok=9ZnQEsns","contentUrl":"https:\/\/www.laorotava.es\/sites\/default\/files\/styles\/large\/public\/rutas\/10.png?itok=9ZnQEsns"},{"@type":"BreadcrumbList","@id":"https:\/\/www.laorotava.es\/turismo\/fr\/10-lavoirs\/#breadcrumb","itemListElement":[{"@type":"ListItem","position":1,"name":"Portada","item":"https:\/\/www.laorotava.es\/turismo\/"},{"@type":"ListItem","position":2,"name":"10. Les lavoirs"}]},{"@type":"WebSite","@id":"https:\/\/www.laorotava.es\/turismo\/#website","url":"https:\/\/www.laorotava.es\/turismo\/","name":"Web de Turismo del Ayuntamiento de La Orotava","description":"","publisher":{"@id":"https:\/\/www.laorotava.es\/turismo\/#organization"},"potentialAction":[{"@type":"SearchAction","target":{"@type":"EntryPoint","urlTemplate":"https:\/\/www.laorotava.es\/turismo\/?s={search_term_string}"},"query-input":{"@type":"PropertyValueSpecification","valueRequired":true,"valueName":"search_term_string"}}],"inLanguage":"es"},{"@type":"Organization","@id":"https:\/\/www.laorotava.es\/turismo\/#organization","name":"Ayuntamiento de La Orotava","url":"https:\/\/www.laorotava.es\/turismo\/","logo":{"@type":"ImageObject","inLanguage":"es","@id":"https:\/\/www.laorotava.es\/turismo\/#\/schema\/logo\/image\/","url":"https:\/\/www.laorotava.es\/turismo\/wp-content\/uploads\/2022\/08\/logo.png","contentUrl":"https:\/\/www.laorotava.es\/turismo\/wp-content\/uploads\/2022\/08\/logo.png","width":1195,"height":180,"caption":"Ayuntamiento de La Orotava"},"image":{"@id":"https:\/\/www.laorotava.es\/turismo\/#\/schema\/logo\/image\/"},"sameAs":["https:\/\/www.facebook.com\/TurismoLaOrotava\/","https:\/\/x.com\/LaOrotava"]}]}},"_links":{"self":[{"href":"https:\/\/www.laorotava.es\/turismo\/wp-json\/wp\/v2\/pages\/1014573","targetHints":{"allow":["GET"]}}],"collection":[{"href":"https:\/\/www.laorotava.es\/turismo\/wp-json\/wp\/v2\/pages"}],"about":[{"href":"https:\/\/www.laorotava.es\/turismo\/wp-json\/wp\/v2\/types\/page"}],"author":[{"embeddable":true,"href":"https:\/\/www.laorotava.es\/turismo\/wp-json\/wp\/v2\/users\/3"}],"replies":[{"embeddable":true,"href":"https:\/\/www.laorotava.es\/turismo\/wp-json\/wp\/v2\/comments?post=1014573"}],"version-history":[{"count":7,"href":"https:\/\/www.laorotava.es\/turismo\/wp-json\/wp\/v2\/pages\/1014573\/revisions"}],"predecessor-version":[{"id":1021105,"href":"https:\/\/www.laorotava.es\/turismo\/wp-json\/wp\/v2\/pages\/1014573\/revisions\/1021105"}],"wp:attachment":[{"href":"https:\/\/www.laorotava.es\/turismo\/wp-json\/wp\/v2\/media?parent=1014573"}],"curies":[{"name":"wp","href":"https:\/\/api.w.org\/{rel}","templated":true}]}}