{"id":1014603,"date":"2022-10-13T11:07:28","date_gmt":"2022-10-13T11:07:28","guid":{"rendered":"https:\/\/www.laorotava.es\/turismo\/?page_id=1014603"},"modified":"2025-02-21T09:33:13","modified_gmt":"2025-02-21T09:33:13","slug":"13-eglise-de-san-juan-bautista","status":"publish","type":"page","link":"https:\/\/www.laorotava.es\/turismo\/fr\/13-eglise-de-san-juan-bautista\/","title":{"rendered":"13. \u00c9glise de San Juan Bautista"},"content":{"rendered":"\t\t<div data-elementor-type=\"wp-page\" data-elementor-id=\"1014603\" class=\"elementor elementor-1014603\">\n\t\t\t\t\t\t<section class=\"elementor-section elementor-top-section elementor-element elementor-element-106b6b40 elementor-section-stretched elementor-section-boxed elementor-section-height-default elementor-section-height-default wpr-particle-no wpr-jarallax-no wpr-parallax-no wpr-sticky-section-no\" data-id=\"106b6b40\" data-element_type=\"section\" data-e-type=\"section\" data-settings=\"{&quot;stretch_section&quot;:&quot;section-stretched&quot;}\">\n\t\t\t\t\t\t<div class=\"elementor-container elementor-column-gap-default\">\n\t\t\t\t\t<div class=\"elementor-column elementor-col-100 elementor-top-column elementor-element elementor-element-6181d2c5\" data-id=\"6181d2c5\" data-element_type=\"column\" data-e-type=\"column\">\n\t\t\t<div class=\"elementor-widget-wrap elementor-element-populated\">\n\t\t\t\t\t\t<div class=\"elementor-element elementor-element-103927d1 elementor-widget elementor-widget-heading\" data-id=\"103927d1\" data-element_type=\"widget\" data-e-type=\"widget\" data-widget_type=\"heading.default\">\n\t\t\t\t<div class=\"elementor-widget-container\">\n\t\t\t\t\t<h2 class=\"elementor-heading-title elementor-size-small\">13. \u00c9glise de San Juan Bautista<\/h2>\t\t\t\t<\/div>\n\t\t\t\t<\/div>\n\t\t\t\t<div class=\"elementor-element elementor-element-7e886041 elementor-widget-divider--view-line elementor-widget elementor-widget-divider\" data-id=\"7e886041\" data-element_type=\"widget\" data-e-type=\"widget\" data-widget_type=\"divider.default\">\n\t\t\t\t<div class=\"elementor-widget-container\">\n\t\t\t\t\t\t\t<div class=\"elementor-divider\">\n\t\t\t<span class=\"elementor-divider-separator\">\n\t\t\t\t\t\t<\/span>\n\t\t<\/div>\n\t\t\t\t\t\t<\/div>\n\t\t\t\t<\/div>\n\t\t\t\t<div class=\"elementor-element elementor-element-b3617d7 elementor-widget elementor-widget-wp-widget-media_audio\" data-id=\"b3617d7\" data-element_type=\"widget\" data-e-type=\"widget\" data-widget_type=\"wp-widget-media_audio.default\">\n\t\t\t\t<div class=\"elementor-widget-container\">\n\t\t\t\t\t<audio class=\"wp-audio-shortcode\" id=\"audio-1014603-1\" preload=\"none\" style=\"width: 100%;\" controls=\"controls\"><source type=\"audio\/mpeg\" src=\"https:\/\/www.laorotava.es\/turismo\/wp-content\/uploads\/2025\/02\/13_pb_eglise_de_san_juan_bautista.mp3?_=1\" \/><source type=\"audio\/mpeg\" src=\"https:\/\/www.laorotava.es\/turismo\/wp-content\/uploads\/2025\/02\/13_pb_eglise_de_san_juan_bautista.mp3?_=1\" \/><a href=\"https:\/\/www.laorotava.es\/turismo\/wp-content\/uploads\/2025\/02\/13_pb_eglise_de_san_juan_bautista.mp3\">https:\/\/www.laorotava.es\/turismo\/wp-content\/uploads\/2025\/02\/13_pb_eglise_de_san_juan_bautista.mp3<\/a><\/audio>\t\t\t\t<\/div>\n\t\t\t\t<\/div>\n\t\t\t\t<div class=\"elementor-element elementor-element-509df630 elementor-widget elementor-widget-text-editor\" data-id=\"509df630\" data-element_type=\"widget\" data-e-type=\"widget\" data-widget_type=\"text-editor.default\">\n\t\t\t\t<div class=\"elementor-widget-container\">\n\t\t\t\t\t\t\t\t\t<p><span style=\"color: #444444;\"><img decoding=\"async\" class=\"alignleft\" src=\"https:\/\/www.laorotava.es\/sites\/default\/files\/styles\/large\/public\/rutas\/13.png?itok=IRI4P19k\" \/><\/span><\/p><p>Cette \u00e9glise de la fin du XVIIe si\u00e8cle est le noyau de la Villa de Arriba. Elle a \u00e9t\u00e9 construite gr\u00e2ce au travail et aux dons des humbles habitants de la r\u00e9gion qui aspiraient \u00e0 avoir leur propre paroisse. Les limites de la nouvelle paroisse de Villa de Arriba ont g\u00e9n\u00e9r\u00e9 des confrontations, pendant longtemps, avec la paroisse de La Concepci\u00f3n. Plus le nombre d&#8217;habitants rattach\u00e9s \u00e0 une paroisse \u00e9tait important, plus elle recevait d\u2019avantages et d&#8217;aides de la part de l&#8217;\u00e9v\u00each\u00e9. Le conflit entre les paroisses de San Juan et de La Concepci\u00f3n a creus\u00e9 le foss\u00e9 social entre les moins nantis et les plus riches.<\/p><p>\u00c0 l&#8217;int\u00e9rieur, la riche ornementation du ma\u00eetre-autel, entour\u00e9 d&#8217;un baldaquin du XVIIIe si\u00e8cle, contraste avec le caract\u00e8re sobre de cette \u00e9glise. Le plafond est recouvert de caissons. Remarquez les \u00e9l\u00e9ments d\u00e9coratifs et g\u00e9om\u00e9triques typiques de l\u2019art mud\u00e9jar, un style architectural r\u00e9pandu dans les royaumes chr\u00e9tiens de la p\u00e9ninsule ib\u00e9rique entre le XIIe et le XVIe si\u00e8cle et qui s&#8217;est maintenu dans les \u00eeles Canaries au cours des si\u00e8cles suivants. Le <em>Cristo de la Columna<\/em> (Christ de la colonne) de cette \u00e9glise est consid\u00e9r\u00e9 comme l&#8217;une des \u0153uvres les plus importantes de l&#8217;architecture baroque des \u00eeles Canaries.<\/p><p>Si vous continuez sur la rue lat\u00e9rale en dessous de l&#8217;\u00e9glise, vous trouverez un balcon au-dessus de l&#8217;ancienne crypte de l&#8217;\u00e9glise. Si vous regardez la porte sous le balcon, vous verrez des cr\u00e2nes sculpt\u00e9s avec des couronnes et des tiares d&#8217;\u00e9v\u00eaque. Cette sculpture de la fin du XVIIe si\u00e8cle fait r\u00e9f\u00e9rence \u00e0 l&#8217;\u00e9galit\u00e9 devant la mort, sans distinction sociale. Un tel message aurait \u00e9t\u00e9 impensable dans la paroisse de La Concepci\u00f3n.<\/p><p>Continuez jusqu&#8217;\u00e0 la rue Le\u00f3n, d&#8217;o\u00f9 vous pourrez profiter d&#8217;une vue spectaculaire sur la vieille ville tout en descendant sa pente prononc\u00e9e.<\/p>\t\t\t\t\t\t\t\t<\/div>\n\t\t\t\t<\/div>\n\t\t\t\t<div class=\"elementor-element elementor-element-542d5f07 elementor-widget elementor-widget-google_maps\" data-id=\"542d5f07\" data-element_type=\"widget\" data-e-type=\"widget\" data-widget_type=\"google_maps.default\">\n\t\t\t\t<div class=\"elementor-widget-container\">\n\t\t\t\t\t\t\t<div class=\"elementor-custom-embed\">\n\t\t\t<iframe loading=\"lazy\"\n\t\t\t\t\tsrc=\"https:\/\/maps.google.com\/maps?q=parroquia%20san%20juan%20bautista%20la%20orotava&#038;t=m&#038;z=16&#038;output=embed&#038;iwloc=near\"\n\t\t\t\t\ttitle=\"parroquia san juan bautista la orotava\"\n\t\t\t\t\taria-label=\"parroquia san juan bautista la orotava\"\n\t\t\t><\/iframe>\n\t\t<\/div>\n\t\t\t\t\t\t<\/div>\n\t\t\t\t<\/div>\n\t\t\t\t\t<\/div>\n\t\t<\/div>\n\t\t\t\t\t<\/div>\n\t\t<\/section>\n\t\t\t\t<\/div>\n\t\t","protected":false},"excerpt":{"rendered":"<p>13. \u00c9glise de San Juan Bautista Cette \u00e9glise de la fin du XVIIe si\u00e8cle est le noyau de la Villa de Arriba. Elle a \u00e9t\u00e9 construite gr\u00e2ce au travail et aux dons des humbles habitants de la r\u00e9gion qui aspiraient \u00e0 avoir leur propre paroisse. Les limites de la nouvelle paroisse de Villa de Arriba ont g\u00e9n\u00e9r\u00e9 des confrontations, pendant longtemps, avec la paroisse de La Concepci\u00f3n. Plus le nombre d&#8217;habitants rattach\u00e9s \u00e0 une paroisse \u00e9tait important, plus elle recevait d\u2019avantages et d&#8217;aides de la part de l&#8217;\u00e9v\u00each\u00e9. Le conflit entre les paroisses de San Juan et de La Concepci\u00f3n a creus\u00e9 le foss\u00e9 social entre les moins nantis et les plus riches. \u00c0 l&#8217;int\u00e9rieur, la riche ornementation du ma\u00eetre-autel, entour\u00e9 d&#8217;un baldaquin du XVIIIe si\u00e8cle, contraste avec le caract\u00e8re sobre de cette \u00e9glise. Le plafond est recouvert de caissons. Remarquez les \u00e9l\u00e9ments d\u00e9coratifs et g\u00e9om\u00e9triques typiques de l\u2019art mud\u00e9jar, un style architectural r\u00e9pandu dans les royaumes chr\u00e9tiens de la p\u00e9ninsule ib\u00e9rique entre le XIIe et le XVIe si\u00e8cle et qui s&#8217;est maintenu dans les \u00eeles Canaries au cours des si\u00e8cles suivants. Le Cristo de la Columna (Christ de la colonne) de cette \u00e9glise est consid\u00e9r\u00e9 comme l&#8217;une des \u0153uvres les plus importantes de l&#8217;architecture baroque des \u00eeles Canaries. Si vous continuez sur la rue lat\u00e9rale en dessous de l&#8217;\u00e9glise, vous trouverez un balcon au-dessus de l&#8217;ancienne crypte de l&#8217;\u00e9glise. Si vous regardez la porte sous le balcon, vous verrez des cr\u00e2nes sculpt\u00e9s avec des couronnes et des tiares d&#8217;\u00e9v\u00eaque. Cette sculpture de la fin du XVIIe si\u00e8cle fait r\u00e9f\u00e9rence \u00e0 l&#8217;\u00e9galit\u00e9 devant la mort, sans distinction sociale. Un tel message aurait \u00e9t\u00e9 impensable dans la paroisse de La Concepci\u00f3n. Continuez jusqu&#8217;\u00e0 la rue Le\u00f3n, d&#8217;o\u00f9 vous pourrez profiter d&#8217;une vue spectaculaire sur la vieille ville tout en descendant sa pente prononc\u00e9e.<\/p>\n","protected":false},"author":3,"featured_media":0,"parent":0,"menu_order":0,"comment_status":"closed","ping_status":"closed","template":"","meta":{"_acf_changed":false,"ocean_post_layout":"","ocean_both_sidebars_style":"","ocean_both_sidebars_content_width":0,"ocean_both_sidebars_sidebars_width":0,"ocean_sidebar":"0","ocean_second_sidebar":"0","ocean_disable_margins":"enable","ocean_add_body_class":"","ocean_shortcode_before_top_bar":"","ocean_shortcode_after_top_bar":"","ocean_shortcode_before_header":"","ocean_shortcode_after_header":"","ocean_has_shortcode":"","ocean_shortcode_after_title":"","ocean_shortcode_before_footer_widgets":"","ocean_shortcode_after_footer_widgets":"","ocean_shortcode_before_footer_bottom":"","ocean_shortcode_after_footer_bottom":"","ocean_display_top_bar":"default","ocean_display_header":"default","ocean_header_style":"","ocean_center_header_left_menu":"0","ocean_custom_header_template":"0","ocean_custom_logo":0,"ocean_custom_retina_logo":0,"ocean_custom_logo_max_width":0,"ocean_custom_logo_tablet_max_width":0,"ocean_custom_logo_mobile_max_width":0,"ocean_custom_logo_max_height":0,"ocean_custom_logo_tablet_max_height":0,"ocean_custom_logo_mobile_max_height":0,"ocean_header_custom_menu":"0","ocean_menu_typo_font_family":"0","ocean_menu_typo_font_subset":"","ocean_menu_typo_font_size":0,"ocean_menu_typo_font_size_tablet":0,"ocean_menu_typo_font_size_mobile":0,"ocean_menu_typo_font_size_unit":"px","ocean_menu_typo_font_weight":"","ocean_menu_typo_font_weight_tablet":"","ocean_menu_typo_font_weight_mobile":"","ocean_menu_typo_transform":"","ocean_menu_typo_transform_tablet":"","ocean_menu_typo_transform_mobile":"","ocean_menu_typo_line_height":0,"ocean_menu_typo_line_height_tablet":0,"ocean_menu_typo_line_height_mobile":0,"ocean_menu_typo_line_height_unit":"","ocean_menu_typo_spacing":0,"ocean_menu_typo_spacing_tablet":0,"ocean_menu_typo_spacing_mobile":0,"ocean_menu_typo_spacing_unit":"","ocean_menu_link_color":"","ocean_menu_link_color_hover":"","ocean_menu_link_color_active":"","ocean_menu_link_background":"","ocean_menu_link_hover_background":"","ocean_menu_link_active_background":"","ocean_menu_social_links_bg":"","ocean_menu_social_hover_links_bg":"","ocean_menu_social_links_color":"","ocean_menu_social_hover_links_color":"","ocean_disable_title":"default","ocean_disable_heading":"on","ocean_post_title":"","ocean_post_subheading":"","ocean_post_title_style":"","ocean_post_title_background_color":"","ocean_post_title_background":0,"ocean_post_title_bg_image_position":"","ocean_post_title_bg_image_attachment":"","ocean_post_title_bg_image_repeat":"","ocean_post_title_bg_image_size":"","ocean_post_title_height":0,"ocean_post_title_bg_overlay":0.5,"ocean_post_title_bg_overlay_color":"","ocean_disable_breadcrumbs":"default","ocean_breadcrumbs_color":"","ocean_breadcrumbs_separator_color":"","ocean_breadcrumbs_links_color":"","ocean_breadcrumbs_links_hover_color":"","ocean_display_footer_widgets":"default","ocean_display_footer_bottom":"default","ocean_custom_footer_template":"0","footnotes":""},"class_list":["post-1014603","page","type-page","status-publish","hentry","entry"],"acf":[],"yoast_head":"<!-- This site is optimized with the Yoast SEO plugin v27.2 - https:\/\/yoast.com\/product\/yoast-seo-wordpress\/ -->\n<title>13. \u00c9glise de San Juan Bautista - Web de Turismo del Ayuntamiento de La Orotava<\/title>\n<meta name=\"robots\" content=\"index, follow, max-snippet:-1, max-image-preview:large, max-video-preview:-1\" \/>\n<link rel=\"canonical\" href=\"https:\/\/www.laorotava.es\/turismo\/fr\/13-eglise-de-san-juan-bautista\/\" \/>\n<meta property=\"og:locale\" content=\"es_ES\" \/>\n<meta property=\"og:type\" content=\"article\" \/>\n<meta property=\"og:title\" content=\"13. \u00c9glise de San Juan Bautista - Web de Turismo del Ayuntamiento de La Orotava\" \/>\n<meta property=\"og:description\" content=\"13. \u00c9glise de San Juan Bautista Cette \u00e9glise de la fin du XVIIe si\u00e8cle est le noyau de la Villa de Arriba. Elle a \u00e9t\u00e9 construite gr\u00e2ce au travail et aux dons des humbles habitants de la r\u00e9gion qui aspiraient \u00e0 avoir leur propre paroisse. Les limites de la nouvelle paroisse de Villa de Arriba ont g\u00e9n\u00e9r\u00e9 des confrontations, pendant longtemps, avec la paroisse de La Concepci\u00f3n. Plus le nombre d&#8217;habitants rattach\u00e9s \u00e0 une paroisse \u00e9tait important, plus elle recevait d\u2019avantages et d&#8217;aides de la part de l&#8217;\u00e9v\u00each\u00e9. Le conflit entre les paroisses de San Juan et de La Concepci\u00f3n a creus\u00e9 le foss\u00e9 social entre les moins nantis et les plus riches. \u00c0 l&#8217;int\u00e9rieur, la riche ornementation du ma\u00eetre-autel, entour\u00e9 d&#8217;un baldaquin du XVIIIe si\u00e8cle, contraste avec le caract\u00e8re sobre de cette \u00e9glise. Le plafond est recouvert de caissons. Remarquez les \u00e9l\u00e9ments d\u00e9coratifs et g\u00e9om\u00e9triques typiques de l\u2019art mud\u00e9jar, un style architectural r\u00e9pandu dans les royaumes chr\u00e9tiens de la p\u00e9ninsule ib\u00e9rique entre le XIIe et le XVIe si\u00e8cle et qui s&#8217;est maintenu dans les \u00eeles Canaries au cours des si\u00e8cles suivants. Le Cristo de la Columna (Christ de la colonne) de cette \u00e9glise est consid\u00e9r\u00e9 comme l&#8217;une des \u0153uvres les plus importantes de l&#8217;architecture baroque des \u00eeles Canaries. Si vous continuez sur la rue lat\u00e9rale en dessous de l&#8217;\u00e9glise, vous trouverez un balcon au-dessus de l&#8217;ancienne crypte de l&#8217;\u00e9glise. Si vous regardez la porte sous le balcon, vous verrez des cr\u00e2nes sculpt\u00e9s avec des couronnes et des tiares d&#8217;\u00e9v\u00eaque. Cette sculpture de la fin du XVIIe si\u00e8cle fait r\u00e9f\u00e9rence \u00e0 l&#8217;\u00e9galit\u00e9 devant la mort, sans distinction sociale. Un tel message aurait \u00e9t\u00e9 impensable dans la paroisse de La Concepci\u00f3n. Continuez jusqu&#8217;\u00e0 la rue Le\u00f3n, d&#8217;o\u00f9 vous pourrez profiter d&#8217;une vue spectaculaire sur la vieille ville tout en descendant sa pente prononc\u00e9e.\" \/>\n<meta property=\"og:url\" content=\"https:\/\/www.laorotava.es\/turismo\/fr\/13-eglise-de-san-juan-bautista\/\" \/>\n<meta property=\"og:site_name\" content=\"Web de Turismo del Ayuntamiento de La Orotava\" \/>\n<meta property=\"article:publisher\" content=\"https:\/\/www.facebook.com\/TurismoLaOrotava\/\" \/>\n<meta property=\"article:modified_time\" content=\"2025-02-21T09:33:13+00:00\" \/>\n<meta property=\"og:image\" content=\"https:\/\/www.laorotava.es\/sites\/default\/files\/styles\/large\/public\/rutas\/13.png?itok=IRI4P19k\" \/>\n<meta name=\"twitter:card\" content=\"summary_large_image\" \/>\n<meta name=\"twitter:site\" content=\"@LaOrotava\" \/>\n<meta name=\"twitter:label1\" content=\"Tiempo de lectura\" \/>\n\t<meta name=\"twitter:data1\" content=\"2 minutos\" \/>\n<script type=\"application\/ld+json\" class=\"yoast-schema-graph\">{\"@context\":\"https:\/\/schema.org\",\"@graph\":[{\"@type\":\"WebPage\",\"@id\":\"https:\/\/www.laorotava.es\/turismo\/fr\/13-eglise-de-san-juan-bautista\/\",\"url\":\"https:\/\/www.laorotava.es\/turismo\/fr\/13-eglise-de-san-juan-bautista\/\",\"name\":\"13. \u00c9glise de San Juan Bautista - Web de Turismo del Ayuntamiento de La Orotava\",\"isPartOf\":{\"@id\":\"https:\/\/www.laorotava.es\/turismo\/#website\"},\"primaryImageOfPage\":{\"@id\":\"https:\/\/www.laorotava.es\/turismo\/fr\/13-eglise-de-san-juan-bautista\/#primaryimage\"},\"image\":{\"@id\":\"https:\/\/www.laorotava.es\/turismo\/fr\/13-eglise-de-san-juan-bautista\/#primaryimage\"},\"thumbnailUrl\":\"https:\/\/www.laorotava.es\/sites\/default\/files\/styles\/large\/public\/rutas\/13.png?itok=IRI4P19k\",\"datePublished\":\"2022-10-13T11:07:28+00:00\",\"dateModified\":\"2025-02-21T09:33:13+00:00\",\"breadcrumb\":{\"@id\":\"https:\/\/www.laorotava.es\/turismo\/fr\/13-eglise-de-san-juan-bautista\/#breadcrumb\"},\"inLanguage\":\"es\",\"potentialAction\":[{\"@type\":\"ReadAction\",\"target\":[\"https:\/\/www.laorotava.es\/turismo\/fr\/13-eglise-de-san-juan-bautista\/\"]}]},{\"@type\":\"ImageObject\",\"inLanguage\":\"es\",\"@id\":\"https:\/\/www.laorotava.es\/turismo\/fr\/13-eglise-de-san-juan-bautista\/#primaryimage\",\"url\":\"https:\/\/www.laorotava.es\/sites\/default\/files\/styles\/large\/public\/rutas\/13.png?itok=IRI4P19k\",\"contentUrl\":\"https:\/\/www.laorotava.es\/sites\/default\/files\/styles\/large\/public\/rutas\/13.png?itok=IRI4P19k\"},{\"@type\":\"BreadcrumbList\",\"@id\":\"https:\/\/www.laorotava.es\/turismo\/fr\/13-eglise-de-san-juan-bautista\/#breadcrumb\",\"itemListElement\":[{\"@type\":\"ListItem\",\"position\":1,\"name\":\"Portada\",\"item\":\"https:\/\/www.laorotava.es\/turismo\/\"},{\"@type\":\"ListItem\",\"position\":2,\"name\":\"13. \u00c9glise de San Juan Bautista\"}]},{\"@type\":\"WebSite\",\"@id\":\"https:\/\/www.laorotava.es\/turismo\/#website\",\"url\":\"https:\/\/www.laorotava.es\/turismo\/\",\"name\":\"Web de Turismo del Ayuntamiento de La Orotava\",\"description\":\"\",\"publisher\":{\"@id\":\"https:\/\/www.laorotava.es\/turismo\/#organization\"},\"potentialAction\":[{\"@type\":\"SearchAction\",\"target\":{\"@type\":\"EntryPoint\",\"urlTemplate\":\"https:\/\/www.laorotava.es\/turismo\/?s={search_term_string}\"},\"query-input\":{\"@type\":\"PropertyValueSpecification\",\"valueRequired\":true,\"valueName\":\"search_term_string\"}}],\"inLanguage\":\"es\"},{\"@type\":\"Organization\",\"@id\":\"https:\/\/www.laorotava.es\/turismo\/#organization\",\"name\":\"Ayuntamiento de La Orotava\",\"url\":\"https:\/\/www.laorotava.es\/turismo\/\",\"logo\":{\"@type\":\"ImageObject\",\"inLanguage\":\"es\",\"@id\":\"https:\/\/www.laorotava.es\/turismo\/#\/schema\/logo\/image\/\",\"url\":\"https:\/\/www.laorotava.es\/turismo\/wp-content\/uploads\/2022\/08\/logo.png\",\"contentUrl\":\"https:\/\/www.laorotava.es\/turismo\/wp-content\/uploads\/2022\/08\/logo.png\",\"width\":1195,\"height\":180,\"caption\":\"Ayuntamiento de La Orotava\"},\"image\":{\"@id\":\"https:\/\/www.laorotava.es\/turismo\/#\/schema\/logo\/image\/\"},\"sameAs\":[\"https:\/\/www.facebook.com\/TurismoLaOrotava\/\",\"https:\/\/x.com\/LaOrotava\"]}]}<\/script>\n<!-- \/ Yoast SEO plugin. -->","yoast_head_json":{"title":"13. \u00c9glise de San Juan Bautista - Web de Turismo del Ayuntamiento de La Orotava","robots":{"index":"index","follow":"follow","max-snippet":"max-snippet:-1","max-image-preview":"max-image-preview:large","max-video-preview":"max-video-preview:-1"},"canonical":"https:\/\/www.laorotava.es\/turismo\/fr\/13-eglise-de-san-juan-bautista\/","og_locale":"es_ES","og_type":"article","og_title":"13. \u00c9glise de San Juan Bautista - Web de Turismo del Ayuntamiento de La Orotava","og_description":"13. \u00c9glise de San Juan Bautista Cette \u00e9glise de la fin du XVIIe si\u00e8cle est le noyau de la Villa de Arriba. Elle a \u00e9t\u00e9 construite gr\u00e2ce au travail et aux dons des humbles habitants de la r\u00e9gion qui aspiraient \u00e0 avoir leur propre paroisse. Les limites de la nouvelle paroisse de Villa de Arriba ont g\u00e9n\u00e9r\u00e9 des confrontations, pendant longtemps, avec la paroisse de La Concepci\u00f3n. Plus le nombre d&#8217;habitants rattach\u00e9s \u00e0 une paroisse \u00e9tait important, plus elle recevait d\u2019avantages et d&#8217;aides de la part de l&#8217;\u00e9v\u00each\u00e9. Le conflit entre les paroisses de San Juan et de La Concepci\u00f3n a creus\u00e9 le foss\u00e9 social entre les moins nantis et les plus riches. \u00c0 l&#8217;int\u00e9rieur, la riche ornementation du ma\u00eetre-autel, entour\u00e9 d&#8217;un baldaquin du XVIIIe si\u00e8cle, contraste avec le caract\u00e8re sobre de cette \u00e9glise. Le plafond est recouvert de caissons. Remarquez les \u00e9l\u00e9ments d\u00e9coratifs et g\u00e9om\u00e9triques typiques de l\u2019art mud\u00e9jar, un style architectural r\u00e9pandu dans les royaumes chr\u00e9tiens de la p\u00e9ninsule ib\u00e9rique entre le XIIe et le XVIe si\u00e8cle et qui s&#8217;est maintenu dans les \u00eeles Canaries au cours des si\u00e8cles suivants. Le Cristo de la Columna (Christ de la colonne) de cette \u00e9glise est consid\u00e9r\u00e9 comme l&#8217;une des \u0153uvres les plus importantes de l&#8217;architecture baroque des \u00eeles Canaries. Si vous continuez sur la rue lat\u00e9rale en dessous de l&#8217;\u00e9glise, vous trouverez un balcon au-dessus de l&#8217;ancienne crypte de l&#8217;\u00e9glise. Si vous regardez la porte sous le balcon, vous verrez des cr\u00e2nes sculpt\u00e9s avec des couronnes et des tiares d&#8217;\u00e9v\u00eaque. Cette sculpture de la fin du XVIIe si\u00e8cle fait r\u00e9f\u00e9rence \u00e0 l&#8217;\u00e9galit\u00e9 devant la mort, sans distinction sociale. Un tel message aurait \u00e9t\u00e9 impensable dans la paroisse de La Concepci\u00f3n. Continuez jusqu&#8217;\u00e0 la rue Le\u00f3n, d&#8217;o\u00f9 vous pourrez profiter d&#8217;une vue spectaculaire sur la vieille ville tout en descendant sa pente prononc\u00e9e.","og_url":"https:\/\/www.laorotava.es\/turismo\/fr\/13-eglise-de-san-juan-bautista\/","og_site_name":"Web de Turismo del Ayuntamiento de La Orotava","article_publisher":"https:\/\/www.facebook.com\/TurismoLaOrotava\/","article_modified_time":"2025-02-21T09:33:13+00:00","og_image":[{"url":"https:\/\/www.laorotava.es\/sites\/default\/files\/styles\/large\/public\/rutas\/13.png?itok=IRI4P19k","type":"","width":"","height":""}],"twitter_card":"summary_large_image","twitter_site":"@LaOrotava","twitter_misc":{"Tiempo de lectura":"2 minutos"},"schema":{"@context":"https:\/\/schema.org","@graph":[{"@type":"WebPage","@id":"https:\/\/www.laorotava.es\/turismo\/fr\/13-eglise-de-san-juan-bautista\/","url":"https:\/\/www.laorotava.es\/turismo\/fr\/13-eglise-de-san-juan-bautista\/","name":"13. \u00c9glise de San Juan Bautista - Web de Turismo del Ayuntamiento de La Orotava","isPartOf":{"@id":"https:\/\/www.laorotava.es\/turismo\/#website"},"primaryImageOfPage":{"@id":"https:\/\/www.laorotava.es\/turismo\/fr\/13-eglise-de-san-juan-bautista\/#primaryimage"},"image":{"@id":"https:\/\/www.laorotava.es\/turismo\/fr\/13-eglise-de-san-juan-bautista\/#primaryimage"},"thumbnailUrl":"https:\/\/www.laorotava.es\/sites\/default\/files\/styles\/large\/public\/rutas\/13.png?itok=IRI4P19k","datePublished":"2022-10-13T11:07:28+00:00","dateModified":"2025-02-21T09:33:13+00:00","breadcrumb":{"@id":"https:\/\/www.laorotava.es\/turismo\/fr\/13-eglise-de-san-juan-bautista\/#breadcrumb"},"inLanguage":"es","potentialAction":[{"@type":"ReadAction","target":["https:\/\/www.laorotava.es\/turismo\/fr\/13-eglise-de-san-juan-bautista\/"]}]},{"@type":"ImageObject","inLanguage":"es","@id":"https:\/\/www.laorotava.es\/turismo\/fr\/13-eglise-de-san-juan-bautista\/#primaryimage","url":"https:\/\/www.laorotava.es\/sites\/default\/files\/styles\/large\/public\/rutas\/13.png?itok=IRI4P19k","contentUrl":"https:\/\/www.laorotava.es\/sites\/default\/files\/styles\/large\/public\/rutas\/13.png?itok=IRI4P19k"},{"@type":"BreadcrumbList","@id":"https:\/\/www.laorotava.es\/turismo\/fr\/13-eglise-de-san-juan-bautista\/#breadcrumb","itemListElement":[{"@type":"ListItem","position":1,"name":"Portada","item":"https:\/\/www.laorotava.es\/turismo\/"},{"@type":"ListItem","position":2,"name":"13. \u00c9glise de San Juan Bautista"}]},{"@type":"WebSite","@id":"https:\/\/www.laorotava.es\/turismo\/#website","url":"https:\/\/www.laorotava.es\/turismo\/","name":"Web de Turismo del Ayuntamiento de La Orotava","description":"","publisher":{"@id":"https:\/\/www.laorotava.es\/turismo\/#organization"},"potentialAction":[{"@type":"SearchAction","target":{"@type":"EntryPoint","urlTemplate":"https:\/\/www.laorotava.es\/turismo\/?s={search_term_string}"},"query-input":{"@type":"PropertyValueSpecification","valueRequired":true,"valueName":"search_term_string"}}],"inLanguage":"es"},{"@type":"Organization","@id":"https:\/\/www.laorotava.es\/turismo\/#organization","name":"Ayuntamiento de La Orotava","url":"https:\/\/www.laorotava.es\/turismo\/","logo":{"@type":"ImageObject","inLanguage":"es","@id":"https:\/\/www.laorotava.es\/turismo\/#\/schema\/logo\/image\/","url":"https:\/\/www.laorotava.es\/turismo\/wp-content\/uploads\/2022\/08\/logo.png","contentUrl":"https:\/\/www.laorotava.es\/turismo\/wp-content\/uploads\/2022\/08\/logo.png","width":1195,"height":180,"caption":"Ayuntamiento de La Orotava"},"image":{"@id":"https:\/\/www.laorotava.es\/turismo\/#\/schema\/logo\/image\/"},"sameAs":["https:\/\/www.facebook.com\/TurismoLaOrotava\/","https:\/\/x.com\/LaOrotava"]}]}},"_links":{"self":[{"href":"https:\/\/www.laorotava.es\/turismo\/wp-json\/wp\/v2\/pages\/1014603","targetHints":{"allow":["GET"]}}],"collection":[{"href":"https:\/\/www.laorotava.es\/turismo\/wp-json\/wp\/v2\/pages"}],"about":[{"href":"https:\/\/www.laorotava.es\/turismo\/wp-json\/wp\/v2\/types\/page"}],"author":[{"embeddable":true,"href":"https:\/\/www.laorotava.es\/turismo\/wp-json\/wp\/v2\/users\/3"}],"replies":[{"embeddable":true,"href":"https:\/\/www.laorotava.es\/turismo\/wp-json\/wp\/v2\/comments?post=1014603"}],"version-history":[{"count":7,"href":"https:\/\/www.laorotava.es\/turismo\/wp-json\/wp\/v2\/pages\/1014603\/revisions"}],"predecessor-version":[{"id":1021114,"href":"https:\/\/www.laorotava.es\/turismo\/wp-json\/wp\/v2\/pages\/1014603\/revisions\/1021114"}],"wp:attachment":[{"href":"https:\/\/www.laorotava.es\/turismo\/wp-json\/wp\/v2\/media?parent=1014603"}],"curies":[{"name":"wp","href":"https:\/\/api.w.org\/{rel}","templated":true}]}}