{"id":1014647,"date":"2022-10-13T11:29:07","date_gmt":"2022-10-13T11:29:07","guid":{"rendered":"https:\/\/www.laorotava.es\/turismo\/?page_id=1014647"},"modified":"2025-02-20T14:03:47","modified_gmt":"2025-02-20T14:03:47","slug":"1-ravin-daraujo","status":"publish","type":"page","link":"https:\/\/www.laorotava.es\/turismo\/fr\/1-ravin-daraujo\/","title":{"rendered":"1. Ravin de Araujo"},"content":{"rendered":"\t\t<div data-elementor-type=\"wp-page\" data-elementor-id=\"1014647\" class=\"elementor elementor-1014647\">\n\t\t\t\t\t\t<section class=\"elementor-section elementor-top-section elementor-element elementor-element-167d4aa6 elementor-section-stretched elementor-section-boxed elementor-section-height-default elementor-section-height-default wpr-particle-no wpr-jarallax-no wpr-parallax-no wpr-sticky-section-no\" data-id=\"167d4aa6\" data-element_type=\"section\" data-e-type=\"section\" data-settings=\"{&quot;stretch_section&quot;:&quot;section-stretched&quot;}\">\n\t\t\t\t\t\t<div class=\"elementor-container elementor-column-gap-default\">\n\t\t\t\t\t<div class=\"elementor-column elementor-col-100 elementor-top-column elementor-element elementor-element-2f4724d1\" data-id=\"2f4724d1\" data-element_type=\"column\" data-e-type=\"column\">\n\t\t\t<div class=\"elementor-widget-wrap elementor-element-populated\">\n\t\t\t\t\t\t<div class=\"elementor-element elementor-element-7e119b81 elementor-widget elementor-widget-heading\" data-id=\"7e119b81\" data-element_type=\"widget\" data-e-type=\"widget\" data-widget_type=\"heading.default\">\n\t\t\t\t<div class=\"elementor-widget-container\">\n\t\t\t\t\t<h2 class=\"elementor-heading-title elementor-size-small\">1. Ravin de Araujo<\/h2>\t\t\t\t<\/div>\n\t\t\t\t<\/div>\n\t\t\t\t<div class=\"elementor-element elementor-element-1d20da2e elementor-widget-divider--view-line elementor-widget elementor-widget-divider\" data-id=\"1d20da2e\" data-element_type=\"widget\" data-e-type=\"widget\" data-widget_type=\"divider.default\">\n\t\t\t\t<div class=\"elementor-widget-container\">\n\t\t\t\t\t\t\t<div class=\"elementor-divider\">\n\t\t\t<span class=\"elementor-divider-separator\">\n\t\t\t\t\t\t<\/span>\n\t\t<\/div>\n\t\t\t\t\t\t<\/div>\n\t\t\t\t<\/div>\n\t\t\t\t<div class=\"elementor-element elementor-element-4959900 elementor-widget elementor-widget-wp-widget-media_audio\" data-id=\"4959900\" data-element_type=\"widget\" data-e-type=\"widget\" data-widget_type=\"wp-widget-media_audio.default\">\n\t\t\t\t<div class=\"elementor-widget-container\">\n\t\t\t\t\t<audio class=\"wp-audio-shortcode\" id=\"audio-1014647-1\" preload=\"none\" style=\"width: 100%;\" controls=\"controls\"><source type=\"audio\/mpeg\" src=\"https:\/\/www.laorotava.es\/turismo\/wp-content\/uploads\/2025\/02\/01_pv_ravin_de_araujo.mp3?_=1\" \/><source type=\"audio\/mpeg\" src=\"https:\/\/www.laorotava.es\/turismo\/wp-content\/uploads\/2025\/02\/01_pv_ravin_de_araujo.mp3?_=1\" \/><a href=\"https:\/\/www.laorotava.es\/turismo\/wp-content\/uploads\/2025\/02\/01_pv_ravin_de_araujo.mp3\">https:\/\/www.laorotava.es\/turismo\/wp-content\/uploads\/2025\/02\/01_pv_ravin_de_araujo.mp3<\/a><\/audio>\t\t\t\t<\/div>\n\t\t\t\t<\/div>\n\t\t\t\t<div class=\"elementor-element elementor-element-545040b1 elementor-widget elementor-widget-text-editor\" data-id=\"545040b1\" data-element_type=\"widget\" data-e-type=\"widget\" data-widget_type=\"text-editor.default\">\n\t\t\t\t<div class=\"elementor-widget-container\">\n\t\t\t\t\t\t\t\t\t<p><span style=\"color: #444444;\"><img decoding=\"async\" class=\"alignleft\" src=\"https:\/\/www.laorotava.es\/sites\/default\/files\/styles\/large\/public\/rutas\/verde-01.png?itok=FjG2INzO\" \/><\/span><\/p><p>Nous nous trouvons dans le ravin de Araujo, le principal obstacle naturel qui divisait le centre historique jusque dans les ann\u00e9es 60.<\/p><p>Depuis la fondation de La Orotava, le ravin a \u00e9t\u00e9 l&#8217;une de ses principales sources de richesse. L&#8217;eau y coulait toute l&#8217;ann\u00e9e et servait \u00e0 l&#8217;irrigation de la zone. Avec les canalisations d&#8217;aujourd&#8217;hui, il est difficile d&#8217;imaginer la quantit\u00e9 d&#8217;eau qui s&#8217;y \u00e9coulait, mais lors de certaines inondations, elle repr\u00e9sentait un grand danger. C&#8217;est lors de l&#8217;une de ces inondations que s&#8217;est produite l&#8217;une des trag\u00e9dies les plus m\u00e9morables. \u00c0 la fin du XIXe si\u00e8cle, dans une maison situ\u00e9e pr\u00e8s du ravin, vivait une servante cubaine tr\u00e8s appr\u00e9ci\u00e9e dans le village pour ses chants. Ses m\u00e9lodies cubaines \u00e9taient une v\u00e9ritable nouveaut\u00e9 \u00e0 La Orotava \u00e0 cette \u00e9poque. Un beau jour, alors qu&#8217;elle lavait du linge, un torrent d&#8217;eau l&#8217;emporta dans le ravin, mettant fin \u00e0 ses jours.<\/p><p>Aujourd&#8217;hui, le risque d&#8217;inondation a \u00e9t\u00e9 minimis\u00e9 en canalisant et en dirigeant l&#8217;eau et ce n&#8217;est qu&#8217;en cas de fortes pluies qu&#8217;elle coule abondamment dans le lit du ravin.<\/p><p>Continuez \u00e0 descendre dans le ravin jusqu&#8217;\u00e0 ce que vous arriviez \u00e0 l&#8217;une des plus charmantes ruelles de La Orotava sur la gauche : la Calle Ascanio. Traversez cette ruelle jusqu&#8217;\u00e0 la rue Tom\u00e1s Zerolo, l&#8217;une des principales art\u00e8res de La Ville, \u00e9galement connue sous le nom de Calle del Agua. C&#8217;est ici que l&#8217;on d\u00e9couvre les demeures seigneuriales qui abondent dans cette rue. Descendons un peu plus bas, jusqu&#8217;\u00e0 la maison Prieto Mendoza, au num\u00e9ro 22.<\/p>\t\t\t\t\t\t\t\t<\/div>\n\t\t\t\t<\/div>\n\t\t\t\t<div class=\"elementor-element elementor-element-15755d39 elementor-widget elementor-widget-google_maps\" data-id=\"15755d39\" data-element_type=\"widget\" data-e-type=\"widget\" data-widget_type=\"google_maps.default\">\n\t\t\t\t<div class=\"elementor-widget-container\">\n\t\t\t\t\t\t\t<div class=\"elementor-custom-embed\">\n\t\t\t<iframe loading=\"lazy\"\n\t\t\t\t\tsrc=\"https:\/\/maps.google.com\/maps?q=araujo%20la%20orotava&#038;t=m&#038;z=16&#038;output=embed&#038;iwloc=near\"\n\t\t\t\t\ttitle=\"araujo la orotava\"\n\t\t\t\t\taria-label=\"araujo la orotava\"\n\t\t\t><\/iframe>\n\t\t<\/div>\n\t\t\t\t\t\t<\/div>\n\t\t\t\t<\/div>\n\t\t\t\t\t<\/div>\n\t\t<\/div>\n\t\t\t\t\t<\/div>\n\t\t<\/section>\n\t\t\t\t<\/div>\n\t\t","protected":false},"excerpt":{"rendered":"<p>1. Ravin de Araujo Nous nous trouvons dans le ravin de Araujo, le principal obstacle naturel qui divisait le centre historique jusque dans les ann\u00e9es 60. Depuis la fondation de La Orotava, le ravin a \u00e9t\u00e9 l&#8217;une de ses principales sources de richesse. L&#8217;eau y coulait toute l&#8217;ann\u00e9e et servait \u00e0 l&#8217;irrigation de la zone. Avec les canalisations d&#8217;aujourd&#8217;hui, il est difficile d&#8217;imaginer la quantit\u00e9 d&#8217;eau qui s&#8217;y \u00e9coulait, mais lors de certaines inondations, elle repr\u00e9sentait un grand danger. C&#8217;est lors de l&#8217;une de ces inondations que s&#8217;est produite l&#8217;une des trag\u00e9dies les plus m\u00e9morables. \u00c0 la fin du XIXe si\u00e8cle, dans une maison situ\u00e9e pr\u00e8s du ravin, vivait une servante cubaine tr\u00e8s appr\u00e9ci\u00e9e dans le village pour ses chants. Ses m\u00e9lodies cubaines \u00e9taient une v\u00e9ritable nouveaut\u00e9 \u00e0 La Orotava \u00e0 cette \u00e9poque. Un beau jour, alors qu&#8217;elle lavait du linge, un torrent d&#8217;eau l&#8217;emporta dans le ravin, mettant fin \u00e0 ses jours. Aujourd&#8217;hui, le risque d&#8217;inondation a \u00e9t\u00e9 minimis\u00e9 en canalisant et en dirigeant l&#8217;eau et ce n&#8217;est qu&#8217;en cas de fortes pluies qu&#8217;elle coule abondamment dans le lit du ravin. Continuez \u00e0 descendre dans le ravin jusqu&#8217;\u00e0 ce que vous arriviez \u00e0 l&#8217;une des plus charmantes ruelles de La Orotava sur la gauche : la Calle Ascanio. Traversez cette ruelle jusqu&#8217;\u00e0 la rue Tom\u00e1s Zerolo, l&#8217;une des principales art\u00e8res de La Ville, \u00e9galement connue sous le nom de Calle del Agua. C&#8217;est ici que l&#8217;on d\u00e9couvre les demeures seigneuriales qui abondent dans cette rue. Descendons un peu plus bas, jusqu&#8217;\u00e0 la maison Prieto Mendoza, au num\u00e9ro 22.<\/p>\n","protected":false},"author":3,"featured_media":0,"parent":0,"menu_order":0,"comment_status":"closed","ping_status":"closed","template":"","meta":{"_acf_changed":false,"ocean_post_layout":"","ocean_both_sidebars_style":"","ocean_both_sidebars_content_width":0,"ocean_both_sidebars_sidebars_width":0,"ocean_sidebar":"0","ocean_second_sidebar":"0","ocean_disable_margins":"enable","ocean_add_body_class":"","ocean_shortcode_before_top_bar":"","ocean_shortcode_after_top_bar":"","ocean_shortcode_before_header":"","ocean_shortcode_after_header":"","ocean_has_shortcode":"","ocean_shortcode_after_title":"","ocean_shortcode_before_footer_widgets":"","ocean_shortcode_after_footer_widgets":"","ocean_shortcode_before_footer_bottom":"","ocean_shortcode_after_footer_bottom":"","ocean_display_top_bar":"default","ocean_display_header":"default","ocean_header_style":"","ocean_center_header_left_menu":"0","ocean_custom_header_template":"0","ocean_custom_logo":0,"ocean_custom_retina_logo":0,"ocean_custom_logo_max_width":0,"ocean_custom_logo_tablet_max_width":0,"ocean_custom_logo_mobile_max_width":0,"ocean_custom_logo_max_height":0,"ocean_custom_logo_tablet_max_height":0,"ocean_custom_logo_mobile_max_height":0,"ocean_header_custom_menu":"0","ocean_menu_typo_font_family":"0","ocean_menu_typo_font_subset":"","ocean_menu_typo_font_size":0,"ocean_menu_typo_font_size_tablet":0,"ocean_menu_typo_font_size_mobile":0,"ocean_menu_typo_font_size_unit":"px","ocean_menu_typo_font_weight":"","ocean_menu_typo_font_weight_tablet":"","ocean_menu_typo_font_weight_mobile":"","ocean_menu_typo_transform":"","ocean_menu_typo_transform_tablet":"","ocean_menu_typo_transform_mobile":"","ocean_menu_typo_line_height":0,"ocean_menu_typo_line_height_tablet":0,"ocean_menu_typo_line_height_mobile":0,"ocean_menu_typo_line_height_unit":"","ocean_menu_typo_spacing":0,"ocean_menu_typo_spacing_tablet":0,"ocean_menu_typo_spacing_mobile":0,"ocean_menu_typo_spacing_unit":"","ocean_menu_link_color":"","ocean_menu_link_color_hover":"","ocean_menu_link_color_active":"","ocean_menu_link_background":"","ocean_menu_link_hover_background":"","ocean_menu_link_active_background":"","ocean_menu_social_links_bg":"","ocean_menu_social_hover_links_bg":"","ocean_menu_social_links_color":"","ocean_menu_social_hover_links_color":"","ocean_disable_title":"default","ocean_disable_heading":"on","ocean_post_title":"","ocean_post_subheading":"","ocean_post_title_style":"","ocean_post_title_background_color":"","ocean_post_title_background":0,"ocean_post_title_bg_image_position":"","ocean_post_title_bg_image_attachment":"","ocean_post_title_bg_image_repeat":"","ocean_post_title_bg_image_size":"","ocean_post_title_height":0,"ocean_post_title_bg_overlay":0.5,"ocean_post_title_bg_overlay_color":"","ocean_disable_breadcrumbs":"default","ocean_breadcrumbs_color":"","ocean_breadcrumbs_separator_color":"","ocean_breadcrumbs_links_color":"","ocean_breadcrumbs_links_hover_color":"","ocean_display_footer_widgets":"default","ocean_display_footer_bottom":"default","ocean_custom_footer_template":"0","footnotes":""},"class_list":["post-1014647","page","type-page","status-publish","hentry","entry"],"acf":[],"yoast_head":"<!-- This site is optimized with the Yoast SEO plugin v27.2 - https:\/\/yoast.com\/product\/yoast-seo-wordpress\/ -->\n<title>1. Ravin de Araujo - Web de Turismo del Ayuntamiento de La Orotava<\/title>\n<meta name=\"robots\" content=\"index, follow, max-snippet:-1, max-image-preview:large, max-video-preview:-1\" \/>\n<link rel=\"canonical\" href=\"https:\/\/www.laorotava.es\/turismo\/fr\/1-ravin-daraujo\/\" \/>\n<meta property=\"og:locale\" content=\"es_ES\" \/>\n<meta property=\"og:type\" content=\"article\" \/>\n<meta property=\"og:title\" content=\"1. Ravin de Araujo - Web de Turismo del Ayuntamiento de La Orotava\" \/>\n<meta property=\"og:description\" content=\"1. Ravin de Araujo Nous nous trouvons dans le ravin de Araujo, le principal obstacle naturel qui divisait le centre historique jusque dans les ann\u00e9es 60. Depuis la fondation de La Orotava, le ravin a \u00e9t\u00e9 l&#8217;une de ses principales sources de richesse. L&#8217;eau y coulait toute l&#8217;ann\u00e9e et servait \u00e0 l&#8217;irrigation de la zone. Avec les canalisations d&#8217;aujourd&#8217;hui, il est difficile d&#8217;imaginer la quantit\u00e9 d&#8217;eau qui s&#8217;y \u00e9coulait, mais lors de certaines inondations, elle repr\u00e9sentait un grand danger. C&#8217;est lors de l&#8217;une de ces inondations que s&#8217;est produite l&#8217;une des trag\u00e9dies les plus m\u00e9morables. \u00c0 la fin du XIXe si\u00e8cle, dans une maison situ\u00e9e pr\u00e8s du ravin, vivait une servante cubaine tr\u00e8s appr\u00e9ci\u00e9e dans le village pour ses chants. Ses m\u00e9lodies cubaines \u00e9taient une v\u00e9ritable nouveaut\u00e9 \u00e0 La Orotava \u00e0 cette \u00e9poque. Un beau jour, alors qu&#8217;elle lavait du linge, un torrent d&#8217;eau l&#8217;emporta dans le ravin, mettant fin \u00e0 ses jours. Aujourd&#8217;hui, le risque d&#8217;inondation a \u00e9t\u00e9 minimis\u00e9 en canalisant et en dirigeant l&#8217;eau et ce n&#8217;est qu&#8217;en cas de fortes pluies qu&#8217;elle coule abondamment dans le lit du ravin. Continuez \u00e0 descendre dans le ravin jusqu&#8217;\u00e0 ce que vous arriviez \u00e0 l&#8217;une des plus charmantes ruelles de La Orotava sur la gauche : la Calle Ascanio. Traversez cette ruelle jusqu&#8217;\u00e0 la rue Tom\u00e1s Zerolo, l&#8217;une des principales art\u00e8res de La Ville, \u00e9galement connue sous le nom de Calle del Agua. C&#8217;est ici que l&#8217;on d\u00e9couvre les demeures seigneuriales qui abondent dans cette rue. Descendons un peu plus bas, jusqu&#8217;\u00e0 la maison Prieto Mendoza, au num\u00e9ro 22.\" \/>\n<meta property=\"og:url\" content=\"https:\/\/www.laorotava.es\/turismo\/fr\/1-ravin-daraujo\/\" \/>\n<meta property=\"og:site_name\" content=\"Web de Turismo del Ayuntamiento de La Orotava\" \/>\n<meta property=\"article:publisher\" content=\"https:\/\/www.facebook.com\/TurismoLaOrotava\/\" \/>\n<meta property=\"article:modified_time\" content=\"2025-02-20T14:03:47+00:00\" \/>\n<meta property=\"og:image\" content=\"https:\/\/www.laorotava.es\/sites\/default\/files\/styles\/large\/public\/rutas\/verde-01.png?itok=FjG2INzO\" \/>\n<meta name=\"twitter:card\" content=\"summary_large_image\" \/>\n<meta name=\"twitter:site\" content=\"@LaOrotava\" \/>\n<meta name=\"twitter:label1\" content=\"Tiempo de lectura\" \/>\n\t<meta name=\"twitter:data1\" content=\"2 minutos\" \/>\n<script type=\"application\/ld+json\" class=\"yoast-schema-graph\">{\"@context\":\"https:\/\/schema.org\",\"@graph\":[{\"@type\":\"WebPage\",\"@id\":\"https:\/\/www.laorotava.es\/turismo\/fr\/1-ravin-daraujo\/\",\"url\":\"https:\/\/www.laorotava.es\/turismo\/fr\/1-ravin-daraujo\/\",\"name\":\"1. Ravin de Araujo - Web de Turismo del Ayuntamiento de La Orotava\",\"isPartOf\":{\"@id\":\"https:\/\/www.laorotava.es\/turismo\/#website\"},\"primaryImageOfPage\":{\"@id\":\"https:\/\/www.laorotava.es\/turismo\/fr\/1-ravin-daraujo\/#primaryimage\"},\"image\":{\"@id\":\"https:\/\/www.laorotava.es\/turismo\/fr\/1-ravin-daraujo\/#primaryimage\"},\"thumbnailUrl\":\"https:\/\/www.laorotava.es\/sites\/default\/files\/styles\/large\/public\/rutas\/verde-01.png?itok=FjG2INzO\",\"datePublished\":\"2022-10-13T11:29:07+00:00\",\"dateModified\":\"2025-02-20T14:03:47+00:00\",\"breadcrumb\":{\"@id\":\"https:\/\/www.laorotava.es\/turismo\/fr\/1-ravin-daraujo\/#breadcrumb\"},\"inLanguage\":\"es\",\"potentialAction\":[{\"@type\":\"ReadAction\",\"target\":[\"https:\/\/www.laorotava.es\/turismo\/fr\/1-ravin-daraujo\/\"]}]},{\"@type\":\"ImageObject\",\"inLanguage\":\"es\",\"@id\":\"https:\/\/www.laorotava.es\/turismo\/fr\/1-ravin-daraujo\/#primaryimage\",\"url\":\"https:\/\/www.laorotava.es\/sites\/default\/files\/styles\/large\/public\/rutas\/verde-01.png?itok=FjG2INzO\",\"contentUrl\":\"https:\/\/www.laorotava.es\/sites\/default\/files\/styles\/large\/public\/rutas\/verde-01.png?itok=FjG2INzO\"},{\"@type\":\"BreadcrumbList\",\"@id\":\"https:\/\/www.laorotava.es\/turismo\/fr\/1-ravin-daraujo\/#breadcrumb\",\"itemListElement\":[{\"@type\":\"ListItem\",\"position\":1,\"name\":\"Portada\",\"item\":\"https:\/\/www.laorotava.es\/turismo\/\"},{\"@type\":\"ListItem\",\"position\":2,\"name\":\"1. Ravin de Araujo\"}]},{\"@type\":\"WebSite\",\"@id\":\"https:\/\/www.laorotava.es\/turismo\/#website\",\"url\":\"https:\/\/www.laorotava.es\/turismo\/\",\"name\":\"Web de Turismo del Ayuntamiento de La Orotava\",\"description\":\"\",\"publisher\":{\"@id\":\"https:\/\/www.laorotava.es\/turismo\/#organization\"},\"potentialAction\":[{\"@type\":\"SearchAction\",\"target\":{\"@type\":\"EntryPoint\",\"urlTemplate\":\"https:\/\/www.laorotava.es\/turismo\/?s={search_term_string}\"},\"query-input\":{\"@type\":\"PropertyValueSpecification\",\"valueRequired\":true,\"valueName\":\"search_term_string\"}}],\"inLanguage\":\"es\"},{\"@type\":\"Organization\",\"@id\":\"https:\/\/www.laorotava.es\/turismo\/#organization\",\"name\":\"Ayuntamiento de La Orotava\",\"url\":\"https:\/\/www.laorotava.es\/turismo\/\",\"logo\":{\"@type\":\"ImageObject\",\"inLanguage\":\"es\",\"@id\":\"https:\/\/www.laorotava.es\/turismo\/#\/schema\/logo\/image\/\",\"url\":\"https:\/\/www.laorotava.es\/turismo\/wp-content\/uploads\/2022\/08\/logo.png\",\"contentUrl\":\"https:\/\/www.laorotava.es\/turismo\/wp-content\/uploads\/2022\/08\/logo.png\",\"width\":1195,\"height\":180,\"caption\":\"Ayuntamiento de La Orotava\"},\"image\":{\"@id\":\"https:\/\/www.laorotava.es\/turismo\/#\/schema\/logo\/image\/\"},\"sameAs\":[\"https:\/\/www.facebook.com\/TurismoLaOrotava\/\",\"https:\/\/x.com\/LaOrotava\"]}]}<\/script>\n<!-- \/ Yoast SEO plugin. -->","yoast_head_json":{"title":"1. Ravin de Araujo - Web de Turismo del Ayuntamiento de La Orotava","robots":{"index":"index","follow":"follow","max-snippet":"max-snippet:-1","max-image-preview":"max-image-preview:large","max-video-preview":"max-video-preview:-1"},"canonical":"https:\/\/www.laorotava.es\/turismo\/fr\/1-ravin-daraujo\/","og_locale":"es_ES","og_type":"article","og_title":"1. Ravin de Araujo - Web de Turismo del Ayuntamiento de La Orotava","og_description":"1. Ravin de Araujo Nous nous trouvons dans le ravin de Araujo, le principal obstacle naturel qui divisait le centre historique jusque dans les ann\u00e9es 60. Depuis la fondation de La Orotava, le ravin a \u00e9t\u00e9 l&#8217;une de ses principales sources de richesse. L&#8217;eau y coulait toute l&#8217;ann\u00e9e et servait \u00e0 l&#8217;irrigation de la zone. Avec les canalisations d&#8217;aujourd&#8217;hui, il est difficile d&#8217;imaginer la quantit\u00e9 d&#8217;eau qui s&#8217;y \u00e9coulait, mais lors de certaines inondations, elle repr\u00e9sentait un grand danger. C&#8217;est lors de l&#8217;une de ces inondations que s&#8217;est produite l&#8217;une des trag\u00e9dies les plus m\u00e9morables. \u00c0 la fin du XIXe si\u00e8cle, dans une maison situ\u00e9e pr\u00e8s du ravin, vivait une servante cubaine tr\u00e8s appr\u00e9ci\u00e9e dans le village pour ses chants. Ses m\u00e9lodies cubaines \u00e9taient une v\u00e9ritable nouveaut\u00e9 \u00e0 La Orotava \u00e0 cette \u00e9poque. Un beau jour, alors qu&#8217;elle lavait du linge, un torrent d&#8217;eau l&#8217;emporta dans le ravin, mettant fin \u00e0 ses jours. Aujourd&#8217;hui, le risque d&#8217;inondation a \u00e9t\u00e9 minimis\u00e9 en canalisant et en dirigeant l&#8217;eau et ce n&#8217;est qu&#8217;en cas de fortes pluies qu&#8217;elle coule abondamment dans le lit du ravin. Continuez \u00e0 descendre dans le ravin jusqu&#8217;\u00e0 ce que vous arriviez \u00e0 l&#8217;une des plus charmantes ruelles de La Orotava sur la gauche : la Calle Ascanio. Traversez cette ruelle jusqu&#8217;\u00e0 la rue Tom\u00e1s Zerolo, l&#8217;une des principales art\u00e8res de La Ville, \u00e9galement connue sous le nom de Calle del Agua. C&#8217;est ici que l&#8217;on d\u00e9couvre les demeures seigneuriales qui abondent dans cette rue. Descendons un peu plus bas, jusqu&#8217;\u00e0 la maison Prieto Mendoza, au num\u00e9ro 22.","og_url":"https:\/\/www.laorotava.es\/turismo\/fr\/1-ravin-daraujo\/","og_site_name":"Web de Turismo del Ayuntamiento de La Orotava","article_publisher":"https:\/\/www.facebook.com\/TurismoLaOrotava\/","article_modified_time":"2025-02-20T14:03:47+00:00","og_image":[{"url":"https:\/\/www.laorotava.es\/sites\/default\/files\/styles\/large\/public\/rutas\/verde-01.png?itok=FjG2INzO","type":"","width":"","height":""}],"twitter_card":"summary_large_image","twitter_site":"@LaOrotava","twitter_misc":{"Tiempo de lectura":"2 minutos"},"schema":{"@context":"https:\/\/schema.org","@graph":[{"@type":"WebPage","@id":"https:\/\/www.laorotava.es\/turismo\/fr\/1-ravin-daraujo\/","url":"https:\/\/www.laorotava.es\/turismo\/fr\/1-ravin-daraujo\/","name":"1. Ravin de Araujo - Web de Turismo del Ayuntamiento de La Orotava","isPartOf":{"@id":"https:\/\/www.laorotava.es\/turismo\/#website"},"primaryImageOfPage":{"@id":"https:\/\/www.laorotava.es\/turismo\/fr\/1-ravin-daraujo\/#primaryimage"},"image":{"@id":"https:\/\/www.laorotava.es\/turismo\/fr\/1-ravin-daraujo\/#primaryimage"},"thumbnailUrl":"https:\/\/www.laorotava.es\/sites\/default\/files\/styles\/large\/public\/rutas\/verde-01.png?itok=FjG2INzO","datePublished":"2022-10-13T11:29:07+00:00","dateModified":"2025-02-20T14:03:47+00:00","breadcrumb":{"@id":"https:\/\/www.laorotava.es\/turismo\/fr\/1-ravin-daraujo\/#breadcrumb"},"inLanguage":"es","potentialAction":[{"@type":"ReadAction","target":["https:\/\/www.laorotava.es\/turismo\/fr\/1-ravin-daraujo\/"]}]},{"@type":"ImageObject","inLanguage":"es","@id":"https:\/\/www.laorotava.es\/turismo\/fr\/1-ravin-daraujo\/#primaryimage","url":"https:\/\/www.laorotava.es\/sites\/default\/files\/styles\/large\/public\/rutas\/verde-01.png?itok=FjG2INzO","contentUrl":"https:\/\/www.laorotava.es\/sites\/default\/files\/styles\/large\/public\/rutas\/verde-01.png?itok=FjG2INzO"},{"@type":"BreadcrumbList","@id":"https:\/\/www.laorotava.es\/turismo\/fr\/1-ravin-daraujo\/#breadcrumb","itemListElement":[{"@type":"ListItem","position":1,"name":"Portada","item":"https:\/\/www.laorotava.es\/turismo\/"},{"@type":"ListItem","position":2,"name":"1. Ravin de Araujo"}]},{"@type":"WebSite","@id":"https:\/\/www.laorotava.es\/turismo\/#website","url":"https:\/\/www.laorotava.es\/turismo\/","name":"Web de Turismo del Ayuntamiento de La Orotava","description":"","publisher":{"@id":"https:\/\/www.laorotava.es\/turismo\/#organization"},"potentialAction":[{"@type":"SearchAction","target":{"@type":"EntryPoint","urlTemplate":"https:\/\/www.laorotava.es\/turismo\/?s={search_term_string}"},"query-input":{"@type":"PropertyValueSpecification","valueRequired":true,"valueName":"search_term_string"}}],"inLanguage":"es"},{"@type":"Organization","@id":"https:\/\/www.laorotava.es\/turismo\/#organization","name":"Ayuntamiento de La Orotava","url":"https:\/\/www.laorotava.es\/turismo\/","logo":{"@type":"ImageObject","inLanguage":"es","@id":"https:\/\/www.laorotava.es\/turismo\/#\/schema\/logo\/image\/","url":"https:\/\/www.laorotava.es\/turismo\/wp-content\/uploads\/2022\/08\/logo.png","contentUrl":"https:\/\/www.laorotava.es\/turismo\/wp-content\/uploads\/2022\/08\/logo.png","width":1195,"height":180,"caption":"Ayuntamiento de La Orotava"},"image":{"@id":"https:\/\/www.laorotava.es\/turismo\/#\/schema\/logo\/image\/"},"sameAs":["https:\/\/www.facebook.com\/TurismoLaOrotava\/","https:\/\/x.com\/LaOrotava"]}]}},"_links":{"self":[{"href":"https:\/\/www.laorotava.es\/turismo\/wp-json\/wp\/v2\/pages\/1014647","targetHints":{"allow":["GET"]}}],"collection":[{"href":"https:\/\/www.laorotava.es\/turismo\/wp-json\/wp\/v2\/pages"}],"about":[{"href":"https:\/\/www.laorotava.es\/turismo\/wp-json\/wp\/v2\/types\/page"}],"author":[{"embeddable":true,"href":"https:\/\/www.laorotava.es\/turismo\/wp-json\/wp\/v2\/users\/3"}],"replies":[{"embeddable":true,"href":"https:\/\/www.laorotava.es\/turismo\/wp-json\/wp\/v2\/comments?post=1014647"}],"version-history":[{"count":13,"href":"https:\/\/www.laorotava.es\/turismo\/wp-json\/wp\/v2\/pages\/1014647\/revisions"}],"predecessor-version":[{"id":1021027,"href":"https:\/\/www.laorotava.es\/turismo\/wp-json\/wp\/v2\/pages\/1014647\/revisions\/1021027"}],"wp:attachment":[{"href":"https:\/\/www.laorotava.es\/turismo\/wp-json\/wp\/v2\/media?parent=1014647"}],"curies":[{"name":"wp","href":"https:\/\/api.w.org\/{rel}","templated":true}]}}