{"id":1014771,"date":"2022-10-13T12:05:21","date_gmt":"2022-10-13T12:05:21","guid":{"rendered":"https:\/\/www.laorotava.es\/turismo\/?page_id=1014771"},"modified":"2025-02-20T13:50:13","modified_gmt":"2025-02-20T13:50:13","slug":"11-lanexe-du-jardin-botanique","status":"publish","type":"page","link":"https:\/\/www.laorotava.es\/turismo\/fr\/11-lanexe-du-jardin-botanique\/","title":{"rendered":"11. Annexe du Jardin Botanique"},"content":{"rendered":"\t\t<div data-elementor-type=\"wp-page\" data-elementor-id=\"1014771\" class=\"elementor elementor-1014771\">\n\t\t\t\t\t\t<section class=\"elementor-section elementor-top-section elementor-element elementor-element-2f92d3c elementor-section-stretched elementor-section-boxed elementor-section-height-default elementor-section-height-default wpr-particle-no wpr-jarallax-no wpr-parallax-no wpr-sticky-section-no\" data-id=\"2f92d3c\" data-element_type=\"section\" data-e-type=\"section\" data-settings=\"{&quot;stretch_section&quot;:&quot;section-stretched&quot;}\">\n\t\t\t\t\t\t<div class=\"elementor-container elementor-column-gap-default\">\n\t\t\t\t\t<div class=\"elementor-column elementor-col-100 elementor-top-column elementor-element elementor-element-393d330c\" data-id=\"393d330c\" data-element_type=\"column\" data-e-type=\"column\">\n\t\t\t<div class=\"elementor-widget-wrap elementor-element-populated\">\n\t\t\t\t\t\t<div class=\"elementor-element elementor-element-c2be8e5 elementor-widget elementor-widget-heading\" data-id=\"c2be8e5\" data-element_type=\"widget\" data-e-type=\"widget\" data-widget_type=\"heading.default\">\n\t\t\t\t<div class=\"elementor-widget-container\">\n\t\t\t\t\t<h2 class=\"elementor-heading-title elementor-size-small\"><div>11. Annexe du Jardin Botanique<br><\/div><\/h2>\t\t\t\t<\/div>\n\t\t\t\t<\/div>\n\t\t\t\t<div class=\"elementor-element elementor-element-2b758cd0 elementor-widget-divider--view-line elementor-widget elementor-widget-divider\" data-id=\"2b758cd0\" data-element_type=\"widget\" data-e-type=\"widget\" data-widget_type=\"divider.default\">\n\t\t\t\t<div class=\"elementor-widget-container\">\n\t\t\t\t\t\t\t<div class=\"elementor-divider\">\n\t\t\t<span class=\"elementor-divider-separator\">\n\t\t\t\t\t\t<\/span>\n\t\t<\/div>\n\t\t\t\t\t\t<\/div>\n\t\t\t\t<\/div>\n\t\t\t\t<div class=\"elementor-element elementor-element-7d1f361 elementor-widget elementor-widget-wp-widget-media_audio\" data-id=\"7d1f361\" data-element_type=\"widget\" data-e-type=\"widget\" data-widget_type=\"wp-widget-media_audio.default\">\n\t\t\t\t<div class=\"elementor-widget-container\">\n\t\t\t\t\t<audio class=\"wp-audio-shortcode\" id=\"audio-1014771-1\" preload=\"none\" style=\"width: 100%;\" controls=\"controls\"><source type=\"audio\/mpeg\" src=\"https:\/\/www.laorotava.es\/turismo\/wp-content\/uploads\/2025\/02\/11_annexe_du_jardin_botanique.mp3?_=1\" \/><source type=\"audio\/mpeg\" src=\"https:\/\/www.laorotava.es\/turismo\/wp-content\/uploads\/2025\/02\/11_annexe_du_jardin_botanique.mp3?_=1\" \/><a href=\"https:\/\/www.laorotava.es\/turismo\/wp-content\/uploads\/2025\/02\/11_annexe_du_jardin_botanique.mp3\">https:\/\/www.laorotava.es\/turismo\/wp-content\/uploads\/2025\/02\/11_annexe_du_jardin_botanique.mp3<\/a><\/audio>\t\t\t\t<\/div>\n\t\t\t\t<\/div>\n\t\t\t\t<div class=\"elementor-element elementor-element-7a978183 elementor-widget elementor-widget-text-editor\" data-id=\"7a978183\" data-element_type=\"widget\" data-e-type=\"widget\" data-widget_type=\"text-editor.default\">\n\t\t\t\t<div class=\"elementor-widget-container\">\n\t\t\t\t\t\t\t\t\t<p><span style=\"color: #444444;\"><img decoding=\"async\" class=\"alignleft\" src=\"https:\/\/www.laorotava.es\/sites\/default\/files\/styles\/large\/public\/rutas\/verde-11.png?itok=2CU4qzKh\" \/><\/span><\/p><p>Cet espace a \u00e9t\u00e9 con\u00e7u sur l\u2019ancien potager du couvent des Clarisses. L&#8217;Annexe a \u00e9t\u00e9 con\u00e7ue, dans le dernier tiers du XIXe si\u00e8cle, comme p\u00e9pini\u00e8re du Jardin Botanique qui se trouve \u00e0 Puerto de la Cruz, bien que finalement la plupart des esp\u00e8ces qui ont \u00e9t\u00e9 plant\u00e9es soient rest\u00e9es ici. L&#8217;Annexe du Jardin est un havre de tranquillit\u00e9, insolite dans l\u2019ensemble historique de La Orotava. Par ses conditions particuli\u00e8res, si favorables \u00e0 l\u2019acclimatation, il abrite un condens\u00e9 unique d\u2019esp\u00e8ces v\u00e9g\u00e9tales, la plupart d\u2019entre elles d\u2019origine tropicale, tant africaines qu\u2019am\u00e9ricaines, et certaines vraiment \u00e9tranges pour ces latitudes comme le figuier de l\u2019Himalaya. Vous y trouverez \u00e9galement l\u2019un des dragonniers les plus imposants de La Orotava actuellement.<\/p><p>L&#8217;Annexe du Jardin est l\u2019habitat de nombreux oiseaux et une courte promenade ouvrira vos sens \u00e0 la diversit\u00e9 des chants et aux multiples parfums des plantes et des fleurs. Prenez un moment pour en profiter et dirigez-vous ensuite vers l\u2019int\u00e9rieur de l\u2019h\u00f4tel de ville pour d\u00e9couvrir ses collections d\u2019art.<\/p><p>Descendez la rue jusqu\u2019\u00e0 la place de l\u2019h\u00f4tel de ville et entrez par l\u2019entr\u00e9e principale.<\/p>\t\t\t\t\t\t\t\t<\/div>\n\t\t\t\t<\/div>\n\t\t\t\t<div class=\"elementor-element elementor-element-171d04d elementor-widget elementor-widget-google_maps\" data-id=\"171d04d\" data-element_type=\"widget\" data-e-type=\"widget\" data-widget_type=\"google_maps.default\">\n\t\t\t\t<div class=\"elementor-widget-container\">\n\t\t\t\t\t\t\t<div class=\"elementor-custom-embed\">\n\t\t\t<iframe loading=\"lazy\"\n\t\t\t\t\tsrc=\"https:\/\/maps.google.com\/maps?q=hijuela%20del%20botanico%20la%20orotava&#038;t=m&#038;z=16&#038;output=embed&#038;iwloc=near\"\n\t\t\t\t\ttitle=\"hijuela del botanico la orotava\"\n\t\t\t\t\taria-label=\"hijuela del botanico la orotava\"\n\t\t\t><\/iframe>\n\t\t<\/div>\n\t\t\t\t\t\t<\/div>\n\t\t\t\t<\/div>\n\t\t\t\t\t<\/div>\n\t\t<\/div>\n\t\t\t\t\t<\/div>\n\t\t<\/section>\n\t\t\t\t<\/div>\n\t\t","protected":false},"excerpt":{"rendered":"<p>11. Annexe du Jardin Botanique Cet espace a \u00e9t\u00e9 con\u00e7u sur l\u2019ancien potager du couvent des Clarisses. L&#8217;Annexe a \u00e9t\u00e9 con\u00e7ue, dans le dernier tiers du XIXe si\u00e8cle, comme p\u00e9pini\u00e8re du Jardin Botanique qui se trouve \u00e0 Puerto de la Cruz, bien que finalement la plupart des esp\u00e8ces qui ont \u00e9t\u00e9 plant\u00e9es soient rest\u00e9es ici. L&#8217;Annexe du Jardin est un havre de tranquillit\u00e9, insolite dans l\u2019ensemble historique de La Orotava. Par ses conditions particuli\u00e8res, si favorables \u00e0 l\u2019acclimatation, il abrite un condens\u00e9 unique d\u2019esp\u00e8ces v\u00e9g\u00e9tales, la plupart d\u2019entre elles d\u2019origine tropicale, tant africaines qu\u2019am\u00e9ricaines, et certaines vraiment \u00e9tranges pour ces latitudes comme le figuier de l\u2019Himalaya. Vous y trouverez \u00e9galement l\u2019un des dragonniers les plus imposants de La Orotava actuellement. L&#8217;Annexe du Jardin est l\u2019habitat de nombreux oiseaux et une courte promenade ouvrira vos sens \u00e0 la diversit\u00e9 des chants et aux multiples parfums des plantes et des fleurs. Prenez un moment pour en profiter et dirigez-vous ensuite vers l\u2019int\u00e9rieur de l\u2019h\u00f4tel de ville pour d\u00e9couvrir ses collections d\u2019art. Descendez la rue jusqu\u2019\u00e0 la place de l\u2019h\u00f4tel de ville et entrez par l\u2019entr\u00e9e principale.<\/p>\n","protected":false},"author":3,"featured_media":0,"parent":0,"menu_order":0,"comment_status":"closed","ping_status":"closed","template":"","meta":{"_acf_changed":false,"ocean_post_layout":"","ocean_both_sidebars_style":"","ocean_both_sidebars_content_width":0,"ocean_both_sidebars_sidebars_width":0,"ocean_sidebar":"0","ocean_second_sidebar":"0","ocean_disable_margins":"enable","ocean_add_body_class":"","ocean_shortcode_before_top_bar":"","ocean_shortcode_after_top_bar":"","ocean_shortcode_before_header":"","ocean_shortcode_after_header":"","ocean_has_shortcode":"","ocean_shortcode_after_title":"","ocean_shortcode_before_footer_widgets":"","ocean_shortcode_after_footer_widgets":"","ocean_shortcode_before_footer_bottom":"","ocean_shortcode_after_footer_bottom":"","ocean_display_top_bar":"default","ocean_display_header":"default","ocean_header_style":"","ocean_center_header_left_menu":"0","ocean_custom_header_template":"0","ocean_custom_logo":0,"ocean_custom_retina_logo":0,"ocean_custom_logo_max_width":0,"ocean_custom_logo_tablet_max_width":0,"ocean_custom_logo_mobile_max_width":0,"ocean_custom_logo_max_height":0,"ocean_custom_logo_tablet_max_height":0,"ocean_custom_logo_mobile_max_height":0,"ocean_header_custom_menu":"0","ocean_menu_typo_font_family":"0","ocean_menu_typo_font_subset":"","ocean_menu_typo_font_size":0,"ocean_menu_typo_font_size_tablet":0,"ocean_menu_typo_font_size_mobile":0,"ocean_menu_typo_font_size_unit":"px","ocean_menu_typo_font_weight":"","ocean_menu_typo_font_weight_tablet":"","ocean_menu_typo_font_weight_mobile":"","ocean_menu_typo_transform":"","ocean_menu_typo_transform_tablet":"","ocean_menu_typo_transform_mobile":"","ocean_menu_typo_line_height":0,"ocean_menu_typo_line_height_tablet":0,"ocean_menu_typo_line_height_mobile":0,"ocean_menu_typo_line_height_unit":"","ocean_menu_typo_spacing":0,"ocean_menu_typo_spacing_tablet":0,"ocean_menu_typo_spacing_mobile":0,"ocean_menu_typo_spacing_unit":"","ocean_menu_link_color":"","ocean_menu_link_color_hover":"","ocean_menu_link_color_active":"","ocean_menu_link_background":"","ocean_menu_link_hover_background":"","ocean_menu_link_active_background":"","ocean_menu_social_links_bg":"","ocean_menu_social_hover_links_bg":"","ocean_menu_social_links_color":"","ocean_menu_social_hover_links_color":"","ocean_disable_title":"on","ocean_disable_heading":"default","ocean_post_title":"","ocean_post_subheading":"","ocean_post_title_style":"","ocean_post_title_background_color":"","ocean_post_title_background":0,"ocean_post_title_bg_image_position":"","ocean_post_title_bg_image_attachment":"","ocean_post_title_bg_image_repeat":"","ocean_post_title_bg_image_size":"","ocean_post_title_height":0,"ocean_post_title_bg_overlay":0.5,"ocean_post_title_bg_overlay_color":"","ocean_disable_breadcrumbs":"default","ocean_breadcrumbs_color":"","ocean_breadcrumbs_separator_color":"","ocean_breadcrumbs_links_color":"","ocean_breadcrumbs_links_hover_color":"","ocean_display_footer_widgets":"default","ocean_display_footer_bottom":"default","ocean_custom_footer_template":"0","footnotes":""},"class_list":["post-1014771","page","type-page","status-publish","hentry","entry"],"acf":[],"yoast_head":"<!-- This site is optimized with the Yoast SEO plugin v27.2 - https:\/\/yoast.com\/product\/yoast-seo-wordpress\/ -->\n<title>11. Annexe du Jardin Botanique - Web de Turismo del Ayuntamiento de La Orotava<\/title>\n<meta name=\"robots\" content=\"index, follow, max-snippet:-1, max-image-preview:large, max-video-preview:-1\" \/>\n<link rel=\"canonical\" href=\"https:\/\/www.laorotava.es\/turismo\/fr\/11-lanexe-du-jardin-botanique\/\" \/>\n<meta property=\"og:locale\" content=\"es_ES\" \/>\n<meta property=\"og:type\" content=\"article\" \/>\n<meta property=\"og:title\" content=\"11. Annexe du Jardin Botanique - Web de Turismo del Ayuntamiento de La Orotava\" \/>\n<meta property=\"og:description\" content=\"11. Annexe du Jardin Botanique Cet espace a \u00e9t\u00e9 con\u00e7u sur l\u2019ancien potager du couvent des Clarisses. L&#8217;Annexe a \u00e9t\u00e9 con\u00e7ue, dans le dernier tiers du XIXe si\u00e8cle, comme p\u00e9pini\u00e8re du Jardin Botanique qui se trouve \u00e0 Puerto de la Cruz, bien que finalement la plupart des esp\u00e8ces qui ont \u00e9t\u00e9 plant\u00e9es soient rest\u00e9es ici. L&#8217;Annexe du Jardin est un havre de tranquillit\u00e9, insolite dans l\u2019ensemble historique de La Orotava. Par ses conditions particuli\u00e8res, si favorables \u00e0 l\u2019acclimatation, il abrite un condens\u00e9 unique d\u2019esp\u00e8ces v\u00e9g\u00e9tales, la plupart d\u2019entre elles d\u2019origine tropicale, tant africaines qu\u2019am\u00e9ricaines, et certaines vraiment \u00e9tranges pour ces latitudes comme le figuier de l\u2019Himalaya. Vous y trouverez \u00e9galement l\u2019un des dragonniers les plus imposants de La Orotava actuellement. L&#8217;Annexe du Jardin est l\u2019habitat de nombreux oiseaux et une courte promenade ouvrira vos sens \u00e0 la diversit\u00e9 des chants et aux multiples parfums des plantes et des fleurs. Prenez un moment pour en profiter et dirigez-vous ensuite vers l\u2019int\u00e9rieur de l\u2019h\u00f4tel de ville pour d\u00e9couvrir ses collections d\u2019art. Descendez la rue jusqu\u2019\u00e0 la place de l\u2019h\u00f4tel de ville et entrez par l\u2019entr\u00e9e principale.\" \/>\n<meta property=\"og:url\" content=\"https:\/\/www.laorotava.es\/turismo\/fr\/11-lanexe-du-jardin-botanique\/\" \/>\n<meta property=\"og:site_name\" content=\"Web de Turismo del Ayuntamiento de La Orotava\" \/>\n<meta property=\"article:publisher\" content=\"https:\/\/www.facebook.com\/TurismoLaOrotava\/\" \/>\n<meta property=\"article:modified_time\" content=\"2025-02-20T13:50:13+00:00\" \/>\n<meta property=\"og:image\" content=\"https:\/\/www.laorotava.es\/sites\/default\/files\/styles\/large\/public\/rutas\/verde-11.png?itok=2CU4qzKh\" \/>\n<meta name=\"twitter:card\" content=\"summary_large_image\" \/>\n<meta name=\"twitter:site\" content=\"@LaOrotava\" \/>\n<meta name=\"twitter:label1\" content=\"Tiempo de lectura\" \/>\n\t<meta name=\"twitter:data1\" content=\"2 minutos\" \/>\n<script type=\"application\/ld+json\" class=\"yoast-schema-graph\">{\"@context\":\"https:\/\/schema.org\",\"@graph\":[{\"@type\":\"WebPage\",\"@id\":\"https:\/\/www.laorotava.es\/turismo\/fr\/11-lanexe-du-jardin-botanique\/\",\"url\":\"https:\/\/www.laorotava.es\/turismo\/fr\/11-lanexe-du-jardin-botanique\/\",\"name\":\"11. Annexe du Jardin Botanique - Web de Turismo del Ayuntamiento de La Orotava\",\"isPartOf\":{\"@id\":\"https:\/\/www.laorotava.es\/turismo\/#website\"},\"primaryImageOfPage\":{\"@id\":\"https:\/\/www.laorotava.es\/turismo\/fr\/11-lanexe-du-jardin-botanique\/#primaryimage\"},\"image\":{\"@id\":\"https:\/\/www.laorotava.es\/turismo\/fr\/11-lanexe-du-jardin-botanique\/#primaryimage\"},\"thumbnailUrl\":\"https:\/\/www.laorotava.es\/sites\/default\/files\/styles\/large\/public\/rutas\/verde-11.png?itok=2CU4qzKh\",\"datePublished\":\"2022-10-13T12:05:21+00:00\",\"dateModified\":\"2025-02-20T13:50:13+00:00\",\"breadcrumb\":{\"@id\":\"https:\/\/www.laorotava.es\/turismo\/fr\/11-lanexe-du-jardin-botanique\/#breadcrumb\"},\"inLanguage\":\"es\",\"potentialAction\":[{\"@type\":\"ReadAction\",\"target\":[\"https:\/\/www.laorotava.es\/turismo\/fr\/11-lanexe-du-jardin-botanique\/\"]}]},{\"@type\":\"ImageObject\",\"inLanguage\":\"es\",\"@id\":\"https:\/\/www.laorotava.es\/turismo\/fr\/11-lanexe-du-jardin-botanique\/#primaryimage\",\"url\":\"https:\/\/www.laorotava.es\/sites\/default\/files\/styles\/large\/public\/rutas\/verde-11.png?itok=2CU4qzKh\",\"contentUrl\":\"https:\/\/www.laorotava.es\/sites\/default\/files\/styles\/large\/public\/rutas\/verde-11.png?itok=2CU4qzKh\"},{\"@type\":\"BreadcrumbList\",\"@id\":\"https:\/\/www.laorotava.es\/turismo\/fr\/11-lanexe-du-jardin-botanique\/#breadcrumb\",\"itemListElement\":[{\"@type\":\"ListItem\",\"position\":1,\"name\":\"Portada\",\"item\":\"https:\/\/www.laorotava.es\/turismo\/\"},{\"@type\":\"ListItem\",\"position\":2,\"name\":\"11. Annexe du Jardin Botanique\"}]},{\"@type\":\"WebSite\",\"@id\":\"https:\/\/www.laorotava.es\/turismo\/#website\",\"url\":\"https:\/\/www.laorotava.es\/turismo\/\",\"name\":\"Web de Turismo del Ayuntamiento de La Orotava\",\"description\":\"\",\"publisher\":{\"@id\":\"https:\/\/www.laorotava.es\/turismo\/#organization\"},\"potentialAction\":[{\"@type\":\"SearchAction\",\"target\":{\"@type\":\"EntryPoint\",\"urlTemplate\":\"https:\/\/www.laorotava.es\/turismo\/?s={search_term_string}\"},\"query-input\":{\"@type\":\"PropertyValueSpecification\",\"valueRequired\":true,\"valueName\":\"search_term_string\"}}],\"inLanguage\":\"es\"},{\"@type\":\"Organization\",\"@id\":\"https:\/\/www.laorotava.es\/turismo\/#organization\",\"name\":\"Ayuntamiento de La Orotava\",\"url\":\"https:\/\/www.laorotava.es\/turismo\/\",\"logo\":{\"@type\":\"ImageObject\",\"inLanguage\":\"es\",\"@id\":\"https:\/\/www.laorotava.es\/turismo\/#\/schema\/logo\/image\/\",\"url\":\"https:\/\/www.laorotava.es\/turismo\/wp-content\/uploads\/2022\/08\/logo.png\",\"contentUrl\":\"https:\/\/www.laorotava.es\/turismo\/wp-content\/uploads\/2022\/08\/logo.png\",\"width\":1195,\"height\":180,\"caption\":\"Ayuntamiento de La Orotava\"},\"image\":{\"@id\":\"https:\/\/www.laorotava.es\/turismo\/#\/schema\/logo\/image\/\"},\"sameAs\":[\"https:\/\/www.facebook.com\/TurismoLaOrotava\/\",\"https:\/\/x.com\/LaOrotava\"]}]}<\/script>\n<!-- \/ Yoast SEO plugin. -->","yoast_head_json":{"title":"11. Annexe du Jardin Botanique - Web de Turismo del Ayuntamiento de La Orotava","robots":{"index":"index","follow":"follow","max-snippet":"max-snippet:-1","max-image-preview":"max-image-preview:large","max-video-preview":"max-video-preview:-1"},"canonical":"https:\/\/www.laorotava.es\/turismo\/fr\/11-lanexe-du-jardin-botanique\/","og_locale":"es_ES","og_type":"article","og_title":"11. Annexe du Jardin Botanique - Web de Turismo del Ayuntamiento de La Orotava","og_description":"11. Annexe du Jardin Botanique Cet espace a \u00e9t\u00e9 con\u00e7u sur l\u2019ancien potager du couvent des Clarisses. L&#8217;Annexe a \u00e9t\u00e9 con\u00e7ue, dans le dernier tiers du XIXe si\u00e8cle, comme p\u00e9pini\u00e8re du Jardin Botanique qui se trouve \u00e0 Puerto de la Cruz, bien que finalement la plupart des esp\u00e8ces qui ont \u00e9t\u00e9 plant\u00e9es soient rest\u00e9es ici. L&#8217;Annexe du Jardin est un havre de tranquillit\u00e9, insolite dans l\u2019ensemble historique de La Orotava. Par ses conditions particuli\u00e8res, si favorables \u00e0 l\u2019acclimatation, il abrite un condens\u00e9 unique d\u2019esp\u00e8ces v\u00e9g\u00e9tales, la plupart d\u2019entre elles d\u2019origine tropicale, tant africaines qu\u2019am\u00e9ricaines, et certaines vraiment \u00e9tranges pour ces latitudes comme le figuier de l\u2019Himalaya. Vous y trouverez \u00e9galement l\u2019un des dragonniers les plus imposants de La Orotava actuellement. L&#8217;Annexe du Jardin est l\u2019habitat de nombreux oiseaux et une courte promenade ouvrira vos sens \u00e0 la diversit\u00e9 des chants et aux multiples parfums des plantes et des fleurs. Prenez un moment pour en profiter et dirigez-vous ensuite vers l\u2019int\u00e9rieur de l\u2019h\u00f4tel de ville pour d\u00e9couvrir ses collections d\u2019art. Descendez la rue jusqu\u2019\u00e0 la place de l\u2019h\u00f4tel de ville et entrez par l\u2019entr\u00e9e principale.","og_url":"https:\/\/www.laorotava.es\/turismo\/fr\/11-lanexe-du-jardin-botanique\/","og_site_name":"Web de Turismo del Ayuntamiento de La Orotava","article_publisher":"https:\/\/www.facebook.com\/TurismoLaOrotava\/","article_modified_time":"2025-02-20T13:50:13+00:00","og_image":[{"url":"https:\/\/www.laorotava.es\/sites\/default\/files\/styles\/large\/public\/rutas\/verde-11.png?itok=2CU4qzKh","type":"","width":"","height":""}],"twitter_card":"summary_large_image","twitter_site":"@LaOrotava","twitter_misc":{"Tiempo de lectura":"2 minutos"},"schema":{"@context":"https:\/\/schema.org","@graph":[{"@type":"WebPage","@id":"https:\/\/www.laorotava.es\/turismo\/fr\/11-lanexe-du-jardin-botanique\/","url":"https:\/\/www.laorotava.es\/turismo\/fr\/11-lanexe-du-jardin-botanique\/","name":"11. Annexe du Jardin Botanique - Web de Turismo del Ayuntamiento de La Orotava","isPartOf":{"@id":"https:\/\/www.laorotava.es\/turismo\/#website"},"primaryImageOfPage":{"@id":"https:\/\/www.laorotava.es\/turismo\/fr\/11-lanexe-du-jardin-botanique\/#primaryimage"},"image":{"@id":"https:\/\/www.laorotava.es\/turismo\/fr\/11-lanexe-du-jardin-botanique\/#primaryimage"},"thumbnailUrl":"https:\/\/www.laorotava.es\/sites\/default\/files\/styles\/large\/public\/rutas\/verde-11.png?itok=2CU4qzKh","datePublished":"2022-10-13T12:05:21+00:00","dateModified":"2025-02-20T13:50:13+00:00","breadcrumb":{"@id":"https:\/\/www.laorotava.es\/turismo\/fr\/11-lanexe-du-jardin-botanique\/#breadcrumb"},"inLanguage":"es","potentialAction":[{"@type":"ReadAction","target":["https:\/\/www.laorotava.es\/turismo\/fr\/11-lanexe-du-jardin-botanique\/"]}]},{"@type":"ImageObject","inLanguage":"es","@id":"https:\/\/www.laorotava.es\/turismo\/fr\/11-lanexe-du-jardin-botanique\/#primaryimage","url":"https:\/\/www.laorotava.es\/sites\/default\/files\/styles\/large\/public\/rutas\/verde-11.png?itok=2CU4qzKh","contentUrl":"https:\/\/www.laorotava.es\/sites\/default\/files\/styles\/large\/public\/rutas\/verde-11.png?itok=2CU4qzKh"},{"@type":"BreadcrumbList","@id":"https:\/\/www.laorotava.es\/turismo\/fr\/11-lanexe-du-jardin-botanique\/#breadcrumb","itemListElement":[{"@type":"ListItem","position":1,"name":"Portada","item":"https:\/\/www.laorotava.es\/turismo\/"},{"@type":"ListItem","position":2,"name":"11. Annexe du Jardin Botanique"}]},{"@type":"WebSite","@id":"https:\/\/www.laorotava.es\/turismo\/#website","url":"https:\/\/www.laorotava.es\/turismo\/","name":"Web de Turismo del Ayuntamiento de La Orotava","description":"","publisher":{"@id":"https:\/\/www.laorotava.es\/turismo\/#organization"},"potentialAction":[{"@type":"SearchAction","target":{"@type":"EntryPoint","urlTemplate":"https:\/\/www.laorotava.es\/turismo\/?s={search_term_string}"},"query-input":{"@type":"PropertyValueSpecification","valueRequired":true,"valueName":"search_term_string"}}],"inLanguage":"es"},{"@type":"Organization","@id":"https:\/\/www.laorotava.es\/turismo\/#organization","name":"Ayuntamiento de La Orotava","url":"https:\/\/www.laorotava.es\/turismo\/","logo":{"@type":"ImageObject","inLanguage":"es","@id":"https:\/\/www.laorotava.es\/turismo\/#\/schema\/logo\/image\/","url":"https:\/\/www.laorotava.es\/turismo\/wp-content\/uploads\/2022\/08\/logo.png","contentUrl":"https:\/\/www.laorotava.es\/turismo\/wp-content\/uploads\/2022\/08\/logo.png","width":1195,"height":180,"caption":"Ayuntamiento de La Orotava"},"image":{"@id":"https:\/\/www.laorotava.es\/turismo\/#\/schema\/logo\/image\/"},"sameAs":["https:\/\/www.facebook.com\/TurismoLaOrotava\/","https:\/\/x.com\/LaOrotava"]}]}},"_links":{"self":[{"href":"https:\/\/www.laorotava.es\/turismo\/wp-json\/wp\/v2\/pages\/1014771","targetHints":{"allow":["GET"]}}],"collection":[{"href":"https:\/\/www.laorotava.es\/turismo\/wp-json\/wp\/v2\/pages"}],"about":[{"href":"https:\/\/www.laorotava.es\/turismo\/wp-json\/wp\/v2\/types\/page"}],"author":[{"embeddable":true,"href":"https:\/\/www.laorotava.es\/turismo\/wp-json\/wp\/v2\/users\/3"}],"replies":[{"embeddable":true,"href":"https:\/\/www.laorotava.es\/turismo\/wp-json\/wp\/v2\/comments?post=1014771"}],"version-history":[{"count":7,"href":"https:\/\/www.laorotava.es\/turismo\/wp-json\/wp\/v2\/pages\/1014771\/revisions"}],"predecessor-version":[{"id":1021012,"href":"https:\/\/www.laorotava.es\/turismo\/wp-json\/wp\/v2\/pages\/1014771\/revisions\/1021012"}],"wp:attachment":[{"href":"https:\/\/www.laorotava.es\/turismo\/wp-json\/wp\/v2\/media?parent=1014771"}],"curies":[{"name":"wp","href":"https:\/\/api.w.org\/{rel}","templated":true}]}}