{"id":1014797,"date":"2022-10-13T12:43:57","date_gmt":"2022-10-13T12:43:57","guid":{"rendered":"https:\/\/www.laorotava.es\/turismo\/?page_id=1014797"},"modified":"2025-02-20T13:53:42","modified_gmt":"2025-02-20T13:53:42","slug":"13-place-de-la-constitution","status":"publish","type":"page","link":"https:\/\/www.laorotava.es\/turismo\/fr\/13-place-de-la-constitution\/","title":{"rendered":"13. Place de la Constitution"},"content":{"rendered":"\t\t<div data-elementor-type=\"wp-page\" data-elementor-id=\"1014797\" class=\"elementor elementor-1014797\">\n\t\t\t\t\t\t<section class=\"elementor-section elementor-top-section elementor-element elementor-element-474c8de7 elementor-section-stretched elementor-section-boxed elementor-section-height-default elementor-section-height-default wpr-particle-no wpr-jarallax-no wpr-parallax-no wpr-sticky-section-no\" data-id=\"474c8de7\" data-element_type=\"section\" data-e-type=\"section\" data-settings=\"{&quot;stretch_section&quot;:&quot;section-stretched&quot;}\">\n\t\t\t\t\t\t<div class=\"elementor-container elementor-column-gap-default\">\n\t\t\t\t\t<div class=\"elementor-column elementor-col-100 elementor-top-column elementor-element elementor-element-4f57cfcb\" data-id=\"4f57cfcb\" data-element_type=\"column\" data-e-type=\"column\">\n\t\t\t<div class=\"elementor-widget-wrap elementor-element-populated\">\n\t\t\t\t\t\t<div class=\"elementor-element elementor-element-4ea5ff4c elementor-widget elementor-widget-heading\" data-id=\"4ea5ff4c\" data-element_type=\"widget\" data-e-type=\"widget\" data-widget_type=\"heading.default\">\n\t\t\t\t<div class=\"elementor-widget-container\">\n\t\t\t\t\t<h2 class=\"elementor-heading-title elementor-size-small\"><div>13. Place de la Constitution<br><\/div><\/h2>\t\t\t\t<\/div>\n\t\t\t\t<\/div>\n\t\t\t\t<div class=\"elementor-element elementor-element-6f75fabd elementor-widget-divider--view-line elementor-widget elementor-widget-divider\" data-id=\"6f75fabd\" data-element_type=\"widget\" data-e-type=\"widget\" data-widget_type=\"divider.default\">\n\t\t\t\t<div class=\"elementor-widget-container\">\n\t\t\t\t\t\t\t<div class=\"elementor-divider\">\n\t\t\t<span class=\"elementor-divider-separator\">\n\t\t\t\t\t\t<\/span>\n\t\t<\/div>\n\t\t\t\t\t\t<\/div>\n\t\t\t\t<\/div>\n\t\t\t\t<div class=\"elementor-element elementor-element-e42c57f elementor-widget elementor-widget-wp-widget-media_audio\" data-id=\"e42c57f\" data-element_type=\"widget\" data-e-type=\"widget\" data-widget_type=\"wp-widget-media_audio.default\">\n\t\t\t\t<div class=\"elementor-widget-container\">\n\t\t\t\t\t<audio class=\"wp-audio-shortcode\" id=\"audio-1014797-1\" preload=\"none\" style=\"width: 100%;\" controls=\"controls\"><source type=\"audio\/mpeg\" src=\"https:\/\/www.laorotava.es\/turismo\/wp-content\/uploads\/2025\/02\/13_pv_place_de_la_constitution.mp3?_=1\" \/><source type=\"audio\/mpeg\" src=\"https:\/\/www.laorotava.es\/turismo\/wp-content\/uploads\/2025\/02\/13_pv_place_de_la_constitution.mp3?_=1\" \/><a href=\"https:\/\/www.laorotava.es\/turismo\/wp-content\/uploads\/2025\/02\/13_pv_place_de_la_constitution.mp3\">https:\/\/www.laorotava.es\/turismo\/wp-content\/uploads\/2025\/02\/13_pv_place_de_la_constitution.mp3<\/a><\/audio>\t\t\t\t<\/div>\n\t\t\t\t<\/div>\n\t\t\t\t<div class=\"elementor-element elementor-element-15aeb802 elementor-widget elementor-widget-text-editor\" data-id=\"15aeb802\" data-element_type=\"widget\" data-e-type=\"widget\" data-widget_type=\"text-editor.default\">\n\t\t\t\t<div class=\"elementor-widget-container\">\n\t\t\t\t\t\t\t\t\t<p><span style=\"color: #444444;\"><img decoding=\"async\" class=\"alignleft\" src=\"https:\/\/www.laorotava.es\/sites\/default\/files\/styles\/large\/public\/rutas\/verde-13.png?itok=y_9UzMdY\" \/><\/span><\/p><p>\u00c0 l\u2019origine, cet espace public \u00e9tait connu sous le nom de Llano de San Roque, car \u00e0 proximit\u00e9 se trouvait l\u2019ermitage de San Roque. \u00c0 c\u00f4t\u00e9 de l\u2019ancien ermitage a \u00e9t\u00e9 construite l\u2019\u00e9glise actuelle de San Agustin, que vous verrez au fond de cette place. Le nom &#8220;Plaza de La Constituci\u00f3n&#8221; remonte au d\u00e9but du XIXe si\u00e8cle, en hommage \u00e0 la Constitution espagnole de 1812.<\/p><p>La place est \u00e9galement connue sous le nom de place du kiosque et n\u2019a \u00e9t\u00e9 pav\u00e9e qu\u2019en 1902. Le carrelage actuel est de cette \u00e9poque. Le kiosque central a \u00e9t\u00e9 construit au d\u00e9but du XXe si\u00e8cle pour les spectacles de la fanfare municipale et est de style n\u00e9o-mud\u00e9jar, courant architectural qui reprend des \u00e9l\u00e9ments du de l&#8217;art mud\u00e9jar en le combinant avec les nouveaux mat\u00e9riaux du d\u00e9but du XXe si\u00e8cle.<\/p><p>De cette place, nous voyons le lyc\u00e9e de Taoro. C\u2019est l\u2019imposant b\u00e2timent que vous verrez couronner des jardins \u00e9chelonn\u00e9s dans la partie la plus orient\u00e9e vers la montagne. Les jardins sont une solution architecturale au d\u00e9nivel\u00e9 prononc\u00e9 entre cette place et le b\u00e2timent et donnent lieu \u00e0 une mise en valeur de celui-ci. Le b\u00e2timent, de style \u00e9clectique, date de 1928 et en 1975 a \u00e9t\u00e9 acquis par la Soci\u00e9t\u00e9 culturelle Liceo de Taoro. Cette soci\u00e9t\u00e9 de la Orotava est n\u00e9e au XIXe si\u00e8cle et a jou\u00e9 un r\u00f4le important dans la dynamisation culturelle et la diffusion des traditions de la municipalit\u00e9.<\/p><p>Dirigeons-nous maintenant vers l\u2019\u00e9glise Saint-Augustin situ\u00e9e au fond de cette place. Traversez la rue pour trouver l\u2019indicatif d\u2019itin\u00e9raire.<\/p>\t\t\t\t\t\t\t\t<\/div>\n\t\t\t\t<\/div>\n\t\t\t\t<div class=\"elementor-element elementor-element-71c1a8ce elementor-widget elementor-widget-google_maps\" data-id=\"71c1a8ce\" data-element_type=\"widget\" data-e-type=\"widget\" data-widget_type=\"google_maps.default\">\n\t\t\t\t<div class=\"elementor-widget-container\">\n\t\t\t\t\t\t\t<div class=\"elementor-custom-embed\">\n\t\t\t<iframe loading=\"lazy\"\n\t\t\t\t\tsrc=\"https:\/\/maps.google.com\/maps?q=plaza%20de%20la%20constituci%C3%B3n%20la%20orotava&#038;t=m&#038;z=16&#038;output=embed&#038;iwloc=near\"\n\t\t\t\t\ttitle=\"plaza de la constituci\u00f3n la orotava\"\n\t\t\t\t\taria-label=\"plaza de la constituci\u00f3n la orotava\"\n\t\t\t><\/iframe>\n\t\t<\/div>\n\t\t\t\t\t\t<\/div>\n\t\t\t\t<\/div>\n\t\t\t\t\t<\/div>\n\t\t<\/div>\n\t\t\t\t\t<\/div>\n\t\t<\/section>\n\t\t\t\t<\/div>\n\t\t","protected":false},"excerpt":{"rendered":"<p>13. Place de la Constitution \u00c0 l\u2019origine, cet espace public \u00e9tait connu sous le nom de Llano de San Roque, car \u00e0 proximit\u00e9 se trouvait l\u2019ermitage de San Roque. \u00c0 c\u00f4t\u00e9 de l\u2019ancien ermitage a \u00e9t\u00e9 construite l\u2019\u00e9glise actuelle de San Agustin, que vous verrez au fond de cette place. Le nom &#8220;Plaza de La Constituci\u00f3n&#8221; remonte au d\u00e9but du XIXe si\u00e8cle, en hommage \u00e0 la Constitution espagnole de 1812. La place est \u00e9galement connue sous le nom de place du kiosque et n\u2019a \u00e9t\u00e9 pav\u00e9e qu\u2019en 1902. Le carrelage actuel est de cette \u00e9poque. Le kiosque central a \u00e9t\u00e9 construit au d\u00e9but du XXe si\u00e8cle pour les spectacles de la fanfare municipale et est de style n\u00e9o-mud\u00e9jar, courant architectural qui reprend des \u00e9l\u00e9ments du de l&#8217;art mud\u00e9jar en le combinant avec les nouveaux mat\u00e9riaux du d\u00e9but du XXe si\u00e8cle. De cette place, nous voyons le lyc\u00e9e de Taoro. C\u2019est l\u2019imposant b\u00e2timent que vous verrez couronner des jardins \u00e9chelonn\u00e9s dans la partie la plus orient\u00e9e vers la montagne. Les jardins sont une solution architecturale au d\u00e9nivel\u00e9 prononc\u00e9 entre cette place et le b\u00e2timent et donnent lieu \u00e0 une mise en valeur de celui-ci. Le b\u00e2timent, de style \u00e9clectique, date de 1928 et en 1975 a \u00e9t\u00e9 acquis par la Soci\u00e9t\u00e9 culturelle Liceo de Taoro. Cette soci\u00e9t\u00e9 de la Orotava est n\u00e9e au XIXe si\u00e8cle et a jou\u00e9 un r\u00f4le important dans la dynamisation culturelle et la diffusion des traditions de la municipalit\u00e9. Dirigeons-nous maintenant vers l\u2019\u00e9glise Saint-Augustin situ\u00e9e au fond de cette place. Traversez la rue pour trouver l\u2019indicatif d\u2019itin\u00e9raire.<\/p>\n","protected":false},"author":3,"featured_media":0,"parent":0,"menu_order":0,"comment_status":"closed","ping_status":"closed","template":"","meta":{"_acf_changed":false,"ocean_post_layout":"","ocean_both_sidebars_style":"","ocean_both_sidebars_content_width":0,"ocean_both_sidebars_sidebars_width":0,"ocean_sidebar":"0","ocean_second_sidebar":"0","ocean_disable_margins":"enable","ocean_add_body_class":"","ocean_shortcode_before_top_bar":"","ocean_shortcode_after_top_bar":"","ocean_shortcode_before_header":"","ocean_shortcode_after_header":"","ocean_has_shortcode":"","ocean_shortcode_after_title":"","ocean_shortcode_before_footer_widgets":"","ocean_shortcode_after_footer_widgets":"","ocean_shortcode_before_footer_bottom":"","ocean_shortcode_after_footer_bottom":"","ocean_display_top_bar":"default","ocean_display_header":"default","ocean_header_style":"","ocean_center_header_left_menu":"0","ocean_custom_header_template":"0","ocean_custom_logo":0,"ocean_custom_retina_logo":0,"ocean_custom_logo_max_width":0,"ocean_custom_logo_tablet_max_width":0,"ocean_custom_logo_mobile_max_width":0,"ocean_custom_logo_max_height":0,"ocean_custom_logo_tablet_max_height":0,"ocean_custom_logo_mobile_max_height":0,"ocean_header_custom_menu":"0","ocean_menu_typo_font_family":"0","ocean_menu_typo_font_subset":"","ocean_menu_typo_font_size":0,"ocean_menu_typo_font_size_tablet":0,"ocean_menu_typo_font_size_mobile":0,"ocean_menu_typo_font_size_unit":"px","ocean_menu_typo_font_weight":"","ocean_menu_typo_font_weight_tablet":"","ocean_menu_typo_font_weight_mobile":"","ocean_menu_typo_transform":"","ocean_menu_typo_transform_tablet":"","ocean_menu_typo_transform_mobile":"","ocean_menu_typo_line_height":0,"ocean_menu_typo_line_height_tablet":0,"ocean_menu_typo_line_height_mobile":0,"ocean_menu_typo_line_height_unit":"","ocean_menu_typo_spacing":0,"ocean_menu_typo_spacing_tablet":0,"ocean_menu_typo_spacing_mobile":0,"ocean_menu_typo_spacing_unit":"","ocean_menu_link_color":"","ocean_menu_link_color_hover":"","ocean_menu_link_color_active":"","ocean_menu_link_background":"","ocean_menu_link_hover_background":"","ocean_menu_link_active_background":"","ocean_menu_social_links_bg":"","ocean_menu_social_hover_links_bg":"","ocean_menu_social_links_color":"","ocean_menu_social_hover_links_color":"","ocean_disable_title":"on","ocean_disable_heading":"default","ocean_post_title":"","ocean_post_subheading":"","ocean_post_title_style":"","ocean_post_title_background_color":"","ocean_post_title_background":0,"ocean_post_title_bg_image_position":"","ocean_post_title_bg_image_attachment":"","ocean_post_title_bg_image_repeat":"","ocean_post_title_bg_image_size":"","ocean_post_title_height":0,"ocean_post_title_bg_overlay":0.5,"ocean_post_title_bg_overlay_color":"","ocean_disable_breadcrumbs":"default","ocean_breadcrumbs_color":"","ocean_breadcrumbs_separator_color":"","ocean_breadcrumbs_links_color":"","ocean_breadcrumbs_links_hover_color":"","ocean_display_footer_widgets":"default","ocean_display_footer_bottom":"default","ocean_custom_footer_template":"0","footnotes":""},"class_list":["post-1014797","page","type-page","status-publish","hentry","entry"],"acf":[],"yoast_head":"<!-- This site is optimized with the Yoast SEO plugin v27.2 - https:\/\/yoast.com\/product\/yoast-seo-wordpress\/ -->\n<title>13. Place de la Constitution - Web de Turismo del Ayuntamiento de La Orotava<\/title>\n<meta name=\"robots\" content=\"index, follow, max-snippet:-1, max-image-preview:large, max-video-preview:-1\" \/>\n<link rel=\"canonical\" href=\"https:\/\/www.laorotava.es\/turismo\/fr\/13-place-de-la-constitution\/\" \/>\n<meta property=\"og:locale\" content=\"es_ES\" \/>\n<meta property=\"og:type\" content=\"article\" \/>\n<meta property=\"og:title\" content=\"13. Place de la Constitution - Web de Turismo del Ayuntamiento de La Orotava\" \/>\n<meta property=\"og:description\" content=\"13. Place de la Constitution \u00c0 l\u2019origine, cet espace public \u00e9tait connu sous le nom de Llano de San Roque, car \u00e0 proximit\u00e9 se trouvait l\u2019ermitage de San Roque. \u00c0 c\u00f4t\u00e9 de l\u2019ancien ermitage a \u00e9t\u00e9 construite l\u2019\u00e9glise actuelle de San Agustin, que vous verrez au fond de cette place. Le nom &#8220;Plaza de La Constituci\u00f3n&#8221; remonte au d\u00e9but du XIXe si\u00e8cle, en hommage \u00e0 la Constitution espagnole de 1812. La place est \u00e9galement connue sous le nom de place du kiosque et n\u2019a \u00e9t\u00e9 pav\u00e9e qu\u2019en 1902. Le carrelage actuel est de cette \u00e9poque. Le kiosque central a \u00e9t\u00e9 construit au d\u00e9but du XXe si\u00e8cle pour les spectacles de la fanfare municipale et est de style n\u00e9o-mud\u00e9jar, courant architectural qui reprend des \u00e9l\u00e9ments du de l&#8217;art mud\u00e9jar en le combinant avec les nouveaux mat\u00e9riaux du d\u00e9but du XXe si\u00e8cle. De cette place, nous voyons le lyc\u00e9e de Taoro. C\u2019est l\u2019imposant b\u00e2timent que vous verrez couronner des jardins \u00e9chelonn\u00e9s dans la partie la plus orient\u00e9e vers la montagne. Les jardins sont une solution architecturale au d\u00e9nivel\u00e9 prononc\u00e9 entre cette place et le b\u00e2timent et donnent lieu \u00e0 une mise en valeur de celui-ci. Le b\u00e2timent, de style \u00e9clectique, date de 1928 et en 1975 a \u00e9t\u00e9 acquis par la Soci\u00e9t\u00e9 culturelle Liceo de Taoro. Cette soci\u00e9t\u00e9 de la Orotava est n\u00e9e au XIXe si\u00e8cle et a jou\u00e9 un r\u00f4le important dans la dynamisation culturelle et la diffusion des traditions de la municipalit\u00e9. Dirigeons-nous maintenant vers l\u2019\u00e9glise Saint-Augustin situ\u00e9e au fond de cette place. Traversez la rue pour trouver l\u2019indicatif d\u2019itin\u00e9raire.\" \/>\n<meta property=\"og:url\" content=\"https:\/\/www.laorotava.es\/turismo\/fr\/13-place-de-la-constitution\/\" \/>\n<meta property=\"og:site_name\" content=\"Web de Turismo del Ayuntamiento de La Orotava\" \/>\n<meta property=\"article:publisher\" content=\"https:\/\/www.facebook.com\/TurismoLaOrotava\/\" \/>\n<meta property=\"article:modified_time\" content=\"2025-02-20T13:53:42+00:00\" \/>\n<meta property=\"og:image\" content=\"https:\/\/www.laorotava.es\/sites\/default\/files\/styles\/large\/public\/rutas\/verde-13.png?itok=y_9UzMdY\" \/>\n<meta name=\"twitter:card\" content=\"summary_large_image\" \/>\n<meta name=\"twitter:site\" content=\"@LaOrotava\" \/>\n<meta name=\"twitter:label1\" content=\"Tiempo de lectura\" \/>\n\t<meta name=\"twitter:data1\" content=\"2 minutos\" \/>\n<script type=\"application\/ld+json\" class=\"yoast-schema-graph\">{\"@context\":\"https:\/\/schema.org\",\"@graph\":[{\"@type\":\"WebPage\",\"@id\":\"https:\/\/www.laorotava.es\/turismo\/fr\/13-place-de-la-constitution\/\",\"url\":\"https:\/\/www.laorotava.es\/turismo\/fr\/13-place-de-la-constitution\/\",\"name\":\"13. Place de la Constitution - Web de Turismo del Ayuntamiento de La Orotava\",\"isPartOf\":{\"@id\":\"https:\/\/www.laorotava.es\/turismo\/#website\"},\"primaryImageOfPage\":{\"@id\":\"https:\/\/www.laorotava.es\/turismo\/fr\/13-place-de-la-constitution\/#primaryimage\"},\"image\":{\"@id\":\"https:\/\/www.laorotava.es\/turismo\/fr\/13-place-de-la-constitution\/#primaryimage\"},\"thumbnailUrl\":\"https:\/\/www.laorotava.es\/sites\/default\/files\/styles\/large\/public\/rutas\/verde-13.png?itok=y_9UzMdY\",\"datePublished\":\"2022-10-13T12:43:57+00:00\",\"dateModified\":\"2025-02-20T13:53:42+00:00\",\"breadcrumb\":{\"@id\":\"https:\/\/www.laorotava.es\/turismo\/fr\/13-place-de-la-constitution\/#breadcrumb\"},\"inLanguage\":\"es\",\"potentialAction\":[{\"@type\":\"ReadAction\",\"target\":[\"https:\/\/www.laorotava.es\/turismo\/fr\/13-place-de-la-constitution\/\"]}]},{\"@type\":\"ImageObject\",\"inLanguage\":\"es\",\"@id\":\"https:\/\/www.laorotava.es\/turismo\/fr\/13-place-de-la-constitution\/#primaryimage\",\"url\":\"https:\/\/www.laorotava.es\/sites\/default\/files\/styles\/large\/public\/rutas\/verde-13.png?itok=y_9UzMdY\",\"contentUrl\":\"https:\/\/www.laorotava.es\/sites\/default\/files\/styles\/large\/public\/rutas\/verde-13.png?itok=y_9UzMdY\"},{\"@type\":\"BreadcrumbList\",\"@id\":\"https:\/\/www.laorotava.es\/turismo\/fr\/13-place-de-la-constitution\/#breadcrumb\",\"itemListElement\":[{\"@type\":\"ListItem\",\"position\":1,\"name\":\"Portada\",\"item\":\"https:\/\/www.laorotava.es\/turismo\/\"},{\"@type\":\"ListItem\",\"position\":2,\"name\":\"13. Place de la Constitution\"}]},{\"@type\":\"WebSite\",\"@id\":\"https:\/\/www.laorotava.es\/turismo\/#website\",\"url\":\"https:\/\/www.laorotava.es\/turismo\/\",\"name\":\"Web de Turismo del Ayuntamiento de La Orotava\",\"description\":\"\",\"publisher\":{\"@id\":\"https:\/\/www.laorotava.es\/turismo\/#organization\"},\"potentialAction\":[{\"@type\":\"SearchAction\",\"target\":{\"@type\":\"EntryPoint\",\"urlTemplate\":\"https:\/\/www.laorotava.es\/turismo\/?s={search_term_string}\"},\"query-input\":{\"@type\":\"PropertyValueSpecification\",\"valueRequired\":true,\"valueName\":\"search_term_string\"}}],\"inLanguage\":\"es\"},{\"@type\":\"Organization\",\"@id\":\"https:\/\/www.laorotava.es\/turismo\/#organization\",\"name\":\"Ayuntamiento de La Orotava\",\"url\":\"https:\/\/www.laorotava.es\/turismo\/\",\"logo\":{\"@type\":\"ImageObject\",\"inLanguage\":\"es\",\"@id\":\"https:\/\/www.laorotava.es\/turismo\/#\/schema\/logo\/image\/\",\"url\":\"https:\/\/www.laorotava.es\/turismo\/wp-content\/uploads\/2022\/08\/logo.png\",\"contentUrl\":\"https:\/\/www.laorotava.es\/turismo\/wp-content\/uploads\/2022\/08\/logo.png\",\"width\":1195,\"height\":180,\"caption\":\"Ayuntamiento de La Orotava\"},\"image\":{\"@id\":\"https:\/\/www.laorotava.es\/turismo\/#\/schema\/logo\/image\/\"},\"sameAs\":[\"https:\/\/www.facebook.com\/TurismoLaOrotava\/\",\"https:\/\/x.com\/LaOrotava\"]}]}<\/script>\n<!-- \/ Yoast SEO plugin. -->","yoast_head_json":{"title":"13. Place de la Constitution - Web de Turismo del Ayuntamiento de La Orotava","robots":{"index":"index","follow":"follow","max-snippet":"max-snippet:-1","max-image-preview":"max-image-preview:large","max-video-preview":"max-video-preview:-1"},"canonical":"https:\/\/www.laorotava.es\/turismo\/fr\/13-place-de-la-constitution\/","og_locale":"es_ES","og_type":"article","og_title":"13. Place de la Constitution - Web de Turismo del Ayuntamiento de La Orotava","og_description":"13. Place de la Constitution \u00c0 l\u2019origine, cet espace public \u00e9tait connu sous le nom de Llano de San Roque, car \u00e0 proximit\u00e9 se trouvait l\u2019ermitage de San Roque. \u00c0 c\u00f4t\u00e9 de l\u2019ancien ermitage a \u00e9t\u00e9 construite l\u2019\u00e9glise actuelle de San Agustin, que vous verrez au fond de cette place. Le nom &#8220;Plaza de La Constituci\u00f3n&#8221; remonte au d\u00e9but du XIXe si\u00e8cle, en hommage \u00e0 la Constitution espagnole de 1812. La place est \u00e9galement connue sous le nom de place du kiosque et n\u2019a \u00e9t\u00e9 pav\u00e9e qu\u2019en 1902. Le carrelage actuel est de cette \u00e9poque. Le kiosque central a \u00e9t\u00e9 construit au d\u00e9but du XXe si\u00e8cle pour les spectacles de la fanfare municipale et est de style n\u00e9o-mud\u00e9jar, courant architectural qui reprend des \u00e9l\u00e9ments du de l&#8217;art mud\u00e9jar en le combinant avec les nouveaux mat\u00e9riaux du d\u00e9but du XXe si\u00e8cle. De cette place, nous voyons le lyc\u00e9e de Taoro. C\u2019est l\u2019imposant b\u00e2timent que vous verrez couronner des jardins \u00e9chelonn\u00e9s dans la partie la plus orient\u00e9e vers la montagne. Les jardins sont une solution architecturale au d\u00e9nivel\u00e9 prononc\u00e9 entre cette place et le b\u00e2timent et donnent lieu \u00e0 une mise en valeur de celui-ci. Le b\u00e2timent, de style \u00e9clectique, date de 1928 et en 1975 a \u00e9t\u00e9 acquis par la Soci\u00e9t\u00e9 culturelle Liceo de Taoro. Cette soci\u00e9t\u00e9 de la Orotava est n\u00e9e au XIXe si\u00e8cle et a jou\u00e9 un r\u00f4le important dans la dynamisation culturelle et la diffusion des traditions de la municipalit\u00e9. Dirigeons-nous maintenant vers l\u2019\u00e9glise Saint-Augustin situ\u00e9e au fond de cette place. Traversez la rue pour trouver l\u2019indicatif d\u2019itin\u00e9raire.","og_url":"https:\/\/www.laorotava.es\/turismo\/fr\/13-place-de-la-constitution\/","og_site_name":"Web de Turismo del Ayuntamiento de La Orotava","article_publisher":"https:\/\/www.facebook.com\/TurismoLaOrotava\/","article_modified_time":"2025-02-20T13:53:42+00:00","og_image":[{"url":"https:\/\/www.laorotava.es\/sites\/default\/files\/styles\/large\/public\/rutas\/verde-13.png?itok=y_9UzMdY","type":"","width":"","height":""}],"twitter_card":"summary_large_image","twitter_site":"@LaOrotava","twitter_misc":{"Tiempo de lectura":"2 minutos"},"schema":{"@context":"https:\/\/schema.org","@graph":[{"@type":"WebPage","@id":"https:\/\/www.laorotava.es\/turismo\/fr\/13-place-de-la-constitution\/","url":"https:\/\/www.laorotava.es\/turismo\/fr\/13-place-de-la-constitution\/","name":"13. Place de la Constitution - Web de Turismo del Ayuntamiento de La Orotava","isPartOf":{"@id":"https:\/\/www.laorotava.es\/turismo\/#website"},"primaryImageOfPage":{"@id":"https:\/\/www.laorotava.es\/turismo\/fr\/13-place-de-la-constitution\/#primaryimage"},"image":{"@id":"https:\/\/www.laorotava.es\/turismo\/fr\/13-place-de-la-constitution\/#primaryimage"},"thumbnailUrl":"https:\/\/www.laorotava.es\/sites\/default\/files\/styles\/large\/public\/rutas\/verde-13.png?itok=y_9UzMdY","datePublished":"2022-10-13T12:43:57+00:00","dateModified":"2025-02-20T13:53:42+00:00","breadcrumb":{"@id":"https:\/\/www.laorotava.es\/turismo\/fr\/13-place-de-la-constitution\/#breadcrumb"},"inLanguage":"es","potentialAction":[{"@type":"ReadAction","target":["https:\/\/www.laorotava.es\/turismo\/fr\/13-place-de-la-constitution\/"]}]},{"@type":"ImageObject","inLanguage":"es","@id":"https:\/\/www.laorotava.es\/turismo\/fr\/13-place-de-la-constitution\/#primaryimage","url":"https:\/\/www.laorotava.es\/sites\/default\/files\/styles\/large\/public\/rutas\/verde-13.png?itok=y_9UzMdY","contentUrl":"https:\/\/www.laorotava.es\/sites\/default\/files\/styles\/large\/public\/rutas\/verde-13.png?itok=y_9UzMdY"},{"@type":"BreadcrumbList","@id":"https:\/\/www.laorotava.es\/turismo\/fr\/13-place-de-la-constitution\/#breadcrumb","itemListElement":[{"@type":"ListItem","position":1,"name":"Portada","item":"https:\/\/www.laorotava.es\/turismo\/"},{"@type":"ListItem","position":2,"name":"13. Place de la Constitution"}]},{"@type":"WebSite","@id":"https:\/\/www.laorotava.es\/turismo\/#website","url":"https:\/\/www.laorotava.es\/turismo\/","name":"Web de Turismo del Ayuntamiento de La Orotava","description":"","publisher":{"@id":"https:\/\/www.laorotava.es\/turismo\/#organization"},"potentialAction":[{"@type":"SearchAction","target":{"@type":"EntryPoint","urlTemplate":"https:\/\/www.laorotava.es\/turismo\/?s={search_term_string}"},"query-input":{"@type":"PropertyValueSpecification","valueRequired":true,"valueName":"search_term_string"}}],"inLanguage":"es"},{"@type":"Organization","@id":"https:\/\/www.laorotava.es\/turismo\/#organization","name":"Ayuntamiento de La Orotava","url":"https:\/\/www.laorotava.es\/turismo\/","logo":{"@type":"ImageObject","inLanguage":"es","@id":"https:\/\/www.laorotava.es\/turismo\/#\/schema\/logo\/image\/","url":"https:\/\/www.laorotava.es\/turismo\/wp-content\/uploads\/2022\/08\/logo.png","contentUrl":"https:\/\/www.laorotava.es\/turismo\/wp-content\/uploads\/2022\/08\/logo.png","width":1195,"height":180,"caption":"Ayuntamiento de La Orotava"},"image":{"@id":"https:\/\/www.laorotava.es\/turismo\/#\/schema\/logo\/image\/"},"sameAs":["https:\/\/www.facebook.com\/TurismoLaOrotava\/","https:\/\/x.com\/LaOrotava"]}]}},"_links":{"self":[{"href":"https:\/\/www.laorotava.es\/turismo\/wp-json\/wp\/v2\/pages\/1014797","targetHints":{"allow":["GET"]}}],"collection":[{"href":"https:\/\/www.laorotava.es\/turismo\/wp-json\/wp\/v2\/pages"}],"about":[{"href":"https:\/\/www.laorotava.es\/turismo\/wp-json\/wp\/v2\/types\/page"}],"author":[{"embeddable":true,"href":"https:\/\/www.laorotava.es\/turismo\/wp-json\/wp\/v2\/users\/3"}],"replies":[{"embeddable":true,"href":"https:\/\/www.laorotava.es\/turismo\/wp-json\/wp\/v2\/comments?post=1014797"}],"version-history":[{"count":7,"href":"https:\/\/www.laorotava.es\/turismo\/wp-json\/wp\/v2\/pages\/1014797\/revisions"}],"predecessor-version":[{"id":1021018,"href":"https:\/\/www.laorotava.es\/turismo\/wp-json\/wp\/v2\/pages\/1014797\/revisions\/1021018"}],"wp:attachment":[{"href":"https:\/\/www.laorotava.es\/turismo\/wp-json\/wp\/v2\/media?parent=1014797"}],"curies":[{"name":"wp","href":"https:\/\/api.w.org\/{rel}","templated":true}]}}