{"id":1014809,"date":"2022-10-13T12:45:53","date_gmt":"2022-10-13T12:45:53","guid":{"rendered":"https:\/\/www.laorotava.es\/turismo\/?page_id=1014809"},"modified":"2025-02-20T13:56:26","modified_gmt":"2025-02-20T13:56:26","slug":"14-eglise-de-saint-augustin","status":"publish","type":"page","link":"https:\/\/www.laorotava.es\/turismo\/fr\/14-eglise-de-saint-augustin\/","title":{"rendered":"14. \u00c9glise Sain Agustin"},"content":{"rendered":"\t\t<div data-elementor-type=\"wp-page\" data-elementor-id=\"1014809\" class=\"elementor elementor-1014809\">\n\t\t\t\t\t\t<section class=\"elementor-section elementor-top-section elementor-element elementor-element-27f3f977 elementor-section-stretched elementor-section-boxed elementor-section-height-default elementor-section-height-default wpr-particle-no wpr-jarallax-no wpr-parallax-no wpr-sticky-section-no\" data-id=\"27f3f977\" data-element_type=\"section\" data-e-type=\"section\" data-settings=\"{&quot;stretch_section&quot;:&quot;section-stretched&quot;}\">\n\t\t\t\t\t\t<div class=\"elementor-container elementor-column-gap-default\">\n\t\t\t\t\t<div class=\"elementor-column elementor-col-100 elementor-top-column elementor-element elementor-element-96267f0\" data-id=\"96267f0\" data-element_type=\"column\" data-e-type=\"column\">\n\t\t\t<div class=\"elementor-widget-wrap elementor-element-populated\">\n\t\t\t\t\t\t<div class=\"elementor-element elementor-element-5555d41f elementor-widget elementor-widget-heading\" data-id=\"5555d41f\" data-element_type=\"widget\" data-e-type=\"widget\" data-widget_type=\"heading.default\">\n\t\t\t\t<div class=\"elementor-widget-container\">\n\t\t\t\t\t<h2 class=\"elementor-heading-title elementor-size-small\">14. \u00c9glise Sain Agustin<\/h2>\t\t\t\t<\/div>\n\t\t\t\t<\/div>\n\t\t\t\t<div class=\"elementor-element elementor-element-219cbf29 elementor-widget-divider--view-line elementor-widget elementor-widget-divider\" data-id=\"219cbf29\" data-element_type=\"widget\" data-e-type=\"widget\" data-widget_type=\"divider.default\">\n\t\t\t\t<div class=\"elementor-widget-container\">\n\t\t\t\t\t\t\t<div class=\"elementor-divider\">\n\t\t\t<span class=\"elementor-divider-separator\">\n\t\t\t\t\t\t<\/span>\n\t\t<\/div>\n\t\t\t\t\t\t<\/div>\n\t\t\t\t<\/div>\n\t\t\t\t<div class=\"elementor-element elementor-element-d0f79a4 elementor-widget elementor-widget-wp-widget-media_audio\" data-id=\"d0f79a4\" data-element_type=\"widget\" data-e-type=\"widget\" data-widget_type=\"wp-widget-media_audio.default\">\n\t\t\t\t<div class=\"elementor-widget-container\">\n\t\t\t\t\t<audio class=\"wp-audio-shortcode\" id=\"audio-1014809-1\" preload=\"none\" style=\"width: 100%;\" controls=\"controls\"><source type=\"audio\/mpeg\" src=\"https:\/\/www.laorotava.es\/turismo\/wp-content\/uploads\/2025\/02\/14_15_pv_eglise_sain_agustin_et_fin_du_parcours.mp3?_=1\" \/><source type=\"audio\/mpeg\" src=\"https:\/\/www.laorotava.es\/turismo\/wp-content\/uploads\/2025\/02\/14_15_pv_eglise_sain_agustin_et_fin_du_parcours.mp3?_=1\" \/><a href=\"https:\/\/www.laorotava.es\/turismo\/wp-content\/uploads\/2025\/02\/14_15_pv_eglise_sain_agustin_et_fin_du_parcours.mp3\">https:\/\/www.laorotava.es\/turismo\/wp-content\/uploads\/2025\/02\/14_15_pv_eglise_sain_agustin_et_fin_du_parcours.mp3<\/a><\/audio>\t\t\t\t<\/div>\n\t\t\t\t<\/div>\n\t\t\t\t<div class=\"elementor-element elementor-element-44de0779 elementor-widget elementor-widget-text-editor\" data-id=\"44de0779\" data-element_type=\"widget\" data-e-type=\"widget\" data-widget_type=\"text-editor.default\">\n\t\t\t\t<div class=\"elementor-widget-container\">\n\t\t\t\t\t\t\t\t\t<p><span style=\"color: #444444;\"><img decoding=\"async\" class=\"alignleft\" src=\"https:\/\/www.laorotava.es\/sites\/default\/files\/styles\/large\/public\/rutas\/verde-14.png?itok=o-WNjOQV\" \/><\/span><\/p><p>La fa\u00e7ade d\u2019angle qui se trouve devant vous relie l\u2019\u00e9glise de San Agustin, \u00e0 gauche, \u00e0 l\u2019ancien couvent de Notre Dame de la Grace, actuelle Maison de la Culture de San Agustin. Les Augustins commenc\u00e8rent \u00e0 construire ce couvent et l\u2019\u00e9glise annexe \u00e0 la fin du XVIIe si\u00e8cle, sur la colline qui jusqu\u2019alors occupait l\u2019ermitage de San Roque.<\/p><p>L\u2019\u00e9glise a subi de graves dommages structurels et a \u00e9t\u00e9 spoli\u00e9e d\u2019une grande partie de ses \u0153uvres d\u2019art et retables au XIXe si\u00e8cle, apr\u00e8s le D\u00e9samortissement. R\u00e9cemment, une profonde restauration a \u00e9t\u00e9 effectu\u00e9e qui lui a rendu une partie de sa splendeur d\u2019origine. Remarquez la grande hauteur des murs d\u2019enceinte de ce temple, qui, en plus de son emplacement \u00e9lev\u00e9, rendait cette \u00e9glise visible depuis presque toute La Orotava, une pr\u00e9tention d\u2019ostentation religieuse li\u00e9e \u00e0 l\u2019id\u00e9ologie typique de l\u2019ordre Agustina, qui \u00e0 la Orotava jouissait du soutien des familles ais\u00e9es.<\/p><p>La fa\u00e7ade se distingue par son portail central \u00e0 deux corps, r\u00e9alis\u00e9 en pierre, de style classique. \u00c0 l\u2019int\u00e9rieur on peut voir de riches toits.<\/p><p>\u00c0 droite de l\u2019\u00e9glise, nous voyons l\u2019ancien couvent augustin, qui apr\u00e8s le D\u00e9samortissement a \u00e9t\u00e9 transform\u00e9 en caserne militaire, ce qui a caus\u00e9 des dommages irr\u00e9parables \u00e0 son clo\u00eetre. Dans les ann\u00e9es 1980, cet espace a subi une autre r\u00e9novation pour devenir la Maison de la Culture. Le seul \u00e9l\u00e9ment original de cette construction est la fa\u00e7ade en pierre meuli\u00e8re de trois hauteurs qui culmine avec un campanile de style baroque. Au niveau moyen, nous trouvons une fen\u00eatre typiquement canarienne surmont\u00e9e du symbole augustin du c\u0153ur travers\u00e9 par la fl\u00e9che de la charit\u00e9, sculpt\u00e9e dans le marbre blanc. Sur les c\u00f4t\u00e9s,\u00a0 nous voyons deux autres reliefs avec des allusions \u00e0 la Vierge Marie et \u00e0 Saint Augustin.<\/p>\t\t\t\t\t\t\t\t<\/div>\n\t\t\t\t<\/div>\n\t\t\t\t<div class=\"elementor-element elementor-element-59825a02 elementor-widget elementor-widget-google_maps\" data-id=\"59825a02\" data-element_type=\"widget\" data-e-type=\"widget\" data-widget_type=\"google_maps.default\">\n\t\t\t\t<div class=\"elementor-widget-container\">\n\t\t\t\t\t\t\t<div class=\"elementor-custom-embed\">\n\t\t\t<iframe loading=\"lazy\"\n\t\t\t\t\tsrc=\"https:\/\/maps.google.com\/maps?q=iglesia%20de%20san%20agustin%20la%20orotava&#038;t=m&#038;z=16&#038;output=embed&#038;iwloc=near\"\n\t\t\t\t\ttitle=\"iglesia de san agustin la orotava\"\n\t\t\t\t\taria-label=\"iglesia de san agustin la orotava\"\n\t\t\t><\/iframe>\n\t\t<\/div>\n\t\t\t\t\t\t<\/div>\n\t\t\t\t<\/div>\n\t\t\t\t\t<\/div>\n\t\t<\/div>\n\t\t\t\t\t<\/div>\n\t\t<\/section>\n\t\t\t\t<\/div>\n\t\t","protected":false},"excerpt":{"rendered":"<p>14. \u00c9glise Sain Agustin La fa\u00e7ade d\u2019angle qui se trouve devant vous relie l\u2019\u00e9glise de San Agustin, \u00e0 gauche, \u00e0 l\u2019ancien couvent de Notre Dame de la Grace, actuelle Maison de la Culture de San Agustin. Les Augustins commenc\u00e8rent \u00e0 construire ce couvent et l\u2019\u00e9glise annexe \u00e0 la fin du XVIIe si\u00e8cle, sur la colline qui jusqu\u2019alors occupait l\u2019ermitage de San Roque. L\u2019\u00e9glise a subi de graves dommages structurels et a \u00e9t\u00e9 spoli\u00e9e d\u2019une grande partie de ses \u0153uvres d\u2019art et retables au XIXe si\u00e8cle, apr\u00e8s le D\u00e9samortissement. R\u00e9cemment, une profonde restauration a \u00e9t\u00e9 effectu\u00e9e qui lui a rendu une partie de sa splendeur d\u2019origine. Remarquez la grande hauteur des murs d\u2019enceinte de ce temple, qui, en plus de son emplacement \u00e9lev\u00e9, rendait cette \u00e9glise visible depuis presque toute La Orotava, une pr\u00e9tention d\u2019ostentation religieuse li\u00e9e \u00e0 l\u2019id\u00e9ologie typique de l\u2019ordre Agustina, qui \u00e0 la Orotava jouissait du soutien des familles ais\u00e9es. La fa\u00e7ade se distingue par son portail central \u00e0 deux corps, r\u00e9alis\u00e9 en pierre, de style classique. \u00c0 l\u2019int\u00e9rieur on peut voir de riches toits. \u00c0 droite de l\u2019\u00e9glise, nous voyons l\u2019ancien couvent augustin, qui apr\u00e8s le D\u00e9samortissement a \u00e9t\u00e9 transform\u00e9 en caserne militaire, ce qui a caus\u00e9 des dommages irr\u00e9parables \u00e0 son clo\u00eetre. Dans les ann\u00e9es 1980, cet espace a subi une autre r\u00e9novation pour devenir la Maison de la Culture. Le seul \u00e9l\u00e9ment original de cette construction est la fa\u00e7ade en pierre meuli\u00e8re de trois hauteurs qui culmine avec un campanile de style baroque. Au niveau moyen, nous trouvons une fen\u00eatre typiquement canarienne surmont\u00e9e du symbole augustin du c\u0153ur travers\u00e9 par la fl\u00e9che de la charit\u00e9, sculpt\u00e9e dans le marbre blanc. Sur les c\u00f4t\u00e9s,\u00a0 nous voyons deux autres reliefs avec des allusions \u00e0 la Vierge Marie et \u00e0 Saint Augustin.<\/p>\n","protected":false},"author":3,"featured_media":0,"parent":0,"menu_order":0,"comment_status":"closed","ping_status":"closed","template":"","meta":{"_acf_changed":false,"ocean_post_layout":"","ocean_both_sidebars_style":"","ocean_both_sidebars_content_width":0,"ocean_both_sidebars_sidebars_width":0,"ocean_sidebar":"0","ocean_second_sidebar":"0","ocean_disable_margins":"enable","ocean_add_body_class":"","ocean_shortcode_before_top_bar":"","ocean_shortcode_after_top_bar":"","ocean_shortcode_before_header":"","ocean_shortcode_after_header":"","ocean_has_shortcode":"","ocean_shortcode_after_title":"","ocean_shortcode_before_footer_widgets":"","ocean_shortcode_after_footer_widgets":"","ocean_shortcode_before_footer_bottom":"","ocean_shortcode_after_footer_bottom":"","ocean_display_top_bar":"default","ocean_display_header":"default","ocean_header_style":"","ocean_center_header_left_menu":"0","ocean_custom_header_template":"0","ocean_custom_logo":0,"ocean_custom_retina_logo":0,"ocean_custom_logo_max_width":0,"ocean_custom_logo_tablet_max_width":0,"ocean_custom_logo_mobile_max_width":0,"ocean_custom_logo_max_height":0,"ocean_custom_logo_tablet_max_height":0,"ocean_custom_logo_mobile_max_height":0,"ocean_header_custom_menu":"0","ocean_menu_typo_font_family":"0","ocean_menu_typo_font_subset":"","ocean_menu_typo_font_size":0,"ocean_menu_typo_font_size_tablet":0,"ocean_menu_typo_font_size_mobile":0,"ocean_menu_typo_font_size_unit":"px","ocean_menu_typo_font_weight":"","ocean_menu_typo_font_weight_tablet":"","ocean_menu_typo_font_weight_mobile":"","ocean_menu_typo_transform":"","ocean_menu_typo_transform_tablet":"","ocean_menu_typo_transform_mobile":"","ocean_menu_typo_line_height":0,"ocean_menu_typo_line_height_tablet":0,"ocean_menu_typo_line_height_mobile":0,"ocean_menu_typo_line_height_unit":"","ocean_menu_typo_spacing":0,"ocean_menu_typo_spacing_tablet":0,"ocean_menu_typo_spacing_mobile":0,"ocean_menu_typo_spacing_unit":"","ocean_menu_link_color":"","ocean_menu_link_color_hover":"","ocean_menu_link_color_active":"","ocean_menu_link_background":"","ocean_menu_link_hover_background":"","ocean_menu_link_active_background":"","ocean_menu_social_links_bg":"","ocean_menu_social_hover_links_bg":"","ocean_menu_social_links_color":"","ocean_menu_social_hover_links_color":"","ocean_disable_title":"on","ocean_disable_heading":"default","ocean_post_title":"","ocean_post_subheading":"","ocean_post_title_style":"","ocean_post_title_background_color":"","ocean_post_title_background":0,"ocean_post_title_bg_image_position":"","ocean_post_title_bg_image_attachment":"","ocean_post_title_bg_image_repeat":"","ocean_post_title_bg_image_size":"","ocean_post_title_height":0,"ocean_post_title_bg_overlay":0.5,"ocean_post_title_bg_overlay_color":"","ocean_disable_breadcrumbs":"default","ocean_breadcrumbs_color":"","ocean_breadcrumbs_separator_color":"","ocean_breadcrumbs_links_color":"","ocean_breadcrumbs_links_hover_color":"","ocean_display_footer_widgets":"default","ocean_display_footer_bottom":"default","ocean_custom_footer_template":"0","footnotes":""},"class_list":["post-1014809","page","type-page","status-publish","hentry","entry"],"acf":[],"yoast_head":"<!-- This site is optimized with the Yoast SEO plugin v27.2 - https:\/\/yoast.com\/product\/yoast-seo-wordpress\/ -->\n<title>14. \u00c9glise Sain Agustin - Web de Turismo del Ayuntamiento de La Orotava<\/title>\n<meta name=\"robots\" content=\"index, follow, max-snippet:-1, max-image-preview:large, max-video-preview:-1\" \/>\n<link rel=\"canonical\" href=\"https:\/\/www.laorotava.es\/turismo\/fr\/14-eglise-de-saint-augustin\/\" \/>\n<meta property=\"og:locale\" content=\"es_ES\" \/>\n<meta property=\"og:type\" content=\"article\" \/>\n<meta property=\"og:title\" content=\"14. \u00c9glise Sain Agustin - Web de Turismo del Ayuntamiento de La Orotava\" \/>\n<meta property=\"og:description\" content=\"14. \u00c9glise Sain Agustin La fa\u00e7ade d\u2019angle qui se trouve devant vous relie l\u2019\u00e9glise de San Agustin, \u00e0 gauche, \u00e0 l\u2019ancien couvent de Notre Dame de la Grace, actuelle Maison de la Culture de San Agustin. Les Augustins commenc\u00e8rent \u00e0 construire ce couvent et l\u2019\u00e9glise annexe \u00e0 la fin du XVIIe si\u00e8cle, sur la colline qui jusqu\u2019alors occupait l\u2019ermitage de San Roque. L\u2019\u00e9glise a subi de graves dommages structurels et a \u00e9t\u00e9 spoli\u00e9e d\u2019une grande partie de ses \u0153uvres d\u2019art et retables au XIXe si\u00e8cle, apr\u00e8s le D\u00e9samortissement. R\u00e9cemment, une profonde restauration a \u00e9t\u00e9 effectu\u00e9e qui lui a rendu une partie de sa splendeur d\u2019origine. Remarquez la grande hauteur des murs d\u2019enceinte de ce temple, qui, en plus de son emplacement \u00e9lev\u00e9, rendait cette \u00e9glise visible depuis presque toute La Orotava, une pr\u00e9tention d\u2019ostentation religieuse li\u00e9e \u00e0 l\u2019id\u00e9ologie typique de l\u2019ordre Agustina, qui \u00e0 la Orotava jouissait du soutien des familles ais\u00e9es. La fa\u00e7ade se distingue par son portail central \u00e0 deux corps, r\u00e9alis\u00e9 en pierre, de style classique. \u00c0 l\u2019int\u00e9rieur on peut voir de riches toits. \u00c0 droite de l\u2019\u00e9glise, nous voyons l\u2019ancien couvent augustin, qui apr\u00e8s le D\u00e9samortissement a \u00e9t\u00e9 transform\u00e9 en caserne militaire, ce qui a caus\u00e9 des dommages irr\u00e9parables \u00e0 son clo\u00eetre. Dans les ann\u00e9es 1980, cet espace a subi une autre r\u00e9novation pour devenir la Maison de la Culture. Le seul \u00e9l\u00e9ment original de cette construction est la fa\u00e7ade en pierre meuli\u00e8re de trois hauteurs qui culmine avec un campanile de style baroque. Au niveau moyen, nous trouvons une fen\u00eatre typiquement canarienne surmont\u00e9e du symbole augustin du c\u0153ur travers\u00e9 par la fl\u00e9che de la charit\u00e9, sculpt\u00e9e dans le marbre blanc. Sur les c\u00f4t\u00e9s,\u00a0 nous voyons deux autres reliefs avec des allusions \u00e0 la Vierge Marie et \u00e0 Saint Augustin.\" \/>\n<meta property=\"og:url\" content=\"https:\/\/www.laorotava.es\/turismo\/fr\/14-eglise-de-saint-augustin\/\" \/>\n<meta property=\"og:site_name\" content=\"Web de Turismo del Ayuntamiento de La Orotava\" \/>\n<meta property=\"article:publisher\" content=\"https:\/\/www.facebook.com\/TurismoLaOrotava\/\" \/>\n<meta property=\"article:modified_time\" content=\"2025-02-20T13:56:26+00:00\" \/>\n<meta property=\"og:image\" content=\"https:\/\/www.laorotava.es\/sites\/default\/files\/styles\/large\/public\/rutas\/verde-14.png?itok=o-WNjOQV\" \/>\n<meta name=\"twitter:card\" content=\"summary_large_image\" \/>\n<meta name=\"twitter:site\" content=\"@LaOrotava\" \/>\n<meta name=\"twitter:label1\" content=\"Tiempo de lectura\" \/>\n\t<meta name=\"twitter:data1\" content=\"2 minutos\" \/>\n<script type=\"application\/ld+json\" class=\"yoast-schema-graph\">{\"@context\":\"https:\/\/schema.org\",\"@graph\":[{\"@type\":\"WebPage\",\"@id\":\"https:\/\/www.laorotava.es\/turismo\/fr\/14-eglise-de-saint-augustin\/\",\"url\":\"https:\/\/www.laorotava.es\/turismo\/fr\/14-eglise-de-saint-augustin\/\",\"name\":\"14. \u00c9glise Sain Agustin - Web de Turismo del Ayuntamiento de La Orotava\",\"isPartOf\":{\"@id\":\"https:\/\/www.laorotava.es\/turismo\/#website\"},\"primaryImageOfPage\":{\"@id\":\"https:\/\/www.laorotava.es\/turismo\/fr\/14-eglise-de-saint-augustin\/#primaryimage\"},\"image\":{\"@id\":\"https:\/\/www.laorotava.es\/turismo\/fr\/14-eglise-de-saint-augustin\/#primaryimage\"},\"thumbnailUrl\":\"https:\/\/www.laorotava.es\/sites\/default\/files\/styles\/large\/public\/rutas\/verde-14.png?itok=o-WNjOQV\",\"datePublished\":\"2022-10-13T12:45:53+00:00\",\"dateModified\":\"2025-02-20T13:56:26+00:00\",\"breadcrumb\":{\"@id\":\"https:\/\/www.laorotava.es\/turismo\/fr\/14-eglise-de-saint-augustin\/#breadcrumb\"},\"inLanguage\":\"es\",\"potentialAction\":[{\"@type\":\"ReadAction\",\"target\":[\"https:\/\/www.laorotava.es\/turismo\/fr\/14-eglise-de-saint-augustin\/\"]}]},{\"@type\":\"ImageObject\",\"inLanguage\":\"es\",\"@id\":\"https:\/\/www.laorotava.es\/turismo\/fr\/14-eglise-de-saint-augustin\/#primaryimage\",\"url\":\"https:\/\/www.laorotava.es\/sites\/default\/files\/styles\/large\/public\/rutas\/verde-14.png?itok=o-WNjOQV\",\"contentUrl\":\"https:\/\/www.laorotava.es\/sites\/default\/files\/styles\/large\/public\/rutas\/verde-14.png?itok=o-WNjOQV\"},{\"@type\":\"BreadcrumbList\",\"@id\":\"https:\/\/www.laorotava.es\/turismo\/fr\/14-eglise-de-saint-augustin\/#breadcrumb\",\"itemListElement\":[{\"@type\":\"ListItem\",\"position\":1,\"name\":\"Portada\",\"item\":\"https:\/\/www.laorotava.es\/turismo\/\"},{\"@type\":\"ListItem\",\"position\":2,\"name\":\"14. \u00c9glise Sain Agustin\"}]},{\"@type\":\"WebSite\",\"@id\":\"https:\/\/www.laorotava.es\/turismo\/#website\",\"url\":\"https:\/\/www.laorotava.es\/turismo\/\",\"name\":\"Web de Turismo del Ayuntamiento de La Orotava\",\"description\":\"\",\"publisher\":{\"@id\":\"https:\/\/www.laorotava.es\/turismo\/#organization\"},\"potentialAction\":[{\"@type\":\"SearchAction\",\"target\":{\"@type\":\"EntryPoint\",\"urlTemplate\":\"https:\/\/www.laorotava.es\/turismo\/?s={search_term_string}\"},\"query-input\":{\"@type\":\"PropertyValueSpecification\",\"valueRequired\":true,\"valueName\":\"search_term_string\"}}],\"inLanguage\":\"es\"},{\"@type\":\"Organization\",\"@id\":\"https:\/\/www.laorotava.es\/turismo\/#organization\",\"name\":\"Ayuntamiento de La Orotava\",\"url\":\"https:\/\/www.laorotava.es\/turismo\/\",\"logo\":{\"@type\":\"ImageObject\",\"inLanguage\":\"es\",\"@id\":\"https:\/\/www.laorotava.es\/turismo\/#\/schema\/logo\/image\/\",\"url\":\"https:\/\/www.laorotava.es\/turismo\/wp-content\/uploads\/2022\/08\/logo.png\",\"contentUrl\":\"https:\/\/www.laorotava.es\/turismo\/wp-content\/uploads\/2022\/08\/logo.png\",\"width\":1195,\"height\":180,\"caption\":\"Ayuntamiento de La Orotava\"},\"image\":{\"@id\":\"https:\/\/www.laorotava.es\/turismo\/#\/schema\/logo\/image\/\"},\"sameAs\":[\"https:\/\/www.facebook.com\/TurismoLaOrotava\/\",\"https:\/\/x.com\/LaOrotava\"]}]}<\/script>\n<!-- \/ Yoast SEO plugin. -->","yoast_head_json":{"title":"14. \u00c9glise Sain Agustin - Web de Turismo del Ayuntamiento de La Orotava","robots":{"index":"index","follow":"follow","max-snippet":"max-snippet:-1","max-image-preview":"max-image-preview:large","max-video-preview":"max-video-preview:-1"},"canonical":"https:\/\/www.laorotava.es\/turismo\/fr\/14-eglise-de-saint-augustin\/","og_locale":"es_ES","og_type":"article","og_title":"14. \u00c9glise Sain Agustin - Web de Turismo del Ayuntamiento de La Orotava","og_description":"14. \u00c9glise Sain Agustin La fa\u00e7ade d\u2019angle qui se trouve devant vous relie l\u2019\u00e9glise de San Agustin, \u00e0 gauche, \u00e0 l\u2019ancien couvent de Notre Dame de la Grace, actuelle Maison de la Culture de San Agustin. Les Augustins commenc\u00e8rent \u00e0 construire ce couvent et l\u2019\u00e9glise annexe \u00e0 la fin du XVIIe si\u00e8cle, sur la colline qui jusqu\u2019alors occupait l\u2019ermitage de San Roque. L\u2019\u00e9glise a subi de graves dommages structurels et a \u00e9t\u00e9 spoli\u00e9e d\u2019une grande partie de ses \u0153uvres d\u2019art et retables au XIXe si\u00e8cle, apr\u00e8s le D\u00e9samortissement. R\u00e9cemment, une profonde restauration a \u00e9t\u00e9 effectu\u00e9e qui lui a rendu une partie de sa splendeur d\u2019origine. Remarquez la grande hauteur des murs d\u2019enceinte de ce temple, qui, en plus de son emplacement \u00e9lev\u00e9, rendait cette \u00e9glise visible depuis presque toute La Orotava, une pr\u00e9tention d\u2019ostentation religieuse li\u00e9e \u00e0 l\u2019id\u00e9ologie typique de l\u2019ordre Agustina, qui \u00e0 la Orotava jouissait du soutien des familles ais\u00e9es. La fa\u00e7ade se distingue par son portail central \u00e0 deux corps, r\u00e9alis\u00e9 en pierre, de style classique. \u00c0 l\u2019int\u00e9rieur on peut voir de riches toits. \u00c0 droite de l\u2019\u00e9glise, nous voyons l\u2019ancien couvent augustin, qui apr\u00e8s le D\u00e9samortissement a \u00e9t\u00e9 transform\u00e9 en caserne militaire, ce qui a caus\u00e9 des dommages irr\u00e9parables \u00e0 son clo\u00eetre. Dans les ann\u00e9es 1980, cet espace a subi une autre r\u00e9novation pour devenir la Maison de la Culture. Le seul \u00e9l\u00e9ment original de cette construction est la fa\u00e7ade en pierre meuli\u00e8re de trois hauteurs qui culmine avec un campanile de style baroque. Au niveau moyen, nous trouvons une fen\u00eatre typiquement canarienne surmont\u00e9e du symbole augustin du c\u0153ur travers\u00e9 par la fl\u00e9che de la charit\u00e9, sculpt\u00e9e dans le marbre blanc. Sur les c\u00f4t\u00e9s,\u00a0 nous voyons deux autres reliefs avec des allusions \u00e0 la Vierge Marie et \u00e0 Saint Augustin.","og_url":"https:\/\/www.laorotava.es\/turismo\/fr\/14-eglise-de-saint-augustin\/","og_site_name":"Web de Turismo del Ayuntamiento de La Orotava","article_publisher":"https:\/\/www.facebook.com\/TurismoLaOrotava\/","article_modified_time":"2025-02-20T13:56:26+00:00","og_image":[{"url":"https:\/\/www.laorotava.es\/sites\/default\/files\/styles\/large\/public\/rutas\/verde-14.png?itok=o-WNjOQV","type":"","width":"","height":""}],"twitter_card":"summary_large_image","twitter_site":"@LaOrotava","twitter_misc":{"Tiempo de lectura":"2 minutos"},"schema":{"@context":"https:\/\/schema.org","@graph":[{"@type":"WebPage","@id":"https:\/\/www.laorotava.es\/turismo\/fr\/14-eglise-de-saint-augustin\/","url":"https:\/\/www.laorotava.es\/turismo\/fr\/14-eglise-de-saint-augustin\/","name":"14. \u00c9glise Sain Agustin - Web de Turismo del Ayuntamiento de La Orotava","isPartOf":{"@id":"https:\/\/www.laorotava.es\/turismo\/#website"},"primaryImageOfPage":{"@id":"https:\/\/www.laorotava.es\/turismo\/fr\/14-eglise-de-saint-augustin\/#primaryimage"},"image":{"@id":"https:\/\/www.laorotava.es\/turismo\/fr\/14-eglise-de-saint-augustin\/#primaryimage"},"thumbnailUrl":"https:\/\/www.laorotava.es\/sites\/default\/files\/styles\/large\/public\/rutas\/verde-14.png?itok=o-WNjOQV","datePublished":"2022-10-13T12:45:53+00:00","dateModified":"2025-02-20T13:56:26+00:00","breadcrumb":{"@id":"https:\/\/www.laorotava.es\/turismo\/fr\/14-eglise-de-saint-augustin\/#breadcrumb"},"inLanguage":"es","potentialAction":[{"@type":"ReadAction","target":["https:\/\/www.laorotava.es\/turismo\/fr\/14-eglise-de-saint-augustin\/"]}]},{"@type":"ImageObject","inLanguage":"es","@id":"https:\/\/www.laorotava.es\/turismo\/fr\/14-eglise-de-saint-augustin\/#primaryimage","url":"https:\/\/www.laorotava.es\/sites\/default\/files\/styles\/large\/public\/rutas\/verde-14.png?itok=o-WNjOQV","contentUrl":"https:\/\/www.laorotava.es\/sites\/default\/files\/styles\/large\/public\/rutas\/verde-14.png?itok=o-WNjOQV"},{"@type":"BreadcrumbList","@id":"https:\/\/www.laorotava.es\/turismo\/fr\/14-eglise-de-saint-augustin\/#breadcrumb","itemListElement":[{"@type":"ListItem","position":1,"name":"Portada","item":"https:\/\/www.laorotava.es\/turismo\/"},{"@type":"ListItem","position":2,"name":"14. \u00c9glise Sain Agustin"}]},{"@type":"WebSite","@id":"https:\/\/www.laorotava.es\/turismo\/#website","url":"https:\/\/www.laorotava.es\/turismo\/","name":"Web de Turismo del Ayuntamiento de La Orotava","description":"","publisher":{"@id":"https:\/\/www.laorotava.es\/turismo\/#organization"},"potentialAction":[{"@type":"SearchAction","target":{"@type":"EntryPoint","urlTemplate":"https:\/\/www.laorotava.es\/turismo\/?s={search_term_string}"},"query-input":{"@type":"PropertyValueSpecification","valueRequired":true,"valueName":"search_term_string"}}],"inLanguage":"es"},{"@type":"Organization","@id":"https:\/\/www.laorotava.es\/turismo\/#organization","name":"Ayuntamiento de La Orotava","url":"https:\/\/www.laorotava.es\/turismo\/","logo":{"@type":"ImageObject","inLanguage":"es","@id":"https:\/\/www.laorotava.es\/turismo\/#\/schema\/logo\/image\/","url":"https:\/\/www.laorotava.es\/turismo\/wp-content\/uploads\/2022\/08\/logo.png","contentUrl":"https:\/\/www.laorotava.es\/turismo\/wp-content\/uploads\/2022\/08\/logo.png","width":1195,"height":180,"caption":"Ayuntamiento de La Orotava"},"image":{"@id":"https:\/\/www.laorotava.es\/turismo\/#\/schema\/logo\/image\/"},"sameAs":["https:\/\/www.facebook.com\/TurismoLaOrotava\/","https:\/\/x.com\/LaOrotava"]}]}},"_links":{"self":[{"href":"https:\/\/www.laorotava.es\/turismo\/wp-json\/wp\/v2\/pages\/1014809","targetHints":{"allow":["GET"]}}],"collection":[{"href":"https:\/\/www.laorotava.es\/turismo\/wp-json\/wp\/v2\/pages"}],"about":[{"href":"https:\/\/www.laorotava.es\/turismo\/wp-json\/wp\/v2\/types\/page"}],"author":[{"embeddable":true,"href":"https:\/\/www.laorotava.es\/turismo\/wp-json\/wp\/v2\/users\/3"}],"replies":[{"embeddable":true,"href":"https:\/\/www.laorotava.es\/turismo\/wp-json\/wp\/v2\/comments?post=1014809"}],"version-history":[{"count":7,"href":"https:\/\/www.laorotava.es\/turismo\/wp-json\/wp\/v2\/pages\/1014809\/revisions"}],"predecessor-version":[{"id":1021021,"href":"https:\/\/www.laorotava.es\/turismo\/wp-json\/wp\/v2\/pages\/1014809\/revisions\/1021021"}],"wp:attachment":[{"href":"https:\/\/www.laorotava.es\/turismo\/wp-json\/wp\/v2\/media?parent=1014809"}],"curies":[{"name":"wp","href":"https:\/\/api.w.org\/{rel}","templated":true}]}}