{"id":1017012,"date":"2023-06-20T10:38:20","date_gmt":"2023-06-20T10:38:20","guid":{"rendered":"https:\/\/www.laorotava.es\/turismo\/?page_id=1017012"},"modified":"2023-06-20T10:56:26","modified_gmt":"2023-06-20T10:56:26","slug":"fiestas-de-benijos","status":"publish","type":"page","link":"https:\/\/www.laorotava.es\/turismo\/fiestas-de-benijos\/","title":{"rendered":"FIESTAS DE BENIJOS"},"content":{"rendered":"\t\t<div data-elementor-type=\"wp-page\" data-elementor-id=\"1017012\" class=\"elementor elementor-1017012\">\n\t\t\t\t\t\t<section class=\"elementor-section elementor-top-section elementor-element elementor-element-bafe576 elementor-section-boxed elementor-section-height-default elementor-section-height-default wpr-particle-no wpr-jarallax-no wpr-parallax-no wpr-sticky-section-no\" data-id=\"bafe576\" data-element_type=\"section\" data-e-type=\"section\">\n\t\t\t\t\t\t<div class=\"elementor-container elementor-column-gap-default\">\n\t\t\t\t\t<div class=\"elementor-column elementor-col-100 elementor-top-column elementor-element elementor-element-1f3f414\" data-id=\"1f3f414\" data-element_type=\"column\" data-e-type=\"column\">\n\t\t\t<div class=\"elementor-widget-wrap elementor-element-populated\">\n\t\t\t\t\t\t<div class=\"elementor-element elementor-element-74995bd elementor-widget__width-inherit elementor-widget elementor-widget-heading\" data-id=\"74995bd\" data-element_type=\"widget\" data-e-type=\"widget\" data-widget_type=\"heading.default\">\n\t\t\t\t<div class=\"elementor-widget-container\">\n\t\t\t\t\t<h1 class=\"elementor-heading-title elementor-size-default\">FIESTAS DE BENIJOS<\/h1>\t\t\t\t<\/div>\n\t\t\t\t<\/div>\n\t\t\t\t<div class=\"elementor-element elementor-element-09e6bb6 elementor-widget elementor-widget-text-editor\" data-id=\"09e6bb6\" data-element_type=\"widget\" data-e-type=\"widget\" data-widget_type=\"text-editor.default\">\n\t\t\t\t<div class=\"elementor-widget-container\">\n\t\t\t\t\t\t\t\t\t<p><img decoding=\"async\" class=\"alignleft\" src=\"https:\/\/www.laorotava.es\/turismo\/wp-content\/uploads\/2022\/08\/benijos.jpg\" alt=\"Benijos\" width=\"30%\" height=\"146\" \/>Estos festejos, celebrados en el barrio de Benijos en los altos de La Orotava y en honor a San Isidro Labrador y Santa Mar\u00eda de la Cabeza, han ganado a pulso gran popularidad y re\u00fanen a vecinos y personas de otros puntos de la comarca norte\u00f1a. Se comenzaron a celebrar por el a\u00f1o 1977, en el mes de septiembre y los eventos a resaltar son la reconocida feria de ganado, que ha cumplido su trig\u00e9simo novena edici\u00f3n y que cuenta en el recinto ferial con m\u00e1s de 3.000 cabezas de ganado: caprino, caballar, mular y vacuno. Tambi\u00e9n se puede contemplar muestras del silbo gomero, salto del pastor, toque del bucio, exhibici\u00f3n de trilla y sortijas de ponis y mulares, adem\u00e1s de una competici\u00f3n h\u00edpica, entre otras. Todos los actos giran en torno a los religiosos, con la celebraci\u00f3n de la popular romer\u00eda en honor a los patronos, desde el Lomo Alto hasta la plaza de la iglesia, con carretas, magos y m\u00faltiples grupos folcl\u00f3ricos y parrandas.<\/p><p>En d\u00e9cadas pasadas, barrios como Benijos y La Florida, y en general la zona de median\u00edas, contaban con un important\u00edsimo sector ganadero, especialmente el\u00a0ganado vacuno pues era imprescindible para las labores de labranza de los campos. De ah\u00ed que el municipio cuente actualmente con tres ferias-exposiciones de ganado, con el fin de exaltar las labores de labranza, de homenajear a los hombres y mujeres del campo y mostrar la importancia del sector primario que ha tenido y tiene en el municipio.<\/p><p><img decoding=\"async\" src=\"https:\/\/www.laorotava.es\/turismo\/wp-content\/uploads\/2023\/06\/benijos.jpg\" alt=\"Benijos\" width=\"50%\" \/><\/p><p>En ese tiempo, las ferias se celebraban con ganado vacuno del municipio, pues abundaba en la zona de median\u00edas. Con el paso de los a\u00f1os, la mecanizaci\u00f3n de las labores agrarias incidi\u00f3 en la desaparici\u00f3n del ganado vacuno del paisaje de los altos de La Orotava, haci\u00e9ndose necesario recurrir a ganado vacuno de otros municipios para poder continuar celebrando las tradicionales ferias de ganado en el municipio. Es por eso que el nuevo modelo de feria trata de exponer la realidad actual de la ganader\u00eda en el Valle, d\u00f3nde el principal ganado existente es el caprino, y as\u00ed en La Orotava se cuenta con m\u00e1s de 3.000 cabezas, ganado bovino, caballar y mular, vacuno destinado al consumo (con el que s\u00ed se cuenta en la actualidad el municipio), ganado porcino y con animales de corral como gallinas y conejos, tratando de potenciar las empresas del sector, empresas familiares y con gran tradici\u00f3n, exponiendo su trabajo y poniendo en valor lo que el sector ganadero ha sido, es y ser\u00e1 en La Orotava.<\/p><p><img decoding=\"async\" src=\"https:\/\/www.laorotava.es\/turismo\/wp-content\/uploads\/2023\/06\/ganaderia.jpg\" alt=\"Benijos Ganader\u00eda\" width=\"50%\" \/><\/p>\t\t\t\t\t\t\t\t<\/div>\n\t\t\t\t<\/div>\n\t\t\t\t\t<\/div>\n\t\t<\/div>\n\t\t\t\t\t<\/div>\n\t\t<\/section>\n\t\t\t\t<\/div>\n\t\t","protected":false},"excerpt":{"rendered":"<p>FIESTAS DE BENIJOS Estos festejos, celebrados en el barrio de Benijos en los altos de La Orotava y en honor a San Isidro Labrador y Santa Mar\u00eda de la Cabeza, han ganado a pulso gran popularidad y re\u00fanen a vecinos y personas de otros puntos de la comarca norte\u00f1a. Se comenzaron a celebrar por el a\u00f1o 1977, en el mes de septiembre y los eventos a resaltar son la reconocida feria de ganado, que ha cumplido su trig\u00e9simo novena edici\u00f3n y que cuenta en el recinto ferial con m\u00e1s de 3.000 cabezas de ganado: caprino, caballar, mular y vacuno. Tambi\u00e9n se puede contemplar muestras del silbo gomero, salto del pastor, toque del bucio, exhibici\u00f3n de trilla y sortijas de ponis y mulares, adem\u00e1s de una competici\u00f3n h\u00edpica, entre otras. Todos los actos giran en torno a los religiosos, con la celebraci\u00f3n de la popular romer\u00eda en honor a los patronos, desde el Lomo Alto hasta la plaza de la iglesia, con carretas, magos y m\u00faltiples grupos folcl\u00f3ricos y parrandas. En d\u00e9cadas pasadas, barrios como Benijos y La Florida, y en general la zona de median\u00edas, contaban con un important\u00edsimo sector ganadero, especialmente el\u00a0ganado vacuno pues era imprescindible para las labores de labranza de los campos. De ah\u00ed que el municipio cuente actualmente con tres ferias-exposiciones de ganado, con el fin de exaltar las labores de labranza, de homenajear a los hombres y mujeres del campo y mostrar la importancia del sector primario que ha tenido y tiene en el municipio. En ese tiempo, las ferias se celebraban con ganado vacuno del municipio, pues abundaba en la zona de median\u00edas. Con el paso de los a\u00f1os, la mecanizaci\u00f3n de las labores agrarias incidi\u00f3 en la desaparici\u00f3n del ganado vacuno del paisaje de los altos de La Orotava, haci\u00e9ndose necesario recurrir a ganado vacuno de otros municipios para poder continuar celebrando las tradicionales ferias de ganado en el municipio. Es por eso que el nuevo modelo de feria trata de exponer la realidad actual de la ganader\u00eda en el Valle, d\u00f3nde el principal ganado existente es el caprino, y as\u00ed en La Orotava se cuenta con m\u00e1s de 3.000 cabezas, ganado bovino, caballar y mular, vacuno destinado al consumo (con el que s\u00ed se cuenta en la actualidad el municipio), ganado porcino y con animales de corral como gallinas y conejos, tratando de potenciar las empresas del sector, empresas familiares y con gran tradici\u00f3n, exponiendo su trabajo y poniendo en valor lo que el sector ganadero ha sido, es y ser\u00e1 en La Orotava.<\/p>\n","protected":false},"author":3,"featured_media":0,"parent":0,"menu_order":0,"comment_status":"closed","ping_status":"closed","template":"","meta":{"_acf_changed":false,"ocean_post_layout":"","ocean_both_sidebars_style":"","ocean_both_sidebars_content_width":0,"ocean_both_sidebars_sidebars_width":0,"ocean_sidebar":"0","ocean_second_sidebar":"0","ocean_disable_margins":"enable","ocean_add_body_class":"","ocean_shortcode_before_top_bar":"","ocean_shortcode_after_top_bar":"","ocean_shortcode_before_header":"","ocean_shortcode_after_header":"","ocean_has_shortcode":"","ocean_shortcode_after_title":"","ocean_shortcode_before_footer_widgets":"","ocean_shortcode_after_footer_widgets":"","ocean_shortcode_before_footer_bottom":"","ocean_shortcode_after_footer_bottom":"","ocean_display_top_bar":"default","ocean_display_header":"default","ocean_header_style":"","ocean_center_header_left_menu":"0","ocean_custom_header_template":"0","ocean_custom_logo":0,"ocean_custom_retina_logo":0,"ocean_custom_logo_max_width":0,"ocean_custom_logo_tablet_max_width":0,"ocean_custom_logo_mobile_max_width":0,"ocean_custom_logo_max_height":0,"ocean_custom_logo_tablet_max_height":0,"ocean_custom_logo_mobile_max_height":0,"ocean_header_custom_menu":"0","ocean_menu_typo_font_family":"0","ocean_menu_typo_font_subset":"","ocean_menu_typo_font_size":0,"ocean_menu_typo_font_size_tablet":0,"ocean_menu_typo_font_size_mobile":0,"ocean_menu_typo_font_size_unit":"px","ocean_menu_typo_font_weight":"","ocean_menu_typo_font_weight_tablet":"","ocean_menu_typo_font_weight_mobile":"","ocean_menu_typo_transform":"","ocean_menu_typo_transform_tablet":"","ocean_menu_typo_transform_mobile":"","ocean_menu_typo_line_height":0,"ocean_menu_typo_line_height_tablet":0,"ocean_menu_typo_line_height_mobile":0,"ocean_menu_typo_line_height_unit":"","ocean_menu_typo_spacing":0,"ocean_menu_typo_spacing_tablet":0,"ocean_menu_typo_spacing_mobile":0,"ocean_menu_typo_spacing_unit":"","ocean_menu_link_color":"","ocean_menu_link_color_hover":"","ocean_menu_link_color_active":"","ocean_menu_link_background":"","ocean_menu_link_hover_background":"","ocean_menu_link_active_background":"","ocean_menu_social_links_bg":"","ocean_menu_social_hover_links_bg":"","ocean_menu_social_links_color":"","ocean_menu_social_hover_links_color":"","ocean_disable_title":"default","ocean_disable_heading":"on","ocean_post_title":"","ocean_post_subheading":"","ocean_post_title_style":"","ocean_post_title_background_color":"","ocean_post_title_background":0,"ocean_post_title_bg_image_position":"","ocean_post_title_bg_image_attachment":"","ocean_post_title_bg_image_repeat":"","ocean_post_title_bg_image_size":"","ocean_post_title_height":0,"ocean_post_title_bg_overlay":0.5,"ocean_post_title_bg_overlay_color":"","ocean_disable_breadcrumbs":"default","ocean_breadcrumbs_color":"","ocean_breadcrumbs_separator_color":"","ocean_breadcrumbs_links_color":"","ocean_breadcrumbs_links_hover_color":"","ocean_display_footer_widgets":"default","ocean_display_footer_bottom":"default","ocean_custom_footer_template":"0","footnotes":""},"class_list":["post-1017012","page","type-page","status-publish","hentry","entry"],"acf":[],"yoast_head":"<!-- This site is optimized with the Yoast SEO plugin v27.2 - https:\/\/yoast.com\/product\/yoast-seo-wordpress\/ -->\n<title>FIESTAS DE BENIJOS - Web de Turismo del Ayuntamiento de La Orotava<\/title>\n<meta name=\"description\" content=\"Estos festejos, celebrados en el barrio de Benijos en los altos de La Orotava y en honor a San Isidro Labrador y Santa Mar\u00eda de la Cabeza, han ganado a pulso gran popularidad y re\u00fanen a vecinos y personas de otros puntos de la comarca norte\u00f1a. Se comenzaron a celebrar por el a\u00f1o 1977, en el mes de septiembre y los eventos a resaltar son la reconocida feria de ganado, que ha cumplido su trig\u00e9simo novena edici\u00f3n y que cuenta en el recinto ferial con m\u00e1s de 3.000 cabezas de ganado: caprino, caballar, mular y vacuno. Tambi\u00e9n se puede contemplar muestras del silbo gomero, salto del pastor, toque del bucio, exhibici\u00f3n de trilla y sortijas de ponis y mulares, adem\u00e1s de una competici\u00f3n h\u00edpica, entre otras. Todos los actos giran en torno a los religiosos, con la celebraci\u00f3n de la popular romer\u00eda en honor a los patronos, desde el Lomo Alto hasta la plaza de la iglesia, con carretas, magos y m\u00faltiples grupos folcl\u00f3ricos y parrandas.\" \/>\n<meta name=\"robots\" content=\"index, follow, max-snippet:-1, max-image-preview:large, max-video-preview:-1\" \/>\n<link rel=\"canonical\" href=\"https:\/\/www.laorotava.es\/turismo\/fiestas-de-benijos\/\" \/>\n<meta property=\"og:locale\" content=\"es_ES\" \/>\n<meta property=\"og:type\" content=\"article\" \/>\n<meta property=\"og:title\" content=\"FIESTAS DE BENIJOS - Web de Turismo del Ayuntamiento de La Orotava\" \/>\n<meta property=\"og:description\" content=\"Estos festejos, celebrados en el barrio de Benijos en los altos de La Orotava y en honor a San Isidro Labrador y Santa Mar\u00eda de la Cabeza, han ganado a pulso gran popularidad y re\u00fanen a vecinos y personas de otros puntos de la comarca norte\u00f1a. Se comenzaron a celebrar por el a\u00f1o 1977, en el mes de septiembre y los eventos a resaltar son la reconocida feria de ganado, que ha cumplido su trig\u00e9simo novena edici\u00f3n y que cuenta en el recinto ferial con m\u00e1s de 3.000 cabezas de ganado: caprino, caballar, mular y vacuno. Tambi\u00e9n se puede contemplar muestras del silbo gomero, salto del pastor, toque del bucio, exhibici\u00f3n de trilla y sortijas de ponis y mulares, adem\u00e1s de una competici\u00f3n h\u00edpica, entre otras. Todos los actos giran en torno a los religiosos, con la celebraci\u00f3n de la popular romer\u00eda en honor a los patronos, desde el Lomo Alto hasta la plaza de la iglesia, con carretas, magos y m\u00faltiples grupos folcl\u00f3ricos y parrandas.\" \/>\n<meta property=\"og:url\" content=\"https:\/\/www.laorotava.es\/turismo\/fiestas-de-benijos\/\" \/>\n<meta property=\"og:site_name\" content=\"Web de Turismo del Ayuntamiento de La Orotava\" \/>\n<meta property=\"article:publisher\" content=\"https:\/\/www.facebook.com\/TurismoLaOrotava\/\" \/>\n<meta property=\"article:modified_time\" content=\"2023-06-20T10:56:26+00:00\" \/>\n<meta property=\"og:image\" content=\"https:\/\/www-pre.laorotava.es\/turismo\/wp-content\/uploads\/2022\/08\/benijos.jpg\" \/>\n<meta name=\"twitter:card\" content=\"summary_large_image\" \/>\n<meta name=\"twitter:site\" content=\"@LaOrotava\" \/>\n<meta name=\"twitter:label1\" content=\"Tiempo de lectura\" \/>\n\t<meta name=\"twitter:data1\" content=\"3 minutos\" \/>\n<script type=\"application\/ld+json\" class=\"yoast-schema-graph\">{\"@context\":\"https:\/\/schema.org\",\"@graph\":[{\"@type\":\"WebPage\",\"@id\":\"https:\/\/www.laorotava.es\/turismo\/fiestas-de-benijos\/\",\"url\":\"https:\/\/www.laorotava.es\/turismo\/fiestas-de-benijos\/\",\"name\":\"FIESTAS DE BENIJOS - Web de Turismo del Ayuntamiento de La Orotava\",\"isPartOf\":{\"@id\":\"https:\/\/www.laorotava.es\/turismo\/#website\"},\"primaryImageOfPage\":{\"@id\":\"https:\/\/www.laorotava.es\/turismo\/fiestas-de-benijos\/#primaryimage\"},\"image\":{\"@id\":\"https:\/\/www.laorotava.es\/turismo\/fiestas-de-benijos\/#primaryimage\"},\"thumbnailUrl\":\"https:\/\/www.laorotava.es\/turismo\/wp-content\/uploads\/2022\/08\/benijos.jpg\",\"datePublished\":\"2023-06-20T10:38:20+00:00\",\"dateModified\":\"2023-06-20T10:56:26+00:00\",\"description\":\"Estos festejos, celebrados en el barrio de Benijos en los altos de La Orotava y en honor a San Isidro Labrador y Santa Mar\u00eda de la Cabeza, han ganado a pulso gran popularidad y re\u00fanen a vecinos y personas de otros puntos de la comarca norte\u00f1a. Se comenzaron a celebrar por el a\u00f1o 1977, en el mes de septiembre y los eventos a resaltar son la reconocida feria de ganado, que ha cumplido su trig\u00e9simo novena edici\u00f3n y que cuenta en el recinto ferial con m\u00e1s de 3.000 cabezas de ganado: caprino, caballar, mular y vacuno. Tambi\u00e9n se puede contemplar muestras del silbo gomero, salto del pastor, toque del bucio, exhibici\u00f3n de trilla y sortijas de ponis y mulares, adem\u00e1s de una competici\u00f3n h\u00edpica, entre otras. Todos los actos giran en torno a los religiosos, con la celebraci\u00f3n de la popular romer\u00eda en honor a los patronos, desde el Lomo Alto hasta la plaza de la iglesia, con carretas, magos y m\u00faltiples grupos folcl\u00f3ricos y parrandas.\",\"breadcrumb\":{\"@id\":\"https:\/\/www.laorotava.es\/turismo\/fiestas-de-benijos\/#breadcrumb\"},\"inLanguage\":\"es\",\"potentialAction\":[{\"@type\":\"ReadAction\",\"target\":[\"https:\/\/www.laorotava.es\/turismo\/fiestas-de-benijos\/\"]}]},{\"@type\":\"ImageObject\",\"inLanguage\":\"es\",\"@id\":\"https:\/\/www.laorotava.es\/turismo\/fiestas-de-benijos\/#primaryimage\",\"url\":\"https:\/\/www.laorotava.es\/turismo\/wp-content\/uploads\/2022\/08\/benijos.jpg\",\"contentUrl\":\"https:\/\/www.laorotava.es\/turismo\/wp-content\/uploads\/2022\/08\/benijos.jpg\",\"width\":282,\"height\":202},{\"@type\":\"BreadcrumbList\",\"@id\":\"https:\/\/www.laorotava.es\/turismo\/fiestas-de-benijos\/#breadcrumb\",\"itemListElement\":[{\"@type\":\"ListItem\",\"position\":1,\"name\":\"Portada\",\"item\":\"https:\/\/www.laorotava.es\/turismo\/\"},{\"@type\":\"ListItem\",\"position\":2,\"name\":\"FIESTAS DE BENIJOS\"}]},{\"@type\":\"WebSite\",\"@id\":\"https:\/\/www.laorotava.es\/turismo\/#website\",\"url\":\"https:\/\/www.laorotava.es\/turismo\/\",\"name\":\"Web de Turismo del Ayuntamiento de La Orotava\",\"description\":\"\",\"publisher\":{\"@id\":\"https:\/\/www.laorotava.es\/turismo\/#organization\"},\"potentialAction\":[{\"@type\":\"SearchAction\",\"target\":{\"@type\":\"EntryPoint\",\"urlTemplate\":\"https:\/\/www.laorotava.es\/turismo\/?s={search_term_string}\"},\"query-input\":{\"@type\":\"PropertyValueSpecification\",\"valueRequired\":true,\"valueName\":\"search_term_string\"}}],\"inLanguage\":\"es\"},{\"@type\":\"Organization\",\"@id\":\"https:\/\/www.laorotava.es\/turismo\/#organization\",\"name\":\"Ayuntamiento de La Orotava\",\"url\":\"https:\/\/www.laorotava.es\/turismo\/\",\"logo\":{\"@type\":\"ImageObject\",\"inLanguage\":\"es\",\"@id\":\"https:\/\/www.laorotava.es\/turismo\/#\/schema\/logo\/image\/\",\"url\":\"https:\/\/www.laorotava.es\/turismo\/wp-content\/uploads\/2022\/08\/logo.png\",\"contentUrl\":\"https:\/\/www.laorotava.es\/turismo\/wp-content\/uploads\/2022\/08\/logo.png\",\"width\":1195,\"height\":180,\"caption\":\"Ayuntamiento de La Orotava\"},\"image\":{\"@id\":\"https:\/\/www.laorotava.es\/turismo\/#\/schema\/logo\/image\/\"},\"sameAs\":[\"https:\/\/www.facebook.com\/TurismoLaOrotava\/\",\"https:\/\/x.com\/LaOrotava\"]}]}<\/script>\n<!-- \/ Yoast SEO plugin. -->","yoast_head_json":{"title":"FIESTAS DE BENIJOS - Web de Turismo del Ayuntamiento de La Orotava","description":"Estos festejos, celebrados en el barrio de Benijos en los altos de La Orotava y en honor a San Isidro Labrador y Santa Mar\u00eda de la Cabeza, han ganado a pulso gran popularidad y re\u00fanen a vecinos y personas de otros puntos de la comarca norte\u00f1a. Se comenzaron a celebrar por el a\u00f1o 1977, en el mes de septiembre y los eventos a resaltar son la reconocida feria de ganado, que ha cumplido su trig\u00e9simo novena edici\u00f3n y que cuenta en el recinto ferial con m\u00e1s de 3.000 cabezas de ganado: caprino, caballar, mular y vacuno. Tambi\u00e9n se puede contemplar muestras del silbo gomero, salto del pastor, toque del bucio, exhibici\u00f3n de trilla y sortijas de ponis y mulares, adem\u00e1s de una competici\u00f3n h\u00edpica, entre otras. Todos los actos giran en torno a los religiosos, con la celebraci\u00f3n de la popular romer\u00eda en honor a los patronos, desde el Lomo Alto hasta la plaza de la iglesia, con carretas, magos y m\u00faltiples grupos folcl\u00f3ricos y parrandas.","robots":{"index":"index","follow":"follow","max-snippet":"max-snippet:-1","max-image-preview":"max-image-preview:large","max-video-preview":"max-video-preview:-1"},"canonical":"https:\/\/www.laorotava.es\/turismo\/fiestas-de-benijos\/","og_locale":"es_ES","og_type":"article","og_title":"FIESTAS DE BENIJOS - Web de Turismo del Ayuntamiento de La Orotava","og_description":"Estos festejos, celebrados en el barrio de Benijos en los altos de La Orotava y en honor a San Isidro Labrador y Santa Mar\u00eda de la Cabeza, han ganado a pulso gran popularidad y re\u00fanen a vecinos y personas de otros puntos de la comarca norte\u00f1a. Se comenzaron a celebrar por el a\u00f1o 1977, en el mes de septiembre y los eventos a resaltar son la reconocida feria de ganado, que ha cumplido su trig\u00e9simo novena edici\u00f3n y que cuenta en el recinto ferial con m\u00e1s de 3.000 cabezas de ganado: caprino, caballar, mular y vacuno. Tambi\u00e9n se puede contemplar muestras del silbo gomero, salto del pastor, toque del bucio, exhibici\u00f3n de trilla y sortijas de ponis y mulares, adem\u00e1s de una competici\u00f3n h\u00edpica, entre otras. Todos los actos giran en torno a los religiosos, con la celebraci\u00f3n de la popular romer\u00eda en honor a los patronos, desde el Lomo Alto hasta la plaza de la iglesia, con carretas, magos y m\u00faltiples grupos folcl\u00f3ricos y parrandas.","og_url":"https:\/\/www.laorotava.es\/turismo\/fiestas-de-benijos\/","og_site_name":"Web de Turismo del Ayuntamiento de La Orotava","article_publisher":"https:\/\/www.facebook.com\/TurismoLaOrotava\/","article_modified_time":"2023-06-20T10:56:26+00:00","og_image":[{"url":"https:\/\/www-pre.laorotava.es\/turismo\/wp-content\/uploads\/2022\/08\/benijos.jpg","type":"","width":"","height":""}],"twitter_card":"summary_large_image","twitter_site":"@LaOrotava","twitter_misc":{"Tiempo de lectura":"3 minutos"},"schema":{"@context":"https:\/\/schema.org","@graph":[{"@type":"WebPage","@id":"https:\/\/www.laorotava.es\/turismo\/fiestas-de-benijos\/","url":"https:\/\/www.laorotava.es\/turismo\/fiestas-de-benijos\/","name":"FIESTAS DE BENIJOS - Web de Turismo del Ayuntamiento de La Orotava","isPartOf":{"@id":"https:\/\/www.laorotava.es\/turismo\/#website"},"primaryImageOfPage":{"@id":"https:\/\/www.laorotava.es\/turismo\/fiestas-de-benijos\/#primaryimage"},"image":{"@id":"https:\/\/www.laorotava.es\/turismo\/fiestas-de-benijos\/#primaryimage"},"thumbnailUrl":"https:\/\/www.laorotava.es\/turismo\/wp-content\/uploads\/2022\/08\/benijos.jpg","datePublished":"2023-06-20T10:38:20+00:00","dateModified":"2023-06-20T10:56:26+00:00","description":"Estos festejos, celebrados en el barrio de Benijos en los altos de La Orotava y en honor a San Isidro Labrador y Santa Mar\u00eda de la Cabeza, han ganado a pulso gran popularidad y re\u00fanen a vecinos y personas de otros puntos de la comarca norte\u00f1a. Se comenzaron a celebrar por el a\u00f1o 1977, en el mes de septiembre y los eventos a resaltar son la reconocida feria de ganado, que ha cumplido su trig\u00e9simo novena edici\u00f3n y que cuenta en el recinto ferial con m\u00e1s de 3.000 cabezas de ganado: caprino, caballar, mular y vacuno. Tambi\u00e9n se puede contemplar muestras del silbo gomero, salto del pastor, toque del bucio, exhibici\u00f3n de trilla y sortijas de ponis y mulares, adem\u00e1s de una competici\u00f3n h\u00edpica, entre otras. Todos los actos giran en torno a los religiosos, con la celebraci\u00f3n de la popular romer\u00eda en honor a los patronos, desde el Lomo Alto hasta la plaza de la iglesia, con carretas, magos y m\u00faltiples grupos folcl\u00f3ricos y parrandas.","breadcrumb":{"@id":"https:\/\/www.laorotava.es\/turismo\/fiestas-de-benijos\/#breadcrumb"},"inLanguage":"es","potentialAction":[{"@type":"ReadAction","target":["https:\/\/www.laorotava.es\/turismo\/fiestas-de-benijos\/"]}]},{"@type":"ImageObject","inLanguage":"es","@id":"https:\/\/www.laorotava.es\/turismo\/fiestas-de-benijos\/#primaryimage","url":"https:\/\/www.laorotava.es\/turismo\/wp-content\/uploads\/2022\/08\/benijos.jpg","contentUrl":"https:\/\/www.laorotava.es\/turismo\/wp-content\/uploads\/2022\/08\/benijos.jpg","width":282,"height":202},{"@type":"BreadcrumbList","@id":"https:\/\/www.laorotava.es\/turismo\/fiestas-de-benijos\/#breadcrumb","itemListElement":[{"@type":"ListItem","position":1,"name":"Portada","item":"https:\/\/www.laorotava.es\/turismo\/"},{"@type":"ListItem","position":2,"name":"FIESTAS DE BENIJOS"}]},{"@type":"WebSite","@id":"https:\/\/www.laorotava.es\/turismo\/#website","url":"https:\/\/www.laorotava.es\/turismo\/","name":"Web de Turismo del Ayuntamiento de La Orotava","description":"","publisher":{"@id":"https:\/\/www.laorotava.es\/turismo\/#organization"},"potentialAction":[{"@type":"SearchAction","target":{"@type":"EntryPoint","urlTemplate":"https:\/\/www.laorotava.es\/turismo\/?s={search_term_string}"},"query-input":{"@type":"PropertyValueSpecification","valueRequired":true,"valueName":"search_term_string"}}],"inLanguage":"es"},{"@type":"Organization","@id":"https:\/\/www.laorotava.es\/turismo\/#organization","name":"Ayuntamiento de La Orotava","url":"https:\/\/www.laorotava.es\/turismo\/","logo":{"@type":"ImageObject","inLanguage":"es","@id":"https:\/\/www.laorotava.es\/turismo\/#\/schema\/logo\/image\/","url":"https:\/\/www.laorotava.es\/turismo\/wp-content\/uploads\/2022\/08\/logo.png","contentUrl":"https:\/\/www.laorotava.es\/turismo\/wp-content\/uploads\/2022\/08\/logo.png","width":1195,"height":180,"caption":"Ayuntamiento de La Orotava"},"image":{"@id":"https:\/\/www.laorotava.es\/turismo\/#\/schema\/logo\/image\/"},"sameAs":["https:\/\/www.facebook.com\/TurismoLaOrotava\/","https:\/\/x.com\/LaOrotava"]}]}},"_links":{"self":[{"href":"https:\/\/www.laorotava.es\/turismo\/wp-json\/wp\/v2\/pages\/1017012","targetHints":{"allow":["GET"]}}],"collection":[{"href":"https:\/\/www.laorotava.es\/turismo\/wp-json\/wp\/v2\/pages"}],"about":[{"href":"https:\/\/www.laorotava.es\/turismo\/wp-json\/wp\/v2\/types\/page"}],"author":[{"embeddable":true,"href":"https:\/\/www.laorotava.es\/turismo\/wp-json\/wp\/v2\/users\/3"}],"replies":[{"embeddable":true,"href":"https:\/\/www.laorotava.es\/turismo\/wp-json\/wp\/v2\/comments?post=1017012"}],"version-history":[{"count":22,"href":"https:\/\/www.laorotava.es\/turismo\/wp-json\/wp\/v2\/pages\/1017012\/revisions"}],"predecessor-version":[{"id":1017047,"href":"https:\/\/www.laorotava.es\/turismo\/wp-json\/wp\/v2\/pages\/1017012\/revisions\/1017047"}],"wp:attachment":[{"href":"https:\/\/www.laorotava.es\/turismo\/wp-json\/wp\/v2\/media?parent=1017012"}],"curies":[{"name":"wp","href":"https:\/\/api.w.org\/{rel}","templated":true}]}}