{"id":1017048,"date":"2023-06-20T11:00:06","date_gmt":"2023-06-20T11:00:06","guid":{"rendered":"https:\/\/www.laorotava.es\/turismo\/?page_id=1017048"},"modified":"2023-06-20T14:45:49","modified_gmt":"2023-06-20T14:45:49","slug":"fiestas-de-la-perdoma","status":"publish","type":"page","link":"https:\/\/www.laorotava.es\/turismo\/fiestas-de-la-perdoma\/","title":{"rendered":"FIESTAS DE LA PERDOMA"},"content":{"rendered":"\t\t<div data-elementor-type=\"wp-page\" data-elementor-id=\"1017048\" class=\"elementor elementor-1017048\">\n\t\t\t\t\t\t<section class=\"elementor-section elementor-top-section elementor-element elementor-element-bafe576 elementor-section-boxed elementor-section-height-default elementor-section-height-default wpr-particle-no wpr-jarallax-no wpr-parallax-no wpr-sticky-section-no\" data-id=\"bafe576\" data-element_type=\"section\" data-e-type=\"section\">\n\t\t\t\t\t\t<div class=\"elementor-container elementor-column-gap-default\">\n\t\t\t\t\t<div class=\"elementor-column elementor-col-100 elementor-top-column elementor-element elementor-element-1f3f414\" data-id=\"1f3f414\" data-element_type=\"column\" data-e-type=\"column\">\n\t\t\t<div class=\"elementor-widget-wrap elementor-element-populated\">\n\t\t\t\t\t\t<div class=\"elementor-element elementor-element-74995bd elementor-widget__width-inherit elementor-widget elementor-widget-heading\" data-id=\"74995bd\" data-element_type=\"widget\" data-e-type=\"widget\" data-widget_type=\"heading.default\">\n\t\t\t\t<div class=\"elementor-widget-container\">\n\t\t\t\t\t<h1 class=\"elementor-heading-title elementor-size-default\">FIESTAS DE LA PERDOMA<\/h1>\t\t\t\t<\/div>\n\t\t\t\t<\/div>\n\t\t\t\t<div class=\"elementor-element elementor-element-09e6bb6 elementor-widget elementor-widget-text-editor\" data-id=\"09e6bb6\" data-element_type=\"widget\" data-e-type=\"widget\" data-widget_type=\"text-editor.default\">\n\t\t\t\t<div class=\"elementor-widget-container\">\n\t\t\t\t\t\t\t\t\t<p><img decoding=\"async\" class=\"alignleft\" src=\"https:\/\/www.laorotava.es\/turismo\/wp-content\/uploads\/2022\/08\/la_perdoma.jpg\" alt=\"Benijos\" width=\"30%\" height=\"146\" \/><\/p><p>En el populoso barrio orotavense de La Perdoma se desarrollan cada a\u00f1o en la primera semana del mes de octubre las Fiestas en honor a Nuestra Se\u00f1ora del Rosario y San Jer\u00f3nimo. Unas fiestas que se caracterizan y que entran dentro de la recolecci\u00f3n de la uva y las vendimias, con actos como el d\u00eda del\u00a0<em>Pan con Chorizo<\/em><strong>,<\/strong>\u00a0una fiesta multitudinaria, que se celebra junto con la\u00a0Feria de Artesan\u00eda y la Fiesta de la Vendimia y elecci\u00f3n de la Reina. Los ni\u00f1os tienen la posibilidad de pisar las uvas, disfrutando mucho este momento, pues la gran mayor\u00eda desconocen el proceso de la elaboraci\u00f3n artesanal del vino. Son muchos los visitantes que degustan este Pan con Chorizo, adem\u00e1s de otros productos locales como gofio amasado, pl\u00e1tanos y frutas, chochos, etc.<\/p><p>La Perdoma es el barrio vitivin\u00edcola por excelencia del Valle de La Orotava y adem\u00e1s sus habitantes est\u00e1n muy vinculados al folclore, contando con cuatro reconocidos y prestigiosos grupos: Agrupaci\u00f3n Folkl\u00f3rica de Higa, Agrupaci\u00f3n Folkl\u00f3rica Magec, Agrupaci\u00f3n Folkl\u00f3rica Marzagay y por \u00faltimo la Agrupaci\u00f3n Folkl\u00f3rica del Centro de Mayores de La Perdoma Tagoror.<\/p><p>Se celebran adem\u00e1s festivales, actos culturales y deportivos, procesiones, el cross popular \u201cMarar\u00eda\u201d de gran tradici\u00f3n en el circuito atl\u00e9tico con 32 ediciones, fuegos artificiales y verbenas.<\/p><p><img decoding=\"async\" src=\"https:\/\/www.laorotava.es\/turismo\/wp-content\/uploads\/2023\/06\/la_perdoma-1.jpg\" alt=\"Benijos\" width=\"50%\" \/><\/p>\t\t\t\t\t\t\t\t<\/div>\n\t\t\t\t<\/div>\n\t\t\t\t\t<\/div>\n\t\t<\/div>\n\t\t\t\t\t<\/div>\n\t\t<\/section>\n\t\t\t\t<\/div>\n\t\t","protected":false},"excerpt":{"rendered":"<p>FIESTAS DE LA PERDOMA En el populoso barrio orotavense de La Perdoma se desarrollan cada a\u00f1o en la primera semana del mes de octubre las Fiestas en honor a Nuestra Se\u00f1ora del Rosario y San Jer\u00f3nimo. Unas fiestas que se caracterizan y que entran dentro de la recolecci\u00f3n de la uva y las vendimias, con actos como el d\u00eda del&nbsp;Pan con Chorizo,&nbsp;una fiesta multitudinaria, que se celebra junto con la&nbsp;Feria de Artesan\u00eda y la Fiesta de la Vendimia y elecci\u00f3n de la Reina. Los ni\u00f1os tienen la posibilidad de pisar las uvas, disfrutando mucho este momento, pues la gran mayor\u00eda desconocen el proceso de la elaboraci\u00f3n artesanal del vino. Son muchos los visitantes que degustan este Pan con Chorizo, adem\u00e1s de otros productos locales como gofio amasado, pl\u00e1tanos y frutas, chochos, etc. La Perdoma es el barrio vitivin\u00edcola por excelencia del Valle de La Orotava y adem\u00e1s sus habitantes est\u00e1n muy vinculados al folclore, contando con cuatro reconocidos y prestigiosos grupos: Agrupaci\u00f3n Folkl\u00f3rica de Higa, Agrupaci\u00f3n Folkl\u00f3rica Magec, Agrupaci\u00f3n Folkl\u00f3rica Marzagay y por \u00faltimo la Agrupaci\u00f3n Folkl\u00f3rica del Centro de Mayores de La Perdoma Tagoror. Se celebran adem\u00e1s festivales, actos culturales y deportivos, procesiones, el cross popular \u201cMarar\u00eda\u201d de gran tradici\u00f3n en el circuito atl\u00e9tico con 32 ediciones, fuegos artificiales y verbenas.<\/p>\n","protected":false},"author":3,"featured_media":0,"parent":0,"menu_order":0,"comment_status":"closed","ping_status":"closed","template":"","meta":{"_acf_changed":false,"ocean_post_layout":"","ocean_both_sidebars_style":"","ocean_both_sidebars_content_width":0,"ocean_both_sidebars_sidebars_width":0,"ocean_sidebar":"0","ocean_second_sidebar":"0","ocean_disable_margins":"enable","ocean_add_body_class":"","ocean_shortcode_before_top_bar":"","ocean_shortcode_after_top_bar":"","ocean_shortcode_before_header":"","ocean_shortcode_after_header":"","ocean_has_shortcode":"","ocean_shortcode_after_title":"","ocean_shortcode_before_footer_widgets":"","ocean_shortcode_after_footer_widgets":"","ocean_shortcode_before_footer_bottom":"","ocean_shortcode_after_footer_bottom":"","ocean_display_top_bar":"default","ocean_display_header":"default","ocean_header_style":"","ocean_center_header_left_menu":"0","ocean_custom_header_template":"0","ocean_custom_logo":0,"ocean_custom_retina_logo":0,"ocean_custom_logo_max_width":0,"ocean_custom_logo_tablet_max_width":0,"ocean_custom_logo_mobile_max_width":0,"ocean_custom_logo_max_height":0,"ocean_custom_logo_tablet_max_height":0,"ocean_custom_logo_mobile_max_height":0,"ocean_header_custom_menu":"0","ocean_menu_typo_font_family":"0","ocean_menu_typo_font_subset":"","ocean_menu_typo_font_size":0,"ocean_menu_typo_font_size_tablet":0,"ocean_menu_typo_font_size_mobile":0,"ocean_menu_typo_font_size_unit":"px","ocean_menu_typo_font_weight":"","ocean_menu_typo_font_weight_tablet":"","ocean_menu_typo_font_weight_mobile":"","ocean_menu_typo_transform":"","ocean_menu_typo_transform_tablet":"","ocean_menu_typo_transform_mobile":"","ocean_menu_typo_line_height":0,"ocean_menu_typo_line_height_tablet":0,"ocean_menu_typo_line_height_mobile":0,"ocean_menu_typo_line_height_unit":"","ocean_menu_typo_spacing":0,"ocean_menu_typo_spacing_tablet":0,"ocean_menu_typo_spacing_mobile":0,"ocean_menu_typo_spacing_unit":"","ocean_menu_link_color":"","ocean_menu_link_color_hover":"","ocean_menu_link_color_active":"","ocean_menu_link_background":"","ocean_menu_link_hover_background":"","ocean_menu_link_active_background":"","ocean_menu_social_links_bg":"","ocean_menu_social_hover_links_bg":"","ocean_menu_social_links_color":"","ocean_menu_social_hover_links_color":"","ocean_disable_title":"default","ocean_disable_heading":"on","ocean_post_title":"","ocean_post_subheading":"","ocean_post_title_style":"","ocean_post_title_background_color":"","ocean_post_title_background":0,"ocean_post_title_bg_image_position":"","ocean_post_title_bg_image_attachment":"","ocean_post_title_bg_image_repeat":"","ocean_post_title_bg_image_size":"","ocean_post_title_height":0,"ocean_post_title_bg_overlay":0.5,"ocean_post_title_bg_overlay_color":"","ocean_disable_breadcrumbs":"default","ocean_breadcrumbs_color":"","ocean_breadcrumbs_separator_color":"","ocean_breadcrumbs_links_color":"","ocean_breadcrumbs_links_hover_color":"","ocean_display_footer_widgets":"default","ocean_display_footer_bottom":"default","ocean_custom_footer_template":"0","footnotes":""},"class_list":["post-1017048","page","type-page","status-publish","hentry","entry"],"acf":[],"yoast_head":"<!-- This site is optimized with the Yoast SEO plugin v27.2 - https:\/\/yoast.com\/product\/yoast-seo-wordpress\/ -->\n<title>FIESTAS DE LA PERDOMA - Web de Turismo del Ayuntamiento de La Orotava<\/title>\n<meta name=\"description\" content=\"En el populoso barrio orotavense de La Perdoma se desarrollan cada a\u00f1o en la primera semana del mes de octubre las Fiestas en honor a Nuestra Se\u00f1ora del Rosario y San Jer\u00f3nimo. Unas fiestas que se caracterizan y que entran dentro de la recolecci\u00f3n de la uva y las vendimias, con actos como el d\u00eda del Pan con Chorizo, una fiesta multitudinaria, que se celebra junto con la Feria de Artesan\u00eda y la Fiesta de la Vendimia y elecci\u00f3n de la Reina. Los ni\u00f1os tienen la posibilidad de pisar las uvas, disfrutando mucho este momento, pues la gran mayor\u00eda desconocen el proceso de la elaboraci\u00f3n artesanal del vino. Son muchos los visitantes que degustan este Pan con Chorizo, adem\u00e1s de otros productos locales como gofio amasado, pl\u00e1tanos y frutas, chochos, etc.\" \/>\n<meta name=\"robots\" content=\"index, follow, max-snippet:-1, max-image-preview:large, max-video-preview:-1\" \/>\n<link rel=\"canonical\" href=\"https:\/\/www.laorotava.es\/turismo\/fiestas-de-la-perdoma\/\" \/>\n<meta property=\"og:locale\" content=\"es_ES\" \/>\n<meta property=\"og:type\" content=\"article\" \/>\n<meta property=\"og:title\" content=\"FIESTAS DE LA PERDOMA - Web de Turismo del Ayuntamiento de La Orotava\" \/>\n<meta property=\"og:description\" content=\"En el populoso barrio orotavense de La Perdoma se desarrollan cada a\u00f1o en la primera semana del mes de octubre las Fiestas en honor a Nuestra Se\u00f1ora del Rosario y San Jer\u00f3nimo. Unas fiestas que se caracterizan y que entran dentro de la recolecci\u00f3n de la uva y las vendimias, con actos como el d\u00eda del Pan con Chorizo, una fiesta multitudinaria, que se celebra junto con la Feria de Artesan\u00eda y la Fiesta de la Vendimia y elecci\u00f3n de la Reina. Los ni\u00f1os tienen la posibilidad de pisar las uvas, disfrutando mucho este momento, pues la gran mayor\u00eda desconocen el proceso de la elaboraci\u00f3n artesanal del vino. Son muchos los visitantes que degustan este Pan con Chorizo, adem\u00e1s de otros productos locales como gofio amasado, pl\u00e1tanos y frutas, chochos, etc.\" \/>\n<meta property=\"og:url\" content=\"https:\/\/www.laorotava.es\/turismo\/fiestas-de-la-perdoma\/\" \/>\n<meta property=\"og:site_name\" content=\"Web de Turismo del Ayuntamiento de La Orotava\" \/>\n<meta property=\"article:publisher\" content=\"https:\/\/www.facebook.com\/TurismoLaOrotava\/\" \/>\n<meta property=\"article:modified_time\" content=\"2023-06-20T14:45:49+00:00\" \/>\n<meta property=\"og:image\" content=\"https:\/\/www-pre.laorotava.es\/turismo\/wp-content\/uploads\/2022\/08\/la_perdoma.jpg\" \/>\n<meta name=\"twitter:card\" content=\"summary_large_image\" \/>\n<meta name=\"twitter:site\" content=\"@LaOrotava\" \/>\n<meta name=\"twitter:label1\" content=\"Tiempo de lectura\" \/>\n\t<meta name=\"twitter:data1\" content=\"2 minutos\" \/>\n<script type=\"application\/ld+json\" class=\"yoast-schema-graph\">{\"@context\":\"https:\/\/schema.org\",\"@graph\":[{\"@type\":\"WebPage\",\"@id\":\"https:\/\/www.laorotava.es\/turismo\/fiestas-de-la-perdoma\/\",\"url\":\"https:\/\/www.laorotava.es\/turismo\/fiestas-de-la-perdoma\/\",\"name\":\"FIESTAS DE LA PERDOMA - Web de Turismo del Ayuntamiento de La Orotava\",\"isPartOf\":{\"@id\":\"https:\/\/www.laorotava.es\/turismo\/#website\"},\"primaryImageOfPage\":{\"@id\":\"https:\/\/www.laorotava.es\/turismo\/fiestas-de-la-perdoma\/#primaryimage\"},\"image\":{\"@id\":\"https:\/\/www.laorotava.es\/turismo\/fiestas-de-la-perdoma\/#primaryimage\"},\"thumbnailUrl\":\"https:\/\/www.laorotava.es\/turismo\/wp-content\/uploads\/2022\/08\/la_perdoma.jpg\",\"datePublished\":\"2023-06-20T11:00:06+00:00\",\"dateModified\":\"2023-06-20T14:45:49+00:00\",\"description\":\"En el populoso barrio orotavense de La Perdoma se desarrollan cada a\u00f1o en la primera semana del mes de octubre las Fiestas en honor a Nuestra Se\u00f1ora del Rosario y San Jer\u00f3nimo. Unas fiestas que se caracterizan y que entran dentro de la recolecci\u00f3n de la uva y las vendimias, con actos como el d\u00eda del Pan con Chorizo, una fiesta multitudinaria, que se celebra junto con la Feria de Artesan\u00eda y la Fiesta de la Vendimia y elecci\u00f3n de la Reina. Los ni\u00f1os tienen la posibilidad de pisar las uvas, disfrutando mucho este momento, pues la gran mayor\u00eda desconocen el proceso de la elaboraci\u00f3n artesanal del vino. Son muchos los visitantes que degustan este Pan con Chorizo, adem\u00e1s de otros productos locales como gofio amasado, pl\u00e1tanos y frutas, chochos, etc.\",\"breadcrumb\":{\"@id\":\"https:\/\/www.laorotava.es\/turismo\/fiestas-de-la-perdoma\/#breadcrumb\"},\"inLanguage\":\"es\",\"potentialAction\":[{\"@type\":\"ReadAction\",\"target\":[\"https:\/\/www.laorotava.es\/turismo\/fiestas-de-la-perdoma\/\"]}]},{\"@type\":\"ImageObject\",\"inLanguage\":\"es\",\"@id\":\"https:\/\/www.laorotava.es\/turismo\/fiestas-de-la-perdoma\/#primaryimage\",\"url\":\"https:\/\/www.laorotava.es\/turismo\/wp-content\/uploads\/2022\/08\/la_perdoma.jpg\",\"contentUrl\":\"https:\/\/www.laorotava.es\/turismo\/wp-content\/uploads\/2022\/08\/la_perdoma.jpg\",\"width\":432,\"height\":260},{\"@type\":\"BreadcrumbList\",\"@id\":\"https:\/\/www.laorotava.es\/turismo\/fiestas-de-la-perdoma\/#breadcrumb\",\"itemListElement\":[{\"@type\":\"ListItem\",\"position\":1,\"name\":\"Portada\",\"item\":\"https:\/\/www.laorotava.es\/turismo\/\"},{\"@type\":\"ListItem\",\"position\":2,\"name\":\"FIESTAS DE LA PERDOMA\"}]},{\"@type\":\"WebSite\",\"@id\":\"https:\/\/www.laorotava.es\/turismo\/#website\",\"url\":\"https:\/\/www.laorotava.es\/turismo\/\",\"name\":\"Web de Turismo del Ayuntamiento de La Orotava\",\"description\":\"\",\"publisher\":{\"@id\":\"https:\/\/www.laorotava.es\/turismo\/#organization\"},\"potentialAction\":[{\"@type\":\"SearchAction\",\"target\":{\"@type\":\"EntryPoint\",\"urlTemplate\":\"https:\/\/www.laorotava.es\/turismo\/?s={search_term_string}\"},\"query-input\":{\"@type\":\"PropertyValueSpecification\",\"valueRequired\":true,\"valueName\":\"search_term_string\"}}],\"inLanguage\":\"es\"},{\"@type\":\"Organization\",\"@id\":\"https:\/\/www.laorotava.es\/turismo\/#organization\",\"name\":\"Ayuntamiento de La Orotava\",\"url\":\"https:\/\/www.laorotava.es\/turismo\/\",\"logo\":{\"@type\":\"ImageObject\",\"inLanguage\":\"es\",\"@id\":\"https:\/\/www.laorotava.es\/turismo\/#\/schema\/logo\/image\/\",\"url\":\"https:\/\/www.laorotava.es\/turismo\/wp-content\/uploads\/2022\/08\/logo.png\",\"contentUrl\":\"https:\/\/www.laorotava.es\/turismo\/wp-content\/uploads\/2022\/08\/logo.png\",\"width\":1195,\"height\":180,\"caption\":\"Ayuntamiento de La Orotava\"},\"image\":{\"@id\":\"https:\/\/www.laorotava.es\/turismo\/#\/schema\/logo\/image\/\"},\"sameAs\":[\"https:\/\/www.facebook.com\/TurismoLaOrotava\/\",\"https:\/\/x.com\/LaOrotava\"]}]}<\/script>\n<!-- \/ Yoast SEO plugin. -->","yoast_head_json":{"title":"FIESTAS DE LA PERDOMA - Web de Turismo del Ayuntamiento de La Orotava","description":"En el populoso barrio orotavense de La Perdoma se desarrollan cada a\u00f1o en la primera semana del mes de octubre las Fiestas en honor a Nuestra Se\u00f1ora del Rosario y San Jer\u00f3nimo. Unas fiestas que se caracterizan y que entran dentro de la recolecci\u00f3n de la uva y las vendimias, con actos como el d\u00eda del Pan con Chorizo, una fiesta multitudinaria, que se celebra junto con la Feria de Artesan\u00eda y la Fiesta de la Vendimia y elecci\u00f3n de la Reina. Los ni\u00f1os tienen la posibilidad de pisar las uvas, disfrutando mucho este momento, pues la gran mayor\u00eda desconocen el proceso de la elaboraci\u00f3n artesanal del vino. Son muchos los visitantes que degustan este Pan con Chorizo, adem\u00e1s de otros productos locales como gofio amasado, pl\u00e1tanos y frutas, chochos, etc.","robots":{"index":"index","follow":"follow","max-snippet":"max-snippet:-1","max-image-preview":"max-image-preview:large","max-video-preview":"max-video-preview:-1"},"canonical":"https:\/\/www.laorotava.es\/turismo\/fiestas-de-la-perdoma\/","og_locale":"es_ES","og_type":"article","og_title":"FIESTAS DE LA PERDOMA - Web de Turismo del Ayuntamiento de La Orotava","og_description":"En el populoso barrio orotavense de La Perdoma se desarrollan cada a\u00f1o en la primera semana del mes de octubre las Fiestas en honor a Nuestra Se\u00f1ora del Rosario y San Jer\u00f3nimo. Unas fiestas que se caracterizan y que entran dentro de la recolecci\u00f3n de la uva y las vendimias, con actos como el d\u00eda del Pan con Chorizo, una fiesta multitudinaria, que se celebra junto con la Feria de Artesan\u00eda y la Fiesta de la Vendimia y elecci\u00f3n de la Reina. Los ni\u00f1os tienen la posibilidad de pisar las uvas, disfrutando mucho este momento, pues la gran mayor\u00eda desconocen el proceso de la elaboraci\u00f3n artesanal del vino. Son muchos los visitantes que degustan este Pan con Chorizo, adem\u00e1s de otros productos locales como gofio amasado, pl\u00e1tanos y frutas, chochos, etc.","og_url":"https:\/\/www.laorotava.es\/turismo\/fiestas-de-la-perdoma\/","og_site_name":"Web de Turismo del Ayuntamiento de La Orotava","article_publisher":"https:\/\/www.facebook.com\/TurismoLaOrotava\/","article_modified_time":"2023-06-20T14:45:49+00:00","og_image":[{"url":"https:\/\/www-pre.laorotava.es\/turismo\/wp-content\/uploads\/2022\/08\/la_perdoma.jpg","type":"","width":"","height":""}],"twitter_card":"summary_large_image","twitter_site":"@LaOrotava","twitter_misc":{"Tiempo de lectura":"2 minutos"},"schema":{"@context":"https:\/\/schema.org","@graph":[{"@type":"WebPage","@id":"https:\/\/www.laorotava.es\/turismo\/fiestas-de-la-perdoma\/","url":"https:\/\/www.laorotava.es\/turismo\/fiestas-de-la-perdoma\/","name":"FIESTAS DE LA PERDOMA - Web de Turismo del Ayuntamiento de La Orotava","isPartOf":{"@id":"https:\/\/www.laorotava.es\/turismo\/#website"},"primaryImageOfPage":{"@id":"https:\/\/www.laorotava.es\/turismo\/fiestas-de-la-perdoma\/#primaryimage"},"image":{"@id":"https:\/\/www.laorotava.es\/turismo\/fiestas-de-la-perdoma\/#primaryimage"},"thumbnailUrl":"https:\/\/www.laorotava.es\/turismo\/wp-content\/uploads\/2022\/08\/la_perdoma.jpg","datePublished":"2023-06-20T11:00:06+00:00","dateModified":"2023-06-20T14:45:49+00:00","description":"En el populoso barrio orotavense de La Perdoma se desarrollan cada a\u00f1o en la primera semana del mes de octubre las Fiestas en honor a Nuestra Se\u00f1ora del Rosario y San Jer\u00f3nimo. Unas fiestas que se caracterizan y que entran dentro de la recolecci\u00f3n de la uva y las vendimias, con actos como el d\u00eda del Pan con Chorizo, una fiesta multitudinaria, que se celebra junto con la Feria de Artesan\u00eda y la Fiesta de la Vendimia y elecci\u00f3n de la Reina. Los ni\u00f1os tienen la posibilidad de pisar las uvas, disfrutando mucho este momento, pues la gran mayor\u00eda desconocen el proceso de la elaboraci\u00f3n artesanal del vino. Son muchos los visitantes que degustan este Pan con Chorizo, adem\u00e1s de otros productos locales como gofio amasado, pl\u00e1tanos y frutas, chochos, etc.","breadcrumb":{"@id":"https:\/\/www.laorotava.es\/turismo\/fiestas-de-la-perdoma\/#breadcrumb"},"inLanguage":"es","potentialAction":[{"@type":"ReadAction","target":["https:\/\/www.laorotava.es\/turismo\/fiestas-de-la-perdoma\/"]}]},{"@type":"ImageObject","inLanguage":"es","@id":"https:\/\/www.laorotava.es\/turismo\/fiestas-de-la-perdoma\/#primaryimage","url":"https:\/\/www.laorotava.es\/turismo\/wp-content\/uploads\/2022\/08\/la_perdoma.jpg","contentUrl":"https:\/\/www.laorotava.es\/turismo\/wp-content\/uploads\/2022\/08\/la_perdoma.jpg","width":432,"height":260},{"@type":"BreadcrumbList","@id":"https:\/\/www.laorotava.es\/turismo\/fiestas-de-la-perdoma\/#breadcrumb","itemListElement":[{"@type":"ListItem","position":1,"name":"Portada","item":"https:\/\/www.laorotava.es\/turismo\/"},{"@type":"ListItem","position":2,"name":"FIESTAS DE LA PERDOMA"}]},{"@type":"WebSite","@id":"https:\/\/www.laorotava.es\/turismo\/#website","url":"https:\/\/www.laorotava.es\/turismo\/","name":"Web de Turismo del Ayuntamiento de La Orotava","description":"","publisher":{"@id":"https:\/\/www.laorotava.es\/turismo\/#organization"},"potentialAction":[{"@type":"SearchAction","target":{"@type":"EntryPoint","urlTemplate":"https:\/\/www.laorotava.es\/turismo\/?s={search_term_string}"},"query-input":{"@type":"PropertyValueSpecification","valueRequired":true,"valueName":"search_term_string"}}],"inLanguage":"es"},{"@type":"Organization","@id":"https:\/\/www.laorotava.es\/turismo\/#organization","name":"Ayuntamiento de La Orotava","url":"https:\/\/www.laorotava.es\/turismo\/","logo":{"@type":"ImageObject","inLanguage":"es","@id":"https:\/\/www.laorotava.es\/turismo\/#\/schema\/logo\/image\/","url":"https:\/\/www.laorotava.es\/turismo\/wp-content\/uploads\/2022\/08\/logo.png","contentUrl":"https:\/\/www.laorotava.es\/turismo\/wp-content\/uploads\/2022\/08\/logo.png","width":1195,"height":180,"caption":"Ayuntamiento de La Orotava"},"image":{"@id":"https:\/\/www.laorotava.es\/turismo\/#\/schema\/logo\/image\/"},"sameAs":["https:\/\/www.facebook.com\/TurismoLaOrotava\/","https:\/\/x.com\/LaOrotava"]}]}},"_links":{"self":[{"href":"https:\/\/www.laorotava.es\/turismo\/wp-json\/wp\/v2\/pages\/1017048","targetHints":{"allow":["GET"]}}],"collection":[{"href":"https:\/\/www.laorotava.es\/turismo\/wp-json\/wp\/v2\/pages"}],"about":[{"href":"https:\/\/www.laorotava.es\/turismo\/wp-json\/wp\/v2\/types\/page"}],"author":[{"embeddable":true,"href":"https:\/\/www.laorotava.es\/turismo\/wp-json\/wp\/v2\/users\/3"}],"replies":[{"embeddable":true,"href":"https:\/\/www.laorotava.es\/turismo\/wp-json\/wp\/v2\/comments?post=1017048"}],"version-history":[{"count":7,"href":"https:\/\/www.laorotava.es\/turismo\/wp-json\/wp\/v2\/pages\/1017048\/revisions"}],"predecessor-version":[{"id":1017267,"href":"https:\/\/www.laorotava.es\/turismo\/wp-json\/wp\/v2\/pages\/1017048\/revisions\/1017267"}],"wp:attachment":[{"href":"https:\/\/www.laorotava.es\/turismo\/wp-json\/wp\/v2\/media?parent=1017048"}],"curies":[{"name":"wp","href":"https:\/\/api.w.org\/{rel}","templated":true}]}}