{"id":1181,"date":"2019-01-28T11:53:35","date_gmt":"2019-01-28T11:53:35","guid":{"rendered":"https:\/\/www.laorotava.es\/turismo\/?page_id=1181"},"modified":"2019-01-28T11:53:35","modified_gmt":"2019-01-28T11:53:35","slug":"57-colegio-de-la-milagrosa","status":"publish","type":"page","link":"https:\/\/www.laorotava.es\/turismo\/57-colegio-de-la-milagrosa\/","title":{"rendered":"57 Colegio de La Milagrosa"},"content":{"rendered":"<p style=\"text-align:center;\">\n<audio controls=\"\" src=\"\/\/www.laorotava.es\/sites\/default\/files\/carteleria\/57\/057es.mp3\" > Your browser does not support the audio element.<\/audio>\n<\/p>\n<p style=\"text-align:center\"><img decoding=\"async\" alt=\"Colegio de La Milagrosa 1\" src=\"\/\/www.laorotava.es\/sites\/default\/files\/carteleria\/57\/57.1.JPG\" style=\"width:auto;margin:0 auto;\" \/><\/p>\n<p>El Colegio de la Milagrosa es uno de los mejores ejemplos de la arquitectura escolar desarrollada en Canarias en el primer tercio del siglo XX pr\u00f3xima a postulados monumentalistas. La f\u00e1brica nace por las necesidades que motiv\u00f3 la carencia espacial de los locales donde se hab\u00eda asentado el primer colegio, una iniciativa debida a la Compa\u00f1\u00eda de las Hijas de la Caridad de San Vicente de Pa\u00fal. Este hecho hizo que su superiora, Sor Mar\u00eda de la Soledad Cobi\u00e1n, iniciara las gestiones para edificar un inmueble de grandes proporciones en unos terrenos desprovistos de arquitectura circundante. La f\u00e1brica resultante se articula por medio de un gran bloque de planta cuadrangular en donde destaca la utilizaci\u00f3n del hormig\u00f3n armado para simular la canter\u00eda de cornisas, molduras y dem\u00e1s elementos constructivos. El volumen acoge en sus diferentes alturas la zona reservada a la comunidad, la capilla y las aulas destinadas a la docencia. Destaca su fachada principal, con una elegante escalera de doble tramo que salva el desnivel que producen sus distintas alturas.<\/p>\n<p><img decoding=\"async\" alt=\"Colegio de La Milagrosa 2\" src=\"\/\/www.laorotava.es\/sites\/default\/files\/carteleria\/57\/57.2.JPG\" style=\"width:auto;margin:0 auto;\" \/> <img decoding=\"async\" alt=\"Colegio de La Milagrosa 3\" src=\"\/\/www.laorotava.es\/sites\/default\/files\/carteleria\/57\/57.3.JPG\" style=\"width:auto;margin:0 auto;\" \/> <img decoding=\"async\" alt=\"Colegio de La Milagrosa 4\" src=\"\/\/www.laorotava.es\/sites\/default\/files\/carteleria\/57\/57.4.JPG\" style=\"width:auto;margin:0 auto;\" \/> <img decoding=\"async\" alt=\"Colegio de La Milagrosa 5\" src=\"\/\/www.laorotava.es\/sites\/default\/files\/carteleria\/57\/57.5.JPG\" style=\"width:auto;margin:0 auto;\" \/><\/p>\n<p>&nbsp;<\/p>\n","protected":false},"excerpt":{"rendered":"<p>Your browser does not support the audio element. El Colegio de la Milagrosa es uno de los mejores ejemplos de la arquitectura escolar desarrollada en Canarias en el primer tercio del siglo XX pr\u00f3xima a postulados monumentalistas. La f\u00e1brica nace por las necesidades que motiv\u00f3 la carencia espacial de los locales donde se hab\u00eda asentado el primer colegio, una iniciativa debida a la Compa\u00f1\u00eda de las Hijas de la Caridad de San Vicente de Pa\u00fal. Este hecho hizo que su superiora, Sor Mar\u00eda de la Soledad Cobi\u00e1n, iniciara las gestiones para edificar un inmueble de grandes proporciones en unos terrenos desprovistos de arquitectura circundante. La f\u00e1brica resultante se articula por medio de un gran bloque de planta cuadrangular en donde destaca la utilizaci\u00f3n del hormig\u00f3n armado para simular la canter\u00eda de cornisas, molduras y dem\u00e1s elementos constructivos. El volumen acoge en sus diferentes alturas la zona reservada a la comunidad, la capilla y las aulas destinadas a la docencia. Destaca su fachada principal, con una elegante escalera de doble tramo que salva el desnivel que producen sus distintas alturas. &nbsp;<\/p>\n","protected":false},"author":3,"featured_media":0,"parent":0,"menu_order":0,"comment_status":"closed","ping_status":"closed","template":"","meta":{"_acf_changed":false,"ocean_post_layout":"","ocean_both_sidebars_style":"","ocean_both_sidebars_content_width":0,"ocean_both_sidebars_sidebars_width":0,"ocean_sidebar":"","ocean_second_sidebar":"","ocean_disable_margins":"enable","ocean_add_body_class":"","ocean_shortcode_before_top_bar":"","ocean_shortcode_after_top_bar":"","ocean_shortcode_before_header":"","ocean_shortcode_after_header":"","ocean_has_shortcode":"","ocean_shortcode_after_title":"","ocean_shortcode_before_footer_widgets":"","ocean_shortcode_after_footer_widgets":"","ocean_shortcode_before_footer_bottom":"","ocean_shortcode_after_footer_bottom":"","ocean_display_top_bar":"default","ocean_display_header":"default","ocean_header_style":"","ocean_center_header_left_menu":"","ocean_custom_header_template":"","ocean_custom_logo":0,"ocean_custom_retina_logo":0,"ocean_custom_logo_max_width":0,"ocean_custom_logo_tablet_max_width":0,"ocean_custom_logo_mobile_max_width":0,"ocean_custom_logo_max_height":0,"ocean_custom_logo_tablet_max_height":0,"ocean_custom_logo_mobile_max_height":0,"ocean_header_custom_menu":"","ocean_menu_typo_font_family":"","ocean_menu_typo_font_subset":"","ocean_menu_typo_font_size":0,"ocean_menu_typo_font_size_tablet":0,"ocean_menu_typo_font_size_mobile":0,"ocean_menu_typo_font_size_unit":"px","ocean_menu_typo_font_weight":"","ocean_menu_typo_font_weight_tablet":"","ocean_menu_typo_font_weight_mobile":"","ocean_menu_typo_transform":"","ocean_menu_typo_transform_tablet":"","ocean_menu_typo_transform_mobile":"","ocean_menu_typo_line_height":0,"ocean_menu_typo_line_height_tablet":0,"ocean_menu_typo_line_height_mobile":0,"ocean_menu_typo_line_height_unit":"","ocean_menu_typo_spacing":0,"ocean_menu_typo_spacing_tablet":0,"ocean_menu_typo_spacing_mobile":0,"ocean_menu_typo_spacing_unit":"","ocean_menu_link_color":"","ocean_menu_link_color_hover":"","ocean_menu_link_color_active":"","ocean_menu_link_background":"","ocean_menu_link_hover_background":"","ocean_menu_link_active_background":"","ocean_menu_social_links_bg":"","ocean_menu_social_hover_links_bg":"","ocean_menu_social_links_color":"","ocean_menu_social_hover_links_color":"","ocean_disable_title":"default","ocean_disable_heading":"default","ocean_post_title":"","ocean_post_subheading":"","ocean_post_title_style":"","ocean_post_title_background_color":"","ocean_post_title_background":0,"ocean_post_title_bg_image_position":"","ocean_post_title_bg_image_attachment":"","ocean_post_title_bg_image_repeat":"","ocean_post_title_bg_image_size":"","ocean_post_title_height":0,"ocean_post_title_bg_overlay":0.5,"ocean_post_title_bg_overlay_color":"","ocean_disable_breadcrumbs":"default","ocean_breadcrumbs_color":"","ocean_breadcrumbs_separator_color":"","ocean_breadcrumbs_links_color":"","ocean_breadcrumbs_links_hover_color":"","ocean_display_footer_widgets":"default","ocean_display_footer_bottom":"default","ocean_custom_footer_template":"","footnotes":""},"class_list":["post-1181","page","type-page","status-publish","hentry","entry"],"acf":[],"yoast_head":"<!-- This site is optimized with the Yoast SEO plugin v27.2 - https:\/\/yoast.com\/product\/yoast-seo-wordpress\/ -->\n<title>57 Colegio de La Milagrosa - Web de Turismo del Ayuntamiento de La Orotava<\/title>\n<meta name=\"robots\" content=\"index, follow, max-snippet:-1, max-image-preview:large, max-video-preview:-1\" \/>\n<link rel=\"canonical\" href=\"https:\/\/www.laorotava.es\/turismo\/57-colegio-de-la-milagrosa\/\" \/>\n<meta property=\"og:locale\" content=\"es_ES\" \/>\n<meta property=\"og:type\" content=\"article\" \/>\n<meta property=\"og:title\" content=\"57 Colegio de La Milagrosa - Web de Turismo del Ayuntamiento de La Orotava\" \/>\n<meta property=\"og:description\" content=\"Your browser does not support the audio element. El Colegio de la Milagrosa es uno de los mejores ejemplos de la arquitectura escolar desarrollada en Canarias en el primer tercio del siglo XX pr\u00f3xima a postulados monumentalistas. La f\u00e1brica nace por las necesidades que motiv\u00f3 la carencia espacial de los locales donde se hab\u00eda asentado el primer colegio, una iniciativa debida a la Compa\u00f1\u00eda de las Hijas de la Caridad de San Vicente de Pa\u00fal. Este hecho hizo que su superiora, Sor Mar\u00eda de la Soledad Cobi\u00e1n, iniciara las gestiones para edificar un inmueble de grandes proporciones en unos terrenos desprovistos de arquitectura circundante. La f\u00e1brica resultante se articula por medio de un gran bloque de planta cuadrangular en donde destaca la utilizaci\u00f3n del hormig\u00f3n armado para simular la canter\u00eda de cornisas, molduras y dem\u00e1s elementos constructivos. El volumen acoge en sus diferentes alturas la zona reservada a la comunidad, la capilla y las aulas destinadas a la docencia. Destaca su fachada principal, con una elegante escalera de doble tramo que salva el desnivel que producen sus distintas alturas. &nbsp;\" \/>\n<meta property=\"og:url\" content=\"https:\/\/www.laorotava.es\/turismo\/57-colegio-de-la-milagrosa\/\" \/>\n<meta property=\"og:site_name\" content=\"Web de Turismo del Ayuntamiento de La Orotava\" \/>\n<meta property=\"article:publisher\" content=\"https:\/\/www.facebook.com\/TurismoLaOrotava\/\" \/>\n<meta name=\"twitter:card\" content=\"summary_large_image\" \/>\n<meta name=\"twitter:site\" content=\"@LaOrotava\" \/>\n<meta name=\"twitter:label1\" content=\"Tiempo de lectura\" \/>\n\t<meta name=\"twitter:data1\" content=\"1 minuto\" \/>\n<script type=\"application\/ld+json\" class=\"yoast-schema-graph\">{\"@context\":\"https:\/\/schema.org\",\"@graph\":[{\"@type\":\"WebPage\",\"@id\":\"https:\/\/www.laorotava.es\/turismo\/57-colegio-de-la-milagrosa\/\",\"url\":\"https:\/\/www.laorotava.es\/turismo\/57-colegio-de-la-milagrosa\/\",\"name\":\"57 Colegio de La Milagrosa - Web de Turismo del Ayuntamiento de La Orotava\",\"isPartOf\":{\"@id\":\"https:\/\/www.laorotava.es\/turismo\/#website\"},\"datePublished\":\"2019-01-28T11:53:35+00:00\",\"breadcrumb\":{\"@id\":\"https:\/\/www.laorotava.es\/turismo\/57-colegio-de-la-milagrosa\/#breadcrumb\"},\"inLanguage\":\"es\",\"potentialAction\":[{\"@type\":\"ReadAction\",\"target\":[\"https:\/\/www.laorotava.es\/turismo\/57-colegio-de-la-milagrosa\/\"]}]},{\"@type\":\"BreadcrumbList\",\"@id\":\"https:\/\/www.laorotava.es\/turismo\/57-colegio-de-la-milagrosa\/#breadcrumb\",\"itemListElement\":[{\"@type\":\"ListItem\",\"position\":1,\"name\":\"Portada\",\"item\":\"https:\/\/www.laorotava.es\/turismo\/\"},{\"@type\":\"ListItem\",\"position\":2,\"name\":\"57 Colegio de La Milagrosa\"}]},{\"@type\":\"WebSite\",\"@id\":\"https:\/\/www.laorotava.es\/turismo\/#website\",\"url\":\"https:\/\/www.laorotava.es\/turismo\/\",\"name\":\"Web de Turismo del Ayuntamiento de La Orotava\",\"description\":\"\",\"publisher\":{\"@id\":\"https:\/\/www.laorotava.es\/turismo\/#organization\"},\"potentialAction\":[{\"@type\":\"SearchAction\",\"target\":{\"@type\":\"EntryPoint\",\"urlTemplate\":\"https:\/\/www.laorotava.es\/turismo\/?s={search_term_string}\"},\"query-input\":{\"@type\":\"PropertyValueSpecification\",\"valueRequired\":true,\"valueName\":\"search_term_string\"}}],\"inLanguage\":\"es\"},{\"@type\":\"Organization\",\"@id\":\"https:\/\/www.laorotava.es\/turismo\/#organization\",\"name\":\"Ayuntamiento de La Orotava\",\"url\":\"https:\/\/www.laorotava.es\/turismo\/\",\"logo\":{\"@type\":\"ImageObject\",\"inLanguage\":\"es\",\"@id\":\"https:\/\/www.laorotava.es\/turismo\/#\/schema\/logo\/image\/\",\"url\":\"https:\/\/www.laorotava.es\/turismo\/wp-content\/uploads\/2022\/08\/logo.png\",\"contentUrl\":\"https:\/\/www.laorotava.es\/turismo\/wp-content\/uploads\/2022\/08\/logo.png\",\"width\":1195,\"height\":180,\"caption\":\"Ayuntamiento de La Orotava\"},\"image\":{\"@id\":\"https:\/\/www.laorotava.es\/turismo\/#\/schema\/logo\/image\/\"},\"sameAs\":[\"https:\/\/www.facebook.com\/TurismoLaOrotava\/\",\"https:\/\/x.com\/LaOrotava\"]}]}<\/script>\n<!-- \/ Yoast SEO plugin. -->","yoast_head_json":{"title":"57 Colegio de La Milagrosa - Web de Turismo del Ayuntamiento de La Orotava","robots":{"index":"index","follow":"follow","max-snippet":"max-snippet:-1","max-image-preview":"max-image-preview:large","max-video-preview":"max-video-preview:-1"},"canonical":"https:\/\/www.laorotava.es\/turismo\/57-colegio-de-la-milagrosa\/","og_locale":"es_ES","og_type":"article","og_title":"57 Colegio de La Milagrosa - Web de Turismo del Ayuntamiento de La Orotava","og_description":"Your browser does not support the audio element. El Colegio de la Milagrosa es uno de los mejores ejemplos de la arquitectura escolar desarrollada en Canarias en el primer tercio del siglo XX pr\u00f3xima a postulados monumentalistas. La f\u00e1brica nace por las necesidades que motiv\u00f3 la carencia espacial de los locales donde se hab\u00eda asentado el primer colegio, una iniciativa debida a la Compa\u00f1\u00eda de las Hijas de la Caridad de San Vicente de Pa\u00fal. Este hecho hizo que su superiora, Sor Mar\u00eda de la Soledad Cobi\u00e1n, iniciara las gestiones para edificar un inmueble de grandes proporciones en unos terrenos desprovistos de arquitectura circundante. La f\u00e1brica resultante se articula por medio de un gran bloque de planta cuadrangular en donde destaca la utilizaci\u00f3n del hormig\u00f3n armado para simular la canter\u00eda de cornisas, molduras y dem\u00e1s elementos constructivos. El volumen acoge en sus diferentes alturas la zona reservada a la comunidad, la capilla y las aulas destinadas a la docencia. Destaca su fachada principal, con una elegante escalera de doble tramo que salva el desnivel que producen sus distintas alturas. &nbsp;","og_url":"https:\/\/www.laorotava.es\/turismo\/57-colegio-de-la-milagrosa\/","og_site_name":"Web de Turismo del Ayuntamiento de La Orotava","article_publisher":"https:\/\/www.facebook.com\/TurismoLaOrotava\/","twitter_card":"summary_large_image","twitter_site":"@LaOrotava","twitter_misc":{"Tiempo de lectura":"1 minuto"},"schema":{"@context":"https:\/\/schema.org","@graph":[{"@type":"WebPage","@id":"https:\/\/www.laorotava.es\/turismo\/57-colegio-de-la-milagrosa\/","url":"https:\/\/www.laorotava.es\/turismo\/57-colegio-de-la-milagrosa\/","name":"57 Colegio de La Milagrosa - Web de Turismo del Ayuntamiento de La Orotava","isPartOf":{"@id":"https:\/\/www.laorotava.es\/turismo\/#website"},"datePublished":"2019-01-28T11:53:35+00:00","breadcrumb":{"@id":"https:\/\/www.laorotava.es\/turismo\/57-colegio-de-la-milagrosa\/#breadcrumb"},"inLanguage":"es","potentialAction":[{"@type":"ReadAction","target":["https:\/\/www.laorotava.es\/turismo\/57-colegio-de-la-milagrosa\/"]}]},{"@type":"BreadcrumbList","@id":"https:\/\/www.laorotava.es\/turismo\/57-colegio-de-la-milagrosa\/#breadcrumb","itemListElement":[{"@type":"ListItem","position":1,"name":"Portada","item":"https:\/\/www.laorotava.es\/turismo\/"},{"@type":"ListItem","position":2,"name":"57 Colegio de La Milagrosa"}]},{"@type":"WebSite","@id":"https:\/\/www.laorotava.es\/turismo\/#website","url":"https:\/\/www.laorotava.es\/turismo\/","name":"Web de Turismo del Ayuntamiento de La Orotava","description":"","publisher":{"@id":"https:\/\/www.laorotava.es\/turismo\/#organization"},"potentialAction":[{"@type":"SearchAction","target":{"@type":"EntryPoint","urlTemplate":"https:\/\/www.laorotava.es\/turismo\/?s={search_term_string}"},"query-input":{"@type":"PropertyValueSpecification","valueRequired":true,"valueName":"search_term_string"}}],"inLanguage":"es"},{"@type":"Organization","@id":"https:\/\/www.laorotava.es\/turismo\/#organization","name":"Ayuntamiento de La Orotava","url":"https:\/\/www.laorotava.es\/turismo\/","logo":{"@type":"ImageObject","inLanguage":"es","@id":"https:\/\/www.laorotava.es\/turismo\/#\/schema\/logo\/image\/","url":"https:\/\/www.laorotava.es\/turismo\/wp-content\/uploads\/2022\/08\/logo.png","contentUrl":"https:\/\/www.laorotava.es\/turismo\/wp-content\/uploads\/2022\/08\/logo.png","width":1195,"height":180,"caption":"Ayuntamiento de La Orotava"},"image":{"@id":"https:\/\/www.laorotava.es\/turismo\/#\/schema\/logo\/image\/"},"sameAs":["https:\/\/www.facebook.com\/TurismoLaOrotava\/","https:\/\/x.com\/LaOrotava"]}]}},"_links":{"self":[{"href":"https:\/\/www.laorotava.es\/turismo\/wp-json\/wp\/v2\/pages\/1181","targetHints":{"allow":["GET"]}}],"collection":[{"href":"https:\/\/www.laorotava.es\/turismo\/wp-json\/wp\/v2\/pages"}],"about":[{"href":"https:\/\/www.laorotava.es\/turismo\/wp-json\/wp\/v2\/types\/page"}],"author":[{"embeddable":true,"href":"https:\/\/www.laorotava.es\/turismo\/wp-json\/wp\/v2\/users\/3"}],"replies":[{"embeddable":true,"href":"https:\/\/www.laorotava.es\/turismo\/wp-json\/wp\/v2\/comments?post=1181"}],"version-history":[{"count":0,"href":"https:\/\/www.laorotava.es\/turismo\/wp-json\/wp\/v2\/pages\/1181\/revisions"}],"wp:attachment":[{"href":"https:\/\/www.laorotava.es\/turismo\/wp-json\/wp\/v2\/media?parent=1181"}],"curies":[{"name":"wp","href":"https:\/\/api.w.org\/{rel}","templated":true}]}}