{"id":1407,"date":"2021-05-19T07:44:22","date_gmt":"2021-05-19T07:44:22","guid":{"rendered":"https:\/\/www.laorotava.es\/turismo\/?page_id=1407"},"modified":"2022-07-25T10:07:07","modified_gmt":"2022-07-25T10:07:07","slug":"salitre-almagre-y-azufre-etapa-2-ruta-de-escape-2","status":"publish","type":"page","link":"https:\/\/www.laorotava.es\/turismo\/salitre-almagre-y-azufre-etapa-2-ruta-de-escape-2\/","title":{"rendered":"Salitre Almagre y Azufre: Etapa 2: Ruta de Escape 2 &#8211; Pista Los Picachos"},"content":{"rendered":"<h2 class=\"centrado letra-capital negrita\">Etapa 2: Ruta de Escape 2 &#8211; Pista Los Picachos<\/h2>\n<h2>Datos t\u00e9cnicos<\/h2>\n<div class=\"row\">\n<div class=\"col-md-6 col-sm-12 embed-container\" style=\"border:2px solid #eee; overflow:hidden;\"><iframe height=\"406\" src=\"https:\/\/www.google.com\/maps\/d\/u\/2\/embed?mid=1YzK2AKdF87p3kQSl3Ruqg0ErPzLadtos&amp;z=15\" style=\"top:-54px; border:none;\"><\/iframe><\/p>\n<div class=\"linkMyMaps\">\n<p class=\"font-globe-ruta\"><a href=\"https:\/\/www.google.com\/maps\/d\/viewer?mid=1GykGEep-logR0ysiGbeuSvd5PPK6pKZU&amp;z=11\">Ver ruta completa en Google MyMaps<\/a><\/p>\n<\/div>\n<\/div>\n<div class=\"col-md-6 col-sm-12\">\n<ul>\n<li><strong>Inicio:<\/strong>&nbsp;Intersecci\u00f3n del Sendero GR-131 con la Pista de Los Picachos en el Km 6,6 de la Ruta. El punto de inicio de esta ruta de escape est\u00e1 por lo tanto a 6,6 km de la poblaci\u00f3n de Camino de Chasna.<\/li>\n<li><strong>Fin:<\/strong>&nbsp;Km 26,2 de la Carretera TF-21.<\/li>\n<li><strong>Distancia:<\/strong>&nbsp;1,2 km<\/li>\n<li><strong>Grado de dificultad<sup class=\"negrita\">*<\/sup>:<\/strong>&nbsp;Bajo<\/li>\n<li><strong>Tiempo aproximado:<\/strong>&nbsp;25 m<\/li>\n<li><strong>Tipo de recorrido:<\/strong>&nbsp;Lineal.<\/li>\n<li><strong>Altura inicio:<\/strong>&nbsp;1.638 metros (a.s.n.m.)<\/li>\n<li><strong>Altura final:<\/strong>&nbsp;1.685 metros (a.s.n.m.)<\/li>\n<li><strong>Desnivel total:<\/strong>&nbsp;47 metros (diferencia de altura entre el punto de inicio y el punto final)<\/li>\n<li><strong>Pendiente media:<\/strong>&nbsp;4 %<\/li>\n<li><strong>Desnivel acumulado de ascenso:<\/strong>&nbsp;58 metros<\/li>\n<li><strong>Desnivel acumulado de descenso:<\/strong>&nbsp;10 metros<\/li>\n<li><strong>Cobertura:<\/strong>&nbsp;<\/li>\n<\/ul>\n<\/div>\n<\/div>\n<div class=\"block gris\"><sup><strong>*<\/strong><\/sup>&nbsp;<strong>Grado de dificultad:&nbsp;<\/strong>Es importante tener en cuenta que, aunque el grado de dificultad de esta &#8220;ruta de escape&#8221; es bajo, pues tan solo tiene 1,2 kil\u00f3metros de longitud y no presenta una pendiente considerable, el hecho de tomar esta alternativa normalmente llevar\u00e1 impl\u00edcita la aparici\u00f3n de un problema de mayor o menor importancia durante la ruta por lo que ser\u00e1n las circunstancias en las que nos encontremos las que marcar\u00e1n el grado de dificultad.<\/div>\n<h2 class=\"centrado\">Perfil<\/h2>\n<p class=\"centrado\"><img fetchpriority=\"high\" decoding=\"async\" class=\" size-full wp-image-1405\" alt=\"Altimetr\u00eda\" src=\"https:\/\/www.laorotava.es\/turismo\/wp-content\/uploads\/2021\/05\/etapa2_ruta_escape2_pista_los_picachos_altimetria.png\" width=\"1313\" height=\"398\" srcset=\"https:\/\/www.laorotava.es\/turismo\/wp-content\/uploads\/2021\/05\/etapa2_ruta_escape2_pista_los_picachos_altimetria.png 1313w, https:\/\/www.laorotava.es\/turismo\/wp-content\/uploads\/2021\/05\/etapa2_ruta_escape2_pista_los_picachos_altimetria-300x91.png 300w, https:\/\/www.laorotava.es\/turismo\/wp-content\/uploads\/2021\/05\/etapa2_ruta_escape2_pista_los_picachos_altimetria-1024x310.png 1024w, https:\/\/www.laorotava.es\/turismo\/wp-content\/uploads\/2021\/05\/etapa2_ruta_escape2_pista_los_picachos_altimetria-768x233.png 768w\" sizes=\"(max-width: 1313px) 100vw, 1313px\" \/><\/p>\n<div class=\"row\">\n<div class=\"col-md-8 col-sm-12\">\n<h2>Descargas<\/h2>\n<h6 class=\"font-compass-gpx\"><a download=\"\" href=\"\/sites\/default\/files\/salitre_almagre_azufre\/etapa2\/rutas_escape\/track_rutas_escape_etapa2.gpx\">GPX Rutas de Escape (Etapa 2)<\/a><\/h6>\n<h6 class=\"font-gps-kml\"><a download=\"\" href=\"\/sites\/default\/files\/salitre_almagre_azufre\/etapa2\/kmz_salitre_almagre_y_azufre_etapa2_rutas_de_escape.kmz\">KMZ Rutas de Escape (Etapa 2)<\/a><\/h6>\n<\/div>\n<div class=\"col-md-4 col-sm-12\">\n<h2 class=\"alinea-derecha\">Otras rutas de escape<\/h2>\n<h6 class=\"font-map-etapa\"><a href=\"https:\/\/www.laorotava.es\/turismo\/?page_id=1403\">Etapa 2: Ruta de Escape 1 &#8211; Pista Mataznos<\/a><\/h6>\n<h2 class=\"alinea-derecha\">Etapas<\/h2>\n<h6 class=\"font-map-etapa\"><a href=\"https:\/\/www.laorotava.es\/turismo\/?page_id=1397\">Etapas<\/a><\/h6>\n<\/div>\n<\/div>\n","protected":false},"excerpt":{"rendered":"<p>Etapa 2: Ruta de Escape 2 &#8211; Pista Los Picachos Datos t\u00e9cnicos Ver ruta completa en Google MyMaps Inicio:&nbsp;Intersecci\u00f3n del Sendero GR-131 con la Pista de Los Picachos en el Km 6,6 de la Ruta. El punto de inicio de esta ruta de escape est\u00e1 por lo tanto a 6,6 km de la poblaci\u00f3n de Camino de Chasna. Fin:&nbsp;Km 26,2 de la Carretera TF-21. Distancia:&nbsp;1,2 km Grado de dificultad*:&nbsp;Bajo Tiempo aproximado:&nbsp;25 m Tipo de recorrido:&nbsp;Lineal. Altura inicio:&nbsp;1.638 metros (a.s.n.m.) Altura final:&nbsp;1.685 metros (a.s.n.m.) Desnivel total:&nbsp;47 metros (diferencia de altura entre el punto de inicio y el punto final) Pendiente media:&nbsp;4 % Desnivel acumulado de ascenso:&nbsp;58 metros Desnivel acumulado de descenso:&nbsp;10 metros Cobertura:&nbsp; *&nbsp;Grado de dificultad:&nbsp;Es importante tener en cuenta que, aunque el grado de dificultad de esta &#8220;ruta de escape&#8221; es bajo, pues tan solo tiene 1,2 kil\u00f3metros de longitud y no presenta una pendiente considerable, el hecho de tomar esta alternativa normalmente llevar\u00e1 impl\u00edcita la aparici\u00f3n de un problema de mayor o menor importancia durante la ruta por lo que ser\u00e1n las circunstancias en las que nos encontremos las que marcar\u00e1n el grado de dificultad. Perfil Descargas GPX Rutas de Escape (Etapa 2) KMZ Rutas de Escape (Etapa 2) Otras rutas de escape Etapa 2: Ruta de Escape 1 &#8211; Pista Mataznos Etapas Etapas<\/p>\n","protected":false},"author":3,"featured_media":1405,"parent":0,"menu_order":0,"comment_status":"closed","ping_status":"closed","template":"","meta":{"_acf_changed":false,"ocean_post_layout":"","ocean_both_sidebars_style":"","ocean_both_sidebars_content_width":0,"ocean_both_sidebars_sidebars_width":0,"ocean_sidebar":"","ocean_second_sidebar":"","ocean_disable_margins":"enable","ocean_add_body_class":"","ocean_shortcode_before_top_bar":"","ocean_shortcode_after_top_bar":"","ocean_shortcode_before_header":"","ocean_shortcode_after_header":"","ocean_has_shortcode":"","ocean_shortcode_after_title":"","ocean_shortcode_before_footer_widgets":"","ocean_shortcode_after_footer_widgets":"","ocean_shortcode_before_footer_bottom":"","ocean_shortcode_after_footer_bottom":"","ocean_display_top_bar":"default","ocean_display_header":"default","ocean_header_style":"","ocean_center_header_left_menu":"","ocean_custom_header_template":"","ocean_custom_logo":0,"ocean_custom_retina_logo":0,"ocean_custom_logo_max_width":0,"ocean_custom_logo_tablet_max_width":0,"ocean_custom_logo_mobile_max_width":0,"ocean_custom_logo_max_height":0,"ocean_custom_logo_tablet_max_height":0,"ocean_custom_logo_mobile_max_height":0,"ocean_header_custom_menu":"","ocean_menu_typo_font_family":"","ocean_menu_typo_font_subset":"","ocean_menu_typo_font_size":0,"ocean_menu_typo_font_size_tablet":0,"ocean_menu_typo_font_size_mobile":0,"ocean_menu_typo_font_size_unit":"px","ocean_menu_typo_font_weight":"","ocean_menu_typo_font_weight_tablet":"","ocean_menu_typo_font_weight_mobile":"","ocean_menu_typo_transform":"","ocean_menu_typo_transform_tablet":"","ocean_menu_typo_transform_mobile":"","ocean_menu_typo_line_height":0,"ocean_menu_typo_line_height_tablet":0,"ocean_menu_typo_line_height_mobile":0,"ocean_menu_typo_line_height_unit":"","ocean_menu_typo_spacing":0,"ocean_menu_typo_spacing_tablet":0,"ocean_menu_typo_spacing_mobile":0,"ocean_menu_typo_spacing_unit":"","ocean_menu_link_color":"","ocean_menu_link_color_hover":"","ocean_menu_link_color_active":"","ocean_menu_link_background":"","ocean_menu_link_hover_background":"","ocean_menu_link_active_background":"","ocean_menu_social_links_bg":"","ocean_menu_social_hover_links_bg":"","ocean_menu_social_links_color":"","ocean_menu_social_hover_links_color":"","ocean_disable_title":"default","ocean_disable_heading":"default","ocean_post_title":"","ocean_post_subheading":"","ocean_post_title_style":"","ocean_post_title_background_color":"","ocean_post_title_background":0,"ocean_post_title_bg_image_position":"","ocean_post_title_bg_image_attachment":"","ocean_post_title_bg_image_repeat":"","ocean_post_title_bg_image_size":"","ocean_post_title_height":0,"ocean_post_title_bg_overlay":0.5,"ocean_post_title_bg_overlay_color":"","ocean_disable_breadcrumbs":"default","ocean_breadcrumbs_color":"","ocean_breadcrumbs_separator_color":"","ocean_breadcrumbs_links_color":"","ocean_breadcrumbs_links_hover_color":"","ocean_display_footer_widgets":"default","ocean_display_footer_bottom":"default","ocean_custom_footer_template":"","footnotes":""},"class_list":["post-1407","page","type-page","status-publish","has-post-thumbnail","hentry","entry","has-media"],"acf":[],"yoast_head":"<!-- This site is optimized with the Yoast SEO plugin v27.2 - https:\/\/yoast.com\/product\/yoast-seo-wordpress\/ -->\n<title>Salitre Almagre y Azufre: Etapa 2: Ruta de Escape 2 - Pista Los Picachos - Web de Turismo del Ayuntamiento de La Orotava<\/title>\n<meta name=\"robots\" content=\"index, follow, max-snippet:-1, max-image-preview:large, max-video-preview:-1\" \/>\n<link rel=\"canonical\" href=\"https:\/\/www.laorotava.es\/turismo\/salitre-almagre-y-azufre-etapa-2-ruta-de-escape-2\/\" \/>\n<meta property=\"og:locale\" content=\"es_ES\" \/>\n<meta property=\"og:type\" content=\"article\" \/>\n<meta property=\"og:title\" content=\"Salitre Almagre y Azufre: Etapa 2: Ruta de Escape 2 - Pista Los Picachos - Web de Turismo del Ayuntamiento de La Orotava\" \/>\n<meta property=\"og:description\" content=\"Etapa 2: Ruta de Escape 2 &#8211; Pista Los Picachos Datos t\u00e9cnicos Ver ruta completa en Google MyMaps Inicio:&nbsp;Intersecci\u00f3n del Sendero GR-131 con la Pista de Los Picachos en el Km 6,6 de la Ruta. El punto de inicio de esta ruta de escape est\u00e1 por lo tanto a 6,6 km de la poblaci\u00f3n de Camino de Chasna. Fin:&nbsp;Km 26,2 de la Carretera TF-21. Distancia:&nbsp;1,2 km Grado de dificultad*:&nbsp;Bajo Tiempo aproximado:&nbsp;25 m Tipo de recorrido:&nbsp;Lineal. Altura inicio:&nbsp;1.638 metros (a.s.n.m.) Altura final:&nbsp;1.685 metros (a.s.n.m.) Desnivel total:&nbsp;47 metros (diferencia de altura entre el punto de inicio y el punto final) Pendiente media:&nbsp;4 % Desnivel acumulado de ascenso:&nbsp;58 metros Desnivel acumulado de descenso:&nbsp;10 metros Cobertura:&nbsp; *&nbsp;Grado de dificultad:&nbsp;Es importante tener en cuenta que, aunque el grado de dificultad de esta &#8220;ruta de escape&#8221; es bajo, pues tan solo tiene 1,2 kil\u00f3metros de longitud y no presenta una pendiente considerable, el hecho de tomar esta alternativa normalmente llevar\u00e1 impl\u00edcita la aparici\u00f3n de un problema de mayor o menor importancia durante la ruta por lo que ser\u00e1n las circunstancias en las que nos encontremos las que marcar\u00e1n el grado de dificultad. Perfil Descargas GPX Rutas de Escape (Etapa 2) KMZ Rutas de Escape (Etapa 2) Otras rutas de escape Etapa 2: Ruta de Escape 1 &#8211; Pista Mataznos Etapas Etapas\" \/>\n<meta property=\"og:url\" content=\"https:\/\/www.laorotava.es\/turismo\/salitre-almagre-y-azufre-etapa-2-ruta-de-escape-2\/\" \/>\n<meta property=\"og:site_name\" content=\"Web de Turismo del Ayuntamiento de La Orotava\" \/>\n<meta property=\"article:publisher\" content=\"https:\/\/www.facebook.com\/TurismoLaOrotava\/\" \/>\n<meta property=\"article:modified_time\" content=\"2022-07-25T10:07:07+00:00\" \/>\n<meta property=\"og:image\" content=\"https:\/\/www.laorotava.es\/turismo\/wp-content\/uploads\/2021\/05\/etapa2_ruta_escape2_pista_los_picachos_altimetria.png\" \/>\n\t<meta property=\"og:image:width\" content=\"1313\" \/>\n\t<meta property=\"og:image:height\" content=\"398\" \/>\n\t<meta property=\"og:image:type\" content=\"image\/png\" \/>\n<meta name=\"twitter:card\" content=\"summary_large_image\" \/>\n<meta name=\"twitter:site\" content=\"@LaOrotava\" \/>\n<meta name=\"twitter:label1\" content=\"Tiempo de lectura\" \/>\n\t<meta name=\"twitter:data1\" content=\"1 minuto\" \/>\n<script type=\"application\/ld+json\" class=\"yoast-schema-graph\">{\"@context\":\"https:\/\/schema.org\",\"@graph\":[{\"@type\":\"WebPage\",\"@id\":\"https:\/\/www.laorotava.es\/turismo\/salitre-almagre-y-azufre-etapa-2-ruta-de-escape-2\/\",\"url\":\"https:\/\/www.laorotava.es\/turismo\/salitre-almagre-y-azufre-etapa-2-ruta-de-escape-2\/\",\"name\":\"Salitre Almagre y Azufre: Etapa 2: Ruta de Escape 2 - Pista Los Picachos - Web de Turismo del Ayuntamiento de La Orotava\",\"isPartOf\":{\"@id\":\"https:\/\/www.laorotava.es\/turismo\/#website\"},\"primaryImageOfPage\":{\"@id\":\"https:\/\/www.laorotava.es\/turismo\/salitre-almagre-y-azufre-etapa-2-ruta-de-escape-2\/#primaryimage\"},\"image\":{\"@id\":\"https:\/\/www.laorotava.es\/turismo\/salitre-almagre-y-azufre-etapa-2-ruta-de-escape-2\/#primaryimage\"},\"thumbnailUrl\":\"https:\/\/www.laorotava.es\/turismo\/wp-content\/uploads\/2021\/05\/etapa2_ruta_escape2_pista_los_picachos_altimetria.png\",\"datePublished\":\"2021-05-19T07:44:22+00:00\",\"dateModified\":\"2022-07-25T10:07:07+00:00\",\"breadcrumb\":{\"@id\":\"https:\/\/www.laorotava.es\/turismo\/salitre-almagre-y-azufre-etapa-2-ruta-de-escape-2\/#breadcrumb\"},\"inLanguage\":\"es\",\"potentialAction\":[{\"@type\":\"ReadAction\",\"target\":[\"https:\/\/www.laorotava.es\/turismo\/salitre-almagre-y-azufre-etapa-2-ruta-de-escape-2\/\"]}]},{\"@type\":\"ImageObject\",\"inLanguage\":\"es\",\"@id\":\"https:\/\/www.laorotava.es\/turismo\/salitre-almagre-y-azufre-etapa-2-ruta-de-escape-2\/#primaryimage\",\"url\":\"https:\/\/www.laorotava.es\/turismo\/wp-content\/uploads\/2021\/05\/etapa2_ruta_escape2_pista_los_picachos_altimetria.png\",\"contentUrl\":\"https:\/\/www.laorotava.es\/turismo\/wp-content\/uploads\/2021\/05\/etapa2_ruta_escape2_pista_los_picachos_altimetria.png\",\"width\":1313,\"height\":398,\"caption\":\"Altimetr\u00eda\"},{\"@type\":\"BreadcrumbList\",\"@id\":\"https:\/\/www.laorotava.es\/turismo\/salitre-almagre-y-azufre-etapa-2-ruta-de-escape-2\/#breadcrumb\",\"itemListElement\":[{\"@type\":\"ListItem\",\"position\":1,\"name\":\"Portada\",\"item\":\"https:\/\/www.laorotava.es\/turismo\/\"},{\"@type\":\"ListItem\",\"position\":2,\"name\":\"Salitre Almagre y Azufre: Etapa 2: Ruta de Escape 2 &#8211; Pista Los Picachos\"}]},{\"@type\":\"WebSite\",\"@id\":\"https:\/\/www.laorotava.es\/turismo\/#website\",\"url\":\"https:\/\/www.laorotava.es\/turismo\/\",\"name\":\"Web de Turismo del Ayuntamiento de La Orotava\",\"description\":\"\",\"publisher\":{\"@id\":\"https:\/\/www.laorotava.es\/turismo\/#organization\"},\"potentialAction\":[{\"@type\":\"SearchAction\",\"target\":{\"@type\":\"EntryPoint\",\"urlTemplate\":\"https:\/\/www.laorotava.es\/turismo\/?s={search_term_string}\"},\"query-input\":{\"@type\":\"PropertyValueSpecification\",\"valueRequired\":true,\"valueName\":\"search_term_string\"}}],\"inLanguage\":\"es\"},{\"@type\":\"Organization\",\"@id\":\"https:\/\/www.laorotava.es\/turismo\/#organization\",\"name\":\"Ayuntamiento de La Orotava\",\"url\":\"https:\/\/www.laorotava.es\/turismo\/\",\"logo\":{\"@type\":\"ImageObject\",\"inLanguage\":\"es\",\"@id\":\"https:\/\/www.laorotava.es\/turismo\/#\/schema\/logo\/image\/\",\"url\":\"https:\/\/www.laorotava.es\/turismo\/wp-content\/uploads\/2022\/08\/logo.png\",\"contentUrl\":\"https:\/\/www.laorotava.es\/turismo\/wp-content\/uploads\/2022\/08\/logo.png\",\"width\":1195,\"height\":180,\"caption\":\"Ayuntamiento de La Orotava\"},\"image\":{\"@id\":\"https:\/\/www.laorotava.es\/turismo\/#\/schema\/logo\/image\/\"},\"sameAs\":[\"https:\/\/www.facebook.com\/TurismoLaOrotava\/\",\"https:\/\/x.com\/LaOrotava\"]}]}<\/script>\n<!-- \/ Yoast SEO plugin. -->","yoast_head_json":{"title":"Salitre Almagre y Azufre: Etapa 2: Ruta de Escape 2 - Pista Los Picachos - Web de Turismo del Ayuntamiento de La Orotava","robots":{"index":"index","follow":"follow","max-snippet":"max-snippet:-1","max-image-preview":"max-image-preview:large","max-video-preview":"max-video-preview:-1"},"canonical":"https:\/\/www.laorotava.es\/turismo\/salitre-almagre-y-azufre-etapa-2-ruta-de-escape-2\/","og_locale":"es_ES","og_type":"article","og_title":"Salitre Almagre y Azufre: Etapa 2: Ruta de Escape 2 - Pista Los Picachos - Web de Turismo del Ayuntamiento de La Orotava","og_description":"Etapa 2: Ruta de Escape 2 &#8211; Pista Los Picachos Datos t\u00e9cnicos Ver ruta completa en Google MyMaps Inicio:&nbsp;Intersecci\u00f3n del Sendero GR-131 con la Pista de Los Picachos en el Km 6,6 de la Ruta. El punto de inicio de esta ruta de escape est\u00e1 por lo tanto a 6,6 km de la poblaci\u00f3n de Camino de Chasna. Fin:&nbsp;Km 26,2 de la Carretera TF-21. Distancia:&nbsp;1,2 km Grado de dificultad*:&nbsp;Bajo Tiempo aproximado:&nbsp;25 m Tipo de recorrido:&nbsp;Lineal. Altura inicio:&nbsp;1.638 metros (a.s.n.m.) Altura final:&nbsp;1.685 metros (a.s.n.m.) Desnivel total:&nbsp;47 metros (diferencia de altura entre el punto de inicio y el punto final) Pendiente media:&nbsp;4 % Desnivel acumulado de ascenso:&nbsp;58 metros Desnivel acumulado de descenso:&nbsp;10 metros Cobertura:&nbsp; *&nbsp;Grado de dificultad:&nbsp;Es importante tener en cuenta que, aunque el grado de dificultad de esta &#8220;ruta de escape&#8221; es bajo, pues tan solo tiene 1,2 kil\u00f3metros de longitud y no presenta una pendiente considerable, el hecho de tomar esta alternativa normalmente llevar\u00e1 impl\u00edcita la aparici\u00f3n de un problema de mayor o menor importancia durante la ruta por lo que ser\u00e1n las circunstancias en las que nos encontremos las que marcar\u00e1n el grado de dificultad. Perfil Descargas GPX Rutas de Escape (Etapa 2) KMZ Rutas de Escape (Etapa 2) Otras rutas de escape Etapa 2: Ruta de Escape 1 &#8211; Pista Mataznos Etapas Etapas","og_url":"https:\/\/www.laorotava.es\/turismo\/salitre-almagre-y-azufre-etapa-2-ruta-de-escape-2\/","og_site_name":"Web de Turismo del Ayuntamiento de La Orotava","article_publisher":"https:\/\/www.facebook.com\/TurismoLaOrotava\/","article_modified_time":"2022-07-25T10:07:07+00:00","og_image":[{"width":1313,"height":398,"url":"https:\/\/www.laorotava.es\/turismo\/wp-content\/uploads\/2021\/05\/etapa2_ruta_escape2_pista_los_picachos_altimetria.png","type":"image\/png"}],"twitter_card":"summary_large_image","twitter_site":"@LaOrotava","twitter_misc":{"Tiempo de lectura":"1 minuto"},"schema":{"@context":"https:\/\/schema.org","@graph":[{"@type":"WebPage","@id":"https:\/\/www.laorotava.es\/turismo\/salitre-almagre-y-azufre-etapa-2-ruta-de-escape-2\/","url":"https:\/\/www.laorotava.es\/turismo\/salitre-almagre-y-azufre-etapa-2-ruta-de-escape-2\/","name":"Salitre Almagre y Azufre: Etapa 2: Ruta de Escape 2 - Pista Los Picachos - Web de Turismo del Ayuntamiento de La Orotava","isPartOf":{"@id":"https:\/\/www.laorotava.es\/turismo\/#website"},"primaryImageOfPage":{"@id":"https:\/\/www.laorotava.es\/turismo\/salitre-almagre-y-azufre-etapa-2-ruta-de-escape-2\/#primaryimage"},"image":{"@id":"https:\/\/www.laorotava.es\/turismo\/salitre-almagre-y-azufre-etapa-2-ruta-de-escape-2\/#primaryimage"},"thumbnailUrl":"https:\/\/www.laorotava.es\/turismo\/wp-content\/uploads\/2021\/05\/etapa2_ruta_escape2_pista_los_picachos_altimetria.png","datePublished":"2021-05-19T07:44:22+00:00","dateModified":"2022-07-25T10:07:07+00:00","breadcrumb":{"@id":"https:\/\/www.laorotava.es\/turismo\/salitre-almagre-y-azufre-etapa-2-ruta-de-escape-2\/#breadcrumb"},"inLanguage":"es","potentialAction":[{"@type":"ReadAction","target":["https:\/\/www.laorotava.es\/turismo\/salitre-almagre-y-azufre-etapa-2-ruta-de-escape-2\/"]}]},{"@type":"ImageObject","inLanguage":"es","@id":"https:\/\/www.laorotava.es\/turismo\/salitre-almagre-y-azufre-etapa-2-ruta-de-escape-2\/#primaryimage","url":"https:\/\/www.laorotava.es\/turismo\/wp-content\/uploads\/2021\/05\/etapa2_ruta_escape2_pista_los_picachos_altimetria.png","contentUrl":"https:\/\/www.laorotava.es\/turismo\/wp-content\/uploads\/2021\/05\/etapa2_ruta_escape2_pista_los_picachos_altimetria.png","width":1313,"height":398,"caption":"Altimetr\u00eda"},{"@type":"BreadcrumbList","@id":"https:\/\/www.laorotava.es\/turismo\/salitre-almagre-y-azufre-etapa-2-ruta-de-escape-2\/#breadcrumb","itemListElement":[{"@type":"ListItem","position":1,"name":"Portada","item":"https:\/\/www.laorotava.es\/turismo\/"},{"@type":"ListItem","position":2,"name":"Salitre Almagre y Azufre: Etapa 2: Ruta de Escape 2 &#8211; Pista Los Picachos"}]},{"@type":"WebSite","@id":"https:\/\/www.laorotava.es\/turismo\/#website","url":"https:\/\/www.laorotava.es\/turismo\/","name":"Web de Turismo del Ayuntamiento de La Orotava","description":"","publisher":{"@id":"https:\/\/www.laorotava.es\/turismo\/#organization"},"potentialAction":[{"@type":"SearchAction","target":{"@type":"EntryPoint","urlTemplate":"https:\/\/www.laorotava.es\/turismo\/?s={search_term_string}"},"query-input":{"@type":"PropertyValueSpecification","valueRequired":true,"valueName":"search_term_string"}}],"inLanguage":"es"},{"@type":"Organization","@id":"https:\/\/www.laorotava.es\/turismo\/#organization","name":"Ayuntamiento de La Orotava","url":"https:\/\/www.laorotava.es\/turismo\/","logo":{"@type":"ImageObject","inLanguage":"es","@id":"https:\/\/www.laorotava.es\/turismo\/#\/schema\/logo\/image\/","url":"https:\/\/www.laorotava.es\/turismo\/wp-content\/uploads\/2022\/08\/logo.png","contentUrl":"https:\/\/www.laorotava.es\/turismo\/wp-content\/uploads\/2022\/08\/logo.png","width":1195,"height":180,"caption":"Ayuntamiento de La Orotava"},"image":{"@id":"https:\/\/www.laorotava.es\/turismo\/#\/schema\/logo\/image\/"},"sameAs":["https:\/\/www.facebook.com\/TurismoLaOrotava\/","https:\/\/x.com\/LaOrotava"]}]}},"_links":{"self":[{"href":"https:\/\/www.laorotava.es\/turismo\/wp-json\/wp\/v2\/pages\/1407","targetHints":{"allow":["GET"]}}],"collection":[{"href":"https:\/\/www.laorotava.es\/turismo\/wp-json\/wp\/v2\/pages"}],"about":[{"href":"https:\/\/www.laorotava.es\/turismo\/wp-json\/wp\/v2\/types\/page"}],"author":[{"embeddable":true,"href":"https:\/\/www.laorotava.es\/turismo\/wp-json\/wp\/v2\/users\/3"}],"replies":[{"embeddable":true,"href":"https:\/\/www.laorotava.es\/turismo\/wp-json\/wp\/v2\/comments?post=1407"}],"version-history":[{"count":0,"href":"https:\/\/www.laorotava.es\/turismo\/wp-json\/wp\/v2\/pages\/1407\/revisions"}],"wp:featuredmedia":[{"embeddable":true,"href":"https:\/\/www.laorotava.es\/turismo\/wp-json\/wp\/v2\/media\/1405"}],"wp:attachment":[{"href":"https:\/\/www.laorotava.es\/turismo\/wp-json\/wp\/v2\/media?parent=1407"}],"curies":[{"name":"wp","href":"https:\/\/api.w.org\/{rel}","templated":true}]}}