{"id":1421,"date":"2021-05-19T08:09:02","date_gmt":"2021-05-19T08:09:02","guid":{"rendered":"https:\/\/www.laorotava.es\/turismo\/?page_id=1421"},"modified":"2022-07-25T10:07:07","modified_gmt":"2022-07-25T10:07:07","slug":"salitre-almagre-y-azufre-etapa-3-ruta-de-escape-3","status":"publish","type":"page","link":"https:\/\/www.laorotava.es\/turismo\/salitre-almagre-y-azufre-etapa-3-ruta-de-escape-3\/","title":{"rendered":"Salitre Almagre y Azufre: Etapa 3: Ruta de Escape 3 &#8211; Telef\u00e9rico"},"content":{"rendered":"<h2 class=\"centrado letra-capital negrita\">Etapa 3: Ruta de Escape 3 &#8211; Telef\u00e9rico<\/h2>\n<h6>&nbsp;<\/h6>\n<div class=\"row\">\n<div class=\"col-md-6 col-sm-12 embed-container\" style=\"border:2px solid #eee; overflow:hidden;\"><iframe height=\"406\" src=\"https:\/\/www.google.com\/maps\/d\/u\/2\/embed?mid=1Q7pVmDKL6r_Y-lI3wPIEWMF7yD9LHi-6&amp;z=17\" style=\"top:-54px; border:none;\"><\/iframe><\/p>\n<div class=\"linkMyMaps\">\n<p class=\"font-globe-ruta\"><a href=\"https:\/\/www.google.com\/maps\/d\/viewer?mid=1GykGEep-logR0ysiGbeuSvd5PPK6pKZU&amp;z=11\">Ver ruta completa en Google MyMaps<\/a><\/p>\n<\/div>\n<\/div>\n<div class=\"col-md-6 col-sm-12\">\n<p class=\"centrado\"><img fetchpriority=\"high\" decoding=\"async\" class=\" size-full wp-image-1417\" alt=\"Telef\u00e9rico\" src=\"https:\/\/www.laorotava.es\/turismo\/wp-content\/uploads\/2021\/05\/teleferico_parque_nacional_teide_01.jpg\" width=\"911\" height=\"683\" srcset=\"https:\/\/www.laorotava.es\/turismo\/wp-content\/uploads\/2021\/05\/teleferico_parque_nacional_teide_01.jpg 911w, https:\/\/www.laorotava.es\/turismo\/wp-content\/uploads\/2021\/05\/teleferico_parque_nacional_teide_01-300x225.jpg 300w, https:\/\/www.laorotava.es\/turismo\/wp-content\/uploads\/2021\/05\/teleferico_parque_nacional_teide_01-768x576.jpg 768w\" sizes=\"(max-width: 911px) 100vw, 911px\" \/><\/p>\n<\/div>\n<\/div>\n<p>El punto de inicio de esta ruta de escape est\u00e1 situado en el acceso al Sendero 10 \u201cTelesforo Bravo\u201d y su punto final son las instalaciones de la estaci\u00f3n superior del Telef\u00e9rico en La Rambleta desde donde podremos realizar el regreso en el Telef\u00e9rico, siempre que las condiciones meteorol\u00f3gicas lo permitan y estemos dentro del horario de este servicio de transporte.<\/p>\n<p>Es muy importante tener en cuenta que bajo condiciones meteorol\u00f3gicas adversas <strong>puede suspenderse el servicio prestado por el Telef\u00e9rico<\/strong> por lo que es muy posible que en esos casos nos veamos obligados a <strong>realizar el descenso caminando<\/strong> lo que l\u00f3gicamente supone duplicar la longitud del itinerario si nuestra planificaci\u00f3n era usar dicho transporte para la vuelta. Por ello es absolutamente necesario consultar con antelaci\u00f3n la p\u00e1gina web del Telef\u00e9rico y tener en cuenta la previsi\u00f3n meteorol\u00f3gica y los horarios y condiciones del servicio con antelaci\u00f3n a la realizaci\u00f3n del itinerario.<\/p>\n<h2 class=\"centrado\">Perfil<\/h2>\n<p class=\"centrado\"><img decoding=\"async\" class=\" size-full wp-image-1419\" alt=\"Altimetr\u00eda\" src=\"https:\/\/www.laorotava.es\/turismo\/wp-content\/uploads\/2021\/05\/etapa3_ruta_escape3_teleferico_altimetria.png\" width=\"1313\" height=\"398\" srcset=\"https:\/\/www.laorotava.es\/turismo\/wp-content\/uploads\/2021\/05\/etapa3_ruta_escape3_teleferico_altimetria.png 1313w, https:\/\/www.laorotava.es\/turismo\/wp-content\/uploads\/2021\/05\/etapa3_ruta_escape3_teleferico_altimetria-300x91.png 300w, https:\/\/www.laorotava.es\/turismo\/wp-content\/uploads\/2021\/05\/etapa3_ruta_escape3_teleferico_altimetria-1024x310.png 1024w, https:\/\/www.laorotava.es\/turismo\/wp-content\/uploads\/2021\/05\/etapa3_ruta_escape3_teleferico_altimetria-768x233.png 768w\" sizes=\"(max-width: 1313px) 100vw, 1313px\" \/><\/p>\n<div class=\"row\">\n<div class=\"col-md-8 col-sm-12\">\n<h2>Descargas<\/h2>\n<h6 class=\"font-compass-gpx\"><a download=\"\" href=\"\/sites\/default\/files\/salitre_almagre_azufre\/etapa3\/rutas_escape\/track_rutas_escape_etapa3.gpx\">GPX Rutas Escape (Etapa 3)<\/a><\/h6>\n<h6 class=\"font-gps-kml\"><a download=\"\" href=\"\/sites\/default\/files\/salitre_almagre_azufre\/etapa3\/kmz_salitre_almagre_y_azufre_etapa3_rutas_de_escape.kmz\">KMZ Rutas de Escape (Etapa 3)<\/a><\/h6>\n<\/div>\n<div class=\"col-md-4 col-sm-12\">\n<h2 class=\"alinea-derecha\">Otras rutas de escape<\/h2>\n<h6 class=\"font-map-etapa\"><a href=\"https:\/\/www.laorotava.es\/turismo\/?page_id=1411\">Etapa 3: Ruta de Escape 1 &#8211; Monta\u00f1a Rajada<\/a><\/h6>\n<h6 class=\"font-map-etapa\"><a href=\"https:\/\/www.laorotava.es\/turismo\/?page_id=1415\">Etapa 3: Ruta de Escape 2 &#8211; Monta\u00f1a Blanca<\/a><\/h6>\n<h2 class=\"alinea-derecha\">Etapas<\/h2>\n<h6 class=\"font-map-etapa\"><a href=\"https:\/\/www.laorotava.es\/turismo\/?page_id=1397\">Etapas<\/a><\/h6>\n<\/div>\n<\/div>\n","protected":false},"excerpt":{"rendered":"<p>Etapa 3: Ruta de Escape 3 &#8211; Telef\u00e9rico &nbsp; Ver ruta completa en Google MyMaps El punto de inicio de esta ruta de escape est\u00e1 situado en el acceso al Sendero 10 \u201cTelesforo Bravo\u201d y su punto final son las instalaciones de la estaci\u00f3n superior del Telef\u00e9rico en La Rambleta desde donde podremos realizar el regreso en el Telef\u00e9rico, siempre que las condiciones meteorol\u00f3gicas lo permitan y estemos dentro del horario de este servicio de transporte. Es muy importante tener en cuenta que bajo condiciones meteorol\u00f3gicas adversas puede suspenderse el servicio prestado por el Telef\u00e9rico por lo que es muy posible que en esos casos nos veamos obligados a realizar el descenso caminando lo que l\u00f3gicamente supone duplicar la longitud del itinerario si nuestra planificaci\u00f3n era usar dicho transporte para la vuelta. Por ello es absolutamente necesario consultar con antelaci\u00f3n la p\u00e1gina web del Telef\u00e9rico y tener en cuenta la previsi\u00f3n meteorol\u00f3gica y los horarios y condiciones del servicio con antelaci\u00f3n a la realizaci\u00f3n del itinerario. Perfil Descargas GPX Rutas Escape (Etapa 3) KMZ Rutas de Escape (Etapa 3) Otras rutas de escape Etapa 3: Ruta de Escape 1 &#8211; Monta\u00f1a Rajada Etapa 3: Ruta de Escape 2 &#8211; Monta\u00f1a Blanca Etapas Etapas<\/p>\n","protected":false},"author":3,"featured_media":1417,"parent":0,"menu_order":0,"comment_status":"closed","ping_status":"closed","template":"","meta":{"_acf_changed":false,"ocean_post_layout":"","ocean_both_sidebars_style":"","ocean_both_sidebars_content_width":0,"ocean_both_sidebars_sidebars_width":0,"ocean_sidebar":"","ocean_second_sidebar":"","ocean_disable_margins":"enable","ocean_add_body_class":"","ocean_shortcode_before_top_bar":"","ocean_shortcode_after_top_bar":"","ocean_shortcode_before_header":"","ocean_shortcode_after_header":"","ocean_has_shortcode":"","ocean_shortcode_after_title":"","ocean_shortcode_before_footer_widgets":"","ocean_shortcode_after_footer_widgets":"","ocean_shortcode_before_footer_bottom":"","ocean_shortcode_after_footer_bottom":"","ocean_display_top_bar":"default","ocean_display_header":"default","ocean_header_style":"","ocean_center_header_left_menu":"","ocean_custom_header_template":"","ocean_custom_logo":0,"ocean_custom_retina_logo":0,"ocean_custom_logo_max_width":0,"ocean_custom_logo_tablet_max_width":0,"ocean_custom_logo_mobile_max_width":0,"ocean_custom_logo_max_height":0,"ocean_custom_logo_tablet_max_height":0,"ocean_custom_logo_mobile_max_height":0,"ocean_header_custom_menu":"","ocean_menu_typo_font_family":"","ocean_menu_typo_font_subset":"","ocean_menu_typo_font_size":0,"ocean_menu_typo_font_size_tablet":0,"ocean_menu_typo_font_size_mobile":0,"ocean_menu_typo_font_size_unit":"px","ocean_menu_typo_font_weight":"","ocean_menu_typo_font_weight_tablet":"","ocean_menu_typo_font_weight_mobile":"","ocean_menu_typo_transform":"","ocean_menu_typo_transform_tablet":"","ocean_menu_typo_transform_mobile":"","ocean_menu_typo_line_height":0,"ocean_menu_typo_line_height_tablet":0,"ocean_menu_typo_line_height_mobile":0,"ocean_menu_typo_line_height_unit":"","ocean_menu_typo_spacing":0,"ocean_menu_typo_spacing_tablet":0,"ocean_menu_typo_spacing_mobile":0,"ocean_menu_typo_spacing_unit":"","ocean_menu_link_color":"","ocean_menu_link_color_hover":"","ocean_menu_link_color_active":"","ocean_menu_link_background":"","ocean_menu_link_hover_background":"","ocean_menu_link_active_background":"","ocean_menu_social_links_bg":"","ocean_menu_social_hover_links_bg":"","ocean_menu_social_links_color":"","ocean_menu_social_hover_links_color":"","ocean_disable_title":"default","ocean_disable_heading":"default","ocean_post_title":"","ocean_post_subheading":"","ocean_post_title_style":"","ocean_post_title_background_color":"","ocean_post_title_background":0,"ocean_post_title_bg_image_position":"","ocean_post_title_bg_image_attachment":"","ocean_post_title_bg_image_repeat":"","ocean_post_title_bg_image_size":"","ocean_post_title_height":0,"ocean_post_title_bg_overlay":0.5,"ocean_post_title_bg_overlay_color":"","ocean_disable_breadcrumbs":"default","ocean_breadcrumbs_color":"","ocean_breadcrumbs_separator_color":"","ocean_breadcrumbs_links_color":"","ocean_breadcrumbs_links_hover_color":"","ocean_display_footer_widgets":"default","ocean_display_footer_bottom":"default","ocean_custom_footer_template":"","footnotes":""},"class_list":["post-1421","page","type-page","status-publish","has-post-thumbnail","hentry","entry","has-media"],"acf":[],"yoast_head":"<!-- This site is optimized with the Yoast SEO plugin v27.2 - https:\/\/yoast.com\/product\/yoast-seo-wordpress\/ -->\n<title>Salitre Almagre y Azufre: Etapa 3: Ruta de Escape 3 - Telef\u00e9rico - Web de Turismo del Ayuntamiento de La Orotava<\/title>\n<meta name=\"robots\" content=\"index, follow, max-snippet:-1, max-image-preview:large, max-video-preview:-1\" \/>\n<link rel=\"canonical\" href=\"https:\/\/www.laorotava.es\/turismo\/salitre-almagre-y-azufre-etapa-3-ruta-de-escape-3\/\" \/>\n<meta property=\"og:locale\" content=\"es_ES\" \/>\n<meta property=\"og:type\" content=\"article\" \/>\n<meta property=\"og:title\" content=\"Salitre Almagre y Azufre: Etapa 3: Ruta de Escape 3 - Telef\u00e9rico - Web de Turismo del Ayuntamiento de La Orotava\" \/>\n<meta property=\"og:description\" content=\"Etapa 3: Ruta de Escape 3 &#8211; Telef\u00e9rico &nbsp; Ver ruta completa en Google MyMaps El punto de inicio de esta ruta de escape est\u00e1 situado en el acceso al Sendero 10 \u201cTelesforo Bravo\u201d y su punto final son las instalaciones de la estaci\u00f3n superior del Telef\u00e9rico en La Rambleta desde donde podremos realizar el regreso en el Telef\u00e9rico, siempre que las condiciones meteorol\u00f3gicas lo permitan y estemos dentro del horario de este servicio de transporte. Es muy importante tener en cuenta que bajo condiciones meteorol\u00f3gicas adversas puede suspenderse el servicio prestado por el Telef\u00e9rico por lo que es muy posible que en esos casos nos veamos obligados a realizar el descenso caminando lo que l\u00f3gicamente supone duplicar la longitud del itinerario si nuestra planificaci\u00f3n era usar dicho transporte para la vuelta. Por ello es absolutamente necesario consultar con antelaci\u00f3n la p\u00e1gina web del Telef\u00e9rico y tener en cuenta la previsi\u00f3n meteorol\u00f3gica y los horarios y condiciones del servicio con antelaci\u00f3n a la realizaci\u00f3n del itinerario. Perfil Descargas GPX Rutas Escape (Etapa 3) KMZ Rutas de Escape (Etapa 3) Otras rutas de escape Etapa 3: Ruta de Escape 1 &#8211; Monta\u00f1a Rajada Etapa 3: Ruta de Escape 2 &#8211; Monta\u00f1a Blanca Etapas Etapas\" \/>\n<meta property=\"og:url\" content=\"https:\/\/www.laorotava.es\/turismo\/salitre-almagre-y-azufre-etapa-3-ruta-de-escape-3\/\" \/>\n<meta property=\"og:site_name\" content=\"Web de Turismo del Ayuntamiento de La Orotava\" \/>\n<meta property=\"article:publisher\" content=\"https:\/\/www.facebook.com\/TurismoLaOrotava\/\" \/>\n<meta property=\"article:modified_time\" content=\"2022-07-25T10:07:07+00:00\" \/>\n<meta property=\"og:image\" content=\"https:\/\/www.laorotava.es\/turismo\/wp-content\/uploads\/2021\/05\/teleferico_parque_nacional_teide_01.jpg\" \/>\n\t<meta property=\"og:image:width\" content=\"911\" \/>\n\t<meta property=\"og:image:height\" content=\"683\" \/>\n\t<meta property=\"og:image:type\" content=\"image\/jpeg\" \/>\n<meta name=\"twitter:card\" content=\"summary_large_image\" \/>\n<meta name=\"twitter:site\" content=\"@LaOrotava\" \/>\n<meta name=\"twitter:label1\" content=\"Tiempo de lectura\" \/>\n\t<meta name=\"twitter:data1\" content=\"1 minuto\" \/>\n<script type=\"application\/ld+json\" class=\"yoast-schema-graph\">{\"@context\":\"https:\/\/schema.org\",\"@graph\":[{\"@type\":\"WebPage\",\"@id\":\"https:\/\/www.laorotava.es\/turismo\/salitre-almagre-y-azufre-etapa-3-ruta-de-escape-3\/\",\"url\":\"https:\/\/www.laorotava.es\/turismo\/salitre-almagre-y-azufre-etapa-3-ruta-de-escape-3\/\",\"name\":\"Salitre Almagre y Azufre: Etapa 3: Ruta de Escape 3 - Telef\u00e9rico - Web de Turismo del Ayuntamiento de La Orotava\",\"isPartOf\":{\"@id\":\"https:\/\/www.laorotava.es\/turismo\/#website\"},\"primaryImageOfPage\":{\"@id\":\"https:\/\/www.laorotava.es\/turismo\/salitre-almagre-y-azufre-etapa-3-ruta-de-escape-3\/#primaryimage\"},\"image\":{\"@id\":\"https:\/\/www.laorotava.es\/turismo\/salitre-almagre-y-azufre-etapa-3-ruta-de-escape-3\/#primaryimage\"},\"thumbnailUrl\":\"https:\/\/www.laorotava.es\/turismo\/wp-content\/uploads\/2021\/05\/teleferico_parque_nacional_teide_01.jpg\",\"datePublished\":\"2021-05-19T08:09:02+00:00\",\"dateModified\":\"2022-07-25T10:07:07+00:00\",\"breadcrumb\":{\"@id\":\"https:\/\/www.laorotava.es\/turismo\/salitre-almagre-y-azufre-etapa-3-ruta-de-escape-3\/#breadcrumb\"},\"inLanguage\":\"es\",\"potentialAction\":[{\"@type\":\"ReadAction\",\"target\":[\"https:\/\/www.laorotava.es\/turismo\/salitre-almagre-y-azufre-etapa-3-ruta-de-escape-3\/\"]}]},{\"@type\":\"ImageObject\",\"inLanguage\":\"es\",\"@id\":\"https:\/\/www.laorotava.es\/turismo\/salitre-almagre-y-azufre-etapa-3-ruta-de-escape-3\/#primaryimage\",\"url\":\"https:\/\/www.laorotava.es\/turismo\/wp-content\/uploads\/2021\/05\/teleferico_parque_nacional_teide_01.jpg\",\"contentUrl\":\"https:\/\/www.laorotava.es\/turismo\/wp-content\/uploads\/2021\/05\/teleferico_parque_nacional_teide_01.jpg\",\"width\":911,\"height\":683,\"caption\":\"Telef\u00e9rico\"},{\"@type\":\"BreadcrumbList\",\"@id\":\"https:\/\/www.laorotava.es\/turismo\/salitre-almagre-y-azufre-etapa-3-ruta-de-escape-3\/#breadcrumb\",\"itemListElement\":[{\"@type\":\"ListItem\",\"position\":1,\"name\":\"Portada\",\"item\":\"https:\/\/www.laorotava.es\/turismo\/\"},{\"@type\":\"ListItem\",\"position\":2,\"name\":\"Salitre Almagre y Azufre: Etapa 3: Ruta de Escape 3 &#8211; Telef\u00e9rico\"}]},{\"@type\":\"WebSite\",\"@id\":\"https:\/\/www.laorotava.es\/turismo\/#website\",\"url\":\"https:\/\/www.laorotava.es\/turismo\/\",\"name\":\"Web de Turismo del Ayuntamiento de La Orotava\",\"description\":\"\",\"publisher\":{\"@id\":\"https:\/\/www.laorotava.es\/turismo\/#organization\"},\"potentialAction\":[{\"@type\":\"SearchAction\",\"target\":{\"@type\":\"EntryPoint\",\"urlTemplate\":\"https:\/\/www.laorotava.es\/turismo\/?s={search_term_string}\"},\"query-input\":{\"@type\":\"PropertyValueSpecification\",\"valueRequired\":true,\"valueName\":\"search_term_string\"}}],\"inLanguage\":\"es\"},{\"@type\":\"Organization\",\"@id\":\"https:\/\/www.laorotava.es\/turismo\/#organization\",\"name\":\"Ayuntamiento de La Orotava\",\"url\":\"https:\/\/www.laorotava.es\/turismo\/\",\"logo\":{\"@type\":\"ImageObject\",\"inLanguage\":\"es\",\"@id\":\"https:\/\/www.laorotava.es\/turismo\/#\/schema\/logo\/image\/\",\"url\":\"https:\/\/www.laorotava.es\/turismo\/wp-content\/uploads\/2022\/08\/logo.png\",\"contentUrl\":\"https:\/\/www.laorotava.es\/turismo\/wp-content\/uploads\/2022\/08\/logo.png\",\"width\":1195,\"height\":180,\"caption\":\"Ayuntamiento de La Orotava\"},\"image\":{\"@id\":\"https:\/\/www.laorotava.es\/turismo\/#\/schema\/logo\/image\/\"},\"sameAs\":[\"https:\/\/www.facebook.com\/TurismoLaOrotava\/\",\"https:\/\/x.com\/LaOrotava\"]}]}<\/script>\n<!-- \/ Yoast SEO plugin. -->","yoast_head_json":{"title":"Salitre Almagre y Azufre: Etapa 3: Ruta de Escape 3 - Telef\u00e9rico - Web de Turismo del Ayuntamiento de La Orotava","robots":{"index":"index","follow":"follow","max-snippet":"max-snippet:-1","max-image-preview":"max-image-preview:large","max-video-preview":"max-video-preview:-1"},"canonical":"https:\/\/www.laorotava.es\/turismo\/salitre-almagre-y-azufre-etapa-3-ruta-de-escape-3\/","og_locale":"es_ES","og_type":"article","og_title":"Salitre Almagre y Azufre: Etapa 3: Ruta de Escape 3 - Telef\u00e9rico - Web de Turismo del Ayuntamiento de La Orotava","og_description":"Etapa 3: Ruta de Escape 3 &#8211; Telef\u00e9rico &nbsp; Ver ruta completa en Google MyMaps El punto de inicio de esta ruta de escape est\u00e1 situado en el acceso al Sendero 10 \u201cTelesforo Bravo\u201d y su punto final son las instalaciones de la estaci\u00f3n superior del Telef\u00e9rico en La Rambleta desde donde podremos realizar el regreso en el Telef\u00e9rico, siempre que las condiciones meteorol\u00f3gicas lo permitan y estemos dentro del horario de este servicio de transporte. Es muy importante tener en cuenta que bajo condiciones meteorol\u00f3gicas adversas puede suspenderse el servicio prestado por el Telef\u00e9rico por lo que es muy posible que en esos casos nos veamos obligados a realizar el descenso caminando lo que l\u00f3gicamente supone duplicar la longitud del itinerario si nuestra planificaci\u00f3n era usar dicho transporte para la vuelta. Por ello es absolutamente necesario consultar con antelaci\u00f3n la p\u00e1gina web del Telef\u00e9rico y tener en cuenta la previsi\u00f3n meteorol\u00f3gica y los horarios y condiciones del servicio con antelaci\u00f3n a la realizaci\u00f3n del itinerario. Perfil Descargas GPX Rutas Escape (Etapa 3) KMZ Rutas de Escape (Etapa 3) Otras rutas de escape Etapa 3: Ruta de Escape 1 &#8211; Monta\u00f1a Rajada Etapa 3: Ruta de Escape 2 &#8211; Monta\u00f1a Blanca Etapas Etapas","og_url":"https:\/\/www.laorotava.es\/turismo\/salitre-almagre-y-azufre-etapa-3-ruta-de-escape-3\/","og_site_name":"Web de Turismo del Ayuntamiento de La Orotava","article_publisher":"https:\/\/www.facebook.com\/TurismoLaOrotava\/","article_modified_time":"2022-07-25T10:07:07+00:00","og_image":[{"width":911,"height":683,"url":"https:\/\/www.laorotava.es\/turismo\/wp-content\/uploads\/2021\/05\/teleferico_parque_nacional_teide_01.jpg","type":"image\/jpeg"}],"twitter_card":"summary_large_image","twitter_site":"@LaOrotava","twitter_misc":{"Tiempo de lectura":"1 minuto"},"schema":{"@context":"https:\/\/schema.org","@graph":[{"@type":"WebPage","@id":"https:\/\/www.laorotava.es\/turismo\/salitre-almagre-y-azufre-etapa-3-ruta-de-escape-3\/","url":"https:\/\/www.laorotava.es\/turismo\/salitre-almagre-y-azufre-etapa-3-ruta-de-escape-3\/","name":"Salitre Almagre y Azufre: Etapa 3: Ruta de Escape 3 - Telef\u00e9rico - Web de Turismo del Ayuntamiento de La Orotava","isPartOf":{"@id":"https:\/\/www.laorotava.es\/turismo\/#website"},"primaryImageOfPage":{"@id":"https:\/\/www.laorotava.es\/turismo\/salitre-almagre-y-azufre-etapa-3-ruta-de-escape-3\/#primaryimage"},"image":{"@id":"https:\/\/www.laorotava.es\/turismo\/salitre-almagre-y-azufre-etapa-3-ruta-de-escape-3\/#primaryimage"},"thumbnailUrl":"https:\/\/www.laorotava.es\/turismo\/wp-content\/uploads\/2021\/05\/teleferico_parque_nacional_teide_01.jpg","datePublished":"2021-05-19T08:09:02+00:00","dateModified":"2022-07-25T10:07:07+00:00","breadcrumb":{"@id":"https:\/\/www.laorotava.es\/turismo\/salitre-almagre-y-azufre-etapa-3-ruta-de-escape-3\/#breadcrumb"},"inLanguage":"es","potentialAction":[{"@type":"ReadAction","target":["https:\/\/www.laorotava.es\/turismo\/salitre-almagre-y-azufre-etapa-3-ruta-de-escape-3\/"]}]},{"@type":"ImageObject","inLanguage":"es","@id":"https:\/\/www.laorotava.es\/turismo\/salitre-almagre-y-azufre-etapa-3-ruta-de-escape-3\/#primaryimage","url":"https:\/\/www.laorotava.es\/turismo\/wp-content\/uploads\/2021\/05\/teleferico_parque_nacional_teide_01.jpg","contentUrl":"https:\/\/www.laorotava.es\/turismo\/wp-content\/uploads\/2021\/05\/teleferico_parque_nacional_teide_01.jpg","width":911,"height":683,"caption":"Telef\u00e9rico"},{"@type":"BreadcrumbList","@id":"https:\/\/www.laorotava.es\/turismo\/salitre-almagre-y-azufre-etapa-3-ruta-de-escape-3\/#breadcrumb","itemListElement":[{"@type":"ListItem","position":1,"name":"Portada","item":"https:\/\/www.laorotava.es\/turismo\/"},{"@type":"ListItem","position":2,"name":"Salitre Almagre y Azufre: Etapa 3: Ruta de Escape 3 &#8211; Telef\u00e9rico"}]},{"@type":"WebSite","@id":"https:\/\/www.laorotava.es\/turismo\/#website","url":"https:\/\/www.laorotava.es\/turismo\/","name":"Web de Turismo del Ayuntamiento de La Orotava","description":"","publisher":{"@id":"https:\/\/www.laorotava.es\/turismo\/#organization"},"potentialAction":[{"@type":"SearchAction","target":{"@type":"EntryPoint","urlTemplate":"https:\/\/www.laorotava.es\/turismo\/?s={search_term_string}"},"query-input":{"@type":"PropertyValueSpecification","valueRequired":true,"valueName":"search_term_string"}}],"inLanguage":"es"},{"@type":"Organization","@id":"https:\/\/www.laorotava.es\/turismo\/#organization","name":"Ayuntamiento de La Orotava","url":"https:\/\/www.laorotava.es\/turismo\/","logo":{"@type":"ImageObject","inLanguage":"es","@id":"https:\/\/www.laorotava.es\/turismo\/#\/schema\/logo\/image\/","url":"https:\/\/www.laorotava.es\/turismo\/wp-content\/uploads\/2022\/08\/logo.png","contentUrl":"https:\/\/www.laorotava.es\/turismo\/wp-content\/uploads\/2022\/08\/logo.png","width":1195,"height":180,"caption":"Ayuntamiento de La Orotava"},"image":{"@id":"https:\/\/www.laorotava.es\/turismo\/#\/schema\/logo\/image\/"},"sameAs":["https:\/\/www.facebook.com\/TurismoLaOrotava\/","https:\/\/x.com\/LaOrotava"]}]}},"_links":{"self":[{"href":"https:\/\/www.laorotava.es\/turismo\/wp-json\/wp\/v2\/pages\/1421","targetHints":{"allow":["GET"]}}],"collection":[{"href":"https:\/\/www.laorotava.es\/turismo\/wp-json\/wp\/v2\/pages"}],"about":[{"href":"https:\/\/www.laorotava.es\/turismo\/wp-json\/wp\/v2\/types\/page"}],"author":[{"embeddable":true,"href":"https:\/\/www.laorotava.es\/turismo\/wp-json\/wp\/v2\/users\/3"}],"replies":[{"embeddable":true,"href":"https:\/\/www.laorotava.es\/turismo\/wp-json\/wp\/v2\/comments?post=1421"}],"version-history":[{"count":0,"href":"https:\/\/www.laorotava.es\/turismo\/wp-json\/wp\/v2\/pages\/1421\/revisions"}],"wp:featuredmedia":[{"embeddable":true,"href":"https:\/\/www.laorotava.es\/turismo\/wp-json\/wp\/v2\/media\/1417"}],"wp:attachment":[{"href":"https:\/\/www.laorotava.es\/turismo\/wp-json\/wp\/v2\/media?parent=1421"}],"curies":[{"name":"wp","href":"https:\/\/api.w.org\/{rel}","templated":true}]}}