{"id":465,"date":"2017-01-20T13:04:06","date_gmt":"2017-01-20T13:04:06","guid":{"rendered":"https:\/\/www.laorotava.es\/turismo\/?page_id=465"},"modified":"2022-07-25T10:07:05","modified_gmt":"2022-07-25T10:07:05","slug":"sede","status":"publish","type":"page","link":"https:\/\/www.laorotava.es\/turismo\/sede\/","title":{"rendered":"sede"},"content":{"rendered":"<p><a href=\"\/areas-municipales\/agrupacion-musical-orotava\">HISTORIA<\/a> &#8211; <a href=\"https:\/\/www.laorotava.es\/turismo\/?page_id=441\">ANTECESORES<\/a> &#8211; <a href=\"https:\/\/www.laorotava.es\/turismo\/?page_id=443\">TITULAR<\/a> &#8211; <a href=\"https:\/\/www.laorotava.es\/turismo\/?page_id=445\">COMPONENTES<\/a> &#8211; <a href=\"\/actividades\">ACTIVIDADES<\/a> &#8211; <a href=\"https:\/\/www.laorotava.es\/turismo\/?page_id=465\">SEDE<\/a><\/p>\n<h2><strong>SEDE<\/strong><\/h2>\n<p>El Parque Cultural &#8216;Do\u00f1a Chana&#8217; dispone de local de ensayo, aulas y archivo de la Agrupaci\u00f3n Musical Orotava. Tambi\u00e9n cuenta con sala de exposiciones y escenario al aire libre.<br \/>\nEste parque posee una edificaci\u00f3n de los a\u00f1os 20-30 del pasado siglo, y el resto de espacio libre abarca m\u00e1s de 13.764 metros cuadrados. Todo de uso p\u00fablico.<\/p>\n<p>La casa principal es de uno 750 metros cuadrados y dispone de m\u00faltiples dependencias, adem\u00e1s de contar con este nuevo espacio creado para la Agrupaci\u00f3n Musical Orotava. El parque urbano, en pleno centro de La Orotava, cuenta con un amplio jard\u00edn de estilo renacentista, con varias huertas ecol\u00f3gicas y numerosos \u00e1rboles y arbustos.<\/p>\n<h4><strong>Contacto<\/strong><\/h4>\n<p>Parque Cultural de Do\u00f1a Chana<br \/>\nC\/ Miguel de Cervantes ,22<br \/>\nCp 38300 &#8211; La Orotava<br \/>\nSanta Cruz de Tenerife<br \/>\nTel\u00e9fono \u2013 922322775<br \/>\nEmail:&nbsp;<a href=\"mailto:agrupacionmusicalorotava@hotmail.com\">agrupacionmusicalorotava@hotmail.com<\/a><\/p>\n","protected":false},"excerpt":{"rendered":"<p>HISTORIA &#8211; ANTECESORES &#8211; TITULAR &#8211; COMPONENTES &#8211; ACTIVIDADES &#8211; SEDE SEDE El Parque Cultural &#8216;Do\u00f1a Chana&#8217; dispone de local de ensayo, aulas y archivo de la Agrupaci\u00f3n Musical Orotava. Tambi\u00e9n cuenta con sala de exposiciones y escenario al aire libre. Este parque posee una edificaci\u00f3n de los a\u00f1os 20-30 del pasado siglo, y el resto de espacio libre abarca m\u00e1s de 13.764 metros cuadrados. Todo de uso p\u00fablico. La casa principal es de uno 750 metros cuadrados y dispone de m\u00faltiples dependencias, adem\u00e1s de contar con este nuevo espacio creado para la Agrupaci\u00f3n Musical Orotava. El parque urbano, en pleno centro de La Orotava, cuenta con un amplio jard\u00edn de estilo renacentista, con varias huertas ecol\u00f3gicas y numerosos \u00e1rboles y arbustos. Contacto Parque Cultural de Do\u00f1a Chana C\/ Miguel de Cervantes ,22 Cp 38300 &#8211; La Orotava Santa Cruz de Tenerife Tel\u00e9fono \u2013 922322775 Email:&nbsp;agrupacionmusicalorotava@hotmail.com<\/p>\n","protected":false},"author":3,"featured_media":0,"parent":0,"menu_order":0,"comment_status":"closed","ping_status":"closed","template":"","meta":{"_acf_changed":false,"ocean_post_layout":"","ocean_both_sidebars_style":"","ocean_both_sidebars_content_width":0,"ocean_both_sidebars_sidebars_width":0,"ocean_sidebar":"","ocean_second_sidebar":"","ocean_disable_margins":"enable","ocean_add_body_class":"","ocean_shortcode_before_top_bar":"","ocean_shortcode_after_top_bar":"","ocean_shortcode_before_header":"","ocean_shortcode_after_header":"","ocean_has_shortcode":"","ocean_shortcode_after_title":"","ocean_shortcode_before_footer_widgets":"","ocean_shortcode_after_footer_widgets":"","ocean_shortcode_before_footer_bottom":"","ocean_shortcode_after_footer_bottom":"","ocean_display_top_bar":"default","ocean_display_header":"default","ocean_header_style":"","ocean_center_header_left_menu":"","ocean_custom_header_template":"","ocean_custom_logo":0,"ocean_custom_retina_logo":0,"ocean_custom_logo_max_width":0,"ocean_custom_logo_tablet_max_width":0,"ocean_custom_logo_mobile_max_width":0,"ocean_custom_logo_max_height":0,"ocean_custom_logo_tablet_max_height":0,"ocean_custom_logo_mobile_max_height":0,"ocean_header_custom_menu":"","ocean_menu_typo_font_family":"","ocean_menu_typo_font_subset":"","ocean_menu_typo_font_size":0,"ocean_menu_typo_font_size_tablet":0,"ocean_menu_typo_font_size_mobile":0,"ocean_menu_typo_font_size_unit":"px","ocean_menu_typo_font_weight":"","ocean_menu_typo_font_weight_tablet":"","ocean_menu_typo_font_weight_mobile":"","ocean_menu_typo_transform":"","ocean_menu_typo_transform_tablet":"","ocean_menu_typo_transform_mobile":"","ocean_menu_typo_line_height":0,"ocean_menu_typo_line_height_tablet":0,"ocean_menu_typo_line_height_mobile":0,"ocean_menu_typo_line_height_unit":"","ocean_menu_typo_spacing":0,"ocean_menu_typo_spacing_tablet":0,"ocean_menu_typo_spacing_mobile":0,"ocean_menu_typo_spacing_unit":"","ocean_menu_link_color":"","ocean_menu_link_color_hover":"","ocean_menu_link_color_active":"","ocean_menu_link_background":"","ocean_menu_link_hover_background":"","ocean_menu_link_active_background":"","ocean_menu_social_links_bg":"","ocean_menu_social_hover_links_bg":"","ocean_menu_social_links_color":"","ocean_menu_social_hover_links_color":"","ocean_disable_title":"default","ocean_disable_heading":"default","ocean_post_title":"","ocean_post_subheading":"","ocean_post_title_style":"","ocean_post_title_background_color":"","ocean_post_title_background":0,"ocean_post_title_bg_image_position":"","ocean_post_title_bg_image_attachment":"","ocean_post_title_bg_image_repeat":"","ocean_post_title_bg_image_size":"","ocean_post_title_height":0,"ocean_post_title_bg_overlay":0.5,"ocean_post_title_bg_overlay_color":"","ocean_disable_breadcrumbs":"default","ocean_breadcrumbs_color":"","ocean_breadcrumbs_separator_color":"","ocean_breadcrumbs_links_color":"","ocean_breadcrumbs_links_hover_color":"","ocean_display_footer_widgets":"default","ocean_display_footer_bottom":"default","ocean_custom_footer_template":"","footnotes":""},"class_list":["post-465","page","type-page","status-publish","hentry","entry"],"acf":[],"yoast_head":"<!-- This site is optimized with the Yoast SEO plugin v27.2 - https:\/\/yoast.com\/product\/yoast-seo-wordpress\/ -->\n<title>sede - Web de Turismo del Ayuntamiento de La Orotava<\/title>\n<meta name=\"robots\" content=\"index, follow, max-snippet:-1, max-image-preview:large, max-video-preview:-1\" \/>\n<link rel=\"canonical\" href=\"https:\/\/www.laorotava.es\/turismo\/sede\/\" \/>\n<meta property=\"og:locale\" content=\"es_ES\" \/>\n<meta property=\"og:type\" content=\"article\" \/>\n<meta property=\"og:title\" content=\"sede - Web de Turismo del Ayuntamiento de La Orotava\" \/>\n<meta property=\"og:description\" content=\"HISTORIA &#8211; ANTECESORES &#8211; TITULAR &#8211; COMPONENTES &#8211; ACTIVIDADES &#8211; SEDE SEDE El Parque Cultural &#8216;Do\u00f1a Chana&#8217; dispone de local de ensayo, aulas y archivo de la Agrupaci\u00f3n Musical Orotava. Tambi\u00e9n cuenta con sala de exposiciones y escenario al aire libre. Este parque posee una edificaci\u00f3n de los a\u00f1os 20-30 del pasado siglo, y el resto de espacio libre abarca m\u00e1s de 13.764 metros cuadrados. Todo de uso p\u00fablico. La casa principal es de uno 750 metros cuadrados y dispone de m\u00faltiples dependencias, adem\u00e1s de contar con este nuevo espacio creado para la Agrupaci\u00f3n Musical Orotava. El parque urbano, en pleno centro de La Orotava, cuenta con un amplio jard\u00edn de estilo renacentista, con varias huertas ecol\u00f3gicas y numerosos \u00e1rboles y arbustos. Contacto Parque Cultural de Do\u00f1a Chana C\/ Miguel de Cervantes ,22 Cp 38300 &#8211; La Orotava Santa Cruz de Tenerife Tel\u00e9fono \u2013 922322775 Email:&nbsp;agrupacionmusicalorotava@hotmail.com\" \/>\n<meta property=\"og:url\" content=\"https:\/\/www.laorotava.es\/turismo\/sede\/\" \/>\n<meta property=\"og:site_name\" content=\"Web de Turismo del Ayuntamiento de La Orotava\" \/>\n<meta property=\"article:publisher\" content=\"https:\/\/www.facebook.com\/TurismoLaOrotava\/\" \/>\n<meta property=\"article:modified_time\" content=\"2022-07-25T10:07:05+00:00\" \/>\n<meta name=\"twitter:card\" content=\"summary_large_image\" \/>\n<meta name=\"twitter:site\" content=\"@LaOrotava\" \/>\n<meta name=\"twitter:label1\" content=\"Tiempo de lectura\" \/>\n\t<meta name=\"twitter:data1\" content=\"1 minuto\" \/>\n<script type=\"application\/ld+json\" class=\"yoast-schema-graph\">{\"@context\":\"https:\/\/schema.org\",\"@graph\":[{\"@type\":\"WebPage\",\"@id\":\"https:\/\/www.laorotava.es\/turismo\/sede\/\",\"url\":\"https:\/\/www.laorotava.es\/turismo\/sede\/\",\"name\":\"sede - Web de Turismo del Ayuntamiento de La Orotava\",\"isPartOf\":{\"@id\":\"https:\/\/www.laorotava.es\/turismo\/#website\"},\"datePublished\":\"2017-01-20T13:04:06+00:00\",\"dateModified\":\"2022-07-25T10:07:05+00:00\",\"breadcrumb\":{\"@id\":\"https:\/\/www.laorotava.es\/turismo\/sede\/#breadcrumb\"},\"inLanguage\":\"es\",\"potentialAction\":[{\"@type\":\"ReadAction\",\"target\":[\"https:\/\/www.laorotava.es\/turismo\/sede\/\"]}]},{\"@type\":\"BreadcrumbList\",\"@id\":\"https:\/\/www.laorotava.es\/turismo\/sede\/#breadcrumb\",\"itemListElement\":[{\"@type\":\"ListItem\",\"position\":1,\"name\":\"Portada\",\"item\":\"https:\/\/www.laorotava.es\/turismo\/\"},{\"@type\":\"ListItem\",\"position\":2,\"name\":\"sede\"}]},{\"@type\":\"WebSite\",\"@id\":\"https:\/\/www.laorotava.es\/turismo\/#website\",\"url\":\"https:\/\/www.laorotava.es\/turismo\/\",\"name\":\"Web de Turismo del Ayuntamiento de La Orotava\",\"description\":\"\",\"publisher\":{\"@id\":\"https:\/\/www.laorotava.es\/turismo\/#organization\"},\"potentialAction\":[{\"@type\":\"SearchAction\",\"target\":{\"@type\":\"EntryPoint\",\"urlTemplate\":\"https:\/\/www.laorotava.es\/turismo\/?s={search_term_string}\"},\"query-input\":{\"@type\":\"PropertyValueSpecification\",\"valueRequired\":true,\"valueName\":\"search_term_string\"}}],\"inLanguage\":\"es\"},{\"@type\":\"Organization\",\"@id\":\"https:\/\/www.laorotava.es\/turismo\/#organization\",\"name\":\"Ayuntamiento de La Orotava\",\"url\":\"https:\/\/www.laorotava.es\/turismo\/\",\"logo\":{\"@type\":\"ImageObject\",\"inLanguage\":\"es\",\"@id\":\"https:\/\/www.laorotava.es\/turismo\/#\/schema\/logo\/image\/\",\"url\":\"https:\/\/www.laorotava.es\/turismo\/wp-content\/uploads\/2022\/08\/logo.png\",\"contentUrl\":\"https:\/\/www.laorotava.es\/turismo\/wp-content\/uploads\/2022\/08\/logo.png\",\"width\":1195,\"height\":180,\"caption\":\"Ayuntamiento de La Orotava\"},\"image\":{\"@id\":\"https:\/\/www.laorotava.es\/turismo\/#\/schema\/logo\/image\/\"},\"sameAs\":[\"https:\/\/www.facebook.com\/TurismoLaOrotava\/\",\"https:\/\/x.com\/LaOrotava\"]}]}<\/script>\n<!-- \/ Yoast SEO plugin. -->","yoast_head_json":{"title":"sede - Web de Turismo del Ayuntamiento de La Orotava","robots":{"index":"index","follow":"follow","max-snippet":"max-snippet:-1","max-image-preview":"max-image-preview:large","max-video-preview":"max-video-preview:-1"},"canonical":"https:\/\/www.laorotava.es\/turismo\/sede\/","og_locale":"es_ES","og_type":"article","og_title":"sede - Web de Turismo del Ayuntamiento de La Orotava","og_description":"HISTORIA &#8211; ANTECESORES &#8211; TITULAR &#8211; COMPONENTES &#8211; ACTIVIDADES &#8211; SEDE SEDE El Parque Cultural &#8216;Do\u00f1a Chana&#8217; dispone de local de ensayo, aulas y archivo de la Agrupaci\u00f3n Musical Orotava. Tambi\u00e9n cuenta con sala de exposiciones y escenario al aire libre. Este parque posee una edificaci\u00f3n de los a\u00f1os 20-30 del pasado siglo, y el resto de espacio libre abarca m\u00e1s de 13.764 metros cuadrados. Todo de uso p\u00fablico. La casa principal es de uno 750 metros cuadrados y dispone de m\u00faltiples dependencias, adem\u00e1s de contar con este nuevo espacio creado para la Agrupaci\u00f3n Musical Orotava. El parque urbano, en pleno centro de La Orotava, cuenta con un amplio jard\u00edn de estilo renacentista, con varias huertas ecol\u00f3gicas y numerosos \u00e1rboles y arbustos. Contacto Parque Cultural de Do\u00f1a Chana C\/ Miguel de Cervantes ,22 Cp 38300 &#8211; La Orotava Santa Cruz de Tenerife Tel\u00e9fono \u2013 922322775 Email:&nbsp;agrupacionmusicalorotava@hotmail.com","og_url":"https:\/\/www.laorotava.es\/turismo\/sede\/","og_site_name":"Web de Turismo del Ayuntamiento de La Orotava","article_publisher":"https:\/\/www.facebook.com\/TurismoLaOrotava\/","article_modified_time":"2022-07-25T10:07:05+00:00","twitter_card":"summary_large_image","twitter_site":"@LaOrotava","twitter_misc":{"Tiempo de lectura":"1 minuto"},"schema":{"@context":"https:\/\/schema.org","@graph":[{"@type":"WebPage","@id":"https:\/\/www.laorotava.es\/turismo\/sede\/","url":"https:\/\/www.laorotava.es\/turismo\/sede\/","name":"sede - Web de Turismo del Ayuntamiento de La Orotava","isPartOf":{"@id":"https:\/\/www.laorotava.es\/turismo\/#website"},"datePublished":"2017-01-20T13:04:06+00:00","dateModified":"2022-07-25T10:07:05+00:00","breadcrumb":{"@id":"https:\/\/www.laorotava.es\/turismo\/sede\/#breadcrumb"},"inLanguage":"es","potentialAction":[{"@type":"ReadAction","target":["https:\/\/www.laorotava.es\/turismo\/sede\/"]}]},{"@type":"BreadcrumbList","@id":"https:\/\/www.laorotava.es\/turismo\/sede\/#breadcrumb","itemListElement":[{"@type":"ListItem","position":1,"name":"Portada","item":"https:\/\/www.laorotava.es\/turismo\/"},{"@type":"ListItem","position":2,"name":"sede"}]},{"@type":"WebSite","@id":"https:\/\/www.laorotava.es\/turismo\/#website","url":"https:\/\/www.laorotava.es\/turismo\/","name":"Web de Turismo del Ayuntamiento de La Orotava","description":"","publisher":{"@id":"https:\/\/www.laorotava.es\/turismo\/#organization"},"potentialAction":[{"@type":"SearchAction","target":{"@type":"EntryPoint","urlTemplate":"https:\/\/www.laorotava.es\/turismo\/?s={search_term_string}"},"query-input":{"@type":"PropertyValueSpecification","valueRequired":true,"valueName":"search_term_string"}}],"inLanguage":"es"},{"@type":"Organization","@id":"https:\/\/www.laorotava.es\/turismo\/#organization","name":"Ayuntamiento de La Orotava","url":"https:\/\/www.laorotava.es\/turismo\/","logo":{"@type":"ImageObject","inLanguage":"es","@id":"https:\/\/www.laorotava.es\/turismo\/#\/schema\/logo\/image\/","url":"https:\/\/www.laorotava.es\/turismo\/wp-content\/uploads\/2022\/08\/logo.png","contentUrl":"https:\/\/www.laorotava.es\/turismo\/wp-content\/uploads\/2022\/08\/logo.png","width":1195,"height":180,"caption":"Ayuntamiento de La Orotava"},"image":{"@id":"https:\/\/www.laorotava.es\/turismo\/#\/schema\/logo\/image\/"},"sameAs":["https:\/\/www.facebook.com\/TurismoLaOrotava\/","https:\/\/x.com\/LaOrotava"]}]}},"_links":{"self":[{"href":"https:\/\/www.laorotava.es\/turismo\/wp-json\/wp\/v2\/pages\/465","targetHints":{"allow":["GET"]}}],"collection":[{"href":"https:\/\/www.laorotava.es\/turismo\/wp-json\/wp\/v2\/pages"}],"about":[{"href":"https:\/\/www.laorotava.es\/turismo\/wp-json\/wp\/v2\/types\/page"}],"author":[{"embeddable":true,"href":"https:\/\/www.laorotava.es\/turismo\/wp-json\/wp\/v2\/users\/3"}],"replies":[{"embeddable":true,"href":"https:\/\/www.laorotava.es\/turismo\/wp-json\/wp\/v2\/comments?post=465"}],"version-history":[{"count":0,"href":"https:\/\/www.laorotava.es\/turismo\/wp-json\/wp\/v2\/pages\/465\/revisions"}],"wp:attachment":[{"href":"https:\/\/www.laorotava.es\/turismo\/wp-json\/wp\/v2\/media?parent=465"}],"curies":[{"name":"wp","href":"https:\/\/api.w.org\/{rel}","templated":true}]}}