{"id":611,"date":"2017-05-27T10:52:46","date_gmt":"2017-05-27T10:52:46","guid":{"rendered":"https:\/\/www.laorotava.es\/turismo\/?page_id=611"},"modified":"2017-05-27T10:52:46","modified_gmt":"2017-05-27T10:52:46","slug":"museo-de-arte-sacro-el-tesoro-de-la-concepcion","status":"publish","type":"page","link":"https:\/\/www.laorotava.es\/turismo\/museo-de-arte-sacro-el-tesoro-de-la-concepcion\/","title":{"rendered":"Museo de Arte Sacro &#8216;El Tesoro de la Concepci\u00f3n&#8217;"},"content":{"rendered":"<p>El Tesoro de la parroquia de la Concepci\u00f3n se compone de un valioso conjunto de enseres y objetos utilizados para el culto divino. Su procedencia se debe a las compras por parte de la f\u00e1brica parroquial, las donaciones y los factores hist\u00f3ricos, como fue la exclaustraci\u00f3n de los conventos por las leyes del ministro Mendiz\u00e1bal, de la cual, esta parroquia fue de las m\u00e1s beneficiadas. Dentro de este conjunto podemos destacar piezas de mobiliario lit\u00fargico, im\u00e1genes, pinturas, andas procesionales, vasos sagrados, custodias, cantorales, instrumentos musicales, ornamentos, etc. Las piezas que se muestran no atienden s\u00f3lo a su valor hist\u00f3rico, art\u00edstico o est\u00e9tico, sino que a\u00fana adem\u00e1s los valores simb\u00f3licos, religiosos y antropol\u00f3gicos.<\/p>\n<p>Hasta hace unos a\u00f1os, el Tesoro de la Concepci\u00f3n se agrupaba en calidad de&nbsp;&nbsp;&nbsp;&nbsp; almac\u00e9n- exposici\u00f3n, en las salas altas de la sacrist\u00eda norte, estancias que en otra \u00e9poca fueron la vivienda parroquial. Actualmente, el tesoro ocupa las estancias principales del edificio, siendo \u00e9stas la sacrist\u00eda norte con la antesala y sala del Tesoro, el coro, la sacrist\u00eda sur y las salas capitulares.&nbsp;<\/p>\n<p>Esta valiosa colecci\u00f3n, considerada como una de las m\u00e1s significativas de Canarias, muestra todos aquellos valores: religioso, simb\u00f3lico, antropol\u00f3gico, hist\u00f3rico, art\u00edstico y est\u00e9tico que encierran todas y cada una de las piezas, haciendo las delicias del visitante.<\/p>\n<p>Horario: de 10.00 \u2013 13:00 horas de lunes a viernes.<\/p>\n<p><strong>Direcci\u00f3n<\/strong>: Plaza Patricio Garc\u00eda S\/N&nbsp;<br \/>\n<strong>Tel\u00e9fono:<\/strong>&nbsp;922.32.69.24<\/p>\n<p>(Para visitas fuera de horario se pueden concertar a trav\u00e9s del perfil de Facebook y al n\u00famero de tel\u00e9fono)<\/p>\n<p>&nbsp;<\/p>\n<p>&nbsp;<\/p>\n<p>&nbsp;<\/p>\n<p><img fetchpriority=\"high\" decoding=\"async\" class=\" size-full wp-image-607\" alt=\"\" src=\"https:\/\/www.laorotava.es\/turismo\/wp-content\/uploads\/2017\/05\/artesacro2.png\" style=\"height:1136px; width:1200px\" width=\"1200\" height=\"1136\" srcset=\"https:\/\/www.laorotava.es\/turismo\/wp-content\/uploads\/2017\/05\/artesacro2.png 1200w, https:\/\/www.laorotava.es\/turismo\/wp-content\/uploads\/2017\/05\/artesacro2-300x284.png 300w, https:\/\/www.laorotava.es\/turismo\/wp-content\/uploads\/2017\/05\/artesacro2-1024x969.png 1024w, https:\/\/www.laorotava.es\/turismo\/wp-content\/uploads\/2017\/05\/artesacro2-768x727.png 768w\" sizes=\"(max-width: 1200px) 100vw, 1200px\" \/><\/p>\n<p><img decoding=\"async\" class=\" size-full wp-image-609\" alt=\"\" src=\"https:\/\/www.laorotava.es\/turismo\/wp-content\/uploads\/2017\/05\/artesacro3.png\" style=\"height:839px; width:1200px\" width=\"1200\" height=\"839\" srcset=\"https:\/\/www.laorotava.es\/turismo\/wp-content\/uploads\/2017\/05\/artesacro3.png 1200w, https:\/\/www.laorotava.es\/turismo\/wp-content\/uploads\/2017\/05\/artesacro3-300x210.png 300w, https:\/\/www.laorotava.es\/turismo\/wp-content\/uploads\/2017\/05\/artesacro3-1024x716.png 1024w, https:\/\/www.laorotava.es\/turismo\/wp-content\/uploads\/2017\/05\/artesacro3-768x537.png 768w\" sizes=\"(max-width: 1200px) 100vw, 1200px\" \/><\/p>\n","protected":false},"excerpt":{"rendered":"<p>El Tesoro de la parroquia de la Concepci\u00f3n se compone de un valioso conjunto de enseres y objetos utilizados para el culto divino. Su procedencia se debe a las compras por parte de la f\u00e1brica parroquial, las donaciones y los factores hist\u00f3ricos, como fue la exclaustraci\u00f3n de los conventos por las leyes del ministro Mendiz\u00e1bal, de la cual, esta parroquia fue de las m\u00e1s beneficiadas. Dentro de este conjunto podemos destacar piezas de mobiliario lit\u00fargico, im\u00e1genes, pinturas, andas procesionales, vasos sagrados, custodias, cantorales, instrumentos musicales, ornamentos, etc. Las piezas que se muestran no atienden s\u00f3lo a su valor hist\u00f3rico, art\u00edstico o est\u00e9tico, sino que a\u00fana adem\u00e1s los valores simb\u00f3licos, religiosos y antropol\u00f3gicos. Hasta hace unos a\u00f1os, el Tesoro de la Concepci\u00f3n se agrupaba en calidad de&nbsp;&nbsp;&nbsp;&nbsp; almac\u00e9n- exposici\u00f3n, en las salas altas de la sacrist\u00eda norte, estancias que en otra \u00e9poca fueron la vivienda parroquial. Actualmente, el tesoro ocupa las estancias principales del edificio, siendo \u00e9stas la sacrist\u00eda norte con la antesala y sala del Tesoro, el coro, la sacrist\u00eda sur y las salas capitulares.&nbsp; Esta valiosa colecci\u00f3n, considerada como una de las m\u00e1s significativas de Canarias, muestra todos aquellos valores: religioso, simb\u00f3lico, antropol\u00f3gico, hist\u00f3rico, art\u00edstico y est\u00e9tico que encierran todas y cada una de las piezas, haciendo las delicias del visitante. Horario: de 10.00 \u2013 13:00 horas de lunes a viernes. Direcci\u00f3n: Plaza Patricio Garc\u00eda S\/N&nbsp; Tel\u00e9fono:&nbsp;922.32.69.24 (Para visitas fuera de horario se pueden concertar a trav\u00e9s del perfil de Facebook y al n\u00famero de tel\u00e9fono) &nbsp; &nbsp; &nbsp;<\/p>\n","protected":false},"author":3,"featured_media":605,"parent":0,"menu_order":0,"comment_status":"closed","ping_status":"closed","template":"","meta":{"_acf_changed":false,"ocean_post_layout":"","ocean_both_sidebars_style":"","ocean_both_sidebars_content_width":0,"ocean_both_sidebars_sidebars_width":0,"ocean_sidebar":"","ocean_second_sidebar":"","ocean_disable_margins":"enable","ocean_add_body_class":"","ocean_shortcode_before_top_bar":"","ocean_shortcode_after_top_bar":"","ocean_shortcode_before_header":"","ocean_shortcode_after_header":"","ocean_has_shortcode":"","ocean_shortcode_after_title":"","ocean_shortcode_before_footer_widgets":"","ocean_shortcode_after_footer_widgets":"","ocean_shortcode_before_footer_bottom":"","ocean_shortcode_after_footer_bottom":"","ocean_display_top_bar":"default","ocean_display_header":"default","ocean_header_style":"","ocean_center_header_left_menu":"","ocean_custom_header_template":"","ocean_custom_logo":0,"ocean_custom_retina_logo":0,"ocean_custom_logo_max_width":0,"ocean_custom_logo_tablet_max_width":0,"ocean_custom_logo_mobile_max_width":0,"ocean_custom_logo_max_height":0,"ocean_custom_logo_tablet_max_height":0,"ocean_custom_logo_mobile_max_height":0,"ocean_header_custom_menu":"","ocean_menu_typo_font_family":"","ocean_menu_typo_font_subset":"","ocean_menu_typo_font_size":0,"ocean_menu_typo_font_size_tablet":0,"ocean_menu_typo_font_size_mobile":0,"ocean_menu_typo_font_size_unit":"px","ocean_menu_typo_font_weight":"","ocean_menu_typo_font_weight_tablet":"","ocean_menu_typo_font_weight_mobile":"","ocean_menu_typo_transform":"","ocean_menu_typo_transform_tablet":"","ocean_menu_typo_transform_mobile":"","ocean_menu_typo_line_height":0,"ocean_menu_typo_line_height_tablet":0,"ocean_menu_typo_line_height_mobile":0,"ocean_menu_typo_line_height_unit":"","ocean_menu_typo_spacing":0,"ocean_menu_typo_spacing_tablet":0,"ocean_menu_typo_spacing_mobile":0,"ocean_menu_typo_spacing_unit":"","ocean_menu_link_color":"","ocean_menu_link_color_hover":"","ocean_menu_link_color_active":"","ocean_menu_link_background":"","ocean_menu_link_hover_background":"","ocean_menu_link_active_background":"","ocean_menu_social_links_bg":"","ocean_menu_social_hover_links_bg":"","ocean_menu_social_links_color":"","ocean_menu_social_hover_links_color":"","ocean_disable_title":"default","ocean_disable_heading":"default","ocean_post_title":"","ocean_post_subheading":"","ocean_post_title_style":"","ocean_post_title_background_color":"","ocean_post_title_background":0,"ocean_post_title_bg_image_position":"","ocean_post_title_bg_image_attachment":"","ocean_post_title_bg_image_repeat":"","ocean_post_title_bg_image_size":"","ocean_post_title_height":0,"ocean_post_title_bg_overlay":0.5,"ocean_post_title_bg_overlay_color":"","ocean_disable_breadcrumbs":"default","ocean_breadcrumbs_color":"","ocean_breadcrumbs_separator_color":"","ocean_breadcrumbs_links_color":"","ocean_breadcrumbs_links_hover_color":"","ocean_display_footer_widgets":"default","ocean_display_footer_bottom":"default","ocean_custom_footer_template":"","footnotes":""},"class_list":["post-611","page","type-page","status-publish","has-post-thumbnail","hentry","entry","has-media"],"acf":[],"yoast_head":"<!-- This site is optimized with the Yoast SEO plugin v27.2 - https:\/\/yoast.com\/product\/yoast-seo-wordpress\/ -->\n<title>Museo de Arte Sacro &#039;El Tesoro de la Concepci\u00f3n&#039; - Web de Turismo del Ayuntamiento de La Orotava<\/title>\n<meta name=\"robots\" content=\"index, follow, max-snippet:-1, max-image-preview:large, max-video-preview:-1\" \/>\n<link rel=\"canonical\" href=\"https:\/\/www.laorotava.es\/turismo\/museo-de-arte-sacro-el-tesoro-de-la-concepcion\/\" \/>\n<meta property=\"og:locale\" content=\"es_ES\" \/>\n<meta property=\"og:type\" content=\"article\" \/>\n<meta property=\"og:title\" content=\"Museo de Arte Sacro &#039;El Tesoro de la Concepci\u00f3n&#039; - Web de Turismo del Ayuntamiento de La Orotava\" \/>\n<meta property=\"og:description\" content=\"El Tesoro de la parroquia de la Concepci\u00f3n se compone de un valioso conjunto de enseres y objetos utilizados para el culto divino. Su procedencia se debe a las compras por parte de la f\u00e1brica parroquial, las donaciones y los factores hist\u00f3ricos, como fue la exclaustraci\u00f3n de los conventos por las leyes del ministro Mendiz\u00e1bal, de la cual, esta parroquia fue de las m\u00e1s beneficiadas. Dentro de este conjunto podemos destacar piezas de mobiliario lit\u00fargico, im\u00e1genes, pinturas, andas procesionales, vasos sagrados, custodias, cantorales, instrumentos musicales, ornamentos, etc. Las piezas que se muestran no atienden s\u00f3lo a su valor hist\u00f3rico, art\u00edstico o est\u00e9tico, sino que a\u00fana adem\u00e1s los valores simb\u00f3licos, religiosos y antropol\u00f3gicos. Hasta hace unos a\u00f1os, el Tesoro de la Concepci\u00f3n se agrupaba en calidad de&nbsp;&nbsp;&nbsp;&nbsp; almac\u00e9n- exposici\u00f3n, en las salas altas de la sacrist\u00eda norte, estancias que en otra \u00e9poca fueron la vivienda parroquial. Actualmente, el tesoro ocupa las estancias principales del edificio, siendo \u00e9stas la sacrist\u00eda norte con la antesala y sala del Tesoro, el coro, la sacrist\u00eda sur y las salas capitulares.&nbsp; Esta valiosa colecci\u00f3n, considerada como una de las m\u00e1s significativas de Canarias, muestra todos aquellos valores: religioso, simb\u00f3lico, antropol\u00f3gico, hist\u00f3rico, art\u00edstico y est\u00e9tico que encierran todas y cada una de las piezas, haciendo las delicias del visitante. Horario: de 10.00 \u2013 13:00 horas de lunes a viernes. Direcci\u00f3n: Plaza Patricio Garc\u00eda S\/N&nbsp; Tel\u00e9fono:&nbsp;922.32.69.24 (Para visitas fuera de horario se pueden concertar a trav\u00e9s del perfil de Facebook y al n\u00famero de tel\u00e9fono) &nbsp; &nbsp; &nbsp;\" \/>\n<meta property=\"og:url\" content=\"https:\/\/www.laorotava.es\/turismo\/museo-de-arte-sacro-el-tesoro-de-la-concepcion\/\" \/>\n<meta property=\"og:site_name\" content=\"Web de Turismo del Ayuntamiento de La Orotava\" \/>\n<meta property=\"article:publisher\" content=\"https:\/\/www.facebook.com\/TurismoLaOrotava\/\" \/>\n<meta property=\"og:image\" content=\"https:\/\/www.laorotava.es\/turismo\/wp-content\/uploads\/2017\/06\/artesacro1.png\" \/>\n\t<meta property=\"og:image:width\" content=\"632\" \/>\n\t<meta property=\"og:image:height\" content=\"1198\" \/>\n\t<meta property=\"og:image:type\" content=\"image\/png\" \/>\n<meta name=\"twitter:card\" content=\"summary_large_image\" \/>\n<meta name=\"twitter:site\" content=\"@LaOrotava\" \/>\n<meta name=\"twitter:label1\" content=\"Tiempo de lectura\" \/>\n\t<meta name=\"twitter:data1\" content=\"1 minuto\" \/>\n<script type=\"application\/ld+json\" class=\"yoast-schema-graph\">{\"@context\":\"https:\/\/schema.org\",\"@graph\":[{\"@type\":\"WebPage\",\"@id\":\"https:\/\/www.laorotava.es\/turismo\/museo-de-arte-sacro-el-tesoro-de-la-concepcion\/\",\"url\":\"https:\/\/www.laorotava.es\/turismo\/museo-de-arte-sacro-el-tesoro-de-la-concepcion\/\",\"name\":\"Museo de Arte Sacro 'El Tesoro de la Concepci\u00f3n' - Web de Turismo del Ayuntamiento de La Orotava\",\"isPartOf\":{\"@id\":\"https:\/\/www.laorotava.es\/turismo\/#website\"},\"primaryImageOfPage\":{\"@id\":\"https:\/\/www.laorotava.es\/turismo\/museo-de-arte-sacro-el-tesoro-de-la-concepcion\/#primaryimage\"},\"image\":{\"@id\":\"https:\/\/www.laorotava.es\/turismo\/museo-de-arte-sacro-el-tesoro-de-la-concepcion\/#primaryimage\"},\"thumbnailUrl\":\"https:\/\/www.laorotava.es\/turismo\/wp-content\/uploads\/2017\/06\/artesacro1.png\",\"datePublished\":\"2017-05-27T10:52:46+00:00\",\"breadcrumb\":{\"@id\":\"https:\/\/www.laorotava.es\/turismo\/museo-de-arte-sacro-el-tesoro-de-la-concepcion\/#breadcrumb\"},\"inLanguage\":\"es\",\"potentialAction\":[{\"@type\":\"ReadAction\",\"target\":[\"https:\/\/www.laorotava.es\/turismo\/museo-de-arte-sacro-el-tesoro-de-la-concepcion\/\"]}]},{\"@type\":\"ImageObject\",\"inLanguage\":\"es\",\"@id\":\"https:\/\/www.laorotava.es\/turismo\/museo-de-arte-sacro-el-tesoro-de-la-concepcion\/#primaryimage\",\"url\":\"https:\/\/www.laorotava.es\/turismo\/wp-content\/uploads\/2017\/06\/artesacro1.png\",\"contentUrl\":\"https:\/\/www.laorotava.es\/turismo\/wp-content\/uploads\/2017\/06\/artesacro1.png\",\"width\":632,\"height\":1198,\"caption\":\"El Museo de Arte Sacro: \u201cEl Tesoro de La Concepci\u00f3n\u201d\"},{\"@type\":\"BreadcrumbList\",\"@id\":\"https:\/\/www.laorotava.es\/turismo\/museo-de-arte-sacro-el-tesoro-de-la-concepcion\/#breadcrumb\",\"itemListElement\":[{\"@type\":\"ListItem\",\"position\":1,\"name\":\"Portada\",\"item\":\"https:\/\/www.laorotava.es\/turismo\/\"},{\"@type\":\"ListItem\",\"position\":2,\"name\":\"Museo de Arte Sacro &#8216;El Tesoro de la Concepci\u00f3n&#8217;\"}]},{\"@type\":\"WebSite\",\"@id\":\"https:\/\/www.laorotava.es\/turismo\/#website\",\"url\":\"https:\/\/www.laorotava.es\/turismo\/\",\"name\":\"Web de Turismo del Ayuntamiento de La Orotava\",\"description\":\"\",\"publisher\":{\"@id\":\"https:\/\/www.laorotava.es\/turismo\/#organization\"},\"potentialAction\":[{\"@type\":\"SearchAction\",\"target\":{\"@type\":\"EntryPoint\",\"urlTemplate\":\"https:\/\/www.laorotava.es\/turismo\/?s={search_term_string}\"},\"query-input\":{\"@type\":\"PropertyValueSpecification\",\"valueRequired\":true,\"valueName\":\"search_term_string\"}}],\"inLanguage\":\"es\"},{\"@type\":\"Organization\",\"@id\":\"https:\/\/www.laorotava.es\/turismo\/#organization\",\"name\":\"Ayuntamiento de La Orotava\",\"url\":\"https:\/\/www.laorotava.es\/turismo\/\",\"logo\":{\"@type\":\"ImageObject\",\"inLanguage\":\"es\",\"@id\":\"https:\/\/www.laorotava.es\/turismo\/#\/schema\/logo\/image\/\",\"url\":\"https:\/\/www.laorotava.es\/turismo\/wp-content\/uploads\/2022\/08\/logo.png\",\"contentUrl\":\"https:\/\/www.laorotava.es\/turismo\/wp-content\/uploads\/2022\/08\/logo.png\",\"width\":1195,\"height\":180,\"caption\":\"Ayuntamiento de La Orotava\"},\"image\":{\"@id\":\"https:\/\/www.laorotava.es\/turismo\/#\/schema\/logo\/image\/\"},\"sameAs\":[\"https:\/\/www.facebook.com\/TurismoLaOrotava\/\",\"https:\/\/x.com\/LaOrotava\"]}]}<\/script>\n<!-- \/ Yoast SEO plugin. -->","yoast_head_json":{"title":"Museo de Arte Sacro 'El Tesoro de la Concepci\u00f3n' - Web de Turismo del Ayuntamiento de La Orotava","robots":{"index":"index","follow":"follow","max-snippet":"max-snippet:-1","max-image-preview":"max-image-preview:large","max-video-preview":"max-video-preview:-1"},"canonical":"https:\/\/www.laorotava.es\/turismo\/museo-de-arte-sacro-el-tesoro-de-la-concepcion\/","og_locale":"es_ES","og_type":"article","og_title":"Museo de Arte Sacro 'El Tesoro de la Concepci\u00f3n' - Web de Turismo del Ayuntamiento de La Orotava","og_description":"El Tesoro de la parroquia de la Concepci\u00f3n se compone de un valioso conjunto de enseres y objetos utilizados para el culto divino. Su procedencia se debe a las compras por parte de la f\u00e1brica parroquial, las donaciones y los factores hist\u00f3ricos, como fue la exclaustraci\u00f3n de los conventos por las leyes del ministro Mendiz\u00e1bal, de la cual, esta parroquia fue de las m\u00e1s beneficiadas. Dentro de este conjunto podemos destacar piezas de mobiliario lit\u00fargico, im\u00e1genes, pinturas, andas procesionales, vasos sagrados, custodias, cantorales, instrumentos musicales, ornamentos, etc. Las piezas que se muestran no atienden s\u00f3lo a su valor hist\u00f3rico, art\u00edstico o est\u00e9tico, sino que a\u00fana adem\u00e1s los valores simb\u00f3licos, religiosos y antropol\u00f3gicos. Hasta hace unos a\u00f1os, el Tesoro de la Concepci\u00f3n se agrupaba en calidad de&nbsp;&nbsp;&nbsp;&nbsp; almac\u00e9n- exposici\u00f3n, en las salas altas de la sacrist\u00eda norte, estancias que en otra \u00e9poca fueron la vivienda parroquial. Actualmente, el tesoro ocupa las estancias principales del edificio, siendo \u00e9stas la sacrist\u00eda norte con la antesala y sala del Tesoro, el coro, la sacrist\u00eda sur y las salas capitulares.&nbsp; Esta valiosa colecci\u00f3n, considerada como una de las m\u00e1s significativas de Canarias, muestra todos aquellos valores: religioso, simb\u00f3lico, antropol\u00f3gico, hist\u00f3rico, art\u00edstico y est\u00e9tico que encierran todas y cada una de las piezas, haciendo las delicias del visitante. Horario: de 10.00 \u2013 13:00 horas de lunes a viernes. Direcci\u00f3n: Plaza Patricio Garc\u00eda S\/N&nbsp; Tel\u00e9fono:&nbsp;922.32.69.24 (Para visitas fuera de horario se pueden concertar a trav\u00e9s del perfil de Facebook y al n\u00famero de tel\u00e9fono) &nbsp; &nbsp; &nbsp;","og_url":"https:\/\/www.laorotava.es\/turismo\/museo-de-arte-sacro-el-tesoro-de-la-concepcion\/","og_site_name":"Web de Turismo del Ayuntamiento de La Orotava","article_publisher":"https:\/\/www.facebook.com\/TurismoLaOrotava\/","og_image":[{"width":632,"height":1198,"url":"https:\/\/www.laorotava.es\/turismo\/wp-content\/uploads\/2017\/06\/artesacro1.png","type":"image\/png"}],"twitter_card":"summary_large_image","twitter_site":"@LaOrotava","twitter_misc":{"Tiempo de lectura":"1 minuto"},"schema":{"@context":"https:\/\/schema.org","@graph":[{"@type":"WebPage","@id":"https:\/\/www.laorotava.es\/turismo\/museo-de-arte-sacro-el-tesoro-de-la-concepcion\/","url":"https:\/\/www.laorotava.es\/turismo\/museo-de-arte-sacro-el-tesoro-de-la-concepcion\/","name":"Museo de Arte Sacro 'El Tesoro de la Concepci\u00f3n' - Web de Turismo del Ayuntamiento de La Orotava","isPartOf":{"@id":"https:\/\/www.laorotava.es\/turismo\/#website"},"primaryImageOfPage":{"@id":"https:\/\/www.laorotava.es\/turismo\/museo-de-arte-sacro-el-tesoro-de-la-concepcion\/#primaryimage"},"image":{"@id":"https:\/\/www.laorotava.es\/turismo\/museo-de-arte-sacro-el-tesoro-de-la-concepcion\/#primaryimage"},"thumbnailUrl":"https:\/\/www.laorotava.es\/turismo\/wp-content\/uploads\/2017\/06\/artesacro1.png","datePublished":"2017-05-27T10:52:46+00:00","breadcrumb":{"@id":"https:\/\/www.laorotava.es\/turismo\/museo-de-arte-sacro-el-tesoro-de-la-concepcion\/#breadcrumb"},"inLanguage":"es","potentialAction":[{"@type":"ReadAction","target":["https:\/\/www.laorotava.es\/turismo\/museo-de-arte-sacro-el-tesoro-de-la-concepcion\/"]}]},{"@type":"ImageObject","inLanguage":"es","@id":"https:\/\/www.laorotava.es\/turismo\/museo-de-arte-sacro-el-tesoro-de-la-concepcion\/#primaryimage","url":"https:\/\/www.laorotava.es\/turismo\/wp-content\/uploads\/2017\/06\/artesacro1.png","contentUrl":"https:\/\/www.laorotava.es\/turismo\/wp-content\/uploads\/2017\/06\/artesacro1.png","width":632,"height":1198,"caption":"El Museo de Arte Sacro: \u201cEl Tesoro de La Concepci\u00f3n\u201d"},{"@type":"BreadcrumbList","@id":"https:\/\/www.laorotava.es\/turismo\/museo-de-arte-sacro-el-tesoro-de-la-concepcion\/#breadcrumb","itemListElement":[{"@type":"ListItem","position":1,"name":"Portada","item":"https:\/\/www.laorotava.es\/turismo\/"},{"@type":"ListItem","position":2,"name":"Museo de Arte Sacro &#8216;El Tesoro de la Concepci\u00f3n&#8217;"}]},{"@type":"WebSite","@id":"https:\/\/www.laorotava.es\/turismo\/#website","url":"https:\/\/www.laorotava.es\/turismo\/","name":"Web de Turismo del Ayuntamiento de La Orotava","description":"","publisher":{"@id":"https:\/\/www.laorotava.es\/turismo\/#organization"},"potentialAction":[{"@type":"SearchAction","target":{"@type":"EntryPoint","urlTemplate":"https:\/\/www.laorotava.es\/turismo\/?s={search_term_string}"},"query-input":{"@type":"PropertyValueSpecification","valueRequired":true,"valueName":"search_term_string"}}],"inLanguage":"es"},{"@type":"Organization","@id":"https:\/\/www.laorotava.es\/turismo\/#organization","name":"Ayuntamiento de La Orotava","url":"https:\/\/www.laorotava.es\/turismo\/","logo":{"@type":"ImageObject","inLanguage":"es","@id":"https:\/\/www.laorotava.es\/turismo\/#\/schema\/logo\/image\/","url":"https:\/\/www.laorotava.es\/turismo\/wp-content\/uploads\/2022\/08\/logo.png","contentUrl":"https:\/\/www.laorotava.es\/turismo\/wp-content\/uploads\/2022\/08\/logo.png","width":1195,"height":180,"caption":"Ayuntamiento de La Orotava"},"image":{"@id":"https:\/\/www.laorotava.es\/turismo\/#\/schema\/logo\/image\/"},"sameAs":["https:\/\/www.facebook.com\/TurismoLaOrotava\/","https:\/\/x.com\/LaOrotava"]}]}},"_links":{"self":[{"href":"https:\/\/www.laorotava.es\/turismo\/wp-json\/wp\/v2\/pages\/611","targetHints":{"allow":["GET"]}}],"collection":[{"href":"https:\/\/www.laorotava.es\/turismo\/wp-json\/wp\/v2\/pages"}],"about":[{"href":"https:\/\/www.laorotava.es\/turismo\/wp-json\/wp\/v2\/types\/page"}],"author":[{"embeddable":true,"href":"https:\/\/www.laorotava.es\/turismo\/wp-json\/wp\/v2\/users\/3"}],"replies":[{"embeddable":true,"href":"https:\/\/www.laorotava.es\/turismo\/wp-json\/wp\/v2\/comments?post=611"}],"version-history":[{"count":0,"href":"https:\/\/www.laorotava.es\/turismo\/wp-json\/wp\/v2\/pages\/611\/revisions"}],"wp:featuredmedia":[{"embeddable":true,"href":"https:\/\/www.laorotava.es\/turismo\/wp-json\/wp\/v2\/media\/605"}],"wp:attachment":[{"href":"https:\/\/www.laorotava.es\/turismo\/wp-json\/wp\/v2\/media?parent=611"}],"curies":[{"name":"wp","href":"https:\/\/api.w.org\/{rel}","templated":true}]}}