{"id":705,"date":"2017-07-21T16:15:42","date_gmt":"2017-07-21T16:15:42","guid":{"rendered":"https:\/\/www.laorotava.es\/turismo\/?page_id=705"},"modified":"2023-03-10T10:45:39","modified_gmt":"2023-03-10T10:45:39","slug":"en-voiture","status":"publish","type":"page","link":"https:\/\/www.laorotava.es\/turismo\/fr\/en-voiture\/","title":{"rendered":"En Voiture"},"content":{"rendered":"\t\t<div data-elementor-type=\"wp-page\" data-elementor-id=\"705\" class=\"elementor elementor-705\">\n\t\t\t\t\t\t<section class=\"elementor-section elementor-top-section elementor-element elementor-element-5645ccae elementor-section-full_width elementor-section-stretched elementor-section-height-default elementor-section-height-default wpr-particle-no wpr-jarallax-no wpr-parallax-no wpr-sticky-section-no\" data-id=\"5645ccae\" data-element_type=\"section\" data-e-type=\"section\" data-settings=\"{&quot;stretch_section&quot;:&quot;section-stretched&quot;}\">\n\t\t\t\t\t\t<div class=\"elementor-container elementor-column-gap-default\">\n\t\t\t\t\t<div class=\"elementor-column elementor-col-100 elementor-top-column elementor-element elementor-element-20016c80\" data-id=\"20016c80\" data-element_type=\"column\" data-e-type=\"column\">\n\t\t\t<div class=\"elementor-widget-wrap elementor-element-populated\">\n\t\t\t\t\t\t<section class=\"elementor-section elementor-inner-section elementor-element elementor-element-559866d5 elementor-section-boxed elementor-section-height-default elementor-section-height-default wpr-particle-no wpr-jarallax-no wpr-parallax-no wpr-sticky-section-no\" data-id=\"559866d5\" data-element_type=\"section\" data-e-type=\"section\">\n\t\t\t\t\t\t<div class=\"elementor-container elementor-column-gap-default\">\n\t\t\t\t\t<div class=\"elementor-column elementor-col-50 elementor-inner-column elementor-element elementor-element-55778abd custom__sidebar-menu\" data-id=\"55778abd\" data-element_type=\"column\" data-e-type=\"column\" data-settings=\"{&quot;background_background&quot;:&quot;classic&quot;}\">\n\t\t\t<div class=\"elementor-widget-wrap elementor-element-populated\">\n\t\t\t\t\t\t<div class=\"elementor-element elementor-element-768051f2 sidebar-menu elementor-widget elementor-widget-wp-widget-ocean_custom_menu\" data-id=\"768051f2\" data-element_type=\"widget\" data-e-type=\"widget\" data-widget_type=\"wp-widget-ocean_custom_menu.default\">\n\t\t\t\t<div class=\"elementor-widget-container\">\n\t\t\t\t\t<style type=\"text\/css\">.ocean_custom_menu-REPLACE_TO_ID > ul > li > a, .custom-menu-widget .ocean_custom_menu-REPLACE_TO_ID .dropdown-menu .sub-menu li a.menu-link{color:#4a911d;}.custom-menu-widget .ocean_custom_menu-REPLACE_TO_ID.oceanwp-custom-menu > ul.click-menu .open-this{color:#4a911d;}.ocean_custom_menu-REPLACE_TO_ID > ul > li > a:hover, .custom-menu-widget .ocean_custom_menu-REPLACE_TO_ID .dropdown-menu .sub-menu li a.menu-link:hover{color:#a91e22;}.custom-menu-widget .ocean_custom_menu-REPLACE_TO_ID.oceanwp-custom-menu > ul.click-menu .open-this:hover{color:#a91e22;}<\/style><h5>COMMENT ARRIVER<\/h5><div class=\"oceanwp-custom-menu clr ocean_custom_menu-REPLACE_TO_ID left dropdown-click click-icon\"><ul id=\"menu-comment-arriver\" class=\"dropdown-menu click-menu\"><li  id=\"menu-item-1015815\" class=\"menu-item menu-item-type-post_type menu-item-object-page menu-item-1015815\"><a href=\"https:\/\/www.laorotava.es\/turismo\/fr\/en-voiture\/\" class=\"menu-link\">En Voiture<\/a><\/li>\n<li  id=\"menu-item-1015814\" class=\"menu-item menu-item-type-post_type menu-item-object-page menu-item-1015814\"><a href=\"https:\/\/www.laorotava.es\/turismo\/fr\/en-bus\/\" class=\"menu-link\">En Bus<\/a><\/li>\n<li  id=\"menu-item-1015973\" class=\"menu-item menu-item-type-post_type menu-item-object-page menu-item-1015973\"><a href=\"https:\/\/www.laorotava.es\/turismo\/fr\/en-taxi-2\/\" class=\"menu-link\">En Taxi<\/a><\/li>\n<\/ul><\/div>\t\t\t\t<script type=\"text\/javascript\">\r\n\t\t\t\t\t( function( $ ) {\r\n\t\t\t\t\t\t$( '.ocean_custom_menu-REPLACE_TO_ID.oceanwp-custom-menu.dropdown-click ul.dropdown-menu' ).each( function() {\r\n\r\n\t\t\t\t\t        var IconDown \t= '<i class=\"fa fa-angle-down\"><\/i>',\r\n\t\t\t\t\t        \tlinkHeight \t= $( this ).find( 'li.menu-item-has-children > a' ).outerHeight(),\r\n\t\t\t\t\t        \ttarget;\r\n\r\n\t\t\t\t\t        $( this ).find( 'li.menu-item-has-children > a' ).prepend( '<div class=\"open-this\">'+ IconDown +'<\/div>' );\r\n\t\t\t\t\t        $( this ).find( 'li.menu-item-has-children > a .open-this' ).css( {\r\n\t\t\t\t\t\t\t\t'line-height' : linkHeight +'px',\r\n\t\t\t\t\t\t\t} );\r\n\r\n\t\t\t\t\t\t\t\/\/ Target\r\n\t\t\t\t\t\t\tif ( $( this ).parent().hasClass( 'click-link' ) ) {\r\n\t\t\t\t\t\t\t\ttarget = $( this ).find( 'li.menu-item-has-children > a' );\r\n\t\t\t\t\t\t\t} else {\r\n\t\t\t\t\t\t\t\ttarget = $( this ).find( '.open-this' );\r\n\t\t\t\t\t\t\t}\r\n\r\n\t\t\t\t\t        target.on( 'click', function() {\r\n\r\n\t\t\t\t\t\t\t\t\/\/ Target\r\n\t\t\t\t\t\t\t\tif ( $( this ).closest( '.ocean_custom_menu-REPLACE_TO_ID.oceanwp-custom-menu.dropdown-click' ).hasClass( 'click-link' ) ) {\r\n\t\t\t\t\t\t\t\t\tvar parent \t\t= $( this ).parent(),\r\n\t\t\t\t\t\t\t\t\t\tIconDown \t= $( this ).find( '.open-this' ).parent().parent(),\r\n\t\t\t\t\t\t\t\t\t\tIconUp \t\t= $( this ).find( '.open-this' ).parent().parent();\r\n\t\t\t\t\t\t\t\t} else {\r\n\t\t\t\t\t\t\t\t\tvar parent \t\t= $( this ).parent().parent(),\r\n\t\t\t\t\t\t\t\t\t\tIconDown \t= $( this ).parent().parent(),\r\n\t\t\t\t\t\t\t\t\t\tIconUp \t\t= $( this ).parent().parent();\r\n\t\t\t\t\t\t\t\t}\r\n\r\n\t\t\t\t\t            if ( parent.hasClass( 'opened' ) ) {\r\n\t\t\t\t\t                IconDown.removeClass( 'opened' ).find( '> ul' ).slideUp( 200 );\r\n\t\t\t\t\t            } else {\r\n\t\t\t\t\t                IconUp.addClass( 'opened' ).find( '> ul' ).slideDown( 200 );\r\n\t\t\t\t\t            }\r\n\r\n\t\t\t\t\t\t\t\t\/\/ Return false\r\n\t\t\t\t\t\t\t\treturn false;\r\n\r\n\t\t\t\t\t        } );\r\n\r\n\t\t\t\t\t    } );\r\n\t\t\t\t\t} )( jQuery );\r\n\t\t\t\t<\/script>\r\n\t\t\t\t\t\t\t<\/div>\n\t\t\t\t<\/div>\n\t\t\t\t\t<\/div>\n\t\t<\/div>\n\t\t\t\t<div class=\"elementor-column elementor-col-50 elementor-inner-column elementor-element elementor-element-2b0e08fa\" data-id=\"2b0e08fa\" data-element_type=\"column\" data-e-type=\"column\">\n\t\t\t<div class=\"elementor-widget-wrap elementor-element-populated\">\n\t\t\t\t\t\t<div class=\"elementor-element elementor-element-b3d1f3b elementor-widget elementor-widget-heading\" data-id=\"b3d1f3b\" data-element_type=\"widget\" data-e-type=\"widget\" data-widget_type=\"heading.default\">\n\t\t\t\t<div class=\"elementor-widget-container\">\n\t\t\t\t\t<h2 class=\"elementor-heading-title elementor-size-small\">En Voiture\n<\/h2>\t\t\t\t<\/div>\n\t\t\t\t<\/div>\n\t\t\t\t<div class=\"elementor-element elementor-element-3c60192d elementor-widget-divider--view-line elementor-widget elementor-widget-divider\" data-id=\"3c60192d\" data-element_type=\"widget\" data-e-type=\"widget\" data-widget_type=\"divider.default\">\n\t\t\t\t<div class=\"elementor-widget-container\">\n\t\t\t\t\t\t\t<div class=\"elementor-divider\">\n\t\t\t<span class=\"elementor-divider-separator\">\n\t\t\t\t\t\t<\/span>\n\t\t<\/div>\n\t\t\t\t\t\t<\/div>\n\t\t\t\t<\/div>\n\t\t\t\t<div class=\"elementor-element elementor-element-8915c5e elementor-widget elementor-widget-text-editor\" data-id=\"8915c5e\" data-element_type=\"widget\" data-e-type=\"widget\" data-widget_type=\"text-editor.default\">\n\t\t\t\t<div class=\"elementor-widget-container\">\n\t\t\t\t\t\t\t\t\t<img fetchpriority=\"high\" decoding=\"async\" class=\" size-full wp-image-701\" style=\"height: 1200px; width: 849px;\" src=\"\/wp-content\/uploads\/2017\/07\/mapa_parkings_free_y_de_pago.jpg\" alt=\"\" width=\"849\" height=\"1200\" srcset=\"https:\/\/www.laorotava.es\/turismo\/wp-content\/uploads\/2017\/07\/mapa_parkings_free_y_de_pago.jpg 849w, https:\/\/www.laorotava.es\/turismo\/wp-content\/uploads\/2017\/07\/mapa_parkings_free_y_de_pago-212x300.jpg 212w, https:\/\/www.laorotava.es\/turismo\/wp-content\/uploads\/2017\/07\/mapa_parkings_free_y_de_pago-724x1024.jpg 724w, https:\/\/www.laorotava.es\/turismo\/wp-content\/uploads\/2017\/07\/mapa_parkings_free_y_de_pago-768x1086.jpg 768w\" sizes=\"(max-width: 849px) 100vw, 849px\" \/>\n\n<span style=\"color: #4a911d;\"><a style=\"color: #4a911d;\" href=\"\/wp-content\/uploads\/2017\/07\/mapa_parkings_free_y_de_pago.pdf\">T\u00e9l\u00e9charger la carte des parkings gratuits et payants de la Villa de La Orotava<\/a><\/span>\n\n<strong><a href=\"\/wp-content\/uploads\/2017\/03\/mapa_turismo_la_orotava_2017_final_2.pdf\"><img decoding=\"async\" class=\" size-full wp-image-479\" style=\"height: 100px; margin-left: 20px; margin-right: 20px; width: 100px; float: left;\" src=\"\/wp-content\/uploads\/2017\/03\/map-icon.png\" alt=\"\" width=\"256\" height=\"256\" srcset=\"https:\/\/www.laorotava.es\/turismo\/wp-content\/uploads\/2017\/03\/map-icon.png 256w, https:\/\/www.laorotava.es\/turismo\/wp-content\/uploads\/2017\/03\/map-icon-150x150.png 150w\" sizes=\"(max-width: 256px) 100vw, 256px\" \/><\/a><\/strong>\n<h5><\/h5>\n<h5>T\u00c9L\u00c9CHARGER votre carte GRATUITE de la Ville de La Orotava &#8211; Concejal\u00eda de Turismo y\nMuseos<\/h5>\n<a href=\"\/wp-content\/uploads\/2017\/03\/mapa_turismo_la_orotava_2017_final.pdf\"><img decoding=\"async\" class=\" size-full wp-image-483\" style=\"height: 30px; margin-left: 3px; margin-right: 3px; width: 30px; float: left;\" src=\"\/wp-content\/uploads\/2017\/03\/spanish.png\" alt=\"\" width=\"100\" height=\"100\" \/><\/a><a href=\"\/wp-content\/uploads\/2017\/03\/mapa_turismo_la_orotava_2017_ingles.pdf\"><img loading=\"lazy\" decoding=\"async\" class=\" size-full wp-image-487\" style=\"height: 30px; margin-left: 3px; margin-right: 3px; width: 30px; float: left;\" src=\"https:\/\/www.laorotava.es\/turismo\/wp-content\/uploads\/2017\/03\/english.png\" alt=\"\" width=\"100\" height=\"100\" \/><\/a><a href=\"\/wp-content\/uploads\/2017\/03\/mapa_turismo_la_orotava_2017_-_frances.pdf\"><img loading=\"lazy\" decoding=\"async\" class=\" size-full wp-image-491\" style=\"height: 30px; margin-left: 3px; margin-right: 3px; width: 30px; float: left;\" src=\"\/wp-content\/uploads\/2017\/03\/frech.png\" alt=\"\" width=\"100\" height=\"100\" \/><\/a><a href=\"\/wp-content\/uploads\/2017\/03\/mapa_turismo_la_orotava_2017_-_aleman.pdf\"><img loading=\"lazy\" decoding=\"async\" class=\" size-full wp-image-495\" style=\"height: 30px; margin-left: 3px; margin-right: 3px; width: 30px; float: left;\" src=\"\/wp-content\/uploads\/2017\/03\/german.png\" alt=\"\" width=\"100\" height=\"100\" \/><\/a>\n\n<span style=\"color: #4a911d;\"><a style=\"color: #4a911d;\" href=\"\/wp-content\/uploads\/2017\/03\/mapa_turismo_la_orotava_2017_final_2.pdf\">Vous pouvez \u00e9galement le demander \u00e0 l&#8217;Office municipal d&#8217;information et de tourisme\n@TurismoLaOrotava #VisitLaOrotava (en espagnol).<\/a><\/span>\t\t\t\t\t\t\t\t<\/div>\n\t\t\t\t<\/div>\n\t\t\t\t<div class=\"elementor-element elementor-element-baab1a9 e-grid-align-left elementor-shape-rounded elementor-grid-0 elementor-widget elementor-widget-social-icons\" data-id=\"baab1a9\" data-element_type=\"widget\" data-e-type=\"widget\" data-widget_type=\"social-icons.default\">\n\t\t\t\t<div class=\"elementor-widget-container\">\n\t\t\t\t\t\t\t<div class=\"elementor-social-icons-wrapper elementor-grid\" role=\"list\">\n\t\t\t\t\t\t\t<span class=\"elementor-grid-item\" role=\"listitem\">\n\t\t\t\t\t<a class=\"elementor-icon elementor-social-icon elementor-social-icon-facebook elementor-repeater-item-c25aa9d\" href=\"https:\/\/facebook.com\/sharer.php?u=https:\/\/www.laorotava.es\/es\/turismo&#038;t=Turismo\" target=\"_blank\">\n\t\t\t\t\t\t<span class=\"elementor-screen-only\">Facebook<\/span>\n\t\t\t\t\t\t<i aria-hidden=\"true\" class=\"fab fa-facebook\"><\/i>\t\t\t\t\t<\/a>\n\t\t\t\t<\/span>\n\t\t\t\t\t\t\t<span class=\"elementor-grid-item\" role=\"listitem\">\n\t\t\t\t\t<a class=\"elementor-icon elementor-social-icon elementor-social-icon-twitter elementor-repeater-item-110422d\" href=\"https:\/\/twitter.com\/home?status=Turismo+https:\/\/www.laorotava.es\/es\/turismo\" target=\"_blank\">\n\t\t\t\t\t\t<span class=\"elementor-screen-only\">Twitter<\/span>\n\t\t\t\t\t\t<i aria-hidden=\"true\" class=\"fab fa-twitter\"><\/i>\t\t\t\t\t<\/a>\n\t\t\t\t<\/span>\n\t\t\t\t\t<\/div>\n\t\t\t\t\t\t<\/div>\n\t\t\t\t<\/div>\n\t\t\t\t\t<\/div>\n\t\t<\/div>\n\t\t\t\t\t<\/div>\n\t\t<\/section>\n\t\t\t\t\t<\/div>\n\t\t<\/div>\n\t\t\t\t\t<\/div>\n\t\t<\/section>\n\t\t\t\t<\/div>\n\t\t","protected":false},"excerpt":{"rendered":"<p>En Voiture T\u00e9l\u00e9charger la carte des parkings gratuits et payants de la Villa de La Orotava T\u00c9L\u00c9CHARGER votre carte GRATUITE de la Ville de La Orotava &#8211; Concejal\u00eda de Turismo y Museos Vous pouvez \u00e9galement le demander \u00e0 l&#8217;Office municipal d&#8217;information et de tourisme @TurismoLaOrotava #VisitLaOrotava (en espagnol). Facebook Twitter<\/p>\n","protected":false},"author":3,"featured_media":701,"parent":0,"menu_order":0,"comment_status":"closed","ping_status":"closed","template":"","meta":{"_acf_changed":false,"ocean_post_layout":"","ocean_both_sidebars_style":"","ocean_both_sidebars_content_width":0,"ocean_both_sidebars_sidebars_width":0,"ocean_sidebar":"0","ocean_second_sidebar":"0","ocean_disable_margins":"enable","ocean_add_body_class":"","ocean_shortcode_before_top_bar":"","ocean_shortcode_after_top_bar":"","ocean_shortcode_before_header":"","ocean_shortcode_after_header":"","ocean_has_shortcode":"","ocean_shortcode_after_title":"","ocean_shortcode_before_footer_widgets":"","ocean_shortcode_after_footer_widgets":"","ocean_shortcode_before_footer_bottom":"","ocean_shortcode_after_footer_bottom":"","ocean_display_top_bar":"default","ocean_display_header":"default","ocean_header_style":"","ocean_center_header_left_menu":"0","ocean_custom_header_template":"0","ocean_custom_logo":0,"ocean_custom_retina_logo":0,"ocean_custom_logo_max_width":0,"ocean_custom_logo_tablet_max_width":0,"ocean_custom_logo_mobile_max_width":0,"ocean_custom_logo_max_height":0,"ocean_custom_logo_tablet_max_height":0,"ocean_custom_logo_mobile_max_height":0,"ocean_header_custom_menu":"0","ocean_menu_typo_font_family":"0","ocean_menu_typo_font_subset":"","ocean_menu_typo_font_size":0,"ocean_menu_typo_font_size_tablet":0,"ocean_menu_typo_font_size_mobile":0,"ocean_menu_typo_font_size_unit":"px","ocean_menu_typo_font_weight":"","ocean_menu_typo_font_weight_tablet":"","ocean_menu_typo_font_weight_mobile":"","ocean_menu_typo_transform":"","ocean_menu_typo_transform_tablet":"","ocean_menu_typo_transform_mobile":"","ocean_menu_typo_line_height":0,"ocean_menu_typo_line_height_tablet":0,"ocean_menu_typo_line_height_mobile":0,"ocean_menu_typo_line_height_unit":"","ocean_menu_typo_spacing":0,"ocean_menu_typo_spacing_tablet":0,"ocean_menu_typo_spacing_mobile":0,"ocean_menu_typo_spacing_unit":"","ocean_menu_link_color":"","ocean_menu_link_color_hover":"","ocean_menu_link_color_active":"","ocean_menu_link_background":"","ocean_menu_link_hover_background":"","ocean_menu_link_active_background":"","ocean_menu_social_links_bg":"","ocean_menu_social_hover_links_bg":"","ocean_menu_social_links_color":"","ocean_menu_social_hover_links_color":"","ocean_disable_title":"default","ocean_disable_heading":"on","ocean_post_title":"","ocean_post_subheading":"","ocean_post_title_style":"","ocean_post_title_background_color":"","ocean_post_title_background":0,"ocean_post_title_bg_image_position":"","ocean_post_title_bg_image_attachment":"","ocean_post_title_bg_image_repeat":"","ocean_post_title_bg_image_size":"","ocean_post_title_height":0,"ocean_post_title_bg_overlay":0.5,"ocean_post_title_bg_overlay_color":"","ocean_disable_breadcrumbs":"default","ocean_breadcrumbs_color":"","ocean_breadcrumbs_separator_color":"","ocean_breadcrumbs_links_color":"","ocean_breadcrumbs_links_hover_color":"","ocean_display_footer_widgets":"default","ocean_display_footer_bottom":"default","ocean_custom_footer_template":"0","footnotes":""},"class_list":["post-705","page","type-page","status-publish","has-post-thumbnail","hentry","entry","has-media"],"acf":[],"yoast_head":"<!-- This site is optimized with the Yoast SEO plugin v27.2 - https:\/\/yoast.com\/product\/yoast-seo-wordpress\/ -->\n<title>En Voiture - Web de Turismo del Ayuntamiento de La Orotava<\/title>\n<meta name=\"robots\" content=\"index, follow, max-snippet:-1, max-image-preview:large, max-video-preview:-1\" \/>\n<link rel=\"canonical\" href=\"https:\/\/www.laorotava.es\/turismo\/fr\/en-voiture\/\" \/>\n<meta property=\"og:locale\" content=\"es_ES\" \/>\n<meta property=\"og:type\" content=\"article\" \/>\n<meta property=\"og:title\" content=\"En Voiture - Web de Turismo del Ayuntamiento de La Orotava\" \/>\n<meta property=\"og:description\" content=\"En Voiture T\u00e9l\u00e9charger la carte des parkings gratuits et payants de la Villa de La Orotava T\u00c9L\u00c9CHARGER votre carte GRATUITE de la Ville de La Orotava &#8211; Concejal\u00eda de Turismo y Museos Vous pouvez \u00e9galement le demander \u00e0 l&#8217;Office municipal d&#8217;information et de tourisme @TurismoLaOrotava #VisitLaOrotava (en espagnol). Facebook Twitter\" \/>\n<meta property=\"og:url\" content=\"https:\/\/www.laorotava.es\/turismo\/fr\/en-voiture\/\" \/>\n<meta property=\"og:site_name\" content=\"Web de Turismo del Ayuntamiento de La Orotava\" \/>\n<meta property=\"article:publisher\" content=\"https:\/\/www.facebook.com\/TurismoLaOrotava\/\" \/>\n<meta property=\"article:modified_time\" content=\"2023-03-10T10:45:39+00:00\" \/>\n<meta property=\"og:image\" content=\"https:\/\/www.laorotava.es\/turismo\/wp-content\/uploads\/2017\/07\/mapa_parkings_free_y_de_pago.jpg\" \/>\n\t<meta property=\"og:image:width\" content=\"849\" \/>\n\t<meta property=\"og:image:height\" content=\"1200\" \/>\n\t<meta property=\"og:image:type\" content=\"image\/jpeg\" \/>\n<meta name=\"twitter:card\" content=\"summary_large_image\" \/>\n<meta name=\"twitter:site\" content=\"@LaOrotava\" \/>\n<script type=\"application\/ld+json\" class=\"yoast-schema-graph\">{\"@context\":\"https:\/\/schema.org\",\"@graph\":[{\"@type\":\"WebPage\",\"@id\":\"https:\/\/www.laorotava.es\/turismo\/fr\/en-voiture\/\",\"url\":\"https:\/\/www.laorotava.es\/turismo\/fr\/en-voiture\/\",\"name\":\"En Voiture - Web de Turismo del Ayuntamiento de La Orotava\",\"isPartOf\":{\"@id\":\"https:\/\/www.laorotava.es\/turismo\/#website\"},\"primaryImageOfPage\":{\"@id\":\"https:\/\/www.laorotava.es\/turismo\/fr\/en-voiture\/#primaryimage\"},\"image\":{\"@id\":\"https:\/\/www.laorotava.es\/turismo\/fr\/en-voiture\/#primaryimage\"},\"thumbnailUrl\":\"https:\/\/www.laorotava.es\/turismo\/wp-content\/uploads\/2017\/07\/mapa_parkings_free_y_de_pago.jpg\",\"datePublished\":\"2017-07-21T16:15:42+00:00\",\"dateModified\":\"2023-03-10T10:45:39+00:00\",\"breadcrumb\":{\"@id\":\"https:\/\/www.laorotava.es\/turismo\/fr\/en-voiture\/#breadcrumb\"},\"inLanguage\":\"es\",\"potentialAction\":[{\"@type\":\"ReadAction\",\"target\":[\"https:\/\/www.laorotava.es\/turismo\/fr\/en-voiture\/\"]}]},{\"@type\":\"ImageObject\",\"inLanguage\":\"es\",\"@id\":\"https:\/\/www.laorotava.es\/turismo\/fr\/en-voiture\/#primaryimage\",\"url\":\"https:\/\/www.laorotava.es\/turismo\/wp-content\/uploads\/2017\/07\/mapa_parkings_free_y_de_pago.jpg\",\"contentUrl\":\"https:\/\/www.laorotava.es\/turismo\/wp-content\/uploads\/2017\/07\/mapa_parkings_free_y_de_pago.jpg\",\"width\":849,\"height\":1200},{\"@type\":\"BreadcrumbList\",\"@id\":\"https:\/\/www.laorotava.es\/turismo\/fr\/en-voiture\/#breadcrumb\",\"itemListElement\":[{\"@type\":\"ListItem\",\"position\":1,\"name\":\"Portada\",\"item\":\"https:\/\/www.laorotava.es\/turismo\/\"},{\"@type\":\"ListItem\",\"position\":2,\"name\":\"En Voiture\"}]},{\"@type\":\"WebSite\",\"@id\":\"https:\/\/www.laorotava.es\/turismo\/#website\",\"url\":\"https:\/\/www.laorotava.es\/turismo\/\",\"name\":\"Web de Turismo del Ayuntamiento de La Orotava\",\"description\":\"\",\"publisher\":{\"@id\":\"https:\/\/www.laorotava.es\/turismo\/#organization\"},\"potentialAction\":[{\"@type\":\"SearchAction\",\"target\":{\"@type\":\"EntryPoint\",\"urlTemplate\":\"https:\/\/www.laorotava.es\/turismo\/?s={search_term_string}\"},\"query-input\":{\"@type\":\"PropertyValueSpecification\",\"valueRequired\":true,\"valueName\":\"search_term_string\"}}],\"inLanguage\":\"es\"},{\"@type\":\"Organization\",\"@id\":\"https:\/\/www.laorotava.es\/turismo\/#organization\",\"name\":\"Ayuntamiento de La Orotava\",\"url\":\"https:\/\/www.laorotava.es\/turismo\/\",\"logo\":{\"@type\":\"ImageObject\",\"inLanguage\":\"es\",\"@id\":\"https:\/\/www.laorotava.es\/turismo\/#\/schema\/logo\/image\/\",\"url\":\"https:\/\/www.laorotava.es\/turismo\/wp-content\/uploads\/2022\/08\/logo.png\",\"contentUrl\":\"https:\/\/www.laorotava.es\/turismo\/wp-content\/uploads\/2022\/08\/logo.png\",\"width\":1195,\"height\":180,\"caption\":\"Ayuntamiento de La Orotava\"},\"image\":{\"@id\":\"https:\/\/www.laorotava.es\/turismo\/#\/schema\/logo\/image\/\"},\"sameAs\":[\"https:\/\/www.facebook.com\/TurismoLaOrotava\/\",\"https:\/\/x.com\/LaOrotava\"]}]}<\/script>\n<!-- \/ Yoast SEO plugin. -->","yoast_head_json":{"title":"En Voiture - Web de Turismo del Ayuntamiento de La Orotava","robots":{"index":"index","follow":"follow","max-snippet":"max-snippet:-1","max-image-preview":"max-image-preview:large","max-video-preview":"max-video-preview:-1"},"canonical":"https:\/\/www.laorotava.es\/turismo\/fr\/en-voiture\/","og_locale":"es_ES","og_type":"article","og_title":"En Voiture - Web de Turismo del Ayuntamiento de La Orotava","og_description":"En Voiture T\u00e9l\u00e9charger la carte des parkings gratuits et payants de la Villa de La Orotava T\u00c9L\u00c9CHARGER votre carte GRATUITE de la Ville de La Orotava &#8211; Concejal\u00eda de Turismo y Museos Vous pouvez \u00e9galement le demander \u00e0 l&#8217;Office municipal d&#8217;information et de tourisme @TurismoLaOrotava #VisitLaOrotava (en espagnol). Facebook Twitter","og_url":"https:\/\/www.laorotava.es\/turismo\/fr\/en-voiture\/","og_site_name":"Web de Turismo del Ayuntamiento de La Orotava","article_publisher":"https:\/\/www.facebook.com\/TurismoLaOrotava\/","article_modified_time":"2023-03-10T10:45:39+00:00","og_image":[{"width":849,"height":1200,"url":"https:\/\/www.laorotava.es\/turismo\/wp-content\/uploads\/2017\/07\/mapa_parkings_free_y_de_pago.jpg","type":"image\/jpeg"}],"twitter_card":"summary_large_image","twitter_site":"@LaOrotava","schema":{"@context":"https:\/\/schema.org","@graph":[{"@type":"WebPage","@id":"https:\/\/www.laorotava.es\/turismo\/fr\/en-voiture\/","url":"https:\/\/www.laorotava.es\/turismo\/fr\/en-voiture\/","name":"En Voiture - Web de Turismo del Ayuntamiento de La Orotava","isPartOf":{"@id":"https:\/\/www.laorotava.es\/turismo\/#website"},"primaryImageOfPage":{"@id":"https:\/\/www.laorotava.es\/turismo\/fr\/en-voiture\/#primaryimage"},"image":{"@id":"https:\/\/www.laorotava.es\/turismo\/fr\/en-voiture\/#primaryimage"},"thumbnailUrl":"https:\/\/www.laorotava.es\/turismo\/wp-content\/uploads\/2017\/07\/mapa_parkings_free_y_de_pago.jpg","datePublished":"2017-07-21T16:15:42+00:00","dateModified":"2023-03-10T10:45:39+00:00","breadcrumb":{"@id":"https:\/\/www.laorotava.es\/turismo\/fr\/en-voiture\/#breadcrumb"},"inLanguage":"es","potentialAction":[{"@type":"ReadAction","target":["https:\/\/www.laorotava.es\/turismo\/fr\/en-voiture\/"]}]},{"@type":"ImageObject","inLanguage":"es","@id":"https:\/\/www.laorotava.es\/turismo\/fr\/en-voiture\/#primaryimage","url":"https:\/\/www.laorotava.es\/turismo\/wp-content\/uploads\/2017\/07\/mapa_parkings_free_y_de_pago.jpg","contentUrl":"https:\/\/www.laorotava.es\/turismo\/wp-content\/uploads\/2017\/07\/mapa_parkings_free_y_de_pago.jpg","width":849,"height":1200},{"@type":"BreadcrumbList","@id":"https:\/\/www.laorotava.es\/turismo\/fr\/en-voiture\/#breadcrumb","itemListElement":[{"@type":"ListItem","position":1,"name":"Portada","item":"https:\/\/www.laorotava.es\/turismo\/"},{"@type":"ListItem","position":2,"name":"En Voiture"}]},{"@type":"WebSite","@id":"https:\/\/www.laorotava.es\/turismo\/#website","url":"https:\/\/www.laorotava.es\/turismo\/","name":"Web de Turismo del Ayuntamiento de La Orotava","description":"","publisher":{"@id":"https:\/\/www.laorotava.es\/turismo\/#organization"},"potentialAction":[{"@type":"SearchAction","target":{"@type":"EntryPoint","urlTemplate":"https:\/\/www.laorotava.es\/turismo\/?s={search_term_string}"},"query-input":{"@type":"PropertyValueSpecification","valueRequired":true,"valueName":"search_term_string"}}],"inLanguage":"es"},{"@type":"Organization","@id":"https:\/\/www.laorotava.es\/turismo\/#organization","name":"Ayuntamiento de La Orotava","url":"https:\/\/www.laorotava.es\/turismo\/","logo":{"@type":"ImageObject","inLanguage":"es","@id":"https:\/\/www.laorotava.es\/turismo\/#\/schema\/logo\/image\/","url":"https:\/\/www.laorotava.es\/turismo\/wp-content\/uploads\/2022\/08\/logo.png","contentUrl":"https:\/\/www.laorotava.es\/turismo\/wp-content\/uploads\/2022\/08\/logo.png","width":1195,"height":180,"caption":"Ayuntamiento de La Orotava"},"image":{"@id":"https:\/\/www.laorotava.es\/turismo\/#\/schema\/logo\/image\/"},"sameAs":["https:\/\/www.facebook.com\/TurismoLaOrotava\/","https:\/\/x.com\/LaOrotava"]}]}},"_links":{"self":[{"href":"https:\/\/www.laorotava.es\/turismo\/wp-json\/wp\/v2\/pages\/705","targetHints":{"allow":["GET"]}}],"collection":[{"href":"https:\/\/www.laorotava.es\/turismo\/wp-json\/wp\/v2\/pages"}],"about":[{"href":"https:\/\/www.laorotava.es\/turismo\/wp-json\/wp\/v2\/types\/page"}],"author":[{"embeddable":true,"href":"https:\/\/www.laorotava.es\/turismo\/wp-json\/wp\/v2\/users\/3"}],"replies":[{"embeddable":true,"href":"https:\/\/www.laorotava.es\/turismo\/wp-json\/wp\/v2\/comments?post=705"}],"version-history":[{"count":12,"href":"https:\/\/www.laorotava.es\/turismo\/wp-json\/wp\/v2\/pages\/705\/revisions"}],"predecessor-version":[{"id":1015820,"href":"https:\/\/www.laorotava.es\/turismo\/wp-json\/wp\/v2\/pages\/705\/revisions\/1015820"}],"wp:featuredmedia":[{"embeddable":true,"href":"https:\/\/www.laorotava.es\/turismo\/wp-json\/wp\/v2\/media\/701"}],"wp:attachment":[{"href":"https:\/\/www.laorotava.es\/turismo\/wp-json\/wp\/v2\/media?parent=705"}],"curies":[{"name":"wp","href":"https:\/\/api.w.org\/{rel}","templated":true}]}}